{"id":9581,"date":"2026-01-23T07:09:32","date_gmt":"2026-01-23T07:09:32","guid":{"rendered":"https:\/\/bidonsenshakers.shop.hidalgo.nl\/startseite\/"},"modified":"2026-02-09T13:31:42","modified_gmt":"2026-02-09T13:31:42","slug":"startseite","status":"publish","type":"page","link":"https:\/\/bidonsenshakers.nl\/de\/","title":{"rendered":"Startseite"},"content":{"rendered":"","protected":false},"excerpt":{"rendered":"","protected":false},"author":1,"featured_media":0,"parent":0,"menu_order":0,"comment_status":"closed","ping_status":"closed","template":"","meta":{"_acf_changed":false,"om_disable_all_campaigns":false,"_monsterinsights_skip_tracking":false,"_monsterinsights_sitenote_active":false,"_monsterinsights_sitenote_note":"","_monsterinsights_sitenote_category":0,"footnotes":""},"class_list":["post-9581","page","type-page","status-publish","hentry","entry"],"acf":{"s1_hero_content_list":[{"s1_hero_content_list_image":{"ID":224,"id":224,"title":"banner-Bidons","filename":"banner-Bidons.jpg","filesize":176877,"url":"https:\/\/shop.hidalgo.nl\/wp-content\/uploads\/2026\/01\/banner-Bidons.jpg","link":"https:\/\/bidonsenshakers.nl\/de\/startseite\/banner-bidons-2\/","alt":"","author":"6","description":"#image_title","caption":"#image_title","name":"banner-bidons-2","status":"inherit","uploaded_to":9581,"date":"2026-01-26 08:35:01","modified":"2026-01-26 14:43:02","menu_order":0,"mime_type":"image\/jpeg","type":"image","subtype":"jpeg","icon":"https:\/\/bidonsenshakers.nl\/wp-includes\/images\/media\/default.png","width":1057,"height":492,"sizes":{"thumbnail":"https:\/\/shop.hidalgo.nl\/wp-content\/uploads\/2026\/01\/banner-Bidons-150x150.jpg","thumbnail-width":150,"thumbnail-height":150,"medium":"https:\/\/shop.hidalgo.nl\/wp-content\/uploads\/2026\/01\/banner-Bidons-300x140.jpg","medium-width":300,"medium-height":140,"medium_large":"https:\/\/shop.hidalgo.nl\/wp-content\/uploads\/2026\/01\/banner-Bidons-768x357.jpg","medium_large-width":750,"medium_large-height":349,"large":"https:\/\/shop.hidalgo.nl\/wp-content\/uploads\/2026\/01\/banner-Bidons-1024x477.jpg","large-width":750,"large-height":349,"1536x1536":"https:\/\/shop.hidalgo.nl\/wp-content\/uploads\/2026\/01\/banner-Bidons.jpg","1536x1536-width":1057,"1536x1536-height":492,"2048x2048":"https:\/\/shop.hidalgo.nl\/wp-content\/uploads\/2026\/01\/banner-Bidons.jpg","2048x2048-width":1057,"2048x2048-height":492,"post-thumbnail":"https:\/\/shop.hidalgo.nl\/wp-content\/uploads\/2026\/01\/banner-Bidons.jpg","post-thumbnail-width":1057,"post-thumbnail-height":492,"woocommerce_thumbnail":"https:\/\/shop.hidalgo.nl\/wp-content\/uploads\/2026\/01\/banner-Bidons-450x450.jpg","woocommerce_thumbnail-width":450,"woocommerce_thumbnail-height":450,"woocommerce_single":"https:\/\/shop.hidalgo.nl\/wp-content\/uploads\/2026\/01\/banner-Bidons-600x279.jpg","woocommerce_single-width":600,"woocommerce_single-height":279,"woocommerce_gallery_thumbnail":"https:\/\/shop.hidalgo.nl\/wp-content\/uploads\/2026\/01\/banner-Bidons-100x100.jpg","woocommerce_gallery_thumbnail-width":100,"woocommerce_gallery_thumbnail-height":100}},"s1_hero_content_list_title":"Trinkflaschen mit Ihrem eigenen Logo","s1_hero_content_list_button":""}],"s2_content_list":false,"s3_title":"Aktuelle Trends","s3_popular_category":[202,360,286],"s4_title":"Unsere Favoriten","s4_select_categories":[{"term_id":360,"name":"BIO","slug":"bio","term_group":0,"term_taxonomy_id":360,"taxonomy":"product_cat","description":"","parent":500,"count":179,"filter":"raw"},{"term_id":363,"name":"Mokken","slug":"mokken","term_group":0,"term_taxonomy_id":363,"taxonomy":"product_cat","description":"","parent":500,"count":102,"filter":"raw"},{"term_id":39,"name":"Tacx Bidons","slug":"tacx-bidons","term_group":0,"term_taxonomy_id":39,"taxonomy":"product_cat","description":"","parent":500,"count":14,"filter":"raw"},{"term_id":140,"name":"Lunchboxen &amp; Lunchpots","slug":"lunchboxen-lunchpots","term_group":0,"term_taxonomy_id":140,"taxonomy":"product_cat","description":"","parent":500,"count":68,"filter":"raw"}],"s5_title":"Unsere Marken","s5_select_brands":[{"term_id":190,"name":"Amuse","slug":"amuse","term_group":0,"term_taxonomy_id":190,"taxonomy":"product_brand","description":"","parent":0,"count":6,"filter":"raw"},{"term_id":160,"name":"Circulware","slug":"circulware","term_group":0,"term_taxonomy_id":160,"taxonomy":"product_brand","description":"","parent":0,"count":10,"filter":"raw"},{"term_id":292,"name":"Join the pipe","slug":"join-the-pipe","term_group":0,"term_taxonomy_id":292,"taxonomy":"product_brand","description":"","parent":0,"count":9,"filter":"raw"},{"term_id":121,"name":"Mepal","slug":"mepal","term_group":0,"term_taxonomy_id":121,"taxonomy":"product_brand","description":"","parent":0,"count":26,"filter":"raw"},{"term_id":218,"name":"Circular and co","slug":"circular-and-co","term_group":0,"term_taxonomy_id":218,"taxonomy":"product_brand","description":"","parent":0,"count":14,"filter":"raw"},{"term_id":150,"name":"Brabantia","slug":"brabantia","term_group":0,"term_taxonomy_id":150,"taxonomy":"product_brand","description":"","parent":0,"count":3,"filter":"raw"},{"term_id":294,"name":"BE O","slug":"be-o","term_group":0,"term_taxonomy_id":294,"taxonomy":"product_brand","description":"","parent":0,"count":3,"filter":"raw"},{"term_id":231,"name":"Kambukka","slug":"kambukka","term_group":0,"term_taxonomy_id":231,"taxonomy":"product_brand","description":"","parent":0,"count":11,"filter":"raw"},{"term_id":45,"name":"TACX","slug":"tacx","term_group":0,"term_taxonomy_id":45,"taxonomy":"product_brand","description":"","parent":0,"count":14,"filter":"raw"},{"term_id":228,"name":"Klean Kanteen","slug":"klean-kanteen","term_group":0,"term_taxonomy_id":228,"taxonomy":"product_brand","description":"","parent":0,"count":7,"filter":"raw"},{"term_id":220,"name":"Contigo","slug":"contigo","term_group":0,"term_taxonomy_id":220,"taxonomy":"product_brand","description":"","parent":0,"count":27,"filter":"raw"}],"s6_title":"","s6_select_popular_category":false,"s7_left_image":{"ID":14411,"id":14411,"title":"showroom-bidons","filename":"showroom-bidons-1.jpg","filesize":588987,"url":"https:\/\/shop.hidalgo.nl\/wp-content\/uploads\/2026\/02\/showroom-bidons-1.jpg","link":"https:\/\/bidonsenshakers.nl\/de\/startseite\/showroom-bidons-2\/","alt":"","author":"6","description":"#image_title","caption":"#image_title","name":"showroom-bidons-2","status":"inherit","uploaded_to":9581,"date":"2026-02-05 10:01:11","modified":"2026-02-05 10:01:11","menu_order":0,"mime_type":"image\/jpeg","type":"image","subtype":"jpeg","icon":"https:\/\/bidonsenshakers.nl\/wp-includes\/images\/media\/default.png","width":898,"height":600,"sizes":{"thumbnail":"https:\/\/shop.hidalgo.nl\/wp-content\/uploads\/2026\/02\/showroom-bidons-1-150x150.jpg","thumbnail-width":150,"thumbnail-height":150,"medium":"https:\/\/shop.hidalgo.nl\/wp-content\/uploads\/2026\/02\/showroom-bidons-1-300x200.jpg","medium-width":300,"medium-height":200,"medium_large":"https:\/\/shop.hidalgo.nl\/wp-content\/uploads\/2026\/02\/showroom-bidons-1-768x513.jpg","medium_large-width":750,"medium_large-height":501,"large":"https:\/\/shop.hidalgo.nl\/wp-content\/uploads\/2026\/02\/showroom-bidons-1.jpg","large-width":750,"large-height":501,"1536x1536":"https:\/\/shop.hidalgo.nl\/wp-content\/uploads\/2026\/02\/showroom-bidons-1.jpg","1536x1536-width":898,"1536x1536-height":600,"2048x2048":"https:\/\/shop.hidalgo.nl\/wp-content\/uploads\/2026\/02\/showroom-bidons-1.jpg","2048x2048-width":898,"2048x2048-height":600,"post-thumbnail":"https:\/\/shop.hidalgo.nl\/wp-content\/uploads\/2026\/02\/showroom-bidons-1.jpg","post-thumbnail-width":898,"post-thumbnail-height":600,"woocommerce_thumbnail":"https:\/\/shop.hidalgo.nl\/wp-content\/uploads\/2026\/02\/showroom-bidons-1-450x450.jpg","woocommerce_thumbnail-width":450,"woocommerce_thumbnail-height":450,"woocommerce_single":"https:\/\/shop.hidalgo.nl\/wp-content\/uploads\/2026\/02\/showroom-bidons-1-600x401.jpg","woocommerce_single-width":600,"woocommerce_single-height":401,"woocommerce_gallery_thumbnail":"https:\/\/shop.hidalgo.nl\/wp-content\/uploads\/2026\/02\/showroom-bidons-1-100x100.jpg","woocommerce_gallery_thumbnail-width":100,"woocommerce_gallery_thumbnail-height":100}},"s7_right_content_list":[{"s7_right_content_list_title":"Hidalgo Bags & More","s7_right_content_list_content":"<p>Hidalgo Bags & More gibt es seit 1993 und ist spezialisiert auf Taschen, Trinkflaschen & Shaker sowie Sporthandt\u00fccher. Unser Hauptsitz befindet sich in den Niederlanden. Hier ber\u00e4t Sie unser Vertriebsteam, unsere Grafikabteilung entwirft die Produkte und wir freuen uns, Sie in unserem Showroom begr\u00fc\u00dfen zu d\u00fcrfen. In den Anfangsjahren war Hidalgo nur auf dem niederl\u00e4ndischen Markt aktiv, heute arbeiten wir mit \u00fcber 1.800 Kunden in 16 L\u00e4ndern zusammen.<\/p>\n"},{"s7_right_content_list_title":"Kreativit\u00e4t","s7_right_content_list_content":"<p>Alles beginnt mit Ihrer Idee, aber wir freuen uns darauf, gemeinsam mit Ihnen Ideen zu entwickeln. Unsere Grafikdesigner visualisieren Ihre Idee und schlagen Ihnen interessante Alternativen zur Produktoptimierung vor. Wir pr\u00fcfen die Ma\u00dfe, bestimmen die optimale Position f\u00fcr Ihr Logo und vieles mehr. Design und Produktion sind unsere Leidenschaft. So k\u00f6nnen wir uns von der Konkurrenz abheben.<\/p>\n"},{"s7_right_content_list_title":"Spezialisierung","s7_right_content_list_content":"<p>Spezialisierung erwirbt man nicht \u00fcber Nacht. Unser Unternehmen wurde 1993 gegr\u00fcndet und wir lernen jeden Tag dazu. Wir sind spezialisiert auf Taschen, Handt\u00fccher, Wasserflaschen und Shaker. Diese drei Produktgruppen produzieren wir entweder selbst oder in Zusammenarbeit mit spezialisierten und exklusiven Partnern. Gerne beraten wir Sie kostenlos und entwickeln gemeinsam mit Ihnen neue Ideen.<\/p>\n"}]},"aioseo_notices":[],"aioseo_head":"\n\t\t<!-- All in One SEO Pro 4.9.5.2 - aioseo.com -->\n\t<meta name=\"description\" content=\"Trinkflaschen und Shaker mit Logo bedrucken? Bestellen Sie Sporttrinkflaschen und Shaker in kleinen und gro\u00dfen Auflagen. Kostenloses Design, schnelle Lieferung \u00fcber Hidalgo.\" \/>\n\t<meta name=\"robots\" content=\"max-image-preview:large\" \/>\n\t<meta name=\"google-site-verification\" content=\"BBMiYHShnVBoc8v9xoHf0FXMC27otVB0wiWxw_hFRrM\" \/>\n\t<link rel=\"canonical\" href=\"https:\/\/bidonsenshakers.nl\/de\/wp-json\/wp\/v2\/pages\/9581\" \/>\n\t<meta name=\"generator\" content=\"All in One SEO Pro (AIOSEO) 4.9.5.2\" \/>\n\t\t<meta property=\"og:locale\" content=\"de_DE\" \/>\n\t\t<meta property=\"og:site_name\" content=\"Trinkflaschen &amp; Shakers - Trinkflaschen &amp; Shakers\" \/>\n\t\t<meta property=\"og:type\" content=\"article\" \/>\n\t\t<meta property=\"og:title\" content=\"Trinkflaschen und Shaker mit Logo bedrucken | Hidalgo\" \/>\n\t\t<meta property=\"og:description\" content=\"Trinkflaschen und Shaker mit Logo bedrucken? Bestellen Sie Sporttrinkflaschen und Shaker in kleinen und gro\u00dfen Auflagen. Kostenloses Design, schnelle Lieferung \u00fcber Hidalgo.\" \/>\n\t\t<meta property=\"og:url\" content=\"https:\/\/bidonsenshakers.nl\/de\/wp-json\/wp\/v2\/pages\/9581\" \/>\n\t\t<meta property=\"og:image\" content=\"https:\/\/shop.hidalgo.nl\/wp-content\/uploads\/2026\/01\/cropped-Logo.png\" \/>\n\t\t<meta property=\"og:image:secure_url\" content=\"https:\/\/shop.hidalgo.nl\/wp-content\/uploads\/2026\/01\/cropped-Logo.png\" \/>\n\t\t<meta property=\"article:published_time\" content=\"2026-01-23T07:09:32+00:00\" \/>\n\t\t<meta property=\"article:modified_time\" content=\"2026-02-09T13:31:42+00:00\" \/>\n\t\t<meta property=\"article:publisher\" content=\"https:\/\/www.facebook.com\/hidalgobagsandmore\/\" \/>\n\t\t<meta name=\"twitter:card\" content=\"summary_large_image\" \/>\n\t\t<meta name=\"twitter:site\" content=\"@Hidalgo_BV\" \/>\n\t\t<meta name=\"twitter:title\" content=\"Trinkflaschen und Shaker mit Logo bedrucken | Hidalgo\" \/>\n\t\t<meta name=\"twitter:description\" content=\"Trinkflaschen und Shaker mit Logo bedrucken? Bestellen Sie Sporttrinkflaschen und Shaker in kleinen und gro\u00dfen Auflagen. Kostenloses Design, schnelle Lieferung \u00fcber Hidalgo.\" \/>\n\t\t<meta name=\"twitter:creator\" content=\"@Hidalgo_BV\" \/>\n\t\t<meta name=\"twitter:image\" content=\"https:\/\/shop.hidalgo.nl\/wp-content\/uploads\/2026\/01\/cropped-Logo.png\" \/>\n\t\t<script type=\"application\/ld+json\" class=\"aioseo-schema\">\n\t\t\t{\"@context\":\"https:\\\/\\\/schema.org\",\"@graph\":[{\"@type\":\"BreadcrumbList\",\"@id\":\"https:\\\/\\\/bidonsenshakers.nl\\\/de\\\/#breadcrumblist\",\"itemListElement\":[{\"@type\":\"ListItem\",\"@id\":\"https:\\\/\\\/bidonsenshakers.nl\\\/de\\\/#listItem\",\"position\":1,\"name\":\"Home\",\"item\":\"https:\\\/\\\/bidonsenshakers.nl\\\/de\\\/\",\"nextItem\":{\"@type\":\"ListItem\",\"@id\":\"https:\\\/\\\/bidonsenshakers.nl\\\/de\\\/#listItem\",\"name\":\"Startseite\"}},{\"@type\":\"ListItem\",\"@id\":\"https:\\\/\\\/bidonsenshakers.nl\\\/de\\\/#listItem\",\"position\":2,\"name\":\"Startseite\",\"previousItem\":{\"@type\":\"ListItem\",\"@id\":\"https:\\\/\\\/bidonsenshakers.nl\\\/de\\\/#listItem\",\"name\":\"Home\"}}]},{\"@type\":\"LocalBusiness\",\"@id\":\"https:\\\/\\\/bidonsenshakers.nl\\\/de\\\/#localbusiness\",\"name\":\"Trinkflaschen & Shakers\",\"brand\":{\"@id\":\"https:\\\/\\\/bidonsenshakers.nl\\\/de\\\/#organization\"},\"url\":\"https:\\\/\\\/bidonsenshakers.nl\\\/de\\\/\",\"image\":\"https:\\\/\\\/shop.hidalgo.nl\\\/wp-content\\\/uploads\\\/2026\\\/01\\\/cropped-Logo.png\",\"logo\":\"https:\\\/\\\/bidonsenshakers.nl\\\/de\\\/#logo\",\"telephone\":\"+31793310133\",\"openingHoursSpecification\":[{\"@type\":\"OpeningHoursSpecification\",\"dayOfWeek\":[\"https:\\\/\\\/schema.org\\\/Monday\"],\"opens\":\"09:00\",\"closes\":\"17:00\"},{\"@type\":\"OpeningHoursSpecification\",\"dayOfWeek\":[\"https:\\\/\\\/schema.org\\\/Tuesday\"],\"opens\":\"09:00\",\"closes\":\"17:00\"},{\"@type\":\"OpeningHoursSpecification\",\"dayOfWeek\":[\"https:\\\/\\\/schema.org\\\/Wednesday\"],\"opens\":\"09:00\",\"closes\":\"17:00\"},{\"@type\":\"OpeningHoursSpecification\",\"dayOfWeek\":[\"https:\\\/\\\/schema.org\\\/Thursday\"],\"opens\":\"09:00\",\"closes\":\"17:00\"},{\"@type\":\"OpeningHoursSpecification\",\"dayOfWeek\":[\"https:\\\/\\\/schema.org\\\/Friday\"],\"opens\":\"09:00\",\"closes\":\"17:00\"},{\"@type\":\"OpeningHoursSpecification\",\"dayOfWeek\":[\"https:\\\/\\\/schema.org\\\/Saturday\"],\"opens\":\"09:00\",\"closes\":\"17:00\"},{\"@type\":\"OpeningHoursSpecification\",\"dayOfWeek\":[\"https:\\\/\\\/schema.org\\\/Sunday\"],\"opens\":\"09:00\",\"closes\":\"17:00\"}]},{\"@type\":\"Organization\",\"@id\":\"https:\\\/\\\/bidonsenshakers.nl\\\/de\\\/#organization\",\"name\":\"Trinkflaschen & Shakers\",\"description\":\"Trinkflaschen & Shakers\",\"url\":\"https:\\\/\\\/bidonsenshakers.nl\\\/de\\\/\",\"telephone\":\"+31793310133\",\"logo\":{\"@type\":\"ImageObject\",\"url\":\"https:\\\/\\\/shop.hidalgo.nl\\\/wp-content\\\/uploads\\\/2026\\\/01\\\/cropped-Logo.png\",\"@id\":\"https:\\\/\\\/bidonsenshakers.nl\\\/de\\\/#organizationLogo\",\"width\":600,\"height\":243},\"image\":{\"@id\":\"https:\\\/\\\/bidonsenshakers.nl\\\/de\\\/#organizationLogo\"},\"sameAs\":[\"https:\\\/\\\/www.facebook.com\\\/hidalgobagsandmore\\\/\",\"https:\\\/\\\/x.com\\\/Hidalgo_BV\\\/status\\\/74021585866067968\",\"https:\\\/\\\/www.instagram.com\\\/hidalgobagsandmore\\\/#\",\"https:\\\/\\\/www.youtube.com\\\/@hidalgobagsandmore\",\"https:\\\/\\\/www.linkedin.com\\\/in\\\/rutgerblommers\\\/\"]},{\"@type\":\"WebPage\",\"@id\":\"https:\\\/\\\/bidonsenshakers.nl\\\/de\\\/#webpage\",\"url\":\"https:\\\/\\\/bidonsenshakers.nl\\\/de\\\/\",\"name\":\"Trinkflaschen und Shaker mit Logo bedrucken | Hidalgo\",\"description\":\"Trinkflaschen und Shaker mit Logo bedrucken? Bestellen Sie Sporttrinkflaschen und Shaker in kleinen und gro\\u00dfen Auflagen. Kostenloses Design, schnelle Lieferung \\u00fcber Hidalgo.\",\"inLanguage\":\"de-DE\",\"isPartOf\":{\"@id\":\"https:\\\/\\\/bidonsenshakers.nl\\\/de\\\/#website\"},\"breadcrumb\":{\"@id\":\"https:\\\/\\\/bidonsenshakers.nl\\\/de\\\/#breadcrumblist\"},\"datePublished\":\"2026-01-23T07:09:32+00:00\",\"dateModified\":\"2026-02-09T13:31:42+00:00\"},{\"@type\":\"WebSite\",\"@id\":\"https:\\\/\\\/bidonsenshakers.nl\\\/de\\\/#website\",\"url\":\"https:\\\/\\\/bidonsenshakers.nl\\\/de\\\/\",\"name\":\"Trinkflaschen & Shakers\",\"description\":\"Trinkflaschen & Shakers\",\"inLanguage\":\"de-DE\",\"publisher\":{\"@id\":\"https:\\\/\\\/bidonsenshakers.nl\\\/de\\\/#organization\"}}]}\n\t\t<\/script>\n\t\t<!-- All in One SEO Pro -->\r\n\t\t<title>Trinkflaschen und Shaker mit Logo bedrucken | Hidalgo<\/title>\n\n","aioseo_head_json":{"title":"Trinkflaschen und Shaker mit Logo bedrucken | Hidalgo","description":"Trinkflaschen und Shaker mit Logo bedrucken? Bestellen Sie Sporttrinkflaschen und Shaker in kleinen und gro\u00dfen Auflagen. Kostenloses Design, schnelle Lieferung \u00fcber Hidalgo.","canonical_url":"https:\/\/bidonsenshakers.nl\/de\/wp-json\/wp\/v2\/pages\/9581","robots":"max-image-preview:large","keywords":"","webmasterTools":{"google-site-verification":"BBMiYHShnVBoc8v9xoHf0FXMC27otVB0wiWxw_hFRrM","miscellaneous":""},"schema":{"@context":"https:\/\/schema.org","@graph":[{"@type":"BreadcrumbList","@id":"https:\/\/bidonsenshakers.nl\/de\/#breadcrumblist","itemListElement":[{"@type":"ListItem","@id":"https:\/\/bidonsenshakers.nl\/de\/#listItem","position":1,"name":"Home","item":"https:\/\/bidonsenshakers.nl\/de\/","nextItem":{"@type":"ListItem","@id":"https:\/\/bidonsenshakers.nl\/de\/#listItem","name":"Startseite"}},{"@type":"ListItem","@id":"https:\/\/bidonsenshakers.nl\/de\/#listItem","position":2,"name":"Startseite","previousItem":{"@type":"ListItem","@id":"https:\/\/bidonsenshakers.nl\/de\/#listItem","name":"Home"}}]},{"@type":"LocalBusiness","@id":"https:\/\/bidonsenshakers.nl\/de\/#localbusiness","name":"Trinkflaschen & Shakers","brand":{"@id":"https:\/\/bidonsenshakers.nl\/de\/#organization"},"url":"https:\/\/bidonsenshakers.nl\/de\/","image":"https:\/\/shop.hidalgo.nl\/wp-content\/uploads\/2026\/01\/cropped-Logo.png","logo":"https:\/\/bidonsenshakers.nl\/de\/#logo","telephone":"+31793310133","openingHoursSpecification":[{"@type":"OpeningHoursSpecification","dayOfWeek":["https:\/\/schema.org\/Monday"],"opens":"09:00","closes":"17:00"},{"@type":"OpeningHoursSpecification","dayOfWeek":["https:\/\/schema.org\/Tuesday"],"opens":"09:00","closes":"17:00"},{"@type":"OpeningHoursSpecification","dayOfWeek":["https:\/\/schema.org\/Wednesday"],"opens":"09:00","closes":"17:00"},{"@type":"OpeningHoursSpecification","dayOfWeek":["https:\/\/schema.org\/Thursday"],"opens":"09:00","closes":"17:00"},{"@type":"OpeningHoursSpecification","dayOfWeek":["https:\/\/schema.org\/Friday"],"opens":"09:00","closes":"17:00"},{"@type":"OpeningHoursSpecification","dayOfWeek":["https:\/\/schema.org\/Saturday"],"opens":"09:00","closes":"17:00"},{"@type":"OpeningHoursSpecification","dayOfWeek":["https:\/\/schema.org\/Sunday"],"opens":"09:00","closes":"17:00"}]},{"@type":"Organization","@id":"https:\/\/bidonsenshakers.nl\/de\/#organization","name":"Trinkflaschen & Shakers","description":"Trinkflaschen & Shakers","url":"https:\/\/bidonsenshakers.nl\/de\/","telephone":"+31793310133","logo":{"@type":"ImageObject","url":"https:\/\/shop.hidalgo.nl\/wp-content\/uploads\/2026\/01\/cropped-Logo.png","@id":"https:\/\/bidonsenshakers.nl\/de\/#organizationLogo","width":600,"height":243},"image":{"@id":"https:\/\/bidonsenshakers.nl\/de\/#organizationLogo"},"sameAs":["https:\/\/www.facebook.com\/hidalgobagsandmore\/","https:\/\/x.com\/Hidalgo_BV\/status\/74021585866067968","https:\/\/www.instagram.com\/hidalgobagsandmore\/#","https:\/\/www.youtube.com\/@hidalgobagsandmore","https:\/\/www.linkedin.com\/in\/rutgerblommers\/"]},{"@type":"WebPage","@id":"https:\/\/bidonsenshakers.nl\/de\/#webpage","url":"https:\/\/bidonsenshakers.nl\/de\/","name":"Trinkflaschen und Shaker mit Logo bedrucken | Hidalgo","description":"Trinkflaschen und Shaker mit Logo bedrucken? Bestellen Sie Sporttrinkflaschen und Shaker in kleinen und gro\u00dfen Auflagen. Kostenloses Design, schnelle Lieferung \u00fcber Hidalgo.","inLanguage":"de-DE","isPartOf":{"@id":"https:\/\/bidonsenshakers.nl\/de\/#website"},"breadcrumb":{"@id":"https:\/\/bidonsenshakers.nl\/de\/#breadcrumblist"},"datePublished":"2026-01-23T07:09:32+00:00","dateModified":"2026-02-09T13:31:42+00:00"},{"@type":"WebSite","@id":"https:\/\/bidonsenshakers.nl\/de\/#website","url":"https:\/\/bidonsenshakers.nl\/de\/","name":"Trinkflaschen & Shakers","description":"Trinkflaschen & Shakers","inLanguage":"de-DE","publisher":{"@id":"https:\/\/bidonsenshakers.nl\/de\/#organization"}}]},"og:locale":"de_DE","og:site_name":"Trinkflaschen &amp; Shakers - Trinkflaschen &amp; Shakers","og:type":"article","og:title":"Trinkflaschen und Shaker mit Logo bedrucken | Hidalgo","og:description":"Trinkflaschen und Shaker mit Logo bedrucken? Bestellen Sie Sporttrinkflaschen und Shaker in kleinen und gro\u00dfen Auflagen. Kostenloses Design, schnelle Lieferung \u00fcber Hidalgo.","og:url":"https:\/\/bidonsenshakers.nl\/de\/wp-json\/wp\/v2\/pages\/9581","og:image":"https:\/\/shop.hidalgo.nl\/wp-content\/uploads\/2026\/01\/cropped-Logo.png","og:image:secure_url":"https:\/\/shop.hidalgo.nl\/wp-content\/uploads\/2026\/01\/cropped-Logo.png","article:published_time":"2026-01-23T07:09:32+00:00","article:modified_time":"2026-02-09T13:31:42+00:00","article:publisher":"https:\/\/www.facebook.com\/hidalgobagsandmore\/","twitter:card":"summary_large_image","twitter:site":"@Hidalgo_BV","twitter:title":"Trinkflaschen und Shaker mit Logo bedrucken | Hidalgo","twitter:description":"Trinkflaschen und Shaker mit Logo bedrucken? Bestellen Sie Sporttrinkflaschen und Shaker in kleinen und gro\u00dfen Auflagen. Kostenloses Design, schnelle Lieferung \u00fcber Hidalgo.","twitter:creator":"@Hidalgo_BV","twitter:image":"https:\/\/shop.hidalgo.nl\/wp-content\/uploads\/2026\/01\/cropped-Logo.png"},"aioseo_meta_data":{"post_id":"9581","title":"Trinkflaschen und Shaker mit Logo bedrucken | Hidalgo","description":"Trinkflaschen und Shaker mit Logo bedrucken? Bestellen Sie Sporttrinkflaschen und Shaker in kleinen und gro\u00dfen Auflagen. Kostenloses Design, schnelle Lieferung \u00fcber Hidalgo.","keywords":null,"keyphrases":{"focus":{"keyphrase":"bidons en shakers bedrukken","score":100,"analysis":{"keyphraseInTitle":{"score":9,"maxScore":9,"error":0},"keyphraseInDescription":{"score":9,"maxScore":9,"error":0},"keyphraseLength":{"score":9,"maxScore":9,"error":0,"length":4}}},"additional":[]},"canonical_url":null,"og_title":null,"og_description":null,"og_object_type":"default","og_image_type":"default","og_image_custom_url":null,"og_image_custom_fields":null,"og_custom_image_width":null,"og_custom_image_height":null,"og_video":"","og_custom_url":null,"og_article_section":null,"og_article_tags":null,"twitter_use_og":false,"twitter_card":"default","twitter_image_type":"default","twitter_image_custom_url":null,"twitter_image_custom_fields":null,"twitter_title":null,"twitter_description":null,"schema_type":null,"schema_type_options":null,"pillar_content":false,"robots_default":true,"robots_noindex":false,"robots_noarchive":false,"robots_nosnippet":false,"robots_nofollow":false,"robots_noimageindex":false,"robots_noodp":false,"robots_notranslate":false,"robots_max_snippet":"-1","robots_max_videopreview":"-1","robots_max_imagepreview":"none","tabs":null,"priority":null,"frequency":"default","local_seo":null,"created":"2026-01-26 14:43:02","updated":"2026-02-09 13:45:34"},"aioseo_breadcrumb":"<div class=\"aioseo-breadcrumbs\"><span class=\"aioseo-breadcrumb\">\n\t<a href=\"https:\/\/bidonsenshakers.nl\/de\/\" title=\"Home\">Home<\/a>\n<\/span><span class=\"aioseo-breadcrumb-separator\">\u00bb<\/span><span class=\"aioseo-breadcrumb\">\n\tStartseite\n<\/span><\/div>","aioseo_breadcrumb_json":[{"label":"Home","link":"https:\/\/bidonsenshakers.nl\/de\/"},{"label":"Startseite","link":"https:\/\/bidonsenshakers.nl\/de\/"}],"_links":{"self":[{"href":"https:\/\/bidonsenshakers.nl\/de\/wp-json\/wp\/v2\/pages\/9581","targetHints":{"allow":["GET"]}}],"collection":[{"href":"https:\/\/bidonsenshakers.nl\/de\/wp-json\/wp\/v2\/pages"}],"about":[{"href":"https:\/\/bidonsenshakers.nl\/de\/wp-json\/wp\/v2\/types\/page"}],"author":[{"embeddable":true,"href":"https:\/\/bidonsenshakers.nl\/de\/wp-json\/wp\/v2\/users\/1"}],"replies":[{"embeddable":true,"href":"https:\/\/bidonsenshakers.nl\/de\/wp-json\/wp\/v2\/comments?post=9581"}],"version-history":[{"count":2,"href":"https:\/\/bidonsenshakers.nl\/de\/wp-json\/wp\/v2\/pages\/9581\/revisions"}],"predecessor-version":[{"id":14418,"href":"https:\/\/bidonsenshakers.nl\/de\/wp-json\/wp\/v2\/pages\/9581\/revisions\/14418"}],"wp:attachment":[{"href":"https:\/\/bidonsenshakers.nl\/de\/wp-json\/wp\/v2\/media?parent=9581"}],"curies":[{"name":"wp","href":"https:\/\/api.w.org\/{rel}","templated":true}]}}