{"id":1436,"date":"2026-01-26T08:51:02","date_gmt":"2026-01-26T08:51:02","guid":{"rendered":"https:\/\/bidonsenshakers.shop.hidalgo.nl\/product\/sagaform-mark-voedselthermoskan-met-poedercoating-600ml\/"},"modified":"2026-02-17T11:56:39","modified_gmt":"2026-02-17T11:56:39","slug":"sagaform-mark-voedselthermoskan-met-poedercoating-600ml","status":"publish","type":"product","link":"https:\/\/bidonsenshakers.nl\/de\/product\/1436\/thermobehaelter-bedrucken-12h-warm-doppelwandig-600ml\/","title":{"rendered":"Sagaform Mark voedselthermoskan met poedercoating 600ml"},"content":{"rendered":"<p>Mark is een handige food\/drink isoleerfles met net dat beetje extra. De buitendeksel doet tevens dienst als mok\/kom. Aan de binnenzijde van de deksel bevindt zich een kleine opvouwbare lepel en een compartiment om accessoires of kruiden op te bergen. Gemaakt met dubbele wanden van roestvrij staal en koperen coating dat ervoor zorgt dat de inhoud 24 uur koud of 12 uur warm blijft.<\/p>\n","protected":false},"excerpt":{"rendered":"<p>Mark is een handige food\/drink isoleerfles met net dat beetje extra. De buitendeksel doet tevens dienst als mok\/kom. Aan de binnenzijde van de deksel bevindt zich een kleine opvouwbare lepel en een compartiment om accessoires of kruiden op te bergen. Gemaakt met dubbele wanden van roestvrij staal en koperen coating dat ervoor zorgt dat de&hellip; <a class=\"more-link\" href=\"https:\/\/bidonsenshakers.nl\/de\/product\/1436\/thermobehaelter-bedrucken-12h-warm-doppelwandig-600ml\/\"><span class=\"screen-reader-text\">Sagaform Mark voedselthermoskan met poedercoating 600ml<\/span> weiterlesen<\/a><\/p>\n","protected":false},"featured_media":1437,"template":"","meta":{"_acf_changed":false,"om_disable_all_campaigns":false,"_monsterinsights_skip_tracking":false,"_monsterinsights_sitenote_active":false,"_monsterinsights_sitenote_note":"","_monsterinsights_sitenote_category":0},"product_brand":[],"product_cat":[140],"product_tag":[],"class_list":{"0":"post-1436","1":"product","2":"type-product","3":"status-publish","4":"has-post-thumbnail","6":"product_supplier-a53","7":"product_cat-lunchboxen-lunchpots","8":"entry","10":"first","11":"instock","12":"taxable","13":"shipping-taxable","14":"purchasable","15":"product-type-variable"},"acf":{"imprint_cost":[{"imprint_cost_key":"8f1c3c2ae16e55e5b01b4501259d682b4172b0fb","product_quantity_price_range":[{"imprint_cost_recommended_selling_price":"1.68","imprint_cost_recommended_selling_quantity":"1"},{"imprint_cost_recommended_selling_price":"1.425","imprint_cost_recommended_selling_quantity":"10"},{"imprint_cost_recommended_selling_price":"1.275","imprint_cost_recommended_selling_quantity":"25"},{"imprint_cost_recommended_selling_price":"1.11","imprint_cost_recommended_selling_quantity":"50"},{"imprint_cost_recommended_selling_price":"1.035","imprint_cost_recommended_selling_quantity":"100"},{"imprint_cost_recommended_selling_price":"0.99","imprint_cost_recommended_selling_quantity":"250"},{"imprint_cost_recommended_selling_price":"0.96","imprint_cost_recommended_selling_quantity":"500"},{"imprint_cost_recommended_selling_price":"0.915","imprint_cost_recommended_selling_quantity":"1000"},{"imprint_cost_recommended_selling_price":"0.87","imprint_cost_recommended_selling_quantity":"2500"},{"imprint_cost_recommended_selling_price":"0.825","imprint_cost_recommended_selling_quantity":"5000"},{"imprint_cost_recommended_selling_price":"0.78","imprint_cost_recommended_selling_quantity":"10000"}],"product_quantity_price_range_buying":[{"imprint_cost_general_buying_price":"1.12","imprint_cost_general_buying_quantity":"1"},{"imprint_cost_general_buying_price":"0.95","imprint_cost_general_buying_quantity":"10"},{"imprint_cost_general_buying_price":"0.85","imprint_cost_general_buying_quantity":"25"},{"imprint_cost_general_buying_price":"0.74","imprint_cost_general_buying_quantity":"50"},{"imprint_cost_general_buying_price":"0.69","imprint_cost_general_buying_quantity":"100"},{"imprint_cost_general_buying_price":"0.66","imprint_cost_general_buying_quantity":"250"},{"imprint_cost_general_buying_price":"0.64","imprint_cost_general_buying_quantity":"500"},{"imprint_cost_general_buying_price":"0.61","imprint_cost_general_buying_quantity":"1000"},{"imprint_cost_general_buying_price":"0.58","imprint_cost_general_buying_quantity":"2500"},{"imprint_cost_general_buying_price":"0.55","imprint_cost_general_buying_quantity":"5000"},{"imprint_cost_general_buying_price":"0.52","imprint_cost_general_buying_quantity":"10000"}],"imprint_cost_setup_costs":"54","imprint_cost_handling_costs":"0.36"}]},"aioseo_notices":[],"aioseo_head":"\n\t\t<!-- All in One SEO Pro 4.9.6.2 - aioseo.com -->\n\t<meta name=\"description\" content=\"Entdecke diesen robusten Edelstahl-Thermobeh\u00e4lter mit 600 ml Volumen, perfekt f\u00fcr dein n\u00e4chstes Outdoor-Abenteuer oder als stilvolles Weihnachtsgeschenk. Genie\u00dfe Speisen &amp; Getr\u00e4nke stundenlang warm oder kalt, w\u00e4hrend du dein pers\u00f6nliches InSideOut-Logo hinzuf\u00fcgen l\u00e4sst.\" \/>\n\t<meta name=\"robots\" content=\"max-image-preview:large\" \/>\n\t<meta name=\"google-site-verification\" content=\"BBMiYHShnVBoc8v9xoHf0FXMC27otVB0wiWxw_hFRrM\" \/>\n\t<link rel=\"canonical\" href=\"https:\/\/bidonsenshakers.nl\/de\/wp-json\/wp\/v2\/product\/1436\" \/>\n\t<meta name=\"generator\" content=\"All in One SEO Pro (AIOSEO) 4.9.6.2\" \/>\n\t\t<meta property=\"og:locale\" content=\"de_DE\" \/>\n\t\t<meta property=\"og:site_name\" content=\"Trinkflaschen &amp; Shakers - Trinkflaschen &amp; Shakers\" \/>\n\t\t<meta property=\"og:type\" content=\"article\" \/>\n\t\t<meta property=\"og:title\" content=\"Thermobeh\u00e4lter bedrucken 12h warm doppelwandig 600ml\" \/>\n\t\t<meta property=\"og:description\" content=\"Entdecke diesen robusten Edelstahl-Thermobeh\u00e4lter mit 600 ml Volumen, perfekt f\u00fcr dein n\u00e4chstes Outdoor-Abenteuer oder als stilvolles Weihnachtsgeschenk. Genie\u00dfe Speisen &amp; Getr\u00e4nke stundenlang warm oder kalt, w\u00e4hrend du dein pers\u00f6nliches InSideOut-Logo hinzuf\u00fcgen l\u00e4sst.\" \/>\n\t\t<meta property=\"og:url\" content=\"https:\/\/bidonsenshakers.nl\/de\/wp-json\/wp\/v2\/product\/1436\" \/>\n\t\t<meta property=\"og:image\" content=\"https:\/\/shop.hidalgo.nl\/wp-content\/uploads\/2026\/01\/cropped-Logo.png\" \/>\n\t\t<meta property=\"og:image:secure_url\" content=\"https:\/\/shop.hidalgo.nl\/wp-content\/uploads\/2026\/01\/cropped-Logo.png\" \/>\n\t\t<meta property=\"article:published_time\" content=\"2026-01-26T08:51:02+00:00\" \/>\n\t\t<meta property=\"article:modified_time\" content=\"2026-02-17T11:56:39+00:00\" \/>\n\t\t<meta property=\"article:publisher\" content=\"https:\/\/www.facebook.com\/hidalgobagsandmore\/\" \/>\n\t\t<meta name=\"twitter:card\" content=\"summary_large_image\" \/>\n\t\t<meta name=\"twitter:site\" content=\"@Hidalgo_BV\" \/>\n\t\t<meta name=\"twitter:title\" content=\"Thermobeh\u00e4lter bedrucken 12h warm doppelwandig 600ml\" \/>\n\t\t<meta name=\"twitter:description\" content=\"Entdecke diesen robusten Edelstahl-Thermobeh\u00e4lter mit 600 ml Volumen, perfekt f\u00fcr dein n\u00e4chstes Outdoor-Abenteuer oder als stilvolles Weihnachtsgeschenk. Genie\u00dfe Speisen &amp; Getr\u00e4nke stundenlang warm oder kalt, w\u00e4hrend du dein pers\u00f6nliches InSideOut-Logo hinzuf\u00fcgen l\u00e4sst.\" \/>\n\t\t<meta name=\"twitter:image\" content=\"https:\/\/shop.hidalgo.nl\/wp-content\/uploads\/2026\/01\/cropped-Logo.png\" \/>\n\t\t<script type=\"application\/ld+json\" class=\"aioseo-schema\">\n\t\t\t{\"@context\":\"https:\\\/\\\/schema.org\",\"@graph\":[{\"@type\":\"BreadcrumbList\",\"@id\":\"https:\\\/\\\/bidonsenshakers.nl\\\/de\\\/product\\\/1436\\\/thermobehaelter-bedrucken-12h-warm-doppelwandig-600ml\\\/#breadcrumblist\",\"itemListElement\":[{\"@type\":\"ListItem\",\"@id\":\"https:\\\/\\\/bidonsenshakers.nl\\\/de\\\/#listItem\",\"position\":1,\"name\":\"Home\",\"item\":\"https:\\\/\\\/bidonsenshakers.nl\\\/de\\\/\",\"nextItem\":{\"@type\":\"ListItem\",\"@id\":\"https:\\\/\\\/bidonsenshakers.nl\\\/shop\\\/#listItem\",\"name\":\"Shop\"}},{\"@type\":\"ListItem\",\"@id\":\"https:\\\/\\\/bidonsenshakers.nl\\\/shop\\\/#listItem\",\"position\":2,\"name\":\"Shop\",\"item\":\"https:\\\/\\\/bidonsenshakers.nl\\\/shop\\\/\",\"nextItem\":{\"@type\":\"ListItem\",\"@id\":\"https:\\\/\\\/bidonsenshakers.nl\\\/de\\\/product-supplier\\\/a53\\\/#listItem\",\"name\":\"A53\"},\"previousItem\":{\"@type\":\"ListItem\",\"@id\":\"https:\\\/\\\/bidonsenshakers.nl\\\/de\\\/#listItem\",\"name\":\"Home\"}},{\"@type\":\"ListItem\",\"@id\":\"https:\\\/\\\/bidonsenshakers.nl\\\/de\\\/product-supplier\\\/a53\\\/#listItem\",\"position\":3,\"name\":\"A53\",\"item\":\"https:\\\/\\\/bidonsenshakers.nl\\\/de\\\/product-supplier\\\/a53\\\/\",\"nextItem\":{\"@type\":\"ListItem\",\"@id\":\"https:\\\/\\\/bidonsenshakers.nl\\\/de\\\/product\\\/1436\\\/thermobehaelter-bedrucken-12h-warm-doppelwandig-600ml\\\/#listItem\",\"name\":\"Sagaform Mark voedselthermoskan met poedercoating 600ml\"},\"previousItem\":{\"@type\":\"ListItem\",\"@id\":\"https:\\\/\\\/bidonsenshakers.nl\\\/shop\\\/#listItem\",\"name\":\"Shop\"}},{\"@type\":\"ListItem\",\"@id\":\"https:\\\/\\\/bidonsenshakers.nl\\\/de\\\/product\\\/1436\\\/thermobehaelter-bedrucken-12h-warm-doppelwandig-600ml\\\/#listItem\",\"position\":4,\"name\":\"Sagaform Mark voedselthermoskan met poedercoating 600ml\",\"previousItem\":{\"@type\":\"ListItem\",\"@id\":\"https:\\\/\\\/bidonsenshakers.nl\\\/de\\\/product-supplier\\\/a53\\\/#listItem\",\"name\":\"A53\"}}]},{\"@type\":\"Organization\",\"@id\":\"https:\\\/\\\/bidonsenshakers.nl\\\/de\\\/#organization\",\"name\":\"Trinkflaschen & Shakers\",\"description\":\"Trinkflaschen & Shakers\",\"url\":\"https:\\\/\\\/bidonsenshakers.nl\\\/de\\\/\",\"telephone\":\"+31793310133\",\"logo\":{\"@type\":\"ImageObject\",\"url\":\"https:\\\/\\\/shop.hidalgo.nl\\\/wp-content\\\/uploads\\\/2026\\\/01\\\/cropped-Logo.png\",\"@id\":\"https:\\\/\\\/bidonsenshakers.nl\\\/de\\\/product\\\/1436\\\/thermobehaelter-bedrucken-12h-warm-doppelwandig-600ml\\\/#organizationLogo\",\"width\":600,\"height\":243},\"image\":{\"@id\":\"https:\\\/\\\/bidonsenshakers.nl\\\/de\\\/product\\\/1436\\\/thermobehaelter-bedrucken-12h-warm-doppelwandig-600ml\\\/#organizationLogo\"},\"sameAs\":[\"https:\\\/\\\/www.facebook.com\\\/hidalgobagsandmore\\\/\",\"https:\\\/\\\/x.com\\\/Hidalgo_BV\\\/status\\\/74021585866067968\",\"https:\\\/\\\/www.instagram.com\\\/hidalgobagsandmore\\\/#\",\"https:\\\/\\\/www.youtube.com\\\/@hidalgobagsandmore\",\"https:\\\/\\\/www.linkedin.com\\\/in\\\/rutgerblommers\\\/\"]},{\"@type\":\"WebPage\",\"@id\":\"https:\\\/\\\/bidonsenshakers.nl\\\/de\\\/product\\\/1436\\\/thermobehaelter-bedrucken-12h-warm-doppelwandig-600ml\\\/#webpage\",\"url\":\"https:\\\/\\\/bidonsenshakers.nl\\\/de\\\/product\\\/1436\\\/thermobehaelter-bedrucken-12h-warm-doppelwandig-600ml\\\/\",\"name\":\"Thermobeh\\u00e4lter bedrucken 12h warm doppelwandig 600ml\",\"description\":\"Entdecke diesen robusten Edelstahl-Thermobeh\\u00e4lter mit 600 ml Volumen, perfekt f\\u00fcr dein n\\u00e4chstes Outdoor-Abenteuer oder als stilvolles Weihnachtsgeschenk. Genie\\u00dfe Speisen & Getr\\u00e4nke stundenlang warm oder kalt, w\\u00e4hrend du dein pers\\u00f6nliches InSideOut-Logo hinzuf\\u00fcgen l\\u00e4sst.\",\"inLanguage\":\"de-DE\",\"isPartOf\":{\"@id\":\"https:\\\/\\\/bidonsenshakers.nl\\\/de\\\/#website\"},\"breadcrumb\":{\"@id\":\"https:\\\/\\\/bidonsenshakers.nl\\\/de\\\/product\\\/1436\\\/thermobehaelter-bedrucken-12h-warm-doppelwandig-600ml\\\/#breadcrumblist\"},\"image\":{\"@type\":\"ImageObject\",\"url\":\"https:\\\/\\\/shop.hidalgo.nl\\\/wp-content\\\/uploads\\\/2025\\\/04\\\/de5eabcecdd5ea5c57117115737c97f459e9f18b536a2e4b1aa7238be03b221d.jpg\",\"@id\":\"https:\\\/\\\/bidonsenshakers.nl\\\/de\\\/product\\\/1436\\\/thermobehaelter-bedrucken-12h-warm-doppelwandig-600ml\\\/#mainImage\"},\"primaryImageOfPage\":{\"@id\":\"https:\\\/\\\/bidonsenshakers.nl\\\/de\\\/product\\\/1436\\\/thermobehaelter-bedrucken-12h-warm-doppelwandig-600ml\\\/#mainImage\"},\"datePublished\":\"2026-01-26T08:51:02+00:00\",\"dateModified\":\"2026-02-17T11:56:39+00:00\"},{\"@type\":\"WebSite\",\"@id\":\"https:\\\/\\\/bidonsenshakers.nl\\\/de\\\/#website\",\"url\":\"https:\\\/\\\/bidonsenshakers.nl\\\/de\\\/\",\"name\":\"Trinkflaschen & Shakers\",\"description\":\"Trinkflaschen & Shakers\",\"inLanguage\":\"de-DE\",\"publisher\":{\"@id\":\"https:\\\/\\\/bidonsenshakers.nl\\\/de\\\/#organization\"}}]}\n\t\t<\/script>\n\t\t<!-- All in One SEO Pro -->\r\n\t\t<title>Thermobeh\u00e4lter bedrucken 12h warm doppelwandig 600ml<\/title>\n\n","aioseo_head_json":{"title":"Thermobeh\u00e4lter bedrucken 12h warm doppelwandig 600ml","description":"Entdecke diesen robusten Edelstahl-Thermobeh\u00e4lter mit 600 ml Volumen, perfekt f\u00fcr dein n\u00e4chstes Outdoor-Abenteuer oder als stilvolles Weihnachtsgeschenk. Genie\u00dfe Speisen & Getr\u00e4nke stundenlang warm oder kalt, w\u00e4hrend du dein pers\u00f6nliches InSideOut-Logo hinzuf\u00fcgen l\u00e4sst.","canonical_url":"https:\/\/bidonsenshakers.nl\/de\/wp-json\/wp\/v2\/product\/1436","robots":"max-image-preview:large","keywords":"","webmasterTools":{"google-site-verification":"BBMiYHShnVBoc8v9xoHf0FXMC27otVB0wiWxw_hFRrM","miscellaneous":""},"schema":{"@context":"https:\/\/schema.org","@graph":[{"@type":"BreadcrumbList","@id":"https:\/\/bidonsenshakers.nl\/de\/product\/1436\/thermobehaelter-bedrucken-12h-warm-doppelwandig-600ml\/#breadcrumblist","itemListElement":[{"@type":"ListItem","@id":"https:\/\/bidonsenshakers.nl\/de\/#listItem","position":1,"name":"Home","item":"https:\/\/bidonsenshakers.nl\/de\/","nextItem":{"@type":"ListItem","@id":"https:\/\/bidonsenshakers.nl\/shop\/#listItem","name":"Shop"}},{"@type":"ListItem","@id":"https:\/\/bidonsenshakers.nl\/shop\/#listItem","position":2,"name":"Shop","item":"https:\/\/bidonsenshakers.nl\/shop\/","nextItem":{"@type":"ListItem","@id":"https:\/\/bidonsenshakers.nl\/de\/product-supplier\/a53\/#listItem","name":"A53"},"previousItem":{"@type":"ListItem","@id":"https:\/\/bidonsenshakers.nl\/de\/#listItem","name":"Home"}},{"@type":"ListItem","@id":"https:\/\/bidonsenshakers.nl\/de\/product-supplier\/a53\/#listItem","position":3,"name":"A53","item":"https:\/\/bidonsenshakers.nl\/de\/product-supplier\/a53\/","nextItem":{"@type":"ListItem","@id":"https:\/\/bidonsenshakers.nl\/de\/product\/1436\/thermobehaelter-bedrucken-12h-warm-doppelwandig-600ml\/#listItem","name":"Sagaform Mark voedselthermoskan met poedercoating 600ml"},"previousItem":{"@type":"ListItem","@id":"https:\/\/bidonsenshakers.nl\/shop\/#listItem","name":"Shop"}},{"@type":"ListItem","@id":"https:\/\/bidonsenshakers.nl\/de\/product\/1436\/thermobehaelter-bedrucken-12h-warm-doppelwandig-600ml\/#listItem","position":4,"name":"Sagaform Mark voedselthermoskan met poedercoating 600ml","previousItem":{"@type":"ListItem","@id":"https:\/\/bidonsenshakers.nl\/de\/product-supplier\/a53\/#listItem","name":"A53"}}]},{"@type":"Organization","@id":"https:\/\/bidonsenshakers.nl\/de\/#organization","name":"Trinkflaschen & Shakers","description":"Trinkflaschen & Shakers","url":"https:\/\/bidonsenshakers.nl\/de\/","telephone":"+31793310133","logo":{"@type":"ImageObject","url":"https:\/\/shop.hidalgo.nl\/wp-content\/uploads\/2026\/01\/cropped-Logo.png","@id":"https:\/\/bidonsenshakers.nl\/de\/product\/1436\/thermobehaelter-bedrucken-12h-warm-doppelwandig-600ml\/#organizationLogo","width":600,"height":243},"image":{"@id":"https:\/\/bidonsenshakers.nl\/de\/product\/1436\/thermobehaelter-bedrucken-12h-warm-doppelwandig-600ml\/#organizationLogo"},"sameAs":["https:\/\/www.facebook.com\/hidalgobagsandmore\/","https:\/\/x.com\/Hidalgo_BV\/status\/74021585866067968","https:\/\/www.instagram.com\/hidalgobagsandmore\/#","https:\/\/www.youtube.com\/@hidalgobagsandmore","https:\/\/www.linkedin.com\/in\/rutgerblommers\/"]},{"@type":"WebPage","@id":"https:\/\/bidonsenshakers.nl\/de\/product\/1436\/thermobehaelter-bedrucken-12h-warm-doppelwandig-600ml\/#webpage","url":"https:\/\/bidonsenshakers.nl\/de\/product\/1436\/thermobehaelter-bedrucken-12h-warm-doppelwandig-600ml\/","name":"Thermobeh\u00e4lter bedrucken 12h warm doppelwandig 600ml","description":"Entdecke diesen robusten Edelstahl-Thermobeh\u00e4lter mit 600 ml Volumen, perfekt f\u00fcr dein n\u00e4chstes Outdoor-Abenteuer oder als stilvolles Weihnachtsgeschenk. Genie\u00dfe Speisen & Getr\u00e4nke stundenlang warm oder kalt, w\u00e4hrend du dein pers\u00f6nliches InSideOut-Logo hinzuf\u00fcgen l\u00e4sst.","inLanguage":"de-DE","isPartOf":{"@id":"https:\/\/bidonsenshakers.nl\/de\/#website"},"breadcrumb":{"@id":"https:\/\/bidonsenshakers.nl\/de\/product\/1436\/thermobehaelter-bedrucken-12h-warm-doppelwandig-600ml\/#breadcrumblist"},"image":{"@type":"ImageObject","url":"https:\/\/shop.hidalgo.nl\/wp-content\/uploads\/2025\/04\/de5eabcecdd5ea5c57117115737c97f459e9f18b536a2e4b1aa7238be03b221d.jpg","@id":"https:\/\/bidonsenshakers.nl\/de\/product\/1436\/thermobehaelter-bedrucken-12h-warm-doppelwandig-600ml\/#mainImage"},"primaryImageOfPage":{"@id":"https:\/\/bidonsenshakers.nl\/de\/product\/1436\/thermobehaelter-bedrucken-12h-warm-doppelwandig-600ml\/#mainImage"},"datePublished":"2026-01-26T08:51:02+00:00","dateModified":"2026-02-17T11:56:39+00:00"},{"@type":"WebSite","@id":"https:\/\/bidonsenshakers.nl\/de\/#website","url":"https:\/\/bidonsenshakers.nl\/de\/","name":"Trinkflaschen & Shakers","description":"Trinkflaschen & Shakers","inLanguage":"de-DE","publisher":{"@id":"https:\/\/bidonsenshakers.nl\/de\/#organization"}}]},"og:locale":"de_DE","og:site_name":"Trinkflaschen &amp; Shakers - Trinkflaschen &amp; Shakers","og:type":"article","og:title":"Thermobeh\u00e4lter bedrucken 12h warm doppelwandig 600ml","og:description":"Entdecke diesen robusten Edelstahl-Thermobeh\u00e4lter mit 600 ml Volumen, perfekt f\u00fcr dein n\u00e4chstes Outdoor-Abenteuer oder als stilvolles Weihnachtsgeschenk. Genie\u00dfe Speisen &amp; Getr\u00e4nke stundenlang warm oder kalt, w\u00e4hrend du dein pers\u00f6nliches InSideOut-Logo hinzuf\u00fcgen l\u00e4sst.","og:url":"https:\/\/bidonsenshakers.nl\/de\/wp-json\/wp\/v2\/product\/1436","og:image":"https:\/\/shop.hidalgo.nl\/wp-content\/uploads\/2026\/01\/cropped-Logo.png","og:image:secure_url":"https:\/\/shop.hidalgo.nl\/wp-content\/uploads\/2026\/01\/cropped-Logo.png","article:published_time":"2026-01-26T08:51:02+00:00","article:modified_time":"2026-02-17T11:56:39+00:00","article:publisher":"https:\/\/www.facebook.com\/hidalgobagsandmore\/","twitter:card":"summary_large_image","twitter:site":"@Hidalgo_BV","twitter:title":"Thermobeh\u00e4lter bedrucken 12h warm doppelwandig 600ml","twitter:description":"Entdecke diesen robusten Edelstahl-Thermobeh\u00e4lter mit 600 ml Volumen, perfekt f\u00fcr dein n\u00e4chstes Outdoor-Abenteuer oder als stilvolles Weihnachtsgeschenk. Genie\u00dfe Speisen &amp; Getr\u00e4nke stundenlang warm oder kalt, w\u00e4hrend du dein pers\u00f6nliches InSideOut-Logo hinzuf\u00fcgen l\u00e4sst.","twitter:image":"https:\/\/shop.hidalgo.nl\/wp-content\/uploads\/2026\/01\/cropped-Logo.png"},"aioseo_meta_data":{"post_id":"1436","title":null,"description":null,"keywords":null,"keyphrases":null,"canonical_url":null,"og_title":null,"og_description":null,"og_object_type":"default","og_image_type":"default","og_image_custom_url":null,"og_image_custom_fields":null,"og_custom_image_width":null,"og_custom_image_height":null,"og_video":null,"og_custom_url":null,"og_article_section":null,"og_article_tags":null,"twitter_use_og":false,"twitter_card":"default","twitter_image_type":"default","twitter_image_custom_url":null,"twitter_image_custom_fields":null,"twitter_title":null,"twitter_description":null,"schema_type":null,"schema_type_options":null,"pillar_content":false,"robots_default":true,"robots_noindex":false,"robots_noarchive":false,"robots_nosnippet":false,"robots_nofollow":false,"robots_noimageindex":false,"robots_noodp":false,"robots_notranslate":false,"robots_max_snippet":null,"robots_max_videopreview":null,"robots_max_imagepreview":"none","tabs":null,"priority":null,"frequency":null,"local_seo":null,"created":"2026-01-26 09:25:41","updated":"2026-02-17 15:18:42"},"aioseo_breadcrumb":"<div class=\"aioseo-breadcrumbs\"><span class=\"aioseo-breadcrumb\">\n\t<a href=\"https:\/\/bidonsenshakers.nl\/de\/\" title=\"Home\">Home<\/a>\n<\/span><span class=\"aioseo-breadcrumb-separator\">\u00bb<\/span><span class=\"aioseo-breadcrumb\">\n\t<a href=\"https:\/\/bidonsenshakers.nl\/shop\/\" title=\"Shop\">Shop<\/a>\n<\/span><span class=\"aioseo-breadcrumb-separator\">\u00bb<\/span><span class=\"aioseo-breadcrumb\">\n\t<a href=\"https:\/\/bidonsenshakers.nl\/de\/product-supplier\/a53\/\" title=\"A53\">A53<\/a>\n<\/span><span class=\"aioseo-breadcrumb-separator\">\u00bb<\/span><span class=\"aioseo-breadcrumb\">\n\tSagaform Mark voedselthermoskan met poedercoating 600ml\n<\/span><\/div>","aioseo_breadcrumb_json":[{"label":"Home","link":"https:\/\/bidonsenshakers.nl\/de\/"},{"label":"Shop","link":"https:\/\/bidonsenshakers.nl\/shop\/"},{"label":"A53","link":"https:\/\/bidonsenshakers.nl\/de\/product-supplier\/a53\/"},{"label":"Sagaform Mark voedselthermoskan met poedercoating 600ml","link":"https:\/\/bidonsenshakers.nl\/de\/product\/1436\/thermobehaelter-bedrucken-12h-warm-doppelwandig-600ml\/"}],"_links":{"self":[{"href":"https:\/\/bidonsenshakers.nl\/de\/wp-json\/wp\/v2\/product\/1436","targetHints":{"allow":["GET"]}}],"collection":[{"href":"https:\/\/bidonsenshakers.nl\/de\/wp-json\/wp\/v2\/product"}],"about":[{"href":"https:\/\/bidonsenshakers.nl\/de\/wp-json\/wp\/v2\/types\/product"}],"wp:featuredmedia":[{"embeddable":true,"href":"https:\/\/bidonsenshakers.nl\/de\/wp-json\/wp\/v2\/media\/1437"}],"wp:attachment":[{"href":"https:\/\/bidonsenshakers.nl\/de\/wp-json\/wp\/v2\/media?parent=1436"}],"wp:term":[{"taxonomy":"product_brand","embeddable":true,"href":"https:\/\/bidonsenshakers.nl\/de\/wp-json\/wp\/v2\/product_brand?post=1436"},{"taxonomy":"product_cat","embeddable":true,"href":"https:\/\/bidonsenshakers.nl\/de\/wp-json\/wp\/v2\/product_cat?post=1436"},{"taxonomy":"product_tag","embeddable":true,"href":"https:\/\/bidonsenshakers.nl\/de\/wp-json\/wp\/v2\/product_tag?post=1436"}],"curies":[{"name":"wp","href":"https:\/\/api.w.org\/{rel}","templated":true}]}}