{"id":1674,"date":"2026-01-26T09:36:48","date_gmt":"2026-01-26T09:36:48","guid":{"rendered":"https:\/\/bidonsenshakers.shop.hidalgo.nl\/product\/gerecycled-roestvrijstalen-enkelwandige-drinkfles-800-ml-talin\/"},"modified":"2026-02-17T11:56:37","modified_gmt":"2026-02-17T11:56:37","slug":"gerecycled-roestvrijstalen-enkelwandige-drinkfles-800-ml-talin","status":"publish","type":"product","link":"https:\/\/bidonsenshakers.nl\/de\/product\/1674\/trinkflaschen-bedrucken-recycelter-edelstahl-800-ml\/","title":{"rendered":"Gerecycled roestvrijstalen enkelwandige drinkfles (800 ml) Talin"},"content":{"rendered":"<p>Gerecycled roestvrijstalen enkelwandige drinkfles (800 ml) van roestvrij staal 304. Voorzien van een diamantvormige structuur op de fles, schroefdop en lasergegraveerd gerecycled logo. Individueel verpakt in een bruine kartonnen doos.<\/p>\n","protected":false},"excerpt":{"rendered":"<p>Gerecycled roestvrijstalen enkelwandige drinkfles (800 ml) van roestvrij staal 304. Voorzien van een diamantvormige structuur op de fles, schroefdop en lasergegraveerd gerecycled logo. Individueel verpakt in een bruine kartonnen doos.<\/p>\n","protected":false},"featured_media":1675,"template":"","meta":{"_acf_changed":false,"om_disable_all_campaigns":false,"_monsterinsights_skip_tracking":false,"_monsterinsights_sitenote_active":false,"_monsterinsights_sitenote_note":"","_monsterinsights_sitenote_category":0},"product_brand":[133],"product_cat":[360,202],"product_tag":[],"class_list":{"0":"post-1674","1":"product","2":"type-product","3":"status-publish","4":"has-post-thumbnail","6":"product_supplier-a58","7":"product_material-gerecycled-rvs","8":"product_brand-impression","9":"product_cat-bio","10":"product_cat-thermosflessen","11":"entry","13":"first","14":"instock","15":"taxable","16":"shipping-taxable","17":"purchasable","18":"product-type-variable"},"acf":{"imprint_cost":[{"imprint_cost_key":"5877314fabca9c4ce439d930c4996b84bf76d66f","product_quantity_price_range":[{"imprint_cost_recommended_selling_price":"2.66","imprint_cost_recommended_selling_quantity":"1"},{"imprint_cost_recommended_selling_price":"1.63","imprint_cost_recommended_selling_quantity":"25"},{"imprint_cost_recommended_selling_price":"1.22","imprint_cost_recommended_selling_quantity":"50"},{"imprint_cost_recommended_selling_price":"0.88","imprint_cost_recommended_selling_quantity":"100"},{"imprint_cost_recommended_selling_price":"0.52","imprint_cost_recommended_selling_quantity":"250"},{"imprint_cost_recommended_selling_price":"0.43","imprint_cost_recommended_selling_quantity":"500"},{"imprint_cost_recommended_selling_price":"0.37","imprint_cost_recommended_selling_quantity":"1000"},{"imprint_cost_recommended_selling_price":"0.29","imprint_cost_recommended_selling_quantity":"2500"}],"product_quantity_price_range_buying":false,"imprint_cost_setup_costs":"30.77","imprint_cost_handling_costs":"0.2"},{"imprint_cost_key":"30da347ca05af607d6f24cd1608af8c3d4c1248f","product_quantity_price_range":[{"imprint_cost_recommended_selling_price":"4.03","imprint_cost_recommended_selling_quantity":"1"},{"imprint_cost_recommended_selling_price":"2.78","imprint_cost_recommended_selling_quantity":"25"},{"imprint_cost_recommended_selling_price":"1.63","imprint_cost_recommended_selling_quantity":"50"},{"imprint_cost_recommended_selling_price":"1.34","imprint_cost_recommended_selling_quantity":"100"},{"imprint_cost_recommended_selling_price":"1.05","imprint_cost_recommended_selling_quantity":"250"},{"imprint_cost_recommended_selling_price":"0.91","imprint_cost_recommended_selling_quantity":"500"},{"imprint_cost_recommended_selling_price":"0.8","imprint_cost_recommended_selling_quantity":"1000"},{"imprint_cost_recommended_selling_price":"0.68","imprint_cost_recommended_selling_quantity":"2500"}],"product_quantity_price_range_buying":false,"imprint_cost_setup_costs":"30.77","imprint_cost_handling_costs":"0.2"},{"imprint_cost_key":"44eeb26e5a7f1d9f4dc35dd3ab21c40a69303f55","product_quantity_price_range":[{"imprint_cost_recommended_selling_price":"2.71","imprint_cost_recommended_selling_quantity":"1"},{"imprint_cost_recommended_selling_price":"2.46","imprint_cost_recommended_selling_quantity":"25"},{"imprint_cost_recommended_selling_price":"2.12","imprint_cost_recommended_selling_quantity":"50"},{"imprint_cost_recommended_selling_price":"1.83","imprint_cost_recommended_selling_quantity":"100"},{"imprint_cost_recommended_selling_price":"1.55","imprint_cost_recommended_selling_quantity":"250"},{"imprint_cost_recommended_selling_price":"1.34","imprint_cost_recommended_selling_quantity":"500"},{"imprint_cost_recommended_selling_price":"1.25","imprint_cost_recommended_selling_quantity":"1000"},{"imprint_cost_recommended_selling_price":"1.18","imprint_cost_recommended_selling_quantity":"2500"},{"imprint_cost_recommended_selling_price":"1.14","imprint_cost_recommended_selling_quantity":"5000"},{"imprint_cost_recommended_selling_price":"1.11","imprint_cost_recommended_selling_quantity":"10000"},{"imprint_cost_recommended_selling_price":"1.09","imprint_cost_recommended_selling_quantity":"25000"}],"product_quantity_price_range_buying":false,"imprint_cost_setup_costs":"51.54","imprint_cost_handling_costs":"0.2"},{"imprint_cost_key":"522a3861eba8824f127bbfd7986335672a6fbc80","product_quantity_price_range":[{"imprint_cost_recommended_selling_price":"2.98","imprint_cost_recommended_selling_quantity":"1"},{"imprint_cost_recommended_selling_price":"2.37","imprint_cost_recommended_selling_quantity":"25"},{"imprint_cost_recommended_selling_price":"1.83","imprint_cost_recommended_selling_quantity":"50"},{"imprint_cost_recommended_selling_price":"1.57","imprint_cost_recommended_selling_quantity":"100"},{"imprint_cost_recommended_selling_price":"1.31","imprint_cost_recommended_selling_quantity":"250"},{"imprint_cost_recommended_selling_price":"1.26","imprint_cost_recommended_selling_quantity":"500"},{"imprint_cost_recommended_selling_price":"1.25","imprint_cost_recommended_selling_quantity":"1000"},{"imprint_cost_recommended_selling_price":"1.23","imprint_cost_recommended_selling_quantity":"2500"}],"product_quantity_price_range_buying":false,"imprint_cost_setup_costs":"30.77","imprint_cost_handling_costs":"0.2"}]},"aioseo_notices":[],"aioseo_head":"\n\t\t<!-- All in One SEO Pro 4.9.6.1 - aioseo.com -->\n\t<meta name=\"description\" content=\"Entdecke die vielseitige Trinkflasche aus recyceltem Edelstahl, ideal f\u00fcr die Arbeit oder beim Sport. Mit einem Fassungsverm\u00f6gen von 800 ml und der M\u00f6glichkeit, dein Logo aufzudrucken, setzt du ein nachhaltiges Statement. Perfekt f\u00fcr Firmen-Branding und Events.\" \/>\n\t<meta name=\"robots\" content=\"max-image-preview:large\" \/>\n\t<meta name=\"google-site-verification\" content=\"BBMiYHShnVBoc8v9xoHf0FXMC27otVB0wiWxw_hFRrM\" \/>\n\t<link rel=\"canonical\" href=\"https:\/\/bidonsenshakers.nl\/de\/wp-json\/wp\/v2\/product\/1674\" \/>\n\t<meta name=\"generator\" content=\"All in One SEO Pro (AIOSEO) 4.9.6.1\" \/>\n\t\t<meta property=\"og:locale\" content=\"de_DE\" \/>\n\t\t<meta property=\"og:site_name\" content=\"Trinkflaschen &amp; Shakers - Trinkflaschen &amp; Shakers\" \/>\n\t\t<meta property=\"og:type\" content=\"article\" \/>\n\t\t<meta property=\"og:title\" content=\"Trinkflaschen bedrucken: Recycelter Edelstahl 800 ml\" \/>\n\t\t<meta property=\"og:description\" content=\"Entdecke die vielseitige Trinkflasche aus recyceltem Edelstahl, ideal f\u00fcr die Arbeit oder beim Sport. Mit einem Fassungsverm\u00f6gen von 800 ml und der M\u00f6glichkeit, dein Logo aufzudrucken, setzt du ein nachhaltiges Statement. Perfekt f\u00fcr Firmen-Branding und Events.\" \/>\n\t\t<meta property=\"og:url\" content=\"https:\/\/bidonsenshakers.nl\/de\/wp-json\/wp\/v2\/product\/1674\" \/>\n\t\t<meta property=\"og:image\" content=\"https:\/\/shop.hidalgo.nl\/wp-content\/uploads\/2026\/01\/cropped-Logo.png\" \/>\n\t\t<meta property=\"og:image:secure_url\" content=\"https:\/\/shop.hidalgo.nl\/wp-content\/uploads\/2026\/01\/cropped-Logo.png\" \/>\n\t\t<meta property=\"article:published_time\" content=\"2026-01-26T09:36:48+00:00\" \/>\n\t\t<meta property=\"article:modified_time\" content=\"2026-02-17T11:56:37+00:00\" \/>\n\t\t<meta property=\"article:publisher\" content=\"https:\/\/www.facebook.com\/hidalgobagsandmore\/\" \/>\n\t\t<meta name=\"twitter:card\" content=\"summary_large_image\" \/>\n\t\t<meta name=\"twitter:site\" content=\"@Hidalgo_BV\" \/>\n\t\t<meta name=\"twitter:title\" content=\"Trinkflaschen bedrucken: Recycelter Edelstahl 800 ml\" \/>\n\t\t<meta name=\"twitter:description\" content=\"Entdecke die vielseitige Trinkflasche aus recyceltem Edelstahl, ideal f\u00fcr die Arbeit oder beim Sport. Mit einem Fassungsverm\u00f6gen von 800 ml und der M\u00f6glichkeit, dein Logo aufzudrucken, setzt du ein nachhaltiges Statement. Perfekt f\u00fcr Firmen-Branding und Events.\" \/>\n\t\t<meta name=\"twitter:image\" content=\"https:\/\/shop.hidalgo.nl\/wp-content\/uploads\/2026\/01\/cropped-Logo.png\" \/>\n\t\t<script type=\"application\/ld+json\" class=\"aioseo-schema\">\n\t\t\t{\"@context\":\"https:\\\/\\\/schema.org\",\"@graph\":[{\"@type\":\"BreadcrumbList\",\"@id\":\"https:\\\/\\\/bidonsenshakers.nl\\\/de\\\/product\\\/1674\\\/trinkflaschen-bedrucken-recycelter-edelstahl-800-ml\\\/#breadcrumblist\",\"itemListElement\":[{\"@type\":\"ListItem\",\"@id\":\"https:\\\/\\\/bidonsenshakers.nl\\\/de\\\/#listItem\",\"position\":1,\"name\":\"Home\",\"item\":\"https:\\\/\\\/bidonsenshakers.nl\\\/de\\\/\",\"nextItem\":{\"@type\":\"ListItem\",\"@id\":\"https:\\\/\\\/bidonsenshakers.nl\\\/shop\\\/#listItem\",\"name\":\"Shop\"}},{\"@type\":\"ListItem\",\"@id\":\"https:\\\/\\\/bidonsenshakers.nl\\\/shop\\\/#listItem\",\"position\":2,\"name\":\"Shop\",\"item\":\"https:\\\/\\\/bidonsenshakers.nl\\\/shop\\\/\",\"nextItem\":{\"@type\":\"ListItem\",\"@id\":\"https:\\\/\\\/bidonsenshakers.nl\\\/de\\\/product-supplier\\\/a58\\\/#listItem\",\"name\":\"A58\"},\"previousItem\":{\"@type\":\"ListItem\",\"@id\":\"https:\\\/\\\/bidonsenshakers.nl\\\/de\\\/#listItem\",\"name\":\"Home\"}},{\"@type\":\"ListItem\",\"@id\":\"https:\\\/\\\/bidonsenshakers.nl\\\/de\\\/product-supplier\\\/a58\\\/#listItem\",\"position\":3,\"name\":\"A58\",\"item\":\"https:\\\/\\\/bidonsenshakers.nl\\\/de\\\/product-supplier\\\/a58\\\/\",\"nextItem\":{\"@type\":\"ListItem\",\"@id\":\"https:\\\/\\\/bidonsenshakers.nl\\\/de\\\/product\\\/1674\\\/trinkflaschen-bedrucken-recycelter-edelstahl-800-ml\\\/#listItem\",\"name\":\"Gerecycled roestvrijstalen enkelwandige drinkfles (800 ml) Talin\"},\"previousItem\":{\"@type\":\"ListItem\",\"@id\":\"https:\\\/\\\/bidonsenshakers.nl\\\/shop\\\/#listItem\",\"name\":\"Shop\"}},{\"@type\":\"ListItem\",\"@id\":\"https:\\\/\\\/bidonsenshakers.nl\\\/de\\\/product\\\/1674\\\/trinkflaschen-bedrucken-recycelter-edelstahl-800-ml\\\/#listItem\",\"position\":4,\"name\":\"Gerecycled roestvrijstalen enkelwandige drinkfles (800 ml) Talin\",\"previousItem\":{\"@type\":\"ListItem\",\"@id\":\"https:\\\/\\\/bidonsenshakers.nl\\\/de\\\/product-supplier\\\/a58\\\/#listItem\",\"name\":\"A58\"}}]},{\"@type\":\"Organization\",\"@id\":\"https:\\\/\\\/bidonsenshakers.nl\\\/de\\\/#organization\",\"name\":\"Trinkflaschen & Shakers\",\"description\":\"Trinkflaschen & Shakers\",\"url\":\"https:\\\/\\\/bidonsenshakers.nl\\\/de\\\/\",\"telephone\":\"+31793310133\",\"logo\":{\"@type\":\"ImageObject\",\"url\":\"https:\\\/\\\/shop.hidalgo.nl\\\/wp-content\\\/uploads\\\/2026\\\/01\\\/cropped-Logo.png\",\"@id\":\"https:\\\/\\\/bidonsenshakers.nl\\\/de\\\/product\\\/1674\\\/trinkflaschen-bedrucken-recycelter-edelstahl-800-ml\\\/#organizationLogo\",\"width\":600,\"height\":243},\"image\":{\"@id\":\"https:\\\/\\\/bidonsenshakers.nl\\\/de\\\/product\\\/1674\\\/trinkflaschen-bedrucken-recycelter-edelstahl-800-ml\\\/#organizationLogo\"},\"sameAs\":[\"https:\\\/\\\/www.facebook.com\\\/hidalgobagsandmore\\\/\",\"https:\\\/\\\/x.com\\\/Hidalgo_BV\\\/status\\\/74021585866067968\",\"https:\\\/\\\/www.instagram.com\\\/hidalgobagsandmore\\\/#\",\"https:\\\/\\\/www.youtube.com\\\/@hidalgobagsandmore\",\"https:\\\/\\\/www.linkedin.com\\\/in\\\/rutgerblommers\\\/\"]},{\"@type\":\"WebPage\",\"@id\":\"https:\\\/\\\/bidonsenshakers.nl\\\/de\\\/product\\\/1674\\\/trinkflaschen-bedrucken-recycelter-edelstahl-800-ml\\\/#webpage\",\"url\":\"https:\\\/\\\/bidonsenshakers.nl\\\/de\\\/product\\\/1674\\\/trinkflaschen-bedrucken-recycelter-edelstahl-800-ml\\\/\",\"name\":\"Trinkflaschen bedrucken: Recycelter Edelstahl 800 ml\",\"description\":\"Entdecke die vielseitige Trinkflasche aus recyceltem Edelstahl, ideal f\\u00fcr die Arbeit oder beim Sport. Mit einem Fassungsverm\\u00f6gen von 800 ml und der M\\u00f6glichkeit, dein Logo aufzudrucken, setzt du ein nachhaltiges Statement. Perfekt f\\u00fcr Firmen-Branding und Events.\",\"inLanguage\":\"de-DE\",\"isPartOf\":{\"@id\":\"https:\\\/\\\/bidonsenshakers.nl\\\/de\\\/#website\"},\"breadcrumb\":{\"@id\":\"https:\\\/\\\/bidonsenshakers.nl\\\/de\\\/product\\\/1674\\\/trinkflaschen-bedrucken-recycelter-edelstahl-800-ml\\\/#breadcrumblist\"},\"image\":{\"@type\":\"ImageObject\",\"url\":\"https:\\\/\\\/shop.hidalgo.nl\\\/wp-content\\\/uploads\\\/2025\\\/04\\\/9756f02f97e8306a25f1a381b2df229ef812bd275875acb877f0ea25ace148de.jpg\",\"@id\":\"https:\\\/\\\/bidonsenshakers.nl\\\/de\\\/product\\\/1674\\\/trinkflaschen-bedrucken-recycelter-edelstahl-800-ml\\\/#mainImage\"},\"primaryImageOfPage\":{\"@id\":\"https:\\\/\\\/bidonsenshakers.nl\\\/de\\\/product\\\/1674\\\/trinkflaschen-bedrucken-recycelter-edelstahl-800-ml\\\/#mainImage\"},\"datePublished\":\"2026-01-26T09:36:48+00:00\",\"dateModified\":\"2026-02-17T11:56:37+00:00\"},{\"@type\":\"WebSite\",\"@id\":\"https:\\\/\\\/bidonsenshakers.nl\\\/de\\\/#website\",\"url\":\"https:\\\/\\\/bidonsenshakers.nl\\\/de\\\/\",\"name\":\"Trinkflaschen & Shakers\",\"description\":\"Trinkflaschen & Shakers\",\"inLanguage\":\"de-DE\",\"publisher\":{\"@id\":\"https:\\\/\\\/bidonsenshakers.nl\\\/de\\\/#organization\"}}]}\n\t\t<\/script>\n\t\t<!-- All in One SEO Pro -->\r\n\t\t<title>Trinkflaschen bedrucken: Recycelter Edelstahl 800 ml<\/title>\n\n","aioseo_head_json":{"title":"Trinkflaschen bedrucken: Recycelter Edelstahl 800 ml","description":"Entdecke die vielseitige Trinkflasche aus recyceltem Edelstahl, ideal f\u00fcr die Arbeit oder beim Sport. Mit einem Fassungsverm\u00f6gen von 800 ml und der M\u00f6glichkeit, dein Logo aufzudrucken, setzt du ein nachhaltiges Statement. Perfekt f\u00fcr Firmen-Branding und Events.","canonical_url":"https:\/\/bidonsenshakers.nl\/de\/wp-json\/wp\/v2\/product\/1674","robots":"max-image-preview:large","keywords":"","webmasterTools":{"google-site-verification":"BBMiYHShnVBoc8v9xoHf0FXMC27otVB0wiWxw_hFRrM","miscellaneous":""},"schema":{"@context":"https:\/\/schema.org","@graph":[{"@type":"BreadcrumbList","@id":"https:\/\/bidonsenshakers.nl\/de\/product\/1674\/trinkflaschen-bedrucken-recycelter-edelstahl-800-ml\/#breadcrumblist","itemListElement":[{"@type":"ListItem","@id":"https:\/\/bidonsenshakers.nl\/de\/#listItem","position":1,"name":"Home","item":"https:\/\/bidonsenshakers.nl\/de\/","nextItem":{"@type":"ListItem","@id":"https:\/\/bidonsenshakers.nl\/shop\/#listItem","name":"Shop"}},{"@type":"ListItem","@id":"https:\/\/bidonsenshakers.nl\/shop\/#listItem","position":2,"name":"Shop","item":"https:\/\/bidonsenshakers.nl\/shop\/","nextItem":{"@type":"ListItem","@id":"https:\/\/bidonsenshakers.nl\/de\/product-supplier\/a58\/#listItem","name":"A58"},"previousItem":{"@type":"ListItem","@id":"https:\/\/bidonsenshakers.nl\/de\/#listItem","name":"Home"}},{"@type":"ListItem","@id":"https:\/\/bidonsenshakers.nl\/de\/product-supplier\/a58\/#listItem","position":3,"name":"A58","item":"https:\/\/bidonsenshakers.nl\/de\/product-supplier\/a58\/","nextItem":{"@type":"ListItem","@id":"https:\/\/bidonsenshakers.nl\/de\/product\/1674\/trinkflaschen-bedrucken-recycelter-edelstahl-800-ml\/#listItem","name":"Gerecycled roestvrijstalen enkelwandige drinkfles (800 ml) Talin"},"previousItem":{"@type":"ListItem","@id":"https:\/\/bidonsenshakers.nl\/shop\/#listItem","name":"Shop"}},{"@type":"ListItem","@id":"https:\/\/bidonsenshakers.nl\/de\/product\/1674\/trinkflaschen-bedrucken-recycelter-edelstahl-800-ml\/#listItem","position":4,"name":"Gerecycled roestvrijstalen enkelwandige drinkfles (800 ml) Talin","previousItem":{"@type":"ListItem","@id":"https:\/\/bidonsenshakers.nl\/de\/product-supplier\/a58\/#listItem","name":"A58"}}]},{"@type":"Organization","@id":"https:\/\/bidonsenshakers.nl\/de\/#organization","name":"Trinkflaschen & Shakers","description":"Trinkflaschen & Shakers","url":"https:\/\/bidonsenshakers.nl\/de\/","telephone":"+31793310133","logo":{"@type":"ImageObject","url":"https:\/\/shop.hidalgo.nl\/wp-content\/uploads\/2026\/01\/cropped-Logo.png","@id":"https:\/\/bidonsenshakers.nl\/de\/product\/1674\/trinkflaschen-bedrucken-recycelter-edelstahl-800-ml\/#organizationLogo","width":600,"height":243},"image":{"@id":"https:\/\/bidonsenshakers.nl\/de\/product\/1674\/trinkflaschen-bedrucken-recycelter-edelstahl-800-ml\/#organizationLogo"},"sameAs":["https:\/\/www.facebook.com\/hidalgobagsandmore\/","https:\/\/x.com\/Hidalgo_BV\/status\/74021585866067968","https:\/\/www.instagram.com\/hidalgobagsandmore\/#","https:\/\/www.youtube.com\/@hidalgobagsandmore","https:\/\/www.linkedin.com\/in\/rutgerblommers\/"]},{"@type":"WebPage","@id":"https:\/\/bidonsenshakers.nl\/de\/product\/1674\/trinkflaschen-bedrucken-recycelter-edelstahl-800-ml\/#webpage","url":"https:\/\/bidonsenshakers.nl\/de\/product\/1674\/trinkflaschen-bedrucken-recycelter-edelstahl-800-ml\/","name":"Trinkflaschen bedrucken: Recycelter Edelstahl 800 ml","description":"Entdecke die vielseitige Trinkflasche aus recyceltem Edelstahl, ideal f\u00fcr die Arbeit oder beim Sport. Mit einem Fassungsverm\u00f6gen von 800 ml und der M\u00f6glichkeit, dein Logo aufzudrucken, setzt du ein nachhaltiges Statement. Perfekt f\u00fcr Firmen-Branding und Events.","inLanguage":"de-DE","isPartOf":{"@id":"https:\/\/bidonsenshakers.nl\/de\/#website"},"breadcrumb":{"@id":"https:\/\/bidonsenshakers.nl\/de\/product\/1674\/trinkflaschen-bedrucken-recycelter-edelstahl-800-ml\/#breadcrumblist"},"image":{"@type":"ImageObject","url":"https:\/\/shop.hidalgo.nl\/wp-content\/uploads\/2025\/04\/9756f02f97e8306a25f1a381b2df229ef812bd275875acb877f0ea25ace148de.jpg","@id":"https:\/\/bidonsenshakers.nl\/de\/product\/1674\/trinkflaschen-bedrucken-recycelter-edelstahl-800-ml\/#mainImage"},"primaryImageOfPage":{"@id":"https:\/\/bidonsenshakers.nl\/de\/product\/1674\/trinkflaschen-bedrucken-recycelter-edelstahl-800-ml\/#mainImage"},"datePublished":"2026-01-26T09:36:48+00:00","dateModified":"2026-02-17T11:56:37+00:00"},{"@type":"WebSite","@id":"https:\/\/bidonsenshakers.nl\/de\/#website","url":"https:\/\/bidonsenshakers.nl\/de\/","name":"Trinkflaschen & Shakers","description":"Trinkflaschen & Shakers","inLanguage":"de-DE","publisher":{"@id":"https:\/\/bidonsenshakers.nl\/de\/#organization"}}]},"og:locale":"de_DE","og:site_name":"Trinkflaschen &amp; Shakers - Trinkflaschen &amp; Shakers","og:type":"article","og:title":"Trinkflaschen bedrucken: Recycelter Edelstahl 800 ml","og:description":"Entdecke die vielseitige Trinkflasche aus recyceltem Edelstahl, ideal f\u00fcr die Arbeit oder beim Sport. Mit einem Fassungsverm\u00f6gen von 800 ml und der M\u00f6glichkeit, dein Logo aufzudrucken, setzt du ein nachhaltiges Statement. Perfekt f\u00fcr Firmen-Branding und Events.","og:url":"https:\/\/bidonsenshakers.nl\/de\/wp-json\/wp\/v2\/product\/1674","og:image":"https:\/\/shop.hidalgo.nl\/wp-content\/uploads\/2026\/01\/cropped-Logo.png","og:image:secure_url":"https:\/\/shop.hidalgo.nl\/wp-content\/uploads\/2026\/01\/cropped-Logo.png","article:published_time":"2026-01-26T09:36:48+00:00","article:modified_time":"2026-02-17T11:56:37+00:00","article:publisher":"https:\/\/www.facebook.com\/hidalgobagsandmore\/","twitter:card":"summary_large_image","twitter:site":"@Hidalgo_BV","twitter:title":"Trinkflaschen bedrucken: Recycelter Edelstahl 800 ml","twitter:description":"Entdecke die vielseitige Trinkflasche aus recyceltem Edelstahl, ideal f\u00fcr die Arbeit oder beim Sport. Mit einem Fassungsverm\u00f6gen von 800 ml und der M\u00f6glichkeit, dein Logo aufzudrucken, setzt du ein nachhaltiges Statement. Perfekt f\u00fcr Firmen-Branding und Events.","twitter:image":"https:\/\/shop.hidalgo.nl\/wp-content\/uploads\/2026\/01\/cropped-Logo.png"},"aioseo_meta_data":{"post_id":"1674","title":null,"description":null,"keywords":null,"keyphrases":null,"canonical_url":null,"og_title":null,"og_description":null,"og_object_type":"default","og_image_type":"default","og_image_custom_url":null,"og_image_custom_fields":null,"og_custom_image_width":null,"og_custom_image_height":null,"og_video":null,"og_custom_url":null,"og_article_section":null,"og_article_tags":null,"twitter_use_og":false,"twitter_card":"default","twitter_image_type":"default","twitter_image_custom_url":null,"twitter_image_custom_fields":null,"twitter_title":null,"twitter_description":null,"schema_type":null,"schema_type_options":null,"pillar_content":false,"robots_default":true,"robots_noindex":false,"robots_noarchive":false,"robots_nosnippet":false,"robots_nofollow":false,"robots_noimageindex":false,"robots_noodp":false,"robots_notranslate":false,"robots_max_snippet":null,"robots_max_videopreview":null,"robots_max_imagepreview":"none","tabs":null,"priority":null,"frequency":null,"local_seo":null,"created":"2026-01-26 09:43:55","updated":"2026-02-17 15:19:43"},"aioseo_breadcrumb":"<div class=\"aioseo-breadcrumbs\"><span class=\"aioseo-breadcrumb\">\n\t<a href=\"https:\/\/bidonsenshakers.nl\/de\/\" title=\"Home\">Home<\/a>\n<\/span><span class=\"aioseo-breadcrumb-separator\">\u00bb<\/span><span class=\"aioseo-breadcrumb\">\n\t<a href=\"https:\/\/bidonsenshakers.nl\/shop\/\" title=\"Shop\">Shop<\/a>\n<\/span><span class=\"aioseo-breadcrumb-separator\">\u00bb<\/span><span class=\"aioseo-breadcrumb\">\n\t<a href=\"https:\/\/bidonsenshakers.nl\/de\/product-supplier\/a58\/\" title=\"A58\">A58<\/a>\n<\/span><span class=\"aioseo-breadcrumb-separator\">\u00bb<\/span><span class=\"aioseo-breadcrumb\">\n\tGerecycled roestvrijstalen enkelwandige drinkfles (800 ml) Talin\n<\/span><\/div>","aioseo_breadcrumb_json":[{"label":"Home","link":"https:\/\/bidonsenshakers.nl\/de\/"},{"label":"Shop","link":"https:\/\/bidonsenshakers.nl\/shop\/"},{"label":"A58","link":"https:\/\/bidonsenshakers.nl\/de\/product-supplier\/a58\/"},{"label":"Gerecycled roestvrijstalen enkelwandige drinkfles (800 ml) Talin","link":"https:\/\/bidonsenshakers.nl\/de\/product\/1674\/trinkflaschen-bedrucken-recycelter-edelstahl-800-ml\/"}],"_links":{"self":[{"href":"https:\/\/bidonsenshakers.nl\/de\/wp-json\/wp\/v2\/product\/1674","targetHints":{"allow":["GET"]}}],"collection":[{"href":"https:\/\/bidonsenshakers.nl\/de\/wp-json\/wp\/v2\/product"}],"about":[{"href":"https:\/\/bidonsenshakers.nl\/de\/wp-json\/wp\/v2\/types\/product"}],"wp:featuredmedia":[{"embeddable":true,"href":"https:\/\/bidonsenshakers.nl\/de\/wp-json\/wp\/v2\/media\/1675"}],"wp:attachment":[{"href":"https:\/\/bidonsenshakers.nl\/de\/wp-json\/wp\/v2\/media?parent=1674"}],"wp:term":[{"taxonomy":"product_brand","embeddable":true,"href":"https:\/\/bidonsenshakers.nl\/de\/wp-json\/wp\/v2\/product_brand?post=1674"},{"taxonomy":"product_cat","embeddable":true,"href":"https:\/\/bidonsenshakers.nl\/de\/wp-json\/wp\/v2\/product_cat?post=1674"},{"taxonomy":"product_tag","embeddable":true,"href":"https:\/\/bidonsenshakers.nl\/de\/wp-json\/wp\/v2\/product_tag?post=1674"}],"curies":[{"name":"wp","href":"https:\/\/api.w.org\/{rel}","templated":true}]}}