{"id":1688,"date":"2026-01-26T09:36:49","date_gmt":"2026-01-26T09:36:49","guid":{"rendered":"https:\/\/bidonsenshakers.shop.hidalgo.nl\/product\/gerecycled-roestvrijstalen-dubbelwandige-drinkfles-500-ml-sena\/"},"modified":"2026-02-17T11:56:37","modified_gmt":"2026-02-17T11:56:37","slug":"gerecycled-roestvrijstalen-dubbelwandige-drinkfles-500-ml-sena","status":"publish","type":"product","link":"https:\/\/bidonsenshakers.nl\/de\/product\/1688\/edelstahl-trinkflasche-mit-logo-doppelwandig-recycelt-500-ml\/","title":{"rendered":"Gerecycled roestvrijstalen dubbelwandige drinkfles (500 ml) Sena"},"content":{"rendered":"<p>Gerecycled roestvrijstalen dubbelwandige vacu\u00fcm drinkfles (500 ml) met een binnenzijde van roestvrij staal 304 en een buitenzijde van roestvrij staal 201. Afgewerkt met een rubberen coating voor een zachte grip. Voorzien van een schroefdeksel van PP met metalen detail en een siliconen draaglus. Inclusief gerecycled roestvrijstalen logo aan de voorkant. Individueel verpakt in een bruine kartonnen doos.<\/p>\n","protected":false},"excerpt":{"rendered":"<p>Gerecycled roestvrijstalen dubbelwandige vacu\u00fcm drinkfles (500 ml) met een binnenzijde van roestvrij staal 304 en een buitenzijde van roestvrij staal 201. Afgewerkt met een rubberen coating voor een zachte grip. Voorzien van een schroefdeksel van PP met metalen detail en een siliconen draaglus. Inclusief gerecycled roestvrijstalen logo aan de voorkant. Individueel verpakt in een bruine&hellip; <a class=\"more-link\" href=\"https:\/\/bidonsenshakers.nl\/de\/product\/1688\/edelstahl-trinkflasche-mit-logo-doppelwandig-recycelt-500-ml\/\"><span class=\"screen-reader-text\">Gerecycled roestvrijstalen dubbelwandige drinkfles (500 ml) Sena<\/span> weiterlesen<\/a><\/p>\n","protected":false},"featured_media":1689,"template":"","meta":{"_acf_changed":false,"om_disable_all_campaigns":false,"_monsterinsights_skip_tracking":false,"_monsterinsights_sitenote_active":false,"_monsterinsights_sitenote_note":"","_monsterinsights_sitenote_category":0},"product_brand":[133],"product_cat":[360,202],"product_tag":[],"class_list":{"0":"post-1688","1":"product","2":"type-product","3":"status-publish","4":"has-post-thumbnail","6":"product_supplier-a58","7":"product_material-pp","8":"product_material-rvs-201","9":"product_material-rvs-304","10":"product_material-silicone","11":"product_brand-impression","12":"product_cat-bio","13":"product_cat-thermosflessen","14":"entry","16":"first","17":"instock","18":"taxable","19":"shipping-taxable","20":"purchasable","21":"product-type-variable"},"acf":{"imprint_cost":[{"imprint_cost_key":"e23bc0bb5e2ff3e39398b37c1c12e68d4f0862a4","product_quantity_price_range":[{"imprint_cost_recommended_selling_price":"4.03","imprint_cost_recommended_selling_quantity":"1"},{"imprint_cost_recommended_selling_price":"2.78","imprint_cost_recommended_selling_quantity":"25"},{"imprint_cost_recommended_selling_price":"1.63","imprint_cost_recommended_selling_quantity":"50"},{"imprint_cost_recommended_selling_price":"1.34","imprint_cost_recommended_selling_quantity":"100"},{"imprint_cost_recommended_selling_price":"1.05","imprint_cost_recommended_selling_quantity":"250"},{"imprint_cost_recommended_selling_price":"0.91","imprint_cost_recommended_selling_quantity":"500"},{"imprint_cost_recommended_selling_price":"0.8","imprint_cost_recommended_selling_quantity":"1000"},{"imprint_cost_recommended_selling_price":"0.68","imprint_cost_recommended_selling_quantity":"2500"}],"product_quantity_price_range_buying":false,"imprint_cost_setup_costs":"30.77","imprint_cost_handling_costs":"0.2"},{"imprint_cost_key":"fab9a1fc7b1092ede425745612f7cf0ca44c1d7a","product_quantity_price_range":[{"imprint_cost_recommended_selling_price":"2.66","imprint_cost_recommended_selling_quantity":"1"},{"imprint_cost_recommended_selling_price":"1.63","imprint_cost_recommended_selling_quantity":"25"},{"imprint_cost_recommended_selling_price":"1.22","imprint_cost_recommended_selling_quantity":"50"},{"imprint_cost_recommended_selling_price":"0.88","imprint_cost_recommended_selling_quantity":"100"},{"imprint_cost_recommended_selling_price":"0.52","imprint_cost_recommended_selling_quantity":"250"},{"imprint_cost_recommended_selling_price":"0.43","imprint_cost_recommended_selling_quantity":"500"},{"imprint_cost_recommended_selling_price":"0.37","imprint_cost_recommended_selling_quantity":"1000"},{"imprint_cost_recommended_selling_price":"0.29","imprint_cost_recommended_selling_quantity":"2500"}],"product_quantity_price_range_buying":false,"imprint_cost_setup_costs":"30.77","imprint_cost_handling_costs":"0.2"},{"imprint_cost_key":"3da8ecb8fa0fc23190f9558d3b88802e71337131","product_quantity_price_range":[{"imprint_cost_recommended_selling_price":"4.14","imprint_cost_recommended_selling_quantity":"1"},{"imprint_cost_recommended_selling_price":"2.97","imprint_cost_recommended_selling_quantity":"25"},{"imprint_cost_recommended_selling_price":"1.8","imprint_cost_recommended_selling_quantity":"50"},{"imprint_cost_recommended_selling_price":"1.52","imprint_cost_recommended_selling_quantity":"100"},{"imprint_cost_recommended_selling_price":"1.26","imprint_cost_recommended_selling_quantity":"250"},{"imprint_cost_recommended_selling_price":"1.15","imprint_cost_recommended_selling_quantity":"500"},{"imprint_cost_recommended_selling_price":"1.06","imprint_cost_recommended_selling_quantity":"1000"},{"imprint_cost_recommended_selling_price":"0.95","imprint_cost_recommended_selling_quantity":"2500"}],"product_quantity_price_range_buying":false,"imprint_cost_setup_costs":"30.77","imprint_cost_handling_costs":"0.2"},{"imprint_cost_key":"9ddaa325042b1c94aa32f8e8b23001935d1bc5da","product_quantity_price_range":[{"imprint_cost_recommended_selling_price":"4.34","imprint_cost_recommended_selling_quantity":"1"},{"imprint_cost_recommended_selling_price":"3.37","imprint_cost_recommended_selling_quantity":"25"},{"imprint_cost_recommended_selling_price":"2.23","imprint_cost_recommended_selling_quantity":"50"},{"imprint_cost_recommended_selling_price":"1.78","imprint_cost_recommended_selling_quantity":"100"},{"imprint_cost_recommended_selling_price":"1.35","imprint_cost_recommended_selling_quantity":"250"},{"imprint_cost_recommended_selling_price":"1.29","imprint_cost_recommended_selling_quantity":"500"},{"imprint_cost_recommended_selling_price":"1.28","imprint_cost_recommended_selling_quantity":"1000"}],"product_quantity_price_range_buying":false,"imprint_cost_setup_costs":"30.77","imprint_cost_handling_costs":"0.2"},{"imprint_cost_key":"16caff6d848a672643337544bc185ea6a4272a06","product_quantity_price_range":[{"imprint_cost_recommended_selling_price":"2.71","imprint_cost_recommended_selling_quantity":"1"},{"imprint_cost_recommended_selling_price":"2.46","imprint_cost_recommended_selling_quantity":"25"},{"imprint_cost_recommended_selling_price":"2.12","imprint_cost_recommended_selling_quantity":"50"},{"imprint_cost_recommended_selling_price":"1.83","imprint_cost_recommended_selling_quantity":"100"},{"imprint_cost_recommended_selling_price":"1.55","imprint_cost_recommended_selling_quantity":"250"},{"imprint_cost_recommended_selling_price":"1.34","imprint_cost_recommended_selling_quantity":"500"},{"imprint_cost_recommended_selling_price":"1.25","imprint_cost_recommended_selling_quantity":"1000"},{"imprint_cost_recommended_selling_price":"1.18","imprint_cost_recommended_selling_quantity":"2500"},{"imprint_cost_recommended_selling_price":"1.14","imprint_cost_recommended_selling_quantity":"5000"},{"imprint_cost_recommended_selling_price":"1.11","imprint_cost_recommended_selling_quantity":"10000"},{"imprint_cost_recommended_selling_price":"1.09","imprint_cost_recommended_selling_quantity":"25000"}],"product_quantity_price_range_buying":false,"imprint_cost_setup_costs":"51.54","imprint_cost_handling_costs":"0.2"},{"imprint_cost_key":"dc22588c1e9d034ed4d174e400e026e2acddced3","product_quantity_price_range":[{"imprint_cost_recommended_selling_price":"3.03","imprint_cost_recommended_selling_quantity":"1"},{"imprint_cost_recommended_selling_price":"2.62","imprint_cost_recommended_selling_quantity":"25"},{"imprint_cost_recommended_selling_price":"2.4","imprint_cost_recommended_selling_quantity":"50"},{"imprint_cost_recommended_selling_price":"2.2","imprint_cost_recommended_selling_quantity":"100"},{"imprint_cost_recommended_selling_price":"2","imprint_cost_recommended_selling_quantity":"250"},{"imprint_cost_recommended_selling_price":"1.85","imprint_cost_recommended_selling_quantity":"500"},{"imprint_cost_recommended_selling_price":"1.75","imprint_cost_recommended_selling_quantity":"1000"},{"imprint_cost_recommended_selling_price":"1.66","imprint_cost_recommended_selling_quantity":"2500"},{"imprint_cost_recommended_selling_price":"1.54","imprint_cost_recommended_selling_quantity":"5000"}],"product_quantity_price_range_buying":false,"imprint_cost_setup_costs":"51.54","imprint_cost_handling_costs":"0.2"},{"imprint_cost_key":"76c49aef8acdf4792ce1bdc9f13f65be38269647","product_quantity_price_range":[{"imprint_cost_recommended_selling_price":"3.38","imprint_cost_recommended_selling_quantity":"1"},{"imprint_cost_recommended_selling_price":"2.98","imprint_cost_recommended_selling_quantity":"25"},{"imprint_cost_recommended_selling_price":"2.58","imprint_cost_recommended_selling_quantity":"50"},{"imprint_cost_recommended_selling_price":"2.37","imprint_cost_recommended_selling_quantity":"100"},{"imprint_cost_recommended_selling_price":"2.15","imprint_cost_recommended_selling_quantity":"250"},{"imprint_cost_recommended_selling_price":"1.97","imprint_cost_recommended_selling_quantity":"500"},{"imprint_cost_recommended_selling_price":"1.82","imprint_cost_recommended_selling_quantity":"1000"},{"imprint_cost_recommended_selling_price":"1.71","imprint_cost_recommended_selling_quantity":"2500"},{"imprint_cost_recommended_selling_price":"1.6","imprint_cost_recommended_selling_quantity":"5000"}],"product_quantity_price_range_buying":false,"imprint_cost_setup_costs":"51.54","imprint_cost_handling_costs":"0.2"}]},"aioseo_notices":[],"aioseo_head":"\n\t\t<!-- All in One SEO Pro 4.9.6.1 - aioseo.com -->\n\t<meta name=\"description\" content=\"Diese elegante Flasche aus wiederverwertbarem Edelstahl h\u00e4lt deine Getr\u00e4nke dank Vakuumisolierung bei optimaler Temperatur. Perfekt f\u00fcr das B\u00fcro, unterwegs oder als individuelles Firmengeschenk. Personalisiere sie mit deinem eigenen Logo und hinterlasse einen bleibenden Eindruck.\" \/>\n\t<meta name=\"robots\" content=\"max-image-preview:large\" \/>\n\t<meta name=\"google-site-verification\" content=\"BBMiYHShnVBoc8v9xoHf0FXMC27otVB0wiWxw_hFRrM\" \/>\n\t<link rel=\"canonical\" href=\"https:\/\/bidonsenshakers.nl\/de\/wp-json\/wp\/v2\/product\/1688\" \/>\n\t<meta name=\"generator\" content=\"All in One SEO Pro (AIOSEO) 4.9.6.1\" \/>\n\t\t<meta property=\"og:locale\" content=\"de_DE\" \/>\n\t\t<meta property=\"og:site_name\" content=\"Trinkflaschen &amp; Shakers - Trinkflaschen &amp; Shakers\" \/>\n\t\t<meta property=\"og:type\" content=\"article\" \/>\n\t\t<meta property=\"og:title\" content=\"Edelstahl Trinkflasche mit Logo doppelwandig recycelt 500 ml\" \/>\n\t\t<meta property=\"og:description\" content=\"Diese elegante Flasche aus wiederverwertbarem Edelstahl h\u00e4lt deine Getr\u00e4nke dank Vakuumisolierung bei optimaler Temperatur. Perfekt f\u00fcr das B\u00fcro, unterwegs oder als individuelles Firmengeschenk. Personalisiere sie mit deinem eigenen Logo und hinterlasse einen bleibenden Eindruck.\" \/>\n\t\t<meta property=\"og:url\" content=\"https:\/\/bidonsenshakers.nl\/de\/wp-json\/wp\/v2\/product\/1688\" \/>\n\t\t<meta property=\"og:image\" content=\"https:\/\/shop.hidalgo.nl\/wp-content\/uploads\/2026\/01\/cropped-Logo.png\" \/>\n\t\t<meta property=\"og:image:secure_url\" content=\"https:\/\/shop.hidalgo.nl\/wp-content\/uploads\/2026\/01\/cropped-Logo.png\" \/>\n\t\t<meta property=\"article:published_time\" content=\"2026-01-26T09:36:49+00:00\" \/>\n\t\t<meta property=\"article:modified_time\" content=\"2026-02-17T11:56:37+00:00\" \/>\n\t\t<meta property=\"article:publisher\" content=\"https:\/\/www.facebook.com\/hidalgobagsandmore\/\" \/>\n\t\t<meta name=\"twitter:card\" content=\"summary_large_image\" \/>\n\t\t<meta name=\"twitter:site\" content=\"@Hidalgo_BV\" \/>\n\t\t<meta name=\"twitter:title\" content=\"Edelstahl Trinkflasche mit Logo doppelwandig recycelt 500 ml\" \/>\n\t\t<meta name=\"twitter:description\" content=\"Diese elegante Flasche aus wiederverwertbarem Edelstahl h\u00e4lt deine Getr\u00e4nke dank Vakuumisolierung bei optimaler Temperatur. Perfekt f\u00fcr das B\u00fcro, unterwegs oder als individuelles Firmengeschenk. Personalisiere sie mit deinem eigenen Logo und hinterlasse einen bleibenden Eindruck.\" \/>\n\t\t<meta name=\"twitter:image\" content=\"https:\/\/shop.hidalgo.nl\/wp-content\/uploads\/2026\/01\/cropped-Logo.png\" \/>\n\t\t<script type=\"application\/ld+json\" class=\"aioseo-schema\">\n\t\t\t{\"@context\":\"https:\\\/\\\/schema.org\",\"@graph\":[{\"@type\":\"BreadcrumbList\",\"@id\":\"https:\\\/\\\/bidonsenshakers.nl\\\/de\\\/product\\\/1688\\\/edelstahl-trinkflasche-mit-logo-doppelwandig-recycelt-500-ml\\\/#breadcrumblist\",\"itemListElement\":[{\"@type\":\"ListItem\",\"@id\":\"https:\\\/\\\/bidonsenshakers.nl\\\/de\\\/#listItem\",\"position\":1,\"name\":\"Home\",\"item\":\"https:\\\/\\\/bidonsenshakers.nl\\\/de\\\/\",\"nextItem\":{\"@type\":\"ListItem\",\"@id\":\"https:\\\/\\\/bidonsenshakers.nl\\\/shop\\\/#listItem\",\"name\":\"Shop\"}},{\"@type\":\"ListItem\",\"@id\":\"https:\\\/\\\/bidonsenshakers.nl\\\/shop\\\/#listItem\",\"position\":2,\"name\":\"Shop\",\"item\":\"https:\\\/\\\/bidonsenshakers.nl\\\/shop\\\/\",\"nextItem\":{\"@type\":\"ListItem\",\"@id\":\"https:\\\/\\\/bidonsenshakers.nl\\\/de\\\/product-supplier\\\/a58\\\/#listItem\",\"name\":\"A58\"},\"previousItem\":{\"@type\":\"ListItem\",\"@id\":\"https:\\\/\\\/bidonsenshakers.nl\\\/de\\\/#listItem\",\"name\":\"Home\"}},{\"@type\":\"ListItem\",\"@id\":\"https:\\\/\\\/bidonsenshakers.nl\\\/de\\\/product-supplier\\\/a58\\\/#listItem\",\"position\":3,\"name\":\"A58\",\"item\":\"https:\\\/\\\/bidonsenshakers.nl\\\/de\\\/product-supplier\\\/a58\\\/\",\"nextItem\":{\"@type\":\"ListItem\",\"@id\":\"https:\\\/\\\/bidonsenshakers.nl\\\/de\\\/product\\\/1688\\\/edelstahl-trinkflasche-mit-logo-doppelwandig-recycelt-500-ml\\\/#listItem\",\"name\":\"Gerecycled roestvrijstalen dubbelwandige drinkfles (500 ml) Sena\"},\"previousItem\":{\"@type\":\"ListItem\",\"@id\":\"https:\\\/\\\/bidonsenshakers.nl\\\/shop\\\/#listItem\",\"name\":\"Shop\"}},{\"@type\":\"ListItem\",\"@id\":\"https:\\\/\\\/bidonsenshakers.nl\\\/de\\\/product\\\/1688\\\/edelstahl-trinkflasche-mit-logo-doppelwandig-recycelt-500-ml\\\/#listItem\",\"position\":4,\"name\":\"Gerecycled roestvrijstalen dubbelwandige drinkfles (500 ml) Sena\",\"previousItem\":{\"@type\":\"ListItem\",\"@id\":\"https:\\\/\\\/bidonsenshakers.nl\\\/de\\\/product-supplier\\\/a58\\\/#listItem\",\"name\":\"A58\"}}]},{\"@type\":\"Organization\",\"@id\":\"https:\\\/\\\/bidonsenshakers.nl\\\/de\\\/#organization\",\"name\":\"Trinkflaschen & Shakers\",\"description\":\"Trinkflaschen & Shakers\",\"url\":\"https:\\\/\\\/bidonsenshakers.nl\\\/de\\\/\",\"telephone\":\"+31793310133\",\"logo\":{\"@type\":\"ImageObject\",\"url\":\"https:\\\/\\\/shop.hidalgo.nl\\\/wp-content\\\/uploads\\\/2026\\\/01\\\/cropped-Logo.png\",\"@id\":\"https:\\\/\\\/bidonsenshakers.nl\\\/de\\\/product\\\/1688\\\/edelstahl-trinkflasche-mit-logo-doppelwandig-recycelt-500-ml\\\/#organizationLogo\",\"width\":600,\"height\":243},\"image\":{\"@id\":\"https:\\\/\\\/bidonsenshakers.nl\\\/de\\\/product\\\/1688\\\/edelstahl-trinkflasche-mit-logo-doppelwandig-recycelt-500-ml\\\/#organizationLogo\"},\"sameAs\":[\"https:\\\/\\\/www.facebook.com\\\/hidalgobagsandmore\\\/\",\"https:\\\/\\\/x.com\\\/Hidalgo_BV\\\/status\\\/74021585866067968\",\"https:\\\/\\\/www.instagram.com\\\/hidalgobagsandmore\\\/#\",\"https:\\\/\\\/www.youtube.com\\\/@hidalgobagsandmore\",\"https:\\\/\\\/www.linkedin.com\\\/in\\\/rutgerblommers\\\/\"]},{\"@type\":\"WebPage\",\"@id\":\"https:\\\/\\\/bidonsenshakers.nl\\\/de\\\/product\\\/1688\\\/edelstahl-trinkflasche-mit-logo-doppelwandig-recycelt-500-ml\\\/#webpage\",\"url\":\"https:\\\/\\\/bidonsenshakers.nl\\\/de\\\/product\\\/1688\\\/edelstahl-trinkflasche-mit-logo-doppelwandig-recycelt-500-ml\\\/\",\"name\":\"Edelstahl Trinkflasche mit Logo doppelwandig recycelt 500 ml\",\"description\":\"Diese elegante Flasche aus wiederverwertbarem Edelstahl h\\u00e4lt deine Getr\\u00e4nke dank Vakuumisolierung bei optimaler Temperatur. Perfekt f\\u00fcr das B\\u00fcro, unterwegs oder als individuelles Firmengeschenk. Personalisiere sie mit deinem eigenen Logo und hinterlasse einen bleibenden Eindruck.\",\"inLanguage\":\"de-DE\",\"isPartOf\":{\"@id\":\"https:\\\/\\\/bidonsenshakers.nl\\\/de\\\/#website\"},\"breadcrumb\":{\"@id\":\"https:\\\/\\\/bidonsenshakers.nl\\\/de\\\/product\\\/1688\\\/edelstahl-trinkflasche-mit-logo-doppelwandig-recycelt-500-ml\\\/#breadcrumblist\"},\"image\":{\"@type\":\"ImageObject\",\"url\":\"https:\\\/\\\/shop.hidalgo.nl\\\/wp-content\\\/uploads\\\/2025\\\/04\\\/fda68c5fe6deeb2df661454707862d8f09dbae1c5e4bbed35c8708effb1bbc57.jpg\",\"@id\":\"https:\\\/\\\/bidonsenshakers.nl\\\/de\\\/product\\\/1688\\\/edelstahl-trinkflasche-mit-logo-doppelwandig-recycelt-500-ml\\\/#mainImage\"},\"primaryImageOfPage\":{\"@id\":\"https:\\\/\\\/bidonsenshakers.nl\\\/de\\\/product\\\/1688\\\/edelstahl-trinkflasche-mit-logo-doppelwandig-recycelt-500-ml\\\/#mainImage\"},\"datePublished\":\"2026-01-26T09:36:49+00:00\",\"dateModified\":\"2026-02-17T11:56:37+00:00\"},{\"@type\":\"WebSite\",\"@id\":\"https:\\\/\\\/bidonsenshakers.nl\\\/de\\\/#website\",\"url\":\"https:\\\/\\\/bidonsenshakers.nl\\\/de\\\/\",\"name\":\"Trinkflaschen & Shakers\",\"description\":\"Trinkflaschen & Shakers\",\"inLanguage\":\"de-DE\",\"publisher\":{\"@id\":\"https:\\\/\\\/bidonsenshakers.nl\\\/de\\\/#organization\"}}]}\n\t\t<\/script>\n\t\t<!-- All in One SEO Pro -->\r\n\t\t<title>Edelstahl Trinkflasche mit Logo doppelwandig recycelt 500 ml<\/title>\n\n","aioseo_head_json":{"title":"Edelstahl Trinkflasche mit Logo doppelwandig recycelt 500 ml","description":"Diese elegante Flasche aus wiederverwertbarem Edelstahl h\u00e4lt deine Getr\u00e4nke dank Vakuumisolierung bei optimaler Temperatur. Perfekt f\u00fcr das B\u00fcro, unterwegs oder als individuelles Firmengeschenk. Personalisiere sie mit deinem eigenen Logo und hinterlasse einen bleibenden Eindruck.","canonical_url":"https:\/\/bidonsenshakers.nl\/de\/wp-json\/wp\/v2\/product\/1688","robots":"max-image-preview:large","keywords":"","webmasterTools":{"google-site-verification":"BBMiYHShnVBoc8v9xoHf0FXMC27otVB0wiWxw_hFRrM","miscellaneous":""},"schema":{"@context":"https:\/\/schema.org","@graph":[{"@type":"BreadcrumbList","@id":"https:\/\/bidonsenshakers.nl\/de\/product\/1688\/edelstahl-trinkflasche-mit-logo-doppelwandig-recycelt-500-ml\/#breadcrumblist","itemListElement":[{"@type":"ListItem","@id":"https:\/\/bidonsenshakers.nl\/de\/#listItem","position":1,"name":"Home","item":"https:\/\/bidonsenshakers.nl\/de\/","nextItem":{"@type":"ListItem","@id":"https:\/\/bidonsenshakers.nl\/shop\/#listItem","name":"Shop"}},{"@type":"ListItem","@id":"https:\/\/bidonsenshakers.nl\/shop\/#listItem","position":2,"name":"Shop","item":"https:\/\/bidonsenshakers.nl\/shop\/","nextItem":{"@type":"ListItem","@id":"https:\/\/bidonsenshakers.nl\/de\/product-supplier\/a58\/#listItem","name":"A58"},"previousItem":{"@type":"ListItem","@id":"https:\/\/bidonsenshakers.nl\/de\/#listItem","name":"Home"}},{"@type":"ListItem","@id":"https:\/\/bidonsenshakers.nl\/de\/product-supplier\/a58\/#listItem","position":3,"name":"A58","item":"https:\/\/bidonsenshakers.nl\/de\/product-supplier\/a58\/","nextItem":{"@type":"ListItem","@id":"https:\/\/bidonsenshakers.nl\/de\/product\/1688\/edelstahl-trinkflasche-mit-logo-doppelwandig-recycelt-500-ml\/#listItem","name":"Gerecycled roestvrijstalen dubbelwandige drinkfles (500 ml) Sena"},"previousItem":{"@type":"ListItem","@id":"https:\/\/bidonsenshakers.nl\/shop\/#listItem","name":"Shop"}},{"@type":"ListItem","@id":"https:\/\/bidonsenshakers.nl\/de\/product\/1688\/edelstahl-trinkflasche-mit-logo-doppelwandig-recycelt-500-ml\/#listItem","position":4,"name":"Gerecycled roestvrijstalen dubbelwandige drinkfles (500 ml) Sena","previousItem":{"@type":"ListItem","@id":"https:\/\/bidonsenshakers.nl\/de\/product-supplier\/a58\/#listItem","name":"A58"}}]},{"@type":"Organization","@id":"https:\/\/bidonsenshakers.nl\/de\/#organization","name":"Trinkflaschen & Shakers","description":"Trinkflaschen & Shakers","url":"https:\/\/bidonsenshakers.nl\/de\/","telephone":"+31793310133","logo":{"@type":"ImageObject","url":"https:\/\/shop.hidalgo.nl\/wp-content\/uploads\/2026\/01\/cropped-Logo.png","@id":"https:\/\/bidonsenshakers.nl\/de\/product\/1688\/edelstahl-trinkflasche-mit-logo-doppelwandig-recycelt-500-ml\/#organizationLogo","width":600,"height":243},"image":{"@id":"https:\/\/bidonsenshakers.nl\/de\/product\/1688\/edelstahl-trinkflasche-mit-logo-doppelwandig-recycelt-500-ml\/#organizationLogo"},"sameAs":["https:\/\/www.facebook.com\/hidalgobagsandmore\/","https:\/\/x.com\/Hidalgo_BV\/status\/74021585866067968","https:\/\/www.instagram.com\/hidalgobagsandmore\/#","https:\/\/www.youtube.com\/@hidalgobagsandmore","https:\/\/www.linkedin.com\/in\/rutgerblommers\/"]},{"@type":"WebPage","@id":"https:\/\/bidonsenshakers.nl\/de\/product\/1688\/edelstahl-trinkflasche-mit-logo-doppelwandig-recycelt-500-ml\/#webpage","url":"https:\/\/bidonsenshakers.nl\/de\/product\/1688\/edelstahl-trinkflasche-mit-logo-doppelwandig-recycelt-500-ml\/","name":"Edelstahl Trinkflasche mit Logo doppelwandig recycelt 500 ml","description":"Diese elegante Flasche aus wiederverwertbarem Edelstahl h\u00e4lt deine Getr\u00e4nke dank Vakuumisolierung bei optimaler Temperatur. Perfekt f\u00fcr das B\u00fcro, unterwegs oder als individuelles Firmengeschenk. Personalisiere sie mit deinem eigenen Logo und hinterlasse einen bleibenden Eindruck.","inLanguage":"de-DE","isPartOf":{"@id":"https:\/\/bidonsenshakers.nl\/de\/#website"},"breadcrumb":{"@id":"https:\/\/bidonsenshakers.nl\/de\/product\/1688\/edelstahl-trinkflasche-mit-logo-doppelwandig-recycelt-500-ml\/#breadcrumblist"},"image":{"@type":"ImageObject","url":"https:\/\/shop.hidalgo.nl\/wp-content\/uploads\/2025\/04\/fda68c5fe6deeb2df661454707862d8f09dbae1c5e4bbed35c8708effb1bbc57.jpg","@id":"https:\/\/bidonsenshakers.nl\/de\/product\/1688\/edelstahl-trinkflasche-mit-logo-doppelwandig-recycelt-500-ml\/#mainImage"},"primaryImageOfPage":{"@id":"https:\/\/bidonsenshakers.nl\/de\/product\/1688\/edelstahl-trinkflasche-mit-logo-doppelwandig-recycelt-500-ml\/#mainImage"},"datePublished":"2026-01-26T09:36:49+00:00","dateModified":"2026-02-17T11:56:37+00:00"},{"@type":"WebSite","@id":"https:\/\/bidonsenshakers.nl\/de\/#website","url":"https:\/\/bidonsenshakers.nl\/de\/","name":"Trinkflaschen & Shakers","description":"Trinkflaschen & Shakers","inLanguage":"de-DE","publisher":{"@id":"https:\/\/bidonsenshakers.nl\/de\/#organization"}}]},"og:locale":"de_DE","og:site_name":"Trinkflaschen &amp; Shakers - Trinkflaschen &amp; Shakers","og:type":"article","og:title":"Edelstahl Trinkflasche mit Logo doppelwandig recycelt 500 ml","og:description":"Diese elegante Flasche aus wiederverwertbarem Edelstahl h\u00e4lt deine Getr\u00e4nke dank Vakuumisolierung bei optimaler Temperatur. Perfekt f\u00fcr das B\u00fcro, unterwegs oder als individuelles Firmengeschenk. Personalisiere sie mit deinem eigenen Logo und hinterlasse einen bleibenden Eindruck.","og:url":"https:\/\/bidonsenshakers.nl\/de\/wp-json\/wp\/v2\/product\/1688","og:image":"https:\/\/shop.hidalgo.nl\/wp-content\/uploads\/2026\/01\/cropped-Logo.png","og:image:secure_url":"https:\/\/shop.hidalgo.nl\/wp-content\/uploads\/2026\/01\/cropped-Logo.png","article:published_time":"2026-01-26T09:36:49+00:00","article:modified_time":"2026-02-17T11:56:37+00:00","article:publisher":"https:\/\/www.facebook.com\/hidalgobagsandmore\/","twitter:card":"summary_large_image","twitter:site":"@Hidalgo_BV","twitter:title":"Edelstahl Trinkflasche mit Logo doppelwandig recycelt 500 ml","twitter:description":"Diese elegante Flasche aus wiederverwertbarem Edelstahl h\u00e4lt deine Getr\u00e4nke dank Vakuumisolierung bei optimaler Temperatur. Perfekt f\u00fcr das B\u00fcro, unterwegs oder als individuelles Firmengeschenk. Personalisiere sie mit deinem eigenen Logo und hinterlasse einen bleibenden Eindruck.","twitter:image":"https:\/\/shop.hidalgo.nl\/wp-content\/uploads\/2026\/01\/cropped-Logo.png"},"aioseo_meta_data":{"post_id":"1688","title":null,"description":null,"keywords":null,"keyphrases":null,"canonical_url":null,"og_title":null,"og_description":null,"og_object_type":"default","og_image_type":"default","og_image_custom_url":null,"og_image_custom_fields":null,"og_custom_image_width":null,"og_custom_image_height":null,"og_video":null,"og_custom_url":null,"og_article_section":null,"og_article_tags":null,"twitter_use_og":false,"twitter_card":"default","twitter_image_type":"default","twitter_image_custom_url":null,"twitter_image_custom_fields":null,"twitter_title":null,"twitter_description":null,"schema_type":null,"schema_type_options":null,"pillar_content":false,"robots_default":true,"robots_noindex":false,"robots_noarchive":false,"robots_nosnippet":false,"robots_nofollow":false,"robots_noimageindex":false,"robots_noodp":false,"robots_notranslate":false,"robots_max_snippet":null,"robots_max_videopreview":null,"robots_max_imagepreview":"none","tabs":null,"priority":null,"frequency":null,"local_seo":null,"created":"2026-01-26 09:43:55","updated":"2026-02-17 15:19:44"},"aioseo_breadcrumb":"<div class=\"aioseo-breadcrumbs\"><span class=\"aioseo-breadcrumb\">\n\t<a href=\"https:\/\/bidonsenshakers.nl\/de\/\" title=\"Home\">Home<\/a>\n<\/span><span class=\"aioseo-breadcrumb-separator\">\u00bb<\/span><span class=\"aioseo-breadcrumb\">\n\t<a href=\"https:\/\/bidonsenshakers.nl\/shop\/\" title=\"Shop\">Shop<\/a>\n<\/span><span class=\"aioseo-breadcrumb-separator\">\u00bb<\/span><span class=\"aioseo-breadcrumb\">\n\t<a href=\"https:\/\/bidonsenshakers.nl\/de\/product-supplier\/a58\/\" title=\"A58\">A58<\/a>\n<\/span><span class=\"aioseo-breadcrumb-separator\">\u00bb<\/span><span class=\"aioseo-breadcrumb\">\n\tGerecycled roestvrijstalen dubbelwandige drinkfles (500 ml) Sena\n<\/span><\/div>","aioseo_breadcrumb_json":[{"label":"Home","link":"https:\/\/bidonsenshakers.nl\/de\/"},{"label":"Shop","link":"https:\/\/bidonsenshakers.nl\/shop\/"},{"label":"A58","link":"https:\/\/bidonsenshakers.nl\/de\/product-supplier\/a58\/"},{"label":"Gerecycled roestvrijstalen dubbelwandige drinkfles (500 ml) Sena","link":"https:\/\/bidonsenshakers.nl\/de\/product\/1688\/edelstahl-trinkflasche-mit-logo-doppelwandig-recycelt-500-ml\/"}],"_links":{"self":[{"href":"https:\/\/bidonsenshakers.nl\/de\/wp-json\/wp\/v2\/product\/1688","targetHints":{"allow":["GET"]}}],"collection":[{"href":"https:\/\/bidonsenshakers.nl\/de\/wp-json\/wp\/v2\/product"}],"about":[{"href":"https:\/\/bidonsenshakers.nl\/de\/wp-json\/wp\/v2\/types\/product"}],"wp:featuredmedia":[{"embeddable":true,"href":"https:\/\/bidonsenshakers.nl\/de\/wp-json\/wp\/v2\/media\/1689"}],"wp:attachment":[{"href":"https:\/\/bidonsenshakers.nl\/de\/wp-json\/wp\/v2\/media?parent=1688"}],"wp:term":[{"taxonomy":"product_brand","embeddable":true,"href":"https:\/\/bidonsenshakers.nl\/de\/wp-json\/wp\/v2\/product_brand?post=1688"},{"taxonomy":"product_cat","embeddable":true,"href":"https:\/\/bidonsenshakers.nl\/de\/wp-json\/wp\/v2\/product_cat?post=1688"},{"taxonomy":"product_tag","embeddable":true,"href":"https:\/\/bidonsenshakers.nl\/de\/wp-json\/wp\/v2\/product_tag?post=1688"}],"curies":[{"name":"wp","href":"https:\/\/api.w.org\/{rel}","templated":true}]}}