{"id":2469,"date":"2026-01-26T09:40:32","date_gmt":"2026-01-26T09:40:32","guid":{"rendered":"https:\/\/bidonsenshakers.shop.hidalgo.nl\/product\/thermofles-clark-800ml\/"},"modified":"2026-02-20T05:11:27","modified_gmt":"2026-02-20T05:11:27","slug":"thermofles-clark-800ml","status":"publish","type":"product","link":"https:\/\/bidonsenshakers.nl\/de\/product\/2469\/thermoflasche-clark-bedrucken-auslaufsicher-edelstahl-800ml\/","title":{"rendered":"Thermofles Clark 800ml"},"content":{"rendered":"<p>Maak kennis met de Clark 800ml Thermo fles &#8211; een toonbeeld van gemak en stijl. Het bijgevoegde handvat op het deksel zorgt voor een comfortabele grip, terwijl je dankzij de slim ontworpen opening gemakkelijk kunt nippen. Blijf verfrist onderweg met deze slanke en functionele thermofles.<\/p>\n","protected":false},"excerpt":{"rendered":"<p>Maak kennis met de Clark 800ml Thermo fles &#8211; een toonbeeld van gemak en stijl. Het bijgevoegde handvat op het deksel zorgt voor een comfortabele grip, terwijl je dankzij de slim ontworpen opening gemakkelijk kunt nippen. Blijf verfrist onderweg met deze slanke en functionele thermofles.<\/p>\n","protected":false},"featured_media":2470,"template":"","meta":{"_acf_changed":false,"om_disable_all_campaigns":false,"_monsterinsights_skip_tracking":false,"_monsterinsights_sitenote_active":false,"_monsterinsights_sitenote_note":"","_monsterinsights_sitenote_category":0},"product_brand":[504],"product_cat":[202],"product_tag":[],"class_list":{"0":"post-2469","1":"product","2":"type-product","3":"status-publish","4":"has-post-thumbnail","6":"product_supplier-a53","7":"product_brand-hidalgo","8":"product_cat-thermosflessen","9":"entry","11":"first","12":"instock","13":"taxable","14":"shipping-taxable","15":"purchasable","16":"product-type-variable"},"acf":{"imprint_cost":[{"imprint_cost_key":"5279021b6c81391368ba1cfbf802a3e3c2c55ee8","product_quantity_price_range":[{"imprint_cost_recommended_selling_price":"1.7625","imprint_cost_recommended_selling_quantity":"1"},{"imprint_cost_recommended_selling_price":"1.5","imprint_cost_recommended_selling_quantity":"10"},{"imprint_cost_recommended_selling_price":"1.3425","imprint_cost_recommended_selling_quantity":"25"},{"imprint_cost_recommended_selling_price":"1.1625","imprint_cost_recommended_selling_quantity":"50"},{"imprint_cost_recommended_selling_price":"1.0875","imprint_cost_recommended_selling_quantity":"100"},{"imprint_cost_recommended_selling_price":"1.0425","imprint_cost_recommended_selling_quantity":"250"},{"imprint_cost_recommended_selling_price":"1.005","imprint_cost_recommended_selling_quantity":"500"},{"imprint_cost_recommended_selling_price":"0.96","imprint_cost_recommended_selling_quantity":"1000"},{"imprint_cost_recommended_selling_price":"0.915","imprint_cost_recommended_selling_quantity":"2500"},{"imprint_cost_recommended_selling_price":"0.87","imprint_cost_recommended_selling_quantity":"5000"},{"imprint_cost_recommended_selling_price":"0.8175","imprint_cost_recommended_selling_quantity":"10000"}],"product_quantity_price_range_buying":[{"imprint_cost_general_buying_price":"1.175","imprint_cost_general_buying_quantity":"1"},{"imprint_cost_general_buying_price":"1","imprint_cost_general_buying_quantity":"10"},{"imprint_cost_general_buying_price":"0.895","imprint_cost_general_buying_quantity":"25"},{"imprint_cost_general_buying_price":"0.775","imprint_cost_general_buying_quantity":"50"},{"imprint_cost_general_buying_price":"0.725","imprint_cost_general_buying_quantity":"100"},{"imprint_cost_general_buying_price":"0.695","imprint_cost_general_buying_quantity":"250"},{"imprint_cost_general_buying_price":"0.67","imprint_cost_general_buying_quantity":"500"},{"imprint_cost_general_buying_price":"0.64","imprint_cost_general_buying_quantity":"1000"},{"imprint_cost_general_buying_price":"0.61","imprint_cost_general_buying_quantity":"2500"},{"imprint_cost_general_buying_price":"0.58","imprint_cost_general_buying_quantity":"5000"},{"imprint_cost_general_buying_price":"0.545","imprint_cost_general_buying_quantity":"10000"}],"imprint_cost_setup_costs":"54","imprint_cost_handling_costs":"0.12"},{"imprint_cost_key":"bacc23a127407d5053d6c9c77c607bf86b433949","product_quantity_price_range":[{"imprint_cost_recommended_selling_price":"3.525","imprint_cost_recommended_selling_quantity":"1"},{"imprint_cost_recommended_selling_price":"2.9925","imprint_cost_recommended_selling_quantity":"10"},{"imprint_cost_recommended_selling_price":"2.6775","imprint_cost_recommended_selling_quantity":"25"},{"imprint_cost_recommended_selling_price":"2.3325","imprint_cost_recommended_selling_quantity":"50"},{"imprint_cost_recommended_selling_price":"2.175","imprint_cost_recommended_selling_quantity":"100"},{"imprint_cost_recommended_selling_price":"2.0775","imprint_cost_recommended_selling_quantity":"250"},{"imprint_cost_recommended_selling_price":"2.0175","imprint_cost_recommended_selling_quantity":"500"},{"imprint_cost_recommended_selling_price":"1.92","imprint_cost_recommended_selling_quantity":"1000"},{"imprint_cost_recommended_selling_price":"1.83","imprint_cost_recommended_selling_quantity":"2500"},{"imprint_cost_recommended_selling_price":"1.7325","imprint_cost_recommended_selling_quantity":"5000"},{"imprint_cost_recommended_selling_price":"1.635","imprint_cost_recommended_selling_quantity":"10000"}],"product_quantity_price_range_buying":[{"imprint_cost_general_buying_price":"2.35","imprint_cost_general_buying_quantity":"1"},{"imprint_cost_general_buying_price":"1.995","imprint_cost_general_buying_quantity":"10"},{"imprint_cost_general_buying_price":"1.785","imprint_cost_general_buying_quantity":"25"},{"imprint_cost_general_buying_price":"1.555","imprint_cost_general_buying_quantity":"50"},{"imprint_cost_general_buying_price":"1.45","imprint_cost_general_buying_quantity":"100"},{"imprint_cost_general_buying_price":"1.385","imprint_cost_general_buying_quantity":"250"},{"imprint_cost_general_buying_price":"1.345","imprint_cost_general_buying_quantity":"500"},{"imprint_cost_general_buying_price":"1.28","imprint_cost_general_buying_quantity":"1000"},{"imprint_cost_general_buying_price":"1.22","imprint_cost_general_buying_quantity":"2500"},{"imprint_cost_general_buying_price":"1.155","imprint_cost_general_buying_quantity":"5000"},{"imprint_cost_general_buying_price":"1.09","imprint_cost_general_buying_quantity":"10000"}],"imprint_cost_setup_costs":"54","imprint_cost_handling_costs":"0.12"},{"imprint_cost_key":"d057400961b11f9ed1b953c3e888848d1453ba4e","product_quantity_price_range":[{"imprint_cost_recommended_selling_price":"2.4825","imprint_cost_recommended_selling_quantity":"1"},{"imprint_cost_recommended_selling_price":"2.3175","imprint_cost_recommended_selling_quantity":"10"},{"imprint_cost_recommended_selling_price":"2.1525","imprint_cost_recommended_selling_quantity":"25"},{"imprint_cost_recommended_selling_price":"1.9875","imprint_cost_recommended_selling_quantity":"50"},{"imprint_cost_recommended_selling_price":"1.8225","imprint_cost_recommended_selling_quantity":"100"},{"imprint_cost_recommended_selling_price":"1.6575","imprint_cost_recommended_selling_quantity":"250"},{"imprint_cost_recommended_selling_price":"1.485","imprint_cost_recommended_selling_quantity":"500"},{"imprint_cost_recommended_selling_price":"1.41","imprint_cost_recommended_selling_quantity":"1000"},{"imprint_cost_recommended_selling_price":"1.32","imprint_cost_recommended_selling_quantity":"2500"},{"imprint_cost_recommended_selling_price":"1.245","imprint_cost_recommended_selling_quantity":"5000"},{"imprint_cost_recommended_selling_price":"1.2075","imprint_cost_recommended_selling_quantity":"10000"}],"product_quantity_price_range_buying":[{"imprint_cost_general_buying_price":"1.655","imprint_cost_general_buying_quantity":"1"},{"imprint_cost_general_buying_price":"1.545","imprint_cost_general_buying_quantity":"10"},{"imprint_cost_general_buying_price":"1.435","imprint_cost_general_buying_quantity":"25"},{"imprint_cost_general_buying_price":"1.325","imprint_cost_general_buying_quantity":"50"},{"imprint_cost_general_buying_price":"1.215","imprint_cost_general_buying_quantity":"100"},{"imprint_cost_general_buying_price":"1.105","imprint_cost_general_buying_quantity":"250"},{"imprint_cost_general_buying_price":"0.99","imprint_cost_general_buying_quantity":"500"},{"imprint_cost_general_buying_price":"0.94","imprint_cost_general_buying_quantity":"1000"},{"imprint_cost_general_buying_price":"0.88","imprint_cost_general_buying_quantity":"2500"},{"imprint_cost_general_buying_price":"0.83","imprint_cost_general_buying_quantity":"5000"},{"imprint_cost_general_buying_price":"0.805","imprint_cost_general_buying_quantity":"10000"}],"imprint_cost_setup_costs":"54","imprint_cost_handling_costs":"0.12"}]},"aioseo_notices":[],"aioseo_head":"\n\t\t<!-- All in One SEO Pro 4.9.6.2 - aioseo.com -->\n\t<meta name=\"description\" content=\"Entdecke die Vielseitigkeit der Thermoflasche Clark mit 800 ml F\u00fcllvolumen, perfekt f\u00fcr unterwegs. Sie h\u00e4lt deine Getr\u00e4nke warm oder kalt und kann individuell mit deinem Logo bedruckt werden, ideal f\u00fcr Events und Promotion. Genie\u00dfe stilvolles Trinken mit sicherem Verschluss.\" \/>\n\t<meta name=\"robots\" content=\"max-image-preview:large\" \/>\n\t<meta name=\"google-site-verification\" content=\"BBMiYHShnVBoc8v9xoHf0FXMC27otVB0wiWxw_hFRrM\" \/>\n\t<link rel=\"canonical\" href=\"https:\/\/bidonsenshakers.nl\/de\/wp-json\/wp\/v2\/product\/2469\" \/>\n\t<meta name=\"generator\" content=\"All in One SEO Pro (AIOSEO) 4.9.6.2\" \/>\n\t\t<meta property=\"og:locale\" content=\"de_DE\" \/>\n\t\t<meta property=\"og:site_name\" content=\"Trinkflaschen &amp; Shakers - Trinkflaschen &amp; Shakers\" \/>\n\t\t<meta property=\"og:type\" content=\"article\" \/>\n\t\t<meta property=\"og:title\" content=\"Thermoflasche Clark bedrucken auslaufsicher Edelstahl 800ml\" \/>\n\t\t<meta property=\"og:description\" content=\"Entdecke die Vielseitigkeit der Thermoflasche Clark mit 800 ml F\u00fcllvolumen, perfekt f\u00fcr unterwegs. Sie h\u00e4lt deine Getr\u00e4nke warm oder kalt und kann individuell mit deinem Logo bedruckt werden, ideal f\u00fcr Events und Promotion. Genie\u00dfe stilvolles Trinken mit sicherem Verschluss.\" \/>\n\t\t<meta property=\"og:url\" content=\"https:\/\/bidonsenshakers.nl\/de\/wp-json\/wp\/v2\/product\/2469\" \/>\n\t\t<meta property=\"og:image\" content=\"https:\/\/shop.hidalgo.nl\/wp-content\/uploads\/2026\/01\/cropped-Logo.png\" \/>\n\t\t<meta property=\"og:image:secure_url\" content=\"https:\/\/shop.hidalgo.nl\/wp-content\/uploads\/2026\/01\/cropped-Logo.png\" \/>\n\t\t<meta property=\"article:published_time\" content=\"2026-01-26T09:40:32+00:00\" \/>\n\t\t<meta property=\"article:modified_time\" content=\"2026-02-20T05:11:27+00:00\" \/>\n\t\t<meta property=\"article:publisher\" content=\"https:\/\/www.facebook.com\/hidalgobagsandmore\/\" \/>\n\t\t<meta name=\"twitter:card\" content=\"summary_large_image\" \/>\n\t\t<meta name=\"twitter:site\" content=\"@Hidalgo_BV\" \/>\n\t\t<meta name=\"twitter:title\" content=\"Thermoflasche Clark bedrucken auslaufsicher Edelstahl 800ml\" \/>\n\t\t<meta name=\"twitter:description\" content=\"Entdecke die Vielseitigkeit der Thermoflasche Clark mit 800 ml F\u00fcllvolumen, perfekt f\u00fcr unterwegs. Sie h\u00e4lt deine Getr\u00e4nke warm oder kalt und kann individuell mit deinem Logo bedruckt werden, ideal f\u00fcr Events und Promotion. Genie\u00dfe stilvolles Trinken mit sicherem Verschluss.\" \/>\n\t\t<meta name=\"twitter:image\" content=\"https:\/\/shop.hidalgo.nl\/wp-content\/uploads\/2026\/01\/cropped-Logo.png\" \/>\n\t\t<script type=\"application\/ld+json\" class=\"aioseo-schema\">\n\t\t\t{\"@context\":\"https:\\\/\\\/schema.org\",\"@graph\":[{\"@type\":\"BreadcrumbList\",\"@id\":\"https:\\\/\\\/bidonsenshakers.nl\\\/de\\\/product\\\/2469\\\/thermoflasche-clark-bedrucken-auslaufsicher-edelstahl-800ml\\\/#breadcrumblist\",\"itemListElement\":[{\"@type\":\"ListItem\",\"@id\":\"https:\\\/\\\/bidonsenshakers.nl\\\/de\\\/#listItem\",\"position\":1,\"name\":\"Home\",\"item\":\"https:\\\/\\\/bidonsenshakers.nl\\\/de\\\/\",\"nextItem\":{\"@type\":\"ListItem\",\"@id\":\"https:\\\/\\\/bidonsenshakers.nl\\\/shop\\\/#listItem\",\"name\":\"Shop\"}},{\"@type\":\"ListItem\",\"@id\":\"https:\\\/\\\/bidonsenshakers.nl\\\/shop\\\/#listItem\",\"position\":2,\"name\":\"Shop\",\"item\":\"https:\\\/\\\/bidonsenshakers.nl\\\/shop\\\/\",\"nextItem\":{\"@type\":\"ListItem\",\"@id\":\"https:\\\/\\\/bidonsenshakers.nl\\\/de\\\/product-supplier\\\/a53\\\/#listItem\",\"name\":\"A53\"},\"previousItem\":{\"@type\":\"ListItem\",\"@id\":\"https:\\\/\\\/bidonsenshakers.nl\\\/de\\\/#listItem\",\"name\":\"Home\"}},{\"@type\":\"ListItem\",\"@id\":\"https:\\\/\\\/bidonsenshakers.nl\\\/de\\\/product-supplier\\\/a53\\\/#listItem\",\"position\":3,\"name\":\"A53\",\"item\":\"https:\\\/\\\/bidonsenshakers.nl\\\/de\\\/product-supplier\\\/a53\\\/\",\"nextItem\":{\"@type\":\"ListItem\",\"@id\":\"https:\\\/\\\/bidonsenshakers.nl\\\/de\\\/product\\\/2469\\\/thermoflasche-clark-bedrucken-auslaufsicher-edelstahl-800ml\\\/#listItem\",\"name\":\"Thermofles Clark 800ml\"},\"previousItem\":{\"@type\":\"ListItem\",\"@id\":\"https:\\\/\\\/bidonsenshakers.nl\\\/shop\\\/#listItem\",\"name\":\"Shop\"}},{\"@type\":\"ListItem\",\"@id\":\"https:\\\/\\\/bidonsenshakers.nl\\\/de\\\/product\\\/2469\\\/thermoflasche-clark-bedrucken-auslaufsicher-edelstahl-800ml\\\/#listItem\",\"position\":4,\"name\":\"Thermofles Clark 800ml\",\"previousItem\":{\"@type\":\"ListItem\",\"@id\":\"https:\\\/\\\/bidonsenshakers.nl\\\/de\\\/product-supplier\\\/a53\\\/#listItem\",\"name\":\"A53\"}}]},{\"@type\":\"Organization\",\"@id\":\"https:\\\/\\\/bidonsenshakers.nl\\\/de\\\/#organization\",\"name\":\"Trinkflaschen & Shakers\",\"description\":\"Trinkflaschen & Shakers\",\"url\":\"https:\\\/\\\/bidonsenshakers.nl\\\/de\\\/\",\"telephone\":\"+31793310133\",\"logo\":{\"@type\":\"ImageObject\",\"url\":\"https:\\\/\\\/shop.hidalgo.nl\\\/wp-content\\\/uploads\\\/2026\\\/01\\\/cropped-Logo.png\",\"@id\":\"https:\\\/\\\/bidonsenshakers.nl\\\/de\\\/product\\\/2469\\\/thermoflasche-clark-bedrucken-auslaufsicher-edelstahl-800ml\\\/#organizationLogo\",\"width\":600,\"height\":243},\"image\":{\"@id\":\"https:\\\/\\\/bidonsenshakers.nl\\\/de\\\/product\\\/2469\\\/thermoflasche-clark-bedrucken-auslaufsicher-edelstahl-800ml\\\/#organizationLogo\"},\"sameAs\":[\"https:\\\/\\\/www.facebook.com\\\/hidalgobagsandmore\\\/\",\"https:\\\/\\\/x.com\\\/Hidalgo_BV\\\/status\\\/74021585866067968\",\"https:\\\/\\\/www.instagram.com\\\/hidalgobagsandmore\\\/#\",\"https:\\\/\\\/www.youtube.com\\\/@hidalgobagsandmore\",\"https:\\\/\\\/www.linkedin.com\\\/in\\\/rutgerblommers\\\/\"]},{\"@type\":\"WebPage\",\"@id\":\"https:\\\/\\\/bidonsenshakers.nl\\\/de\\\/product\\\/2469\\\/thermoflasche-clark-bedrucken-auslaufsicher-edelstahl-800ml\\\/#webpage\",\"url\":\"https:\\\/\\\/bidonsenshakers.nl\\\/de\\\/product\\\/2469\\\/thermoflasche-clark-bedrucken-auslaufsicher-edelstahl-800ml\\\/\",\"name\":\"Thermoflasche Clark bedrucken auslaufsicher Edelstahl 800ml\",\"description\":\"Entdecke die Vielseitigkeit der Thermoflasche Clark mit 800 ml F\\u00fcllvolumen, perfekt f\\u00fcr unterwegs. Sie h\\u00e4lt deine Getr\\u00e4nke warm oder kalt und kann individuell mit deinem Logo bedruckt werden, ideal f\\u00fcr Events und Promotion. Genie\\u00dfe stilvolles Trinken mit sicherem Verschluss.\",\"inLanguage\":\"de-DE\",\"isPartOf\":{\"@id\":\"https:\\\/\\\/bidonsenshakers.nl\\\/de\\\/#website\"},\"breadcrumb\":{\"@id\":\"https:\\\/\\\/bidonsenshakers.nl\\\/de\\\/product\\\/2469\\\/thermoflasche-clark-bedrucken-auslaufsicher-edelstahl-800ml\\\/#breadcrumblist\"},\"image\":{\"@type\":\"ImageObject\",\"url\":\"https:\\\/\\\/shop.hidalgo.nl\\\/wp-content\\\/uploads\\\/2025\\\/04\\\/14bc5aa3ee5b0f325eb373e7e4d3aa943e184a7b4eb1ee2405c853f73bdc2685.jpg\",\"@id\":\"https:\\\/\\\/bidonsenshakers.nl\\\/de\\\/product\\\/2469\\\/thermoflasche-clark-bedrucken-auslaufsicher-edelstahl-800ml\\\/#mainImage\"},\"primaryImageOfPage\":{\"@id\":\"https:\\\/\\\/bidonsenshakers.nl\\\/de\\\/product\\\/2469\\\/thermoflasche-clark-bedrucken-auslaufsicher-edelstahl-800ml\\\/#mainImage\"},\"datePublished\":\"2026-01-26T09:40:32+00:00\",\"dateModified\":\"2026-02-20T05:11:27+00:00\"},{\"@type\":\"WebSite\",\"@id\":\"https:\\\/\\\/bidonsenshakers.nl\\\/de\\\/#website\",\"url\":\"https:\\\/\\\/bidonsenshakers.nl\\\/de\\\/\",\"name\":\"Trinkflaschen & Shakers\",\"description\":\"Trinkflaschen & Shakers\",\"inLanguage\":\"de-DE\",\"publisher\":{\"@id\":\"https:\\\/\\\/bidonsenshakers.nl\\\/de\\\/#organization\"}}]}\n\t\t<\/script>\n\t\t<!-- All in One SEO Pro -->\r\n\t\t<title>Thermoflasche Clark bedrucken auslaufsicher Edelstahl 800ml<\/title>\n\n","aioseo_head_json":{"title":"Thermoflasche Clark bedrucken auslaufsicher Edelstahl 800ml","description":"Entdecke die Vielseitigkeit der Thermoflasche Clark mit 800 ml F\u00fcllvolumen, perfekt f\u00fcr unterwegs. Sie h\u00e4lt deine Getr\u00e4nke warm oder kalt und kann individuell mit deinem Logo bedruckt werden, ideal f\u00fcr Events und Promotion. Genie\u00dfe stilvolles Trinken mit sicherem Verschluss.","canonical_url":"https:\/\/bidonsenshakers.nl\/de\/wp-json\/wp\/v2\/product\/2469","robots":"max-image-preview:large","keywords":"","webmasterTools":{"google-site-verification":"BBMiYHShnVBoc8v9xoHf0FXMC27otVB0wiWxw_hFRrM","miscellaneous":""},"schema":{"@context":"https:\/\/schema.org","@graph":[{"@type":"BreadcrumbList","@id":"https:\/\/bidonsenshakers.nl\/de\/product\/2469\/thermoflasche-clark-bedrucken-auslaufsicher-edelstahl-800ml\/#breadcrumblist","itemListElement":[{"@type":"ListItem","@id":"https:\/\/bidonsenshakers.nl\/de\/#listItem","position":1,"name":"Home","item":"https:\/\/bidonsenshakers.nl\/de\/","nextItem":{"@type":"ListItem","@id":"https:\/\/bidonsenshakers.nl\/shop\/#listItem","name":"Shop"}},{"@type":"ListItem","@id":"https:\/\/bidonsenshakers.nl\/shop\/#listItem","position":2,"name":"Shop","item":"https:\/\/bidonsenshakers.nl\/shop\/","nextItem":{"@type":"ListItem","@id":"https:\/\/bidonsenshakers.nl\/de\/product-supplier\/a53\/#listItem","name":"A53"},"previousItem":{"@type":"ListItem","@id":"https:\/\/bidonsenshakers.nl\/de\/#listItem","name":"Home"}},{"@type":"ListItem","@id":"https:\/\/bidonsenshakers.nl\/de\/product-supplier\/a53\/#listItem","position":3,"name":"A53","item":"https:\/\/bidonsenshakers.nl\/de\/product-supplier\/a53\/","nextItem":{"@type":"ListItem","@id":"https:\/\/bidonsenshakers.nl\/de\/product\/2469\/thermoflasche-clark-bedrucken-auslaufsicher-edelstahl-800ml\/#listItem","name":"Thermofles Clark 800ml"},"previousItem":{"@type":"ListItem","@id":"https:\/\/bidonsenshakers.nl\/shop\/#listItem","name":"Shop"}},{"@type":"ListItem","@id":"https:\/\/bidonsenshakers.nl\/de\/product\/2469\/thermoflasche-clark-bedrucken-auslaufsicher-edelstahl-800ml\/#listItem","position":4,"name":"Thermofles Clark 800ml","previousItem":{"@type":"ListItem","@id":"https:\/\/bidonsenshakers.nl\/de\/product-supplier\/a53\/#listItem","name":"A53"}}]},{"@type":"Organization","@id":"https:\/\/bidonsenshakers.nl\/de\/#organization","name":"Trinkflaschen & Shakers","description":"Trinkflaschen & Shakers","url":"https:\/\/bidonsenshakers.nl\/de\/","telephone":"+31793310133","logo":{"@type":"ImageObject","url":"https:\/\/shop.hidalgo.nl\/wp-content\/uploads\/2026\/01\/cropped-Logo.png","@id":"https:\/\/bidonsenshakers.nl\/de\/product\/2469\/thermoflasche-clark-bedrucken-auslaufsicher-edelstahl-800ml\/#organizationLogo","width":600,"height":243},"image":{"@id":"https:\/\/bidonsenshakers.nl\/de\/product\/2469\/thermoflasche-clark-bedrucken-auslaufsicher-edelstahl-800ml\/#organizationLogo"},"sameAs":["https:\/\/www.facebook.com\/hidalgobagsandmore\/","https:\/\/x.com\/Hidalgo_BV\/status\/74021585866067968","https:\/\/www.instagram.com\/hidalgobagsandmore\/#","https:\/\/www.youtube.com\/@hidalgobagsandmore","https:\/\/www.linkedin.com\/in\/rutgerblommers\/"]},{"@type":"WebPage","@id":"https:\/\/bidonsenshakers.nl\/de\/product\/2469\/thermoflasche-clark-bedrucken-auslaufsicher-edelstahl-800ml\/#webpage","url":"https:\/\/bidonsenshakers.nl\/de\/product\/2469\/thermoflasche-clark-bedrucken-auslaufsicher-edelstahl-800ml\/","name":"Thermoflasche Clark bedrucken auslaufsicher Edelstahl 800ml","description":"Entdecke die Vielseitigkeit der Thermoflasche Clark mit 800 ml F\u00fcllvolumen, perfekt f\u00fcr unterwegs. Sie h\u00e4lt deine Getr\u00e4nke warm oder kalt und kann individuell mit deinem Logo bedruckt werden, ideal f\u00fcr Events und Promotion. Genie\u00dfe stilvolles Trinken mit sicherem Verschluss.","inLanguage":"de-DE","isPartOf":{"@id":"https:\/\/bidonsenshakers.nl\/de\/#website"},"breadcrumb":{"@id":"https:\/\/bidonsenshakers.nl\/de\/product\/2469\/thermoflasche-clark-bedrucken-auslaufsicher-edelstahl-800ml\/#breadcrumblist"},"image":{"@type":"ImageObject","url":"https:\/\/shop.hidalgo.nl\/wp-content\/uploads\/2025\/04\/14bc5aa3ee5b0f325eb373e7e4d3aa943e184a7b4eb1ee2405c853f73bdc2685.jpg","@id":"https:\/\/bidonsenshakers.nl\/de\/product\/2469\/thermoflasche-clark-bedrucken-auslaufsicher-edelstahl-800ml\/#mainImage"},"primaryImageOfPage":{"@id":"https:\/\/bidonsenshakers.nl\/de\/product\/2469\/thermoflasche-clark-bedrucken-auslaufsicher-edelstahl-800ml\/#mainImage"},"datePublished":"2026-01-26T09:40:32+00:00","dateModified":"2026-02-20T05:11:27+00:00"},{"@type":"WebSite","@id":"https:\/\/bidonsenshakers.nl\/de\/#website","url":"https:\/\/bidonsenshakers.nl\/de\/","name":"Trinkflaschen & Shakers","description":"Trinkflaschen & Shakers","inLanguage":"de-DE","publisher":{"@id":"https:\/\/bidonsenshakers.nl\/de\/#organization"}}]},"og:locale":"de_DE","og:site_name":"Trinkflaschen &amp; Shakers - Trinkflaschen &amp; Shakers","og:type":"article","og:title":"Thermoflasche Clark bedrucken auslaufsicher Edelstahl 800ml","og:description":"Entdecke die Vielseitigkeit der Thermoflasche Clark mit 800 ml F\u00fcllvolumen, perfekt f\u00fcr unterwegs. Sie h\u00e4lt deine Getr\u00e4nke warm oder kalt und kann individuell mit deinem Logo bedruckt werden, ideal f\u00fcr Events und Promotion. Genie\u00dfe stilvolles Trinken mit sicherem Verschluss.","og:url":"https:\/\/bidonsenshakers.nl\/de\/wp-json\/wp\/v2\/product\/2469","og:image":"https:\/\/shop.hidalgo.nl\/wp-content\/uploads\/2026\/01\/cropped-Logo.png","og:image:secure_url":"https:\/\/shop.hidalgo.nl\/wp-content\/uploads\/2026\/01\/cropped-Logo.png","article:published_time":"2026-01-26T09:40:32+00:00","article:modified_time":"2026-02-20T05:11:27+00:00","article:publisher":"https:\/\/www.facebook.com\/hidalgobagsandmore\/","twitter:card":"summary_large_image","twitter:site":"@Hidalgo_BV","twitter:title":"Thermoflasche Clark bedrucken auslaufsicher Edelstahl 800ml","twitter:description":"Entdecke die Vielseitigkeit der Thermoflasche Clark mit 800 ml F\u00fcllvolumen, perfekt f\u00fcr unterwegs. Sie h\u00e4lt deine Getr\u00e4nke warm oder kalt und kann individuell mit deinem Logo bedruckt werden, ideal f\u00fcr Events und Promotion. Genie\u00dfe stilvolles Trinken mit sicherem Verschluss.","twitter:image":"https:\/\/shop.hidalgo.nl\/wp-content\/uploads\/2026\/01\/cropped-Logo.png"},"aioseo_meta_data":{"post_id":"2469","title":null,"description":null,"keywords":null,"keyphrases":null,"canonical_url":null,"og_title":null,"og_description":null,"og_object_type":"default","og_image_type":"default","og_image_custom_url":null,"og_image_custom_fields":null,"og_custom_image_width":null,"og_custom_image_height":null,"og_video":null,"og_custom_url":null,"og_article_section":null,"og_article_tags":null,"twitter_use_og":false,"twitter_card":"default","twitter_image_type":"default","twitter_image_custom_url":null,"twitter_image_custom_fields":null,"twitter_title":null,"twitter_description":null,"schema_type":null,"schema_type_options":null,"pillar_content":false,"robots_default":true,"robots_noindex":false,"robots_noarchive":false,"robots_nosnippet":false,"robots_nofollow":false,"robots_noimageindex":false,"robots_noodp":false,"robots_notranslate":false,"robots_max_snippet":null,"robots_max_videopreview":null,"robots_max_imagepreview":"none","tabs":null,"priority":null,"frequency":null,"local_seo":null,"created":"2026-01-26 09:43:55","updated":"2026-02-20 06:39:45"},"aioseo_breadcrumb":"<div class=\"aioseo-breadcrumbs\"><span class=\"aioseo-breadcrumb\">\n\t<a href=\"https:\/\/bidonsenshakers.nl\/de\/\" title=\"Home\">Home<\/a>\n<\/span><span class=\"aioseo-breadcrumb-separator\">\u00bb<\/span><span class=\"aioseo-breadcrumb\">\n\t<a href=\"https:\/\/bidonsenshakers.nl\/shop\/\" title=\"Shop\">Shop<\/a>\n<\/span><span class=\"aioseo-breadcrumb-separator\">\u00bb<\/span><span class=\"aioseo-breadcrumb\">\n\t<a href=\"https:\/\/bidonsenshakers.nl\/de\/product-supplier\/a53\/\" title=\"A53\">A53<\/a>\n<\/span><span class=\"aioseo-breadcrumb-separator\">\u00bb<\/span><span class=\"aioseo-breadcrumb\">\n\tThermofles Clark 800ml\n<\/span><\/div>","aioseo_breadcrumb_json":[{"label":"Home","link":"https:\/\/bidonsenshakers.nl\/de\/"},{"label":"Shop","link":"https:\/\/bidonsenshakers.nl\/shop\/"},{"label":"A53","link":"https:\/\/bidonsenshakers.nl\/de\/product-supplier\/a53\/"},{"label":"Thermofles Clark 800ml","link":"https:\/\/bidonsenshakers.nl\/de\/product\/2469\/thermoflasche-clark-bedrucken-auslaufsicher-edelstahl-800ml\/"}],"_links":{"self":[{"href":"https:\/\/bidonsenshakers.nl\/de\/wp-json\/wp\/v2\/product\/2469","targetHints":{"allow":["GET"]}}],"collection":[{"href":"https:\/\/bidonsenshakers.nl\/de\/wp-json\/wp\/v2\/product"}],"about":[{"href":"https:\/\/bidonsenshakers.nl\/de\/wp-json\/wp\/v2\/types\/product"}],"wp:featuredmedia":[{"embeddable":true,"href":"https:\/\/bidonsenshakers.nl\/de\/wp-json\/wp\/v2\/media\/2470"}],"wp:attachment":[{"href":"https:\/\/bidonsenshakers.nl\/de\/wp-json\/wp\/v2\/media?parent=2469"}],"wp:term":[{"taxonomy":"product_brand","embeddable":true,"href":"https:\/\/bidonsenshakers.nl\/de\/wp-json\/wp\/v2\/product_brand?post=2469"},{"taxonomy":"product_cat","embeddable":true,"href":"https:\/\/bidonsenshakers.nl\/de\/wp-json\/wp\/v2\/product_cat?post=2469"},{"taxonomy":"product_tag","embeddable":true,"href":"https:\/\/bidonsenshakers.nl\/de\/wp-json\/wp\/v2\/product_tag?post=2469"}],"curies":[{"name":"wp","href":"https:\/\/api.w.org\/{rel}","templated":true}]}}