{"id":2813,"date":"2026-01-26T09:41:42","date_gmt":"2026-01-26T09:41:42","guid":{"rendered":"https:\/\/bidonsenshakers.shop.hidalgo.nl\/product\/thermofles-flow-met-handvat-sublimatie-400ml\/"},"modified":"2026-02-17T11:56:31","modified_gmt":"2026-02-17T11:56:31","slug":"thermofles-flow-met-handvat-sublimatie-400ml","status":"publish","type":"product","link":"https:\/\/bidonsenshakers.nl\/de\/product\/2813\/thermoflasche-mit-logo-bedrucken-flow-isoliert-mit-griff-400ml\/","title":{"rendered":"Thermofles Flow met handvat sublimatie 400ml"},"content":{"rendered":"<p>Dubbelwandig vacu\u00fcm ge\u00efsoleerde beker uit de Toppoint design &#8218;Flow&#8216; serie. De mok met klapdeksel is 100% lekvrij en eenvoudig mee te nemen. Zowel de binnenwand als de buitenwand van de mok bestaan uit RVS en is van zeer hoogwaardige kwaliteit. Daardoor blijft het drinken langer op de gewenste temperatuur. Het handvat maakt het eenvoudiger om te dragen. Geschikt voor sublimatiedruk. Dranken blijven tenminste 12 uur warm of 24 uur koud. Wordt geleverd in geschenkverpakking.<\/p>\n","protected":false},"excerpt":{"rendered":"<p>Dubbelwandig vacu\u00fcm ge\u00efsoleerde beker uit de Toppoint design &#8218;Flow&#8216; serie. De mok met klapdeksel is 100% lekvrij en eenvoudig mee te nemen. Zowel de binnenwand als de buitenwand van de mok bestaan uit RVS en is van zeer hoogwaardige kwaliteit. Daardoor blijft het drinken langer op de gewenste temperatuur. Het handvat maakt het eenvoudiger om&hellip; <a class=\"more-link\" href=\"https:\/\/bidonsenshakers.nl\/de\/product\/2813\/thermoflasche-mit-logo-bedrucken-flow-isoliert-mit-griff-400ml\/\"><span class=\"screen-reader-text\">Thermofles Flow met handvat sublimatie 400ml<\/span> weiterlesen<\/a><\/p>\n","protected":false},"featured_media":2814,"template":"","meta":{"_acf_changed":false,"om_disable_all_campaigns":false,"_monsterinsights_skip_tracking":false,"_monsterinsights_sitenote_active":false,"_monsterinsights_sitenote_note":"","_monsterinsights_sitenote_category":0},"product_brand":[],"product_cat":[202],"product_tag":[],"class_list":{"0":"post-2813","1":"product","2":"type-product","3":"status-publish","4":"has-post-thumbnail","6":"product_supplier-a53","7":"product_cat-thermosflessen","8":"entry","10":"first","11":"instock","12":"taxable","13":"shipping-taxable","14":"purchasable","15":"product-type-variable"},"acf":{"imprint_cost":[{"imprint_cost_key":"f723e84ff4adda884e244a5f23e1255c9cce73a3","product_quantity_price_range":[{"imprint_cost_recommended_selling_price":"2.835","imprint_cost_recommended_selling_quantity":"1"},{"imprint_cost_recommended_selling_price":"2.3625","imprint_cost_recommended_selling_quantity":"10"},{"imprint_cost_recommended_selling_price":"1.935","imprint_cost_recommended_selling_quantity":"25"},{"imprint_cost_recommended_selling_price":"1.575","imprint_cost_recommended_selling_quantity":"50"},{"imprint_cost_recommended_selling_price":"1.1175","imprint_cost_recommended_selling_quantity":"100"},{"imprint_cost_recommended_selling_price":"1.0575","imprint_cost_recommended_selling_quantity":"250"},{"imprint_cost_recommended_selling_price":"1.005","imprint_cost_recommended_selling_quantity":"500"},{"imprint_cost_recommended_selling_price":"0.945","imprint_cost_recommended_selling_quantity":"1000"},{"imprint_cost_recommended_selling_price":"0.8325","imprint_cost_recommended_selling_quantity":"2500"},{"imprint_cost_recommended_selling_price":"0.69","imprint_cost_recommended_selling_quantity":"5000"},{"imprint_cost_recommended_selling_price":"0.585","imprint_cost_recommended_selling_quantity":"10000"}],"product_quantity_price_range_buying":[{"imprint_cost_general_buying_price":"1.89","imprint_cost_general_buying_quantity":"1"},{"imprint_cost_general_buying_price":"1.575","imprint_cost_general_buying_quantity":"10"},{"imprint_cost_general_buying_price":"1.29","imprint_cost_general_buying_quantity":"25"},{"imprint_cost_general_buying_price":"1.05","imprint_cost_general_buying_quantity":"50"},{"imprint_cost_general_buying_price":"0.745","imprint_cost_general_buying_quantity":"100"},{"imprint_cost_general_buying_price":"0.705","imprint_cost_general_buying_quantity":"250"},{"imprint_cost_general_buying_price":"0.67","imprint_cost_general_buying_quantity":"500"},{"imprint_cost_general_buying_price":"0.63","imprint_cost_general_buying_quantity":"1000"},{"imprint_cost_general_buying_price":"0.555","imprint_cost_general_buying_quantity":"2500"},{"imprint_cost_general_buying_price":"0.46","imprint_cost_general_buying_quantity":"5000"},{"imprint_cost_general_buying_price":"0.39","imprint_cost_general_buying_quantity":"10000"}],"imprint_cost_setup_costs":"54","imprint_cost_handling_costs":"0.24"}]},"aioseo_notices":[],"aioseo_head":"\n\t\t<!-- All in One SEO Pro 4.9.6.2 - aioseo.com -->\n\t<meta name=\"description\" content=\"Erlebe den Komfort von hei\u00dfem oder kaltem Kaffee f\u00fcr unterwegs. Die doppelwandige Isolation h\u00e4lt deine Getr\u00e4nke bis zu 12 Stunden warm oder 24 Stunden kalt. Perfekt f\u00fcr Pendler, kann mit deinem Logo personalisiert werden. Der integrierte Griff sorgt f\u00fcr einfaches Tragen.\" \/>\n\t<meta name=\"robots\" content=\"max-image-preview:large\" \/>\n\t<meta name=\"google-site-verification\" content=\"BBMiYHShnVBoc8v9xoHf0FXMC27otVB0wiWxw_hFRrM\" \/>\n\t<link rel=\"canonical\" href=\"https:\/\/bidonsenshakers.nl\/de\/wp-json\/wp\/v2\/product\/2813\" \/>\n\t<meta name=\"generator\" content=\"All in One SEO Pro (AIOSEO) 4.9.6.2\" \/>\n\t\t<meta property=\"og:locale\" content=\"de_DE\" \/>\n\t\t<meta property=\"og:site_name\" content=\"Trinkflaschen &amp; Shakers - Trinkflaschen &amp; Shakers\" \/>\n\t\t<meta property=\"og:type\" content=\"article\" \/>\n\t\t<meta property=\"og:title\" content=\"Thermoflasche mit Logo bedrucken Flow isoliert mit Griff 400ml\" \/>\n\t\t<meta property=\"og:description\" content=\"Erlebe den Komfort von hei\u00dfem oder kaltem Kaffee f\u00fcr unterwegs. Die doppelwandige Isolation h\u00e4lt deine Getr\u00e4nke bis zu 12 Stunden warm oder 24 Stunden kalt. Perfekt f\u00fcr Pendler, kann mit deinem Logo personalisiert werden. Der integrierte Griff sorgt f\u00fcr einfaches Tragen.\" \/>\n\t\t<meta property=\"og:url\" content=\"https:\/\/bidonsenshakers.nl\/de\/wp-json\/wp\/v2\/product\/2813\" \/>\n\t\t<meta property=\"og:image\" content=\"https:\/\/shop.hidalgo.nl\/wp-content\/uploads\/2026\/01\/cropped-Logo.png\" \/>\n\t\t<meta property=\"og:image:secure_url\" content=\"https:\/\/shop.hidalgo.nl\/wp-content\/uploads\/2026\/01\/cropped-Logo.png\" \/>\n\t\t<meta property=\"article:published_time\" content=\"2026-01-26T09:41:42+00:00\" \/>\n\t\t<meta property=\"article:modified_time\" content=\"2026-02-17T11:56:31+00:00\" \/>\n\t\t<meta property=\"article:publisher\" content=\"https:\/\/www.facebook.com\/hidalgobagsandmore\/\" \/>\n\t\t<meta name=\"twitter:card\" content=\"summary_large_image\" \/>\n\t\t<meta name=\"twitter:site\" content=\"@Hidalgo_BV\" \/>\n\t\t<meta name=\"twitter:title\" content=\"Thermoflasche mit Logo bedrucken Flow isoliert mit Griff 400ml\" \/>\n\t\t<meta name=\"twitter:description\" content=\"Erlebe den Komfort von hei\u00dfem oder kaltem Kaffee f\u00fcr unterwegs. Die doppelwandige Isolation h\u00e4lt deine Getr\u00e4nke bis zu 12 Stunden warm oder 24 Stunden kalt. Perfekt f\u00fcr Pendler, kann mit deinem Logo personalisiert werden. Der integrierte Griff sorgt f\u00fcr einfaches Tragen.\" \/>\n\t\t<meta name=\"twitter:image\" content=\"https:\/\/shop.hidalgo.nl\/wp-content\/uploads\/2026\/01\/cropped-Logo.png\" \/>\n\t\t<script type=\"application\/ld+json\" class=\"aioseo-schema\">\n\t\t\t{\"@context\":\"https:\\\/\\\/schema.org\",\"@graph\":[{\"@type\":\"BreadcrumbList\",\"@id\":\"https:\\\/\\\/bidonsenshakers.nl\\\/de\\\/product\\\/2813\\\/thermoflasche-mit-logo-bedrucken-flow-isoliert-mit-griff-400ml\\\/#breadcrumblist\",\"itemListElement\":[{\"@type\":\"ListItem\",\"@id\":\"https:\\\/\\\/bidonsenshakers.nl\\\/de\\\/#listItem\",\"position\":1,\"name\":\"Home\",\"item\":\"https:\\\/\\\/bidonsenshakers.nl\\\/de\\\/\",\"nextItem\":{\"@type\":\"ListItem\",\"@id\":\"https:\\\/\\\/bidonsenshakers.nl\\\/shop\\\/#listItem\",\"name\":\"Shop\"}},{\"@type\":\"ListItem\",\"@id\":\"https:\\\/\\\/bidonsenshakers.nl\\\/shop\\\/#listItem\",\"position\":2,\"name\":\"Shop\",\"item\":\"https:\\\/\\\/bidonsenshakers.nl\\\/shop\\\/\",\"nextItem\":{\"@type\":\"ListItem\",\"@id\":\"https:\\\/\\\/bidonsenshakers.nl\\\/de\\\/product-supplier\\\/a53\\\/#listItem\",\"name\":\"A53\"},\"previousItem\":{\"@type\":\"ListItem\",\"@id\":\"https:\\\/\\\/bidonsenshakers.nl\\\/de\\\/#listItem\",\"name\":\"Home\"}},{\"@type\":\"ListItem\",\"@id\":\"https:\\\/\\\/bidonsenshakers.nl\\\/de\\\/product-supplier\\\/a53\\\/#listItem\",\"position\":3,\"name\":\"A53\",\"item\":\"https:\\\/\\\/bidonsenshakers.nl\\\/de\\\/product-supplier\\\/a53\\\/\",\"nextItem\":{\"@type\":\"ListItem\",\"@id\":\"https:\\\/\\\/bidonsenshakers.nl\\\/de\\\/product\\\/2813\\\/thermoflasche-mit-logo-bedrucken-flow-isoliert-mit-griff-400ml\\\/#listItem\",\"name\":\"Thermofles Flow met handvat sublimatie 400ml\"},\"previousItem\":{\"@type\":\"ListItem\",\"@id\":\"https:\\\/\\\/bidonsenshakers.nl\\\/shop\\\/#listItem\",\"name\":\"Shop\"}},{\"@type\":\"ListItem\",\"@id\":\"https:\\\/\\\/bidonsenshakers.nl\\\/de\\\/product\\\/2813\\\/thermoflasche-mit-logo-bedrucken-flow-isoliert-mit-griff-400ml\\\/#listItem\",\"position\":4,\"name\":\"Thermofles Flow met handvat sublimatie 400ml\",\"previousItem\":{\"@type\":\"ListItem\",\"@id\":\"https:\\\/\\\/bidonsenshakers.nl\\\/de\\\/product-supplier\\\/a53\\\/#listItem\",\"name\":\"A53\"}}]},{\"@type\":\"Organization\",\"@id\":\"https:\\\/\\\/bidonsenshakers.nl\\\/de\\\/#organization\",\"name\":\"Trinkflaschen & Shakers\",\"description\":\"Trinkflaschen & Shakers\",\"url\":\"https:\\\/\\\/bidonsenshakers.nl\\\/de\\\/\",\"telephone\":\"+31793310133\",\"logo\":{\"@type\":\"ImageObject\",\"url\":\"https:\\\/\\\/shop.hidalgo.nl\\\/wp-content\\\/uploads\\\/2026\\\/01\\\/cropped-Logo.png\",\"@id\":\"https:\\\/\\\/bidonsenshakers.nl\\\/de\\\/product\\\/2813\\\/thermoflasche-mit-logo-bedrucken-flow-isoliert-mit-griff-400ml\\\/#organizationLogo\",\"width\":600,\"height\":243},\"image\":{\"@id\":\"https:\\\/\\\/bidonsenshakers.nl\\\/de\\\/product\\\/2813\\\/thermoflasche-mit-logo-bedrucken-flow-isoliert-mit-griff-400ml\\\/#organizationLogo\"},\"sameAs\":[\"https:\\\/\\\/www.facebook.com\\\/hidalgobagsandmore\\\/\",\"https:\\\/\\\/x.com\\\/Hidalgo_BV\\\/status\\\/74021585866067968\",\"https:\\\/\\\/www.instagram.com\\\/hidalgobagsandmore\\\/#\",\"https:\\\/\\\/www.youtube.com\\\/@hidalgobagsandmore\",\"https:\\\/\\\/www.linkedin.com\\\/in\\\/rutgerblommers\\\/\"]},{\"@type\":\"WebPage\",\"@id\":\"https:\\\/\\\/bidonsenshakers.nl\\\/de\\\/product\\\/2813\\\/thermoflasche-mit-logo-bedrucken-flow-isoliert-mit-griff-400ml\\\/#webpage\",\"url\":\"https:\\\/\\\/bidonsenshakers.nl\\\/de\\\/product\\\/2813\\\/thermoflasche-mit-logo-bedrucken-flow-isoliert-mit-griff-400ml\\\/\",\"name\":\"Thermoflasche mit Logo bedrucken Flow isoliert mit Griff 400ml\",\"description\":\"Erlebe den Komfort von hei\\u00dfem oder kaltem Kaffee f\\u00fcr unterwegs. Die doppelwandige Isolation h\\u00e4lt deine Getr\\u00e4nke bis zu 12 Stunden warm oder 24 Stunden kalt. Perfekt f\\u00fcr Pendler, kann mit deinem Logo personalisiert werden. Der integrierte Griff sorgt f\\u00fcr einfaches Tragen.\",\"inLanguage\":\"de-DE\",\"isPartOf\":{\"@id\":\"https:\\\/\\\/bidonsenshakers.nl\\\/de\\\/#website\"},\"breadcrumb\":{\"@id\":\"https:\\\/\\\/bidonsenshakers.nl\\\/de\\\/product\\\/2813\\\/thermoflasche-mit-logo-bedrucken-flow-isoliert-mit-griff-400ml\\\/#breadcrumblist\"},\"image\":{\"@type\":\"ImageObject\",\"url\":\"https:\\\/\\\/shop.hidalgo.nl\\\/wp-content\\\/uploads\\\/2025\\\/04\\\/a623041a24c61c54c001dac6edc11f9491c056e2c20d4ea0a214ce3c6efbb8c0.jpg\",\"@id\":\"https:\\\/\\\/bidonsenshakers.nl\\\/de\\\/product\\\/2813\\\/thermoflasche-mit-logo-bedrucken-flow-isoliert-mit-griff-400ml\\\/#mainImage\"},\"primaryImageOfPage\":{\"@id\":\"https:\\\/\\\/bidonsenshakers.nl\\\/de\\\/product\\\/2813\\\/thermoflasche-mit-logo-bedrucken-flow-isoliert-mit-griff-400ml\\\/#mainImage\"},\"datePublished\":\"2026-01-26T09:41:42+00:00\",\"dateModified\":\"2026-02-17T11:56:31+00:00\"},{\"@type\":\"WebSite\",\"@id\":\"https:\\\/\\\/bidonsenshakers.nl\\\/de\\\/#website\",\"url\":\"https:\\\/\\\/bidonsenshakers.nl\\\/de\\\/\",\"name\":\"Trinkflaschen & Shakers\",\"description\":\"Trinkflaschen & Shakers\",\"inLanguage\":\"de-DE\",\"publisher\":{\"@id\":\"https:\\\/\\\/bidonsenshakers.nl\\\/de\\\/#organization\"}}]}\n\t\t<\/script>\n\t\t<!-- All in One SEO Pro -->\r\n\t\t<title>Thermoflasche mit Logo bedrucken Flow isoliert mit Griff 400ml<\/title>\n\n","aioseo_head_json":{"title":"Thermoflasche mit Logo bedrucken Flow isoliert mit Griff 400ml","description":"Erlebe den Komfort von hei\u00dfem oder kaltem Kaffee f\u00fcr unterwegs. Die doppelwandige Isolation h\u00e4lt deine Getr\u00e4nke bis zu 12 Stunden warm oder 24 Stunden kalt. Perfekt f\u00fcr Pendler, kann mit deinem Logo personalisiert werden. Der integrierte Griff sorgt f\u00fcr einfaches Tragen.","canonical_url":"https:\/\/bidonsenshakers.nl\/de\/wp-json\/wp\/v2\/product\/2813","robots":"max-image-preview:large","keywords":"","webmasterTools":{"google-site-verification":"BBMiYHShnVBoc8v9xoHf0FXMC27otVB0wiWxw_hFRrM","miscellaneous":""},"schema":{"@context":"https:\/\/schema.org","@graph":[{"@type":"BreadcrumbList","@id":"https:\/\/bidonsenshakers.nl\/de\/product\/2813\/thermoflasche-mit-logo-bedrucken-flow-isoliert-mit-griff-400ml\/#breadcrumblist","itemListElement":[{"@type":"ListItem","@id":"https:\/\/bidonsenshakers.nl\/de\/#listItem","position":1,"name":"Home","item":"https:\/\/bidonsenshakers.nl\/de\/","nextItem":{"@type":"ListItem","@id":"https:\/\/bidonsenshakers.nl\/shop\/#listItem","name":"Shop"}},{"@type":"ListItem","@id":"https:\/\/bidonsenshakers.nl\/shop\/#listItem","position":2,"name":"Shop","item":"https:\/\/bidonsenshakers.nl\/shop\/","nextItem":{"@type":"ListItem","@id":"https:\/\/bidonsenshakers.nl\/de\/product-supplier\/a53\/#listItem","name":"A53"},"previousItem":{"@type":"ListItem","@id":"https:\/\/bidonsenshakers.nl\/de\/#listItem","name":"Home"}},{"@type":"ListItem","@id":"https:\/\/bidonsenshakers.nl\/de\/product-supplier\/a53\/#listItem","position":3,"name":"A53","item":"https:\/\/bidonsenshakers.nl\/de\/product-supplier\/a53\/","nextItem":{"@type":"ListItem","@id":"https:\/\/bidonsenshakers.nl\/de\/product\/2813\/thermoflasche-mit-logo-bedrucken-flow-isoliert-mit-griff-400ml\/#listItem","name":"Thermofles Flow met handvat sublimatie 400ml"},"previousItem":{"@type":"ListItem","@id":"https:\/\/bidonsenshakers.nl\/shop\/#listItem","name":"Shop"}},{"@type":"ListItem","@id":"https:\/\/bidonsenshakers.nl\/de\/product\/2813\/thermoflasche-mit-logo-bedrucken-flow-isoliert-mit-griff-400ml\/#listItem","position":4,"name":"Thermofles Flow met handvat sublimatie 400ml","previousItem":{"@type":"ListItem","@id":"https:\/\/bidonsenshakers.nl\/de\/product-supplier\/a53\/#listItem","name":"A53"}}]},{"@type":"Organization","@id":"https:\/\/bidonsenshakers.nl\/de\/#organization","name":"Trinkflaschen & Shakers","description":"Trinkflaschen & Shakers","url":"https:\/\/bidonsenshakers.nl\/de\/","telephone":"+31793310133","logo":{"@type":"ImageObject","url":"https:\/\/shop.hidalgo.nl\/wp-content\/uploads\/2026\/01\/cropped-Logo.png","@id":"https:\/\/bidonsenshakers.nl\/de\/product\/2813\/thermoflasche-mit-logo-bedrucken-flow-isoliert-mit-griff-400ml\/#organizationLogo","width":600,"height":243},"image":{"@id":"https:\/\/bidonsenshakers.nl\/de\/product\/2813\/thermoflasche-mit-logo-bedrucken-flow-isoliert-mit-griff-400ml\/#organizationLogo"},"sameAs":["https:\/\/www.facebook.com\/hidalgobagsandmore\/","https:\/\/x.com\/Hidalgo_BV\/status\/74021585866067968","https:\/\/www.instagram.com\/hidalgobagsandmore\/#","https:\/\/www.youtube.com\/@hidalgobagsandmore","https:\/\/www.linkedin.com\/in\/rutgerblommers\/"]},{"@type":"WebPage","@id":"https:\/\/bidonsenshakers.nl\/de\/product\/2813\/thermoflasche-mit-logo-bedrucken-flow-isoliert-mit-griff-400ml\/#webpage","url":"https:\/\/bidonsenshakers.nl\/de\/product\/2813\/thermoflasche-mit-logo-bedrucken-flow-isoliert-mit-griff-400ml\/","name":"Thermoflasche mit Logo bedrucken Flow isoliert mit Griff 400ml","description":"Erlebe den Komfort von hei\u00dfem oder kaltem Kaffee f\u00fcr unterwegs. Die doppelwandige Isolation h\u00e4lt deine Getr\u00e4nke bis zu 12 Stunden warm oder 24 Stunden kalt. Perfekt f\u00fcr Pendler, kann mit deinem Logo personalisiert werden. Der integrierte Griff sorgt f\u00fcr einfaches Tragen.","inLanguage":"de-DE","isPartOf":{"@id":"https:\/\/bidonsenshakers.nl\/de\/#website"},"breadcrumb":{"@id":"https:\/\/bidonsenshakers.nl\/de\/product\/2813\/thermoflasche-mit-logo-bedrucken-flow-isoliert-mit-griff-400ml\/#breadcrumblist"},"image":{"@type":"ImageObject","url":"https:\/\/shop.hidalgo.nl\/wp-content\/uploads\/2025\/04\/a623041a24c61c54c001dac6edc11f9491c056e2c20d4ea0a214ce3c6efbb8c0.jpg","@id":"https:\/\/bidonsenshakers.nl\/de\/product\/2813\/thermoflasche-mit-logo-bedrucken-flow-isoliert-mit-griff-400ml\/#mainImage"},"primaryImageOfPage":{"@id":"https:\/\/bidonsenshakers.nl\/de\/product\/2813\/thermoflasche-mit-logo-bedrucken-flow-isoliert-mit-griff-400ml\/#mainImage"},"datePublished":"2026-01-26T09:41:42+00:00","dateModified":"2026-02-17T11:56:31+00:00"},{"@type":"WebSite","@id":"https:\/\/bidonsenshakers.nl\/de\/#website","url":"https:\/\/bidonsenshakers.nl\/de\/","name":"Trinkflaschen & Shakers","description":"Trinkflaschen & Shakers","inLanguage":"de-DE","publisher":{"@id":"https:\/\/bidonsenshakers.nl\/de\/#organization"}}]},"og:locale":"de_DE","og:site_name":"Trinkflaschen &amp; Shakers - Trinkflaschen &amp; Shakers","og:type":"article","og:title":"Thermoflasche mit Logo bedrucken Flow isoliert mit Griff 400ml","og:description":"Erlebe den Komfort von hei\u00dfem oder kaltem Kaffee f\u00fcr unterwegs. Die doppelwandige Isolation h\u00e4lt deine Getr\u00e4nke bis zu 12 Stunden warm oder 24 Stunden kalt. Perfekt f\u00fcr Pendler, kann mit deinem Logo personalisiert werden. Der integrierte Griff sorgt f\u00fcr einfaches Tragen.","og:url":"https:\/\/bidonsenshakers.nl\/de\/wp-json\/wp\/v2\/product\/2813","og:image":"https:\/\/shop.hidalgo.nl\/wp-content\/uploads\/2026\/01\/cropped-Logo.png","og:image:secure_url":"https:\/\/shop.hidalgo.nl\/wp-content\/uploads\/2026\/01\/cropped-Logo.png","article:published_time":"2026-01-26T09:41:42+00:00","article:modified_time":"2026-02-17T11:56:31+00:00","article:publisher":"https:\/\/www.facebook.com\/hidalgobagsandmore\/","twitter:card":"summary_large_image","twitter:site":"@Hidalgo_BV","twitter:title":"Thermoflasche mit Logo bedrucken Flow isoliert mit Griff 400ml","twitter:description":"Erlebe den Komfort von hei\u00dfem oder kaltem Kaffee f\u00fcr unterwegs. Die doppelwandige Isolation h\u00e4lt deine Getr\u00e4nke bis zu 12 Stunden warm oder 24 Stunden kalt. Perfekt f\u00fcr Pendler, kann mit deinem Logo personalisiert werden. Der integrierte Griff sorgt f\u00fcr einfaches Tragen.","twitter:image":"https:\/\/shop.hidalgo.nl\/wp-content\/uploads\/2026\/01\/cropped-Logo.png"},"aioseo_meta_data":{"post_id":"2813","title":null,"description":null,"keywords":null,"keyphrases":null,"canonical_url":null,"og_title":null,"og_description":null,"og_object_type":"default","og_image_type":"default","og_image_custom_url":null,"og_image_custom_fields":null,"og_custom_image_width":null,"og_custom_image_height":null,"og_video":null,"og_custom_url":null,"og_article_section":null,"og_article_tags":null,"twitter_use_og":false,"twitter_card":"default","twitter_image_type":"default","twitter_image_custom_url":null,"twitter_image_custom_fields":null,"twitter_title":null,"twitter_description":null,"schema_type":null,"schema_type_options":null,"pillar_content":false,"robots_default":true,"robots_noindex":false,"robots_noarchive":false,"robots_nosnippet":false,"robots_nofollow":false,"robots_noimageindex":false,"robots_noodp":false,"robots_notranslate":false,"robots_max_snippet":null,"robots_max_videopreview":null,"robots_max_imagepreview":"none","tabs":null,"priority":null,"frequency":null,"local_seo":null,"created":"2026-01-26 09:43:55","updated":"2026-02-18 00:31:46"},"aioseo_breadcrumb":"<div class=\"aioseo-breadcrumbs\"><span class=\"aioseo-breadcrumb\">\n\t<a href=\"https:\/\/bidonsenshakers.nl\/de\/\" title=\"Home\">Home<\/a>\n<\/span><span class=\"aioseo-breadcrumb-separator\">\u00bb<\/span><span class=\"aioseo-breadcrumb\">\n\t<a href=\"https:\/\/bidonsenshakers.nl\/shop\/\" title=\"Shop\">Shop<\/a>\n<\/span><span class=\"aioseo-breadcrumb-separator\">\u00bb<\/span><span class=\"aioseo-breadcrumb\">\n\t<a href=\"https:\/\/bidonsenshakers.nl\/de\/product-supplier\/a53\/\" title=\"A53\">A53<\/a>\n<\/span><span class=\"aioseo-breadcrumb-separator\">\u00bb<\/span><span class=\"aioseo-breadcrumb\">\n\tThermofles Flow met handvat sublimatie 400ml\n<\/span><\/div>","aioseo_breadcrumb_json":[{"label":"Home","link":"https:\/\/bidonsenshakers.nl\/de\/"},{"label":"Shop","link":"https:\/\/bidonsenshakers.nl\/shop\/"},{"label":"A53","link":"https:\/\/bidonsenshakers.nl\/de\/product-supplier\/a53\/"},{"label":"Thermofles Flow met handvat sublimatie 400ml","link":"https:\/\/bidonsenshakers.nl\/de\/product\/2813\/thermoflasche-mit-logo-bedrucken-flow-isoliert-mit-griff-400ml\/"}],"_links":{"self":[{"href":"https:\/\/bidonsenshakers.nl\/de\/wp-json\/wp\/v2\/product\/2813","targetHints":{"allow":["GET"]}}],"collection":[{"href":"https:\/\/bidonsenshakers.nl\/de\/wp-json\/wp\/v2\/product"}],"about":[{"href":"https:\/\/bidonsenshakers.nl\/de\/wp-json\/wp\/v2\/types\/product"}],"wp:featuredmedia":[{"embeddable":true,"href":"https:\/\/bidonsenshakers.nl\/de\/wp-json\/wp\/v2\/media\/2814"}],"wp:attachment":[{"href":"https:\/\/bidonsenshakers.nl\/de\/wp-json\/wp\/v2\/media?parent=2813"}],"wp:term":[{"taxonomy":"product_brand","embeddable":true,"href":"https:\/\/bidonsenshakers.nl\/de\/wp-json\/wp\/v2\/product_brand?post=2813"},{"taxonomy":"product_cat","embeddable":true,"href":"https:\/\/bidonsenshakers.nl\/de\/wp-json\/wp\/v2\/product_cat?post=2813"},{"taxonomy":"product_tag","embeddable":true,"href":"https:\/\/bidonsenshakers.nl\/de\/wp-json\/wp\/v2\/product_tag?post=2813"}],"curies":[{"name":"wp","href":"https:\/\/api.w.org\/{rel}","templated":true}]}}