{"id":3077,"date":"2026-01-26T09:48:09","date_gmt":"2026-01-26T09:48:09","guid":{"rendered":"https:\/\/bidonsenshakers.shop.hidalgo.nl\/product\/insideout-ozzy-beker-1-2l\/"},"modified":"2026-02-17T11:56:29","modified_gmt":"2026-02-17T11:56:29","slug":"insideout-ozzy-beker-1-2l","status":"publish","type":"product","link":"https:\/\/bidonsenshakers.nl\/de\/product\/3077\/thermobecher-bedrucken-12l-ozzy-edelstahl-recycelt\/","title":{"rendered":"InSideOut Ozzy beker 1.2L"},"content":{"rendered":"<p>Ozzy is een trendy ge\u00efsoleerde beker van 1.2L met een stoere uitstraling. Hij is gemaakt van roestvrij staal met een interieur van gerecycled plastic. Ideaal voor het consumeren van de aanbevolen dagelijkse hoeveelheid van water. Gebruik Ozzy op het werk, tijdens het sporten in de sportschool of gewoon thuis. Ozzy wordt geleverd met een dop en een rietje en is verpakt in een geschenkdoos. De GRS-certificering garandeert een volledig gecertificeerde toeleveringsketen van het gerecyclede materiaal en de totale gerecyclede inhoud is 90% op basis van het gewicht van het artikel.<\/p>\n","protected":false},"excerpt":{"rendered":"<p>Ozzy is een trendy ge\u00efsoleerde beker van 1.2L met een stoere uitstraling. Hij is gemaakt van roestvrij staal met een interieur van gerecycled plastic. Ideaal voor het consumeren van de aanbevolen dagelijkse hoeveelheid van water. Gebruik Ozzy op het werk, tijdens het sporten in de sportschool of gewoon thuis. Ozzy wordt geleverd met een dop&hellip; <a class=\"more-link\" href=\"https:\/\/bidonsenshakers.nl\/de\/product\/3077\/thermobecher-bedrucken-12l-ozzy-edelstahl-recycelt\/\"><span class=\"screen-reader-text\">InSideOut Ozzy beker 1.2L<\/span> weiterlesen<\/a><\/p>\n","protected":false},"featured_media":3078,"template":"","meta":{"_acf_changed":false,"om_disable_all_campaigns":false,"_monsterinsights_skip_tracking":false,"_monsterinsights_sitenote_active":false,"_monsterinsights_sitenote_note":"","_monsterinsights_sitenote_category":0},"product_brand":[],"product_cat":[202],"product_tag":[],"class_list":{"0":"post-3077","1":"product","2":"type-product","3":"status-publish","4":"has-post-thumbnail","6":"product_supplier-a53","7":"product_cat-thermosflessen","8":"entry","10":"first","11":"instock","12":"taxable","13":"shipping-taxable","14":"purchasable","15":"product-type-variable"},"acf":{"imprint_cost":[{"imprint_cost_key":"20e56400fc5b6924195a8c1186d724f62f9f0622","product_quantity_price_range":[{"imprint_cost_recommended_selling_price":"1.7625","imprint_cost_recommended_selling_quantity":"1"},{"imprint_cost_recommended_selling_price":"1.5","imprint_cost_recommended_selling_quantity":"10"},{"imprint_cost_recommended_selling_price":"1.3425","imprint_cost_recommended_selling_quantity":"25"},{"imprint_cost_recommended_selling_price":"1.1625","imprint_cost_recommended_selling_quantity":"50"},{"imprint_cost_recommended_selling_price":"1.0875","imprint_cost_recommended_selling_quantity":"100"},{"imprint_cost_recommended_selling_price":"1.0425","imprint_cost_recommended_selling_quantity":"250"},{"imprint_cost_recommended_selling_price":"1.005","imprint_cost_recommended_selling_quantity":"500"},{"imprint_cost_recommended_selling_price":"0.96","imprint_cost_recommended_selling_quantity":"1000"},{"imprint_cost_recommended_selling_price":"0.915","imprint_cost_recommended_selling_quantity":"2500"},{"imprint_cost_recommended_selling_price":"0.87","imprint_cost_recommended_selling_quantity":"5000"},{"imprint_cost_recommended_selling_price":"0.8175","imprint_cost_recommended_selling_quantity":"10000"}],"product_quantity_price_range_buying":[{"imprint_cost_general_buying_price":"1.175","imprint_cost_general_buying_quantity":"1"},{"imprint_cost_general_buying_price":"1","imprint_cost_general_buying_quantity":"10"},{"imprint_cost_general_buying_price":"0.895","imprint_cost_general_buying_quantity":"25"},{"imprint_cost_general_buying_price":"0.775","imprint_cost_general_buying_quantity":"50"},{"imprint_cost_general_buying_price":"0.725","imprint_cost_general_buying_quantity":"100"},{"imprint_cost_general_buying_price":"0.695","imprint_cost_general_buying_quantity":"250"},{"imprint_cost_general_buying_price":"0.67","imprint_cost_general_buying_quantity":"500"},{"imprint_cost_general_buying_price":"0.64","imprint_cost_general_buying_quantity":"1000"},{"imprint_cost_general_buying_price":"0.61","imprint_cost_general_buying_quantity":"2500"},{"imprint_cost_general_buying_price":"0.58","imprint_cost_general_buying_quantity":"5000"},{"imprint_cost_general_buying_price":"0.545","imprint_cost_general_buying_quantity":"10000"}],"imprint_cost_setup_costs":"54","imprint_cost_handling_costs":"0.12"},{"imprint_cost_key":"c41150bddb9e3d00d0a1a2102931fd18f33ebf3d","product_quantity_price_range":[{"imprint_cost_recommended_selling_price":"4.395","imprint_cost_recommended_selling_quantity":"1"},{"imprint_cost_recommended_selling_price":"3.8625","imprint_cost_recommended_selling_quantity":"10"},{"imprint_cost_recommended_selling_price":"3.5475","imprint_cost_recommended_selling_quantity":"25"},{"imprint_cost_recommended_selling_price":"3.195","imprint_cost_recommended_selling_quantity":"50"},{"imprint_cost_recommended_selling_price":"3.0375","imprint_cost_recommended_selling_quantity":"100"},{"imprint_cost_recommended_selling_price":"2.9475","imprint_cost_recommended_selling_quantity":"250"},{"imprint_cost_recommended_selling_price":"2.88","imprint_cost_recommended_selling_quantity":"500"},{"imprint_cost_recommended_selling_price":"2.79","imprint_cost_recommended_selling_quantity":"1000"},{"imprint_cost_recommended_selling_price":"2.6925","imprint_cost_recommended_selling_quantity":"2500"},{"imprint_cost_recommended_selling_price":"2.6025","imprint_cost_recommended_selling_quantity":"5000"},{"imprint_cost_recommended_selling_price":"2.505","imprint_cost_recommended_selling_quantity":"10000"}],"product_quantity_price_range_buying":[{"imprint_cost_general_buying_price":"2.93","imprint_cost_general_buying_quantity":"1"},{"imprint_cost_general_buying_price":"2.575","imprint_cost_general_buying_quantity":"10"},{"imprint_cost_general_buying_price":"2.365","imprint_cost_general_buying_quantity":"25"},{"imprint_cost_general_buying_price":"2.13","imprint_cost_general_buying_quantity":"50"},{"imprint_cost_general_buying_price":"2.025","imprint_cost_general_buying_quantity":"100"},{"imprint_cost_general_buying_price":"1.965","imprint_cost_general_buying_quantity":"250"},{"imprint_cost_general_buying_price":"1.92","imprint_cost_general_buying_quantity":"500"},{"imprint_cost_general_buying_price":"1.86","imprint_cost_general_buying_quantity":"1000"},{"imprint_cost_general_buying_price":"1.795","imprint_cost_general_buying_quantity":"2500"},{"imprint_cost_general_buying_price":"1.735","imprint_cost_general_buying_quantity":"5000"},{"imprint_cost_general_buying_price":"1.67","imprint_cost_general_buying_quantity":"10000"}],"imprint_cost_setup_costs":"54","imprint_cost_handling_costs":"0.12"},{"imprint_cost_key":"bbeec41574dd87baaac45c62fe775a9c29d26a85","product_quantity_price_range":[{"imprint_cost_recommended_selling_price":"1.605","imprint_cost_recommended_selling_quantity":"1"},{"imprint_cost_recommended_selling_price":"1.3575","imprint_cost_recommended_selling_quantity":"10"},{"imprint_cost_recommended_selling_price":"0.87","imprint_cost_recommended_selling_quantity":"25"},{"imprint_cost_recommended_selling_price":"0.69","imprint_cost_recommended_selling_quantity":"50"},{"imprint_cost_recommended_selling_price":"0.615","imprint_cost_recommended_selling_quantity":"100"},{"imprint_cost_recommended_selling_price":"0.5325","imprint_cost_recommended_selling_quantity":"250"},{"imprint_cost_recommended_selling_price":"0.4575","imprint_cost_recommended_selling_quantity":"500"},{"imprint_cost_recommended_selling_price":"0.375","imprint_cost_recommended_selling_quantity":"1000"},{"imprint_cost_recommended_selling_price":"0.36","imprint_cost_recommended_selling_quantity":"2500"},{"imprint_cost_recommended_selling_price":"0.345","imprint_cost_recommended_selling_quantity":"5000"},{"imprint_cost_recommended_selling_price":"0.33","imprint_cost_recommended_selling_quantity":"10000"}],"product_quantity_price_range_buying":[{"imprint_cost_general_buying_price":"1.07","imprint_cost_general_buying_quantity":"1"},{"imprint_cost_general_buying_price":"0.905","imprint_cost_general_buying_quantity":"10"},{"imprint_cost_general_buying_price":"0.58","imprint_cost_general_buying_quantity":"25"},{"imprint_cost_general_buying_price":"0.46","imprint_cost_general_buying_quantity":"50"},{"imprint_cost_general_buying_price":"0.41","imprint_cost_general_buying_quantity":"100"},{"imprint_cost_general_buying_price":"0.355","imprint_cost_general_buying_quantity":"250"},{"imprint_cost_general_buying_price":"0.305","imprint_cost_general_buying_quantity":"500"},{"imprint_cost_general_buying_price":"0.25","imprint_cost_general_buying_quantity":"1000"},{"imprint_cost_general_buying_price":"0.24","imprint_cost_general_buying_quantity":"2500"},{"imprint_cost_general_buying_price":"0.23","imprint_cost_general_buying_quantity":"5000"},{"imprint_cost_general_buying_price":"0.22","imprint_cost_general_buying_quantity":"10000"}],"imprint_cost_setup_costs":"54","imprint_cost_handling_costs":"0.12"}]},"aioseo_notices":[],"aioseo_head":"\n\t\t<!-- All in One SEO Pro 4.9.6.2 - aioseo.com -->\n\t<meta name=\"description\" content=\"Erlebe nachhaltigen Genuss mit dem InSideOut Ozzy Becher. Dieser Thermobecher h\u00e4lt deine Getr\u00e4nke warm oder kalt und besteht innen aus 90% recyceltem Material. Perfekt f\u00fcr unterwegs oder im B\u00fcro und individuell mit deinem Logo gestaltbar, wird er in einer stilvollen Geschenkbox geliefert.\" \/>\n\t<meta name=\"robots\" content=\"max-image-preview:large\" \/>\n\t<meta name=\"google-site-verification\" content=\"BBMiYHShnVBoc8v9xoHf0FXMC27otVB0wiWxw_hFRrM\" \/>\n\t<link rel=\"canonical\" href=\"https:\/\/bidonsenshakers.nl\/de\/wp-json\/wp\/v2\/product\/3077\" \/>\n\t<meta name=\"generator\" content=\"All in One SEO Pro (AIOSEO) 4.9.6.2\" \/>\n\t\t<meta property=\"og:locale\" content=\"de_DE\" \/>\n\t\t<meta property=\"og:site_name\" content=\"Trinkflaschen &amp; Shakers - Trinkflaschen &amp; Shakers\" \/>\n\t\t<meta property=\"og:type\" content=\"article\" \/>\n\t\t<meta property=\"og:title\" content=\"Thermobecher bedrucken 1,2L Ozzy Edelstahl recycelt\" \/>\n\t\t<meta property=\"og:description\" content=\"Erlebe nachhaltigen Genuss mit dem InSideOut Ozzy Becher. Dieser Thermobecher h\u00e4lt deine Getr\u00e4nke warm oder kalt und besteht innen aus 90% recyceltem Material. Perfekt f\u00fcr unterwegs oder im B\u00fcro und individuell mit deinem Logo gestaltbar, wird er in einer stilvollen Geschenkbox geliefert.\" \/>\n\t\t<meta property=\"og:url\" content=\"https:\/\/bidonsenshakers.nl\/de\/wp-json\/wp\/v2\/product\/3077\" \/>\n\t\t<meta property=\"og:image\" content=\"https:\/\/shop.hidalgo.nl\/wp-content\/uploads\/2026\/01\/cropped-Logo.png\" \/>\n\t\t<meta property=\"og:image:secure_url\" content=\"https:\/\/shop.hidalgo.nl\/wp-content\/uploads\/2026\/01\/cropped-Logo.png\" \/>\n\t\t<meta property=\"article:published_time\" content=\"2026-01-26T09:48:09+00:00\" \/>\n\t\t<meta property=\"article:modified_time\" content=\"2026-02-17T11:56:29+00:00\" \/>\n\t\t<meta property=\"article:publisher\" content=\"https:\/\/www.facebook.com\/hidalgobagsandmore\/\" \/>\n\t\t<meta name=\"twitter:card\" content=\"summary_large_image\" \/>\n\t\t<meta name=\"twitter:site\" content=\"@Hidalgo_BV\" \/>\n\t\t<meta name=\"twitter:title\" content=\"Thermobecher bedrucken 1,2L Ozzy Edelstahl recycelt\" \/>\n\t\t<meta name=\"twitter:description\" content=\"Erlebe nachhaltigen Genuss mit dem InSideOut Ozzy Becher. Dieser Thermobecher h\u00e4lt deine Getr\u00e4nke warm oder kalt und besteht innen aus 90% recyceltem Material. Perfekt f\u00fcr unterwegs oder im B\u00fcro und individuell mit deinem Logo gestaltbar, wird er in einer stilvollen Geschenkbox geliefert.\" \/>\n\t\t<meta name=\"twitter:image\" content=\"https:\/\/shop.hidalgo.nl\/wp-content\/uploads\/2026\/01\/cropped-Logo.png\" \/>\n\t\t<script type=\"application\/ld+json\" class=\"aioseo-schema\">\n\t\t\t{\"@context\":\"https:\\\/\\\/schema.org\",\"@graph\":[{\"@type\":\"BreadcrumbList\",\"@id\":\"https:\\\/\\\/bidonsenshakers.nl\\\/de\\\/product\\\/3077\\\/thermobecher-bedrucken-12l-ozzy-edelstahl-recycelt\\\/#breadcrumblist\",\"itemListElement\":[{\"@type\":\"ListItem\",\"@id\":\"https:\\\/\\\/bidonsenshakers.nl\\\/de\\\/#listItem\",\"position\":1,\"name\":\"Home\",\"item\":\"https:\\\/\\\/bidonsenshakers.nl\\\/de\\\/\",\"nextItem\":{\"@type\":\"ListItem\",\"@id\":\"https:\\\/\\\/bidonsenshakers.nl\\\/shop\\\/#listItem\",\"name\":\"Shop\"}},{\"@type\":\"ListItem\",\"@id\":\"https:\\\/\\\/bidonsenshakers.nl\\\/shop\\\/#listItem\",\"position\":2,\"name\":\"Shop\",\"item\":\"https:\\\/\\\/bidonsenshakers.nl\\\/shop\\\/\",\"nextItem\":{\"@type\":\"ListItem\",\"@id\":\"https:\\\/\\\/bidonsenshakers.nl\\\/de\\\/product-supplier\\\/a53\\\/#listItem\",\"name\":\"A53\"},\"previousItem\":{\"@type\":\"ListItem\",\"@id\":\"https:\\\/\\\/bidonsenshakers.nl\\\/de\\\/#listItem\",\"name\":\"Home\"}},{\"@type\":\"ListItem\",\"@id\":\"https:\\\/\\\/bidonsenshakers.nl\\\/de\\\/product-supplier\\\/a53\\\/#listItem\",\"position\":3,\"name\":\"A53\",\"item\":\"https:\\\/\\\/bidonsenshakers.nl\\\/de\\\/product-supplier\\\/a53\\\/\",\"nextItem\":{\"@type\":\"ListItem\",\"@id\":\"https:\\\/\\\/bidonsenshakers.nl\\\/de\\\/product\\\/3077\\\/thermobecher-bedrucken-12l-ozzy-edelstahl-recycelt\\\/#listItem\",\"name\":\"InSideOut Ozzy beker 1.2L\"},\"previousItem\":{\"@type\":\"ListItem\",\"@id\":\"https:\\\/\\\/bidonsenshakers.nl\\\/shop\\\/#listItem\",\"name\":\"Shop\"}},{\"@type\":\"ListItem\",\"@id\":\"https:\\\/\\\/bidonsenshakers.nl\\\/de\\\/product\\\/3077\\\/thermobecher-bedrucken-12l-ozzy-edelstahl-recycelt\\\/#listItem\",\"position\":4,\"name\":\"InSideOut Ozzy beker 1.2L\",\"previousItem\":{\"@type\":\"ListItem\",\"@id\":\"https:\\\/\\\/bidonsenshakers.nl\\\/de\\\/product-supplier\\\/a53\\\/#listItem\",\"name\":\"A53\"}}]},{\"@type\":\"Organization\",\"@id\":\"https:\\\/\\\/bidonsenshakers.nl\\\/de\\\/#organization\",\"name\":\"Trinkflaschen & Shakers\",\"description\":\"Trinkflaschen & Shakers\",\"url\":\"https:\\\/\\\/bidonsenshakers.nl\\\/de\\\/\",\"telephone\":\"+31793310133\",\"logo\":{\"@type\":\"ImageObject\",\"url\":\"https:\\\/\\\/shop.hidalgo.nl\\\/wp-content\\\/uploads\\\/2026\\\/01\\\/cropped-Logo.png\",\"@id\":\"https:\\\/\\\/bidonsenshakers.nl\\\/de\\\/product\\\/3077\\\/thermobecher-bedrucken-12l-ozzy-edelstahl-recycelt\\\/#organizationLogo\",\"width\":600,\"height\":243},\"image\":{\"@id\":\"https:\\\/\\\/bidonsenshakers.nl\\\/de\\\/product\\\/3077\\\/thermobecher-bedrucken-12l-ozzy-edelstahl-recycelt\\\/#organizationLogo\"},\"sameAs\":[\"https:\\\/\\\/www.facebook.com\\\/hidalgobagsandmore\\\/\",\"https:\\\/\\\/x.com\\\/Hidalgo_BV\\\/status\\\/74021585866067968\",\"https:\\\/\\\/www.instagram.com\\\/hidalgobagsandmore\\\/#\",\"https:\\\/\\\/www.youtube.com\\\/@hidalgobagsandmore\",\"https:\\\/\\\/www.linkedin.com\\\/in\\\/rutgerblommers\\\/\"]},{\"@type\":\"WebPage\",\"@id\":\"https:\\\/\\\/bidonsenshakers.nl\\\/de\\\/product\\\/3077\\\/thermobecher-bedrucken-12l-ozzy-edelstahl-recycelt\\\/#webpage\",\"url\":\"https:\\\/\\\/bidonsenshakers.nl\\\/de\\\/product\\\/3077\\\/thermobecher-bedrucken-12l-ozzy-edelstahl-recycelt\\\/\",\"name\":\"Thermobecher bedrucken 1,2L Ozzy Edelstahl recycelt\",\"description\":\"Erlebe nachhaltigen Genuss mit dem InSideOut Ozzy Becher. Dieser Thermobecher h\\u00e4lt deine Getr\\u00e4nke warm oder kalt und besteht innen aus 90% recyceltem Material. Perfekt f\\u00fcr unterwegs oder im B\\u00fcro und individuell mit deinem Logo gestaltbar, wird er in einer stilvollen Geschenkbox geliefert.\",\"inLanguage\":\"de-DE\",\"isPartOf\":{\"@id\":\"https:\\\/\\\/bidonsenshakers.nl\\\/de\\\/#website\"},\"breadcrumb\":{\"@id\":\"https:\\\/\\\/bidonsenshakers.nl\\\/de\\\/product\\\/3077\\\/thermobecher-bedrucken-12l-ozzy-edelstahl-recycelt\\\/#breadcrumblist\"},\"image\":{\"@type\":\"ImageObject\",\"url\":\"https:\\\/\\\/shop.hidalgo.nl\\\/wp-content\\\/uploads\\\/2025\\\/04\\\/cd538a559aee89d76b894eb58ee3d639a42a4f25a884ad2b5b711c5dee3dd53e.jpg\",\"@id\":\"https:\\\/\\\/bidonsenshakers.nl\\\/de\\\/product\\\/3077\\\/thermobecher-bedrucken-12l-ozzy-edelstahl-recycelt\\\/#mainImage\"},\"primaryImageOfPage\":{\"@id\":\"https:\\\/\\\/bidonsenshakers.nl\\\/de\\\/product\\\/3077\\\/thermobecher-bedrucken-12l-ozzy-edelstahl-recycelt\\\/#mainImage\"},\"datePublished\":\"2026-01-26T09:48:09+00:00\",\"dateModified\":\"2026-02-17T11:56:29+00:00\"},{\"@type\":\"WebSite\",\"@id\":\"https:\\\/\\\/bidonsenshakers.nl\\\/de\\\/#website\",\"url\":\"https:\\\/\\\/bidonsenshakers.nl\\\/de\\\/\",\"name\":\"Trinkflaschen & Shakers\",\"description\":\"Trinkflaschen & Shakers\",\"inLanguage\":\"de-DE\",\"publisher\":{\"@id\":\"https:\\\/\\\/bidonsenshakers.nl\\\/de\\\/#organization\"}}]}\n\t\t<\/script>\n\t\t<!-- All in One SEO Pro -->\r\n\t\t<title>Thermobecher bedrucken 1,2L Ozzy Edelstahl recycelt<\/title>\n\n","aioseo_head_json":{"title":"Thermobecher bedrucken 1,2L Ozzy Edelstahl recycelt","description":"Erlebe nachhaltigen Genuss mit dem InSideOut Ozzy Becher. Dieser Thermobecher h\u00e4lt deine Getr\u00e4nke warm oder kalt und besteht innen aus 90% recyceltem Material. Perfekt f\u00fcr unterwegs oder im B\u00fcro und individuell mit deinem Logo gestaltbar, wird er in einer stilvollen Geschenkbox geliefert.","canonical_url":"https:\/\/bidonsenshakers.nl\/de\/wp-json\/wp\/v2\/product\/3077","robots":"max-image-preview:large","keywords":"","webmasterTools":{"google-site-verification":"BBMiYHShnVBoc8v9xoHf0FXMC27otVB0wiWxw_hFRrM","miscellaneous":""},"schema":{"@context":"https:\/\/schema.org","@graph":[{"@type":"BreadcrumbList","@id":"https:\/\/bidonsenshakers.nl\/de\/product\/3077\/thermobecher-bedrucken-12l-ozzy-edelstahl-recycelt\/#breadcrumblist","itemListElement":[{"@type":"ListItem","@id":"https:\/\/bidonsenshakers.nl\/de\/#listItem","position":1,"name":"Home","item":"https:\/\/bidonsenshakers.nl\/de\/","nextItem":{"@type":"ListItem","@id":"https:\/\/bidonsenshakers.nl\/shop\/#listItem","name":"Shop"}},{"@type":"ListItem","@id":"https:\/\/bidonsenshakers.nl\/shop\/#listItem","position":2,"name":"Shop","item":"https:\/\/bidonsenshakers.nl\/shop\/","nextItem":{"@type":"ListItem","@id":"https:\/\/bidonsenshakers.nl\/de\/product-supplier\/a53\/#listItem","name":"A53"},"previousItem":{"@type":"ListItem","@id":"https:\/\/bidonsenshakers.nl\/de\/#listItem","name":"Home"}},{"@type":"ListItem","@id":"https:\/\/bidonsenshakers.nl\/de\/product-supplier\/a53\/#listItem","position":3,"name":"A53","item":"https:\/\/bidonsenshakers.nl\/de\/product-supplier\/a53\/","nextItem":{"@type":"ListItem","@id":"https:\/\/bidonsenshakers.nl\/de\/product\/3077\/thermobecher-bedrucken-12l-ozzy-edelstahl-recycelt\/#listItem","name":"InSideOut Ozzy beker 1.2L"},"previousItem":{"@type":"ListItem","@id":"https:\/\/bidonsenshakers.nl\/shop\/#listItem","name":"Shop"}},{"@type":"ListItem","@id":"https:\/\/bidonsenshakers.nl\/de\/product\/3077\/thermobecher-bedrucken-12l-ozzy-edelstahl-recycelt\/#listItem","position":4,"name":"InSideOut Ozzy beker 1.2L","previousItem":{"@type":"ListItem","@id":"https:\/\/bidonsenshakers.nl\/de\/product-supplier\/a53\/#listItem","name":"A53"}}]},{"@type":"Organization","@id":"https:\/\/bidonsenshakers.nl\/de\/#organization","name":"Trinkflaschen & Shakers","description":"Trinkflaschen & Shakers","url":"https:\/\/bidonsenshakers.nl\/de\/","telephone":"+31793310133","logo":{"@type":"ImageObject","url":"https:\/\/shop.hidalgo.nl\/wp-content\/uploads\/2026\/01\/cropped-Logo.png","@id":"https:\/\/bidonsenshakers.nl\/de\/product\/3077\/thermobecher-bedrucken-12l-ozzy-edelstahl-recycelt\/#organizationLogo","width":600,"height":243},"image":{"@id":"https:\/\/bidonsenshakers.nl\/de\/product\/3077\/thermobecher-bedrucken-12l-ozzy-edelstahl-recycelt\/#organizationLogo"},"sameAs":["https:\/\/www.facebook.com\/hidalgobagsandmore\/","https:\/\/x.com\/Hidalgo_BV\/status\/74021585866067968","https:\/\/www.instagram.com\/hidalgobagsandmore\/#","https:\/\/www.youtube.com\/@hidalgobagsandmore","https:\/\/www.linkedin.com\/in\/rutgerblommers\/"]},{"@type":"WebPage","@id":"https:\/\/bidonsenshakers.nl\/de\/product\/3077\/thermobecher-bedrucken-12l-ozzy-edelstahl-recycelt\/#webpage","url":"https:\/\/bidonsenshakers.nl\/de\/product\/3077\/thermobecher-bedrucken-12l-ozzy-edelstahl-recycelt\/","name":"Thermobecher bedrucken 1,2L Ozzy Edelstahl recycelt","description":"Erlebe nachhaltigen Genuss mit dem InSideOut Ozzy Becher. Dieser Thermobecher h\u00e4lt deine Getr\u00e4nke warm oder kalt und besteht innen aus 90% recyceltem Material. Perfekt f\u00fcr unterwegs oder im B\u00fcro und individuell mit deinem Logo gestaltbar, wird er in einer stilvollen Geschenkbox geliefert.","inLanguage":"de-DE","isPartOf":{"@id":"https:\/\/bidonsenshakers.nl\/de\/#website"},"breadcrumb":{"@id":"https:\/\/bidonsenshakers.nl\/de\/product\/3077\/thermobecher-bedrucken-12l-ozzy-edelstahl-recycelt\/#breadcrumblist"},"image":{"@type":"ImageObject","url":"https:\/\/shop.hidalgo.nl\/wp-content\/uploads\/2025\/04\/cd538a559aee89d76b894eb58ee3d639a42a4f25a884ad2b5b711c5dee3dd53e.jpg","@id":"https:\/\/bidonsenshakers.nl\/de\/product\/3077\/thermobecher-bedrucken-12l-ozzy-edelstahl-recycelt\/#mainImage"},"primaryImageOfPage":{"@id":"https:\/\/bidonsenshakers.nl\/de\/product\/3077\/thermobecher-bedrucken-12l-ozzy-edelstahl-recycelt\/#mainImage"},"datePublished":"2026-01-26T09:48:09+00:00","dateModified":"2026-02-17T11:56:29+00:00"},{"@type":"WebSite","@id":"https:\/\/bidonsenshakers.nl\/de\/#website","url":"https:\/\/bidonsenshakers.nl\/de\/","name":"Trinkflaschen & Shakers","description":"Trinkflaschen & Shakers","inLanguage":"de-DE","publisher":{"@id":"https:\/\/bidonsenshakers.nl\/de\/#organization"}}]},"og:locale":"de_DE","og:site_name":"Trinkflaschen &amp; Shakers - Trinkflaschen &amp; Shakers","og:type":"article","og:title":"Thermobecher bedrucken 1,2L Ozzy Edelstahl recycelt","og:description":"Erlebe nachhaltigen Genuss mit dem InSideOut Ozzy Becher. Dieser Thermobecher h\u00e4lt deine Getr\u00e4nke warm oder kalt und besteht innen aus 90% recyceltem Material. Perfekt f\u00fcr unterwegs oder im B\u00fcro und individuell mit deinem Logo gestaltbar, wird er in einer stilvollen Geschenkbox geliefert.","og:url":"https:\/\/bidonsenshakers.nl\/de\/wp-json\/wp\/v2\/product\/3077","og:image":"https:\/\/shop.hidalgo.nl\/wp-content\/uploads\/2026\/01\/cropped-Logo.png","og:image:secure_url":"https:\/\/shop.hidalgo.nl\/wp-content\/uploads\/2026\/01\/cropped-Logo.png","article:published_time":"2026-01-26T09:48:09+00:00","article:modified_time":"2026-02-17T11:56:29+00:00","article:publisher":"https:\/\/www.facebook.com\/hidalgobagsandmore\/","twitter:card":"summary_large_image","twitter:site":"@Hidalgo_BV","twitter:title":"Thermobecher bedrucken 1,2L Ozzy Edelstahl recycelt","twitter:description":"Erlebe nachhaltigen Genuss mit dem InSideOut Ozzy Becher. Dieser Thermobecher h\u00e4lt deine Getr\u00e4nke warm oder kalt und besteht innen aus 90% recyceltem Material. Perfekt f\u00fcr unterwegs oder im B\u00fcro und individuell mit deinem Logo gestaltbar, wird er in einer stilvollen Geschenkbox geliefert.","twitter:image":"https:\/\/shop.hidalgo.nl\/wp-content\/uploads\/2026\/01\/cropped-Logo.png"},"aioseo_meta_data":{"post_id":"3077","title":null,"description":null,"keywords":null,"keyphrases":null,"canonical_url":null,"og_title":null,"og_description":null,"og_object_type":"default","og_image_type":"default","og_image_custom_url":null,"og_image_custom_fields":null,"og_custom_image_width":null,"og_custom_image_height":null,"og_video":null,"og_custom_url":null,"og_article_section":null,"og_article_tags":null,"twitter_use_og":false,"twitter_card":"default","twitter_image_type":"default","twitter_image_custom_url":null,"twitter_image_custom_fields":null,"twitter_title":null,"twitter_description":null,"schema_type":null,"schema_type_options":null,"pillar_content":false,"robots_default":true,"robots_noindex":false,"robots_noarchive":false,"robots_nosnippet":false,"robots_nofollow":false,"robots_noimageindex":false,"robots_noodp":false,"robots_notranslate":false,"robots_max_snippet":null,"robots_max_videopreview":null,"robots_max_imagepreview":"none","tabs":null,"priority":null,"frequency":null,"local_seo":null,"created":"2026-01-26 09:57:22","updated":"2026-02-18 03:54:45"},"aioseo_breadcrumb":"<div class=\"aioseo-breadcrumbs\"><span class=\"aioseo-breadcrumb\">\n\t<a href=\"https:\/\/bidonsenshakers.nl\/de\/\" title=\"Home\">Home<\/a>\n<\/span><span class=\"aioseo-breadcrumb-separator\">\u00bb<\/span><span class=\"aioseo-breadcrumb\">\n\t<a href=\"https:\/\/bidonsenshakers.nl\/shop\/\" title=\"Shop\">Shop<\/a>\n<\/span><span class=\"aioseo-breadcrumb-separator\">\u00bb<\/span><span class=\"aioseo-breadcrumb\">\n\t<a href=\"https:\/\/bidonsenshakers.nl\/de\/product-supplier\/a53\/\" title=\"A53\">A53<\/a>\n<\/span><span class=\"aioseo-breadcrumb-separator\">\u00bb<\/span><span class=\"aioseo-breadcrumb\">\n\tInSideOut Ozzy beker 1.2L\n<\/span><\/div>","aioseo_breadcrumb_json":[{"label":"Home","link":"https:\/\/bidonsenshakers.nl\/de\/"},{"label":"Shop","link":"https:\/\/bidonsenshakers.nl\/shop\/"},{"label":"A53","link":"https:\/\/bidonsenshakers.nl\/de\/product-supplier\/a53\/"},{"label":"InSideOut Ozzy beker 1.2L","link":"https:\/\/bidonsenshakers.nl\/de\/product\/3077\/thermobecher-bedrucken-12l-ozzy-edelstahl-recycelt\/"}],"_links":{"self":[{"href":"https:\/\/bidonsenshakers.nl\/de\/wp-json\/wp\/v2\/product\/3077","targetHints":{"allow":["GET"]}}],"collection":[{"href":"https:\/\/bidonsenshakers.nl\/de\/wp-json\/wp\/v2\/product"}],"about":[{"href":"https:\/\/bidonsenshakers.nl\/de\/wp-json\/wp\/v2\/types\/product"}],"wp:featuredmedia":[{"embeddable":true,"href":"https:\/\/bidonsenshakers.nl\/de\/wp-json\/wp\/v2\/media\/3078"}],"wp:attachment":[{"href":"https:\/\/bidonsenshakers.nl\/de\/wp-json\/wp\/v2\/media?parent=3077"}],"wp:term":[{"taxonomy":"product_brand","embeddable":true,"href":"https:\/\/bidonsenshakers.nl\/de\/wp-json\/wp\/v2\/product_brand?post=3077"},{"taxonomy":"product_cat","embeddable":true,"href":"https:\/\/bidonsenshakers.nl\/de\/wp-json\/wp\/v2\/product_cat?post=3077"},{"taxonomy":"product_tag","embeddable":true,"href":"https:\/\/bidonsenshakers.nl\/de\/wp-json\/wp\/v2\/product_tag?post=3077"}],"curies":[{"name":"wp","href":"https:\/\/api.w.org\/{rel}","templated":true}]}}