{"id":3743,"date":"2026-01-26T09:50:35","date_gmt":"2026-01-26T09:50:35","guid":{"rendered":"https:\/\/bidonsenshakers.shop.hidalgo.nl\/product\/roestvrijstalen-dubbelwandige-drinkbeker-590-ml-arnold\/"},"modified":"2026-02-17T11:56:26","modified_gmt":"2026-02-17T11:56:26","slug":"roestvrijstalen-dubbelwandige-drinkbeker-590-ml-arnold","status":"publish","type":"product","link":"https:\/\/bidonsenshakers.nl\/de\/product\/3743\/thermobecher-bedrucken-doppelwandiger-edelstahl-590-ml\/","title":{"rendered":"Roestvrijstalen dubbelwandige drinkbeker 590 ml Arnold"},"content":{"rendered":"<p>Roestvrijstalen dubbelwandige beker (590 ml) met PS-deksel. Gerecycled logo gegraveerd op de beker. De binnenkant is van roestvrij staal 304 en de buitenkant van roestvrij staal 201. Per stuk verpakt in een bruin kartonnen doos.<\/p>\n","protected":false},"excerpt":{"rendered":"<p>Roestvrijstalen dubbelwandige beker (590 ml) met PS-deksel. Gerecycled logo gegraveerd op de beker. De binnenkant is van roestvrij staal 304 en de buitenkant van roestvrij staal 201. Per stuk verpakt in een bruin kartonnen doos.<\/p>\n","protected":false},"featured_media":3744,"template":"","meta":{"_acf_changed":false,"om_disable_all_campaigns":false,"_monsterinsights_skip_tracking":false,"_monsterinsights_sitenote_active":false,"_monsterinsights_sitenote_note":"","_monsterinsights_sitenote_category":0},"product_brand":[133],"product_cat":[202],"product_tag":[],"class_list":{"0":"post-3743","1":"product","2":"type-product","3":"status-publish","4":"has-post-thumbnail","6":"product_supplier-a58","7":"product_material-rvs-201","8":"product_material-rvs-304","9":"product_brand-impression","10":"product_cat-thermosflessen","11":"entry","13":"first","14":"instock","15":"taxable","16":"shipping-taxable","17":"purchasable","18":"product-type-variable"},"acf":{"imprint_cost":[{"imprint_cost_key":"8982c792f319271b90608195acc5dc30cf0357c2","product_quantity_price_range":[{"imprint_cost_recommended_selling_price":"4.03","imprint_cost_recommended_selling_quantity":"1"},{"imprint_cost_recommended_selling_price":"2.78","imprint_cost_recommended_selling_quantity":"25"},{"imprint_cost_recommended_selling_price":"1.63","imprint_cost_recommended_selling_quantity":"50"},{"imprint_cost_recommended_selling_price":"1.34","imprint_cost_recommended_selling_quantity":"100"},{"imprint_cost_recommended_selling_price":"1.05","imprint_cost_recommended_selling_quantity":"250"},{"imprint_cost_recommended_selling_price":"0.91","imprint_cost_recommended_selling_quantity":"500"},{"imprint_cost_recommended_selling_price":"0.8","imprint_cost_recommended_selling_quantity":"1000"},{"imprint_cost_recommended_selling_price":"0.68","imprint_cost_recommended_selling_quantity":"2500"}],"product_quantity_price_range_buying":false,"imprint_cost_setup_costs":"30.77","imprint_cost_handling_costs":"0.2"},{"imprint_cost_key":"be62fa4d55015b3494d900320e1534fbe0ee699f","product_quantity_price_range":[{"imprint_cost_recommended_selling_price":"5.91","imprint_cost_recommended_selling_quantity":"1"},{"imprint_cost_recommended_selling_price":"2.97","imprint_cost_recommended_selling_quantity":"25"},{"imprint_cost_recommended_selling_price":"1.49","imprint_cost_recommended_selling_quantity":"50"},{"imprint_cost_recommended_selling_price":"0.69","imprint_cost_recommended_selling_quantity":"100"},{"imprint_cost_recommended_selling_price":"0.55","imprint_cost_recommended_selling_quantity":"250"},{"imprint_cost_recommended_selling_price":"0.43","imprint_cost_recommended_selling_quantity":"500"},{"imprint_cost_recommended_selling_price":"0.4","imprint_cost_recommended_selling_quantity":"1000"},{"imprint_cost_recommended_selling_price":"0.35","imprint_cost_recommended_selling_quantity":"2500"},{"imprint_cost_recommended_selling_price":"0.34","imprint_cost_recommended_selling_quantity":"5000"},{"imprint_cost_recommended_selling_price":"0.32","imprint_cost_recommended_selling_quantity":"10000"}],"product_quantity_price_range_buying":false,"imprint_cost_setup_costs":"52.31","imprint_cost_handling_costs":"0.2"},{"imprint_cost_key":"6b6fc108073fe0736d7ea5fd95219a3b6025ce08","product_quantity_price_range":[{"imprint_cost_recommended_selling_price":"11.6","imprint_cost_recommended_selling_quantity":"1"},{"imprint_cost_recommended_selling_price":"5.83","imprint_cost_recommended_selling_quantity":"25"},{"imprint_cost_recommended_selling_price":"2.92","imprint_cost_recommended_selling_quantity":"50"},{"imprint_cost_recommended_selling_price":"1.35","imprint_cost_recommended_selling_quantity":"100"},{"imprint_cost_recommended_selling_price":"1.07","imprint_cost_recommended_selling_quantity":"250"},{"imprint_cost_recommended_selling_price":"0.85","imprint_cost_recommended_selling_quantity":"500"},{"imprint_cost_recommended_selling_price":"0.78","imprint_cost_recommended_selling_quantity":"1000"},{"imprint_cost_recommended_selling_price":"0.69","imprint_cost_recommended_selling_quantity":"2500"},{"imprint_cost_recommended_selling_price":"0.66","imprint_cost_recommended_selling_quantity":"5000"},{"imprint_cost_recommended_selling_price":"0.63","imprint_cost_recommended_selling_quantity":"10000"}],"product_quantity_price_range_buying":false,"imprint_cost_setup_costs":"104.62","imprint_cost_handling_costs":"0.2"},{"imprint_cost_key":"604ea28dea0365864267ac5ac05e58613e073d22","product_quantity_price_range":[{"imprint_cost_recommended_selling_price":"4.14","imprint_cost_recommended_selling_quantity":"1"},{"imprint_cost_recommended_selling_price":"2.97","imprint_cost_recommended_selling_quantity":"25"},{"imprint_cost_recommended_selling_price":"1.8","imprint_cost_recommended_selling_quantity":"50"},{"imprint_cost_recommended_selling_price":"1.52","imprint_cost_recommended_selling_quantity":"100"},{"imprint_cost_recommended_selling_price":"1.26","imprint_cost_recommended_selling_quantity":"250"},{"imprint_cost_recommended_selling_price":"1.15","imprint_cost_recommended_selling_quantity":"500"},{"imprint_cost_recommended_selling_price":"1.06","imprint_cost_recommended_selling_quantity":"1000"},{"imprint_cost_recommended_selling_price":"0.95","imprint_cost_recommended_selling_quantity":"2500"}],"product_quantity_price_range_buying":false,"imprint_cost_setup_costs":"30.77","imprint_cost_handling_costs":"0.2"},{"imprint_cost_key":"799ada09c31c9c1e16fb201fee95650f29ef0547","product_quantity_price_range":[{"imprint_cost_recommended_selling_price":"2.45","imprint_cost_recommended_selling_quantity":"1"},{"imprint_cost_recommended_selling_price":"2.02","imprint_cost_recommended_selling_quantity":"25"},{"imprint_cost_recommended_selling_price":"1.52","imprint_cost_recommended_selling_quantity":"50"},{"imprint_cost_recommended_selling_price":"0.75","imprint_cost_recommended_selling_quantity":"100"},{"imprint_cost_recommended_selling_price":"0.52","imprint_cost_recommended_selling_quantity":"250"},{"imprint_cost_recommended_selling_price":"0.34","imprint_cost_recommended_selling_quantity":"500"},{"imprint_cost_recommended_selling_price":"0.25","imprint_cost_recommended_selling_quantity":"1000"},{"imprint_cost_recommended_selling_price":"0.22","imprint_cost_recommended_selling_quantity":"2500"},{"imprint_cost_recommended_selling_price":"0.2","imprint_cost_recommended_selling_quantity":"5000"},{"imprint_cost_recommended_selling_price":"0.18","imprint_cost_recommended_selling_quantity":"10000"}],"product_quantity_price_range_buying":false,"imprint_cost_setup_costs":"56.15","imprint_cost_handling_costs":"0.2"},{"imprint_cost_key":"c8e5ab6376199127e07ac9c3d97540c378590b6a","product_quantity_price_range":[{"imprint_cost_recommended_selling_price":"3.03","imprint_cost_recommended_selling_quantity":"1"},{"imprint_cost_recommended_selling_price":"2.62","imprint_cost_recommended_selling_quantity":"25"},{"imprint_cost_recommended_selling_price":"2.4","imprint_cost_recommended_selling_quantity":"50"},{"imprint_cost_recommended_selling_price":"2.2","imprint_cost_recommended_selling_quantity":"100"},{"imprint_cost_recommended_selling_price":"2","imprint_cost_recommended_selling_quantity":"250"},{"imprint_cost_recommended_selling_price":"1.85","imprint_cost_recommended_selling_quantity":"500"},{"imprint_cost_recommended_selling_price":"1.75","imprint_cost_recommended_selling_quantity":"1000"},{"imprint_cost_recommended_selling_price":"1.66","imprint_cost_recommended_selling_quantity":"2500"},{"imprint_cost_recommended_selling_price":"1.54","imprint_cost_recommended_selling_quantity":"5000"}],"product_quantity_price_range_buying":false,"imprint_cost_setup_costs":"51.54","imprint_cost_handling_costs":"0.2"}]},"aioseo_notices":[],"aioseo_head":"\n\t\t<!-- All in One SEO Pro 4.9.6.2 - aioseo.com -->\n\t<meta name=\"description\" content=\"Genie\u00df hei\u00dfe oder kalte Getr\u00e4nke l\u00e4nger dank der doppelwandigen Konstruktion. Dein eigenes Logo bringt eine pers\u00f6nliche Note und eignet sich ideal f\u00fcr Events oder Promotionen. Verf\u00fcgbar in eleganten Farben und perfekt f\u00fcr deine Marke.\" \/>\n\t<meta name=\"robots\" content=\"max-image-preview:large\" \/>\n\t<meta name=\"google-site-verification\" content=\"BBMiYHShnVBoc8v9xoHf0FXMC27otVB0wiWxw_hFRrM\" \/>\n\t<link rel=\"canonical\" href=\"https:\/\/bidonsenshakers.nl\/de\/wp-json\/wp\/v2\/product\/3743\" \/>\n\t<meta name=\"generator\" content=\"All in One SEO Pro (AIOSEO) 4.9.6.2\" \/>\n\t\t<meta property=\"og:locale\" content=\"de_DE\" \/>\n\t\t<meta property=\"og:site_name\" content=\"Trinkflaschen &amp; Shakers - Trinkflaschen &amp; Shakers\" \/>\n\t\t<meta property=\"og:type\" content=\"article\" \/>\n\t\t<meta property=\"og:title\" content=\"Thermobecher bedrucken, doppelwandiger Edelstahl 590 ml\" \/>\n\t\t<meta property=\"og:description\" content=\"Genie\u00df hei\u00dfe oder kalte Getr\u00e4nke l\u00e4nger dank der doppelwandigen Konstruktion. Dein eigenes Logo bringt eine pers\u00f6nliche Note und eignet sich ideal f\u00fcr Events oder Promotionen. Verf\u00fcgbar in eleganten Farben und perfekt f\u00fcr deine Marke.\" \/>\n\t\t<meta property=\"og:url\" content=\"https:\/\/bidonsenshakers.nl\/de\/wp-json\/wp\/v2\/product\/3743\" \/>\n\t\t<meta property=\"og:image\" content=\"https:\/\/shop.hidalgo.nl\/wp-content\/uploads\/2026\/01\/cropped-Logo.png\" \/>\n\t\t<meta property=\"og:image:secure_url\" content=\"https:\/\/shop.hidalgo.nl\/wp-content\/uploads\/2026\/01\/cropped-Logo.png\" \/>\n\t\t<meta property=\"article:published_time\" content=\"2026-01-26T09:50:35+00:00\" \/>\n\t\t<meta property=\"article:modified_time\" content=\"2026-02-17T11:56:26+00:00\" \/>\n\t\t<meta property=\"article:publisher\" content=\"https:\/\/www.facebook.com\/hidalgobagsandmore\/\" \/>\n\t\t<meta name=\"twitter:card\" content=\"summary_large_image\" \/>\n\t\t<meta name=\"twitter:site\" content=\"@Hidalgo_BV\" \/>\n\t\t<meta name=\"twitter:title\" content=\"Thermobecher bedrucken, doppelwandiger Edelstahl 590 ml\" \/>\n\t\t<meta name=\"twitter:description\" content=\"Genie\u00df hei\u00dfe oder kalte Getr\u00e4nke l\u00e4nger dank der doppelwandigen Konstruktion. Dein eigenes Logo bringt eine pers\u00f6nliche Note und eignet sich ideal f\u00fcr Events oder Promotionen. Verf\u00fcgbar in eleganten Farben und perfekt f\u00fcr deine Marke.\" \/>\n\t\t<meta name=\"twitter:image\" content=\"https:\/\/shop.hidalgo.nl\/wp-content\/uploads\/2026\/01\/cropped-Logo.png\" \/>\n\t\t<script type=\"application\/ld+json\" class=\"aioseo-schema\">\n\t\t\t{\"@context\":\"https:\\\/\\\/schema.org\",\"@graph\":[{\"@type\":\"BreadcrumbList\",\"@id\":\"https:\\\/\\\/bidonsenshakers.nl\\\/de\\\/product\\\/3743\\\/thermobecher-bedrucken-doppelwandiger-edelstahl-590-ml\\\/#breadcrumblist\",\"itemListElement\":[{\"@type\":\"ListItem\",\"@id\":\"https:\\\/\\\/bidonsenshakers.nl\\\/de\\\/#listItem\",\"position\":1,\"name\":\"Home\",\"item\":\"https:\\\/\\\/bidonsenshakers.nl\\\/de\\\/\",\"nextItem\":{\"@type\":\"ListItem\",\"@id\":\"https:\\\/\\\/bidonsenshakers.nl\\\/shop\\\/#listItem\",\"name\":\"Shop\"}},{\"@type\":\"ListItem\",\"@id\":\"https:\\\/\\\/bidonsenshakers.nl\\\/shop\\\/#listItem\",\"position\":2,\"name\":\"Shop\",\"item\":\"https:\\\/\\\/bidonsenshakers.nl\\\/shop\\\/\",\"nextItem\":{\"@type\":\"ListItem\",\"@id\":\"https:\\\/\\\/bidonsenshakers.nl\\\/de\\\/product-supplier\\\/a58\\\/#listItem\",\"name\":\"A58\"},\"previousItem\":{\"@type\":\"ListItem\",\"@id\":\"https:\\\/\\\/bidonsenshakers.nl\\\/de\\\/#listItem\",\"name\":\"Home\"}},{\"@type\":\"ListItem\",\"@id\":\"https:\\\/\\\/bidonsenshakers.nl\\\/de\\\/product-supplier\\\/a58\\\/#listItem\",\"position\":3,\"name\":\"A58\",\"item\":\"https:\\\/\\\/bidonsenshakers.nl\\\/de\\\/product-supplier\\\/a58\\\/\",\"nextItem\":{\"@type\":\"ListItem\",\"@id\":\"https:\\\/\\\/bidonsenshakers.nl\\\/de\\\/product\\\/3743\\\/thermobecher-bedrucken-doppelwandiger-edelstahl-590-ml\\\/#listItem\",\"name\":\"Roestvrijstalen dubbelwandige drinkbeker 590 ml Arnold\"},\"previousItem\":{\"@type\":\"ListItem\",\"@id\":\"https:\\\/\\\/bidonsenshakers.nl\\\/shop\\\/#listItem\",\"name\":\"Shop\"}},{\"@type\":\"ListItem\",\"@id\":\"https:\\\/\\\/bidonsenshakers.nl\\\/de\\\/product\\\/3743\\\/thermobecher-bedrucken-doppelwandiger-edelstahl-590-ml\\\/#listItem\",\"position\":4,\"name\":\"Roestvrijstalen dubbelwandige drinkbeker 590 ml Arnold\",\"previousItem\":{\"@type\":\"ListItem\",\"@id\":\"https:\\\/\\\/bidonsenshakers.nl\\\/de\\\/product-supplier\\\/a58\\\/#listItem\",\"name\":\"A58\"}}]},{\"@type\":\"Organization\",\"@id\":\"https:\\\/\\\/bidonsenshakers.nl\\\/de\\\/#organization\",\"name\":\"Trinkflaschen & Shakers\",\"description\":\"Trinkflaschen & Shakers\",\"url\":\"https:\\\/\\\/bidonsenshakers.nl\\\/de\\\/\",\"telephone\":\"+31793310133\",\"logo\":{\"@type\":\"ImageObject\",\"url\":\"https:\\\/\\\/shop.hidalgo.nl\\\/wp-content\\\/uploads\\\/2026\\\/01\\\/cropped-Logo.png\",\"@id\":\"https:\\\/\\\/bidonsenshakers.nl\\\/de\\\/product\\\/3743\\\/thermobecher-bedrucken-doppelwandiger-edelstahl-590-ml\\\/#organizationLogo\",\"width\":600,\"height\":243},\"image\":{\"@id\":\"https:\\\/\\\/bidonsenshakers.nl\\\/de\\\/product\\\/3743\\\/thermobecher-bedrucken-doppelwandiger-edelstahl-590-ml\\\/#organizationLogo\"},\"sameAs\":[\"https:\\\/\\\/www.facebook.com\\\/hidalgobagsandmore\\\/\",\"https:\\\/\\\/x.com\\\/Hidalgo_BV\\\/status\\\/74021585866067968\",\"https:\\\/\\\/www.instagram.com\\\/hidalgobagsandmore\\\/#\",\"https:\\\/\\\/www.youtube.com\\\/@hidalgobagsandmore\",\"https:\\\/\\\/www.linkedin.com\\\/in\\\/rutgerblommers\\\/\"]},{\"@type\":\"WebPage\",\"@id\":\"https:\\\/\\\/bidonsenshakers.nl\\\/de\\\/product\\\/3743\\\/thermobecher-bedrucken-doppelwandiger-edelstahl-590-ml\\\/#webpage\",\"url\":\"https:\\\/\\\/bidonsenshakers.nl\\\/de\\\/product\\\/3743\\\/thermobecher-bedrucken-doppelwandiger-edelstahl-590-ml\\\/\",\"name\":\"Thermobecher bedrucken, doppelwandiger Edelstahl 590 ml\",\"description\":\"Genie\\u00df hei\\u00dfe oder kalte Getr\\u00e4nke l\\u00e4nger dank der doppelwandigen Konstruktion. Dein eigenes Logo bringt eine pers\\u00f6nliche Note und eignet sich ideal f\\u00fcr Events oder Promotionen. Verf\\u00fcgbar in eleganten Farben und perfekt f\\u00fcr deine Marke.\",\"inLanguage\":\"de-DE\",\"isPartOf\":{\"@id\":\"https:\\\/\\\/bidonsenshakers.nl\\\/de\\\/#website\"},\"breadcrumb\":{\"@id\":\"https:\\\/\\\/bidonsenshakers.nl\\\/de\\\/product\\\/3743\\\/thermobecher-bedrucken-doppelwandiger-edelstahl-590-ml\\\/#breadcrumblist\"},\"image\":{\"@type\":\"ImageObject\",\"url\":\"https:\\\/\\\/shop.hidalgo.nl\\\/wp-content\\\/uploads\\\/2025\\\/04\\\/e5305381c6da2852c28a487e6ad4c552887263781b710e816defb9e66fba61b6.jpg\",\"@id\":\"https:\\\/\\\/bidonsenshakers.nl\\\/de\\\/product\\\/3743\\\/thermobecher-bedrucken-doppelwandiger-edelstahl-590-ml\\\/#mainImage\"},\"primaryImageOfPage\":{\"@id\":\"https:\\\/\\\/bidonsenshakers.nl\\\/de\\\/product\\\/3743\\\/thermobecher-bedrucken-doppelwandiger-edelstahl-590-ml\\\/#mainImage\"},\"datePublished\":\"2026-01-26T09:50:35+00:00\",\"dateModified\":\"2026-02-17T11:56:26+00:00\"},{\"@type\":\"WebSite\",\"@id\":\"https:\\\/\\\/bidonsenshakers.nl\\\/de\\\/#website\",\"url\":\"https:\\\/\\\/bidonsenshakers.nl\\\/de\\\/\",\"name\":\"Trinkflaschen & Shakers\",\"description\":\"Trinkflaschen & Shakers\",\"inLanguage\":\"de-DE\",\"publisher\":{\"@id\":\"https:\\\/\\\/bidonsenshakers.nl\\\/de\\\/#organization\"}}]}\n\t\t<\/script>\n\t\t<!-- All in One SEO Pro -->\r\n\t\t<title>Thermobecher bedrucken, doppelwandiger Edelstahl 590 ml<\/title>\n\n","aioseo_head_json":{"title":"Thermobecher bedrucken, doppelwandiger Edelstahl 590 ml","description":"Genie\u00df hei\u00dfe oder kalte Getr\u00e4nke l\u00e4nger dank der doppelwandigen Konstruktion. Dein eigenes Logo bringt eine pers\u00f6nliche Note und eignet sich ideal f\u00fcr Events oder Promotionen. Verf\u00fcgbar in eleganten Farben und perfekt f\u00fcr deine Marke.","canonical_url":"https:\/\/bidonsenshakers.nl\/de\/wp-json\/wp\/v2\/product\/3743","robots":"max-image-preview:large","keywords":"","webmasterTools":{"google-site-verification":"BBMiYHShnVBoc8v9xoHf0FXMC27otVB0wiWxw_hFRrM","miscellaneous":""},"schema":{"@context":"https:\/\/schema.org","@graph":[{"@type":"BreadcrumbList","@id":"https:\/\/bidonsenshakers.nl\/de\/product\/3743\/thermobecher-bedrucken-doppelwandiger-edelstahl-590-ml\/#breadcrumblist","itemListElement":[{"@type":"ListItem","@id":"https:\/\/bidonsenshakers.nl\/de\/#listItem","position":1,"name":"Home","item":"https:\/\/bidonsenshakers.nl\/de\/","nextItem":{"@type":"ListItem","@id":"https:\/\/bidonsenshakers.nl\/shop\/#listItem","name":"Shop"}},{"@type":"ListItem","@id":"https:\/\/bidonsenshakers.nl\/shop\/#listItem","position":2,"name":"Shop","item":"https:\/\/bidonsenshakers.nl\/shop\/","nextItem":{"@type":"ListItem","@id":"https:\/\/bidonsenshakers.nl\/de\/product-supplier\/a58\/#listItem","name":"A58"},"previousItem":{"@type":"ListItem","@id":"https:\/\/bidonsenshakers.nl\/de\/#listItem","name":"Home"}},{"@type":"ListItem","@id":"https:\/\/bidonsenshakers.nl\/de\/product-supplier\/a58\/#listItem","position":3,"name":"A58","item":"https:\/\/bidonsenshakers.nl\/de\/product-supplier\/a58\/","nextItem":{"@type":"ListItem","@id":"https:\/\/bidonsenshakers.nl\/de\/product\/3743\/thermobecher-bedrucken-doppelwandiger-edelstahl-590-ml\/#listItem","name":"Roestvrijstalen dubbelwandige drinkbeker 590 ml Arnold"},"previousItem":{"@type":"ListItem","@id":"https:\/\/bidonsenshakers.nl\/shop\/#listItem","name":"Shop"}},{"@type":"ListItem","@id":"https:\/\/bidonsenshakers.nl\/de\/product\/3743\/thermobecher-bedrucken-doppelwandiger-edelstahl-590-ml\/#listItem","position":4,"name":"Roestvrijstalen dubbelwandige drinkbeker 590 ml Arnold","previousItem":{"@type":"ListItem","@id":"https:\/\/bidonsenshakers.nl\/de\/product-supplier\/a58\/#listItem","name":"A58"}}]},{"@type":"Organization","@id":"https:\/\/bidonsenshakers.nl\/de\/#organization","name":"Trinkflaschen & Shakers","description":"Trinkflaschen & Shakers","url":"https:\/\/bidonsenshakers.nl\/de\/","telephone":"+31793310133","logo":{"@type":"ImageObject","url":"https:\/\/shop.hidalgo.nl\/wp-content\/uploads\/2026\/01\/cropped-Logo.png","@id":"https:\/\/bidonsenshakers.nl\/de\/product\/3743\/thermobecher-bedrucken-doppelwandiger-edelstahl-590-ml\/#organizationLogo","width":600,"height":243},"image":{"@id":"https:\/\/bidonsenshakers.nl\/de\/product\/3743\/thermobecher-bedrucken-doppelwandiger-edelstahl-590-ml\/#organizationLogo"},"sameAs":["https:\/\/www.facebook.com\/hidalgobagsandmore\/","https:\/\/x.com\/Hidalgo_BV\/status\/74021585866067968","https:\/\/www.instagram.com\/hidalgobagsandmore\/#","https:\/\/www.youtube.com\/@hidalgobagsandmore","https:\/\/www.linkedin.com\/in\/rutgerblommers\/"]},{"@type":"WebPage","@id":"https:\/\/bidonsenshakers.nl\/de\/product\/3743\/thermobecher-bedrucken-doppelwandiger-edelstahl-590-ml\/#webpage","url":"https:\/\/bidonsenshakers.nl\/de\/product\/3743\/thermobecher-bedrucken-doppelwandiger-edelstahl-590-ml\/","name":"Thermobecher bedrucken, doppelwandiger Edelstahl 590 ml","description":"Genie\u00df hei\u00dfe oder kalte Getr\u00e4nke l\u00e4nger dank der doppelwandigen Konstruktion. Dein eigenes Logo bringt eine pers\u00f6nliche Note und eignet sich ideal f\u00fcr Events oder Promotionen. Verf\u00fcgbar in eleganten Farben und perfekt f\u00fcr deine Marke.","inLanguage":"de-DE","isPartOf":{"@id":"https:\/\/bidonsenshakers.nl\/de\/#website"},"breadcrumb":{"@id":"https:\/\/bidonsenshakers.nl\/de\/product\/3743\/thermobecher-bedrucken-doppelwandiger-edelstahl-590-ml\/#breadcrumblist"},"image":{"@type":"ImageObject","url":"https:\/\/shop.hidalgo.nl\/wp-content\/uploads\/2025\/04\/e5305381c6da2852c28a487e6ad4c552887263781b710e816defb9e66fba61b6.jpg","@id":"https:\/\/bidonsenshakers.nl\/de\/product\/3743\/thermobecher-bedrucken-doppelwandiger-edelstahl-590-ml\/#mainImage"},"primaryImageOfPage":{"@id":"https:\/\/bidonsenshakers.nl\/de\/product\/3743\/thermobecher-bedrucken-doppelwandiger-edelstahl-590-ml\/#mainImage"},"datePublished":"2026-01-26T09:50:35+00:00","dateModified":"2026-02-17T11:56:26+00:00"},{"@type":"WebSite","@id":"https:\/\/bidonsenshakers.nl\/de\/#website","url":"https:\/\/bidonsenshakers.nl\/de\/","name":"Trinkflaschen & Shakers","description":"Trinkflaschen & Shakers","inLanguage":"de-DE","publisher":{"@id":"https:\/\/bidonsenshakers.nl\/de\/#organization"}}]},"og:locale":"de_DE","og:site_name":"Trinkflaschen &amp; Shakers - Trinkflaschen &amp; Shakers","og:type":"article","og:title":"Thermobecher bedrucken, doppelwandiger Edelstahl 590 ml","og:description":"Genie\u00df hei\u00dfe oder kalte Getr\u00e4nke l\u00e4nger dank der doppelwandigen Konstruktion. Dein eigenes Logo bringt eine pers\u00f6nliche Note und eignet sich ideal f\u00fcr Events oder Promotionen. Verf\u00fcgbar in eleganten Farben und perfekt f\u00fcr deine Marke.","og:url":"https:\/\/bidonsenshakers.nl\/de\/wp-json\/wp\/v2\/product\/3743","og:image":"https:\/\/shop.hidalgo.nl\/wp-content\/uploads\/2026\/01\/cropped-Logo.png","og:image:secure_url":"https:\/\/shop.hidalgo.nl\/wp-content\/uploads\/2026\/01\/cropped-Logo.png","article:published_time":"2026-01-26T09:50:35+00:00","article:modified_time":"2026-02-17T11:56:26+00:00","article:publisher":"https:\/\/www.facebook.com\/hidalgobagsandmore\/","twitter:card":"summary_large_image","twitter:site":"@Hidalgo_BV","twitter:title":"Thermobecher bedrucken, doppelwandiger Edelstahl 590 ml","twitter:description":"Genie\u00df hei\u00dfe oder kalte Getr\u00e4nke l\u00e4nger dank der doppelwandigen Konstruktion. Dein eigenes Logo bringt eine pers\u00f6nliche Note und eignet sich ideal f\u00fcr Events oder Promotionen. Verf\u00fcgbar in eleganten Farben und perfekt f\u00fcr deine Marke.","twitter:image":"https:\/\/shop.hidalgo.nl\/wp-content\/uploads\/2026\/01\/cropped-Logo.png"},"aioseo_meta_data":{"post_id":"3743","title":null,"description":null,"keywords":null,"keyphrases":null,"canonical_url":null,"og_title":null,"og_description":null,"og_object_type":"default","og_image_type":"default","og_image_custom_url":null,"og_image_custom_fields":null,"og_custom_image_width":null,"og_custom_image_height":null,"og_video":null,"og_custom_url":null,"og_article_section":null,"og_article_tags":null,"twitter_use_og":false,"twitter_card":"default","twitter_image_type":"default","twitter_image_custom_url":null,"twitter_image_custom_fields":null,"twitter_title":null,"twitter_description":null,"schema_type":null,"schema_type_options":null,"pillar_content":false,"robots_default":true,"robots_noindex":false,"robots_noarchive":false,"robots_nosnippet":false,"robots_nofollow":false,"robots_noimageindex":false,"robots_noodp":false,"robots_notranslate":false,"robots_max_snippet":null,"robots_max_videopreview":null,"robots_max_imagepreview":"none","tabs":null,"priority":null,"frequency":null,"local_seo":null,"created":"2026-01-26 09:57:19","updated":"2026-02-18 05:30:12"},"aioseo_breadcrumb":"<div class=\"aioseo-breadcrumbs\"><span class=\"aioseo-breadcrumb\">\n\t<a href=\"https:\/\/bidonsenshakers.nl\/de\/\" title=\"Home\">Home<\/a>\n<\/span><span class=\"aioseo-breadcrumb-separator\">\u00bb<\/span><span class=\"aioseo-breadcrumb\">\n\t<a href=\"https:\/\/bidonsenshakers.nl\/shop\/\" title=\"Shop\">Shop<\/a>\n<\/span><span class=\"aioseo-breadcrumb-separator\">\u00bb<\/span><span class=\"aioseo-breadcrumb\">\n\t<a href=\"https:\/\/bidonsenshakers.nl\/de\/product-supplier\/a58\/\" title=\"A58\">A58<\/a>\n<\/span><span class=\"aioseo-breadcrumb-separator\">\u00bb<\/span><span class=\"aioseo-breadcrumb\">\n\tRoestvrijstalen dubbelwandige drinkbeker 590 ml Arnold\n<\/span><\/div>","aioseo_breadcrumb_json":[{"label":"Home","link":"https:\/\/bidonsenshakers.nl\/de\/"},{"label":"Shop","link":"https:\/\/bidonsenshakers.nl\/shop\/"},{"label":"A58","link":"https:\/\/bidonsenshakers.nl\/de\/product-supplier\/a58\/"},{"label":"Roestvrijstalen dubbelwandige drinkbeker 590 ml Arnold","link":"https:\/\/bidonsenshakers.nl\/de\/product\/3743\/thermobecher-bedrucken-doppelwandiger-edelstahl-590-ml\/"}],"_links":{"self":[{"href":"https:\/\/bidonsenshakers.nl\/de\/wp-json\/wp\/v2\/product\/3743","targetHints":{"allow":["GET"]}}],"collection":[{"href":"https:\/\/bidonsenshakers.nl\/de\/wp-json\/wp\/v2\/product"}],"about":[{"href":"https:\/\/bidonsenshakers.nl\/de\/wp-json\/wp\/v2\/types\/product"}],"wp:featuredmedia":[{"embeddable":true,"href":"https:\/\/bidonsenshakers.nl\/de\/wp-json\/wp\/v2\/media\/3744"}],"wp:attachment":[{"href":"https:\/\/bidonsenshakers.nl\/de\/wp-json\/wp\/v2\/media?parent=3743"}],"wp:term":[{"taxonomy":"product_brand","embeddable":true,"href":"https:\/\/bidonsenshakers.nl\/de\/wp-json\/wp\/v2\/product_brand?post=3743"},{"taxonomy":"product_cat","embeddable":true,"href":"https:\/\/bidonsenshakers.nl\/de\/wp-json\/wp\/v2\/product_cat?post=3743"},{"taxonomy":"product_tag","embeddable":true,"href":"https:\/\/bidonsenshakers.nl\/de\/wp-json\/wp\/v2\/product_tag?post=3743"}],"curies":[{"name":"wp","href":"https:\/\/api.w.org\/{rel}","templated":true}]}}