{"id":4182,"date":"2026-01-26T09:59:48","date_gmt":"2026-01-26T09:59:48","guid":{"rendered":"https:\/\/bidonsenshakers.shop.hidalgo.nl\/product\/sugarcane-bio-bidon-750-ml\/"},"modified":"2026-02-17T11:56:23","modified_gmt":"2026-02-17T11:56:23","slug":"sugarcane-bio-bidon-750-ml","status":"publish","type":"product","link":"https:\/\/bidonsenshakers.nl\/de\/product\/4182\/trinkflasche-bedrucken-sugarcane-750-ml-auslaufsicher\/","title":{"rendered":"Sugarcane Bio Bidon 750 ml"},"content":{"rendered":"<p>Deze praktische sportbidon is gemaakt van Bio LDPE. Een 100% recyclebaar materiaal van grondstoffen op basis van suikerriet. Met schroefdop voor het makkelijk hervullen en reinigen. De kleur van de handige drinkstop matcht met de body van de bidon. De body heeft een smaller gedeelte voor het makkelijk vasthouden van de bidon. Lekvrij. Niet vaatwasserbestendig. Een perfecte dorstlesser tijdens sportieve activiteiten. Inhoud 750 ml. Made in Holland.<\/p>\n","protected":false},"excerpt":{"rendered":"<p>Deze praktische sportbidon is gemaakt van Bio LDPE. Een 100% recyclebaar materiaal van grondstoffen op basis van suikerriet. Met schroefdop voor het makkelijk hervullen en reinigen. De kleur van de handige drinkstop matcht met de body van de bidon. De body heeft een smaller gedeelte voor het makkelijk vasthouden van de bidon. Lekvrij. Niet vaatwasserbestendig.&hellip; <a class=\"more-link\" href=\"https:\/\/bidonsenshakers.nl\/de\/product\/4182\/trinkflasche-bedrucken-sugarcane-750-ml-auslaufsicher\/\"><span class=\"screen-reader-text\">Sugarcane Bio Bidon 750 ml<\/span> weiterlesen<\/a><\/p>\n","protected":false},"featured_media":4183,"template":"","meta":{"_acf_changed":false,"om_disable_all_campaigns":false,"_monsterinsights_skip_tracking":false,"_monsterinsights_sitenote_active":false,"_monsterinsights_sitenote_note":"","_monsterinsights_sitenote_category":0},"product_brand":[],"product_cat":[360,286],"product_tag":[],"class_list":{"0":"post-4182","1":"product","2":"type-product","3":"status-publish","4":"has-post-thumbnail","6":"product_supplier-a508","7":"product_material-biobased-ldpetpe","8":"product_cat-bio","9":"product_cat-drinkflessen","10":"entry","12":"first","13":"instock","14":"taxable","15":"shipping-taxable","16":"purchasable","17":"product-type-variable"},"acf":{"imprint_cost":[{"imprint_cost_key":"862167d7950bff1cba0455aec37adfbf4ca57982","product_quantity_price_range":[{"imprint_cost_recommended_selling_price":"2.385","imprint_cost_recommended_selling_quantity":"1"},{"imprint_cost_recommended_selling_price":"1.725","imprint_cost_recommended_selling_quantity":"25"},{"imprint_cost_recommended_selling_price":"1.185","imprint_cost_recommended_selling_quantity":"50"},{"imprint_cost_recommended_selling_price":"0.885","imprint_cost_recommended_selling_quantity":"100"},{"imprint_cost_recommended_selling_price":"0.735","imprint_cost_recommended_selling_quantity":"250"},{"imprint_cost_recommended_selling_price":"0.585","imprint_cost_recommended_selling_quantity":"500"},{"imprint_cost_recommended_selling_price":"0.495","imprint_cost_recommended_selling_quantity":"1000"},{"imprint_cost_recommended_selling_price":"0.435","imprint_cost_recommended_selling_quantity":"2500"},{"imprint_cost_recommended_selling_price":"0.39","imprint_cost_recommended_selling_quantity":"5000"}],"product_quantity_price_range_buying":[{"imprint_cost_general_buying_price":"1.59","imprint_cost_general_buying_quantity":"1"},{"imprint_cost_general_buying_price":"1.15","imprint_cost_general_buying_quantity":"25"},{"imprint_cost_general_buying_price":"0.79","imprint_cost_general_buying_quantity":"50"},{"imprint_cost_general_buying_price":"0.59","imprint_cost_general_buying_quantity":"100"},{"imprint_cost_general_buying_price":"0.49","imprint_cost_general_buying_quantity":"250"},{"imprint_cost_general_buying_price":"0.39","imprint_cost_general_buying_quantity":"500"},{"imprint_cost_general_buying_price":"0.33","imprint_cost_general_buying_quantity":"1000"},{"imprint_cost_general_buying_price":"0.29","imprint_cost_general_buying_quantity":"2500"},{"imprint_cost_general_buying_price":"0.26","imprint_cost_general_buying_quantity":"5000"}],"imprint_cost_setup_costs":"45","imprint_cost_handling_costs":"0.09"},{"imprint_cost_key":"65ba6f6c342b5b6c7fa9541830ad2a09ef643e36","product_quantity_price_range":[{"imprint_cost_recommended_selling_price":"2.385","imprint_cost_recommended_selling_quantity":"1"},{"imprint_cost_recommended_selling_price":"1.725","imprint_cost_recommended_selling_quantity":"25"},{"imprint_cost_recommended_selling_price":"1.185","imprint_cost_recommended_selling_quantity":"50"},{"imprint_cost_recommended_selling_price":"0.885","imprint_cost_recommended_selling_quantity":"100"},{"imprint_cost_recommended_selling_price":"0.735","imprint_cost_recommended_selling_quantity":"250"},{"imprint_cost_recommended_selling_price":"0.585","imprint_cost_recommended_selling_quantity":"500"},{"imprint_cost_recommended_selling_price":"0.495","imprint_cost_recommended_selling_quantity":"1000"},{"imprint_cost_recommended_selling_price":"0.435","imprint_cost_recommended_selling_quantity":"2500"},{"imprint_cost_recommended_selling_price":"0.39","imprint_cost_recommended_selling_quantity":"5000"}],"product_quantity_price_range_buying":[{"imprint_cost_general_buying_price":"1.59","imprint_cost_general_buying_quantity":"1"},{"imprint_cost_general_buying_price":"1.15","imprint_cost_general_buying_quantity":"25"},{"imprint_cost_general_buying_price":"0.79","imprint_cost_general_buying_quantity":"50"},{"imprint_cost_general_buying_price":"0.59","imprint_cost_general_buying_quantity":"100"},{"imprint_cost_general_buying_price":"0.49","imprint_cost_general_buying_quantity":"250"},{"imprint_cost_general_buying_price":"0.39","imprint_cost_general_buying_quantity":"500"},{"imprint_cost_general_buying_price":"0.33","imprint_cost_general_buying_quantity":"1000"},{"imprint_cost_general_buying_price":"0.29","imprint_cost_general_buying_quantity":"2500"},{"imprint_cost_general_buying_price":"0.26","imprint_cost_general_buying_quantity":"5000"}],"imprint_cost_setup_costs":"45","imprint_cost_handling_costs":"0.09"},{"imprint_cost_key":"914c400206359f63fc856c3f25463d70c70684bc","product_quantity_price_range":[{"imprint_cost_recommended_selling_price":"2.385","imprint_cost_recommended_selling_quantity":"1"},{"imprint_cost_recommended_selling_price":"1.725","imprint_cost_recommended_selling_quantity":"25"},{"imprint_cost_recommended_selling_price":"1.185","imprint_cost_recommended_selling_quantity":"50"},{"imprint_cost_recommended_selling_price":"0.885","imprint_cost_recommended_selling_quantity":"100"},{"imprint_cost_recommended_selling_price":"0.735","imprint_cost_recommended_selling_quantity":"250"},{"imprint_cost_recommended_selling_price":"0.585","imprint_cost_recommended_selling_quantity":"500"},{"imprint_cost_recommended_selling_price":"0.495","imprint_cost_recommended_selling_quantity":"1000"},{"imprint_cost_recommended_selling_price":"0.435","imprint_cost_recommended_selling_quantity":"2500"},{"imprint_cost_recommended_selling_price":"0.39","imprint_cost_recommended_selling_quantity":"5000"}],"product_quantity_price_range_buying":[{"imprint_cost_general_buying_price":"1.59","imprint_cost_general_buying_quantity":"1"},{"imprint_cost_general_buying_price":"1.15","imprint_cost_general_buying_quantity":"25"},{"imprint_cost_general_buying_price":"0.79","imprint_cost_general_buying_quantity":"50"},{"imprint_cost_general_buying_price":"0.59","imprint_cost_general_buying_quantity":"100"},{"imprint_cost_general_buying_price":"0.49","imprint_cost_general_buying_quantity":"250"},{"imprint_cost_general_buying_price":"0.39","imprint_cost_general_buying_quantity":"500"},{"imprint_cost_general_buying_price":"0.33","imprint_cost_general_buying_quantity":"1000"},{"imprint_cost_general_buying_price":"0.29","imprint_cost_general_buying_quantity":"2500"},{"imprint_cost_general_buying_price":"0.26","imprint_cost_general_buying_quantity":"5000"}],"imprint_cost_setup_costs":"45","imprint_cost_handling_costs":"0.09"}]},"aioseo_notices":[],"aioseo_head":"\n\t\t<!-- All in One SEO Pro 4.9.6.1 - aioseo.com -->\n\t<meta name=\"description\" content=\"Entdecke eine umweltfreundliche Trinkoption aus Zuckerrohr-LDPE. Diese vielseitige Flasche ist perfekt f\u00fcr dein Fitnesstraining und l\u00e4sst sich mit deinem Logo individualisieren. In Schwarz, Wei\u00df oder Transparent erh\u00e4ltlich, ist sie ideal f\u00fcr Sport- &amp; Outdoor-Aktivit\u00e4ten.\" \/>\n\t<meta name=\"robots\" content=\"max-image-preview:large\" \/>\n\t<meta name=\"google-site-verification\" content=\"BBMiYHShnVBoc8v9xoHf0FXMC27otVB0wiWxw_hFRrM\" \/>\n\t<link rel=\"canonical\" href=\"https:\/\/bidonsenshakers.nl\/de\/wp-json\/wp\/v2\/product\/4182\" \/>\n\t<meta name=\"generator\" content=\"All in One SEO Pro (AIOSEO) 4.9.6.1\" \/>\n\t\t<meta property=\"og:locale\" content=\"de_DE\" \/>\n\t\t<meta property=\"og:site_name\" content=\"Trinkflaschen &amp; Shakers - Trinkflaschen &amp; Shakers\" \/>\n\t\t<meta property=\"og:type\" content=\"article\" \/>\n\t\t<meta property=\"og:title\" content=\"Trinkflasche bedrucken: Sugarcane 750 ml, auslaufsicher\" \/>\n\t\t<meta property=\"og:description\" content=\"Entdecke eine umweltfreundliche Trinkoption aus Zuckerrohr-LDPE. Diese vielseitige Flasche ist perfekt f\u00fcr dein Fitnesstraining und l\u00e4sst sich mit deinem Logo individualisieren. In Schwarz, Wei\u00df oder Transparent erh\u00e4ltlich, ist sie ideal f\u00fcr Sport- &amp; Outdoor-Aktivit\u00e4ten.\" \/>\n\t\t<meta property=\"og:url\" content=\"https:\/\/bidonsenshakers.nl\/de\/wp-json\/wp\/v2\/product\/4182\" \/>\n\t\t<meta property=\"og:image\" content=\"https:\/\/shop.hidalgo.nl\/wp-content\/uploads\/2026\/01\/cropped-Logo.png\" \/>\n\t\t<meta property=\"og:image:secure_url\" content=\"https:\/\/shop.hidalgo.nl\/wp-content\/uploads\/2026\/01\/cropped-Logo.png\" \/>\n\t\t<meta property=\"article:published_time\" content=\"2026-01-26T09:59:48+00:00\" \/>\n\t\t<meta property=\"article:modified_time\" content=\"2026-02-17T11:56:23+00:00\" \/>\n\t\t<meta property=\"article:publisher\" content=\"https:\/\/www.facebook.com\/hidalgobagsandmore\/\" \/>\n\t\t<meta name=\"twitter:card\" content=\"summary_large_image\" \/>\n\t\t<meta name=\"twitter:site\" content=\"@Hidalgo_BV\" \/>\n\t\t<meta name=\"twitter:title\" content=\"Trinkflasche bedrucken: Sugarcane 750 ml, auslaufsicher\" \/>\n\t\t<meta name=\"twitter:description\" content=\"Entdecke eine umweltfreundliche Trinkoption aus Zuckerrohr-LDPE. Diese vielseitige Flasche ist perfekt f\u00fcr dein Fitnesstraining und l\u00e4sst sich mit deinem Logo individualisieren. In Schwarz, Wei\u00df oder Transparent erh\u00e4ltlich, ist sie ideal f\u00fcr Sport- &amp; Outdoor-Aktivit\u00e4ten.\" \/>\n\t\t<meta name=\"twitter:image\" content=\"https:\/\/shop.hidalgo.nl\/wp-content\/uploads\/2026\/01\/cropped-Logo.png\" \/>\n\t\t<script type=\"application\/ld+json\" class=\"aioseo-schema\">\n\t\t\t{\"@context\":\"https:\\\/\\\/schema.org\",\"@graph\":[{\"@type\":\"BreadcrumbList\",\"@id\":\"https:\\\/\\\/bidonsenshakers.nl\\\/de\\\/product\\\/4182\\\/trinkflasche-bedrucken-sugarcane-750-ml-auslaufsicher\\\/#breadcrumblist\",\"itemListElement\":[{\"@type\":\"ListItem\",\"@id\":\"https:\\\/\\\/bidonsenshakers.nl\\\/de\\\/#listItem\",\"position\":1,\"name\":\"Home\",\"item\":\"https:\\\/\\\/bidonsenshakers.nl\\\/de\\\/\",\"nextItem\":{\"@type\":\"ListItem\",\"@id\":\"https:\\\/\\\/bidonsenshakers.nl\\\/shop\\\/#listItem\",\"name\":\"Shop\"}},{\"@type\":\"ListItem\",\"@id\":\"https:\\\/\\\/bidonsenshakers.nl\\\/shop\\\/#listItem\",\"position\":2,\"name\":\"Shop\",\"item\":\"https:\\\/\\\/bidonsenshakers.nl\\\/shop\\\/\",\"nextItem\":{\"@type\":\"ListItem\",\"@id\":\"https:\\\/\\\/bidonsenshakers.nl\\\/de\\\/product-supplier\\\/a508\\\/#listItem\",\"name\":\"A508\"},\"previousItem\":{\"@type\":\"ListItem\",\"@id\":\"https:\\\/\\\/bidonsenshakers.nl\\\/de\\\/#listItem\",\"name\":\"Home\"}},{\"@type\":\"ListItem\",\"@id\":\"https:\\\/\\\/bidonsenshakers.nl\\\/de\\\/product-supplier\\\/a508\\\/#listItem\",\"position\":3,\"name\":\"A508\",\"item\":\"https:\\\/\\\/bidonsenshakers.nl\\\/de\\\/product-supplier\\\/a508\\\/\",\"nextItem\":{\"@type\":\"ListItem\",\"@id\":\"https:\\\/\\\/bidonsenshakers.nl\\\/de\\\/product\\\/4182\\\/trinkflasche-bedrucken-sugarcane-750-ml-auslaufsicher\\\/#listItem\",\"name\":\"Sugarcane Bio Bidon 750 ml\"},\"previousItem\":{\"@type\":\"ListItem\",\"@id\":\"https:\\\/\\\/bidonsenshakers.nl\\\/shop\\\/#listItem\",\"name\":\"Shop\"}},{\"@type\":\"ListItem\",\"@id\":\"https:\\\/\\\/bidonsenshakers.nl\\\/de\\\/product\\\/4182\\\/trinkflasche-bedrucken-sugarcane-750-ml-auslaufsicher\\\/#listItem\",\"position\":4,\"name\":\"Sugarcane Bio Bidon 750 ml\",\"previousItem\":{\"@type\":\"ListItem\",\"@id\":\"https:\\\/\\\/bidonsenshakers.nl\\\/de\\\/product-supplier\\\/a508\\\/#listItem\",\"name\":\"A508\"}}]},{\"@type\":\"Organization\",\"@id\":\"https:\\\/\\\/bidonsenshakers.nl\\\/de\\\/#organization\",\"name\":\"Trinkflaschen & Shakers\",\"description\":\"Trinkflaschen & Shakers\",\"url\":\"https:\\\/\\\/bidonsenshakers.nl\\\/de\\\/\",\"telephone\":\"+31793310133\",\"logo\":{\"@type\":\"ImageObject\",\"url\":\"https:\\\/\\\/shop.hidalgo.nl\\\/wp-content\\\/uploads\\\/2026\\\/01\\\/cropped-Logo.png\",\"@id\":\"https:\\\/\\\/bidonsenshakers.nl\\\/de\\\/product\\\/4182\\\/trinkflasche-bedrucken-sugarcane-750-ml-auslaufsicher\\\/#organizationLogo\",\"width\":600,\"height\":243},\"image\":{\"@id\":\"https:\\\/\\\/bidonsenshakers.nl\\\/de\\\/product\\\/4182\\\/trinkflasche-bedrucken-sugarcane-750-ml-auslaufsicher\\\/#organizationLogo\"},\"sameAs\":[\"https:\\\/\\\/www.facebook.com\\\/hidalgobagsandmore\\\/\",\"https:\\\/\\\/x.com\\\/Hidalgo_BV\\\/status\\\/74021585866067968\",\"https:\\\/\\\/www.instagram.com\\\/hidalgobagsandmore\\\/#\",\"https:\\\/\\\/www.youtube.com\\\/@hidalgobagsandmore\",\"https:\\\/\\\/www.linkedin.com\\\/in\\\/rutgerblommers\\\/\"]},{\"@type\":\"WebPage\",\"@id\":\"https:\\\/\\\/bidonsenshakers.nl\\\/de\\\/product\\\/4182\\\/trinkflasche-bedrucken-sugarcane-750-ml-auslaufsicher\\\/#webpage\",\"url\":\"https:\\\/\\\/bidonsenshakers.nl\\\/de\\\/product\\\/4182\\\/trinkflasche-bedrucken-sugarcane-750-ml-auslaufsicher\\\/\",\"name\":\"Trinkflasche bedrucken: Sugarcane 750 ml, auslaufsicher\",\"description\":\"Entdecke eine umweltfreundliche Trinkoption aus Zuckerrohr-LDPE. Diese vielseitige Flasche ist perfekt f\\u00fcr dein Fitnesstraining und l\\u00e4sst sich mit deinem Logo individualisieren. In Schwarz, Wei\\u00df oder Transparent erh\\u00e4ltlich, ist sie ideal f\\u00fcr Sport- & Outdoor-Aktivit\\u00e4ten.\",\"inLanguage\":\"de-DE\",\"isPartOf\":{\"@id\":\"https:\\\/\\\/bidonsenshakers.nl\\\/de\\\/#website\"},\"breadcrumb\":{\"@id\":\"https:\\\/\\\/bidonsenshakers.nl\\\/de\\\/product\\\/4182\\\/trinkflasche-bedrucken-sugarcane-750-ml-auslaufsicher\\\/#breadcrumblist\"},\"image\":{\"@type\":\"ImageObject\",\"url\":\"https:\\\/\\\/shop.hidalgo.nl\\\/wp-content\\\/uploads\\\/2025\\\/04\\\/07095f328669d1d6661746d9b7c3e335e5b14f2a203ed23b8aea3e138e4619d6.jpg\",\"@id\":\"https:\\\/\\\/bidonsenshakers.nl\\\/de\\\/product\\\/4182\\\/trinkflasche-bedrucken-sugarcane-750-ml-auslaufsicher\\\/#mainImage\"},\"primaryImageOfPage\":{\"@id\":\"https:\\\/\\\/bidonsenshakers.nl\\\/de\\\/product\\\/4182\\\/trinkflasche-bedrucken-sugarcane-750-ml-auslaufsicher\\\/#mainImage\"},\"datePublished\":\"2026-01-26T09:59:48+00:00\",\"dateModified\":\"2026-02-17T11:56:23+00:00\"},{\"@type\":\"WebSite\",\"@id\":\"https:\\\/\\\/bidonsenshakers.nl\\\/de\\\/#website\",\"url\":\"https:\\\/\\\/bidonsenshakers.nl\\\/de\\\/\",\"name\":\"Trinkflaschen & Shakers\",\"description\":\"Trinkflaschen & Shakers\",\"inLanguage\":\"de-DE\",\"publisher\":{\"@id\":\"https:\\\/\\\/bidonsenshakers.nl\\\/de\\\/#organization\"}}]}\n\t\t<\/script>\n\t\t<!-- All in One SEO Pro -->\r\n\t\t<title>Trinkflasche bedrucken: Sugarcane 750 ml, auslaufsicher<\/title>\n\n","aioseo_head_json":{"title":"Trinkflasche bedrucken: Sugarcane 750 ml, auslaufsicher","description":"Entdecke eine umweltfreundliche Trinkoption aus Zuckerrohr-LDPE. Diese vielseitige Flasche ist perfekt f\u00fcr dein Fitnesstraining und l\u00e4sst sich mit deinem Logo individualisieren. In Schwarz, Wei\u00df oder Transparent erh\u00e4ltlich, ist sie ideal f\u00fcr Sport- & Outdoor-Aktivit\u00e4ten.","canonical_url":"https:\/\/bidonsenshakers.nl\/de\/wp-json\/wp\/v2\/product\/4182","robots":"max-image-preview:large","keywords":"","webmasterTools":{"google-site-verification":"BBMiYHShnVBoc8v9xoHf0FXMC27otVB0wiWxw_hFRrM","miscellaneous":""},"schema":{"@context":"https:\/\/schema.org","@graph":[{"@type":"BreadcrumbList","@id":"https:\/\/bidonsenshakers.nl\/de\/product\/4182\/trinkflasche-bedrucken-sugarcane-750-ml-auslaufsicher\/#breadcrumblist","itemListElement":[{"@type":"ListItem","@id":"https:\/\/bidonsenshakers.nl\/de\/#listItem","position":1,"name":"Home","item":"https:\/\/bidonsenshakers.nl\/de\/","nextItem":{"@type":"ListItem","@id":"https:\/\/bidonsenshakers.nl\/shop\/#listItem","name":"Shop"}},{"@type":"ListItem","@id":"https:\/\/bidonsenshakers.nl\/shop\/#listItem","position":2,"name":"Shop","item":"https:\/\/bidonsenshakers.nl\/shop\/","nextItem":{"@type":"ListItem","@id":"https:\/\/bidonsenshakers.nl\/de\/product-supplier\/a508\/#listItem","name":"A508"},"previousItem":{"@type":"ListItem","@id":"https:\/\/bidonsenshakers.nl\/de\/#listItem","name":"Home"}},{"@type":"ListItem","@id":"https:\/\/bidonsenshakers.nl\/de\/product-supplier\/a508\/#listItem","position":3,"name":"A508","item":"https:\/\/bidonsenshakers.nl\/de\/product-supplier\/a508\/","nextItem":{"@type":"ListItem","@id":"https:\/\/bidonsenshakers.nl\/de\/product\/4182\/trinkflasche-bedrucken-sugarcane-750-ml-auslaufsicher\/#listItem","name":"Sugarcane Bio Bidon 750 ml"},"previousItem":{"@type":"ListItem","@id":"https:\/\/bidonsenshakers.nl\/shop\/#listItem","name":"Shop"}},{"@type":"ListItem","@id":"https:\/\/bidonsenshakers.nl\/de\/product\/4182\/trinkflasche-bedrucken-sugarcane-750-ml-auslaufsicher\/#listItem","position":4,"name":"Sugarcane Bio Bidon 750 ml","previousItem":{"@type":"ListItem","@id":"https:\/\/bidonsenshakers.nl\/de\/product-supplier\/a508\/#listItem","name":"A508"}}]},{"@type":"Organization","@id":"https:\/\/bidonsenshakers.nl\/de\/#organization","name":"Trinkflaschen & Shakers","description":"Trinkflaschen & Shakers","url":"https:\/\/bidonsenshakers.nl\/de\/","telephone":"+31793310133","logo":{"@type":"ImageObject","url":"https:\/\/shop.hidalgo.nl\/wp-content\/uploads\/2026\/01\/cropped-Logo.png","@id":"https:\/\/bidonsenshakers.nl\/de\/product\/4182\/trinkflasche-bedrucken-sugarcane-750-ml-auslaufsicher\/#organizationLogo","width":600,"height":243},"image":{"@id":"https:\/\/bidonsenshakers.nl\/de\/product\/4182\/trinkflasche-bedrucken-sugarcane-750-ml-auslaufsicher\/#organizationLogo"},"sameAs":["https:\/\/www.facebook.com\/hidalgobagsandmore\/","https:\/\/x.com\/Hidalgo_BV\/status\/74021585866067968","https:\/\/www.instagram.com\/hidalgobagsandmore\/#","https:\/\/www.youtube.com\/@hidalgobagsandmore","https:\/\/www.linkedin.com\/in\/rutgerblommers\/"]},{"@type":"WebPage","@id":"https:\/\/bidonsenshakers.nl\/de\/product\/4182\/trinkflasche-bedrucken-sugarcane-750-ml-auslaufsicher\/#webpage","url":"https:\/\/bidonsenshakers.nl\/de\/product\/4182\/trinkflasche-bedrucken-sugarcane-750-ml-auslaufsicher\/","name":"Trinkflasche bedrucken: Sugarcane 750 ml, auslaufsicher","description":"Entdecke eine umweltfreundliche Trinkoption aus Zuckerrohr-LDPE. Diese vielseitige Flasche ist perfekt f\u00fcr dein Fitnesstraining und l\u00e4sst sich mit deinem Logo individualisieren. In Schwarz, Wei\u00df oder Transparent erh\u00e4ltlich, ist sie ideal f\u00fcr Sport- & Outdoor-Aktivit\u00e4ten.","inLanguage":"de-DE","isPartOf":{"@id":"https:\/\/bidonsenshakers.nl\/de\/#website"},"breadcrumb":{"@id":"https:\/\/bidonsenshakers.nl\/de\/product\/4182\/trinkflasche-bedrucken-sugarcane-750-ml-auslaufsicher\/#breadcrumblist"},"image":{"@type":"ImageObject","url":"https:\/\/shop.hidalgo.nl\/wp-content\/uploads\/2025\/04\/07095f328669d1d6661746d9b7c3e335e5b14f2a203ed23b8aea3e138e4619d6.jpg","@id":"https:\/\/bidonsenshakers.nl\/de\/product\/4182\/trinkflasche-bedrucken-sugarcane-750-ml-auslaufsicher\/#mainImage"},"primaryImageOfPage":{"@id":"https:\/\/bidonsenshakers.nl\/de\/product\/4182\/trinkflasche-bedrucken-sugarcane-750-ml-auslaufsicher\/#mainImage"},"datePublished":"2026-01-26T09:59:48+00:00","dateModified":"2026-02-17T11:56:23+00:00"},{"@type":"WebSite","@id":"https:\/\/bidonsenshakers.nl\/de\/#website","url":"https:\/\/bidonsenshakers.nl\/de\/","name":"Trinkflaschen & Shakers","description":"Trinkflaschen & Shakers","inLanguage":"de-DE","publisher":{"@id":"https:\/\/bidonsenshakers.nl\/de\/#organization"}}]},"og:locale":"de_DE","og:site_name":"Trinkflaschen &amp; Shakers - Trinkflaschen &amp; Shakers","og:type":"article","og:title":"Trinkflasche bedrucken: Sugarcane 750 ml, auslaufsicher","og:description":"Entdecke eine umweltfreundliche Trinkoption aus Zuckerrohr-LDPE. Diese vielseitige Flasche ist perfekt f\u00fcr dein Fitnesstraining und l\u00e4sst sich mit deinem Logo individualisieren. In Schwarz, Wei\u00df oder Transparent erh\u00e4ltlich, ist sie ideal f\u00fcr Sport- &amp; Outdoor-Aktivit\u00e4ten.","og:url":"https:\/\/bidonsenshakers.nl\/de\/wp-json\/wp\/v2\/product\/4182","og:image":"https:\/\/shop.hidalgo.nl\/wp-content\/uploads\/2026\/01\/cropped-Logo.png","og:image:secure_url":"https:\/\/shop.hidalgo.nl\/wp-content\/uploads\/2026\/01\/cropped-Logo.png","article:published_time":"2026-01-26T09:59:48+00:00","article:modified_time":"2026-02-17T11:56:23+00:00","article:publisher":"https:\/\/www.facebook.com\/hidalgobagsandmore\/","twitter:card":"summary_large_image","twitter:site":"@Hidalgo_BV","twitter:title":"Trinkflasche bedrucken: Sugarcane 750 ml, auslaufsicher","twitter:description":"Entdecke eine umweltfreundliche Trinkoption aus Zuckerrohr-LDPE. Diese vielseitige Flasche ist perfekt f\u00fcr dein Fitnesstraining und l\u00e4sst sich mit deinem Logo individualisieren. In Schwarz, Wei\u00df oder Transparent erh\u00e4ltlich, ist sie ideal f\u00fcr Sport- &amp; Outdoor-Aktivit\u00e4ten.","twitter:image":"https:\/\/shop.hidalgo.nl\/wp-content\/uploads\/2026\/01\/cropped-Logo.png"},"aioseo_meta_data":{"post_id":"4182","title":null,"description":null,"keywords":null,"keyphrases":null,"canonical_url":null,"og_title":null,"og_description":null,"og_object_type":"default","og_image_type":"default","og_image_custom_url":null,"og_image_custom_fields":null,"og_custom_image_width":null,"og_custom_image_height":null,"og_video":null,"og_custom_url":null,"og_article_section":null,"og_article_tags":null,"twitter_use_og":false,"twitter_card":"default","twitter_image_type":"default","twitter_image_custom_url":null,"twitter_image_custom_fields":null,"twitter_title":null,"twitter_description":null,"schema_type":null,"schema_type_options":null,"pillar_content":false,"robots_default":true,"robots_noindex":false,"robots_noarchive":false,"robots_nosnippet":false,"robots_nofollow":false,"robots_noimageindex":false,"robots_noodp":false,"robots_notranslate":false,"robots_max_snippet":null,"robots_max_videopreview":null,"robots_max_imagepreview":"none","tabs":null,"priority":null,"frequency":null,"local_seo":null,"created":"2026-01-26 10:00:49","updated":"2026-02-18 10:25:26"},"aioseo_breadcrumb":"<div class=\"aioseo-breadcrumbs\"><span class=\"aioseo-breadcrumb\">\n\t<a href=\"https:\/\/bidonsenshakers.nl\/de\/\" title=\"Home\">Home<\/a>\n<\/span><span class=\"aioseo-breadcrumb-separator\">\u00bb<\/span><span class=\"aioseo-breadcrumb\">\n\t<a href=\"https:\/\/bidonsenshakers.nl\/shop\/\" title=\"Shop\">Shop<\/a>\n<\/span><span class=\"aioseo-breadcrumb-separator\">\u00bb<\/span><span class=\"aioseo-breadcrumb\">\n\t<a href=\"https:\/\/bidonsenshakers.nl\/de\/product-supplier\/a508\/\" title=\"A508\">A508<\/a>\n<\/span><span class=\"aioseo-breadcrumb-separator\">\u00bb<\/span><span class=\"aioseo-breadcrumb\">\n\tSugarcane Bio Bidon 750 ml\n<\/span><\/div>","aioseo_breadcrumb_json":[{"label":"Home","link":"https:\/\/bidonsenshakers.nl\/de\/"},{"label":"Shop","link":"https:\/\/bidonsenshakers.nl\/shop\/"},{"label":"A508","link":"https:\/\/bidonsenshakers.nl\/de\/product-supplier\/a508\/"},{"label":"Sugarcane Bio Bidon 750 ml","link":"https:\/\/bidonsenshakers.nl\/de\/product\/4182\/trinkflasche-bedrucken-sugarcane-750-ml-auslaufsicher\/"}],"_links":{"self":[{"href":"https:\/\/bidonsenshakers.nl\/de\/wp-json\/wp\/v2\/product\/4182","targetHints":{"allow":["GET"]}}],"collection":[{"href":"https:\/\/bidonsenshakers.nl\/de\/wp-json\/wp\/v2\/product"}],"about":[{"href":"https:\/\/bidonsenshakers.nl\/de\/wp-json\/wp\/v2\/types\/product"}],"wp:featuredmedia":[{"embeddable":true,"href":"https:\/\/bidonsenshakers.nl\/de\/wp-json\/wp\/v2\/media\/4183"}],"wp:attachment":[{"href":"https:\/\/bidonsenshakers.nl\/de\/wp-json\/wp\/v2\/media?parent=4182"}],"wp:term":[{"taxonomy":"product_brand","embeddable":true,"href":"https:\/\/bidonsenshakers.nl\/de\/wp-json\/wp\/v2\/product_brand?post=4182"},{"taxonomy":"product_cat","embeddable":true,"href":"https:\/\/bidonsenshakers.nl\/de\/wp-json\/wp\/v2\/product_cat?post=4182"},{"taxonomy":"product_tag","embeddable":true,"href":"https:\/\/bidonsenshakers.nl\/de\/wp-json\/wp\/v2\/product_tag?post=4182"}],"curies":[{"name":"wp","href":"https:\/\/api.w.org\/{rel}","templated":true}]}}