{"id":4270,"date":"2026-01-26T09:59:53","date_gmt":"2026-01-26T09:59:53","guid":{"rendered":"https:\/\/bidonsenshakers.shop.hidalgo.nl\/product\/hdpe-fles-demi\/"},"modified":"2026-02-17T11:56:23","modified_gmt":"2026-02-17T11:56:23","slug":"hdpe-fles-demi","status":"publish","type":"product","link":"https:\/\/bidonsenshakers.nl\/de\/product\/4270\/trinkflaschen-bedrucken-hdpe-500-ml-recycelbar\/","title":{"rendered":"HDPE fles Demi"},"content":{"rendered":"<p>100% Recyclebare kunststof (HDPE) drinkfles\/bidon (500 ml) met sporttuit, gemakkelijk te sluiten door erop te drukken. Met 4 uitsparingen voor extra grip. HDPE is uitstekend geschikt voor recycling wanneer de drinkfles voor een lange periode gebruikt is.<\/p>\n","protected":false},"excerpt":{"rendered":"<p>100% Recyclebare kunststof (HDPE) drinkfles\/bidon (500 ml) met sporttuit, gemakkelijk te sluiten door erop te drukken. Met 4 uitsparingen voor extra grip. HDPE is uitstekend geschikt voor recycling wanneer de drinkfles voor een lange periode gebruikt is.<\/p>\n","protected":false},"featured_media":4271,"template":"","meta":{"_acf_changed":false,"om_disable_all_campaigns":false,"_monsterinsights_skip_tracking":false,"_monsterinsights_sitenote_active":false,"_monsterinsights_sitenote_note":"","_monsterinsights_sitenote_category":0},"product_brand":[133],"product_cat":[360,286],"product_tag":[],"class_list":{"0":"post-4270","1":"product","2":"type-product","3":"status-publish","4":"has-post-thumbnail","6":"product_supplier-a58","7":"product_material-pe","8":"product_material-pp","9":"product_brand-impression","10":"product_cat-bio","11":"product_cat-drinkflessen","12":"entry","14":"first","15":"instock","16":"taxable","17":"shipping-taxable","18":"purchasable","19":"product-type-variable"},"acf":{"imprint_cost":[{"imprint_cost_key":"a068744007d2e37db616139c16ad81ba37957b10","product_quantity_price_range":[{"imprint_cost_recommended_selling_price":"2.92","imprint_cost_recommended_selling_quantity":"1"},{"imprint_cost_recommended_selling_price":"2.03","imprint_cost_recommended_selling_quantity":"25"},{"imprint_cost_recommended_selling_price":"1.29","imprint_cost_recommended_selling_quantity":"50"},{"imprint_cost_recommended_selling_price":"0.69","imprint_cost_recommended_selling_quantity":"100"},{"imprint_cost_recommended_selling_price":"0.55","imprint_cost_recommended_selling_quantity":"250"},{"imprint_cost_recommended_selling_price":"0.43","imprint_cost_recommended_selling_quantity":"500"},{"imprint_cost_recommended_selling_price":"0.4","imprint_cost_recommended_selling_quantity":"1000"},{"imprint_cost_recommended_selling_price":"0.35","imprint_cost_recommended_selling_quantity":"2500"},{"imprint_cost_recommended_selling_price":"0.34","imprint_cost_recommended_selling_quantity":"5000"},{"imprint_cost_recommended_selling_price":"0.32","imprint_cost_recommended_selling_quantity":"10000"}],"product_quantity_price_range_buying":false,"imprint_cost_setup_costs":"51.54","imprint_cost_handling_costs":"0.08"},{"imprint_cost_key":"d95bcc6f3c769ccab5d129cde6b925d6297673fe","product_quantity_price_range":[{"imprint_cost_recommended_selling_price":"2.66","imprint_cost_recommended_selling_quantity":"1"},{"imprint_cost_recommended_selling_price":"1.63","imprint_cost_recommended_selling_quantity":"25"},{"imprint_cost_recommended_selling_price":"1.22","imprint_cost_recommended_selling_quantity":"50"},{"imprint_cost_recommended_selling_price":"0.88","imprint_cost_recommended_selling_quantity":"100"},{"imprint_cost_recommended_selling_price":"0.52","imprint_cost_recommended_selling_quantity":"250"},{"imprint_cost_recommended_selling_price":"0.43","imprint_cost_recommended_selling_quantity":"500"},{"imprint_cost_recommended_selling_price":"0.37","imprint_cost_recommended_selling_quantity":"1000"},{"imprint_cost_recommended_selling_price":"0.29","imprint_cost_recommended_selling_quantity":"2500"}],"product_quantity_price_range_buying":false,"imprint_cost_setup_costs":"30.77","imprint_cost_handling_costs":"0.2"}]},"aioseo_notices":[],"aioseo_head":"\n\t\t<!-- All in One SEO Pro 4.9.6.1 - aioseo.com -->\n\t<meta name=\"description\" content=\"Die wiederverwendbare Flasche aus recycelbarem HDPE bietet dir die M\u00f6glichkeit, dein eigenes Logo zu platzieren. Perfekt f\u00fcr Events und Unternehmen, sorgt sie f\u00fcr sicheren Halt mit ihren Griffmulden und einem praktischen Sportverschluss. W\u00e4hle aus vielen Farben die passende Variante.\" \/>\n\t<meta name=\"robots\" content=\"max-image-preview:large\" \/>\n\t<meta name=\"google-site-verification\" content=\"BBMiYHShnVBoc8v9xoHf0FXMC27otVB0wiWxw_hFRrM\" \/>\n\t<link rel=\"canonical\" href=\"https:\/\/bidonsenshakers.nl\/de\/wp-json\/wp\/v2\/product\/4270\" \/>\n\t<meta name=\"generator\" content=\"All in One SEO Pro (AIOSEO) 4.9.6.1\" \/>\n\t\t<meta property=\"og:locale\" content=\"de_DE\" \/>\n\t\t<meta property=\"og:site_name\" content=\"Trinkflaschen &amp; Shakers - Trinkflaschen &amp; Shakers\" \/>\n\t\t<meta property=\"og:type\" content=\"article\" \/>\n\t\t<meta property=\"og:title\" content=\"Trinkflaschen bedrucken HDPE 500 ml recycelbar\" \/>\n\t\t<meta property=\"og:description\" content=\"Die wiederverwendbare Flasche aus recycelbarem HDPE bietet dir die M\u00f6glichkeit, dein eigenes Logo zu platzieren. Perfekt f\u00fcr Events und Unternehmen, sorgt sie f\u00fcr sicheren Halt mit ihren Griffmulden und einem praktischen Sportverschluss. W\u00e4hle aus vielen Farben die passende Variante.\" \/>\n\t\t<meta property=\"og:url\" content=\"https:\/\/bidonsenshakers.nl\/de\/wp-json\/wp\/v2\/product\/4270\" \/>\n\t\t<meta property=\"og:image\" content=\"https:\/\/shop.hidalgo.nl\/wp-content\/uploads\/2026\/01\/cropped-Logo.png\" \/>\n\t\t<meta property=\"og:image:secure_url\" content=\"https:\/\/shop.hidalgo.nl\/wp-content\/uploads\/2026\/01\/cropped-Logo.png\" \/>\n\t\t<meta property=\"article:published_time\" content=\"2026-01-26T09:59:53+00:00\" \/>\n\t\t<meta property=\"article:modified_time\" content=\"2026-02-17T11:56:23+00:00\" \/>\n\t\t<meta property=\"article:publisher\" content=\"https:\/\/www.facebook.com\/hidalgobagsandmore\/\" \/>\n\t\t<meta name=\"twitter:card\" content=\"summary_large_image\" \/>\n\t\t<meta name=\"twitter:site\" content=\"@Hidalgo_BV\" \/>\n\t\t<meta name=\"twitter:title\" content=\"Trinkflaschen bedrucken HDPE 500 ml recycelbar\" \/>\n\t\t<meta name=\"twitter:description\" content=\"Die wiederverwendbare Flasche aus recycelbarem HDPE bietet dir die M\u00f6glichkeit, dein eigenes Logo zu platzieren. Perfekt f\u00fcr Events und Unternehmen, sorgt sie f\u00fcr sicheren Halt mit ihren Griffmulden und einem praktischen Sportverschluss. W\u00e4hle aus vielen Farben die passende Variante.\" \/>\n\t\t<meta name=\"twitter:image\" content=\"https:\/\/shop.hidalgo.nl\/wp-content\/uploads\/2026\/01\/cropped-Logo.png\" \/>\n\t\t<script type=\"application\/ld+json\" class=\"aioseo-schema\">\n\t\t\t{\"@context\":\"https:\\\/\\\/schema.org\",\"@graph\":[{\"@type\":\"BreadcrumbList\",\"@id\":\"https:\\\/\\\/bidonsenshakers.nl\\\/de\\\/product\\\/4270\\\/trinkflaschen-bedrucken-hdpe-500-ml-recycelbar\\\/#breadcrumblist\",\"itemListElement\":[{\"@type\":\"ListItem\",\"@id\":\"https:\\\/\\\/bidonsenshakers.nl\\\/de\\\/#listItem\",\"position\":1,\"name\":\"Home\",\"item\":\"https:\\\/\\\/bidonsenshakers.nl\\\/de\\\/\",\"nextItem\":{\"@type\":\"ListItem\",\"@id\":\"https:\\\/\\\/bidonsenshakers.nl\\\/shop\\\/#listItem\",\"name\":\"Shop\"}},{\"@type\":\"ListItem\",\"@id\":\"https:\\\/\\\/bidonsenshakers.nl\\\/shop\\\/#listItem\",\"position\":2,\"name\":\"Shop\",\"item\":\"https:\\\/\\\/bidonsenshakers.nl\\\/shop\\\/\",\"nextItem\":{\"@type\":\"ListItem\",\"@id\":\"https:\\\/\\\/bidonsenshakers.nl\\\/de\\\/product-supplier\\\/a58\\\/#listItem\",\"name\":\"A58\"},\"previousItem\":{\"@type\":\"ListItem\",\"@id\":\"https:\\\/\\\/bidonsenshakers.nl\\\/de\\\/#listItem\",\"name\":\"Home\"}},{\"@type\":\"ListItem\",\"@id\":\"https:\\\/\\\/bidonsenshakers.nl\\\/de\\\/product-supplier\\\/a58\\\/#listItem\",\"position\":3,\"name\":\"A58\",\"item\":\"https:\\\/\\\/bidonsenshakers.nl\\\/de\\\/product-supplier\\\/a58\\\/\",\"nextItem\":{\"@type\":\"ListItem\",\"@id\":\"https:\\\/\\\/bidonsenshakers.nl\\\/de\\\/product\\\/4270\\\/trinkflaschen-bedrucken-hdpe-500-ml-recycelbar\\\/#listItem\",\"name\":\"HDPE fles Demi\"},\"previousItem\":{\"@type\":\"ListItem\",\"@id\":\"https:\\\/\\\/bidonsenshakers.nl\\\/shop\\\/#listItem\",\"name\":\"Shop\"}},{\"@type\":\"ListItem\",\"@id\":\"https:\\\/\\\/bidonsenshakers.nl\\\/de\\\/product\\\/4270\\\/trinkflaschen-bedrucken-hdpe-500-ml-recycelbar\\\/#listItem\",\"position\":4,\"name\":\"HDPE fles Demi\",\"previousItem\":{\"@type\":\"ListItem\",\"@id\":\"https:\\\/\\\/bidonsenshakers.nl\\\/de\\\/product-supplier\\\/a58\\\/#listItem\",\"name\":\"A58\"}}]},{\"@type\":\"Organization\",\"@id\":\"https:\\\/\\\/bidonsenshakers.nl\\\/de\\\/#organization\",\"name\":\"Trinkflaschen & Shakers\",\"description\":\"Trinkflaschen & Shakers\",\"url\":\"https:\\\/\\\/bidonsenshakers.nl\\\/de\\\/\",\"telephone\":\"+31793310133\",\"logo\":{\"@type\":\"ImageObject\",\"url\":\"https:\\\/\\\/shop.hidalgo.nl\\\/wp-content\\\/uploads\\\/2026\\\/01\\\/cropped-Logo.png\",\"@id\":\"https:\\\/\\\/bidonsenshakers.nl\\\/de\\\/product\\\/4270\\\/trinkflaschen-bedrucken-hdpe-500-ml-recycelbar\\\/#organizationLogo\",\"width\":600,\"height\":243},\"image\":{\"@id\":\"https:\\\/\\\/bidonsenshakers.nl\\\/de\\\/product\\\/4270\\\/trinkflaschen-bedrucken-hdpe-500-ml-recycelbar\\\/#organizationLogo\"},\"sameAs\":[\"https:\\\/\\\/www.facebook.com\\\/hidalgobagsandmore\\\/\",\"https:\\\/\\\/x.com\\\/Hidalgo_BV\\\/status\\\/74021585866067968\",\"https:\\\/\\\/www.instagram.com\\\/hidalgobagsandmore\\\/#\",\"https:\\\/\\\/www.youtube.com\\\/@hidalgobagsandmore\",\"https:\\\/\\\/www.linkedin.com\\\/in\\\/rutgerblommers\\\/\"]},{\"@type\":\"WebPage\",\"@id\":\"https:\\\/\\\/bidonsenshakers.nl\\\/de\\\/product\\\/4270\\\/trinkflaschen-bedrucken-hdpe-500-ml-recycelbar\\\/#webpage\",\"url\":\"https:\\\/\\\/bidonsenshakers.nl\\\/de\\\/product\\\/4270\\\/trinkflaschen-bedrucken-hdpe-500-ml-recycelbar\\\/\",\"name\":\"Trinkflaschen bedrucken HDPE 500 ml recycelbar\",\"description\":\"Die wiederverwendbare Flasche aus recycelbarem HDPE bietet dir die M\\u00f6glichkeit, dein eigenes Logo zu platzieren. Perfekt f\\u00fcr Events und Unternehmen, sorgt sie f\\u00fcr sicheren Halt mit ihren Griffmulden und einem praktischen Sportverschluss. W\\u00e4hle aus vielen Farben die passende Variante.\",\"inLanguage\":\"de-DE\",\"isPartOf\":{\"@id\":\"https:\\\/\\\/bidonsenshakers.nl\\\/de\\\/#website\"},\"breadcrumb\":{\"@id\":\"https:\\\/\\\/bidonsenshakers.nl\\\/de\\\/product\\\/4270\\\/trinkflaschen-bedrucken-hdpe-500-ml-recycelbar\\\/#breadcrumblist\"},\"image\":{\"@type\":\"ImageObject\",\"url\":\"https:\\\/\\\/shop.hidalgo.nl\\\/wp-content\\\/uploads\\\/2025\\\/04\\\/2fb9dbf39d6540e47fd27897f9cb60697dafb10ee29a90c5b4c700e05b590485.jpg\",\"@id\":\"https:\\\/\\\/bidonsenshakers.nl\\\/de\\\/product\\\/4270\\\/trinkflaschen-bedrucken-hdpe-500-ml-recycelbar\\\/#mainImage\"},\"primaryImageOfPage\":{\"@id\":\"https:\\\/\\\/bidonsenshakers.nl\\\/de\\\/product\\\/4270\\\/trinkflaschen-bedrucken-hdpe-500-ml-recycelbar\\\/#mainImage\"},\"datePublished\":\"2026-01-26T09:59:53+00:00\",\"dateModified\":\"2026-02-17T11:56:23+00:00\"},{\"@type\":\"WebSite\",\"@id\":\"https:\\\/\\\/bidonsenshakers.nl\\\/de\\\/#website\",\"url\":\"https:\\\/\\\/bidonsenshakers.nl\\\/de\\\/\",\"name\":\"Trinkflaschen & Shakers\",\"description\":\"Trinkflaschen & Shakers\",\"inLanguage\":\"de-DE\",\"publisher\":{\"@id\":\"https:\\\/\\\/bidonsenshakers.nl\\\/de\\\/#organization\"}}]}\n\t\t<\/script>\n\t\t<!-- All in One SEO Pro -->\r\n\t\t<title>Trinkflaschen bedrucken HDPE 500 ml recycelbar<\/title>\n\n","aioseo_head_json":{"title":"Trinkflaschen bedrucken HDPE 500 ml recycelbar","description":"Die wiederverwendbare Flasche aus recycelbarem HDPE bietet dir die M\u00f6glichkeit, dein eigenes Logo zu platzieren. Perfekt f\u00fcr Events und Unternehmen, sorgt sie f\u00fcr sicheren Halt mit ihren Griffmulden und einem praktischen Sportverschluss. W\u00e4hle aus vielen Farben die passende Variante.","canonical_url":"https:\/\/bidonsenshakers.nl\/de\/wp-json\/wp\/v2\/product\/4270","robots":"max-image-preview:large","keywords":"","webmasterTools":{"google-site-verification":"BBMiYHShnVBoc8v9xoHf0FXMC27otVB0wiWxw_hFRrM","miscellaneous":""},"schema":{"@context":"https:\/\/schema.org","@graph":[{"@type":"BreadcrumbList","@id":"https:\/\/bidonsenshakers.nl\/de\/product\/4270\/trinkflaschen-bedrucken-hdpe-500-ml-recycelbar\/#breadcrumblist","itemListElement":[{"@type":"ListItem","@id":"https:\/\/bidonsenshakers.nl\/de\/#listItem","position":1,"name":"Home","item":"https:\/\/bidonsenshakers.nl\/de\/","nextItem":{"@type":"ListItem","@id":"https:\/\/bidonsenshakers.nl\/shop\/#listItem","name":"Shop"}},{"@type":"ListItem","@id":"https:\/\/bidonsenshakers.nl\/shop\/#listItem","position":2,"name":"Shop","item":"https:\/\/bidonsenshakers.nl\/shop\/","nextItem":{"@type":"ListItem","@id":"https:\/\/bidonsenshakers.nl\/de\/product-supplier\/a58\/#listItem","name":"A58"},"previousItem":{"@type":"ListItem","@id":"https:\/\/bidonsenshakers.nl\/de\/#listItem","name":"Home"}},{"@type":"ListItem","@id":"https:\/\/bidonsenshakers.nl\/de\/product-supplier\/a58\/#listItem","position":3,"name":"A58","item":"https:\/\/bidonsenshakers.nl\/de\/product-supplier\/a58\/","nextItem":{"@type":"ListItem","@id":"https:\/\/bidonsenshakers.nl\/de\/product\/4270\/trinkflaschen-bedrucken-hdpe-500-ml-recycelbar\/#listItem","name":"HDPE fles Demi"},"previousItem":{"@type":"ListItem","@id":"https:\/\/bidonsenshakers.nl\/shop\/#listItem","name":"Shop"}},{"@type":"ListItem","@id":"https:\/\/bidonsenshakers.nl\/de\/product\/4270\/trinkflaschen-bedrucken-hdpe-500-ml-recycelbar\/#listItem","position":4,"name":"HDPE fles Demi","previousItem":{"@type":"ListItem","@id":"https:\/\/bidonsenshakers.nl\/de\/product-supplier\/a58\/#listItem","name":"A58"}}]},{"@type":"Organization","@id":"https:\/\/bidonsenshakers.nl\/de\/#organization","name":"Trinkflaschen & Shakers","description":"Trinkflaschen & Shakers","url":"https:\/\/bidonsenshakers.nl\/de\/","telephone":"+31793310133","logo":{"@type":"ImageObject","url":"https:\/\/shop.hidalgo.nl\/wp-content\/uploads\/2026\/01\/cropped-Logo.png","@id":"https:\/\/bidonsenshakers.nl\/de\/product\/4270\/trinkflaschen-bedrucken-hdpe-500-ml-recycelbar\/#organizationLogo","width":600,"height":243},"image":{"@id":"https:\/\/bidonsenshakers.nl\/de\/product\/4270\/trinkflaschen-bedrucken-hdpe-500-ml-recycelbar\/#organizationLogo"},"sameAs":["https:\/\/www.facebook.com\/hidalgobagsandmore\/","https:\/\/x.com\/Hidalgo_BV\/status\/74021585866067968","https:\/\/www.instagram.com\/hidalgobagsandmore\/#","https:\/\/www.youtube.com\/@hidalgobagsandmore","https:\/\/www.linkedin.com\/in\/rutgerblommers\/"]},{"@type":"WebPage","@id":"https:\/\/bidonsenshakers.nl\/de\/product\/4270\/trinkflaschen-bedrucken-hdpe-500-ml-recycelbar\/#webpage","url":"https:\/\/bidonsenshakers.nl\/de\/product\/4270\/trinkflaschen-bedrucken-hdpe-500-ml-recycelbar\/","name":"Trinkflaschen bedrucken HDPE 500 ml recycelbar","description":"Die wiederverwendbare Flasche aus recycelbarem HDPE bietet dir die M\u00f6glichkeit, dein eigenes Logo zu platzieren. Perfekt f\u00fcr Events und Unternehmen, sorgt sie f\u00fcr sicheren Halt mit ihren Griffmulden und einem praktischen Sportverschluss. W\u00e4hle aus vielen Farben die passende Variante.","inLanguage":"de-DE","isPartOf":{"@id":"https:\/\/bidonsenshakers.nl\/de\/#website"},"breadcrumb":{"@id":"https:\/\/bidonsenshakers.nl\/de\/product\/4270\/trinkflaschen-bedrucken-hdpe-500-ml-recycelbar\/#breadcrumblist"},"image":{"@type":"ImageObject","url":"https:\/\/shop.hidalgo.nl\/wp-content\/uploads\/2025\/04\/2fb9dbf39d6540e47fd27897f9cb60697dafb10ee29a90c5b4c700e05b590485.jpg","@id":"https:\/\/bidonsenshakers.nl\/de\/product\/4270\/trinkflaschen-bedrucken-hdpe-500-ml-recycelbar\/#mainImage"},"primaryImageOfPage":{"@id":"https:\/\/bidonsenshakers.nl\/de\/product\/4270\/trinkflaschen-bedrucken-hdpe-500-ml-recycelbar\/#mainImage"},"datePublished":"2026-01-26T09:59:53+00:00","dateModified":"2026-02-17T11:56:23+00:00"},{"@type":"WebSite","@id":"https:\/\/bidonsenshakers.nl\/de\/#website","url":"https:\/\/bidonsenshakers.nl\/de\/","name":"Trinkflaschen & Shakers","description":"Trinkflaschen & Shakers","inLanguage":"de-DE","publisher":{"@id":"https:\/\/bidonsenshakers.nl\/de\/#organization"}}]},"og:locale":"de_DE","og:site_name":"Trinkflaschen &amp; Shakers - Trinkflaschen &amp; Shakers","og:type":"article","og:title":"Trinkflaschen bedrucken HDPE 500 ml recycelbar","og:description":"Die wiederverwendbare Flasche aus recycelbarem HDPE bietet dir die M\u00f6glichkeit, dein eigenes Logo zu platzieren. Perfekt f\u00fcr Events und Unternehmen, sorgt sie f\u00fcr sicheren Halt mit ihren Griffmulden und einem praktischen Sportverschluss. W\u00e4hle aus vielen Farben die passende Variante.","og:url":"https:\/\/bidonsenshakers.nl\/de\/wp-json\/wp\/v2\/product\/4270","og:image":"https:\/\/shop.hidalgo.nl\/wp-content\/uploads\/2026\/01\/cropped-Logo.png","og:image:secure_url":"https:\/\/shop.hidalgo.nl\/wp-content\/uploads\/2026\/01\/cropped-Logo.png","article:published_time":"2026-01-26T09:59:53+00:00","article:modified_time":"2026-02-17T11:56:23+00:00","article:publisher":"https:\/\/www.facebook.com\/hidalgobagsandmore\/","twitter:card":"summary_large_image","twitter:site":"@Hidalgo_BV","twitter:title":"Trinkflaschen bedrucken HDPE 500 ml recycelbar","twitter:description":"Die wiederverwendbare Flasche aus recycelbarem HDPE bietet dir die M\u00f6glichkeit, dein eigenes Logo zu platzieren. Perfekt f\u00fcr Events und Unternehmen, sorgt sie f\u00fcr sicheren Halt mit ihren Griffmulden und einem praktischen Sportverschluss. W\u00e4hle aus vielen Farben die passende Variante.","twitter:image":"https:\/\/shop.hidalgo.nl\/wp-content\/uploads\/2026\/01\/cropped-Logo.png"},"aioseo_meta_data":{"post_id":"4270","title":null,"description":null,"keywords":null,"keyphrases":null,"canonical_url":null,"og_title":null,"og_description":null,"og_object_type":"default","og_image_type":"default","og_image_custom_url":null,"og_image_custom_fields":null,"og_custom_image_width":null,"og_custom_image_height":null,"og_video":null,"og_custom_url":null,"og_article_section":null,"og_article_tags":null,"twitter_use_og":false,"twitter_card":"default","twitter_image_type":"default","twitter_image_custom_url":null,"twitter_image_custom_fields":null,"twitter_title":null,"twitter_description":null,"schema_type":null,"schema_type_options":null,"pillar_content":false,"robots_default":true,"robots_noindex":false,"robots_noarchive":false,"robots_nosnippet":false,"robots_nofollow":false,"robots_noimageindex":false,"robots_noodp":false,"robots_notranslate":false,"robots_max_snippet":null,"robots_max_videopreview":null,"robots_max_imagepreview":"none","tabs":null,"priority":null,"frequency":null,"local_seo":null,"created":"2026-01-26 10:00:49","updated":"2026-02-18 10:25:29"},"aioseo_breadcrumb":"<div class=\"aioseo-breadcrumbs\"><span class=\"aioseo-breadcrumb\">\n\t<a href=\"https:\/\/bidonsenshakers.nl\/de\/\" title=\"Home\">Home<\/a>\n<\/span><span class=\"aioseo-breadcrumb-separator\">\u00bb<\/span><span class=\"aioseo-breadcrumb\">\n\t<a href=\"https:\/\/bidonsenshakers.nl\/shop\/\" title=\"Shop\">Shop<\/a>\n<\/span><span class=\"aioseo-breadcrumb-separator\">\u00bb<\/span><span class=\"aioseo-breadcrumb\">\n\t<a href=\"https:\/\/bidonsenshakers.nl\/de\/product-supplier\/a58\/\" title=\"A58\">A58<\/a>\n<\/span><span class=\"aioseo-breadcrumb-separator\">\u00bb<\/span><span class=\"aioseo-breadcrumb\">\n\tHDPE fles Demi\n<\/span><\/div>","aioseo_breadcrumb_json":[{"label":"Home","link":"https:\/\/bidonsenshakers.nl\/de\/"},{"label":"Shop","link":"https:\/\/bidonsenshakers.nl\/shop\/"},{"label":"A58","link":"https:\/\/bidonsenshakers.nl\/de\/product-supplier\/a58\/"},{"label":"HDPE fles Demi","link":"https:\/\/bidonsenshakers.nl\/de\/product\/4270\/trinkflaschen-bedrucken-hdpe-500-ml-recycelbar\/"}],"_links":{"self":[{"href":"https:\/\/bidonsenshakers.nl\/de\/wp-json\/wp\/v2\/product\/4270","targetHints":{"allow":["GET"]}}],"collection":[{"href":"https:\/\/bidonsenshakers.nl\/de\/wp-json\/wp\/v2\/product"}],"about":[{"href":"https:\/\/bidonsenshakers.nl\/de\/wp-json\/wp\/v2\/types\/product"}],"wp:featuredmedia":[{"embeddable":true,"href":"https:\/\/bidonsenshakers.nl\/de\/wp-json\/wp\/v2\/media\/4271"}],"wp:attachment":[{"href":"https:\/\/bidonsenshakers.nl\/de\/wp-json\/wp\/v2\/media?parent=4270"}],"wp:term":[{"taxonomy":"product_brand","embeddable":true,"href":"https:\/\/bidonsenshakers.nl\/de\/wp-json\/wp\/v2\/product_brand?post=4270"},{"taxonomy":"product_cat","embeddable":true,"href":"https:\/\/bidonsenshakers.nl\/de\/wp-json\/wp\/v2\/product_cat?post=4270"},{"taxonomy":"product_tag","embeddable":true,"href":"https:\/\/bidonsenshakers.nl\/de\/wp-json\/wp\/v2\/product_tag?post=4270"}],"curies":[{"name":"wp","href":"https:\/\/api.w.org\/{rel}","templated":true}]}}