{"id":4573,"date":"2026-01-26T10:00:12","date_gmt":"2026-01-26T10:00:12","guid":{"rendered":"https:\/\/bidonsenshakers.shop.hidalgo.nl\/product\/sportbidon-classic-500ml\/"},"modified":"2026-02-17T11:56:22","modified_gmt":"2026-02-17T11:56:22","slug":"sportbidon-classic-500ml","status":"publish","type":"product","link":"https:\/\/bidonsenshakers.nl\/de\/product\/4573\/sportflasche-bedrucken-500ml-soft-squeeze-auslaufsicher\/","title":{"rendered":"Sportbidon classic 500ml"},"content":{"rendered":"<p>In Europa geproduceerde sportbidon met een Toppoint design. De bidon is 100% lekvrij en door het soft-squeeze materiaal erg flexibel, dus eenvoudig in te knijpen. De bidon is groot rondom te drukken, zelfs in full-colour fotokwaliteit en de kleur van dop en fles kunnen zelf gekozen worden.<\/p>\n","protected":false},"excerpt":{"rendered":"<p>In Europa geproduceerde sportbidon met een Toppoint design. De bidon is 100% lekvrij en door het soft-squeeze materiaal erg flexibel, dus eenvoudig in te knijpen. De bidon is groot rondom te drukken, zelfs in full-colour fotokwaliteit en de kleur van dop en fles kunnen zelf gekozen worden.<\/p>\n","protected":false},"featured_media":4574,"template":"","meta":{"_acf_changed":false,"om_disable_all_campaigns":false,"_monsterinsights_skip_tracking":false,"_monsterinsights_sitenote_active":false,"_monsterinsights_sitenote_note":"","_monsterinsights_sitenote_category":0},"product_brand":[],"product_cat":[286],"product_tag":[],"class_list":{"0":"post-4573","1":"product","2":"type-product","3":"status-publish","4":"has-post-thumbnail","6":"product_supplier-a53","7":"product_cat-drinkflessen","8":"entry","10":"first","11":"instock","12":"taxable","13":"shipping-taxable","14":"purchasable","15":"product-type-variable"},"acf":{"imprint_cost":[{"imprint_cost_key":"985ed48d5be951848066c464030808cd83cc8643","product_quantity_price_range":[{"imprint_cost_recommended_selling_price":"2.4825","imprint_cost_recommended_selling_quantity":"1"},{"imprint_cost_recommended_selling_price":"2.3175","imprint_cost_recommended_selling_quantity":"10"},{"imprint_cost_recommended_selling_price":"2.1525","imprint_cost_recommended_selling_quantity":"25"},{"imprint_cost_recommended_selling_price":"1.9875","imprint_cost_recommended_selling_quantity":"50"},{"imprint_cost_recommended_selling_price":"1.8225","imprint_cost_recommended_selling_quantity":"100"},{"imprint_cost_recommended_selling_price":"1.6575","imprint_cost_recommended_selling_quantity":"250"},{"imprint_cost_recommended_selling_price":"1.485","imprint_cost_recommended_selling_quantity":"500"},{"imprint_cost_recommended_selling_price":"1.41","imprint_cost_recommended_selling_quantity":"1000"},{"imprint_cost_recommended_selling_price":"1.32","imprint_cost_recommended_selling_quantity":"2500"},{"imprint_cost_recommended_selling_price":"1.245","imprint_cost_recommended_selling_quantity":"5000"},{"imprint_cost_recommended_selling_price":"1.2075","imprint_cost_recommended_selling_quantity":"10000"}],"product_quantity_price_range_buying":[{"imprint_cost_general_buying_price":"1.655","imprint_cost_general_buying_quantity":"1"},{"imprint_cost_general_buying_price":"1.545","imprint_cost_general_buying_quantity":"10"},{"imprint_cost_general_buying_price":"1.435","imprint_cost_general_buying_quantity":"25"},{"imprint_cost_general_buying_price":"1.325","imprint_cost_general_buying_quantity":"50"},{"imprint_cost_general_buying_price":"1.215","imprint_cost_general_buying_quantity":"100"},{"imprint_cost_general_buying_price":"1.105","imprint_cost_general_buying_quantity":"250"},{"imprint_cost_general_buying_price":"0.99","imprint_cost_general_buying_quantity":"500"},{"imprint_cost_general_buying_price":"0.94","imprint_cost_general_buying_quantity":"1000"},{"imprint_cost_general_buying_price":"0.88","imprint_cost_general_buying_quantity":"2500"},{"imprint_cost_general_buying_price":"0.83","imprint_cost_general_buying_quantity":"5000"},{"imprint_cost_general_buying_price":"0.805","imprint_cost_general_buying_quantity":"10000"}],"imprint_cost_setup_costs":"54","imprint_cost_handling_costs":"0"},{"imprint_cost_key":"c1ca0e424c2a12388b53451494b683b1b98ecf7c","product_quantity_price_range":[{"imprint_cost_recommended_selling_price":"0.8325","imprint_cost_recommended_selling_quantity":"100"},{"imprint_cost_recommended_selling_price":"0.7275","imprint_cost_recommended_selling_quantity":"250"},{"imprint_cost_recommended_selling_price":"0.6","imprint_cost_recommended_selling_quantity":"500"},{"imprint_cost_recommended_selling_price":"0.57","imprint_cost_recommended_selling_quantity":"1000"},{"imprint_cost_recommended_selling_price":"0.4575","imprint_cost_recommended_selling_quantity":"2500"},{"imprint_cost_recommended_selling_price":"0.4125","imprint_cost_recommended_selling_quantity":"5000"},{"imprint_cost_recommended_selling_price":"0.375","imprint_cost_recommended_selling_quantity":"10000"}],"product_quantity_price_range_buying":[{"imprint_cost_general_buying_price":"0.555","imprint_cost_general_buying_quantity":"100"},{"imprint_cost_general_buying_price":"0.485","imprint_cost_general_buying_quantity":"250"},{"imprint_cost_general_buying_price":"0.4","imprint_cost_general_buying_quantity":"500"},{"imprint_cost_general_buying_price":"0.38","imprint_cost_general_buying_quantity":"1000"},{"imprint_cost_general_buying_price":"0.305","imprint_cost_general_buying_quantity":"2500"},{"imprint_cost_general_buying_price":"0.275","imprint_cost_general_buying_quantity":"5000"},{"imprint_cost_general_buying_price":"0.25","imprint_cost_general_buying_quantity":"10000"}],"imprint_cost_setup_costs":"54","imprint_cost_handling_costs":"0"},{"imprint_cost_key":"1ba968fa24908a6990fc1c272507e7ad35c7f0d3","product_quantity_price_range":[{"imprint_cost_recommended_selling_price":"1.1625","imprint_cost_recommended_selling_quantity":"100"},{"imprint_cost_recommended_selling_price":"1.005","imprint_cost_recommended_selling_quantity":"250"},{"imprint_cost_recommended_selling_price":"0.8475","imprint_cost_recommended_selling_quantity":"500"},{"imprint_cost_recommended_selling_price":"0.7575","imprint_cost_recommended_selling_quantity":"1000"},{"imprint_cost_recommended_selling_price":"0.63","imprint_cost_recommended_selling_quantity":"2500"},{"imprint_cost_recommended_selling_price":"0.585","imprint_cost_recommended_selling_quantity":"5000"},{"imprint_cost_recommended_selling_price":"0.5325","imprint_cost_recommended_selling_quantity":"10000"}],"product_quantity_price_range_buying":[{"imprint_cost_general_buying_price":"0.775","imprint_cost_general_buying_quantity":"100"},{"imprint_cost_general_buying_price":"0.67","imprint_cost_general_buying_quantity":"250"},{"imprint_cost_general_buying_price":"0.565","imprint_cost_general_buying_quantity":"500"},{"imprint_cost_general_buying_price":"0.505","imprint_cost_general_buying_quantity":"1000"},{"imprint_cost_general_buying_price":"0.42","imprint_cost_general_buying_quantity":"2500"},{"imprint_cost_general_buying_price":"0.39","imprint_cost_general_buying_quantity":"5000"},{"imprint_cost_general_buying_price":"0.355","imprint_cost_general_buying_quantity":"10000"}],"imprint_cost_setup_costs":"108","imprint_cost_handling_costs":"0"},{"imprint_cost_key":"59cfc12b47ea91d20c50eae8a226df4c582abf9d","product_quantity_price_range":[{"imprint_cost_recommended_selling_price":"1.4925","imprint_cost_recommended_selling_quantity":"100"},{"imprint_cost_recommended_selling_price":"1.29","imprint_cost_recommended_selling_quantity":"250"},{"imprint_cost_recommended_selling_price":"1.1025","imprint_cost_recommended_selling_quantity":"500"},{"imprint_cost_recommended_selling_price":"0.945","imprint_cost_recommended_selling_quantity":"1000"},{"imprint_cost_recommended_selling_price":"0.8025","imprint_cost_recommended_selling_quantity":"2500"},{"imprint_cost_recommended_selling_price":"0.7575","imprint_cost_recommended_selling_quantity":"5000"},{"imprint_cost_recommended_selling_price":"0.69","imprint_cost_recommended_selling_quantity":"10000"}],"product_quantity_price_range_buying":[{"imprint_cost_general_buying_price":"0.995","imprint_cost_general_buying_quantity":"100"},{"imprint_cost_general_buying_price":"0.86","imprint_cost_general_buying_quantity":"250"},{"imprint_cost_general_buying_price":"0.735","imprint_cost_general_buying_quantity":"500"},{"imprint_cost_general_buying_price":"0.63","imprint_cost_general_buying_quantity":"1000"},{"imprint_cost_general_buying_price":"0.535","imprint_cost_general_buying_quantity":"2500"},{"imprint_cost_general_buying_price":"0.505","imprint_cost_general_buying_quantity":"5000"},{"imprint_cost_general_buying_price":"0.46","imprint_cost_general_buying_quantity":"10000"}],"imprint_cost_setup_costs":"162","imprint_cost_handling_costs":"0"},{"imprint_cost_key":"91fb7c1f24e92b9e595e3784d557d8c57949d1c0","product_quantity_price_range":[{"imprint_cost_recommended_selling_price":"1.83","imprint_cost_recommended_selling_quantity":"100"},{"imprint_cost_recommended_selling_price":"1.575","imprint_cost_recommended_selling_quantity":"250"},{"imprint_cost_recommended_selling_price":"1.3575","imprint_cost_recommended_selling_quantity":"500"},{"imprint_cost_recommended_selling_price":"1.1325","imprint_cost_recommended_selling_quantity":"1000"},{"imprint_cost_recommended_selling_price":"0.975","imprint_cost_recommended_selling_quantity":"2500"},{"imprint_cost_recommended_selling_price":"0.93","imprint_cost_recommended_selling_quantity":"5000"},{"imprint_cost_recommended_selling_price":"0.8475","imprint_cost_recommended_selling_quantity":"10000"}],"product_quantity_price_range_buying":[{"imprint_cost_general_buying_price":"1.22","imprint_cost_general_buying_quantity":"100"},{"imprint_cost_general_buying_price":"1.05","imprint_cost_general_buying_quantity":"250"},{"imprint_cost_general_buying_price":"0.905","imprint_cost_general_buying_quantity":"500"},{"imprint_cost_general_buying_price":"0.755","imprint_cost_general_buying_quantity":"1000"},{"imprint_cost_general_buying_price":"0.65","imprint_cost_general_buying_quantity":"2500"},{"imprint_cost_general_buying_price":"0.62","imprint_cost_general_buying_quantity":"5000"},{"imprint_cost_general_buying_price":"0.565","imprint_cost_general_buying_quantity":"10000"}],"imprint_cost_setup_costs":"216","imprint_cost_handling_costs":"0"}]},"aioseo_notices":[],"aioseo_head":"\n\t\t<!-- All in One SEO Pro 4.9.6.1 - aioseo.com -->\n\t<meta name=\"description\" content=\"Entdecke die flexible 500 ml Trinkflasche, ideal f\u00fcr Fitness &amp; Events. Personalisiere sie mit eigenem Logo f\u00fcr einen einzigartigen Touch. Hergestellt in Europa &amp; BPA-frei, bietet sie eine auslaufsichere Hydratationsl\u00f6sung, die \u00fcberall einsetzbar ist.\" \/>\n\t<meta name=\"robots\" content=\"max-image-preview:large\" \/>\n\t<meta name=\"google-site-verification\" content=\"BBMiYHShnVBoc8v9xoHf0FXMC27otVB0wiWxw_hFRrM\" \/>\n\t<link rel=\"canonical\" href=\"https:\/\/bidonsenshakers.nl\/de\/wp-json\/wp\/v2\/product\/4573\" \/>\n\t<meta name=\"generator\" content=\"All in One SEO Pro (AIOSEO) 4.9.6.1\" \/>\n\t\t<meta property=\"og:locale\" content=\"de_DE\" \/>\n\t\t<meta property=\"og:site_name\" content=\"Trinkflaschen &amp; Shakers - Trinkflaschen &amp; Shakers\" \/>\n\t\t<meta property=\"og:type\" content=\"article\" \/>\n\t\t<meta property=\"og:title\" content=\"Sportflasche bedrucken 500ml Soft-Squeeze auslaufsicher\" \/>\n\t\t<meta property=\"og:description\" content=\"Entdecke die flexible 500 ml Trinkflasche, ideal f\u00fcr Fitness &amp; Events. Personalisiere sie mit eigenem Logo f\u00fcr einen einzigartigen Touch. Hergestellt in Europa &amp; BPA-frei, bietet sie eine auslaufsichere Hydratationsl\u00f6sung, die \u00fcberall einsetzbar ist.\" \/>\n\t\t<meta property=\"og:url\" content=\"https:\/\/bidonsenshakers.nl\/de\/wp-json\/wp\/v2\/product\/4573\" \/>\n\t\t<meta property=\"og:image\" content=\"https:\/\/shop.hidalgo.nl\/wp-content\/uploads\/2026\/01\/cropped-Logo.png\" \/>\n\t\t<meta property=\"og:image:secure_url\" content=\"https:\/\/shop.hidalgo.nl\/wp-content\/uploads\/2026\/01\/cropped-Logo.png\" \/>\n\t\t<meta property=\"article:published_time\" content=\"2026-01-26T10:00:12+00:00\" \/>\n\t\t<meta property=\"article:modified_time\" content=\"2026-02-17T11:56:22+00:00\" \/>\n\t\t<meta property=\"article:publisher\" content=\"https:\/\/www.facebook.com\/hidalgobagsandmore\/\" \/>\n\t\t<meta name=\"twitter:card\" content=\"summary_large_image\" \/>\n\t\t<meta name=\"twitter:site\" content=\"@Hidalgo_BV\" \/>\n\t\t<meta name=\"twitter:title\" content=\"Sportflasche bedrucken 500ml Soft-Squeeze auslaufsicher\" \/>\n\t\t<meta name=\"twitter:description\" content=\"Entdecke die flexible 500 ml Trinkflasche, ideal f\u00fcr Fitness &amp; Events. Personalisiere sie mit eigenem Logo f\u00fcr einen einzigartigen Touch. Hergestellt in Europa &amp; BPA-frei, bietet sie eine auslaufsichere Hydratationsl\u00f6sung, die \u00fcberall einsetzbar ist.\" \/>\n\t\t<meta name=\"twitter:image\" content=\"https:\/\/shop.hidalgo.nl\/wp-content\/uploads\/2026\/01\/cropped-Logo.png\" \/>\n\t\t<script type=\"application\/ld+json\" class=\"aioseo-schema\">\n\t\t\t{\"@context\":\"https:\\\/\\\/schema.org\",\"@graph\":[{\"@type\":\"BreadcrumbList\",\"@id\":\"https:\\\/\\\/bidonsenshakers.nl\\\/de\\\/product\\\/4573\\\/sportflasche-bedrucken-500ml-soft-squeeze-auslaufsicher\\\/#breadcrumblist\",\"itemListElement\":[{\"@type\":\"ListItem\",\"@id\":\"https:\\\/\\\/bidonsenshakers.nl\\\/de\\\/#listItem\",\"position\":1,\"name\":\"Home\",\"item\":\"https:\\\/\\\/bidonsenshakers.nl\\\/de\\\/\",\"nextItem\":{\"@type\":\"ListItem\",\"@id\":\"https:\\\/\\\/bidonsenshakers.nl\\\/shop\\\/#listItem\",\"name\":\"Shop\"}},{\"@type\":\"ListItem\",\"@id\":\"https:\\\/\\\/bidonsenshakers.nl\\\/shop\\\/#listItem\",\"position\":2,\"name\":\"Shop\",\"item\":\"https:\\\/\\\/bidonsenshakers.nl\\\/shop\\\/\",\"nextItem\":{\"@type\":\"ListItem\",\"@id\":\"https:\\\/\\\/bidonsenshakers.nl\\\/de\\\/product-supplier\\\/a53\\\/#listItem\",\"name\":\"A53\"},\"previousItem\":{\"@type\":\"ListItem\",\"@id\":\"https:\\\/\\\/bidonsenshakers.nl\\\/de\\\/#listItem\",\"name\":\"Home\"}},{\"@type\":\"ListItem\",\"@id\":\"https:\\\/\\\/bidonsenshakers.nl\\\/de\\\/product-supplier\\\/a53\\\/#listItem\",\"position\":3,\"name\":\"A53\",\"item\":\"https:\\\/\\\/bidonsenshakers.nl\\\/de\\\/product-supplier\\\/a53\\\/\",\"nextItem\":{\"@type\":\"ListItem\",\"@id\":\"https:\\\/\\\/bidonsenshakers.nl\\\/de\\\/product\\\/4573\\\/sportflasche-bedrucken-500ml-soft-squeeze-auslaufsicher\\\/#listItem\",\"name\":\"Sportbidon classic 500ml\"},\"previousItem\":{\"@type\":\"ListItem\",\"@id\":\"https:\\\/\\\/bidonsenshakers.nl\\\/shop\\\/#listItem\",\"name\":\"Shop\"}},{\"@type\":\"ListItem\",\"@id\":\"https:\\\/\\\/bidonsenshakers.nl\\\/de\\\/product\\\/4573\\\/sportflasche-bedrucken-500ml-soft-squeeze-auslaufsicher\\\/#listItem\",\"position\":4,\"name\":\"Sportbidon classic 500ml\",\"previousItem\":{\"@type\":\"ListItem\",\"@id\":\"https:\\\/\\\/bidonsenshakers.nl\\\/de\\\/product-supplier\\\/a53\\\/#listItem\",\"name\":\"A53\"}}]},{\"@type\":\"Organization\",\"@id\":\"https:\\\/\\\/bidonsenshakers.nl\\\/de\\\/#organization\",\"name\":\"Trinkflaschen & Shakers\",\"description\":\"Trinkflaschen & Shakers\",\"url\":\"https:\\\/\\\/bidonsenshakers.nl\\\/de\\\/\",\"telephone\":\"+31793310133\",\"logo\":{\"@type\":\"ImageObject\",\"url\":\"https:\\\/\\\/shop.hidalgo.nl\\\/wp-content\\\/uploads\\\/2026\\\/01\\\/cropped-Logo.png\",\"@id\":\"https:\\\/\\\/bidonsenshakers.nl\\\/de\\\/product\\\/4573\\\/sportflasche-bedrucken-500ml-soft-squeeze-auslaufsicher\\\/#organizationLogo\",\"width\":600,\"height\":243},\"image\":{\"@id\":\"https:\\\/\\\/bidonsenshakers.nl\\\/de\\\/product\\\/4573\\\/sportflasche-bedrucken-500ml-soft-squeeze-auslaufsicher\\\/#organizationLogo\"},\"sameAs\":[\"https:\\\/\\\/www.facebook.com\\\/hidalgobagsandmore\\\/\",\"https:\\\/\\\/x.com\\\/Hidalgo_BV\\\/status\\\/74021585866067968\",\"https:\\\/\\\/www.instagram.com\\\/hidalgobagsandmore\\\/#\",\"https:\\\/\\\/www.youtube.com\\\/@hidalgobagsandmore\",\"https:\\\/\\\/www.linkedin.com\\\/in\\\/rutgerblommers\\\/\"]},{\"@type\":\"WebPage\",\"@id\":\"https:\\\/\\\/bidonsenshakers.nl\\\/de\\\/product\\\/4573\\\/sportflasche-bedrucken-500ml-soft-squeeze-auslaufsicher\\\/#webpage\",\"url\":\"https:\\\/\\\/bidonsenshakers.nl\\\/de\\\/product\\\/4573\\\/sportflasche-bedrucken-500ml-soft-squeeze-auslaufsicher\\\/\",\"name\":\"Sportflasche bedrucken 500ml Soft-Squeeze auslaufsicher\",\"description\":\"Entdecke die flexible 500 ml Trinkflasche, ideal f\\u00fcr Fitness & Events. Personalisiere sie mit eigenem Logo f\\u00fcr einen einzigartigen Touch. Hergestellt in Europa & BPA-frei, bietet sie eine auslaufsichere Hydratationsl\\u00f6sung, die \\u00fcberall einsetzbar ist.\",\"inLanguage\":\"de-DE\",\"isPartOf\":{\"@id\":\"https:\\\/\\\/bidonsenshakers.nl\\\/de\\\/#website\"},\"breadcrumb\":{\"@id\":\"https:\\\/\\\/bidonsenshakers.nl\\\/de\\\/product\\\/4573\\\/sportflasche-bedrucken-500ml-soft-squeeze-auslaufsicher\\\/#breadcrumblist\"},\"image\":{\"@type\":\"ImageObject\",\"url\":\"https:\\\/\\\/shop.hidalgo.nl\\\/wp-content\\\/uploads\\\/2025\\\/04\\\/2c35ac62fc2d08433114873699c0777fe5017d81f300654ee99ab96292e19df0.jpg\",\"@id\":\"https:\\\/\\\/bidonsenshakers.nl\\\/de\\\/product\\\/4573\\\/sportflasche-bedrucken-500ml-soft-squeeze-auslaufsicher\\\/#mainImage\"},\"primaryImageOfPage\":{\"@id\":\"https:\\\/\\\/bidonsenshakers.nl\\\/de\\\/product\\\/4573\\\/sportflasche-bedrucken-500ml-soft-squeeze-auslaufsicher\\\/#mainImage\"},\"datePublished\":\"2026-01-26T10:00:12+00:00\",\"dateModified\":\"2026-02-17T11:56:22+00:00\"},{\"@type\":\"WebSite\",\"@id\":\"https:\\\/\\\/bidonsenshakers.nl\\\/de\\\/#website\",\"url\":\"https:\\\/\\\/bidonsenshakers.nl\\\/de\\\/\",\"name\":\"Trinkflaschen & Shakers\",\"description\":\"Trinkflaschen & Shakers\",\"inLanguage\":\"de-DE\",\"publisher\":{\"@id\":\"https:\\\/\\\/bidonsenshakers.nl\\\/de\\\/#organization\"}}]}\n\t\t<\/script>\n\t\t<!-- All in One SEO Pro -->\r\n\t\t<title>Sportflasche bedrucken 500ml Soft-Squeeze auslaufsicher<\/title>\n\n","aioseo_head_json":{"title":"Sportflasche bedrucken 500ml Soft-Squeeze auslaufsicher","description":"Entdecke die flexible 500 ml Trinkflasche, ideal f\u00fcr Fitness & Events. Personalisiere sie mit eigenem Logo f\u00fcr einen einzigartigen Touch. Hergestellt in Europa & BPA-frei, bietet sie eine auslaufsichere Hydratationsl\u00f6sung, die \u00fcberall einsetzbar ist.","canonical_url":"https:\/\/bidonsenshakers.nl\/de\/wp-json\/wp\/v2\/product\/4573","robots":"max-image-preview:large","keywords":"","webmasterTools":{"google-site-verification":"BBMiYHShnVBoc8v9xoHf0FXMC27otVB0wiWxw_hFRrM","miscellaneous":""},"schema":{"@context":"https:\/\/schema.org","@graph":[{"@type":"BreadcrumbList","@id":"https:\/\/bidonsenshakers.nl\/de\/product\/4573\/sportflasche-bedrucken-500ml-soft-squeeze-auslaufsicher\/#breadcrumblist","itemListElement":[{"@type":"ListItem","@id":"https:\/\/bidonsenshakers.nl\/de\/#listItem","position":1,"name":"Home","item":"https:\/\/bidonsenshakers.nl\/de\/","nextItem":{"@type":"ListItem","@id":"https:\/\/bidonsenshakers.nl\/shop\/#listItem","name":"Shop"}},{"@type":"ListItem","@id":"https:\/\/bidonsenshakers.nl\/shop\/#listItem","position":2,"name":"Shop","item":"https:\/\/bidonsenshakers.nl\/shop\/","nextItem":{"@type":"ListItem","@id":"https:\/\/bidonsenshakers.nl\/de\/product-supplier\/a53\/#listItem","name":"A53"},"previousItem":{"@type":"ListItem","@id":"https:\/\/bidonsenshakers.nl\/de\/#listItem","name":"Home"}},{"@type":"ListItem","@id":"https:\/\/bidonsenshakers.nl\/de\/product-supplier\/a53\/#listItem","position":3,"name":"A53","item":"https:\/\/bidonsenshakers.nl\/de\/product-supplier\/a53\/","nextItem":{"@type":"ListItem","@id":"https:\/\/bidonsenshakers.nl\/de\/product\/4573\/sportflasche-bedrucken-500ml-soft-squeeze-auslaufsicher\/#listItem","name":"Sportbidon classic 500ml"},"previousItem":{"@type":"ListItem","@id":"https:\/\/bidonsenshakers.nl\/shop\/#listItem","name":"Shop"}},{"@type":"ListItem","@id":"https:\/\/bidonsenshakers.nl\/de\/product\/4573\/sportflasche-bedrucken-500ml-soft-squeeze-auslaufsicher\/#listItem","position":4,"name":"Sportbidon classic 500ml","previousItem":{"@type":"ListItem","@id":"https:\/\/bidonsenshakers.nl\/de\/product-supplier\/a53\/#listItem","name":"A53"}}]},{"@type":"Organization","@id":"https:\/\/bidonsenshakers.nl\/de\/#organization","name":"Trinkflaschen & Shakers","description":"Trinkflaschen & Shakers","url":"https:\/\/bidonsenshakers.nl\/de\/","telephone":"+31793310133","logo":{"@type":"ImageObject","url":"https:\/\/shop.hidalgo.nl\/wp-content\/uploads\/2026\/01\/cropped-Logo.png","@id":"https:\/\/bidonsenshakers.nl\/de\/product\/4573\/sportflasche-bedrucken-500ml-soft-squeeze-auslaufsicher\/#organizationLogo","width":600,"height":243},"image":{"@id":"https:\/\/bidonsenshakers.nl\/de\/product\/4573\/sportflasche-bedrucken-500ml-soft-squeeze-auslaufsicher\/#organizationLogo"},"sameAs":["https:\/\/www.facebook.com\/hidalgobagsandmore\/","https:\/\/x.com\/Hidalgo_BV\/status\/74021585866067968","https:\/\/www.instagram.com\/hidalgobagsandmore\/#","https:\/\/www.youtube.com\/@hidalgobagsandmore","https:\/\/www.linkedin.com\/in\/rutgerblommers\/"]},{"@type":"WebPage","@id":"https:\/\/bidonsenshakers.nl\/de\/product\/4573\/sportflasche-bedrucken-500ml-soft-squeeze-auslaufsicher\/#webpage","url":"https:\/\/bidonsenshakers.nl\/de\/product\/4573\/sportflasche-bedrucken-500ml-soft-squeeze-auslaufsicher\/","name":"Sportflasche bedrucken 500ml Soft-Squeeze auslaufsicher","description":"Entdecke die flexible 500 ml Trinkflasche, ideal f\u00fcr Fitness & Events. Personalisiere sie mit eigenem Logo f\u00fcr einen einzigartigen Touch. Hergestellt in Europa & BPA-frei, bietet sie eine auslaufsichere Hydratationsl\u00f6sung, die \u00fcberall einsetzbar ist.","inLanguage":"de-DE","isPartOf":{"@id":"https:\/\/bidonsenshakers.nl\/de\/#website"},"breadcrumb":{"@id":"https:\/\/bidonsenshakers.nl\/de\/product\/4573\/sportflasche-bedrucken-500ml-soft-squeeze-auslaufsicher\/#breadcrumblist"},"image":{"@type":"ImageObject","url":"https:\/\/shop.hidalgo.nl\/wp-content\/uploads\/2025\/04\/2c35ac62fc2d08433114873699c0777fe5017d81f300654ee99ab96292e19df0.jpg","@id":"https:\/\/bidonsenshakers.nl\/de\/product\/4573\/sportflasche-bedrucken-500ml-soft-squeeze-auslaufsicher\/#mainImage"},"primaryImageOfPage":{"@id":"https:\/\/bidonsenshakers.nl\/de\/product\/4573\/sportflasche-bedrucken-500ml-soft-squeeze-auslaufsicher\/#mainImage"},"datePublished":"2026-01-26T10:00:12+00:00","dateModified":"2026-02-17T11:56:22+00:00"},{"@type":"WebSite","@id":"https:\/\/bidonsenshakers.nl\/de\/#website","url":"https:\/\/bidonsenshakers.nl\/de\/","name":"Trinkflaschen & Shakers","description":"Trinkflaschen & Shakers","inLanguage":"de-DE","publisher":{"@id":"https:\/\/bidonsenshakers.nl\/de\/#organization"}}]},"og:locale":"de_DE","og:site_name":"Trinkflaschen &amp; Shakers - Trinkflaschen &amp; Shakers","og:type":"article","og:title":"Sportflasche bedrucken 500ml Soft-Squeeze auslaufsicher","og:description":"Entdecke die flexible 500 ml Trinkflasche, ideal f\u00fcr Fitness &amp; Events. Personalisiere sie mit eigenem Logo f\u00fcr einen einzigartigen Touch. Hergestellt in Europa &amp; BPA-frei, bietet sie eine auslaufsichere Hydratationsl\u00f6sung, die \u00fcberall einsetzbar ist.","og:url":"https:\/\/bidonsenshakers.nl\/de\/wp-json\/wp\/v2\/product\/4573","og:image":"https:\/\/shop.hidalgo.nl\/wp-content\/uploads\/2026\/01\/cropped-Logo.png","og:image:secure_url":"https:\/\/shop.hidalgo.nl\/wp-content\/uploads\/2026\/01\/cropped-Logo.png","article:published_time":"2026-01-26T10:00:12+00:00","article:modified_time":"2026-02-17T11:56:22+00:00","article:publisher":"https:\/\/www.facebook.com\/hidalgobagsandmore\/","twitter:card":"summary_large_image","twitter:site":"@Hidalgo_BV","twitter:title":"Sportflasche bedrucken 500ml Soft-Squeeze auslaufsicher","twitter:description":"Entdecke die flexible 500 ml Trinkflasche, ideal f\u00fcr Fitness &amp; Events. Personalisiere sie mit eigenem Logo f\u00fcr einen einzigartigen Touch. Hergestellt in Europa &amp; BPA-frei, bietet sie eine auslaufsichere Hydratationsl\u00f6sung, die \u00fcberall einsetzbar ist.","twitter:image":"https:\/\/shop.hidalgo.nl\/wp-content\/uploads\/2026\/01\/cropped-Logo.png"},"aioseo_meta_data":{"post_id":"4573","title":null,"description":null,"keywords":null,"keyphrases":null,"canonical_url":null,"og_title":null,"og_description":null,"og_object_type":"default","og_image_type":"default","og_image_custom_url":null,"og_image_custom_fields":null,"og_custom_image_width":null,"og_custom_image_height":null,"og_video":null,"og_custom_url":null,"og_article_section":null,"og_article_tags":null,"twitter_use_og":false,"twitter_card":"default","twitter_image_type":"default","twitter_image_custom_url":null,"twitter_image_custom_fields":null,"twitter_title":null,"twitter_description":null,"schema_type":null,"schema_type_options":null,"pillar_content":false,"robots_default":true,"robots_noindex":false,"robots_noarchive":false,"robots_nosnippet":false,"robots_nofollow":false,"robots_noimageindex":false,"robots_noodp":false,"robots_notranslate":false,"robots_max_snippet":null,"robots_max_videopreview":null,"robots_max_imagepreview":"none","tabs":null,"priority":null,"frequency":null,"local_seo":null,"created":"2026-01-26 10:00:49","updated":"2026-02-18 10:25:33"},"aioseo_breadcrumb":"<div class=\"aioseo-breadcrumbs\"><span class=\"aioseo-breadcrumb\">\n\t<a href=\"https:\/\/bidonsenshakers.nl\/de\/\" title=\"Home\">Home<\/a>\n<\/span><span class=\"aioseo-breadcrumb-separator\">\u00bb<\/span><span class=\"aioseo-breadcrumb\">\n\t<a href=\"https:\/\/bidonsenshakers.nl\/shop\/\" title=\"Shop\">Shop<\/a>\n<\/span><span class=\"aioseo-breadcrumb-separator\">\u00bb<\/span><span class=\"aioseo-breadcrumb\">\n\t<a href=\"https:\/\/bidonsenshakers.nl\/de\/product-supplier\/a53\/\" title=\"A53\">A53<\/a>\n<\/span><span class=\"aioseo-breadcrumb-separator\">\u00bb<\/span><span class=\"aioseo-breadcrumb\">\n\tSportbidon classic 500ml\n<\/span><\/div>","aioseo_breadcrumb_json":[{"label":"Home","link":"https:\/\/bidonsenshakers.nl\/de\/"},{"label":"Shop","link":"https:\/\/bidonsenshakers.nl\/shop\/"},{"label":"A53","link":"https:\/\/bidonsenshakers.nl\/de\/product-supplier\/a53\/"},{"label":"Sportbidon classic 500ml","link":"https:\/\/bidonsenshakers.nl\/de\/product\/4573\/sportflasche-bedrucken-500ml-soft-squeeze-auslaufsicher\/"}],"_links":{"self":[{"href":"https:\/\/bidonsenshakers.nl\/de\/wp-json\/wp\/v2\/product\/4573","targetHints":{"allow":["GET"]}}],"collection":[{"href":"https:\/\/bidonsenshakers.nl\/de\/wp-json\/wp\/v2\/product"}],"about":[{"href":"https:\/\/bidonsenshakers.nl\/de\/wp-json\/wp\/v2\/types\/product"}],"wp:featuredmedia":[{"embeddable":true,"href":"https:\/\/bidonsenshakers.nl\/de\/wp-json\/wp\/v2\/media\/4574"}],"wp:attachment":[{"href":"https:\/\/bidonsenshakers.nl\/de\/wp-json\/wp\/v2\/media?parent=4573"}],"wp:term":[{"taxonomy":"product_brand","embeddable":true,"href":"https:\/\/bidonsenshakers.nl\/de\/wp-json\/wp\/v2\/product_brand?post=4573"},{"taxonomy":"product_cat","embeddable":true,"href":"https:\/\/bidonsenshakers.nl\/de\/wp-json\/wp\/v2\/product_cat?post=4573"},{"taxonomy":"product_tag","embeddable":true,"href":"https:\/\/bidonsenshakers.nl\/de\/wp-json\/wp\/v2\/product_tag?post=4573"}],"curies":[{"name":"wp","href":"https:\/\/api.w.org\/{rel}","templated":true}]}}