{"id":4775,"date":"2026-01-26T10:03:49","date_gmt":"2026-01-26T10:03:49","guid":{"rendered":"https:\/\/bidonsenshakers.shop.hidalgo.nl\/product\/hi-lou-fles-1-8l\/"},"modified":"2026-02-25T05:40:05","modified_gmt":"2026-02-25T05:40:05","slug":"hi-lou-fles-1-8l","status":"publish","type":"product","link":"https:\/\/bidonsenshakers.nl\/de\/product\/4775\/kettlebell-trinkflasche-18l-bedrucken-lassen-fuer-sport\/","title":{"rendered":"Hi-lou fles 1.8L"},"content":{"rendered":"<p>De Hi-lou-fles combineert hydratatie en fitness in \u00e9\u00e9n innovatief ontwerp. Deze fles, gevormd als een kettlebell, dient ook als handig trainingsapparaat. Pas de intensiteit van je training aan door het vulniveau te vari\u00ebren! Perfect voor lange workouts, zodat je tegelijkertijd verfrist en fit blijft.<\/p>\n","protected":false},"excerpt":{"rendered":"<p>De Hi-lou-fles combineert hydratatie en fitness in \u00e9\u00e9n innovatief ontwerp. Deze fles, gevormd als een kettlebell, dient ook als handig trainingsapparaat. Pas de intensiteit van je training aan door het vulniveau te vari\u00ebren! Perfect voor lange workouts, zodat je tegelijkertijd verfrist en fit blijft.<\/p>\n","protected":false},"featured_media":4776,"template":"","meta":{"_acf_changed":false,"om_disable_all_campaigns":false,"_monsterinsights_skip_tracking":false,"_monsterinsights_sitenote_active":false,"_monsterinsights_sitenote_note":"","_monsterinsights_sitenote_category":0},"product_brand":[504],"product_cat":[286],"product_tag":[],"class_list":{"0":"post-4775","1":"product","2":"type-product","3":"status-publish","4":"has-post-thumbnail","6":"product_supplier-a53","7":"product_brand-hidalgo","8":"product_cat-drinkflessen","9":"entry","11":"first","12":"instock","13":"taxable","14":"shipping-taxable","15":"product-type-variable"},"acf":{"imprint_cost":[{"imprint_cost_key":"cd0e96aa909cb74526f14bfdadbc64a95e644dc0","product_quantity_price_range":[{"imprint_cost_recommended_selling_price":"1.605","imprint_cost_recommended_selling_quantity":"1"},{"imprint_cost_recommended_selling_price":"1.3575","imprint_cost_recommended_selling_quantity":"10"},{"imprint_cost_recommended_selling_price":"0.87","imprint_cost_recommended_selling_quantity":"25"},{"imprint_cost_recommended_selling_price":"0.69","imprint_cost_recommended_selling_quantity":"50"},{"imprint_cost_recommended_selling_price":"0.615","imprint_cost_recommended_selling_quantity":"100"},{"imprint_cost_recommended_selling_price":"0.5325","imprint_cost_recommended_selling_quantity":"250"},{"imprint_cost_recommended_selling_price":"0.4575","imprint_cost_recommended_selling_quantity":"500"},{"imprint_cost_recommended_selling_price":"0.375","imprint_cost_recommended_selling_quantity":"1000"},{"imprint_cost_recommended_selling_price":"0.36","imprint_cost_recommended_selling_quantity":"2500"},{"imprint_cost_recommended_selling_price":"0.345","imprint_cost_recommended_selling_quantity":"5000"},{"imprint_cost_recommended_selling_price":"0.33","imprint_cost_recommended_selling_quantity":"10000"}],"product_quantity_price_range_buying":[{"imprint_cost_general_buying_price":"1.07","imprint_cost_general_buying_quantity":"1"},{"imprint_cost_general_buying_price":"0.905","imprint_cost_general_buying_quantity":"10"},{"imprint_cost_general_buying_price":"0.58","imprint_cost_general_buying_quantity":"25"},{"imprint_cost_general_buying_price":"0.46","imprint_cost_general_buying_quantity":"50"},{"imprint_cost_general_buying_price":"0.41","imprint_cost_general_buying_quantity":"100"},{"imprint_cost_general_buying_price":"0.355","imprint_cost_general_buying_quantity":"250"},{"imprint_cost_general_buying_price":"0.305","imprint_cost_general_buying_quantity":"500"},{"imprint_cost_general_buying_price":"0.25","imprint_cost_general_buying_quantity":"1000"},{"imprint_cost_general_buying_price":"0.24","imprint_cost_general_buying_quantity":"2500"},{"imprint_cost_general_buying_price":"0.23","imprint_cost_general_buying_quantity":"5000"},{"imprint_cost_general_buying_price":"0.22","imprint_cost_general_buying_quantity":"10000"}],"imprint_cost_setup_costs":"54","imprint_cost_handling_costs":"0.12"}]},"aioseo_notices":[],"aioseo_head":"\n\t\t<!-- All in One SEO Pro 4.9.6.1 - aioseo.com -->\n\t<meta name=\"description\" content=\"Diese innovative Trinkflasche im Kettlebell-Design ist ideal f\u00fcr Fitness-Begeisterte zwischen 20 und 40 Jahren. Mit einem Fassungsverm\u00f6gen von 1,8 Litern h\u00e4lt sie dich bestens hydriert, w\u00e4hrend der Griff einfache \u00dcbungen erm\u00f6glicht. Personalisiere sie mit deinem Logo f\u00fcr ein einzigartiges Promotion-Produkt.\" \/>\n\t<meta name=\"robots\" content=\"max-image-preview:large\" \/>\n\t<meta name=\"google-site-verification\" content=\"BBMiYHShnVBoc8v9xoHf0FXMC27otVB0wiWxw_hFRrM\" \/>\n\t<link rel=\"canonical\" href=\"https:\/\/bidonsenshakers.nl\/de\/wp-json\/wp\/v2\/product\/4775\" \/>\n\t<meta name=\"generator\" content=\"All in One SEO Pro (AIOSEO) 4.9.6.1\" \/>\n\t\t<meta property=\"og:locale\" content=\"de_DE\" \/>\n\t\t<meta property=\"og:site_name\" content=\"Trinkflaschen &amp; Shakers - Trinkflaschen &amp; Shakers\" \/>\n\t\t<meta property=\"og:type\" content=\"article\" \/>\n\t\t<meta property=\"og:title\" content=\"Kettlebell Trinkflasche 1,8L bedrucken lassen f\u00fcr Sport\" \/>\n\t\t<meta property=\"og:description\" content=\"Diese innovative Trinkflasche im Kettlebell-Design ist ideal f\u00fcr Fitness-Begeisterte zwischen 20 und 40 Jahren. Mit einem Fassungsverm\u00f6gen von 1,8 Litern h\u00e4lt sie dich bestens hydriert, w\u00e4hrend der Griff einfache \u00dcbungen erm\u00f6glicht. Personalisiere sie mit deinem Logo f\u00fcr ein einzigartiges Promotion-Produkt.\" \/>\n\t\t<meta property=\"og:url\" content=\"https:\/\/bidonsenshakers.nl\/de\/wp-json\/wp\/v2\/product\/4775\" \/>\n\t\t<meta property=\"og:image\" content=\"https:\/\/shop.hidalgo.nl\/wp-content\/uploads\/2026\/01\/cropped-Logo.png\" \/>\n\t\t<meta property=\"og:image:secure_url\" content=\"https:\/\/shop.hidalgo.nl\/wp-content\/uploads\/2026\/01\/cropped-Logo.png\" \/>\n\t\t<meta property=\"article:published_time\" content=\"2026-01-26T10:03:49+00:00\" \/>\n\t\t<meta property=\"article:modified_time\" content=\"2026-02-25T05:40:05+00:00\" \/>\n\t\t<meta property=\"article:publisher\" content=\"https:\/\/www.facebook.com\/hidalgobagsandmore\/\" \/>\n\t\t<meta name=\"twitter:card\" content=\"summary_large_image\" \/>\n\t\t<meta name=\"twitter:site\" content=\"@Hidalgo_BV\" \/>\n\t\t<meta name=\"twitter:title\" content=\"Kettlebell Trinkflasche 1,8L bedrucken lassen f\u00fcr Sport\" \/>\n\t\t<meta name=\"twitter:description\" content=\"Diese innovative Trinkflasche im Kettlebell-Design ist ideal f\u00fcr Fitness-Begeisterte zwischen 20 und 40 Jahren. Mit einem Fassungsverm\u00f6gen von 1,8 Litern h\u00e4lt sie dich bestens hydriert, w\u00e4hrend der Griff einfache \u00dcbungen erm\u00f6glicht. Personalisiere sie mit deinem Logo f\u00fcr ein einzigartiges Promotion-Produkt.\" \/>\n\t\t<meta name=\"twitter:image\" content=\"https:\/\/shop.hidalgo.nl\/wp-content\/uploads\/2026\/01\/cropped-Logo.png\" \/>\n\t\t<script type=\"application\/ld+json\" class=\"aioseo-schema\">\n\t\t\t{\"@context\":\"https:\\\/\\\/schema.org\",\"@graph\":[{\"@type\":\"BreadcrumbList\",\"@id\":\"https:\\\/\\\/bidonsenshakers.nl\\\/de\\\/product\\\/4775\\\/kettlebell-trinkflasche-18l-bedrucken-lassen-fuer-sport\\\/#breadcrumblist\",\"itemListElement\":[{\"@type\":\"ListItem\",\"@id\":\"https:\\\/\\\/bidonsenshakers.nl\\\/de\\\/#listItem\",\"position\":1,\"name\":\"Home\",\"item\":\"https:\\\/\\\/bidonsenshakers.nl\\\/de\\\/\",\"nextItem\":{\"@type\":\"ListItem\",\"@id\":\"https:\\\/\\\/bidonsenshakers.nl\\\/shop\\\/#listItem\",\"name\":\"Shop\"}},{\"@type\":\"ListItem\",\"@id\":\"https:\\\/\\\/bidonsenshakers.nl\\\/shop\\\/#listItem\",\"position\":2,\"name\":\"Shop\",\"item\":\"https:\\\/\\\/bidonsenshakers.nl\\\/shop\\\/\",\"nextItem\":{\"@type\":\"ListItem\",\"@id\":\"https:\\\/\\\/bidonsenshakers.nl\\\/de\\\/product-supplier\\\/a53\\\/#listItem\",\"name\":\"A53\"},\"previousItem\":{\"@type\":\"ListItem\",\"@id\":\"https:\\\/\\\/bidonsenshakers.nl\\\/de\\\/#listItem\",\"name\":\"Home\"}},{\"@type\":\"ListItem\",\"@id\":\"https:\\\/\\\/bidonsenshakers.nl\\\/de\\\/product-supplier\\\/a53\\\/#listItem\",\"position\":3,\"name\":\"A53\",\"item\":\"https:\\\/\\\/bidonsenshakers.nl\\\/de\\\/product-supplier\\\/a53\\\/\",\"nextItem\":{\"@type\":\"ListItem\",\"@id\":\"https:\\\/\\\/bidonsenshakers.nl\\\/de\\\/product\\\/4775\\\/kettlebell-trinkflasche-18l-bedrucken-lassen-fuer-sport\\\/#listItem\",\"name\":\"Hi-lou fles 1.8L\"},\"previousItem\":{\"@type\":\"ListItem\",\"@id\":\"https:\\\/\\\/bidonsenshakers.nl\\\/shop\\\/#listItem\",\"name\":\"Shop\"}},{\"@type\":\"ListItem\",\"@id\":\"https:\\\/\\\/bidonsenshakers.nl\\\/de\\\/product\\\/4775\\\/kettlebell-trinkflasche-18l-bedrucken-lassen-fuer-sport\\\/#listItem\",\"position\":4,\"name\":\"Hi-lou fles 1.8L\",\"previousItem\":{\"@type\":\"ListItem\",\"@id\":\"https:\\\/\\\/bidonsenshakers.nl\\\/de\\\/product-supplier\\\/a53\\\/#listItem\",\"name\":\"A53\"}}]},{\"@type\":\"Organization\",\"@id\":\"https:\\\/\\\/bidonsenshakers.nl\\\/de\\\/#organization\",\"name\":\"Trinkflaschen & Shakers\",\"description\":\"Trinkflaschen & Shakers\",\"url\":\"https:\\\/\\\/bidonsenshakers.nl\\\/de\\\/\",\"telephone\":\"+31793310133\",\"logo\":{\"@type\":\"ImageObject\",\"url\":\"https:\\\/\\\/shop.hidalgo.nl\\\/wp-content\\\/uploads\\\/2026\\\/01\\\/cropped-Logo.png\",\"@id\":\"https:\\\/\\\/bidonsenshakers.nl\\\/de\\\/product\\\/4775\\\/kettlebell-trinkflasche-18l-bedrucken-lassen-fuer-sport\\\/#organizationLogo\",\"width\":600,\"height\":243},\"image\":{\"@id\":\"https:\\\/\\\/bidonsenshakers.nl\\\/de\\\/product\\\/4775\\\/kettlebell-trinkflasche-18l-bedrucken-lassen-fuer-sport\\\/#organizationLogo\"},\"sameAs\":[\"https:\\\/\\\/www.facebook.com\\\/hidalgobagsandmore\\\/\",\"https:\\\/\\\/x.com\\\/Hidalgo_BV\\\/status\\\/74021585866067968\",\"https:\\\/\\\/www.instagram.com\\\/hidalgobagsandmore\\\/#\",\"https:\\\/\\\/www.youtube.com\\\/@hidalgobagsandmore\",\"https:\\\/\\\/www.linkedin.com\\\/in\\\/rutgerblommers\\\/\"]},{\"@type\":\"WebPage\",\"@id\":\"https:\\\/\\\/bidonsenshakers.nl\\\/de\\\/product\\\/4775\\\/kettlebell-trinkflasche-18l-bedrucken-lassen-fuer-sport\\\/#webpage\",\"url\":\"https:\\\/\\\/bidonsenshakers.nl\\\/de\\\/product\\\/4775\\\/kettlebell-trinkflasche-18l-bedrucken-lassen-fuer-sport\\\/\",\"name\":\"Kettlebell Trinkflasche 1,8L bedrucken lassen f\\u00fcr Sport\",\"description\":\"Diese innovative Trinkflasche im Kettlebell-Design ist ideal f\\u00fcr Fitness-Begeisterte zwischen 20 und 40 Jahren. Mit einem Fassungsverm\\u00f6gen von 1,8 Litern h\\u00e4lt sie dich bestens hydriert, w\\u00e4hrend der Griff einfache \\u00dcbungen erm\\u00f6glicht. Personalisiere sie mit deinem Logo f\\u00fcr ein einzigartiges Promotion-Produkt.\",\"inLanguage\":\"de-DE\",\"isPartOf\":{\"@id\":\"https:\\\/\\\/bidonsenshakers.nl\\\/de\\\/#website\"},\"breadcrumb\":{\"@id\":\"https:\\\/\\\/bidonsenshakers.nl\\\/de\\\/product\\\/4775\\\/kettlebell-trinkflasche-18l-bedrucken-lassen-fuer-sport\\\/#breadcrumblist\"},\"image\":{\"@type\":\"ImageObject\",\"url\":\"https:\\\/\\\/shop.hidalgo.nl\\\/wp-content\\\/uploads\\\/2025\\\/04\\\/9ef7f5cd3f723a6eb1e2dcb9e9200cecaeb7e219414ca1219e6d2312ce784114.jpg\",\"@id\":\"https:\\\/\\\/bidonsenshakers.nl\\\/de\\\/product\\\/4775\\\/kettlebell-trinkflasche-18l-bedrucken-lassen-fuer-sport\\\/#mainImage\"},\"primaryImageOfPage\":{\"@id\":\"https:\\\/\\\/bidonsenshakers.nl\\\/de\\\/product\\\/4775\\\/kettlebell-trinkflasche-18l-bedrucken-lassen-fuer-sport\\\/#mainImage\"},\"datePublished\":\"2026-01-26T10:03:49+00:00\",\"dateModified\":\"2026-02-25T05:40:05+00:00\"},{\"@type\":\"WebSite\",\"@id\":\"https:\\\/\\\/bidonsenshakers.nl\\\/de\\\/#website\",\"url\":\"https:\\\/\\\/bidonsenshakers.nl\\\/de\\\/\",\"name\":\"Trinkflaschen & Shakers\",\"description\":\"Trinkflaschen & Shakers\",\"inLanguage\":\"de-DE\",\"publisher\":{\"@id\":\"https:\\\/\\\/bidonsenshakers.nl\\\/de\\\/#organization\"}}]}\n\t\t<\/script>\n\t\t<!-- All in One SEO Pro -->\r\n\t\t<title>Kettlebell Trinkflasche 1,8L bedrucken lassen f\u00fcr Sport<\/title>\n\n","aioseo_head_json":{"title":"Kettlebell Trinkflasche 1,8L bedrucken lassen f\u00fcr Sport","description":"Diese innovative Trinkflasche im Kettlebell-Design ist ideal f\u00fcr Fitness-Begeisterte zwischen 20 und 40 Jahren. Mit einem Fassungsverm\u00f6gen von 1,8 Litern h\u00e4lt sie dich bestens hydriert, w\u00e4hrend der Griff einfache \u00dcbungen erm\u00f6glicht. Personalisiere sie mit deinem Logo f\u00fcr ein einzigartiges Promotion-Produkt.","canonical_url":"https:\/\/bidonsenshakers.nl\/de\/wp-json\/wp\/v2\/product\/4775","robots":"max-image-preview:large","keywords":"","webmasterTools":{"google-site-verification":"BBMiYHShnVBoc8v9xoHf0FXMC27otVB0wiWxw_hFRrM","miscellaneous":""},"schema":{"@context":"https:\/\/schema.org","@graph":[{"@type":"BreadcrumbList","@id":"https:\/\/bidonsenshakers.nl\/de\/product\/4775\/kettlebell-trinkflasche-18l-bedrucken-lassen-fuer-sport\/#breadcrumblist","itemListElement":[{"@type":"ListItem","@id":"https:\/\/bidonsenshakers.nl\/de\/#listItem","position":1,"name":"Home","item":"https:\/\/bidonsenshakers.nl\/de\/","nextItem":{"@type":"ListItem","@id":"https:\/\/bidonsenshakers.nl\/shop\/#listItem","name":"Shop"}},{"@type":"ListItem","@id":"https:\/\/bidonsenshakers.nl\/shop\/#listItem","position":2,"name":"Shop","item":"https:\/\/bidonsenshakers.nl\/shop\/","nextItem":{"@type":"ListItem","@id":"https:\/\/bidonsenshakers.nl\/de\/product-supplier\/a53\/#listItem","name":"A53"},"previousItem":{"@type":"ListItem","@id":"https:\/\/bidonsenshakers.nl\/de\/#listItem","name":"Home"}},{"@type":"ListItem","@id":"https:\/\/bidonsenshakers.nl\/de\/product-supplier\/a53\/#listItem","position":3,"name":"A53","item":"https:\/\/bidonsenshakers.nl\/de\/product-supplier\/a53\/","nextItem":{"@type":"ListItem","@id":"https:\/\/bidonsenshakers.nl\/de\/product\/4775\/kettlebell-trinkflasche-18l-bedrucken-lassen-fuer-sport\/#listItem","name":"Hi-lou fles 1.8L"},"previousItem":{"@type":"ListItem","@id":"https:\/\/bidonsenshakers.nl\/shop\/#listItem","name":"Shop"}},{"@type":"ListItem","@id":"https:\/\/bidonsenshakers.nl\/de\/product\/4775\/kettlebell-trinkflasche-18l-bedrucken-lassen-fuer-sport\/#listItem","position":4,"name":"Hi-lou fles 1.8L","previousItem":{"@type":"ListItem","@id":"https:\/\/bidonsenshakers.nl\/de\/product-supplier\/a53\/#listItem","name":"A53"}}]},{"@type":"Organization","@id":"https:\/\/bidonsenshakers.nl\/de\/#organization","name":"Trinkflaschen & Shakers","description":"Trinkflaschen & Shakers","url":"https:\/\/bidonsenshakers.nl\/de\/","telephone":"+31793310133","logo":{"@type":"ImageObject","url":"https:\/\/shop.hidalgo.nl\/wp-content\/uploads\/2026\/01\/cropped-Logo.png","@id":"https:\/\/bidonsenshakers.nl\/de\/product\/4775\/kettlebell-trinkflasche-18l-bedrucken-lassen-fuer-sport\/#organizationLogo","width":600,"height":243},"image":{"@id":"https:\/\/bidonsenshakers.nl\/de\/product\/4775\/kettlebell-trinkflasche-18l-bedrucken-lassen-fuer-sport\/#organizationLogo"},"sameAs":["https:\/\/www.facebook.com\/hidalgobagsandmore\/","https:\/\/x.com\/Hidalgo_BV\/status\/74021585866067968","https:\/\/www.instagram.com\/hidalgobagsandmore\/#","https:\/\/www.youtube.com\/@hidalgobagsandmore","https:\/\/www.linkedin.com\/in\/rutgerblommers\/"]},{"@type":"WebPage","@id":"https:\/\/bidonsenshakers.nl\/de\/product\/4775\/kettlebell-trinkflasche-18l-bedrucken-lassen-fuer-sport\/#webpage","url":"https:\/\/bidonsenshakers.nl\/de\/product\/4775\/kettlebell-trinkflasche-18l-bedrucken-lassen-fuer-sport\/","name":"Kettlebell Trinkflasche 1,8L bedrucken lassen f\u00fcr Sport","description":"Diese innovative Trinkflasche im Kettlebell-Design ist ideal f\u00fcr Fitness-Begeisterte zwischen 20 und 40 Jahren. Mit einem Fassungsverm\u00f6gen von 1,8 Litern h\u00e4lt sie dich bestens hydriert, w\u00e4hrend der Griff einfache \u00dcbungen erm\u00f6glicht. Personalisiere sie mit deinem Logo f\u00fcr ein einzigartiges Promotion-Produkt.","inLanguage":"de-DE","isPartOf":{"@id":"https:\/\/bidonsenshakers.nl\/de\/#website"},"breadcrumb":{"@id":"https:\/\/bidonsenshakers.nl\/de\/product\/4775\/kettlebell-trinkflasche-18l-bedrucken-lassen-fuer-sport\/#breadcrumblist"},"image":{"@type":"ImageObject","url":"https:\/\/shop.hidalgo.nl\/wp-content\/uploads\/2025\/04\/9ef7f5cd3f723a6eb1e2dcb9e9200cecaeb7e219414ca1219e6d2312ce784114.jpg","@id":"https:\/\/bidonsenshakers.nl\/de\/product\/4775\/kettlebell-trinkflasche-18l-bedrucken-lassen-fuer-sport\/#mainImage"},"primaryImageOfPage":{"@id":"https:\/\/bidonsenshakers.nl\/de\/product\/4775\/kettlebell-trinkflasche-18l-bedrucken-lassen-fuer-sport\/#mainImage"},"datePublished":"2026-01-26T10:03:49+00:00","dateModified":"2026-02-25T05:40:05+00:00"},{"@type":"WebSite","@id":"https:\/\/bidonsenshakers.nl\/de\/#website","url":"https:\/\/bidonsenshakers.nl\/de\/","name":"Trinkflaschen & Shakers","description":"Trinkflaschen & Shakers","inLanguage":"de-DE","publisher":{"@id":"https:\/\/bidonsenshakers.nl\/de\/#organization"}}]},"og:locale":"de_DE","og:site_name":"Trinkflaschen &amp; Shakers - Trinkflaschen &amp; Shakers","og:type":"article","og:title":"Kettlebell Trinkflasche 1,8L bedrucken lassen f\u00fcr Sport","og:description":"Diese innovative Trinkflasche im Kettlebell-Design ist ideal f\u00fcr Fitness-Begeisterte zwischen 20 und 40 Jahren. Mit einem Fassungsverm\u00f6gen von 1,8 Litern h\u00e4lt sie dich bestens hydriert, w\u00e4hrend der Griff einfache \u00dcbungen erm\u00f6glicht. Personalisiere sie mit deinem Logo f\u00fcr ein einzigartiges Promotion-Produkt.","og:url":"https:\/\/bidonsenshakers.nl\/de\/wp-json\/wp\/v2\/product\/4775","og:image":"https:\/\/shop.hidalgo.nl\/wp-content\/uploads\/2026\/01\/cropped-Logo.png","og:image:secure_url":"https:\/\/shop.hidalgo.nl\/wp-content\/uploads\/2026\/01\/cropped-Logo.png","article:published_time":"2026-01-26T10:03:49+00:00","article:modified_time":"2026-02-25T05:40:05+00:00","article:publisher":"https:\/\/www.facebook.com\/hidalgobagsandmore\/","twitter:card":"summary_large_image","twitter:site":"@Hidalgo_BV","twitter:title":"Kettlebell Trinkflasche 1,8L bedrucken lassen f\u00fcr Sport","twitter:description":"Diese innovative Trinkflasche im Kettlebell-Design ist ideal f\u00fcr Fitness-Begeisterte zwischen 20 und 40 Jahren. Mit einem Fassungsverm\u00f6gen von 1,8 Litern h\u00e4lt sie dich bestens hydriert, w\u00e4hrend der Griff einfache \u00dcbungen erm\u00f6glicht. Personalisiere sie mit deinem Logo f\u00fcr ein einzigartiges Promotion-Produkt.","twitter:image":"https:\/\/shop.hidalgo.nl\/wp-content\/uploads\/2026\/01\/cropped-Logo.png"},"aioseo_meta_data":{"post_id":"4775","title":null,"description":null,"keywords":null,"keyphrases":null,"canonical_url":null,"og_title":null,"og_description":null,"og_object_type":"default","og_image_type":"default","og_image_custom_url":null,"og_image_custom_fields":null,"og_custom_image_width":null,"og_custom_image_height":null,"og_video":null,"og_custom_url":null,"og_article_section":null,"og_article_tags":null,"twitter_use_og":false,"twitter_card":"default","twitter_image_type":"default","twitter_image_custom_url":null,"twitter_image_custom_fields":null,"twitter_title":null,"twitter_description":null,"schema_type":null,"schema_type_options":null,"pillar_content":false,"robots_default":true,"robots_noindex":false,"robots_noarchive":false,"robots_nosnippet":false,"robots_nofollow":false,"robots_noimageindex":false,"robots_noodp":false,"robots_notranslate":false,"robots_max_snippet":null,"robots_max_videopreview":null,"robots_max_imagepreview":"none","tabs":null,"priority":null,"frequency":null,"local_seo":null,"created":"2026-01-26 10:12:55","updated":"2026-02-25 06:50:40"},"aioseo_breadcrumb":"<div class=\"aioseo-breadcrumbs\"><span class=\"aioseo-breadcrumb\">\n\t<a href=\"https:\/\/bidonsenshakers.nl\/de\/\" title=\"Home\">Home<\/a>\n<\/span><span class=\"aioseo-breadcrumb-separator\">\u00bb<\/span><span class=\"aioseo-breadcrumb\">\n\t<a href=\"https:\/\/bidonsenshakers.nl\/shop\/\" title=\"Shop\">Shop<\/a>\n<\/span><span class=\"aioseo-breadcrumb-separator\">\u00bb<\/span><span class=\"aioseo-breadcrumb\">\n\t<a href=\"https:\/\/bidonsenshakers.nl\/de\/product-supplier\/a53\/\" title=\"A53\">A53<\/a>\n<\/span><span class=\"aioseo-breadcrumb-separator\">\u00bb<\/span><span class=\"aioseo-breadcrumb\">\n\tHi-lou fles 1.8L\n<\/span><\/div>","aioseo_breadcrumb_json":[{"label":"Home","link":"https:\/\/bidonsenshakers.nl\/de\/"},{"label":"Shop","link":"https:\/\/bidonsenshakers.nl\/shop\/"},{"label":"A53","link":"https:\/\/bidonsenshakers.nl\/de\/product-supplier\/a53\/"},{"label":"Hi-lou fles 1.8L","link":"https:\/\/bidonsenshakers.nl\/de\/product\/4775\/kettlebell-trinkflasche-18l-bedrucken-lassen-fuer-sport\/"}],"_links":{"self":[{"href":"https:\/\/bidonsenshakers.nl\/de\/wp-json\/wp\/v2\/product\/4775","targetHints":{"allow":["GET"]}}],"collection":[{"href":"https:\/\/bidonsenshakers.nl\/de\/wp-json\/wp\/v2\/product"}],"about":[{"href":"https:\/\/bidonsenshakers.nl\/de\/wp-json\/wp\/v2\/types\/product"}],"wp:featuredmedia":[{"embeddable":true,"href":"https:\/\/bidonsenshakers.nl\/de\/wp-json\/wp\/v2\/media\/4776"}],"wp:attachment":[{"href":"https:\/\/bidonsenshakers.nl\/de\/wp-json\/wp\/v2\/media?parent=4775"}],"wp:term":[{"taxonomy":"product_brand","embeddable":true,"href":"https:\/\/bidonsenshakers.nl\/de\/wp-json\/wp\/v2\/product_brand?post=4775"},{"taxonomy":"product_cat","embeddable":true,"href":"https:\/\/bidonsenshakers.nl\/de\/wp-json\/wp\/v2\/product_cat?post=4775"},{"taxonomy":"product_tag","embeddable":true,"href":"https:\/\/bidonsenshakers.nl\/de\/wp-json\/wp\/v2\/product_tag?post=4775"}],"curies":[{"name":"wp","href":"https:\/\/api.w.org\/{rel}","templated":true}]}}