{"id":4807,"date":"2026-01-26T10:03:56","date_gmt":"2026-01-26T10:03:56","guid":{"rendered":"https:\/\/bidonsenshakers.shop.hidalgo.nl\/product\/gerecycled-rvs-enkelwandige-fles-met-karabijnhaak-500ml\/"},"modified":"2026-02-20T05:14:10","modified_gmt":"2026-02-20T05:14:10","slug":"gerecycled-rvs-enkelwandige-fles-met-karabijnhaak-500ml","status":"publish","type":"product","link":"https:\/\/bidonsenshakers.nl\/de\/product\/4807\/edelstahl-trinkflasche-bedrucken-recycelt-500ml-karabinerhaken\/","title":{"rendered":"Gerecycled RVS Enkelwandige fles met Karabijnhaak 500ml"},"content":{"rendered":"<p>Een duurzame enkelwandige fles van 500 ml, gemaakt van gerecycled roestvrij staal, met een karabijnhaak voor eenvoudige bevestiging aan tassen of andere spullen. De fles is lichtgewicht, herbruikbaar en ideaal om onderweg gehydrateerd te blijven. Verkrijgbaar in verschillende glanzende en metallic kleuren. Per stuk verpakt in een giftbox.<\/p>\n","protected":false},"excerpt":{"rendered":"<p>Een duurzame enkelwandige fles van 500 ml, gemaakt van gerecycled roestvrij staal, met een karabijnhaak voor eenvoudige bevestiging aan tassen of andere spullen. De fles is lichtgewicht, herbruikbaar en ideaal om onderweg gehydrateerd te blijven. Verkrijgbaar in verschillende glanzende en metallic kleuren. Per stuk verpakt in een giftbox.<\/p>\n","protected":false},"featured_media":4808,"template":"","meta":{"_acf_changed":false,"om_disable_all_campaigns":false,"_monsterinsights_skip_tracking":false,"_monsterinsights_sitenote_active":false,"_monsterinsights_sitenote_note":"","_monsterinsights_sitenote_category":0},"product_brand":[504],"product_cat":[360,286],"product_tag":[],"class_list":{"0":"post-4807","1":"product","2":"type-product","3":"status-publish","4":"has-post-thumbnail","6":"product_supplier-a53","7":"product_brand-hidalgo","8":"product_cat-bio","9":"product_cat-drinkflessen","10":"entry","12":"first","13":"instock","14":"taxable","15":"shipping-taxable","16":"purchasable","17":"product-type-variable"},"acf":{"imprint_cost":[{"imprint_cost_key":"c7e12a31459b43cd8d4d9f3d40902e3127db65ea","product_quantity_price_range":[{"imprint_cost_recommended_selling_price":"2.4825","imprint_cost_recommended_selling_quantity":"1"},{"imprint_cost_recommended_selling_price":"2.3175","imprint_cost_recommended_selling_quantity":"10"},{"imprint_cost_recommended_selling_price":"2.1525","imprint_cost_recommended_selling_quantity":"25"},{"imprint_cost_recommended_selling_price":"1.9875","imprint_cost_recommended_selling_quantity":"50"},{"imprint_cost_recommended_selling_price":"1.8225","imprint_cost_recommended_selling_quantity":"100"},{"imprint_cost_recommended_selling_price":"1.6575","imprint_cost_recommended_selling_quantity":"250"},{"imprint_cost_recommended_selling_price":"1.485","imprint_cost_recommended_selling_quantity":"500"},{"imprint_cost_recommended_selling_price":"1.41","imprint_cost_recommended_selling_quantity":"1000"},{"imprint_cost_recommended_selling_price":"1.32","imprint_cost_recommended_selling_quantity":"2500"},{"imprint_cost_recommended_selling_price":"1.245","imprint_cost_recommended_selling_quantity":"5000"},{"imprint_cost_recommended_selling_price":"1.2075","imprint_cost_recommended_selling_quantity":"10000"}],"product_quantity_price_range_buying":[{"imprint_cost_general_buying_price":"1.655","imprint_cost_general_buying_quantity":"1"},{"imprint_cost_general_buying_price":"1.545","imprint_cost_general_buying_quantity":"10"},{"imprint_cost_general_buying_price":"1.435","imprint_cost_general_buying_quantity":"25"},{"imprint_cost_general_buying_price":"1.325","imprint_cost_general_buying_quantity":"50"},{"imprint_cost_general_buying_price":"1.215","imprint_cost_general_buying_quantity":"100"},{"imprint_cost_general_buying_price":"1.105","imprint_cost_general_buying_quantity":"250"},{"imprint_cost_general_buying_price":"0.99","imprint_cost_general_buying_quantity":"500"},{"imprint_cost_general_buying_price":"0.94","imprint_cost_general_buying_quantity":"1000"},{"imprint_cost_general_buying_price":"0.88","imprint_cost_general_buying_quantity":"2500"},{"imprint_cost_general_buying_price":"0.83","imprint_cost_general_buying_quantity":"5000"},{"imprint_cost_general_buying_price":"0.805","imprint_cost_general_buying_quantity":"10000"}],"imprint_cost_setup_costs":"54","imprint_cost_handling_costs":"0.12"}]},"aioseo_notices":[],"aioseo_head":"\n\t\t<!-- All in One SEO Pro 4.9.6.1 - aioseo.com -->\n\t<meta name=\"description\" content=\"Entdecke die stilvolle Trinkflasche aus recyceltem Edelstahl, ideal f\u00fcr dein aktives Leben. Dank Karabiner leicht an Rucks\u00e4cken zu befestigen, begleitet sie dich \u00fcberall hin. Perfekt f\u00fcr Events &amp; Meetings, mit der M\u00f6glichkeit zur individuellen Logo-Bedruckung.\" \/>\n\t<meta name=\"robots\" content=\"max-image-preview:large\" \/>\n\t<meta name=\"google-site-verification\" content=\"BBMiYHShnVBoc8v9xoHf0FXMC27otVB0wiWxw_hFRrM\" \/>\n\t<link rel=\"canonical\" href=\"https:\/\/bidonsenshakers.nl\/de\/wp-json\/wp\/v2\/product\/4807\" \/>\n\t<meta name=\"generator\" content=\"All in One SEO Pro (AIOSEO) 4.9.6.1\" \/>\n\t\t<meta property=\"og:locale\" content=\"de_DE\" \/>\n\t\t<meta property=\"og:site_name\" content=\"Trinkflaschen &amp; Shakers - Trinkflaschen &amp; Shakers\" \/>\n\t\t<meta property=\"og:type\" content=\"article\" \/>\n\t\t<meta property=\"og:title\" content=\"Edelstahl Trinkflasche bedrucken recycelt 500ml Karabinerhaken\" \/>\n\t\t<meta property=\"og:description\" content=\"Entdecke die stilvolle Trinkflasche aus recyceltem Edelstahl, ideal f\u00fcr dein aktives Leben. Dank Karabiner leicht an Rucks\u00e4cken zu befestigen, begleitet sie dich \u00fcberall hin. Perfekt f\u00fcr Events &amp; Meetings, mit der M\u00f6glichkeit zur individuellen Logo-Bedruckung.\" \/>\n\t\t<meta property=\"og:url\" content=\"https:\/\/bidonsenshakers.nl\/de\/wp-json\/wp\/v2\/product\/4807\" \/>\n\t\t<meta property=\"og:image\" content=\"https:\/\/shop.hidalgo.nl\/wp-content\/uploads\/2026\/01\/cropped-Logo.png\" \/>\n\t\t<meta property=\"og:image:secure_url\" content=\"https:\/\/shop.hidalgo.nl\/wp-content\/uploads\/2026\/01\/cropped-Logo.png\" \/>\n\t\t<meta property=\"article:published_time\" content=\"2026-01-26T10:03:56+00:00\" \/>\n\t\t<meta property=\"article:modified_time\" content=\"2026-02-20T05:14:10+00:00\" \/>\n\t\t<meta property=\"article:publisher\" content=\"https:\/\/www.facebook.com\/hidalgobagsandmore\/\" \/>\n\t\t<meta name=\"twitter:card\" content=\"summary_large_image\" \/>\n\t\t<meta name=\"twitter:site\" content=\"@Hidalgo_BV\" \/>\n\t\t<meta name=\"twitter:title\" content=\"Edelstahl Trinkflasche bedrucken recycelt 500ml Karabinerhaken\" \/>\n\t\t<meta name=\"twitter:description\" content=\"Entdecke die stilvolle Trinkflasche aus recyceltem Edelstahl, ideal f\u00fcr dein aktives Leben. Dank Karabiner leicht an Rucks\u00e4cken zu befestigen, begleitet sie dich \u00fcberall hin. Perfekt f\u00fcr Events &amp; Meetings, mit der M\u00f6glichkeit zur individuellen Logo-Bedruckung.\" \/>\n\t\t<meta name=\"twitter:image\" content=\"https:\/\/shop.hidalgo.nl\/wp-content\/uploads\/2026\/01\/cropped-Logo.png\" \/>\n\t\t<script type=\"application\/ld+json\" class=\"aioseo-schema\">\n\t\t\t{\"@context\":\"https:\\\/\\\/schema.org\",\"@graph\":[{\"@type\":\"BreadcrumbList\",\"@id\":\"https:\\\/\\\/bidonsenshakers.nl\\\/de\\\/product\\\/4807\\\/edelstahl-trinkflasche-bedrucken-recycelt-500ml-karabinerhaken\\\/#breadcrumblist\",\"itemListElement\":[{\"@type\":\"ListItem\",\"@id\":\"https:\\\/\\\/bidonsenshakers.nl\\\/de\\\/#listItem\",\"position\":1,\"name\":\"Home\",\"item\":\"https:\\\/\\\/bidonsenshakers.nl\\\/de\\\/\",\"nextItem\":{\"@type\":\"ListItem\",\"@id\":\"https:\\\/\\\/bidonsenshakers.nl\\\/shop\\\/#listItem\",\"name\":\"Shop\"}},{\"@type\":\"ListItem\",\"@id\":\"https:\\\/\\\/bidonsenshakers.nl\\\/shop\\\/#listItem\",\"position\":2,\"name\":\"Shop\",\"item\":\"https:\\\/\\\/bidonsenshakers.nl\\\/shop\\\/\",\"nextItem\":{\"@type\":\"ListItem\",\"@id\":\"https:\\\/\\\/bidonsenshakers.nl\\\/de\\\/product-supplier\\\/a53\\\/#listItem\",\"name\":\"A53\"},\"previousItem\":{\"@type\":\"ListItem\",\"@id\":\"https:\\\/\\\/bidonsenshakers.nl\\\/de\\\/#listItem\",\"name\":\"Home\"}},{\"@type\":\"ListItem\",\"@id\":\"https:\\\/\\\/bidonsenshakers.nl\\\/de\\\/product-supplier\\\/a53\\\/#listItem\",\"position\":3,\"name\":\"A53\",\"item\":\"https:\\\/\\\/bidonsenshakers.nl\\\/de\\\/product-supplier\\\/a53\\\/\",\"nextItem\":{\"@type\":\"ListItem\",\"@id\":\"https:\\\/\\\/bidonsenshakers.nl\\\/de\\\/product\\\/4807\\\/edelstahl-trinkflasche-bedrucken-recycelt-500ml-karabinerhaken\\\/#listItem\",\"name\":\"Gerecycled RVS Enkelwandige fles met Karabijnhaak 500ml\"},\"previousItem\":{\"@type\":\"ListItem\",\"@id\":\"https:\\\/\\\/bidonsenshakers.nl\\\/shop\\\/#listItem\",\"name\":\"Shop\"}},{\"@type\":\"ListItem\",\"@id\":\"https:\\\/\\\/bidonsenshakers.nl\\\/de\\\/product\\\/4807\\\/edelstahl-trinkflasche-bedrucken-recycelt-500ml-karabinerhaken\\\/#listItem\",\"position\":4,\"name\":\"Gerecycled RVS Enkelwandige fles met Karabijnhaak 500ml\",\"previousItem\":{\"@type\":\"ListItem\",\"@id\":\"https:\\\/\\\/bidonsenshakers.nl\\\/de\\\/product-supplier\\\/a53\\\/#listItem\",\"name\":\"A53\"}}]},{\"@type\":\"Organization\",\"@id\":\"https:\\\/\\\/bidonsenshakers.nl\\\/de\\\/#organization\",\"name\":\"Trinkflaschen & Shakers\",\"description\":\"Trinkflaschen & Shakers\",\"url\":\"https:\\\/\\\/bidonsenshakers.nl\\\/de\\\/\",\"telephone\":\"+31793310133\",\"logo\":{\"@type\":\"ImageObject\",\"url\":\"https:\\\/\\\/shop.hidalgo.nl\\\/wp-content\\\/uploads\\\/2026\\\/01\\\/cropped-Logo.png\",\"@id\":\"https:\\\/\\\/bidonsenshakers.nl\\\/de\\\/product\\\/4807\\\/edelstahl-trinkflasche-bedrucken-recycelt-500ml-karabinerhaken\\\/#organizationLogo\",\"width\":600,\"height\":243},\"image\":{\"@id\":\"https:\\\/\\\/bidonsenshakers.nl\\\/de\\\/product\\\/4807\\\/edelstahl-trinkflasche-bedrucken-recycelt-500ml-karabinerhaken\\\/#organizationLogo\"},\"sameAs\":[\"https:\\\/\\\/www.facebook.com\\\/hidalgobagsandmore\\\/\",\"https:\\\/\\\/x.com\\\/Hidalgo_BV\\\/status\\\/74021585866067968\",\"https:\\\/\\\/www.instagram.com\\\/hidalgobagsandmore\\\/#\",\"https:\\\/\\\/www.youtube.com\\\/@hidalgobagsandmore\",\"https:\\\/\\\/www.linkedin.com\\\/in\\\/rutgerblommers\\\/\"]},{\"@type\":\"WebPage\",\"@id\":\"https:\\\/\\\/bidonsenshakers.nl\\\/de\\\/product\\\/4807\\\/edelstahl-trinkflasche-bedrucken-recycelt-500ml-karabinerhaken\\\/#webpage\",\"url\":\"https:\\\/\\\/bidonsenshakers.nl\\\/de\\\/product\\\/4807\\\/edelstahl-trinkflasche-bedrucken-recycelt-500ml-karabinerhaken\\\/\",\"name\":\"Edelstahl Trinkflasche bedrucken recycelt 500ml Karabinerhaken\",\"description\":\"Entdecke die stilvolle Trinkflasche aus recyceltem Edelstahl, ideal f\\u00fcr dein aktives Leben. Dank Karabiner leicht an Rucks\\u00e4cken zu befestigen, begleitet sie dich \\u00fcberall hin. Perfekt f\\u00fcr Events & Meetings, mit der M\\u00f6glichkeit zur individuellen Logo-Bedruckung.\",\"inLanguage\":\"de-DE\",\"isPartOf\":{\"@id\":\"https:\\\/\\\/bidonsenshakers.nl\\\/de\\\/#website\"},\"breadcrumb\":{\"@id\":\"https:\\\/\\\/bidonsenshakers.nl\\\/de\\\/product\\\/4807\\\/edelstahl-trinkflasche-bedrucken-recycelt-500ml-karabinerhaken\\\/#breadcrumblist\"},\"image\":{\"@type\":\"ImageObject\",\"url\":\"https:\\\/\\\/shop.hidalgo.nl\\\/wp-content\\\/uploads\\\/2025\\\/04\\\/07b521d6c6edde9941fe6c14a28c67d79414407dcd8583b345f3f014512f3147.jpg\",\"@id\":\"https:\\\/\\\/bidonsenshakers.nl\\\/de\\\/product\\\/4807\\\/edelstahl-trinkflasche-bedrucken-recycelt-500ml-karabinerhaken\\\/#mainImage\"},\"primaryImageOfPage\":{\"@id\":\"https:\\\/\\\/bidonsenshakers.nl\\\/de\\\/product\\\/4807\\\/edelstahl-trinkflasche-bedrucken-recycelt-500ml-karabinerhaken\\\/#mainImage\"},\"datePublished\":\"2026-01-26T10:03:56+00:00\",\"dateModified\":\"2026-02-20T05:14:10+00:00\"},{\"@type\":\"WebSite\",\"@id\":\"https:\\\/\\\/bidonsenshakers.nl\\\/de\\\/#website\",\"url\":\"https:\\\/\\\/bidonsenshakers.nl\\\/de\\\/\",\"name\":\"Trinkflaschen & Shakers\",\"description\":\"Trinkflaschen & Shakers\",\"inLanguage\":\"de-DE\",\"publisher\":{\"@id\":\"https:\\\/\\\/bidonsenshakers.nl\\\/de\\\/#organization\"}}]}\n\t\t<\/script>\n\t\t<!-- All in One SEO Pro -->\r\n\t\t<title>Edelstahl Trinkflasche bedrucken recycelt 500ml Karabinerhaken<\/title>\n\n","aioseo_head_json":{"title":"Edelstahl Trinkflasche bedrucken recycelt 500ml Karabinerhaken","description":"Entdecke die stilvolle Trinkflasche aus recyceltem Edelstahl, ideal f\u00fcr dein aktives Leben. Dank Karabiner leicht an Rucks\u00e4cken zu befestigen, begleitet sie dich \u00fcberall hin. Perfekt f\u00fcr Events & Meetings, mit der M\u00f6glichkeit zur individuellen Logo-Bedruckung.","canonical_url":"https:\/\/bidonsenshakers.nl\/de\/wp-json\/wp\/v2\/product\/4807","robots":"max-image-preview:large","keywords":"","webmasterTools":{"google-site-verification":"BBMiYHShnVBoc8v9xoHf0FXMC27otVB0wiWxw_hFRrM","miscellaneous":""},"schema":{"@context":"https:\/\/schema.org","@graph":[{"@type":"BreadcrumbList","@id":"https:\/\/bidonsenshakers.nl\/de\/product\/4807\/edelstahl-trinkflasche-bedrucken-recycelt-500ml-karabinerhaken\/#breadcrumblist","itemListElement":[{"@type":"ListItem","@id":"https:\/\/bidonsenshakers.nl\/de\/#listItem","position":1,"name":"Home","item":"https:\/\/bidonsenshakers.nl\/de\/","nextItem":{"@type":"ListItem","@id":"https:\/\/bidonsenshakers.nl\/shop\/#listItem","name":"Shop"}},{"@type":"ListItem","@id":"https:\/\/bidonsenshakers.nl\/shop\/#listItem","position":2,"name":"Shop","item":"https:\/\/bidonsenshakers.nl\/shop\/","nextItem":{"@type":"ListItem","@id":"https:\/\/bidonsenshakers.nl\/de\/product-supplier\/a53\/#listItem","name":"A53"},"previousItem":{"@type":"ListItem","@id":"https:\/\/bidonsenshakers.nl\/de\/#listItem","name":"Home"}},{"@type":"ListItem","@id":"https:\/\/bidonsenshakers.nl\/de\/product-supplier\/a53\/#listItem","position":3,"name":"A53","item":"https:\/\/bidonsenshakers.nl\/de\/product-supplier\/a53\/","nextItem":{"@type":"ListItem","@id":"https:\/\/bidonsenshakers.nl\/de\/product\/4807\/edelstahl-trinkflasche-bedrucken-recycelt-500ml-karabinerhaken\/#listItem","name":"Gerecycled RVS Enkelwandige fles met Karabijnhaak 500ml"},"previousItem":{"@type":"ListItem","@id":"https:\/\/bidonsenshakers.nl\/shop\/#listItem","name":"Shop"}},{"@type":"ListItem","@id":"https:\/\/bidonsenshakers.nl\/de\/product\/4807\/edelstahl-trinkflasche-bedrucken-recycelt-500ml-karabinerhaken\/#listItem","position":4,"name":"Gerecycled RVS Enkelwandige fles met Karabijnhaak 500ml","previousItem":{"@type":"ListItem","@id":"https:\/\/bidonsenshakers.nl\/de\/product-supplier\/a53\/#listItem","name":"A53"}}]},{"@type":"Organization","@id":"https:\/\/bidonsenshakers.nl\/de\/#organization","name":"Trinkflaschen & Shakers","description":"Trinkflaschen & Shakers","url":"https:\/\/bidonsenshakers.nl\/de\/","telephone":"+31793310133","logo":{"@type":"ImageObject","url":"https:\/\/shop.hidalgo.nl\/wp-content\/uploads\/2026\/01\/cropped-Logo.png","@id":"https:\/\/bidonsenshakers.nl\/de\/product\/4807\/edelstahl-trinkflasche-bedrucken-recycelt-500ml-karabinerhaken\/#organizationLogo","width":600,"height":243},"image":{"@id":"https:\/\/bidonsenshakers.nl\/de\/product\/4807\/edelstahl-trinkflasche-bedrucken-recycelt-500ml-karabinerhaken\/#organizationLogo"},"sameAs":["https:\/\/www.facebook.com\/hidalgobagsandmore\/","https:\/\/x.com\/Hidalgo_BV\/status\/74021585866067968","https:\/\/www.instagram.com\/hidalgobagsandmore\/#","https:\/\/www.youtube.com\/@hidalgobagsandmore","https:\/\/www.linkedin.com\/in\/rutgerblommers\/"]},{"@type":"WebPage","@id":"https:\/\/bidonsenshakers.nl\/de\/product\/4807\/edelstahl-trinkflasche-bedrucken-recycelt-500ml-karabinerhaken\/#webpage","url":"https:\/\/bidonsenshakers.nl\/de\/product\/4807\/edelstahl-trinkflasche-bedrucken-recycelt-500ml-karabinerhaken\/","name":"Edelstahl Trinkflasche bedrucken recycelt 500ml Karabinerhaken","description":"Entdecke die stilvolle Trinkflasche aus recyceltem Edelstahl, ideal f\u00fcr dein aktives Leben. Dank Karabiner leicht an Rucks\u00e4cken zu befestigen, begleitet sie dich \u00fcberall hin. Perfekt f\u00fcr Events & Meetings, mit der M\u00f6glichkeit zur individuellen Logo-Bedruckung.","inLanguage":"de-DE","isPartOf":{"@id":"https:\/\/bidonsenshakers.nl\/de\/#website"},"breadcrumb":{"@id":"https:\/\/bidonsenshakers.nl\/de\/product\/4807\/edelstahl-trinkflasche-bedrucken-recycelt-500ml-karabinerhaken\/#breadcrumblist"},"image":{"@type":"ImageObject","url":"https:\/\/shop.hidalgo.nl\/wp-content\/uploads\/2025\/04\/07b521d6c6edde9941fe6c14a28c67d79414407dcd8583b345f3f014512f3147.jpg","@id":"https:\/\/bidonsenshakers.nl\/de\/product\/4807\/edelstahl-trinkflasche-bedrucken-recycelt-500ml-karabinerhaken\/#mainImage"},"primaryImageOfPage":{"@id":"https:\/\/bidonsenshakers.nl\/de\/product\/4807\/edelstahl-trinkflasche-bedrucken-recycelt-500ml-karabinerhaken\/#mainImage"},"datePublished":"2026-01-26T10:03:56+00:00","dateModified":"2026-02-20T05:14:10+00:00"},{"@type":"WebSite","@id":"https:\/\/bidonsenshakers.nl\/de\/#website","url":"https:\/\/bidonsenshakers.nl\/de\/","name":"Trinkflaschen & Shakers","description":"Trinkflaschen & Shakers","inLanguage":"de-DE","publisher":{"@id":"https:\/\/bidonsenshakers.nl\/de\/#organization"}}]},"og:locale":"de_DE","og:site_name":"Trinkflaschen &amp; Shakers - Trinkflaschen &amp; Shakers","og:type":"article","og:title":"Edelstahl Trinkflasche bedrucken recycelt 500ml Karabinerhaken","og:description":"Entdecke die stilvolle Trinkflasche aus recyceltem Edelstahl, ideal f\u00fcr dein aktives Leben. Dank Karabiner leicht an Rucks\u00e4cken zu befestigen, begleitet sie dich \u00fcberall hin. Perfekt f\u00fcr Events &amp; Meetings, mit der M\u00f6glichkeit zur individuellen Logo-Bedruckung.","og:url":"https:\/\/bidonsenshakers.nl\/de\/wp-json\/wp\/v2\/product\/4807","og:image":"https:\/\/shop.hidalgo.nl\/wp-content\/uploads\/2026\/01\/cropped-Logo.png","og:image:secure_url":"https:\/\/shop.hidalgo.nl\/wp-content\/uploads\/2026\/01\/cropped-Logo.png","article:published_time":"2026-01-26T10:03:56+00:00","article:modified_time":"2026-02-20T05:14:10+00:00","article:publisher":"https:\/\/www.facebook.com\/hidalgobagsandmore\/","twitter:card":"summary_large_image","twitter:site":"@Hidalgo_BV","twitter:title":"Edelstahl Trinkflasche bedrucken recycelt 500ml Karabinerhaken","twitter:description":"Entdecke die stilvolle Trinkflasche aus recyceltem Edelstahl, ideal f\u00fcr dein aktives Leben. Dank Karabiner leicht an Rucks\u00e4cken zu befestigen, begleitet sie dich \u00fcberall hin. Perfekt f\u00fcr Events &amp; Meetings, mit der M\u00f6glichkeit zur individuellen Logo-Bedruckung.","twitter:image":"https:\/\/shop.hidalgo.nl\/wp-content\/uploads\/2026\/01\/cropped-Logo.png"},"aioseo_meta_data":{"post_id":"4807","title":null,"description":null,"keywords":null,"keyphrases":null,"canonical_url":null,"og_title":null,"og_description":null,"og_object_type":"default","og_image_type":"default","og_image_custom_url":null,"og_image_custom_fields":null,"og_custom_image_width":null,"og_custom_image_height":null,"og_video":null,"og_custom_url":null,"og_article_section":null,"og_article_tags":null,"twitter_use_og":false,"twitter_card":"default","twitter_image_type":"default","twitter_image_custom_url":null,"twitter_image_custom_fields":null,"twitter_title":null,"twitter_description":null,"schema_type":null,"schema_type_options":null,"pillar_content":false,"robots_default":true,"robots_noindex":false,"robots_noarchive":false,"robots_nosnippet":false,"robots_nofollow":false,"robots_noimageindex":false,"robots_noodp":false,"robots_notranslate":false,"robots_max_snippet":null,"robots_max_videopreview":null,"robots_max_imagepreview":"none","tabs":null,"priority":null,"frequency":null,"local_seo":null,"created":"2026-01-26 10:12:55","updated":"2026-02-20 06:39:45"},"aioseo_breadcrumb":"<div class=\"aioseo-breadcrumbs\"><span class=\"aioseo-breadcrumb\">\n\t<a href=\"https:\/\/bidonsenshakers.nl\/de\/\" title=\"Home\">Home<\/a>\n<\/span><span class=\"aioseo-breadcrumb-separator\">\u00bb<\/span><span class=\"aioseo-breadcrumb\">\n\t<a href=\"https:\/\/bidonsenshakers.nl\/shop\/\" title=\"Shop\">Shop<\/a>\n<\/span><span class=\"aioseo-breadcrumb-separator\">\u00bb<\/span><span class=\"aioseo-breadcrumb\">\n\t<a href=\"https:\/\/bidonsenshakers.nl\/de\/product-supplier\/a53\/\" title=\"A53\">A53<\/a>\n<\/span><span class=\"aioseo-breadcrumb-separator\">\u00bb<\/span><span class=\"aioseo-breadcrumb\">\n\tGerecycled RVS Enkelwandige fles met Karabijnhaak 500ml\n<\/span><\/div>","aioseo_breadcrumb_json":[{"label":"Home","link":"https:\/\/bidonsenshakers.nl\/de\/"},{"label":"Shop","link":"https:\/\/bidonsenshakers.nl\/shop\/"},{"label":"A53","link":"https:\/\/bidonsenshakers.nl\/de\/product-supplier\/a53\/"},{"label":"Gerecycled RVS Enkelwandige fles met Karabijnhaak 500ml","link":"https:\/\/bidonsenshakers.nl\/de\/product\/4807\/edelstahl-trinkflasche-bedrucken-recycelt-500ml-karabinerhaken\/"}],"_links":{"self":[{"href":"https:\/\/bidonsenshakers.nl\/de\/wp-json\/wp\/v2\/product\/4807","targetHints":{"allow":["GET"]}}],"collection":[{"href":"https:\/\/bidonsenshakers.nl\/de\/wp-json\/wp\/v2\/product"}],"about":[{"href":"https:\/\/bidonsenshakers.nl\/de\/wp-json\/wp\/v2\/types\/product"}],"wp:featuredmedia":[{"embeddable":true,"href":"https:\/\/bidonsenshakers.nl\/de\/wp-json\/wp\/v2\/media\/4808"}],"wp:attachment":[{"href":"https:\/\/bidonsenshakers.nl\/de\/wp-json\/wp\/v2\/media?parent=4807"}],"wp:term":[{"taxonomy":"product_brand","embeddable":true,"href":"https:\/\/bidonsenshakers.nl\/de\/wp-json\/wp\/v2\/product_brand?post=4807"},{"taxonomy":"product_cat","embeddable":true,"href":"https:\/\/bidonsenshakers.nl\/de\/wp-json\/wp\/v2\/product_cat?post=4807"},{"taxonomy":"product_tag","embeddable":true,"href":"https:\/\/bidonsenshakers.nl\/de\/wp-json\/wp\/v2\/product_tag?post=4807"}],"curies":[{"name":"wp","href":"https:\/\/api.w.org\/{rel}","templated":true}]}}