{"id":4955,"date":"2026-01-26T10:04:21","date_gmt":"2026-01-26T10:04:21","guid":{"rendered":"https:\/\/bidonsenshakers.shop.hidalgo.nl\/product\/senga-glass-750-ml-drinkfles\/"},"modified":"2026-02-17T11:56:20","modified_gmt":"2026-02-17T11:56:20","slug":"senga-glass-750-ml-drinkfles","status":"publish","type":"product","link":"https:\/\/bidonsenshakers.nl\/de\/product\/4955\/glas-trinkflasche-750ml-mit-logo-bedrucken-auslaufsicher\/","title":{"rendered":"Senga Glass 750 ml drinkfles"},"content":{"rendered":"<p>Slanke, lekvrije waterfles van sodalime-glas met RVS schroefdop. Met neopreen sleeve voor het comfortabel dragen van de fles. De glazen fles is vaatwasserbestendig m.u.v. de schroefdop. Inhoud 750 ml. Per stuk verpakt.<\/p>\n","protected":false},"excerpt":{"rendered":"<p>Slanke, lekvrije waterfles van sodalime-glas met RVS schroefdop. Met neopreen sleeve voor het comfortabel dragen van de fles. De glazen fles is vaatwasserbestendig m.u.v. de schroefdop. Inhoud 750 ml. Per stuk verpakt.<\/p>\n","protected":false},"featured_media":4956,"template":"","meta":{"_acf_changed":false,"om_disable_all_campaigns":false,"_monsterinsights_skip_tracking":false,"_monsterinsights_sitenote_active":false,"_monsterinsights_sitenote_note":"","_monsterinsights_sitenote_category":0},"product_brand":[],"product_cat":[286],"product_tag":[],"class_list":{"0":"post-4955","1":"product","2":"type-product","3":"status-publish","4":"has-post-thumbnail","6":"product_supplier-a24","7":"product_material-glastpe","8":"product_cat-drinkflessen","9":"entry","11":"first","12":"instock","13":"taxable","14":"shipping-taxable","15":"purchasable","16":"product-type-variable"},"acf":{"imprint_cost":[{"imprint_cost_key":"dcb2a21fbbb49bdcfe313269eb47c3ad8ea984a3","product_quantity_price_range":[{"imprint_cost_recommended_selling_price":"2.31","imprint_cost_recommended_selling_quantity":"1"},{"imprint_cost_recommended_selling_price":"1.86","imprint_cost_recommended_selling_quantity":"25"},{"imprint_cost_recommended_selling_price":"1.23","imprint_cost_recommended_selling_quantity":"50"},{"imprint_cost_recommended_selling_price":"0.93","imprint_cost_recommended_selling_quantity":"100"},{"imprint_cost_recommended_selling_price":"0.72","imprint_cost_recommended_selling_quantity":"250"},{"imprint_cost_recommended_selling_price":"0.51","imprint_cost_recommended_selling_quantity":"500"},{"imprint_cost_recommended_selling_price":"0.36","imprint_cost_recommended_selling_quantity":"1000"},{"imprint_cost_recommended_selling_price":"0.315","imprint_cost_recommended_selling_quantity":"2500"},{"imprint_cost_recommended_selling_price":"0.27","imprint_cost_recommended_selling_quantity":"5000"}],"product_quantity_price_range_buying":[{"imprint_cost_general_buying_price":"1.54","imprint_cost_general_buying_quantity":"1"},{"imprint_cost_general_buying_price":"1.24","imprint_cost_general_buying_quantity":"25"},{"imprint_cost_general_buying_price":"0.82","imprint_cost_general_buying_quantity":"50"},{"imprint_cost_general_buying_price":"0.62","imprint_cost_general_buying_quantity":"100"},{"imprint_cost_general_buying_price":"0.48","imprint_cost_general_buying_quantity":"250"},{"imprint_cost_general_buying_price":"0.34","imprint_cost_general_buying_quantity":"500"},{"imprint_cost_general_buying_price":"0.24","imprint_cost_general_buying_quantity":"1000"},{"imprint_cost_general_buying_price":"0.21","imprint_cost_general_buying_quantity":"2500"},{"imprint_cost_general_buying_price":"0.18","imprint_cost_general_buying_quantity":"5000"}],"imprint_cost_setup_costs":"45","imprint_cost_handling_costs":"0.24"},{"imprint_cost_key":"e070be12f2c2b014607ea8a51036f48aaa53bba7","product_quantity_price_range":[{"imprint_cost_recommended_selling_price":"2.385","imprint_cost_recommended_selling_quantity":"1"},{"imprint_cost_recommended_selling_price":"1.635","imprint_cost_recommended_selling_quantity":"25"},{"imprint_cost_recommended_selling_price":"1.02","imprint_cost_recommended_selling_quantity":"50"},{"imprint_cost_recommended_selling_price":"0.81","imprint_cost_recommended_selling_quantity":"100"},{"imprint_cost_recommended_selling_price":"0.585","imprint_cost_recommended_selling_quantity":"250"},{"imprint_cost_recommended_selling_price":"0.48","imprint_cost_recommended_selling_quantity":"500"},{"imprint_cost_recommended_selling_price":"0.435","imprint_cost_recommended_selling_quantity":"1000"},{"imprint_cost_recommended_selling_price":"0.405","imprint_cost_recommended_selling_quantity":"2500"},{"imprint_cost_recommended_selling_price":"0.39","imprint_cost_recommended_selling_quantity":"5000"}],"product_quantity_price_range_buying":[{"imprint_cost_general_buying_price":"1.59","imprint_cost_general_buying_quantity":"1"},{"imprint_cost_general_buying_price":"1.09","imprint_cost_general_buying_quantity":"25"},{"imprint_cost_general_buying_price":"0.68","imprint_cost_general_buying_quantity":"50"},{"imprint_cost_general_buying_price":"0.54","imprint_cost_general_buying_quantity":"100"},{"imprint_cost_general_buying_price":"0.39","imprint_cost_general_buying_quantity":"250"},{"imprint_cost_general_buying_price":"0.32","imprint_cost_general_buying_quantity":"500"},{"imprint_cost_general_buying_price":"0.29","imprint_cost_general_buying_quantity":"1000"},{"imprint_cost_general_buying_price":"0.27","imprint_cost_general_buying_quantity":"2500"},{"imprint_cost_general_buying_price":"0.26","imprint_cost_general_buying_quantity":"5000"}],"imprint_cost_setup_costs":"26.25","imprint_cost_handling_costs":"0.24"}]},"aioseo_notices":[],"aioseo_head":"\n\t\t<!-- All in One SEO Pro 4.9.6.1 - aioseo.com -->\n\t<meta name=\"description\" content=\"Entdecke die Senga Glass Trinkflasche, ideal f\u00fcr unterwegs. Dank wiederbef\u00fcllbarem Sodalime-Glas und sch\u00fctzender Neoprenh\u00fclle bleibt dein Getr\u00e4nk auslaufsicher und frisch. Lass dein Logo eindrucksvoll auf der Flasche verewigen und setze Akzente bei Events oder im B\u00fcroalltag.\" \/>\n\t<meta name=\"robots\" content=\"max-image-preview:large\" \/>\n\t<meta name=\"google-site-verification\" content=\"BBMiYHShnVBoc8v9xoHf0FXMC27otVB0wiWxw_hFRrM\" \/>\n\t<link rel=\"canonical\" href=\"https:\/\/bidonsenshakers.nl\/de\/wp-json\/wp\/v2\/product\/4955\" \/>\n\t<meta name=\"generator\" content=\"All in One SEO Pro (AIOSEO) 4.9.6.1\" \/>\n\t\t<meta property=\"og:locale\" content=\"de_DE\" \/>\n\t\t<meta property=\"og:site_name\" content=\"Trinkflaschen &amp; Shakers - Trinkflaschen &amp; Shakers\" \/>\n\t\t<meta property=\"og:type\" content=\"article\" \/>\n\t\t<meta property=\"og:title\" content=\"Glas Trinkflasche 750ml mit Logo bedrucken auslaufsicher\" \/>\n\t\t<meta property=\"og:description\" content=\"Entdecke die Senga Glass Trinkflasche, ideal f\u00fcr unterwegs. Dank wiederbef\u00fcllbarem Sodalime-Glas und sch\u00fctzender Neoprenh\u00fclle bleibt dein Getr\u00e4nk auslaufsicher und frisch. Lass dein Logo eindrucksvoll auf der Flasche verewigen und setze Akzente bei Events oder im B\u00fcroalltag.\" \/>\n\t\t<meta property=\"og:url\" content=\"https:\/\/bidonsenshakers.nl\/de\/wp-json\/wp\/v2\/product\/4955\" \/>\n\t\t<meta property=\"og:image\" content=\"https:\/\/shop.hidalgo.nl\/wp-content\/uploads\/2026\/01\/cropped-Logo.png\" \/>\n\t\t<meta property=\"og:image:secure_url\" content=\"https:\/\/shop.hidalgo.nl\/wp-content\/uploads\/2026\/01\/cropped-Logo.png\" \/>\n\t\t<meta property=\"article:published_time\" content=\"2026-01-26T10:04:21+00:00\" \/>\n\t\t<meta property=\"article:modified_time\" content=\"2026-02-17T11:56:20+00:00\" \/>\n\t\t<meta property=\"article:publisher\" content=\"https:\/\/www.facebook.com\/hidalgobagsandmore\/\" \/>\n\t\t<meta name=\"twitter:card\" content=\"summary_large_image\" \/>\n\t\t<meta name=\"twitter:site\" content=\"@Hidalgo_BV\" \/>\n\t\t<meta name=\"twitter:title\" content=\"Glas Trinkflasche 750ml mit Logo bedrucken auslaufsicher\" \/>\n\t\t<meta name=\"twitter:description\" content=\"Entdecke die Senga Glass Trinkflasche, ideal f\u00fcr unterwegs. Dank wiederbef\u00fcllbarem Sodalime-Glas und sch\u00fctzender Neoprenh\u00fclle bleibt dein Getr\u00e4nk auslaufsicher und frisch. Lass dein Logo eindrucksvoll auf der Flasche verewigen und setze Akzente bei Events oder im B\u00fcroalltag.\" \/>\n\t\t<meta name=\"twitter:image\" content=\"https:\/\/shop.hidalgo.nl\/wp-content\/uploads\/2026\/01\/cropped-Logo.png\" \/>\n\t\t<script type=\"application\/ld+json\" class=\"aioseo-schema\">\n\t\t\t{\"@context\":\"https:\\\/\\\/schema.org\",\"@graph\":[{\"@type\":\"BreadcrumbList\",\"@id\":\"https:\\\/\\\/bidonsenshakers.nl\\\/de\\\/product\\\/4955\\\/glas-trinkflasche-750ml-mit-logo-bedrucken-auslaufsicher\\\/#breadcrumblist\",\"itemListElement\":[{\"@type\":\"ListItem\",\"@id\":\"https:\\\/\\\/bidonsenshakers.nl\\\/de\\\/#listItem\",\"position\":1,\"name\":\"Home\",\"item\":\"https:\\\/\\\/bidonsenshakers.nl\\\/de\\\/\",\"nextItem\":{\"@type\":\"ListItem\",\"@id\":\"https:\\\/\\\/bidonsenshakers.nl\\\/shop\\\/#listItem\",\"name\":\"Shop\"}},{\"@type\":\"ListItem\",\"@id\":\"https:\\\/\\\/bidonsenshakers.nl\\\/shop\\\/#listItem\",\"position\":2,\"name\":\"Shop\",\"item\":\"https:\\\/\\\/bidonsenshakers.nl\\\/shop\\\/\",\"nextItem\":{\"@type\":\"ListItem\",\"@id\":\"https:\\\/\\\/bidonsenshakers.nl\\\/de\\\/product-supplier\\\/a24\\\/#listItem\",\"name\":\"A24\"},\"previousItem\":{\"@type\":\"ListItem\",\"@id\":\"https:\\\/\\\/bidonsenshakers.nl\\\/de\\\/#listItem\",\"name\":\"Home\"}},{\"@type\":\"ListItem\",\"@id\":\"https:\\\/\\\/bidonsenshakers.nl\\\/de\\\/product-supplier\\\/a24\\\/#listItem\",\"position\":3,\"name\":\"A24\",\"item\":\"https:\\\/\\\/bidonsenshakers.nl\\\/de\\\/product-supplier\\\/a24\\\/\",\"nextItem\":{\"@type\":\"ListItem\",\"@id\":\"https:\\\/\\\/bidonsenshakers.nl\\\/de\\\/product\\\/4955\\\/glas-trinkflasche-750ml-mit-logo-bedrucken-auslaufsicher\\\/#listItem\",\"name\":\"Senga Glass 750 ml drinkfles\"},\"previousItem\":{\"@type\":\"ListItem\",\"@id\":\"https:\\\/\\\/bidonsenshakers.nl\\\/shop\\\/#listItem\",\"name\":\"Shop\"}},{\"@type\":\"ListItem\",\"@id\":\"https:\\\/\\\/bidonsenshakers.nl\\\/de\\\/product\\\/4955\\\/glas-trinkflasche-750ml-mit-logo-bedrucken-auslaufsicher\\\/#listItem\",\"position\":4,\"name\":\"Senga Glass 750 ml drinkfles\",\"previousItem\":{\"@type\":\"ListItem\",\"@id\":\"https:\\\/\\\/bidonsenshakers.nl\\\/de\\\/product-supplier\\\/a24\\\/#listItem\",\"name\":\"A24\"}}]},{\"@type\":\"Organization\",\"@id\":\"https:\\\/\\\/bidonsenshakers.nl\\\/de\\\/#organization\",\"name\":\"Trinkflaschen & Shakers\",\"description\":\"Trinkflaschen & Shakers\",\"url\":\"https:\\\/\\\/bidonsenshakers.nl\\\/de\\\/\",\"telephone\":\"+31793310133\",\"logo\":{\"@type\":\"ImageObject\",\"url\":\"https:\\\/\\\/shop.hidalgo.nl\\\/wp-content\\\/uploads\\\/2026\\\/01\\\/cropped-Logo.png\",\"@id\":\"https:\\\/\\\/bidonsenshakers.nl\\\/de\\\/product\\\/4955\\\/glas-trinkflasche-750ml-mit-logo-bedrucken-auslaufsicher\\\/#organizationLogo\",\"width\":600,\"height\":243},\"image\":{\"@id\":\"https:\\\/\\\/bidonsenshakers.nl\\\/de\\\/product\\\/4955\\\/glas-trinkflasche-750ml-mit-logo-bedrucken-auslaufsicher\\\/#organizationLogo\"},\"sameAs\":[\"https:\\\/\\\/www.facebook.com\\\/hidalgobagsandmore\\\/\",\"https:\\\/\\\/x.com\\\/Hidalgo_BV\\\/status\\\/74021585866067968\",\"https:\\\/\\\/www.instagram.com\\\/hidalgobagsandmore\\\/#\",\"https:\\\/\\\/www.youtube.com\\\/@hidalgobagsandmore\",\"https:\\\/\\\/www.linkedin.com\\\/in\\\/rutgerblommers\\\/\"]},{\"@type\":\"WebPage\",\"@id\":\"https:\\\/\\\/bidonsenshakers.nl\\\/de\\\/product\\\/4955\\\/glas-trinkflasche-750ml-mit-logo-bedrucken-auslaufsicher\\\/#webpage\",\"url\":\"https:\\\/\\\/bidonsenshakers.nl\\\/de\\\/product\\\/4955\\\/glas-trinkflasche-750ml-mit-logo-bedrucken-auslaufsicher\\\/\",\"name\":\"Glas Trinkflasche 750ml mit Logo bedrucken auslaufsicher\",\"description\":\"Entdecke die Senga Glass Trinkflasche, ideal f\\u00fcr unterwegs. Dank wiederbef\\u00fcllbarem Sodalime-Glas und sch\\u00fctzender Neoprenh\\u00fclle bleibt dein Getr\\u00e4nk auslaufsicher und frisch. Lass dein Logo eindrucksvoll auf der Flasche verewigen und setze Akzente bei Events oder im B\\u00fcroalltag.\",\"inLanguage\":\"de-DE\",\"isPartOf\":{\"@id\":\"https:\\\/\\\/bidonsenshakers.nl\\\/de\\\/#website\"},\"breadcrumb\":{\"@id\":\"https:\\\/\\\/bidonsenshakers.nl\\\/de\\\/product\\\/4955\\\/glas-trinkflasche-750ml-mit-logo-bedrucken-auslaufsicher\\\/#breadcrumblist\"},\"image\":{\"@type\":\"ImageObject\",\"url\":\"https:\\\/\\\/shop.hidalgo.nl\\\/wp-content\\\/uploads\\\/2025\\\/04\\\/f4017ab08ee5f2db9abf04d056502cbce79c278d27aa3312e9a82c85d1977fcf.jpg\",\"@id\":\"https:\\\/\\\/bidonsenshakers.nl\\\/de\\\/product\\\/4955\\\/glas-trinkflasche-750ml-mit-logo-bedrucken-auslaufsicher\\\/#mainImage\"},\"primaryImageOfPage\":{\"@id\":\"https:\\\/\\\/bidonsenshakers.nl\\\/de\\\/product\\\/4955\\\/glas-trinkflasche-750ml-mit-logo-bedrucken-auslaufsicher\\\/#mainImage\"},\"datePublished\":\"2026-01-26T10:04:21+00:00\",\"dateModified\":\"2026-02-17T11:56:20+00:00\"},{\"@type\":\"WebSite\",\"@id\":\"https:\\\/\\\/bidonsenshakers.nl\\\/de\\\/#website\",\"url\":\"https:\\\/\\\/bidonsenshakers.nl\\\/de\\\/\",\"name\":\"Trinkflaschen & Shakers\",\"description\":\"Trinkflaschen & Shakers\",\"inLanguage\":\"de-DE\",\"publisher\":{\"@id\":\"https:\\\/\\\/bidonsenshakers.nl\\\/de\\\/#organization\"}}]}\n\t\t<\/script>\n\t\t<!-- All in One SEO Pro -->\r\n\t\t<title>Glas Trinkflasche 750ml mit Logo bedrucken auslaufsicher<\/title>\n\n","aioseo_head_json":{"title":"Glas Trinkflasche 750ml mit Logo bedrucken auslaufsicher","description":"Entdecke die Senga Glass Trinkflasche, ideal f\u00fcr unterwegs. Dank wiederbef\u00fcllbarem Sodalime-Glas und sch\u00fctzender Neoprenh\u00fclle bleibt dein Getr\u00e4nk auslaufsicher und frisch. Lass dein Logo eindrucksvoll auf der Flasche verewigen und setze Akzente bei Events oder im B\u00fcroalltag.","canonical_url":"https:\/\/bidonsenshakers.nl\/de\/wp-json\/wp\/v2\/product\/4955","robots":"max-image-preview:large","keywords":"","webmasterTools":{"google-site-verification":"BBMiYHShnVBoc8v9xoHf0FXMC27otVB0wiWxw_hFRrM","miscellaneous":""},"schema":{"@context":"https:\/\/schema.org","@graph":[{"@type":"BreadcrumbList","@id":"https:\/\/bidonsenshakers.nl\/de\/product\/4955\/glas-trinkflasche-750ml-mit-logo-bedrucken-auslaufsicher\/#breadcrumblist","itemListElement":[{"@type":"ListItem","@id":"https:\/\/bidonsenshakers.nl\/de\/#listItem","position":1,"name":"Home","item":"https:\/\/bidonsenshakers.nl\/de\/","nextItem":{"@type":"ListItem","@id":"https:\/\/bidonsenshakers.nl\/shop\/#listItem","name":"Shop"}},{"@type":"ListItem","@id":"https:\/\/bidonsenshakers.nl\/shop\/#listItem","position":2,"name":"Shop","item":"https:\/\/bidonsenshakers.nl\/shop\/","nextItem":{"@type":"ListItem","@id":"https:\/\/bidonsenshakers.nl\/de\/product-supplier\/a24\/#listItem","name":"A24"},"previousItem":{"@type":"ListItem","@id":"https:\/\/bidonsenshakers.nl\/de\/#listItem","name":"Home"}},{"@type":"ListItem","@id":"https:\/\/bidonsenshakers.nl\/de\/product-supplier\/a24\/#listItem","position":3,"name":"A24","item":"https:\/\/bidonsenshakers.nl\/de\/product-supplier\/a24\/","nextItem":{"@type":"ListItem","@id":"https:\/\/bidonsenshakers.nl\/de\/product\/4955\/glas-trinkflasche-750ml-mit-logo-bedrucken-auslaufsicher\/#listItem","name":"Senga Glass 750 ml drinkfles"},"previousItem":{"@type":"ListItem","@id":"https:\/\/bidonsenshakers.nl\/shop\/#listItem","name":"Shop"}},{"@type":"ListItem","@id":"https:\/\/bidonsenshakers.nl\/de\/product\/4955\/glas-trinkflasche-750ml-mit-logo-bedrucken-auslaufsicher\/#listItem","position":4,"name":"Senga Glass 750 ml drinkfles","previousItem":{"@type":"ListItem","@id":"https:\/\/bidonsenshakers.nl\/de\/product-supplier\/a24\/#listItem","name":"A24"}}]},{"@type":"Organization","@id":"https:\/\/bidonsenshakers.nl\/de\/#organization","name":"Trinkflaschen & Shakers","description":"Trinkflaschen & Shakers","url":"https:\/\/bidonsenshakers.nl\/de\/","telephone":"+31793310133","logo":{"@type":"ImageObject","url":"https:\/\/shop.hidalgo.nl\/wp-content\/uploads\/2026\/01\/cropped-Logo.png","@id":"https:\/\/bidonsenshakers.nl\/de\/product\/4955\/glas-trinkflasche-750ml-mit-logo-bedrucken-auslaufsicher\/#organizationLogo","width":600,"height":243},"image":{"@id":"https:\/\/bidonsenshakers.nl\/de\/product\/4955\/glas-trinkflasche-750ml-mit-logo-bedrucken-auslaufsicher\/#organizationLogo"},"sameAs":["https:\/\/www.facebook.com\/hidalgobagsandmore\/","https:\/\/x.com\/Hidalgo_BV\/status\/74021585866067968","https:\/\/www.instagram.com\/hidalgobagsandmore\/#","https:\/\/www.youtube.com\/@hidalgobagsandmore","https:\/\/www.linkedin.com\/in\/rutgerblommers\/"]},{"@type":"WebPage","@id":"https:\/\/bidonsenshakers.nl\/de\/product\/4955\/glas-trinkflasche-750ml-mit-logo-bedrucken-auslaufsicher\/#webpage","url":"https:\/\/bidonsenshakers.nl\/de\/product\/4955\/glas-trinkflasche-750ml-mit-logo-bedrucken-auslaufsicher\/","name":"Glas Trinkflasche 750ml mit Logo bedrucken auslaufsicher","description":"Entdecke die Senga Glass Trinkflasche, ideal f\u00fcr unterwegs. Dank wiederbef\u00fcllbarem Sodalime-Glas und sch\u00fctzender Neoprenh\u00fclle bleibt dein Getr\u00e4nk auslaufsicher und frisch. Lass dein Logo eindrucksvoll auf der Flasche verewigen und setze Akzente bei Events oder im B\u00fcroalltag.","inLanguage":"de-DE","isPartOf":{"@id":"https:\/\/bidonsenshakers.nl\/de\/#website"},"breadcrumb":{"@id":"https:\/\/bidonsenshakers.nl\/de\/product\/4955\/glas-trinkflasche-750ml-mit-logo-bedrucken-auslaufsicher\/#breadcrumblist"},"image":{"@type":"ImageObject","url":"https:\/\/shop.hidalgo.nl\/wp-content\/uploads\/2025\/04\/f4017ab08ee5f2db9abf04d056502cbce79c278d27aa3312e9a82c85d1977fcf.jpg","@id":"https:\/\/bidonsenshakers.nl\/de\/product\/4955\/glas-trinkflasche-750ml-mit-logo-bedrucken-auslaufsicher\/#mainImage"},"primaryImageOfPage":{"@id":"https:\/\/bidonsenshakers.nl\/de\/product\/4955\/glas-trinkflasche-750ml-mit-logo-bedrucken-auslaufsicher\/#mainImage"},"datePublished":"2026-01-26T10:04:21+00:00","dateModified":"2026-02-17T11:56:20+00:00"},{"@type":"WebSite","@id":"https:\/\/bidonsenshakers.nl\/de\/#website","url":"https:\/\/bidonsenshakers.nl\/de\/","name":"Trinkflaschen & Shakers","description":"Trinkflaschen & Shakers","inLanguage":"de-DE","publisher":{"@id":"https:\/\/bidonsenshakers.nl\/de\/#organization"}}]},"og:locale":"de_DE","og:site_name":"Trinkflaschen &amp; Shakers - Trinkflaschen &amp; Shakers","og:type":"article","og:title":"Glas Trinkflasche 750ml mit Logo bedrucken auslaufsicher","og:description":"Entdecke die Senga Glass Trinkflasche, ideal f\u00fcr unterwegs. Dank wiederbef\u00fcllbarem Sodalime-Glas und sch\u00fctzender Neoprenh\u00fclle bleibt dein Getr\u00e4nk auslaufsicher und frisch. Lass dein Logo eindrucksvoll auf der Flasche verewigen und setze Akzente bei Events oder im B\u00fcroalltag.","og:url":"https:\/\/bidonsenshakers.nl\/de\/wp-json\/wp\/v2\/product\/4955","og:image":"https:\/\/shop.hidalgo.nl\/wp-content\/uploads\/2026\/01\/cropped-Logo.png","og:image:secure_url":"https:\/\/shop.hidalgo.nl\/wp-content\/uploads\/2026\/01\/cropped-Logo.png","article:published_time":"2026-01-26T10:04:21+00:00","article:modified_time":"2026-02-17T11:56:20+00:00","article:publisher":"https:\/\/www.facebook.com\/hidalgobagsandmore\/","twitter:card":"summary_large_image","twitter:site":"@Hidalgo_BV","twitter:title":"Glas Trinkflasche 750ml mit Logo bedrucken auslaufsicher","twitter:description":"Entdecke die Senga Glass Trinkflasche, ideal f\u00fcr unterwegs. Dank wiederbef\u00fcllbarem Sodalime-Glas und sch\u00fctzender Neoprenh\u00fclle bleibt dein Getr\u00e4nk auslaufsicher und frisch. Lass dein Logo eindrucksvoll auf der Flasche verewigen und setze Akzente bei Events oder im B\u00fcroalltag.","twitter:image":"https:\/\/shop.hidalgo.nl\/wp-content\/uploads\/2026\/01\/cropped-Logo.png"},"aioseo_meta_data":{"post_id":"4955","title":null,"description":null,"keywords":null,"keyphrases":null,"canonical_url":null,"og_title":null,"og_description":null,"og_object_type":"default","og_image_type":"default","og_image_custom_url":null,"og_image_custom_fields":null,"og_custom_image_width":null,"og_custom_image_height":null,"og_video":null,"og_custom_url":null,"og_article_section":null,"og_article_tags":null,"twitter_use_og":false,"twitter_card":"default","twitter_image_type":"default","twitter_image_custom_url":null,"twitter_image_custom_fields":null,"twitter_title":null,"twitter_description":null,"schema_type":null,"schema_type_options":null,"pillar_content":false,"robots_default":true,"robots_noindex":false,"robots_noarchive":false,"robots_nosnippet":false,"robots_nofollow":false,"robots_noimageindex":false,"robots_noodp":false,"robots_notranslate":false,"robots_max_snippet":null,"robots_max_videopreview":null,"robots_max_imagepreview":"none","tabs":null,"priority":null,"frequency":null,"local_seo":null,"created":"2026-01-26 10:12:55","updated":"2026-02-18 10:26:58"},"aioseo_breadcrumb":"<div class=\"aioseo-breadcrumbs\"><span class=\"aioseo-breadcrumb\">\n\t<a href=\"https:\/\/bidonsenshakers.nl\/de\/\" title=\"Home\">Home<\/a>\n<\/span><span class=\"aioseo-breadcrumb-separator\">\u00bb<\/span><span class=\"aioseo-breadcrumb\">\n\t<a href=\"https:\/\/bidonsenshakers.nl\/shop\/\" title=\"Shop\">Shop<\/a>\n<\/span><span class=\"aioseo-breadcrumb-separator\">\u00bb<\/span><span class=\"aioseo-breadcrumb\">\n\t<a href=\"https:\/\/bidonsenshakers.nl\/de\/product-supplier\/a24\/\" title=\"A24\">A24<\/a>\n<\/span><span class=\"aioseo-breadcrumb-separator\">\u00bb<\/span><span class=\"aioseo-breadcrumb\">\n\tSenga Glass 750 ml drinkfles\n<\/span><\/div>","aioseo_breadcrumb_json":[{"label":"Home","link":"https:\/\/bidonsenshakers.nl\/de\/"},{"label":"Shop","link":"https:\/\/bidonsenshakers.nl\/shop\/"},{"label":"A24","link":"https:\/\/bidonsenshakers.nl\/de\/product-supplier\/a24\/"},{"label":"Senga Glass 750 ml drinkfles","link":"https:\/\/bidonsenshakers.nl\/de\/product\/4955\/glas-trinkflasche-750ml-mit-logo-bedrucken-auslaufsicher\/"}],"_links":{"self":[{"href":"https:\/\/bidonsenshakers.nl\/de\/wp-json\/wp\/v2\/product\/4955","targetHints":{"allow":["GET"]}}],"collection":[{"href":"https:\/\/bidonsenshakers.nl\/de\/wp-json\/wp\/v2\/product"}],"about":[{"href":"https:\/\/bidonsenshakers.nl\/de\/wp-json\/wp\/v2\/types\/product"}],"wp:featuredmedia":[{"embeddable":true,"href":"https:\/\/bidonsenshakers.nl\/de\/wp-json\/wp\/v2\/media\/4956"}],"wp:attachment":[{"href":"https:\/\/bidonsenshakers.nl\/de\/wp-json\/wp\/v2\/media?parent=4955"}],"wp:term":[{"taxonomy":"product_brand","embeddable":true,"href":"https:\/\/bidonsenshakers.nl\/de\/wp-json\/wp\/v2\/product_brand?post=4955"},{"taxonomy":"product_cat","embeddable":true,"href":"https:\/\/bidonsenshakers.nl\/de\/wp-json\/wp\/v2\/product_cat?post=4955"},{"taxonomy":"product_tag","embeddable":true,"href":"https:\/\/bidonsenshakers.nl\/de\/wp-json\/wp\/v2\/product_tag?post=4955"}],"curies":[{"name":"wp","href":"https:\/\/api.w.org\/{rel}","templated":true}]}}