{"id":6136,"date":"2026-01-26T10:08:49","date_gmt":"2026-01-26T10:08:49","guid":{"rendered":"https:\/\/bidonsenshakers.shop.hidalgo.nl\/product\/r-pet-fles-mat-600ml\/"},"modified":"2026-02-17T11:56:14","modified_gmt":"2026-02-17T11:56:14","slug":"r-pet-fles-mat-600ml","status":"publish","type":"product","link":"https:\/\/bidonsenshakers.nl\/de\/product\/6136\/r-pet-trinkflasche-bedrucken-recycelt-matt-600ml\/","title":{"rendered":"R-PET fles mat 600ml"},"content":{"rendered":"<p>Gemaakt van gerecycled PET, biedt de matte R-PET fles zowel milieuvriendelijkheid als duurzaamheid. Met een capaciteit van 600 ml en verkrijgbaar in verschillende matte kleuren, is het een ideale keuze voor milieubewuste consumenten.<\/p>\n","protected":false},"excerpt":{"rendered":"<p>Gemaakt van gerecycled PET, biedt de matte R-PET fles zowel milieuvriendelijkheid als duurzaamheid. Met een capaciteit van 600 ml en verkrijgbaar in verschillende matte kleuren, is het een ideale keuze voor milieubewuste consumenten.<\/p>\n","protected":false},"featured_media":6137,"template":"","meta":{"_acf_changed":false,"om_disable_all_campaigns":false,"_monsterinsights_skip_tracking":false,"_monsterinsights_sitenote_active":false,"_monsterinsights_sitenote_note":"","_monsterinsights_sitenote_category":0},"product_brand":[],"product_cat":[360,286],"product_tag":[],"class_list":{"0":"post-6136","1":"product","2":"type-product","3":"status-publish","4":"has-post-thumbnail","6":"product_supplier-a53","7":"product_cat-bio","8":"product_cat-drinkflessen","9":"entry","11":"first","12":"instock","13":"taxable","14":"shipping-taxable","15":"purchasable","16":"product-type-variable"},"acf":{"imprint_cost":[{"imprint_cost_key":"4c5df15f3e84d45995c5e05724239661f8fc0745","product_quantity_price_range":[{"imprint_cost_recommended_selling_price":"2.4825","imprint_cost_recommended_selling_quantity":"1"},{"imprint_cost_recommended_selling_price":"2.3175","imprint_cost_recommended_selling_quantity":"10"},{"imprint_cost_recommended_selling_price":"2.1525","imprint_cost_recommended_selling_quantity":"25"},{"imprint_cost_recommended_selling_price":"1.9875","imprint_cost_recommended_selling_quantity":"50"},{"imprint_cost_recommended_selling_price":"1.8225","imprint_cost_recommended_selling_quantity":"100"},{"imprint_cost_recommended_selling_price":"1.6575","imprint_cost_recommended_selling_quantity":"250"},{"imprint_cost_recommended_selling_price":"1.485","imprint_cost_recommended_selling_quantity":"500"},{"imprint_cost_recommended_selling_price":"1.41","imprint_cost_recommended_selling_quantity":"1000"},{"imprint_cost_recommended_selling_price":"1.32","imprint_cost_recommended_selling_quantity":"2500"},{"imprint_cost_recommended_selling_price":"1.245","imprint_cost_recommended_selling_quantity":"5000"},{"imprint_cost_recommended_selling_price":"1.2075","imprint_cost_recommended_selling_quantity":"10000"}],"product_quantity_price_range_buying":[{"imprint_cost_general_buying_price":"1.655","imprint_cost_general_buying_quantity":"1"},{"imprint_cost_general_buying_price":"1.545","imprint_cost_general_buying_quantity":"10"},{"imprint_cost_general_buying_price":"1.435","imprint_cost_general_buying_quantity":"25"},{"imprint_cost_general_buying_price":"1.325","imprint_cost_general_buying_quantity":"50"},{"imprint_cost_general_buying_price":"1.215","imprint_cost_general_buying_quantity":"100"},{"imprint_cost_general_buying_price":"1.105","imprint_cost_general_buying_quantity":"250"},{"imprint_cost_general_buying_price":"0.99","imprint_cost_general_buying_quantity":"500"},{"imprint_cost_general_buying_price":"0.94","imprint_cost_general_buying_quantity":"1000"},{"imprint_cost_general_buying_price":"0.88","imprint_cost_general_buying_quantity":"2500"},{"imprint_cost_general_buying_price":"0.83","imprint_cost_general_buying_quantity":"5000"},{"imprint_cost_general_buying_price":"0.805","imprint_cost_general_buying_quantity":"10000"}],"imprint_cost_setup_costs":"54","imprint_cost_handling_costs":"0.12"}]},"aioseo_notices":[],"aioseo_head":"\n\t\t<!-- All in One SEO Pro 4.9.6.1 - aioseo.com -->\n\t<meta name=\"description\" content=\"Entdecke die matte Trinkflasche aus recyceltem Matt-RPET mit 600 ml Fassungsverm\u00f6gen. Perfekt f\u00fcr umweltbewusste Events &amp; Promotion, ideal zum Bedrucken mit deinem Logo. Erh\u00e4ltlich in verschiedenen Farben und geeignet f\u00fcr den t\u00e4glichen Gebrauch.\" \/>\n\t<meta name=\"robots\" content=\"max-image-preview:large\" \/>\n\t<meta name=\"google-site-verification\" content=\"BBMiYHShnVBoc8v9xoHf0FXMC27otVB0wiWxw_hFRrM\" \/>\n\t<link rel=\"canonical\" href=\"https:\/\/bidonsenshakers.nl\/de\/wp-json\/wp\/v2\/product\/6136\" \/>\n\t<meta name=\"generator\" content=\"All in One SEO Pro (AIOSEO) 4.9.6.1\" \/>\n\t\t<meta property=\"og:locale\" content=\"de_DE\" \/>\n\t\t<meta property=\"og:site_name\" content=\"Trinkflaschen &amp; Shakers - Trinkflaschen &amp; Shakers\" \/>\n\t\t<meta property=\"og:type\" content=\"article\" \/>\n\t\t<meta property=\"og:title\" content=\"R-PET Trinkflasche bedrucken recycelt matt 600ml\" \/>\n\t\t<meta property=\"og:description\" content=\"Entdecke die matte Trinkflasche aus recyceltem Matt-RPET mit 600 ml Fassungsverm\u00f6gen. Perfekt f\u00fcr umweltbewusste Events &amp; Promotion, ideal zum Bedrucken mit deinem Logo. Erh\u00e4ltlich in verschiedenen Farben und geeignet f\u00fcr den t\u00e4glichen Gebrauch.\" \/>\n\t\t<meta property=\"og:url\" content=\"https:\/\/bidonsenshakers.nl\/de\/wp-json\/wp\/v2\/product\/6136\" \/>\n\t\t<meta property=\"og:image\" content=\"https:\/\/shop.hidalgo.nl\/wp-content\/uploads\/2026\/01\/cropped-Logo.png\" \/>\n\t\t<meta property=\"og:image:secure_url\" content=\"https:\/\/shop.hidalgo.nl\/wp-content\/uploads\/2026\/01\/cropped-Logo.png\" \/>\n\t\t<meta property=\"article:published_time\" content=\"2026-01-26T10:08:49+00:00\" \/>\n\t\t<meta property=\"article:modified_time\" content=\"2026-02-17T11:56:14+00:00\" \/>\n\t\t<meta property=\"article:publisher\" content=\"https:\/\/www.facebook.com\/hidalgobagsandmore\/\" \/>\n\t\t<meta name=\"twitter:card\" content=\"summary_large_image\" \/>\n\t\t<meta name=\"twitter:site\" content=\"@Hidalgo_BV\" \/>\n\t\t<meta name=\"twitter:title\" content=\"R-PET Trinkflasche bedrucken recycelt matt 600ml\" \/>\n\t\t<meta name=\"twitter:description\" content=\"Entdecke die matte Trinkflasche aus recyceltem Matt-RPET mit 600 ml Fassungsverm\u00f6gen. Perfekt f\u00fcr umweltbewusste Events &amp; Promotion, ideal zum Bedrucken mit deinem Logo. Erh\u00e4ltlich in verschiedenen Farben und geeignet f\u00fcr den t\u00e4glichen Gebrauch.\" \/>\n\t\t<meta name=\"twitter:image\" content=\"https:\/\/shop.hidalgo.nl\/wp-content\/uploads\/2026\/01\/cropped-Logo.png\" \/>\n\t\t<script type=\"application\/ld+json\" class=\"aioseo-schema\">\n\t\t\t{\"@context\":\"https:\\\/\\\/schema.org\",\"@graph\":[{\"@type\":\"BreadcrumbList\",\"@id\":\"https:\\\/\\\/bidonsenshakers.nl\\\/de\\\/product\\\/6136\\\/r-pet-trinkflasche-bedrucken-recycelt-matt-600ml\\\/#breadcrumblist\",\"itemListElement\":[{\"@type\":\"ListItem\",\"@id\":\"https:\\\/\\\/bidonsenshakers.nl\\\/de\\\/#listItem\",\"position\":1,\"name\":\"Home\",\"item\":\"https:\\\/\\\/bidonsenshakers.nl\\\/de\\\/\",\"nextItem\":{\"@type\":\"ListItem\",\"@id\":\"https:\\\/\\\/bidonsenshakers.nl\\\/shop\\\/#listItem\",\"name\":\"Shop\"}},{\"@type\":\"ListItem\",\"@id\":\"https:\\\/\\\/bidonsenshakers.nl\\\/shop\\\/#listItem\",\"position\":2,\"name\":\"Shop\",\"item\":\"https:\\\/\\\/bidonsenshakers.nl\\\/shop\\\/\",\"nextItem\":{\"@type\":\"ListItem\",\"@id\":\"https:\\\/\\\/bidonsenshakers.nl\\\/de\\\/product-supplier\\\/a53\\\/#listItem\",\"name\":\"A53\"},\"previousItem\":{\"@type\":\"ListItem\",\"@id\":\"https:\\\/\\\/bidonsenshakers.nl\\\/de\\\/#listItem\",\"name\":\"Home\"}},{\"@type\":\"ListItem\",\"@id\":\"https:\\\/\\\/bidonsenshakers.nl\\\/de\\\/product-supplier\\\/a53\\\/#listItem\",\"position\":3,\"name\":\"A53\",\"item\":\"https:\\\/\\\/bidonsenshakers.nl\\\/de\\\/product-supplier\\\/a53\\\/\",\"nextItem\":{\"@type\":\"ListItem\",\"@id\":\"https:\\\/\\\/bidonsenshakers.nl\\\/de\\\/product\\\/6136\\\/r-pet-trinkflasche-bedrucken-recycelt-matt-600ml\\\/#listItem\",\"name\":\"R-PET fles mat 600ml\"},\"previousItem\":{\"@type\":\"ListItem\",\"@id\":\"https:\\\/\\\/bidonsenshakers.nl\\\/shop\\\/#listItem\",\"name\":\"Shop\"}},{\"@type\":\"ListItem\",\"@id\":\"https:\\\/\\\/bidonsenshakers.nl\\\/de\\\/product\\\/6136\\\/r-pet-trinkflasche-bedrucken-recycelt-matt-600ml\\\/#listItem\",\"position\":4,\"name\":\"R-PET fles mat 600ml\",\"previousItem\":{\"@type\":\"ListItem\",\"@id\":\"https:\\\/\\\/bidonsenshakers.nl\\\/de\\\/product-supplier\\\/a53\\\/#listItem\",\"name\":\"A53\"}}]},{\"@type\":\"Organization\",\"@id\":\"https:\\\/\\\/bidonsenshakers.nl\\\/de\\\/#organization\",\"name\":\"Trinkflaschen & Shakers\",\"description\":\"Trinkflaschen & Shakers\",\"url\":\"https:\\\/\\\/bidonsenshakers.nl\\\/de\\\/\",\"telephone\":\"+31793310133\",\"logo\":{\"@type\":\"ImageObject\",\"url\":\"https:\\\/\\\/shop.hidalgo.nl\\\/wp-content\\\/uploads\\\/2026\\\/01\\\/cropped-Logo.png\",\"@id\":\"https:\\\/\\\/bidonsenshakers.nl\\\/de\\\/product\\\/6136\\\/r-pet-trinkflasche-bedrucken-recycelt-matt-600ml\\\/#organizationLogo\",\"width\":600,\"height\":243},\"image\":{\"@id\":\"https:\\\/\\\/bidonsenshakers.nl\\\/de\\\/product\\\/6136\\\/r-pet-trinkflasche-bedrucken-recycelt-matt-600ml\\\/#organizationLogo\"},\"sameAs\":[\"https:\\\/\\\/www.facebook.com\\\/hidalgobagsandmore\\\/\",\"https:\\\/\\\/x.com\\\/Hidalgo_BV\\\/status\\\/74021585866067968\",\"https:\\\/\\\/www.instagram.com\\\/hidalgobagsandmore\\\/#\",\"https:\\\/\\\/www.youtube.com\\\/@hidalgobagsandmore\",\"https:\\\/\\\/www.linkedin.com\\\/in\\\/rutgerblommers\\\/\"]},{\"@type\":\"WebPage\",\"@id\":\"https:\\\/\\\/bidonsenshakers.nl\\\/de\\\/product\\\/6136\\\/r-pet-trinkflasche-bedrucken-recycelt-matt-600ml\\\/#webpage\",\"url\":\"https:\\\/\\\/bidonsenshakers.nl\\\/de\\\/product\\\/6136\\\/r-pet-trinkflasche-bedrucken-recycelt-matt-600ml\\\/\",\"name\":\"R-PET Trinkflasche bedrucken recycelt matt 600ml\",\"description\":\"Entdecke die matte Trinkflasche aus recyceltem Matt-RPET mit 600 ml Fassungsverm\\u00f6gen. Perfekt f\\u00fcr umweltbewusste Events & Promotion, ideal zum Bedrucken mit deinem Logo. Erh\\u00e4ltlich in verschiedenen Farben und geeignet f\\u00fcr den t\\u00e4glichen Gebrauch.\",\"inLanguage\":\"de-DE\",\"isPartOf\":{\"@id\":\"https:\\\/\\\/bidonsenshakers.nl\\\/de\\\/#website\"},\"breadcrumb\":{\"@id\":\"https:\\\/\\\/bidonsenshakers.nl\\\/de\\\/product\\\/6136\\\/r-pet-trinkflasche-bedrucken-recycelt-matt-600ml\\\/#breadcrumblist\"},\"image\":{\"@type\":\"ImageObject\",\"url\":\"https:\\\/\\\/shop.hidalgo.nl\\\/wp-content\\\/uploads\\\/2025\\\/04\\\/1747b57784598594a3aa2d503f982e8068bb135d1d2d9fa0ea33e6577028bd9c.jpg\",\"@id\":\"https:\\\/\\\/bidonsenshakers.nl\\\/de\\\/product\\\/6136\\\/r-pet-trinkflasche-bedrucken-recycelt-matt-600ml\\\/#mainImage\"},\"primaryImageOfPage\":{\"@id\":\"https:\\\/\\\/bidonsenshakers.nl\\\/de\\\/product\\\/6136\\\/r-pet-trinkflasche-bedrucken-recycelt-matt-600ml\\\/#mainImage\"},\"datePublished\":\"2026-01-26T10:08:49+00:00\",\"dateModified\":\"2026-02-17T11:56:14+00:00\"},{\"@type\":\"WebSite\",\"@id\":\"https:\\\/\\\/bidonsenshakers.nl\\\/de\\\/#website\",\"url\":\"https:\\\/\\\/bidonsenshakers.nl\\\/de\\\/\",\"name\":\"Trinkflaschen & Shakers\",\"description\":\"Trinkflaschen & Shakers\",\"inLanguage\":\"de-DE\",\"publisher\":{\"@id\":\"https:\\\/\\\/bidonsenshakers.nl\\\/de\\\/#organization\"}}]}\n\t\t<\/script>\n\t\t<!-- All in One SEO Pro -->\r\n\t\t<title>R-PET Trinkflasche bedrucken recycelt matt 600ml<\/title>\n\n","aioseo_head_json":{"title":"R-PET Trinkflasche bedrucken recycelt matt 600ml","description":"Entdecke die matte Trinkflasche aus recyceltem Matt-RPET mit 600 ml Fassungsverm\u00f6gen. Perfekt f\u00fcr umweltbewusste Events & Promotion, ideal zum Bedrucken mit deinem Logo. Erh\u00e4ltlich in verschiedenen Farben und geeignet f\u00fcr den t\u00e4glichen Gebrauch.","canonical_url":"https:\/\/bidonsenshakers.nl\/de\/wp-json\/wp\/v2\/product\/6136","robots":"max-image-preview:large","keywords":"","webmasterTools":{"google-site-verification":"BBMiYHShnVBoc8v9xoHf0FXMC27otVB0wiWxw_hFRrM","miscellaneous":""},"schema":{"@context":"https:\/\/schema.org","@graph":[{"@type":"BreadcrumbList","@id":"https:\/\/bidonsenshakers.nl\/de\/product\/6136\/r-pet-trinkflasche-bedrucken-recycelt-matt-600ml\/#breadcrumblist","itemListElement":[{"@type":"ListItem","@id":"https:\/\/bidonsenshakers.nl\/de\/#listItem","position":1,"name":"Home","item":"https:\/\/bidonsenshakers.nl\/de\/","nextItem":{"@type":"ListItem","@id":"https:\/\/bidonsenshakers.nl\/shop\/#listItem","name":"Shop"}},{"@type":"ListItem","@id":"https:\/\/bidonsenshakers.nl\/shop\/#listItem","position":2,"name":"Shop","item":"https:\/\/bidonsenshakers.nl\/shop\/","nextItem":{"@type":"ListItem","@id":"https:\/\/bidonsenshakers.nl\/de\/product-supplier\/a53\/#listItem","name":"A53"},"previousItem":{"@type":"ListItem","@id":"https:\/\/bidonsenshakers.nl\/de\/#listItem","name":"Home"}},{"@type":"ListItem","@id":"https:\/\/bidonsenshakers.nl\/de\/product-supplier\/a53\/#listItem","position":3,"name":"A53","item":"https:\/\/bidonsenshakers.nl\/de\/product-supplier\/a53\/","nextItem":{"@type":"ListItem","@id":"https:\/\/bidonsenshakers.nl\/de\/product\/6136\/r-pet-trinkflasche-bedrucken-recycelt-matt-600ml\/#listItem","name":"R-PET fles mat 600ml"},"previousItem":{"@type":"ListItem","@id":"https:\/\/bidonsenshakers.nl\/shop\/#listItem","name":"Shop"}},{"@type":"ListItem","@id":"https:\/\/bidonsenshakers.nl\/de\/product\/6136\/r-pet-trinkflasche-bedrucken-recycelt-matt-600ml\/#listItem","position":4,"name":"R-PET fles mat 600ml","previousItem":{"@type":"ListItem","@id":"https:\/\/bidonsenshakers.nl\/de\/product-supplier\/a53\/#listItem","name":"A53"}}]},{"@type":"Organization","@id":"https:\/\/bidonsenshakers.nl\/de\/#organization","name":"Trinkflaschen & Shakers","description":"Trinkflaschen & Shakers","url":"https:\/\/bidonsenshakers.nl\/de\/","telephone":"+31793310133","logo":{"@type":"ImageObject","url":"https:\/\/shop.hidalgo.nl\/wp-content\/uploads\/2026\/01\/cropped-Logo.png","@id":"https:\/\/bidonsenshakers.nl\/de\/product\/6136\/r-pet-trinkflasche-bedrucken-recycelt-matt-600ml\/#organizationLogo","width":600,"height":243},"image":{"@id":"https:\/\/bidonsenshakers.nl\/de\/product\/6136\/r-pet-trinkflasche-bedrucken-recycelt-matt-600ml\/#organizationLogo"},"sameAs":["https:\/\/www.facebook.com\/hidalgobagsandmore\/","https:\/\/x.com\/Hidalgo_BV\/status\/74021585866067968","https:\/\/www.instagram.com\/hidalgobagsandmore\/#","https:\/\/www.youtube.com\/@hidalgobagsandmore","https:\/\/www.linkedin.com\/in\/rutgerblommers\/"]},{"@type":"WebPage","@id":"https:\/\/bidonsenshakers.nl\/de\/product\/6136\/r-pet-trinkflasche-bedrucken-recycelt-matt-600ml\/#webpage","url":"https:\/\/bidonsenshakers.nl\/de\/product\/6136\/r-pet-trinkflasche-bedrucken-recycelt-matt-600ml\/","name":"R-PET Trinkflasche bedrucken recycelt matt 600ml","description":"Entdecke die matte Trinkflasche aus recyceltem Matt-RPET mit 600 ml Fassungsverm\u00f6gen. Perfekt f\u00fcr umweltbewusste Events & Promotion, ideal zum Bedrucken mit deinem Logo. Erh\u00e4ltlich in verschiedenen Farben und geeignet f\u00fcr den t\u00e4glichen Gebrauch.","inLanguage":"de-DE","isPartOf":{"@id":"https:\/\/bidonsenshakers.nl\/de\/#website"},"breadcrumb":{"@id":"https:\/\/bidonsenshakers.nl\/de\/product\/6136\/r-pet-trinkflasche-bedrucken-recycelt-matt-600ml\/#breadcrumblist"},"image":{"@type":"ImageObject","url":"https:\/\/shop.hidalgo.nl\/wp-content\/uploads\/2025\/04\/1747b57784598594a3aa2d503f982e8068bb135d1d2d9fa0ea33e6577028bd9c.jpg","@id":"https:\/\/bidonsenshakers.nl\/de\/product\/6136\/r-pet-trinkflasche-bedrucken-recycelt-matt-600ml\/#mainImage"},"primaryImageOfPage":{"@id":"https:\/\/bidonsenshakers.nl\/de\/product\/6136\/r-pet-trinkflasche-bedrucken-recycelt-matt-600ml\/#mainImage"},"datePublished":"2026-01-26T10:08:49+00:00","dateModified":"2026-02-17T11:56:14+00:00"},{"@type":"WebSite","@id":"https:\/\/bidonsenshakers.nl\/de\/#website","url":"https:\/\/bidonsenshakers.nl\/de\/","name":"Trinkflaschen & Shakers","description":"Trinkflaschen & Shakers","inLanguage":"de-DE","publisher":{"@id":"https:\/\/bidonsenshakers.nl\/de\/#organization"}}]},"og:locale":"de_DE","og:site_name":"Trinkflaschen &amp; Shakers - Trinkflaschen &amp; Shakers","og:type":"article","og:title":"R-PET Trinkflasche bedrucken recycelt matt 600ml","og:description":"Entdecke die matte Trinkflasche aus recyceltem Matt-RPET mit 600 ml Fassungsverm\u00f6gen. Perfekt f\u00fcr umweltbewusste Events &amp; Promotion, ideal zum Bedrucken mit deinem Logo. Erh\u00e4ltlich in verschiedenen Farben und geeignet f\u00fcr den t\u00e4glichen Gebrauch.","og:url":"https:\/\/bidonsenshakers.nl\/de\/wp-json\/wp\/v2\/product\/6136","og:image":"https:\/\/shop.hidalgo.nl\/wp-content\/uploads\/2026\/01\/cropped-Logo.png","og:image:secure_url":"https:\/\/shop.hidalgo.nl\/wp-content\/uploads\/2026\/01\/cropped-Logo.png","article:published_time":"2026-01-26T10:08:49+00:00","article:modified_time":"2026-02-17T11:56:14+00:00","article:publisher":"https:\/\/www.facebook.com\/hidalgobagsandmore\/","twitter:card":"summary_large_image","twitter:site":"@Hidalgo_BV","twitter:title":"R-PET Trinkflasche bedrucken recycelt matt 600ml","twitter:description":"Entdecke die matte Trinkflasche aus recyceltem Matt-RPET mit 600 ml Fassungsverm\u00f6gen. Perfekt f\u00fcr umweltbewusste Events &amp; Promotion, ideal zum Bedrucken mit deinem Logo. Erh\u00e4ltlich in verschiedenen Farben und geeignet f\u00fcr den t\u00e4glichen Gebrauch.","twitter:image":"https:\/\/shop.hidalgo.nl\/wp-content\/uploads\/2026\/01\/cropped-Logo.png"},"aioseo_meta_data":{"post_id":"6136","title":null,"description":null,"keywords":null,"keyphrases":null,"canonical_url":null,"og_title":null,"og_description":null,"og_object_type":"default","og_image_type":"default","og_image_custom_url":null,"og_image_custom_fields":null,"og_custom_image_width":null,"og_custom_image_height":null,"og_video":null,"og_custom_url":null,"og_article_section":null,"og_article_tags":null,"twitter_use_og":false,"twitter_card":"default","twitter_image_type":"default","twitter_image_custom_url":null,"twitter_image_custom_fields":null,"twitter_title":null,"twitter_description":null,"schema_type":null,"schema_type_options":null,"pillar_content":false,"robots_default":true,"robots_noindex":false,"robots_noarchive":false,"robots_nosnippet":false,"robots_nofollow":false,"robots_noimageindex":false,"robots_noodp":false,"robots_notranslate":false,"robots_max_snippet":null,"robots_max_videopreview":null,"robots_max_imagepreview":"none","tabs":null,"priority":null,"frequency":null,"local_seo":null,"created":"2026-01-26 10:12:49","updated":"2026-02-18 10:34:30"},"aioseo_breadcrumb":"<div class=\"aioseo-breadcrumbs\"><span class=\"aioseo-breadcrumb\">\n\t<a href=\"https:\/\/bidonsenshakers.nl\/de\/\" title=\"Home\">Home<\/a>\n<\/span><span class=\"aioseo-breadcrumb-separator\">\u00bb<\/span><span class=\"aioseo-breadcrumb\">\n\t<a href=\"https:\/\/bidonsenshakers.nl\/shop\/\" title=\"Shop\">Shop<\/a>\n<\/span><span class=\"aioseo-breadcrumb-separator\">\u00bb<\/span><span class=\"aioseo-breadcrumb\">\n\t<a href=\"https:\/\/bidonsenshakers.nl\/de\/product-supplier\/a53\/\" title=\"A53\">A53<\/a>\n<\/span><span class=\"aioseo-breadcrumb-separator\">\u00bb<\/span><span class=\"aioseo-breadcrumb\">\n\tR-PET fles mat 600ml\n<\/span><\/div>","aioseo_breadcrumb_json":[{"label":"Home","link":"https:\/\/bidonsenshakers.nl\/de\/"},{"label":"Shop","link":"https:\/\/bidonsenshakers.nl\/shop\/"},{"label":"A53","link":"https:\/\/bidonsenshakers.nl\/de\/product-supplier\/a53\/"},{"label":"R-PET fles mat 600ml","link":"https:\/\/bidonsenshakers.nl\/de\/product\/6136\/r-pet-trinkflasche-bedrucken-recycelt-matt-600ml\/"}],"_links":{"self":[{"href":"https:\/\/bidonsenshakers.nl\/de\/wp-json\/wp\/v2\/product\/6136","targetHints":{"allow":["GET"]}}],"collection":[{"href":"https:\/\/bidonsenshakers.nl\/de\/wp-json\/wp\/v2\/product"}],"about":[{"href":"https:\/\/bidonsenshakers.nl\/de\/wp-json\/wp\/v2\/types\/product"}],"wp:featuredmedia":[{"embeddable":true,"href":"https:\/\/bidonsenshakers.nl\/de\/wp-json\/wp\/v2\/media\/6137"}],"wp:attachment":[{"href":"https:\/\/bidonsenshakers.nl\/de\/wp-json\/wp\/v2\/media?parent=6136"}],"wp:term":[{"taxonomy":"product_brand","embeddable":true,"href":"https:\/\/bidonsenshakers.nl\/de\/wp-json\/wp\/v2\/product_brand?post=6136"},{"taxonomy":"product_cat","embeddable":true,"href":"https:\/\/bidonsenshakers.nl\/de\/wp-json\/wp\/v2\/product_cat?post=6136"},{"taxonomy":"product_tag","embeddable":true,"href":"https:\/\/bidonsenshakers.nl\/de\/wp-json\/wp\/v2\/product_tag?post=6136"}],"curies":[{"name":"wp","href":"https:\/\/api.w.org\/{rel}","templated":true}]}}