{"id":6401,"date":"2026-01-26T10:09:45","date_gmt":"2026-01-26T10:09:45","guid":{"rendered":"https:\/\/bidonsenshakers.shop.hidalgo.nl\/product\/senga-glass-bamboo-500-ml-drinkfles\/"},"modified":"2026-02-17T11:56:13","modified_gmt":"2026-02-17T11:56:13","slug":"senga-glass-bamboo-500-ml-drinkfles","status":"publish","type":"product","link":"https:\/\/bidonsenshakers.nl\/de\/product\/6401\/trinkflasche-bedrucken-glas-500-ml-borosilikat-bambus-deckel\/","title":{"rendered":"Senga Glass Bamboo 500 ml drinkfles"},"content":{"rendered":"<p>Slanke, lekvrije waterfles van hoogwaardig borosilicaatglas met bamboo schroefdop en jute sleeve. De glazen fles is vaatwasserbestendig m.u.v. de schroefdop. Inhoud 500 ml. Per stuk in kraft doos.<\/p>\n","protected":false},"excerpt":{"rendered":"<p>Slanke, lekvrije waterfles van hoogwaardig borosilicaatglas met bamboo schroefdop en jute sleeve. De glazen fles is vaatwasserbestendig m.u.v. de schroefdop. Inhoud 500 ml. Per stuk in kraft doos.<\/p>\n","protected":false},"featured_media":6402,"template":"","meta":{"_acf_changed":false,"om_disable_all_campaigns":false,"_monsterinsights_skip_tracking":false,"_monsterinsights_sitenote_active":false,"_monsterinsights_sitenote_note":"","_monsterinsights_sitenote_category":0},"product_brand":[],"product_cat":[360,286],"product_tag":[],"class_list":{"0":"post-6401","1":"product","2":"type-product","3":"status-publish","4":"has-post-thumbnail","6":"product_supplier-a24","7":"product_material-glasbamboe","8":"product_cat-bio","9":"product_cat-drinkflessen","10":"entry","12":"first","13":"instock","14":"taxable","15":"shipping-taxable","16":"purchasable","17":"product-type-variable"},"acf":{"imprint_cost":[{"imprint_cost_key":"c8f031343fc16b039fc1f16fc1b3e3f2c12f3e65","product_quantity_price_range":[{"imprint_cost_recommended_selling_price":"1.875","imprint_cost_recommended_selling_quantity":"1"},{"imprint_cost_recommended_selling_price":"1.275","imprint_cost_recommended_selling_quantity":"25"},{"imprint_cost_recommended_selling_price":"0.9","imprint_cost_recommended_selling_quantity":"50"},{"imprint_cost_recommended_selling_price":"0.675","imprint_cost_recommended_selling_quantity":"100"},{"imprint_cost_recommended_selling_price":"0.585","imprint_cost_recommended_selling_quantity":"250"},{"imprint_cost_recommended_selling_price":"0.51","imprint_cost_recommended_selling_quantity":"500"},{"imprint_cost_recommended_selling_price":"0.45","imprint_cost_recommended_selling_quantity":"1000"},{"imprint_cost_recommended_selling_price":"0.405","imprint_cost_recommended_selling_quantity":"2500"},{"imprint_cost_recommended_selling_price":"0.375","imprint_cost_recommended_selling_quantity":"5000"}],"product_quantity_price_range_buying":[{"imprint_cost_general_buying_price":"1.25","imprint_cost_general_buying_quantity":"1"},{"imprint_cost_general_buying_price":"0.85","imprint_cost_general_buying_quantity":"25"},{"imprint_cost_general_buying_price":"0.6","imprint_cost_general_buying_quantity":"50"},{"imprint_cost_general_buying_price":"0.45","imprint_cost_general_buying_quantity":"100"},{"imprint_cost_general_buying_price":"0.39","imprint_cost_general_buying_quantity":"250"},{"imprint_cost_general_buying_price":"0.34","imprint_cost_general_buying_quantity":"500"},{"imprint_cost_general_buying_price":"0.3","imprint_cost_general_buying_quantity":"1000"},{"imprint_cost_general_buying_price":"0.27","imprint_cost_general_buying_quantity":"2500"},{"imprint_cost_general_buying_price":"0.25","imprint_cost_general_buying_quantity":"5000"}],"imprint_cost_setup_costs":"52.5","imprint_cost_handling_costs":"0.15"},{"imprint_cost_key":"529dfbbc50f334f4cbc2ab0de9c7bef842561940","product_quantity_price_range":[{"imprint_cost_recommended_selling_price":"3.3","imprint_cost_recommended_selling_quantity":"1"},{"imprint_cost_recommended_selling_price":"2.25","imprint_cost_recommended_selling_quantity":"25"},{"imprint_cost_recommended_selling_price":"1.5","imprint_cost_recommended_selling_quantity":"50"},{"imprint_cost_recommended_selling_price":"1.125","imprint_cost_recommended_selling_quantity":"100"},{"imprint_cost_recommended_selling_price":"0.96","imprint_cost_recommended_selling_quantity":"250"},{"imprint_cost_recommended_selling_price":"0.855","imprint_cost_recommended_selling_quantity":"500"},{"imprint_cost_recommended_selling_price":"0.765","imprint_cost_recommended_selling_quantity":"1000"},{"imprint_cost_recommended_selling_price":"0.705","imprint_cost_recommended_selling_quantity":"2500"},{"imprint_cost_recommended_selling_price":"0.66","imprint_cost_recommended_selling_quantity":"5000"}],"product_quantity_price_range_buying":[{"imprint_cost_general_buying_price":"2.2","imprint_cost_general_buying_quantity":"1"},{"imprint_cost_general_buying_price":"1.5","imprint_cost_general_buying_quantity":"25"},{"imprint_cost_general_buying_price":"1","imprint_cost_general_buying_quantity":"50"},{"imprint_cost_general_buying_price":"0.75","imprint_cost_general_buying_quantity":"100"},{"imprint_cost_general_buying_price":"0.64","imprint_cost_general_buying_quantity":"250"},{"imprint_cost_general_buying_price":"0.57","imprint_cost_general_buying_quantity":"500"},{"imprint_cost_general_buying_price":"0.51","imprint_cost_general_buying_quantity":"1000"},{"imprint_cost_general_buying_price":"0.47","imprint_cost_general_buying_quantity":"2500"},{"imprint_cost_general_buying_price":"0.44","imprint_cost_general_buying_quantity":"5000"}],"imprint_cost_setup_costs":"105","imprint_cost_handling_costs":"0.15"}]},"aioseo_notices":[],"aioseo_head":"\n\t\t<!-- All in One SEO Pro 4.9.6.1 - aioseo.com -->\n\t<meta name=\"description\" content=\"Entdecke die praktische 500 ml Flasche aus Borosilikatglas mit einem schicken Bambusdeckel. Ideal f\u00fcr Getr\u00e4nke unterwegs, bietet sie nicht nur Funktionalit\u00e4t, sondern auch Personalisierungsm\u00f6glichkeiten mit deinem Logo. Perfekt f\u00fcr umweltbewusste Trendsetter, die Wert auf Stil &amp; Nachhaltigkeit legen.\" \/>\n\t<meta name=\"robots\" content=\"max-image-preview:large\" \/>\n\t<meta name=\"google-site-verification\" content=\"BBMiYHShnVBoc8v9xoHf0FXMC27otVB0wiWxw_hFRrM\" \/>\n\t<link rel=\"canonical\" href=\"https:\/\/bidonsenshakers.nl\/de\/wp-json\/wp\/v2\/product\/6401\" \/>\n\t<meta name=\"generator\" content=\"All in One SEO Pro (AIOSEO) 4.9.6.1\" \/>\n\t\t<meta property=\"og:locale\" content=\"de_DE\" \/>\n\t\t<meta property=\"og:site_name\" content=\"Trinkflaschen &amp; Shakers - Trinkflaschen &amp; Shakers\" \/>\n\t\t<meta property=\"og:type\" content=\"article\" \/>\n\t\t<meta property=\"og:title\" content=\"Trinkflasche bedrucken Glas 500 ml Borosilikat Bambus-Deckel\" \/>\n\t\t<meta property=\"og:description\" content=\"Entdecke die praktische 500 ml Flasche aus Borosilikatglas mit einem schicken Bambusdeckel. Ideal f\u00fcr Getr\u00e4nke unterwegs, bietet sie nicht nur Funktionalit\u00e4t, sondern auch Personalisierungsm\u00f6glichkeiten mit deinem Logo. Perfekt f\u00fcr umweltbewusste Trendsetter, die Wert auf Stil &amp; Nachhaltigkeit legen.\" \/>\n\t\t<meta property=\"og:url\" content=\"https:\/\/bidonsenshakers.nl\/de\/wp-json\/wp\/v2\/product\/6401\" \/>\n\t\t<meta property=\"og:image\" content=\"https:\/\/shop.hidalgo.nl\/wp-content\/uploads\/2026\/01\/cropped-Logo.png\" \/>\n\t\t<meta property=\"og:image:secure_url\" content=\"https:\/\/shop.hidalgo.nl\/wp-content\/uploads\/2026\/01\/cropped-Logo.png\" \/>\n\t\t<meta property=\"article:published_time\" content=\"2026-01-26T10:09:45+00:00\" \/>\n\t\t<meta property=\"article:modified_time\" content=\"2026-02-17T11:56:13+00:00\" \/>\n\t\t<meta property=\"article:publisher\" content=\"https:\/\/www.facebook.com\/hidalgobagsandmore\/\" \/>\n\t\t<meta name=\"twitter:card\" content=\"summary_large_image\" \/>\n\t\t<meta name=\"twitter:site\" content=\"@Hidalgo_BV\" \/>\n\t\t<meta name=\"twitter:title\" content=\"Trinkflasche bedrucken Glas 500 ml Borosilikat Bambus-Deckel\" \/>\n\t\t<meta name=\"twitter:description\" content=\"Entdecke die praktische 500 ml Flasche aus Borosilikatglas mit einem schicken Bambusdeckel. Ideal f\u00fcr Getr\u00e4nke unterwegs, bietet sie nicht nur Funktionalit\u00e4t, sondern auch Personalisierungsm\u00f6glichkeiten mit deinem Logo. Perfekt f\u00fcr umweltbewusste Trendsetter, die Wert auf Stil &amp; Nachhaltigkeit legen.\" \/>\n\t\t<meta name=\"twitter:image\" content=\"https:\/\/shop.hidalgo.nl\/wp-content\/uploads\/2026\/01\/cropped-Logo.png\" \/>\n\t\t<script type=\"application\/ld+json\" class=\"aioseo-schema\">\n\t\t\t{\"@context\":\"https:\\\/\\\/schema.org\",\"@graph\":[{\"@type\":\"BreadcrumbList\",\"@id\":\"https:\\\/\\\/bidonsenshakers.nl\\\/de\\\/product\\\/6401\\\/trinkflasche-bedrucken-glas-500-ml-borosilikat-bambus-deckel\\\/#breadcrumblist\",\"itemListElement\":[{\"@type\":\"ListItem\",\"@id\":\"https:\\\/\\\/bidonsenshakers.nl\\\/de\\\/#listItem\",\"position\":1,\"name\":\"Home\",\"item\":\"https:\\\/\\\/bidonsenshakers.nl\\\/de\\\/\",\"nextItem\":{\"@type\":\"ListItem\",\"@id\":\"https:\\\/\\\/bidonsenshakers.nl\\\/shop\\\/#listItem\",\"name\":\"Shop\"}},{\"@type\":\"ListItem\",\"@id\":\"https:\\\/\\\/bidonsenshakers.nl\\\/shop\\\/#listItem\",\"position\":2,\"name\":\"Shop\",\"item\":\"https:\\\/\\\/bidonsenshakers.nl\\\/shop\\\/\",\"nextItem\":{\"@type\":\"ListItem\",\"@id\":\"https:\\\/\\\/bidonsenshakers.nl\\\/de\\\/product-supplier\\\/a24\\\/#listItem\",\"name\":\"A24\"},\"previousItem\":{\"@type\":\"ListItem\",\"@id\":\"https:\\\/\\\/bidonsenshakers.nl\\\/de\\\/#listItem\",\"name\":\"Home\"}},{\"@type\":\"ListItem\",\"@id\":\"https:\\\/\\\/bidonsenshakers.nl\\\/de\\\/product-supplier\\\/a24\\\/#listItem\",\"position\":3,\"name\":\"A24\",\"item\":\"https:\\\/\\\/bidonsenshakers.nl\\\/de\\\/product-supplier\\\/a24\\\/\",\"nextItem\":{\"@type\":\"ListItem\",\"@id\":\"https:\\\/\\\/bidonsenshakers.nl\\\/de\\\/product\\\/6401\\\/trinkflasche-bedrucken-glas-500-ml-borosilikat-bambus-deckel\\\/#listItem\",\"name\":\"Senga Glass Bamboo 500 ml drinkfles\"},\"previousItem\":{\"@type\":\"ListItem\",\"@id\":\"https:\\\/\\\/bidonsenshakers.nl\\\/shop\\\/#listItem\",\"name\":\"Shop\"}},{\"@type\":\"ListItem\",\"@id\":\"https:\\\/\\\/bidonsenshakers.nl\\\/de\\\/product\\\/6401\\\/trinkflasche-bedrucken-glas-500-ml-borosilikat-bambus-deckel\\\/#listItem\",\"position\":4,\"name\":\"Senga Glass Bamboo 500 ml drinkfles\",\"previousItem\":{\"@type\":\"ListItem\",\"@id\":\"https:\\\/\\\/bidonsenshakers.nl\\\/de\\\/product-supplier\\\/a24\\\/#listItem\",\"name\":\"A24\"}}]},{\"@type\":\"Organization\",\"@id\":\"https:\\\/\\\/bidonsenshakers.nl\\\/de\\\/#organization\",\"name\":\"Trinkflaschen & Shakers\",\"description\":\"Trinkflaschen & Shakers\",\"url\":\"https:\\\/\\\/bidonsenshakers.nl\\\/de\\\/\",\"telephone\":\"+31793310133\",\"logo\":{\"@type\":\"ImageObject\",\"url\":\"https:\\\/\\\/shop.hidalgo.nl\\\/wp-content\\\/uploads\\\/2026\\\/01\\\/cropped-Logo.png\",\"@id\":\"https:\\\/\\\/bidonsenshakers.nl\\\/de\\\/product\\\/6401\\\/trinkflasche-bedrucken-glas-500-ml-borosilikat-bambus-deckel\\\/#organizationLogo\",\"width\":600,\"height\":243},\"image\":{\"@id\":\"https:\\\/\\\/bidonsenshakers.nl\\\/de\\\/product\\\/6401\\\/trinkflasche-bedrucken-glas-500-ml-borosilikat-bambus-deckel\\\/#organizationLogo\"},\"sameAs\":[\"https:\\\/\\\/www.facebook.com\\\/hidalgobagsandmore\\\/\",\"https:\\\/\\\/x.com\\\/Hidalgo_BV\\\/status\\\/74021585866067968\",\"https:\\\/\\\/www.instagram.com\\\/hidalgobagsandmore\\\/#\",\"https:\\\/\\\/www.youtube.com\\\/@hidalgobagsandmore\",\"https:\\\/\\\/www.linkedin.com\\\/in\\\/rutgerblommers\\\/\"]},{\"@type\":\"WebPage\",\"@id\":\"https:\\\/\\\/bidonsenshakers.nl\\\/de\\\/product\\\/6401\\\/trinkflasche-bedrucken-glas-500-ml-borosilikat-bambus-deckel\\\/#webpage\",\"url\":\"https:\\\/\\\/bidonsenshakers.nl\\\/de\\\/product\\\/6401\\\/trinkflasche-bedrucken-glas-500-ml-borosilikat-bambus-deckel\\\/\",\"name\":\"Trinkflasche bedrucken Glas 500 ml Borosilikat Bambus-Deckel\",\"description\":\"Entdecke die praktische 500 ml Flasche aus Borosilikatglas mit einem schicken Bambusdeckel. Ideal f\\u00fcr Getr\\u00e4nke unterwegs, bietet sie nicht nur Funktionalit\\u00e4t, sondern auch Personalisierungsm\\u00f6glichkeiten mit deinem Logo. Perfekt f\\u00fcr umweltbewusste Trendsetter, die Wert auf Stil & Nachhaltigkeit legen.\",\"inLanguage\":\"de-DE\",\"isPartOf\":{\"@id\":\"https:\\\/\\\/bidonsenshakers.nl\\\/de\\\/#website\"},\"breadcrumb\":{\"@id\":\"https:\\\/\\\/bidonsenshakers.nl\\\/de\\\/product\\\/6401\\\/trinkflasche-bedrucken-glas-500-ml-borosilikat-bambus-deckel\\\/#breadcrumblist\"},\"image\":{\"@type\":\"ImageObject\",\"url\":\"https:\\\/\\\/shop.hidalgo.nl\\\/wp-content\\\/uploads\\\/2025\\\/04\\\/d387eee5afeb9570592c0a146b0b7da9fb2bc1b2138b4c62443bfdecea008960.jpg\",\"@id\":\"https:\\\/\\\/bidonsenshakers.nl\\\/de\\\/product\\\/6401\\\/trinkflasche-bedrucken-glas-500-ml-borosilikat-bambus-deckel\\\/#mainImage\"},\"primaryImageOfPage\":{\"@id\":\"https:\\\/\\\/bidonsenshakers.nl\\\/de\\\/product\\\/6401\\\/trinkflasche-bedrucken-glas-500-ml-borosilikat-bambus-deckel\\\/#mainImage\"},\"datePublished\":\"2026-01-26T10:09:45+00:00\",\"dateModified\":\"2026-02-17T11:56:13+00:00\"},{\"@type\":\"WebSite\",\"@id\":\"https:\\\/\\\/bidonsenshakers.nl\\\/de\\\/#website\",\"url\":\"https:\\\/\\\/bidonsenshakers.nl\\\/de\\\/\",\"name\":\"Trinkflaschen & Shakers\",\"description\":\"Trinkflaschen & Shakers\",\"inLanguage\":\"de-DE\",\"publisher\":{\"@id\":\"https:\\\/\\\/bidonsenshakers.nl\\\/de\\\/#organization\"}}]}\n\t\t<\/script>\n\t\t<!-- All in One SEO Pro -->\r\n\t\t<title>Trinkflasche bedrucken Glas 500 ml Borosilikat Bambus-Deckel<\/title>\n\n","aioseo_head_json":{"title":"Trinkflasche bedrucken Glas 500 ml Borosilikat Bambus-Deckel","description":"Entdecke die praktische 500 ml Flasche aus Borosilikatglas mit einem schicken Bambusdeckel. Ideal f\u00fcr Getr\u00e4nke unterwegs, bietet sie nicht nur Funktionalit\u00e4t, sondern auch Personalisierungsm\u00f6glichkeiten mit deinem Logo. Perfekt f\u00fcr umweltbewusste Trendsetter, die Wert auf Stil & Nachhaltigkeit legen.","canonical_url":"https:\/\/bidonsenshakers.nl\/de\/wp-json\/wp\/v2\/product\/6401","robots":"max-image-preview:large","keywords":"","webmasterTools":{"google-site-verification":"BBMiYHShnVBoc8v9xoHf0FXMC27otVB0wiWxw_hFRrM","miscellaneous":""},"schema":{"@context":"https:\/\/schema.org","@graph":[{"@type":"BreadcrumbList","@id":"https:\/\/bidonsenshakers.nl\/de\/product\/6401\/trinkflasche-bedrucken-glas-500-ml-borosilikat-bambus-deckel\/#breadcrumblist","itemListElement":[{"@type":"ListItem","@id":"https:\/\/bidonsenshakers.nl\/de\/#listItem","position":1,"name":"Home","item":"https:\/\/bidonsenshakers.nl\/de\/","nextItem":{"@type":"ListItem","@id":"https:\/\/bidonsenshakers.nl\/shop\/#listItem","name":"Shop"}},{"@type":"ListItem","@id":"https:\/\/bidonsenshakers.nl\/shop\/#listItem","position":2,"name":"Shop","item":"https:\/\/bidonsenshakers.nl\/shop\/","nextItem":{"@type":"ListItem","@id":"https:\/\/bidonsenshakers.nl\/de\/product-supplier\/a24\/#listItem","name":"A24"},"previousItem":{"@type":"ListItem","@id":"https:\/\/bidonsenshakers.nl\/de\/#listItem","name":"Home"}},{"@type":"ListItem","@id":"https:\/\/bidonsenshakers.nl\/de\/product-supplier\/a24\/#listItem","position":3,"name":"A24","item":"https:\/\/bidonsenshakers.nl\/de\/product-supplier\/a24\/","nextItem":{"@type":"ListItem","@id":"https:\/\/bidonsenshakers.nl\/de\/product\/6401\/trinkflasche-bedrucken-glas-500-ml-borosilikat-bambus-deckel\/#listItem","name":"Senga Glass Bamboo 500 ml drinkfles"},"previousItem":{"@type":"ListItem","@id":"https:\/\/bidonsenshakers.nl\/shop\/#listItem","name":"Shop"}},{"@type":"ListItem","@id":"https:\/\/bidonsenshakers.nl\/de\/product\/6401\/trinkflasche-bedrucken-glas-500-ml-borosilikat-bambus-deckel\/#listItem","position":4,"name":"Senga Glass Bamboo 500 ml drinkfles","previousItem":{"@type":"ListItem","@id":"https:\/\/bidonsenshakers.nl\/de\/product-supplier\/a24\/#listItem","name":"A24"}}]},{"@type":"Organization","@id":"https:\/\/bidonsenshakers.nl\/de\/#organization","name":"Trinkflaschen & Shakers","description":"Trinkflaschen & Shakers","url":"https:\/\/bidonsenshakers.nl\/de\/","telephone":"+31793310133","logo":{"@type":"ImageObject","url":"https:\/\/shop.hidalgo.nl\/wp-content\/uploads\/2026\/01\/cropped-Logo.png","@id":"https:\/\/bidonsenshakers.nl\/de\/product\/6401\/trinkflasche-bedrucken-glas-500-ml-borosilikat-bambus-deckel\/#organizationLogo","width":600,"height":243},"image":{"@id":"https:\/\/bidonsenshakers.nl\/de\/product\/6401\/trinkflasche-bedrucken-glas-500-ml-borosilikat-bambus-deckel\/#organizationLogo"},"sameAs":["https:\/\/www.facebook.com\/hidalgobagsandmore\/","https:\/\/x.com\/Hidalgo_BV\/status\/74021585866067968","https:\/\/www.instagram.com\/hidalgobagsandmore\/#","https:\/\/www.youtube.com\/@hidalgobagsandmore","https:\/\/www.linkedin.com\/in\/rutgerblommers\/"]},{"@type":"WebPage","@id":"https:\/\/bidonsenshakers.nl\/de\/product\/6401\/trinkflasche-bedrucken-glas-500-ml-borosilikat-bambus-deckel\/#webpage","url":"https:\/\/bidonsenshakers.nl\/de\/product\/6401\/trinkflasche-bedrucken-glas-500-ml-borosilikat-bambus-deckel\/","name":"Trinkflasche bedrucken Glas 500 ml Borosilikat Bambus-Deckel","description":"Entdecke die praktische 500 ml Flasche aus Borosilikatglas mit einem schicken Bambusdeckel. Ideal f\u00fcr Getr\u00e4nke unterwegs, bietet sie nicht nur Funktionalit\u00e4t, sondern auch Personalisierungsm\u00f6glichkeiten mit deinem Logo. Perfekt f\u00fcr umweltbewusste Trendsetter, die Wert auf Stil & Nachhaltigkeit legen.","inLanguage":"de-DE","isPartOf":{"@id":"https:\/\/bidonsenshakers.nl\/de\/#website"},"breadcrumb":{"@id":"https:\/\/bidonsenshakers.nl\/de\/product\/6401\/trinkflasche-bedrucken-glas-500-ml-borosilikat-bambus-deckel\/#breadcrumblist"},"image":{"@type":"ImageObject","url":"https:\/\/shop.hidalgo.nl\/wp-content\/uploads\/2025\/04\/d387eee5afeb9570592c0a146b0b7da9fb2bc1b2138b4c62443bfdecea008960.jpg","@id":"https:\/\/bidonsenshakers.nl\/de\/product\/6401\/trinkflasche-bedrucken-glas-500-ml-borosilikat-bambus-deckel\/#mainImage"},"primaryImageOfPage":{"@id":"https:\/\/bidonsenshakers.nl\/de\/product\/6401\/trinkflasche-bedrucken-glas-500-ml-borosilikat-bambus-deckel\/#mainImage"},"datePublished":"2026-01-26T10:09:45+00:00","dateModified":"2026-02-17T11:56:13+00:00"},{"@type":"WebSite","@id":"https:\/\/bidonsenshakers.nl\/de\/#website","url":"https:\/\/bidonsenshakers.nl\/de\/","name":"Trinkflaschen & Shakers","description":"Trinkflaschen & Shakers","inLanguage":"de-DE","publisher":{"@id":"https:\/\/bidonsenshakers.nl\/de\/#organization"}}]},"og:locale":"de_DE","og:site_name":"Trinkflaschen &amp; Shakers - Trinkflaschen &amp; Shakers","og:type":"article","og:title":"Trinkflasche bedrucken Glas 500 ml Borosilikat Bambus-Deckel","og:description":"Entdecke die praktische 500 ml Flasche aus Borosilikatglas mit einem schicken Bambusdeckel. Ideal f\u00fcr Getr\u00e4nke unterwegs, bietet sie nicht nur Funktionalit\u00e4t, sondern auch Personalisierungsm\u00f6glichkeiten mit deinem Logo. Perfekt f\u00fcr umweltbewusste Trendsetter, die Wert auf Stil &amp; Nachhaltigkeit legen.","og:url":"https:\/\/bidonsenshakers.nl\/de\/wp-json\/wp\/v2\/product\/6401","og:image":"https:\/\/shop.hidalgo.nl\/wp-content\/uploads\/2026\/01\/cropped-Logo.png","og:image:secure_url":"https:\/\/shop.hidalgo.nl\/wp-content\/uploads\/2026\/01\/cropped-Logo.png","article:published_time":"2026-01-26T10:09:45+00:00","article:modified_time":"2026-02-17T11:56:13+00:00","article:publisher":"https:\/\/www.facebook.com\/hidalgobagsandmore\/","twitter:card":"summary_large_image","twitter:site":"@Hidalgo_BV","twitter:title":"Trinkflasche bedrucken Glas 500 ml Borosilikat Bambus-Deckel","twitter:description":"Entdecke die praktische 500 ml Flasche aus Borosilikatglas mit einem schicken Bambusdeckel. Ideal f\u00fcr Getr\u00e4nke unterwegs, bietet sie nicht nur Funktionalit\u00e4t, sondern auch Personalisierungsm\u00f6glichkeiten mit deinem Logo. Perfekt f\u00fcr umweltbewusste Trendsetter, die Wert auf Stil &amp; Nachhaltigkeit legen.","twitter:image":"https:\/\/shop.hidalgo.nl\/wp-content\/uploads\/2026\/01\/cropped-Logo.png"},"aioseo_meta_data":{"post_id":"6401","title":null,"description":null,"keywords":null,"keyphrases":null,"canonical_url":null,"og_title":null,"og_description":null,"og_object_type":"default","og_image_type":"default","og_image_custom_url":null,"og_image_custom_fields":null,"og_custom_image_width":null,"og_custom_image_height":null,"og_video":null,"og_custom_url":null,"og_article_section":null,"og_article_tags":null,"twitter_use_og":false,"twitter_card":"default","twitter_image_type":"default","twitter_image_custom_url":null,"twitter_image_custom_fields":null,"twitter_title":null,"twitter_description":null,"schema_type":null,"schema_type_options":null,"pillar_content":false,"robots_default":true,"robots_noindex":false,"robots_noarchive":false,"robots_nosnippet":false,"robots_nofollow":false,"robots_noimageindex":false,"robots_noodp":false,"robots_notranslate":false,"robots_max_snippet":null,"robots_max_videopreview":null,"robots_max_imagepreview":"none","tabs":null,"priority":null,"frequency":null,"local_seo":null,"created":"2026-01-26 10:12:48","updated":"2026-02-18 10:36:25"},"aioseo_breadcrumb":"<div class=\"aioseo-breadcrumbs\"><span class=\"aioseo-breadcrumb\">\n\t<a href=\"https:\/\/bidonsenshakers.nl\/de\/\" title=\"Home\">Home<\/a>\n<\/span><span class=\"aioseo-breadcrumb-separator\">\u00bb<\/span><span class=\"aioseo-breadcrumb\">\n\t<a href=\"https:\/\/bidonsenshakers.nl\/shop\/\" title=\"Shop\">Shop<\/a>\n<\/span><span class=\"aioseo-breadcrumb-separator\">\u00bb<\/span><span class=\"aioseo-breadcrumb\">\n\t<a href=\"https:\/\/bidonsenshakers.nl\/de\/product-supplier\/a24\/\" title=\"A24\">A24<\/a>\n<\/span><span class=\"aioseo-breadcrumb-separator\">\u00bb<\/span><span class=\"aioseo-breadcrumb\">\n\tSenga Glass Bamboo 500 ml drinkfles\n<\/span><\/div>","aioseo_breadcrumb_json":[{"label":"Home","link":"https:\/\/bidonsenshakers.nl\/de\/"},{"label":"Shop","link":"https:\/\/bidonsenshakers.nl\/shop\/"},{"label":"A24","link":"https:\/\/bidonsenshakers.nl\/de\/product-supplier\/a24\/"},{"label":"Senga Glass Bamboo 500 ml drinkfles","link":"https:\/\/bidonsenshakers.nl\/de\/product\/6401\/trinkflasche-bedrucken-glas-500-ml-borosilikat-bambus-deckel\/"}],"_links":{"self":[{"href":"https:\/\/bidonsenshakers.nl\/de\/wp-json\/wp\/v2\/product\/6401","targetHints":{"allow":["GET"]}}],"collection":[{"href":"https:\/\/bidonsenshakers.nl\/de\/wp-json\/wp\/v2\/product"}],"about":[{"href":"https:\/\/bidonsenshakers.nl\/de\/wp-json\/wp\/v2\/types\/product"}],"wp:featuredmedia":[{"embeddable":true,"href":"https:\/\/bidonsenshakers.nl\/de\/wp-json\/wp\/v2\/media\/6402"}],"wp:attachment":[{"href":"https:\/\/bidonsenshakers.nl\/de\/wp-json\/wp\/v2\/media?parent=6401"}],"wp:term":[{"taxonomy":"product_brand","embeddable":true,"href":"https:\/\/bidonsenshakers.nl\/de\/wp-json\/wp\/v2\/product_brand?post=6401"},{"taxonomy":"product_cat","embeddable":true,"href":"https:\/\/bidonsenshakers.nl\/de\/wp-json\/wp\/v2\/product_cat?post=6401"},{"taxonomy":"product_tag","embeddable":true,"href":"https:\/\/bidonsenshakers.nl\/de\/wp-json\/wp\/v2\/product_tag?post=6401"}],"curies":[{"name":"wp","href":"https:\/\/api.w.org\/{rel}","templated":true}]}}