{"id":6691,"date":"2026-01-26T10:56:20","date_gmt":"2026-01-26T10:56:20","guid":{"rendered":"https:\/\/bidonsenshakers.shop.hidalgo.nl\/product\/keramische-mok-rosamund\/"},"modified":"2026-02-17T11:56:11","modified_gmt":"2026-02-17T11:56:11","slug":"keramische-mok-rosamund","status":"publish","type":"product","link":"https:\/\/bidonsenshakers.nl\/de\/product\/6691\/keramikbecher-bedrucken-rosamund-300-ml-mit-korkboden\/","title":{"rendered":"Keramische mok Rosamund"},"content":{"rendered":"<p>Keramische mok (300 ml) met kurken bodem. Lasergraving is enkel van toepassing op de kleur zwart (001).<\/p>\n","protected":false},"excerpt":{"rendered":"<p>Keramische mok (300 ml) met kurken bodem. Lasergraving is enkel van toepassing op de kleur zwart (001).<\/p>\n","protected":false},"featured_media":6692,"template":"","meta":{"_acf_changed":false,"om_disable_all_campaigns":false,"_monsterinsights_skip_tracking":false,"_monsterinsights_sitenote_active":false,"_monsterinsights_sitenote_note":"","_monsterinsights_sitenote_category":0},"product_brand":[133],"product_cat":[363],"product_tag":[],"class_list":{"0":"post-6691","1":"product","2":"type-product","3":"status-publish","4":"has-post-thumbnail","6":"product_supplier-a58","7":"product_material-keramiek","8":"product_material-kurk","9":"product_brand-impression","10":"product_cat-mokken","11":"entry","13":"first","14":"instock","15":"taxable","16":"shipping-taxable","17":"purchasable","18":"product-type-variable"},"acf":{"imprint_cost":[{"imprint_cost_key":"c9ecbbcda282823441f2ce76ecc301a7b5072aec","product_quantity_price_range":[{"imprint_cost_recommended_selling_price":"4.14","imprint_cost_recommended_selling_quantity":"1"},{"imprint_cost_recommended_selling_price":"2.97","imprint_cost_recommended_selling_quantity":"25"},{"imprint_cost_recommended_selling_price":"1.8","imprint_cost_recommended_selling_quantity":"50"},{"imprint_cost_recommended_selling_price":"1.52","imprint_cost_recommended_selling_quantity":"100"},{"imprint_cost_recommended_selling_price":"1.26","imprint_cost_recommended_selling_quantity":"250"},{"imprint_cost_recommended_selling_price":"1.15","imprint_cost_recommended_selling_quantity":"500"},{"imprint_cost_recommended_selling_price":"1.06","imprint_cost_recommended_selling_quantity":"1000"},{"imprint_cost_recommended_selling_price":"0.95","imprint_cost_recommended_selling_quantity":"2500"}],"product_quantity_price_range_buying":false,"imprint_cost_setup_costs":"30.77","imprint_cost_handling_costs":"0.2"},{"imprint_cost_key":"88b24e476cc0116f6f9b87992c414986c2448b36","product_quantity_price_range":[{"imprint_cost_recommended_selling_price":"2.8","imprint_cost_recommended_selling_quantity":"1"},{"imprint_cost_recommended_selling_price":"2.15","imprint_cost_recommended_selling_quantity":"25"},{"imprint_cost_recommended_selling_price":"1.46","imprint_cost_recommended_selling_quantity":"50"},{"imprint_cost_recommended_selling_price":"1.15","imprint_cost_recommended_selling_quantity":"100"},{"imprint_cost_recommended_selling_price":"1.02","imprint_cost_recommended_selling_quantity":"250"},{"imprint_cost_recommended_selling_price":"0.98","imprint_cost_recommended_selling_quantity":"500"}],"product_quantity_price_range_buying":false,"imprint_cost_setup_costs":"30.77","imprint_cost_handling_costs":"0.2"},{"imprint_cost_key":"cfec96c135718ab9bd43d210bb9b679696c52404","product_quantity_price_range":[{"imprint_cost_recommended_selling_price":"3.11","imprint_cost_recommended_selling_quantity":"1"},{"imprint_cost_recommended_selling_price":"2.38","imprint_cost_recommended_selling_quantity":"25"},{"imprint_cost_recommended_selling_price":"1.83","imprint_cost_recommended_selling_quantity":"50"},{"imprint_cost_recommended_selling_price":"1.38","imprint_cost_recommended_selling_quantity":"100"},{"imprint_cost_recommended_selling_price":"1.17","imprint_cost_recommended_selling_quantity":"250"},{"imprint_cost_recommended_selling_price":"1.05","imprint_cost_recommended_selling_quantity":"500"}],"product_quantity_price_range_buying":false,"imprint_cost_setup_costs":"30.77","imprint_cost_handling_costs":"0.2"},{"imprint_cost_key":"1eb2f1c7da1e73d4b278089c7b1af584abc8105c","product_quantity_price_range":[{"imprint_cost_recommended_selling_price":"4.98","imprint_cost_recommended_selling_quantity":"1"},{"imprint_cost_recommended_selling_price":"3.83","imprint_cost_recommended_selling_quantity":"25"},{"imprint_cost_recommended_selling_price":"2.95","imprint_cost_recommended_selling_quantity":"50"},{"imprint_cost_recommended_selling_price":"2.18","imprint_cost_recommended_selling_quantity":"100"},{"imprint_cost_recommended_selling_price":"2.08","imprint_cost_recommended_selling_quantity":"250"},{"imprint_cost_recommended_selling_price":"1.97","imprint_cost_recommended_selling_quantity":"500"},{"imprint_cost_recommended_selling_price":"1.85","imprint_cost_recommended_selling_quantity":"1000"},{"imprint_cost_recommended_selling_price":"1.74","imprint_cost_recommended_selling_quantity":"2500"},{"imprint_cost_recommended_selling_price":"1.65","imprint_cost_recommended_selling_quantity":"25000"}],"product_quantity_price_range_buying":false,"imprint_cost_setup_costs":"30.77","imprint_cost_handling_costs":"0.2"}]},"aioseo_notices":[],"aioseo_head":"\n\t\t<!-- All in One SEO Pro 4.9.6.1 - aioseo.com -->\n\t<meta name=\"description\" content=\"Erlebe Vielseitigkeit und Stil im Alltag mit der exquisiten, anpassbaren Keramiktasse. Perfekt f\u00fcr Kaffee oder Tee, bietet sie eine hochwertige Personalisierungsm\u00f6glichkeit mit deinem Logo. Ideal f\u00fcr B\u00fcros, Events und Messen, wo sie deinen Markenauftritt st\u00e4rkt.\" \/>\n\t<meta name=\"robots\" content=\"max-image-preview:large\" \/>\n\t<meta name=\"google-site-verification\" content=\"BBMiYHShnVBoc8v9xoHf0FXMC27otVB0wiWxw_hFRrM\" \/>\n\t<link rel=\"canonical\" href=\"https:\/\/bidonsenshakers.nl\/de\/wp-json\/wp\/v2\/product\/6691\" \/>\n\t<meta name=\"generator\" content=\"All in One SEO Pro (AIOSEO) 4.9.6.1\" \/>\n\t\t<meta property=\"og:locale\" content=\"de_DE\" \/>\n\t\t<meta property=\"og:site_name\" content=\"Trinkflaschen &amp; Shakers - Trinkflaschen &amp; Shakers\" \/>\n\t\t<meta property=\"og:type\" content=\"article\" \/>\n\t\t<meta property=\"og:title\" content=\"Keramikbecher bedrucken Rosamund 300 ml mit Korkboden\" \/>\n\t\t<meta property=\"og:description\" content=\"Erlebe Vielseitigkeit und Stil im Alltag mit der exquisiten, anpassbaren Keramiktasse. Perfekt f\u00fcr Kaffee oder Tee, bietet sie eine hochwertige Personalisierungsm\u00f6glichkeit mit deinem Logo. Ideal f\u00fcr B\u00fcros, Events und Messen, wo sie deinen Markenauftritt st\u00e4rkt.\" \/>\n\t\t<meta property=\"og:url\" content=\"https:\/\/bidonsenshakers.nl\/de\/wp-json\/wp\/v2\/product\/6691\" \/>\n\t\t<meta property=\"og:image\" content=\"https:\/\/shop.hidalgo.nl\/wp-content\/uploads\/2026\/01\/cropped-Logo.png\" \/>\n\t\t<meta property=\"og:image:secure_url\" content=\"https:\/\/shop.hidalgo.nl\/wp-content\/uploads\/2026\/01\/cropped-Logo.png\" \/>\n\t\t<meta property=\"article:published_time\" content=\"2026-01-26T10:56:20+00:00\" \/>\n\t\t<meta property=\"article:modified_time\" content=\"2026-02-17T11:56:11+00:00\" \/>\n\t\t<meta property=\"article:publisher\" content=\"https:\/\/www.facebook.com\/hidalgobagsandmore\/\" \/>\n\t\t<meta name=\"twitter:card\" content=\"summary_large_image\" \/>\n\t\t<meta name=\"twitter:site\" content=\"@Hidalgo_BV\" \/>\n\t\t<meta name=\"twitter:title\" content=\"Keramikbecher bedrucken Rosamund 300 ml mit Korkboden\" \/>\n\t\t<meta name=\"twitter:description\" content=\"Erlebe Vielseitigkeit und Stil im Alltag mit der exquisiten, anpassbaren Keramiktasse. Perfekt f\u00fcr Kaffee oder Tee, bietet sie eine hochwertige Personalisierungsm\u00f6glichkeit mit deinem Logo. Ideal f\u00fcr B\u00fcros, Events und Messen, wo sie deinen Markenauftritt st\u00e4rkt.\" \/>\n\t\t<meta name=\"twitter:image\" content=\"https:\/\/shop.hidalgo.nl\/wp-content\/uploads\/2026\/01\/cropped-Logo.png\" \/>\n\t\t<script type=\"application\/ld+json\" class=\"aioseo-schema\">\n\t\t\t{\"@context\":\"https:\\\/\\\/schema.org\",\"@graph\":[{\"@type\":\"BreadcrumbList\",\"@id\":\"https:\\\/\\\/bidonsenshakers.nl\\\/de\\\/product\\\/6691\\\/keramikbecher-bedrucken-rosamund-300-ml-mit-korkboden\\\/#breadcrumblist\",\"itemListElement\":[{\"@type\":\"ListItem\",\"@id\":\"https:\\\/\\\/bidonsenshakers.nl\\\/de\\\/#listItem\",\"position\":1,\"name\":\"Home\",\"item\":\"https:\\\/\\\/bidonsenshakers.nl\\\/de\\\/\",\"nextItem\":{\"@type\":\"ListItem\",\"@id\":\"https:\\\/\\\/bidonsenshakers.nl\\\/shop\\\/#listItem\",\"name\":\"Shop\"}},{\"@type\":\"ListItem\",\"@id\":\"https:\\\/\\\/bidonsenshakers.nl\\\/shop\\\/#listItem\",\"position\":2,\"name\":\"Shop\",\"item\":\"https:\\\/\\\/bidonsenshakers.nl\\\/shop\\\/\",\"nextItem\":{\"@type\":\"ListItem\",\"@id\":\"https:\\\/\\\/bidonsenshakers.nl\\\/de\\\/product-supplier\\\/a58\\\/#listItem\",\"name\":\"A58\"},\"previousItem\":{\"@type\":\"ListItem\",\"@id\":\"https:\\\/\\\/bidonsenshakers.nl\\\/de\\\/#listItem\",\"name\":\"Home\"}},{\"@type\":\"ListItem\",\"@id\":\"https:\\\/\\\/bidonsenshakers.nl\\\/de\\\/product-supplier\\\/a58\\\/#listItem\",\"position\":3,\"name\":\"A58\",\"item\":\"https:\\\/\\\/bidonsenshakers.nl\\\/de\\\/product-supplier\\\/a58\\\/\",\"nextItem\":{\"@type\":\"ListItem\",\"@id\":\"https:\\\/\\\/bidonsenshakers.nl\\\/de\\\/product\\\/6691\\\/keramikbecher-bedrucken-rosamund-300-ml-mit-korkboden\\\/#listItem\",\"name\":\"Keramische mok Rosamund\"},\"previousItem\":{\"@type\":\"ListItem\",\"@id\":\"https:\\\/\\\/bidonsenshakers.nl\\\/shop\\\/#listItem\",\"name\":\"Shop\"}},{\"@type\":\"ListItem\",\"@id\":\"https:\\\/\\\/bidonsenshakers.nl\\\/de\\\/product\\\/6691\\\/keramikbecher-bedrucken-rosamund-300-ml-mit-korkboden\\\/#listItem\",\"position\":4,\"name\":\"Keramische mok Rosamund\",\"previousItem\":{\"@type\":\"ListItem\",\"@id\":\"https:\\\/\\\/bidonsenshakers.nl\\\/de\\\/product-supplier\\\/a58\\\/#listItem\",\"name\":\"A58\"}}]},{\"@type\":\"Organization\",\"@id\":\"https:\\\/\\\/bidonsenshakers.nl\\\/de\\\/#organization\",\"name\":\"Trinkflaschen & Shakers\",\"description\":\"Trinkflaschen & Shakers\",\"url\":\"https:\\\/\\\/bidonsenshakers.nl\\\/de\\\/\",\"telephone\":\"+31793310133\",\"logo\":{\"@type\":\"ImageObject\",\"url\":\"https:\\\/\\\/shop.hidalgo.nl\\\/wp-content\\\/uploads\\\/2026\\\/01\\\/cropped-Logo.png\",\"@id\":\"https:\\\/\\\/bidonsenshakers.nl\\\/de\\\/product\\\/6691\\\/keramikbecher-bedrucken-rosamund-300-ml-mit-korkboden\\\/#organizationLogo\",\"width\":600,\"height\":243},\"image\":{\"@id\":\"https:\\\/\\\/bidonsenshakers.nl\\\/de\\\/product\\\/6691\\\/keramikbecher-bedrucken-rosamund-300-ml-mit-korkboden\\\/#organizationLogo\"},\"sameAs\":[\"https:\\\/\\\/www.facebook.com\\\/hidalgobagsandmore\\\/\",\"https:\\\/\\\/x.com\\\/Hidalgo_BV\\\/status\\\/74021585866067968\",\"https:\\\/\\\/www.instagram.com\\\/hidalgobagsandmore\\\/#\",\"https:\\\/\\\/www.youtube.com\\\/@hidalgobagsandmore\",\"https:\\\/\\\/www.linkedin.com\\\/in\\\/rutgerblommers\\\/\"]},{\"@type\":\"WebPage\",\"@id\":\"https:\\\/\\\/bidonsenshakers.nl\\\/de\\\/product\\\/6691\\\/keramikbecher-bedrucken-rosamund-300-ml-mit-korkboden\\\/#webpage\",\"url\":\"https:\\\/\\\/bidonsenshakers.nl\\\/de\\\/product\\\/6691\\\/keramikbecher-bedrucken-rosamund-300-ml-mit-korkboden\\\/\",\"name\":\"Keramikbecher bedrucken Rosamund 300 ml mit Korkboden\",\"description\":\"Erlebe Vielseitigkeit und Stil im Alltag mit der exquisiten, anpassbaren Keramiktasse. Perfekt f\\u00fcr Kaffee oder Tee, bietet sie eine hochwertige Personalisierungsm\\u00f6glichkeit mit deinem Logo. Ideal f\\u00fcr B\\u00fcros, Events und Messen, wo sie deinen Markenauftritt st\\u00e4rkt.\",\"inLanguage\":\"de-DE\",\"isPartOf\":{\"@id\":\"https:\\\/\\\/bidonsenshakers.nl\\\/de\\\/#website\"},\"breadcrumb\":{\"@id\":\"https:\\\/\\\/bidonsenshakers.nl\\\/de\\\/product\\\/6691\\\/keramikbecher-bedrucken-rosamund-300-ml-mit-korkboden\\\/#breadcrumblist\"},\"image\":{\"@type\":\"ImageObject\",\"url\":\"https:\\\/\\\/shop.hidalgo.nl\\\/wp-content\\\/uploads\\\/2025\\\/04\\\/007121232cdec5582e42454ce0b6c97b64a1dca6eef45063ff243504e6f1d79f.jpg\",\"@id\":\"https:\\\/\\\/bidonsenshakers.nl\\\/de\\\/product\\\/6691\\\/keramikbecher-bedrucken-rosamund-300-ml-mit-korkboden\\\/#mainImage\"},\"primaryImageOfPage\":{\"@id\":\"https:\\\/\\\/bidonsenshakers.nl\\\/de\\\/product\\\/6691\\\/keramikbecher-bedrucken-rosamund-300-ml-mit-korkboden\\\/#mainImage\"},\"datePublished\":\"2026-01-26T10:56:20+00:00\",\"dateModified\":\"2026-02-17T11:56:11+00:00\"},{\"@type\":\"WebSite\",\"@id\":\"https:\\\/\\\/bidonsenshakers.nl\\\/de\\\/#website\",\"url\":\"https:\\\/\\\/bidonsenshakers.nl\\\/de\\\/\",\"name\":\"Trinkflaschen & Shakers\",\"description\":\"Trinkflaschen & Shakers\",\"inLanguage\":\"de-DE\",\"publisher\":{\"@id\":\"https:\\\/\\\/bidonsenshakers.nl\\\/de\\\/#organization\"}}]}\n\t\t<\/script>\n\t\t<!-- All in One SEO Pro -->\r\n\t\t<title>Keramikbecher bedrucken Rosamund 300 ml mit Korkboden<\/title>\n\n","aioseo_head_json":{"title":"Keramikbecher bedrucken Rosamund 300 ml mit Korkboden","description":"Erlebe Vielseitigkeit und Stil im Alltag mit der exquisiten, anpassbaren Keramiktasse. Perfekt f\u00fcr Kaffee oder Tee, bietet sie eine hochwertige Personalisierungsm\u00f6glichkeit mit deinem Logo. Ideal f\u00fcr B\u00fcros, Events und Messen, wo sie deinen Markenauftritt st\u00e4rkt.","canonical_url":"https:\/\/bidonsenshakers.nl\/de\/wp-json\/wp\/v2\/product\/6691","robots":"max-image-preview:large","keywords":"","webmasterTools":{"google-site-verification":"BBMiYHShnVBoc8v9xoHf0FXMC27otVB0wiWxw_hFRrM","miscellaneous":""},"schema":{"@context":"https:\/\/schema.org","@graph":[{"@type":"BreadcrumbList","@id":"https:\/\/bidonsenshakers.nl\/de\/product\/6691\/keramikbecher-bedrucken-rosamund-300-ml-mit-korkboden\/#breadcrumblist","itemListElement":[{"@type":"ListItem","@id":"https:\/\/bidonsenshakers.nl\/de\/#listItem","position":1,"name":"Home","item":"https:\/\/bidonsenshakers.nl\/de\/","nextItem":{"@type":"ListItem","@id":"https:\/\/bidonsenshakers.nl\/shop\/#listItem","name":"Shop"}},{"@type":"ListItem","@id":"https:\/\/bidonsenshakers.nl\/shop\/#listItem","position":2,"name":"Shop","item":"https:\/\/bidonsenshakers.nl\/shop\/","nextItem":{"@type":"ListItem","@id":"https:\/\/bidonsenshakers.nl\/de\/product-supplier\/a58\/#listItem","name":"A58"},"previousItem":{"@type":"ListItem","@id":"https:\/\/bidonsenshakers.nl\/de\/#listItem","name":"Home"}},{"@type":"ListItem","@id":"https:\/\/bidonsenshakers.nl\/de\/product-supplier\/a58\/#listItem","position":3,"name":"A58","item":"https:\/\/bidonsenshakers.nl\/de\/product-supplier\/a58\/","nextItem":{"@type":"ListItem","@id":"https:\/\/bidonsenshakers.nl\/de\/product\/6691\/keramikbecher-bedrucken-rosamund-300-ml-mit-korkboden\/#listItem","name":"Keramische mok Rosamund"},"previousItem":{"@type":"ListItem","@id":"https:\/\/bidonsenshakers.nl\/shop\/#listItem","name":"Shop"}},{"@type":"ListItem","@id":"https:\/\/bidonsenshakers.nl\/de\/product\/6691\/keramikbecher-bedrucken-rosamund-300-ml-mit-korkboden\/#listItem","position":4,"name":"Keramische mok Rosamund","previousItem":{"@type":"ListItem","@id":"https:\/\/bidonsenshakers.nl\/de\/product-supplier\/a58\/#listItem","name":"A58"}}]},{"@type":"Organization","@id":"https:\/\/bidonsenshakers.nl\/de\/#organization","name":"Trinkflaschen & Shakers","description":"Trinkflaschen & Shakers","url":"https:\/\/bidonsenshakers.nl\/de\/","telephone":"+31793310133","logo":{"@type":"ImageObject","url":"https:\/\/shop.hidalgo.nl\/wp-content\/uploads\/2026\/01\/cropped-Logo.png","@id":"https:\/\/bidonsenshakers.nl\/de\/product\/6691\/keramikbecher-bedrucken-rosamund-300-ml-mit-korkboden\/#organizationLogo","width":600,"height":243},"image":{"@id":"https:\/\/bidonsenshakers.nl\/de\/product\/6691\/keramikbecher-bedrucken-rosamund-300-ml-mit-korkboden\/#organizationLogo"},"sameAs":["https:\/\/www.facebook.com\/hidalgobagsandmore\/","https:\/\/x.com\/Hidalgo_BV\/status\/74021585866067968","https:\/\/www.instagram.com\/hidalgobagsandmore\/#","https:\/\/www.youtube.com\/@hidalgobagsandmore","https:\/\/www.linkedin.com\/in\/rutgerblommers\/"]},{"@type":"WebPage","@id":"https:\/\/bidonsenshakers.nl\/de\/product\/6691\/keramikbecher-bedrucken-rosamund-300-ml-mit-korkboden\/#webpage","url":"https:\/\/bidonsenshakers.nl\/de\/product\/6691\/keramikbecher-bedrucken-rosamund-300-ml-mit-korkboden\/","name":"Keramikbecher bedrucken Rosamund 300 ml mit Korkboden","description":"Erlebe Vielseitigkeit und Stil im Alltag mit der exquisiten, anpassbaren Keramiktasse. Perfekt f\u00fcr Kaffee oder Tee, bietet sie eine hochwertige Personalisierungsm\u00f6glichkeit mit deinem Logo. Ideal f\u00fcr B\u00fcros, Events und Messen, wo sie deinen Markenauftritt st\u00e4rkt.","inLanguage":"de-DE","isPartOf":{"@id":"https:\/\/bidonsenshakers.nl\/de\/#website"},"breadcrumb":{"@id":"https:\/\/bidonsenshakers.nl\/de\/product\/6691\/keramikbecher-bedrucken-rosamund-300-ml-mit-korkboden\/#breadcrumblist"},"image":{"@type":"ImageObject","url":"https:\/\/shop.hidalgo.nl\/wp-content\/uploads\/2025\/04\/007121232cdec5582e42454ce0b6c97b64a1dca6eef45063ff243504e6f1d79f.jpg","@id":"https:\/\/bidonsenshakers.nl\/de\/product\/6691\/keramikbecher-bedrucken-rosamund-300-ml-mit-korkboden\/#mainImage"},"primaryImageOfPage":{"@id":"https:\/\/bidonsenshakers.nl\/de\/product\/6691\/keramikbecher-bedrucken-rosamund-300-ml-mit-korkboden\/#mainImage"},"datePublished":"2026-01-26T10:56:20+00:00","dateModified":"2026-02-17T11:56:11+00:00"},{"@type":"WebSite","@id":"https:\/\/bidonsenshakers.nl\/de\/#website","url":"https:\/\/bidonsenshakers.nl\/de\/","name":"Trinkflaschen & Shakers","description":"Trinkflaschen & Shakers","inLanguage":"de-DE","publisher":{"@id":"https:\/\/bidonsenshakers.nl\/de\/#organization"}}]},"og:locale":"de_DE","og:site_name":"Trinkflaschen &amp; Shakers - Trinkflaschen &amp; Shakers","og:type":"article","og:title":"Keramikbecher bedrucken Rosamund 300 ml mit Korkboden","og:description":"Erlebe Vielseitigkeit und Stil im Alltag mit der exquisiten, anpassbaren Keramiktasse. Perfekt f\u00fcr Kaffee oder Tee, bietet sie eine hochwertige Personalisierungsm\u00f6glichkeit mit deinem Logo. Ideal f\u00fcr B\u00fcros, Events und Messen, wo sie deinen Markenauftritt st\u00e4rkt.","og:url":"https:\/\/bidonsenshakers.nl\/de\/wp-json\/wp\/v2\/product\/6691","og:image":"https:\/\/shop.hidalgo.nl\/wp-content\/uploads\/2026\/01\/cropped-Logo.png","og:image:secure_url":"https:\/\/shop.hidalgo.nl\/wp-content\/uploads\/2026\/01\/cropped-Logo.png","article:published_time":"2026-01-26T10:56:20+00:00","article:modified_time":"2026-02-17T11:56:11+00:00","article:publisher":"https:\/\/www.facebook.com\/hidalgobagsandmore\/","twitter:card":"summary_large_image","twitter:site":"@Hidalgo_BV","twitter:title":"Keramikbecher bedrucken Rosamund 300 ml mit Korkboden","twitter:description":"Erlebe Vielseitigkeit und Stil im Alltag mit der exquisiten, anpassbaren Keramiktasse. Perfekt f\u00fcr Kaffee oder Tee, bietet sie eine hochwertige Personalisierungsm\u00f6glichkeit mit deinem Logo. Ideal f\u00fcr B\u00fcros, Events und Messen, wo sie deinen Markenauftritt st\u00e4rkt.","twitter:image":"https:\/\/shop.hidalgo.nl\/wp-content\/uploads\/2026\/01\/cropped-Logo.png"},"aioseo_meta_data":{"post_id":"6691","title":null,"description":null,"keywords":null,"keyphrases":null,"canonical_url":null,"og_title":null,"og_description":null,"og_object_type":"default","og_image_type":"default","og_image_custom_url":null,"og_image_custom_fields":null,"og_custom_image_width":null,"og_custom_image_height":null,"og_video":null,"og_custom_url":null,"og_article_section":null,"og_article_tags":null,"twitter_use_og":false,"twitter_card":"default","twitter_image_type":"default","twitter_image_custom_url":null,"twitter_image_custom_fields":null,"twitter_title":null,"twitter_description":null,"schema_type":null,"schema_type_options":null,"pillar_content":false,"robots_default":true,"robots_noindex":false,"robots_noarchive":false,"robots_nosnippet":false,"robots_nofollow":false,"robots_noimageindex":false,"robots_noodp":false,"robots_notranslate":false,"robots_max_snippet":null,"robots_max_videopreview":null,"robots_max_imagepreview":"none","tabs":null,"priority":null,"frequency":null,"local_seo":null,"created":"2026-01-26 11:05:24","updated":"2026-02-18 10:38:26"},"aioseo_breadcrumb":"<div class=\"aioseo-breadcrumbs\"><span class=\"aioseo-breadcrumb\">\n\t<a href=\"https:\/\/bidonsenshakers.nl\/de\/\" title=\"Home\">Home<\/a>\n<\/span><span class=\"aioseo-breadcrumb-separator\">\u00bb<\/span><span class=\"aioseo-breadcrumb\">\n\t<a href=\"https:\/\/bidonsenshakers.nl\/shop\/\" title=\"Shop\">Shop<\/a>\n<\/span><span class=\"aioseo-breadcrumb-separator\">\u00bb<\/span><span class=\"aioseo-breadcrumb\">\n\t<a href=\"https:\/\/bidonsenshakers.nl\/de\/product-supplier\/a58\/\" title=\"A58\">A58<\/a>\n<\/span><span class=\"aioseo-breadcrumb-separator\">\u00bb<\/span><span class=\"aioseo-breadcrumb\">\n\tKeramische mok Rosamund\n<\/span><\/div>","aioseo_breadcrumb_json":[{"label":"Home","link":"https:\/\/bidonsenshakers.nl\/de\/"},{"label":"Shop","link":"https:\/\/bidonsenshakers.nl\/shop\/"},{"label":"A58","link":"https:\/\/bidonsenshakers.nl\/de\/product-supplier\/a58\/"},{"label":"Keramische mok Rosamund","link":"https:\/\/bidonsenshakers.nl\/de\/product\/6691\/keramikbecher-bedrucken-rosamund-300-ml-mit-korkboden\/"}],"_links":{"self":[{"href":"https:\/\/bidonsenshakers.nl\/de\/wp-json\/wp\/v2\/product\/6691","targetHints":{"allow":["GET"]}}],"collection":[{"href":"https:\/\/bidonsenshakers.nl\/de\/wp-json\/wp\/v2\/product"}],"about":[{"href":"https:\/\/bidonsenshakers.nl\/de\/wp-json\/wp\/v2\/types\/product"}],"wp:featuredmedia":[{"embeddable":true,"href":"https:\/\/bidonsenshakers.nl\/de\/wp-json\/wp\/v2\/media\/6692"}],"wp:attachment":[{"href":"https:\/\/bidonsenshakers.nl\/de\/wp-json\/wp\/v2\/media?parent=6691"}],"wp:term":[{"taxonomy":"product_brand","embeddable":true,"href":"https:\/\/bidonsenshakers.nl\/de\/wp-json\/wp\/v2\/product_brand?post=6691"},{"taxonomy":"product_cat","embeddable":true,"href":"https:\/\/bidonsenshakers.nl\/de\/wp-json\/wp\/v2\/product_cat?post=6691"},{"taxonomy":"product_tag","embeddable":true,"href":"https:\/\/bidonsenshakers.nl\/de\/wp-json\/wp\/v2\/product_tag?post=6691"}],"curies":[{"name":"wp","href":"https:\/\/api.w.org\/{rel}","templated":true}]}}