{"id":6737,"date":"2026-01-26T10:56:25","date_gmt":"2026-01-26T10:56:25","guid":{"rendered":"https:\/\/bidonsenshakers.shop.hidalgo.nl\/product\/porseleinen-mok-nelson\/"},"modified":"2026-02-17T11:56:11","modified_gmt":"2026-02-17T11:56:11","slug":"porseleinen-mok-nelson","status":"publish","type":"product","link":"https:\/\/bidonsenshakers.nl\/de\/product\/6737\/porzellanbecher-bedrucken-nelson-spuelfest-325-ml\/","title":{"rendered":"Porseleinen mok Nelson"},"content":{"rendered":"<p>Witte fotomok (325 ml). Vaatwasserbestendig. Prijs per stuk, afname per 36 stuks. Dit item is speciaal geschikt voor sublimatie print.<\/p>\n","protected":false},"excerpt":{"rendered":"<p>Witte fotomok (325 ml). Vaatwasserbestendig. Prijs per stuk, afname per 36 stuks. Dit item is speciaal geschikt voor sublimatie print.<\/p>\n","protected":false},"featured_media":6738,"template":"","meta":{"_acf_changed":false,"om_disable_all_campaigns":false,"_monsterinsights_skip_tracking":false,"_monsterinsights_sitenote_active":false,"_monsterinsights_sitenote_note":"","_monsterinsights_sitenote_category":0},"product_brand":[133],"product_cat":[363],"product_tag":[],"class_list":{"0":"post-6737","1":"product","2":"type-product","3":"status-publish","4":"has-post-thumbnail","6":"product_supplier-a58","7":"product_material-porselein","8":"product_brand-impression","9":"product_cat-mokken","10":"entry","12":"first","13":"instock","14":"taxable","15":"shipping-taxable","16":"purchasable","17":"product-type-variable"},"acf":{"imprint_cost":[{"imprint_cost_key":"ce5f21184fe98f112221db9667ba87ef2f5ffae4","product_quantity_price_range":[{"imprint_cost_recommended_selling_price":"3.35","imprint_cost_recommended_selling_quantity":"1"},{"imprint_cost_recommended_selling_price":"2.94","imprint_cost_recommended_selling_quantity":"25"},{"imprint_cost_recommended_selling_price":"2.54","imprint_cost_recommended_selling_quantity":"50"},{"imprint_cost_recommended_selling_price":"1.78","imprint_cost_recommended_selling_quantity":"100"},{"imprint_cost_recommended_selling_price":"1.65","imprint_cost_recommended_selling_quantity":"250"},{"imprint_cost_recommended_selling_price":"1.43","imprint_cost_recommended_selling_quantity":"500"},{"imprint_cost_recommended_selling_price":"1.34","imprint_cost_recommended_selling_quantity":"1000"},{"imprint_cost_recommended_selling_price":"1.26","imprint_cost_recommended_selling_quantity":"2500"},{"imprint_cost_recommended_selling_price":"1.22","imprint_cost_recommended_selling_quantity":"5000"}],"product_quantity_price_range_buying":false,"imprint_cost_setup_costs":"126.92","imprint_cost_handling_costs":"0.2"},{"imprint_cost_key":"ec37fe8efc3a90a8882e5eeb02817331a4041b71","product_quantity_price_range":[{"imprint_cost_recommended_selling_price":"3.35","imprint_cost_recommended_selling_quantity":"1"},{"imprint_cost_recommended_selling_price":"2.94","imprint_cost_recommended_selling_quantity":"25"},{"imprint_cost_recommended_selling_price":"2.54","imprint_cost_recommended_selling_quantity":"50"},{"imprint_cost_recommended_selling_price":"1.78","imprint_cost_recommended_selling_quantity":"100"},{"imprint_cost_recommended_selling_price":"1.65","imprint_cost_recommended_selling_quantity":"250"},{"imprint_cost_recommended_selling_price":"1.43","imprint_cost_recommended_selling_quantity":"500"},{"imprint_cost_recommended_selling_price":"1.34","imprint_cost_recommended_selling_quantity":"1000"},{"imprint_cost_recommended_selling_price":"1.26","imprint_cost_recommended_selling_quantity":"2500"},{"imprint_cost_recommended_selling_price":"1.22","imprint_cost_recommended_selling_quantity":"5000"}],"product_quantity_price_range_buying":false,"imprint_cost_setup_costs":"126.92","imprint_cost_handling_costs":"0.2"}]},"aioseo_notices":[],"aioseo_head":"\n\t\t<!-- All in One SEO Pro 4.9.6.1 - aioseo.com -->\n\t<meta name=\"description\" content=\"Entdecke die Vielseitigkeit der eleganten Porzellantasse, perfekt f\u00fcr pers\u00f6nliche Designs. Ideal f\u00fcr dein Unternehmen oder Vereinsmitglieder, robust und sp\u00fclmaschinengeeignet. Gestalte mit Sublimationsdruck ein einzigartiges Erlebnis.\" \/>\n\t<meta name=\"robots\" content=\"max-image-preview:large\" \/>\n\t<meta name=\"google-site-verification\" content=\"BBMiYHShnVBoc8v9xoHf0FXMC27otVB0wiWxw_hFRrM\" \/>\n\t<link rel=\"canonical\" href=\"https:\/\/bidonsenshakers.nl\/de\/wp-json\/wp\/v2\/product\/6737\" \/>\n\t<meta name=\"generator\" content=\"All in One SEO Pro (AIOSEO) 4.9.6.1\" \/>\n\t\t<meta property=\"og:locale\" content=\"de_DE\" \/>\n\t\t<meta property=\"og:site_name\" content=\"Trinkflaschen &amp; Shakers - Trinkflaschen &amp; Shakers\" \/>\n\t\t<meta property=\"og:type\" content=\"article\" \/>\n\t\t<meta property=\"og:title\" content=\"Porzellanbecher bedrucken Nelson sp\u00fclfest 325 ml\" \/>\n\t\t<meta property=\"og:description\" content=\"Entdecke die Vielseitigkeit der eleganten Porzellantasse, perfekt f\u00fcr pers\u00f6nliche Designs. Ideal f\u00fcr dein Unternehmen oder Vereinsmitglieder, robust und sp\u00fclmaschinengeeignet. Gestalte mit Sublimationsdruck ein einzigartiges Erlebnis.\" \/>\n\t\t<meta property=\"og:url\" content=\"https:\/\/bidonsenshakers.nl\/de\/wp-json\/wp\/v2\/product\/6737\" \/>\n\t\t<meta property=\"og:image\" content=\"https:\/\/shop.hidalgo.nl\/wp-content\/uploads\/2026\/01\/cropped-Logo.png\" \/>\n\t\t<meta property=\"og:image:secure_url\" content=\"https:\/\/shop.hidalgo.nl\/wp-content\/uploads\/2026\/01\/cropped-Logo.png\" \/>\n\t\t<meta property=\"article:published_time\" content=\"2026-01-26T10:56:25+00:00\" \/>\n\t\t<meta property=\"article:modified_time\" content=\"2026-02-17T11:56:11+00:00\" \/>\n\t\t<meta property=\"article:publisher\" content=\"https:\/\/www.facebook.com\/hidalgobagsandmore\/\" \/>\n\t\t<meta name=\"twitter:card\" content=\"summary_large_image\" \/>\n\t\t<meta name=\"twitter:site\" content=\"@Hidalgo_BV\" \/>\n\t\t<meta name=\"twitter:title\" content=\"Porzellanbecher bedrucken Nelson sp\u00fclfest 325 ml\" \/>\n\t\t<meta name=\"twitter:description\" content=\"Entdecke die Vielseitigkeit der eleganten Porzellantasse, perfekt f\u00fcr pers\u00f6nliche Designs. Ideal f\u00fcr dein Unternehmen oder Vereinsmitglieder, robust und sp\u00fclmaschinengeeignet. Gestalte mit Sublimationsdruck ein einzigartiges Erlebnis.\" \/>\n\t\t<meta name=\"twitter:image\" content=\"https:\/\/shop.hidalgo.nl\/wp-content\/uploads\/2026\/01\/cropped-Logo.png\" \/>\n\t\t<script type=\"application\/ld+json\" class=\"aioseo-schema\">\n\t\t\t{\"@context\":\"https:\\\/\\\/schema.org\",\"@graph\":[{\"@type\":\"BreadcrumbList\",\"@id\":\"https:\\\/\\\/bidonsenshakers.nl\\\/de\\\/product\\\/6737\\\/porzellanbecher-bedrucken-nelson-spuelfest-325-ml\\\/#breadcrumblist\",\"itemListElement\":[{\"@type\":\"ListItem\",\"@id\":\"https:\\\/\\\/bidonsenshakers.nl\\\/de\\\/#listItem\",\"position\":1,\"name\":\"Home\",\"item\":\"https:\\\/\\\/bidonsenshakers.nl\\\/de\\\/\",\"nextItem\":{\"@type\":\"ListItem\",\"@id\":\"https:\\\/\\\/bidonsenshakers.nl\\\/shop\\\/#listItem\",\"name\":\"Shop\"}},{\"@type\":\"ListItem\",\"@id\":\"https:\\\/\\\/bidonsenshakers.nl\\\/shop\\\/#listItem\",\"position\":2,\"name\":\"Shop\",\"item\":\"https:\\\/\\\/bidonsenshakers.nl\\\/shop\\\/\",\"nextItem\":{\"@type\":\"ListItem\",\"@id\":\"https:\\\/\\\/bidonsenshakers.nl\\\/de\\\/product-supplier\\\/a58\\\/#listItem\",\"name\":\"A58\"},\"previousItem\":{\"@type\":\"ListItem\",\"@id\":\"https:\\\/\\\/bidonsenshakers.nl\\\/de\\\/#listItem\",\"name\":\"Home\"}},{\"@type\":\"ListItem\",\"@id\":\"https:\\\/\\\/bidonsenshakers.nl\\\/de\\\/product-supplier\\\/a58\\\/#listItem\",\"position\":3,\"name\":\"A58\",\"item\":\"https:\\\/\\\/bidonsenshakers.nl\\\/de\\\/product-supplier\\\/a58\\\/\",\"nextItem\":{\"@type\":\"ListItem\",\"@id\":\"https:\\\/\\\/bidonsenshakers.nl\\\/de\\\/product\\\/6737\\\/porzellanbecher-bedrucken-nelson-spuelfest-325-ml\\\/#listItem\",\"name\":\"Porseleinen mok Nelson\"},\"previousItem\":{\"@type\":\"ListItem\",\"@id\":\"https:\\\/\\\/bidonsenshakers.nl\\\/shop\\\/#listItem\",\"name\":\"Shop\"}},{\"@type\":\"ListItem\",\"@id\":\"https:\\\/\\\/bidonsenshakers.nl\\\/de\\\/product\\\/6737\\\/porzellanbecher-bedrucken-nelson-spuelfest-325-ml\\\/#listItem\",\"position\":4,\"name\":\"Porseleinen mok Nelson\",\"previousItem\":{\"@type\":\"ListItem\",\"@id\":\"https:\\\/\\\/bidonsenshakers.nl\\\/de\\\/product-supplier\\\/a58\\\/#listItem\",\"name\":\"A58\"}}]},{\"@type\":\"Organization\",\"@id\":\"https:\\\/\\\/bidonsenshakers.nl\\\/de\\\/#organization\",\"name\":\"Trinkflaschen & Shakers\",\"description\":\"Trinkflaschen & Shakers\",\"url\":\"https:\\\/\\\/bidonsenshakers.nl\\\/de\\\/\",\"telephone\":\"+31793310133\",\"logo\":{\"@type\":\"ImageObject\",\"url\":\"https:\\\/\\\/shop.hidalgo.nl\\\/wp-content\\\/uploads\\\/2026\\\/01\\\/cropped-Logo.png\",\"@id\":\"https:\\\/\\\/bidonsenshakers.nl\\\/de\\\/product\\\/6737\\\/porzellanbecher-bedrucken-nelson-spuelfest-325-ml\\\/#organizationLogo\",\"width\":600,\"height\":243},\"image\":{\"@id\":\"https:\\\/\\\/bidonsenshakers.nl\\\/de\\\/product\\\/6737\\\/porzellanbecher-bedrucken-nelson-spuelfest-325-ml\\\/#organizationLogo\"},\"sameAs\":[\"https:\\\/\\\/www.facebook.com\\\/hidalgobagsandmore\\\/\",\"https:\\\/\\\/x.com\\\/Hidalgo_BV\\\/status\\\/74021585866067968\",\"https:\\\/\\\/www.instagram.com\\\/hidalgobagsandmore\\\/#\",\"https:\\\/\\\/www.youtube.com\\\/@hidalgobagsandmore\",\"https:\\\/\\\/www.linkedin.com\\\/in\\\/rutgerblommers\\\/\"]},{\"@type\":\"WebPage\",\"@id\":\"https:\\\/\\\/bidonsenshakers.nl\\\/de\\\/product\\\/6737\\\/porzellanbecher-bedrucken-nelson-spuelfest-325-ml\\\/#webpage\",\"url\":\"https:\\\/\\\/bidonsenshakers.nl\\\/de\\\/product\\\/6737\\\/porzellanbecher-bedrucken-nelson-spuelfest-325-ml\\\/\",\"name\":\"Porzellanbecher bedrucken Nelson sp\\u00fclfest 325 ml\",\"description\":\"Entdecke die Vielseitigkeit der eleganten Porzellantasse, perfekt f\\u00fcr pers\\u00f6nliche Designs. Ideal f\\u00fcr dein Unternehmen oder Vereinsmitglieder, robust und sp\\u00fclmaschinengeeignet. Gestalte mit Sublimationsdruck ein einzigartiges Erlebnis.\",\"inLanguage\":\"de-DE\",\"isPartOf\":{\"@id\":\"https:\\\/\\\/bidonsenshakers.nl\\\/de\\\/#website\"},\"breadcrumb\":{\"@id\":\"https:\\\/\\\/bidonsenshakers.nl\\\/de\\\/product\\\/6737\\\/porzellanbecher-bedrucken-nelson-spuelfest-325-ml\\\/#breadcrumblist\"},\"image\":{\"@type\":\"ImageObject\",\"url\":\"https:\\\/\\\/shop.hidalgo.nl\\\/wp-content\\\/uploads\\\/2025\\\/04\\\/29cc17628d85834d984774217ce587afd26cd52b5bb27719c6276f297bdf2838.jpg\",\"@id\":\"https:\\\/\\\/bidonsenshakers.nl\\\/de\\\/product\\\/6737\\\/porzellanbecher-bedrucken-nelson-spuelfest-325-ml\\\/#mainImage\"},\"primaryImageOfPage\":{\"@id\":\"https:\\\/\\\/bidonsenshakers.nl\\\/de\\\/product\\\/6737\\\/porzellanbecher-bedrucken-nelson-spuelfest-325-ml\\\/#mainImage\"},\"datePublished\":\"2026-01-26T10:56:25+00:00\",\"dateModified\":\"2026-02-17T11:56:11+00:00\"},{\"@type\":\"WebSite\",\"@id\":\"https:\\\/\\\/bidonsenshakers.nl\\\/de\\\/#website\",\"url\":\"https:\\\/\\\/bidonsenshakers.nl\\\/de\\\/\",\"name\":\"Trinkflaschen & Shakers\",\"description\":\"Trinkflaschen & Shakers\",\"inLanguage\":\"de-DE\",\"publisher\":{\"@id\":\"https:\\\/\\\/bidonsenshakers.nl\\\/de\\\/#organization\"}}]}\n\t\t<\/script>\n\t\t<!-- All in One SEO Pro -->\r\n\t\t<title>Porzellanbecher bedrucken Nelson sp\u00fclfest 325 ml<\/title>\n\n","aioseo_head_json":{"title":"Porzellanbecher bedrucken Nelson sp\u00fclfest 325 ml","description":"Entdecke die Vielseitigkeit der eleganten Porzellantasse, perfekt f\u00fcr pers\u00f6nliche Designs. Ideal f\u00fcr dein Unternehmen oder Vereinsmitglieder, robust und sp\u00fclmaschinengeeignet. Gestalte mit Sublimationsdruck ein einzigartiges Erlebnis.","canonical_url":"https:\/\/bidonsenshakers.nl\/de\/wp-json\/wp\/v2\/product\/6737","robots":"max-image-preview:large","keywords":"","webmasterTools":{"google-site-verification":"BBMiYHShnVBoc8v9xoHf0FXMC27otVB0wiWxw_hFRrM","miscellaneous":""},"schema":{"@context":"https:\/\/schema.org","@graph":[{"@type":"BreadcrumbList","@id":"https:\/\/bidonsenshakers.nl\/de\/product\/6737\/porzellanbecher-bedrucken-nelson-spuelfest-325-ml\/#breadcrumblist","itemListElement":[{"@type":"ListItem","@id":"https:\/\/bidonsenshakers.nl\/de\/#listItem","position":1,"name":"Home","item":"https:\/\/bidonsenshakers.nl\/de\/","nextItem":{"@type":"ListItem","@id":"https:\/\/bidonsenshakers.nl\/shop\/#listItem","name":"Shop"}},{"@type":"ListItem","@id":"https:\/\/bidonsenshakers.nl\/shop\/#listItem","position":2,"name":"Shop","item":"https:\/\/bidonsenshakers.nl\/shop\/","nextItem":{"@type":"ListItem","@id":"https:\/\/bidonsenshakers.nl\/de\/product-supplier\/a58\/#listItem","name":"A58"},"previousItem":{"@type":"ListItem","@id":"https:\/\/bidonsenshakers.nl\/de\/#listItem","name":"Home"}},{"@type":"ListItem","@id":"https:\/\/bidonsenshakers.nl\/de\/product-supplier\/a58\/#listItem","position":3,"name":"A58","item":"https:\/\/bidonsenshakers.nl\/de\/product-supplier\/a58\/","nextItem":{"@type":"ListItem","@id":"https:\/\/bidonsenshakers.nl\/de\/product\/6737\/porzellanbecher-bedrucken-nelson-spuelfest-325-ml\/#listItem","name":"Porseleinen mok Nelson"},"previousItem":{"@type":"ListItem","@id":"https:\/\/bidonsenshakers.nl\/shop\/#listItem","name":"Shop"}},{"@type":"ListItem","@id":"https:\/\/bidonsenshakers.nl\/de\/product\/6737\/porzellanbecher-bedrucken-nelson-spuelfest-325-ml\/#listItem","position":4,"name":"Porseleinen mok Nelson","previousItem":{"@type":"ListItem","@id":"https:\/\/bidonsenshakers.nl\/de\/product-supplier\/a58\/#listItem","name":"A58"}}]},{"@type":"Organization","@id":"https:\/\/bidonsenshakers.nl\/de\/#organization","name":"Trinkflaschen & Shakers","description":"Trinkflaschen & Shakers","url":"https:\/\/bidonsenshakers.nl\/de\/","telephone":"+31793310133","logo":{"@type":"ImageObject","url":"https:\/\/shop.hidalgo.nl\/wp-content\/uploads\/2026\/01\/cropped-Logo.png","@id":"https:\/\/bidonsenshakers.nl\/de\/product\/6737\/porzellanbecher-bedrucken-nelson-spuelfest-325-ml\/#organizationLogo","width":600,"height":243},"image":{"@id":"https:\/\/bidonsenshakers.nl\/de\/product\/6737\/porzellanbecher-bedrucken-nelson-spuelfest-325-ml\/#organizationLogo"},"sameAs":["https:\/\/www.facebook.com\/hidalgobagsandmore\/","https:\/\/x.com\/Hidalgo_BV\/status\/74021585866067968","https:\/\/www.instagram.com\/hidalgobagsandmore\/#","https:\/\/www.youtube.com\/@hidalgobagsandmore","https:\/\/www.linkedin.com\/in\/rutgerblommers\/"]},{"@type":"WebPage","@id":"https:\/\/bidonsenshakers.nl\/de\/product\/6737\/porzellanbecher-bedrucken-nelson-spuelfest-325-ml\/#webpage","url":"https:\/\/bidonsenshakers.nl\/de\/product\/6737\/porzellanbecher-bedrucken-nelson-spuelfest-325-ml\/","name":"Porzellanbecher bedrucken Nelson sp\u00fclfest 325 ml","description":"Entdecke die Vielseitigkeit der eleganten Porzellantasse, perfekt f\u00fcr pers\u00f6nliche Designs. Ideal f\u00fcr dein Unternehmen oder Vereinsmitglieder, robust und sp\u00fclmaschinengeeignet. Gestalte mit Sublimationsdruck ein einzigartiges Erlebnis.","inLanguage":"de-DE","isPartOf":{"@id":"https:\/\/bidonsenshakers.nl\/de\/#website"},"breadcrumb":{"@id":"https:\/\/bidonsenshakers.nl\/de\/product\/6737\/porzellanbecher-bedrucken-nelson-spuelfest-325-ml\/#breadcrumblist"},"image":{"@type":"ImageObject","url":"https:\/\/shop.hidalgo.nl\/wp-content\/uploads\/2025\/04\/29cc17628d85834d984774217ce587afd26cd52b5bb27719c6276f297bdf2838.jpg","@id":"https:\/\/bidonsenshakers.nl\/de\/product\/6737\/porzellanbecher-bedrucken-nelson-spuelfest-325-ml\/#mainImage"},"primaryImageOfPage":{"@id":"https:\/\/bidonsenshakers.nl\/de\/product\/6737\/porzellanbecher-bedrucken-nelson-spuelfest-325-ml\/#mainImage"},"datePublished":"2026-01-26T10:56:25+00:00","dateModified":"2026-02-17T11:56:11+00:00"},{"@type":"WebSite","@id":"https:\/\/bidonsenshakers.nl\/de\/#website","url":"https:\/\/bidonsenshakers.nl\/de\/","name":"Trinkflaschen & Shakers","description":"Trinkflaschen & Shakers","inLanguage":"de-DE","publisher":{"@id":"https:\/\/bidonsenshakers.nl\/de\/#organization"}}]},"og:locale":"de_DE","og:site_name":"Trinkflaschen &amp; Shakers - Trinkflaschen &amp; Shakers","og:type":"article","og:title":"Porzellanbecher bedrucken Nelson sp\u00fclfest 325 ml","og:description":"Entdecke die Vielseitigkeit der eleganten Porzellantasse, perfekt f\u00fcr pers\u00f6nliche Designs. Ideal f\u00fcr dein Unternehmen oder Vereinsmitglieder, robust und sp\u00fclmaschinengeeignet. Gestalte mit Sublimationsdruck ein einzigartiges Erlebnis.","og:url":"https:\/\/bidonsenshakers.nl\/de\/wp-json\/wp\/v2\/product\/6737","og:image":"https:\/\/shop.hidalgo.nl\/wp-content\/uploads\/2026\/01\/cropped-Logo.png","og:image:secure_url":"https:\/\/shop.hidalgo.nl\/wp-content\/uploads\/2026\/01\/cropped-Logo.png","article:published_time":"2026-01-26T10:56:25+00:00","article:modified_time":"2026-02-17T11:56:11+00:00","article:publisher":"https:\/\/www.facebook.com\/hidalgobagsandmore\/","twitter:card":"summary_large_image","twitter:site":"@Hidalgo_BV","twitter:title":"Porzellanbecher bedrucken Nelson sp\u00fclfest 325 ml","twitter:description":"Entdecke die Vielseitigkeit der eleganten Porzellantasse, perfekt f\u00fcr pers\u00f6nliche Designs. Ideal f\u00fcr dein Unternehmen oder Vereinsmitglieder, robust und sp\u00fclmaschinengeeignet. Gestalte mit Sublimationsdruck ein einzigartiges Erlebnis.","twitter:image":"https:\/\/shop.hidalgo.nl\/wp-content\/uploads\/2026\/01\/cropped-Logo.png"},"aioseo_meta_data":{"post_id":"6737","title":null,"description":null,"keywords":null,"keyphrases":null,"canonical_url":null,"og_title":null,"og_description":null,"og_object_type":"default","og_image_type":"default","og_image_custom_url":null,"og_image_custom_fields":null,"og_custom_image_width":null,"og_custom_image_height":null,"og_video":null,"og_custom_url":null,"og_article_section":null,"og_article_tags":null,"twitter_use_og":false,"twitter_card":"default","twitter_image_type":"default","twitter_image_custom_url":null,"twitter_image_custom_fields":null,"twitter_title":null,"twitter_description":null,"schema_type":null,"schema_type_options":null,"pillar_content":false,"robots_default":true,"robots_noindex":false,"robots_noarchive":false,"robots_nosnippet":false,"robots_nofollow":false,"robots_noimageindex":false,"robots_noodp":false,"robots_notranslate":false,"robots_max_snippet":null,"robots_max_videopreview":null,"robots_max_imagepreview":"none","tabs":null,"priority":null,"frequency":null,"local_seo":null,"created":"2026-01-26 11:05:24","updated":"2026-02-18 10:38:29"},"aioseo_breadcrumb":"<div class=\"aioseo-breadcrumbs\"><span class=\"aioseo-breadcrumb\">\n\t<a href=\"https:\/\/bidonsenshakers.nl\/de\/\" title=\"Home\">Home<\/a>\n<\/span><span class=\"aioseo-breadcrumb-separator\">\u00bb<\/span><span class=\"aioseo-breadcrumb\">\n\t<a href=\"https:\/\/bidonsenshakers.nl\/shop\/\" title=\"Shop\">Shop<\/a>\n<\/span><span class=\"aioseo-breadcrumb-separator\">\u00bb<\/span><span class=\"aioseo-breadcrumb\">\n\t<a href=\"https:\/\/bidonsenshakers.nl\/de\/product-supplier\/a58\/\" title=\"A58\">A58<\/a>\n<\/span><span class=\"aioseo-breadcrumb-separator\">\u00bb<\/span><span class=\"aioseo-breadcrumb\">\n\tPorseleinen mok Nelson\n<\/span><\/div>","aioseo_breadcrumb_json":[{"label":"Home","link":"https:\/\/bidonsenshakers.nl\/de\/"},{"label":"Shop","link":"https:\/\/bidonsenshakers.nl\/shop\/"},{"label":"A58","link":"https:\/\/bidonsenshakers.nl\/de\/product-supplier\/a58\/"},{"label":"Porseleinen mok Nelson","link":"https:\/\/bidonsenshakers.nl\/de\/product\/6737\/porzellanbecher-bedrucken-nelson-spuelfest-325-ml\/"}],"_links":{"self":[{"href":"https:\/\/bidonsenshakers.nl\/de\/wp-json\/wp\/v2\/product\/6737","targetHints":{"allow":["GET"]}}],"collection":[{"href":"https:\/\/bidonsenshakers.nl\/de\/wp-json\/wp\/v2\/product"}],"about":[{"href":"https:\/\/bidonsenshakers.nl\/de\/wp-json\/wp\/v2\/types\/product"}],"wp:featuredmedia":[{"embeddable":true,"href":"https:\/\/bidonsenshakers.nl\/de\/wp-json\/wp\/v2\/media\/6738"}],"wp:attachment":[{"href":"https:\/\/bidonsenshakers.nl\/de\/wp-json\/wp\/v2\/media?parent=6737"}],"wp:term":[{"taxonomy":"product_brand","embeddable":true,"href":"https:\/\/bidonsenshakers.nl\/de\/wp-json\/wp\/v2\/product_brand?post=6737"},{"taxonomy":"product_cat","embeddable":true,"href":"https:\/\/bidonsenshakers.nl\/de\/wp-json\/wp\/v2\/product_cat?post=6737"},{"taxonomy":"product_tag","embeddable":true,"href":"https:\/\/bidonsenshakers.nl\/de\/wp-json\/wp\/v2\/product_tag?post=6737"}],"curies":[{"name":"wp","href":"https:\/\/api.w.org\/{rel}","templated":true}]}}