{"id":6767,"date":"2026-01-26T10:56:28","date_gmt":"2026-01-26T10:56:28","guid":{"rendered":"https:\/\/bidonsenshakers.shop.hidalgo.nl\/product\/gerecycled-glazen-drinkbeker-300-ml-ashley\/"},"modified":"2026-02-17T11:56:10","modified_gmt":"2026-02-17T11:56:10","slug":"gerecycled-glazen-drinkbeker-300-ml-ashley","status":"publish","type":"product","link":"https:\/\/bidonsenshakers.nl\/de\/product\/6767\/glasbecher-mit-logo-bedrucken-ashley-300-ml-recycelt\/","title":{"rendered":"Gerecycled glazen drinkbeker 300 ml Ashley"},"content":{"rendered":"<p>Gerecycled glazen drinkbeker (300 ml) gemaakt van natronkalkglas, met een bamboedeksel dat ook als onderzetter kan worden gebruikt. Per stuk verpakt in een bruin kartonnen doos.<\/p>\n","protected":false},"excerpt":{"rendered":"<p>Gerecycled glazen drinkbeker (300 ml) gemaakt van natronkalkglas, met een bamboedeksel dat ook als onderzetter kan worden gebruikt. Per stuk verpakt in een bruin kartonnen doos.<\/p>\n","protected":false},"featured_media":6768,"template":"","meta":{"_acf_changed":false,"om_disable_all_campaigns":false,"_monsterinsights_skip_tracking":false,"_monsterinsights_sitenote_active":false,"_monsterinsights_sitenote_note":"","_monsterinsights_sitenote_category":0},"product_brand":[133],"product_cat":[363],"product_tag":[],"class_list":{"0":"post-6767","1":"product","2":"type-product","3":"status-publish","4":"has-post-thumbnail","6":"product_supplier-a58","7":"product_material-glas","8":"product_brand-impression","9":"product_cat-mokken","10":"entry","12":"first","13":"instock","14":"taxable","15":"shipping-taxable","16":"purchasable","17":"product-type-variable"},"acf":{"imprint_cost":[{"imprint_cost_key":"74cad30c937a327d432dff4a79e021baab63ca58","product_quantity_price_range":[{"imprint_cost_recommended_selling_price":"5.43","imprint_cost_recommended_selling_quantity":"1"},{"imprint_cost_recommended_selling_price":"2.83","imprint_cost_recommended_selling_quantity":"25"},{"imprint_cost_recommended_selling_price":"1.29","imprint_cost_recommended_selling_quantity":"50"},{"imprint_cost_recommended_selling_price":"0.49","imprint_cost_recommended_selling_quantity":"100"},{"imprint_cost_recommended_selling_price":"0.35","imprint_cost_recommended_selling_quantity":"250"},{"imprint_cost_recommended_selling_price":"0.28","imprint_cost_recommended_selling_quantity":"500"},{"imprint_cost_recommended_selling_price":"0.2","imprint_cost_recommended_selling_quantity":"1000"},{"imprint_cost_recommended_selling_price":"0.18","imprint_cost_recommended_selling_quantity":"5000"}],"product_quantity_price_range_buying":false,"imprint_cost_setup_costs":"52.31","imprint_cost_handling_costs":"0.2"},{"imprint_cost_key":"1ae496e092350fef96a7b4938e05a4cbaae3ed54","product_quantity_price_range":[{"imprint_cost_recommended_selling_price":"10.26","imprint_cost_recommended_selling_quantity":"1"},{"imprint_cost_recommended_selling_price":"5.35","imprint_cost_recommended_selling_quantity":"25"},{"imprint_cost_recommended_selling_price":"2.4","imprint_cost_recommended_selling_quantity":"50"},{"imprint_cost_recommended_selling_price":"0.84","imprint_cost_recommended_selling_quantity":"100"},{"imprint_cost_recommended_selling_price":"0.63","imprint_cost_recommended_selling_quantity":"250"},{"imprint_cost_recommended_selling_price":"0.53","imprint_cost_recommended_selling_quantity":"500"},{"imprint_cost_recommended_selling_price":"0.38","imprint_cost_recommended_selling_quantity":"1000"},{"imprint_cost_recommended_selling_price":"0.35","imprint_cost_recommended_selling_quantity":"5000"},{"imprint_cost_recommended_selling_price":"0.32","imprint_cost_recommended_selling_quantity":"10000"}],"product_quantity_price_range_buying":false,"imprint_cost_setup_costs":"104.62","imprint_cost_handling_costs":"0.2"},{"imprint_cost_key":"cfd6631db4b3100337cc911aac0cad23772c0f68","product_quantity_price_range":[{"imprint_cost_recommended_selling_price":"15.09","imprint_cost_recommended_selling_quantity":"1"},{"imprint_cost_recommended_selling_price":"7.87","imprint_cost_recommended_selling_quantity":"25"},{"imprint_cost_recommended_selling_price":"3.51","imprint_cost_recommended_selling_quantity":"50"},{"imprint_cost_recommended_selling_price":"1.19","imprint_cost_recommended_selling_quantity":"100"},{"imprint_cost_recommended_selling_price":"0.91","imprint_cost_recommended_selling_quantity":"250"},{"imprint_cost_recommended_selling_price":"0.78","imprint_cost_recommended_selling_quantity":"500"},{"imprint_cost_recommended_selling_price":"0.56","imprint_cost_recommended_selling_quantity":"1000"},{"imprint_cost_recommended_selling_price":"0.52","imprint_cost_recommended_selling_quantity":"5000"},{"imprint_cost_recommended_selling_price":"0.46","imprint_cost_recommended_selling_quantity":"10000"}],"product_quantity_price_range_buying":false,"imprint_cost_setup_costs":"156.93","imprint_cost_handling_costs":"0.2"},{"imprint_cost_key":"7d7e0a29cc151945adf9ea02a72baee23f98f6be","product_quantity_price_range":[{"imprint_cost_recommended_selling_price":"19.92","imprint_cost_recommended_selling_quantity":"1"},{"imprint_cost_recommended_selling_price":"10.39","imprint_cost_recommended_selling_quantity":"25"},{"imprint_cost_recommended_selling_price":"4.62","imprint_cost_recommended_selling_quantity":"50"},{"imprint_cost_recommended_selling_price":"1.54","imprint_cost_recommended_selling_quantity":"100"},{"imprint_cost_recommended_selling_price":"1.19","imprint_cost_recommended_selling_quantity":"250"},{"imprint_cost_recommended_selling_price":"1.03","imprint_cost_recommended_selling_quantity":"500"},{"imprint_cost_recommended_selling_price":"0.74","imprint_cost_recommended_selling_quantity":"1000"},{"imprint_cost_recommended_selling_price":"0.69","imprint_cost_recommended_selling_quantity":"5000"},{"imprint_cost_recommended_selling_price":"0.6","imprint_cost_recommended_selling_quantity":"10000"}],"product_quantity_price_range_buying":false,"imprint_cost_setup_costs":"209.24","imprint_cost_handling_costs":"0.2"},{"imprint_cost_key":"2971ea4f2d98c8df4591d800d712684dc1a2494c","product_quantity_price_range":[{"imprint_cost_recommended_selling_price":"24.75","imprint_cost_recommended_selling_quantity":"1"},{"imprint_cost_recommended_selling_price":"12.91","imprint_cost_recommended_selling_quantity":"25"},{"imprint_cost_recommended_selling_price":"5.73","imprint_cost_recommended_selling_quantity":"50"},{"imprint_cost_recommended_selling_price":"1.89","imprint_cost_recommended_selling_quantity":"100"},{"imprint_cost_recommended_selling_price":"1.47","imprint_cost_recommended_selling_quantity":"250"},{"imprint_cost_recommended_selling_price":"1.28","imprint_cost_recommended_selling_quantity":"500"},{"imprint_cost_recommended_selling_price":"0.92","imprint_cost_recommended_selling_quantity":"1000"},{"imprint_cost_recommended_selling_price":"0.86","imprint_cost_recommended_selling_quantity":"5000"},{"imprint_cost_recommended_selling_price":"0.74","imprint_cost_recommended_selling_quantity":"10000"}],"product_quantity_price_range_buying":false,"imprint_cost_setup_costs":"261.55","imprint_cost_handling_costs":"0.2"},{"imprint_cost_key":"905cc6e34906c65cc127709706e70da95401479c","product_quantity_price_range":[{"imprint_cost_recommended_selling_price":"1.46","imprint_cost_recommended_selling_quantity":"1"},{"imprint_cost_recommended_selling_price":"1.29","imprint_cost_recommended_selling_quantity":"25"},{"imprint_cost_recommended_selling_price":"1.14","imprint_cost_recommended_selling_quantity":"50"},{"imprint_cost_recommended_selling_price":"0.97","imprint_cost_recommended_selling_quantity":"100"},{"imprint_cost_recommended_selling_price":"0.82","imprint_cost_recommended_selling_quantity":"250"},{"imprint_cost_recommended_selling_price":"0.75","imprint_cost_recommended_selling_quantity":"500"},{"imprint_cost_recommended_selling_price":"0.68","imprint_cost_recommended_selling_quantity":"1000"},{"imprint_cost_recommended_selling_price":"0.63","imprint_cost_recommended_selling_quantity":"2500"},{"imprint_cost_recommended_selling_price":"0.58","imprint_cost_recommended_selling_quantity":"5000"}],"product_quantity_price_range_buying":false,"imprint_cost_setup_costs":"60.77","imprint_cost_handling_costs":"0.26"},{"imprint_cost_key":"5c0373b6e03764177a450d008863f5dddb6d9361","product_quantity_price_range":[{"imprint_cost_recommended_selling_price":"7.86","imprint_cost_recommended_selling_quantity":"1"},{"imprint_cost_recommended_selling_price":"5.05","imprint_cost_recommended_selling_quantity":"25"},{"imprint_cost_recommended_selling_price":"2.32","imprint_cost_recommended_selling_quantity":"50"},{"imprint_cost_recommended_selling_price":"1.82","imprint_cost_recommended_selling_quantity":"100"},{"imprint_cost_recommended_selling_price":"1.42","imprint_cost_recommended_selling_quantity":"250"},{"imprint_cost_recommended_selling_price":"1.22","imprint_cost_recommended_selling_quantity":"500"},{"imprint_cost_recommended_selling_price":"1.17","imprint_cost_recommended_selling_quantity":"1000"},{"imprint_cost_recommended_selling_price":"1.14","imprint_cost_recommended_selling_quantity":"2500"},{"imprint_cost_recommended_selling_price":"1.09","imprint_cost_recommended_selling_quantity":"5000"},{"imprint_cost_recommended_selling_price":"1.08","imprint_cost_recommended_selling_quantity":"10000"}],"product_quantity_price_range_buying":false,"imprint_cost_setup_costs":"71.54","imprint_cost_handling_costs":"0.26"}]},"aioseo_notices":[],"aioseo_head":"\n\t\t<!-- All in One SEO Pro 4.9.6.1 - aioseo.com -->\n\t<meta name=\"description\" content=\"Veredle deinen Messeauftritt mit diesem stilvollen Becher, perfekt f\u00fcr kalte &amp; zimmerwarme Getr\u00e4nke. Personalisiere ihn mit deinem Logo, um Eindruck zu hinterlassen. Ideal f\u00fcr Promotionen oder als nachhaltiges Geschenk.\" \/>\n\t<meta name=\"robots\" content=\"max-image-preview:large\" \/>\n\t<meta name=\"google-site-verification\" content=\"BBMiYHShnVBoc8v9xoHf0FXMC27otVB0wiWxw_hFRrM\" \/>\n\t<link rel=\"canonical\" href=\"https:\/\/bidonsenshakers.nl\/de\/wp-json\/wp\/v2\/product\/6767\" \/>\n\t<meta name=\"generator\" content=\"All in One SEO Pro (AIOSEO) 4.9.6.1\" \/>\n\t\t<meta property=\"og:locale\" content=\"de_DE\" \/>\n\t\t<meta property=\"og:site_name\" content=\"Trinkflaschen &amp; Shakers - Trinkflaschen &amp; Shakers\" \/>\n\t\t<meta property=\"og:type\" content=\"article\" \/>\n\t\t<meta property=\"og:title\" content=\"Glasbecher mit Logo bedrucken Ashley 300 ml recycelt\" \/>\n\t\t<meta property=\"og:description\" content=\"Veredle deinen Messeauftritt mit diesem stilvollen Becher, perfekt f\u00fcr kalte &amp; zimmerwarme Getr\u00e4nke. Personalisiere ihn mit deinem Logo, um Eindruck zu hinterlassen. Ideal f\u00fcr Promotionen oder als nachhaltiges Geschenk.\" \/>\n\t\t<meta property=\"og:url\" content=\"https:\/\/bidonsenshakers.nl\/de\/wp-json\/wp\/v2\/product\/6767\" \/>\n\t\t<meta property=\"og:image\" content=\"https:\/\/shop.hidalgo.nl\/wp-content\/uploads\/2026\/01\/cropped-Logo.png\" \/>\n\t\t<meta property=\"og:image:secure_url\" content=\"https:\/\/shop.hidalgo.nl\/wp-content\/uploads\/2026\/01\/cropped-Logo.png\" \/>\n\t\t<meta property=\"article:published_time\" content=\"2026-01-26T10:56:28+00:00\" \/>\n\t\t<meta property=\"article:modified_time\" content=\"2026-02-17T11:56:10+00:00\" \/>\n\t\t<meta property=\"article:publisher\" content=\"https:\/\/www.facebook.com\/hidalgobagsandmore\/\" \/>\n\t\t<meta name=\"twitter:card\" content=\"summary_large_image\" \/>\n\t\t<meta name=\"twitter:site\" content=\"@Hidalgo_BV\" \/>\n\t\t<meta name=\"twitter:title\" content=\"Glasbecher mit Logo bedrucken Ashley 300 ml recycelt\" \/>\n\t\t<meta name=\"twitter:description\" content=\"Veredle deinen Messeauftritt mit diesem stilvollen Becher, perfekt f\u00fcr kalte &amp; zimmerwarme Getr\u00e4nke. Personalisiere ihn mit deinem Logo, um Eindruck zu hinterlassen. Ideal f\u00fcr Promotionen oder als nachhaltiges Geschenk.\" \/>\n\t\t<meta name=\"twitter:image\" content=\"https:\/\/shop.hidalgo.nl\/wp-content\/uploads\/2026\/01\/cropped-Logo.png\" \/>\n\t\t<script type=\"application\/ld+json\" class=\"aioseo-schema\">\n\t\t\t{\"@context\":\"https:\\\/\\\/schema.org\",\"@graph\":[{\"@type\":\"BreadcrumbList\",\"@id\":\"https:\\\/\\\/bidonsenshakers.nl\\\/de\\\/product\\\/6767\\\/glasbecher-mit-logo-bedrucken-ashley-300-ml-recycelt\\\/#breadcrumblist\",\"itemListElement\":[{\"@type\":\"ListItem\",\"@id\":\"https:\\\/\\\/bidonsenshakers.nl\\\/de\\\/#listItem\",\"position\":1,\"name\":\"Home\",\"item\":\"https:\\\/\\\/bidonsenshakers.nl\\\/de\\\/\",\"nextItem\":{\"@type\":\"ListItem\",\"@id\":\"https:\\\/\\\/bidonsenshakers.nl\\\/shop\\\/#listItem\",\"name\":\"Shop\"}},{\"@type\":\"ListItem\",\"@id\":\"https:\\\/\\\/bidonsenshakers.nl\\\/shop\\\/#listItem\",\"position\":2,\"name\":\"Shop\",\"item\":\"https:\\\/\\\/bidonsenshakers.nl\\\/shop\\\/\",\"nextItem\":{\"@type\":\"ListItem\",\"@id\":\"https:\\\/\\\/bidonsenshakers.nl\\\/de\\\/product-supplier\\\/a58\\\/#listItem\",\"name\":\"A58\"},\"previousItem\":{\"@type\":\"ListItem\",\"@id\":\"https:\\\/\\\/bidonsenshakers.nl\\\/de\\\/#listItem\",\"name\":\"Home\"}},{\"@type\":\"ListItem\",\"@id\":\"https:\\\/\\\/bidonsenshakers.nl\\\/de\\\/product-supplier\\\/a58\\\/#listItem\",\"position\":3,\"name\":\"A58\",\"item\":\"https:\\\/\\\/bidonsenshakers.nl\\\/de\\\/product-supplier\\\/a58\\\/\",\"nextItem\":{\"@type\":\"ListItem\",\"@id\":\"https:\\\/\\\/bidonsenshakers.nl\\\/de\\\/product\\\/6767\\\/glasbecher-mit-logo-bedrucken-ashley-300-ml-recycelt\\\/#listItem\",\"name\":\"Gerecycled glazen drinkbeker 300 ml Ashley\"},\"previousItem\":{\"@type\":\"ListItem\",\"@id\":\"https:\\\/\\\/bidonsenshakers.nl\\\/shop\\\/#listItem\",\"name\":\"Shop\"}},{\"@type\":\"ListItem\",\"@id\":\"https:\\\/\\\/bidonsenshakers.nl\\\/de\\\/product\\\/6767\\\/glasbecher-mit-logo-bedrucken-ashley-300-ml-recycelt\\\/#listItem\",\"position\":4,\"name\":\"Gerecycled glazen drinkbeker 300 ml Ashley\",\"previousItem\":{\"@type\":\"ListItem\",\"@id\":\"https:\\\/\\\/bidonsenshakers.nl\\\/de\\\/product-supplier\\\/a58\\\/#listItem\",\"name\":\"A58\"}}]},{\"@type\":\"Organization\",\"@id\":\"https:\\\/\\\/bidonsenshakers.nl\\\/de\\\/#organization\",\"name\":\"Trinkflaschen & Shakers\",\"description\":\"Trinkflaschen & Shakers\",\"url\":\"https:\\\/\\\/bidonsenshakers.nl\\\/de\\\/\",\"telephone\":\"+31793310133\",\"logo\":{\"@type\":\"ImageObject\",\"url\":\"https:\\\/\\\/shop.hidalgo.nl\\\/wp-content\\\/uploads\\\/2026\\\/01\\\/cropped-Logo.png\",\"@id\":\"https:\\\/\\\/bidonsenshakers.nl\\\/de\\\/product\\\/6767\\\/glasbecher-mit-logo-bedrucken-ashley-300-ml-recycelt\\\/#organizationLogo\",\"width\":600,\"height\":243},\"image\":{\"@id\":\"https:\\\/\\\/bidonsenshakers.nl\\\/de\\\/product\\\/6767\\\/glasbecher-mit-logo-bedrucken-ashley-300-ml-recycelt\\\/#organizationLogo\"},\"sameAs\":[\"https:\\\/\\\/www.facebook.com\\\/hidalgobagsandmore\\\/\",\"https:\\\/\\\/x.com\\\/Hidalgo_BV\\\/status\\\/74021585866067968\",\"https:\\\/\\\/www.instagram.com\\\/hidalgobagsandmore\\\/#\",\"https:\\\/\\\/www.youtube.com\\\/@hidalgobagsandmore\",\"https:\\\/\\\/www.linkedin.com\\\/in\\\/rutgerblommers\\\/\"]},{\"@type\":\"WebPage\",\"@id\":\"https:\\\/\\\/bidonsenshakers.nl\\\/de\\\/product\\\/6767\\\/glasbecher-mit-logo-bedrucken-ashley-300-ml-recycelt\\\/#webpage\",\"url\":\"https:\\\/\\\/bidonsenshakers.nl\\\/de\\\/product\\\/6767\\\/glasbecher-mit-logo-bedrucken-ashley-300-ml-recycelt\\\/\",\"name\":\"Glasbecher mit Logo bedrucken Ashley 300 ml recycelt\",\"description\":\"Veredle deinen Messeauftritt mit diesem stilvollen Becher, perfekt f\\u00fcr kalte & zimmerwarme Getr\\u00e4nke. Personalisiere ihn mit deinem Logo, um Eindruck zu hinterlassen. Ideal f\\u00fcr Promotionen oder als nachhaltiges Geschenk.\",\"inLanguage\":\"de-DE\",\"isPartOf\":{\"@id\":\"https:\\\/\\\/bidonsenshakers.nl\\\/de\\\/#website\"},\"breadcrumb\":{\"@id\":\"https:\\\/\\\/bidonsenshakers.nl\\\/de\\\/product\\\/6767\\\/glasbecher-mit-logo-bedrucken-ashley-300-ml-recycelt\\\/#breadcrumblist\"},\"image\":{\"@type\":\"ImageObject\",\"url\":\"https:\\\/\\\/shop.hidalgo.nl\\\/wp-content\\\/uploads\\\/2025\\\/04\\\/9d78b163541e4d811dfcdb10045b9bf87d059746f9a600a1bb5fad4b75021ec4.jpg\",\"@id\":\"https:\\\/\\\/bidonsenshakers.nl\\\/de\\\/product\\\/6767\\\/glasbecher-mit-logo-bedrucken-ashley-300-ml-recycelt\\\/#mainImage\"},\"primaryImageOfPage\":{\"@id\":\"https:\\\/\\\/bidonsenshakers.nl\\\/de\\\/product\\\/6767\\\/glasbecher-mit-logo-bedrucken-ashley-300-ml-recycelt\\\/#mainImage\"},\"datePublished\":\"2026-01-26T10:56:28+00:00\",\"dateModified\":\"2026-02-17T11:56:10+00:00\"},{\"@type\":\"WebSite\",\"@id\":\"https:\\\/\\\/bidonsenshakers.nl\\\/de\\\/#website\",\"url\":\"https:\\\/\\\/bidonsenshakers.nl\\\/de\\\/\",\"name\":\"Trinkflaschen & Shakers\",\"description\":\"Trinkflaschen & Shakers\",\"inLanguage\":\"de-DE\",\"publisher\":{\"@id\":\"https:\\\/\\\/bidonsenshakers.nl\\\/de\\\/#organization\"}}]}\n\t\t<\/script>\n\t\t<!-- All in One SEO Pro -->\r\n\t\t<title>Glasbecher mit Logo bedrucken Ashley 300 ml recycelt<\/title>\n\n","aioseo_head_json":{"title":"Glasbecher mit Logo bedrucken Ashley 300 ml recycelt","description":"Veredle deinen Messeauftritt mit diesem stilvollen Becher, perfekt f\u00fcr kalte & zimmerwarme Getr\u00e4nke. Personalisiere ihn mit deinem Logo, um Eindruck zu hinterlassen. Ideal f\u00fcr Promotionen oder als nachhaltiges Geschenk.","canonical_url":"https:\/\/bidonsenshakers.nl\/de\/wp-json\/wp\/v2\/product\/6767","robots":"max-image-preview:large","keywords":"","webmasterTools":{"google-site-verification":"BBMiYHShnVBoc8v9xoHf0FXMC27otVB0wiWxw_hFRrM","miscellaneous":""},"schema":{"@context":"https:\/\/schema.org","@graph":[{"@type":"BreadcrumbList","@id":"https:\/\/bidonsenshakers.nl\/de\/product\/6767\/glasbecher-mit-logo-bedrucken-ashley-300-ml-recycelt\/#breadcrumblist","itemListElement":[{"@type":"ListItem","@id":"https:\/\/bidonsenshakers.nl\/de\/#listItem","position":1,"name":"Home","item":"https:\/\/bidonsenshakers.nl\/de\/","nextItem":{"@type":"ListItem","@id":"https:\/\/bidonsenshakers.nl\/shop\/#listItem","name":"Shop"}},{"@type":"ListItem","@id":"https:\/\/bidonsenshakers.nl\/shop\/#listItem","position":2,"name":"Shop","item":"https:\/\/bidonsenshakers.nl\/shop\/","nextItem":{"@type":"ListItem","@id":"https:\/\/bidonsenshakers.nl\/de\/product-supplier\/a58\/#listItem","name":"A58"},"previousItem":{"@type":"ListItem","@id":"https:\/\/bidonsenshakers.nl\/de\/#listItem","name":"Home"}},{"@type":"ListItem","@id":"https:\/\/bidonsenshakers.nl\/de\/product-supplier\/a58\/#listItem","position":3,"name":"A58","item":"https:\/\/bidonsenshakers.nl\/de\/product-supplier\/a58\/","nextItem":{"@type":"ListItem","@id":"https:\/\/bidonsenshakers.nl\/de\/product\/6767\/glasbecher-mit-logo-bedrucken-ashley-300-ml-recycelt\/#listItem","name":"Gerecycled glazen drinkbeker 300 ml Ashley"},"previousItem":{"@type":"ListItem","@id":"https:\/\/bidonsenshakers.nl\/shop\/#listItem","name":"Shop"}},{"@type":"ListItem","@id":"https:\/\/bidonsenshakers.nl\/de\/product\/6767\/glasbecher-mit-logo-bedrucken-ashley-300-ml-recycelt\/#listItem","position":4,"name":"Gerecycled glazen drinkbeker 300 ml Ashley","previousItem":{"@type":"ListItem","@id":"https:\/\/bidonsenshakers.nl\/de\/product-supplier\/a58\/#listItem","name":"A58"}}]},{"@type":"Organization","@id":"https:\/\/bidonsenshakers.nl\/de\/#organization","name":"Trinkflaschen & Shakers","description":"Trinkflaschen & Shakers","url":"https:\/\/bidonsenshakers.nl\/de\/","telephone":"+31793310133","logo":{"@type":"ImageObject","url":"https:\/\/shop.hidalgo.nl\/wp-content\/uploads\/2026\/01\/cropped-Logo.png","@id":"https:\/\/bidonsenshakers.nl\/de\/product\/6767\/glasbecher-mit-logo-bedrucken-ashley-300-ml-recycelt\/#organizationLogo","width":600,"height":243},"image":{"@id":"https:\/\/bidonsenshakers.nl\/de\/product\/6767\/glasbecher-mit-logo-bedrucken-ashley-300-ml-recycelt\/#organizationLogo"},"sameAs":["https:\/\/www.facebook.com\/hidalgobagsandmore\/","https:\/\/x.com\/Hidalgo_BV\/status\/74021585866067968","https:\/\/www.instagram.com\/hidalgobagsandmore\/#","https:\/\/www.youtube.com\/@hidalgobagsandmore","https:\/\/www.linkedin.com\/in\/rutgerblommers\/"]},{"@type":"WebPage","@id":"https:\/\/bidonsenshakers.nl\/de\/product\/6767\/glasbecher-mit-logo-bedrucken-ashley-300-ml-recycelt\/#webpage","url":"https:\/\/bidonsenshakers.nl\/de\/product\/6767\/glasbecher-mit-logo-bedrucken-ashley-300-ml-recycelt\/","name":"Glasbecher mit Logo bedrucken Ashley 300 ml recycelt","description":"Veredle deinen Messeauftritt mit diesem stilvollen Becher, perfekt f\u00fcr kalte & zimmerwarme Getr\u00e4nke. Personalisiere ihn mit deinem Logo, um Eindruck zu hinterlassen. Ideal f\u00fcr Promotionen oder als nachhaltiges Geschenk.","inLanguage":"de-DE","isPartOf":{"@id":"https:\/\/bidonsenshakers.nl\/de\/#website"},"breadcrumb":{"@id":"https:\/\/bidonsenshakers.nl\/de\/product\/6767\/glasbecher-mit-logo-bedrucken-ashley-300-ml-recycelt\/#breadcrumblist"},"image":{"@type":"ImageObject","url":"https:\/\/shop.hidalgo.nl\/wp-content\/uploads\/2025\/04\/9d78b163541e4d811dfcdb10045b9bf87d059746f9a600a1bb5fad4b75021ec4.jpg","@id":"https:\/\/bidonsenshakers.nl\/de\/product\/6767\/glasbecher-mit-logo-bedrucken-ashley-300-ml-recycelt\/#mainImage"},"primaryImageOfPage":{"@id":"https:\/\/bidonsenshakers.nl\/de\/product\/6767\/glasbecher-mit-logo-bedrucken-ashley-300-ml-recycelt\/#mainImage"},"datePublished":"2026-01-26T10:56:28+00:00","dateModified":"2026-02-17T11:56:10+00:00"},{"@type":"WebSite","@id":"https:\/\/bidonsenshakers.nl\/de\/#website","url":"https:\/\/bidonsenshakers.nl\/de\/","name":"Trinkflaschen & Shakers","description":"Trinkflaschen & Shakers","inLanguage":"de-DE","publisher":{"@id":"https:\/\/bidonsenshakers.nl\/de\/#organization"}}]},"og:locale":"de_DE","og:site_name":"Trinkflaschen &amp; Shakers - Trinkflaschen &amp; Shakers","og:type":"article","og:title":"Glasbecher mit Logo bedrucken Ashley 300 ml recycelt","og:description":"Veredle deinen Messeauftritt mit diesem stilvollen Becher, perfekt f\u00fcr kalte &amp; zimmerwarme Getr\u00e4nke. Personalisiere ihn mit deinem Logo, um Eindruck zu hinterlassen. Ideal f\u00fcr Promotionen oder als nachhaltiges Geschenk.","og:url":"https:\/\/bidonsenshakers.nl\/de\/wp-json\/wp\/v2\/product\/6767","og:image":"https:\/\/shop.hidalgo.nl\/wp-content\/uploads\/2026\/01\/cropped-Logo.png","og:image:secure_url":"https:\/\/shop.hidalgo.nl\/wp-content\/uploads\/2026\/01\/cropped-Logo.png","article:published_time":"2026-01-26T10:56:28+00:00","article:modified_time":"2026-02-17T11:56:10+00:00","article:publisher":"https:\/\/www.facebook.com\/hidalgobagsandmore\/","twitter:card":"summary_large_image","twitter:site":"@Hidalgo_BV","twitter:title":"Glasbecher mit Logo bedrucken Ashley 300 ml recycelt","twitter:description":"Veredle deinen Messeauftritt mit diesem stilvollen Becher, perfekt f\u00fcr kalte &amp; zimmerwarme Getr\u00e4nke. Personalisiere ihn mit deinem Logo, um Eindruck zu hinterlassen. Ideal f\u00fcr Promotionen oder als nachhaltiges Geschenk.","twitter:image":"https:\/\/shop.hidalgo.nl\/wp-content\/uploads\/2026\/01\/cropped-Logo.png"},"aioseo_meta_data":{"post_id":"6767","title":null,"description":null,"keywords":null,"keyphrases":null,"canonical_url":null,"og_title":null,"og_description":null,"og_object_type":"default","og_image_type":"default","og_image_custom_url":null,"og_image_custom_fields":null,"og_custom_image_width":null,"og_custom_image_height":null,"og_video":null,"og_custom_url":null,"og_article_section":null,"og_article_tags":null,"twitter_use_og":false,"twitter_card":"default","twitter_image_type":"default","twitter_image_custom_url":null,"twitter_image_custom_fields":null,"twitter_title":null,"twitter_description":null,"schema_type":null,"schema_type_options":null,"pillar_content":false,"robots_default":true,"robots_noindex":false,"robots_noarchive":false,"robots_nosnippet":false,"robots_nofollow":false,"robots_noimageindex":false,"robots_noodp":false,"robots_notranslate":false,"robots_max_snippet":null,"robots_max_videopreview":null,"robots_max_imagepreview":"none","tabs":null,"priority":null,"frequency":null,"local_seo":null,"created":"2026-01-26 11:05:24","updated":"2026-02-18 10:38:31"},"aioseo_breadcrumb":"<div class=\"aioseo-breadcrumbs\"><span class=\"aioseo-breadcrumb\">\n\t<a href=\"https:\/\/bidonsenshakers.nl\/de\/\" title=\"Home\">Home<\/a>\n<\/span><span class=\"aioseo-breadcrumb-separator\">\u00bb<\/span><span class=\"aioseo-breadcrumb\">\n\t<a href=\"https:\/\/bidonsenshakers.nl\/shop\/\" title=\"Shop\">Shop<\/a>\n<\/span><span class=\"aioseo-breadcrumb-separator\">\u00bb<\/span><span class=\"aioseo-breadcrumb\">\n\t<a href=\"https:\/\/bidonsenshakers.nl\/de\/product-supplier\/a58\/\" title=\"A58\">A58<\/a>\n<\/span><span class=\"aioseo-breadcrumb-separator\">\u00bb<\/span><span class=\"aioseo-breadcrumb\">\n\tGerecycled glazen drinkbeker 300 ml Ashley\n<\/span><\/div>","aioseo_breadcrumb_json":[{"label":"Home","link":"https:\/\/bidonsenshakers.nl\/de\/"},{"label":"Shop","link":"https:\/\/bidonsenshakers.nl\/shop\/"},{"label":"A58","link":"https:\/\/bidonsenshakers.nl\/de\/product-supplier\/a58\/"},{"label":"Gerecycled glazen drinkbeker 300 ml Ashley","link":"https:\/\/bidonsenshakers.nl\/de\/product\/6767\/glasbecher-mit-logo-bedrucken-ashley-300-ml-recycelt\/"}],"_links":{"self":[{"href":"https:\/\/bidonsenshakers.nl\/de\/wp-json\/wp\/v2\/product\/6767","targetHints":{"allow":["GET"]}}],"collection":[{"href":"https:\/\/bidonsenshakers.nl\/de\/wp-json\/wp\/v2\/product"}],"about":[{"href":"https:\/\/bidonsenshakers.nl\/de\/wp-json\/wp\/v2\/types\/product"}],"wp:featuredmedia":[{"embeddable":true,"href":"https:\/\/bidonsenshakers.nl\/de\/wp-json\/wp\/v2\/media\/6768"}],"wp:attachment":[{"href":"https:\/\/bidonsenshakers.nl\/de\/wp-json\/wp\/v2\/media?parent=6767"}],"wp:term":[{"taxonomy":"product_brand","embeddable":true,"href":"https:\/\/bidonsenshakers.nl\/de\/wp-json\/wp\/v2\/product_brand?post=6767"},{"taxonomy":"product_cat","embeddable":true,"href":"https:\/\/bidonsenshakers.nl\/de\/wp-json\/wp\/v2\/product_cat?post=6767"},{"taxonomy":"product_tag","embeddable":true,"href":"https:\/\/bidonsenshakers.nl\/de\/wp-json\/wp\/v2\/product_tag?post=6767"}],"curies":[{"name":"wp","href":"https:\/\/api.w.org\/{rel}","templated":true}]}}