{"id":6826,"date":"2026-01-26T10:56:34","date_gmt":"2026-01-26T10:56:34","guid":{"rendered":"https:\/\/bidonsenshakers.shop.hidalgo.nl\/product\/rvs-mok-250-ml-braylen\/"},"modified":"2026-02-17T11:56:10","modified_gmt":"2026-02-17T11:56:10","slug":"rvs-mok-250-ml-braylen","status":"publish","type":"product","link":"https:\/\/bidonsenshakers.nl\/de\/product\/6826\/edelstahlbecher-bedrucken-250-ml-robust-mit-gravur\/","title":{"rendered":"RVS mok (250 ml) Braylen"},"content":{"rendered":"<p>RVS (s\/s304) mok (250 ml). Binnenkant is s\/s 304, buitenkant s\/s 201. Individueel verpakt in een kartonnen doos.<\/p>\n","protected":false},"excerpt":{"rendered":"<p>RVS (s\/s304) mok (250 ml). Binnenkant is s\/s 304, buitenkant s\/s 201. Individueel verpakt in een kartonnen doos.<\/p>\n","protected":false},"featured_media":6827,"template":"","meta":{"_acf_changed":false,"om_disable_all_campaigns":false,"_monsterinsights_skip_tracking":false,"_monsterinsights_sitenote_active":false,"_monsterinsights_sitenote_note":"","_monsterinsights_sitenote_category":0},"product_brand":[133],"product_cat":[363],"product_tag":[],"class_list":{"0":"post-6826","1":"product","2":"type-product","3":"status-publish","4":"has-post-thumbnail","6":"product_supplier-a58","7":"product_material-rvs","8":"product_brand-impression","9":"product_cat-mokken","10":"entry","12":"first","13":"instock","14":"taxable","15":"shipping-taxable","16":"purchasable","17":"product-type-variable"},"acf":{"imprint_cost":[{"imprint_cost_key":"2a6f5fc64eb333b07780972c3f39c78bf62e0087","product_quantity_price_range":[{"imprint_cost_recommended_selling_price":"2.66","imprint_cost_recommended_selling_quantity":"1"},{"imprint_cost_recommended_selling_price":"1.63","imprint_cost_recommended_selling_quantity":"25"},{"imprint_cost_recommended_selling_price":"1.22","imprint_cost_recommended_selling_quantity":"50"},{"imprint_cost_recommended_selling_price":"0.88","imprint_cost_recommended_selling_quantity":"100"},{"imprint_cost_recommended_selling_price":"0.52","imprint_cost_recommended_selling_quantity":"250"},{"imprint_cost_recommended_selling_price":"0.43","imprint_cost_recommended_selling_quantity":"500"},{"imprint_cost_recommended_selling_price":"0.37","imprint_cost_recommended_selling_quantity":"1000"},{"imprint_cost_recommended_selling_price":"0.29","imprint_cost_recommended_selling_quantity":"2500"}],"product_quantity_price_range_buying":false,"imprint_cost_setup_costs":"30.77","imprint_cost_handling_costs":"0.2"},{"imprint_cost_key":"be0db73340db8c1e6462668053d2ca81efd2d966","product_quantity_price_range":[{"imprint_cost_recommended_selling_price":"5.91","imprint_cost_recommended_selling_quantity":"1"},{"imprint_cost_recommended_selling_price":"2.97","imprint_cost_recommended_selling_quantity":"25"},{"imprint_cost_recommended_selling_price":"1.49","imprint_cost_recommended_selling_quantity":"50"},{"imprint_cost_recommended_selling_price":"0.69","imprint_cost_recommended_selling_quantity":"100"},{"imprint_cost_recommended_selling_price":"0.55","imprint_cost_recommended_selling_quantity":"250"},{"imprint_cost_recommended_selling_price":"0.43","imprint_cost_recommended_selling_quantity":"500"},{"imprint_cost_recommended_selling_price":"0.4","imprint_cost_recommended_selling_quantity":"1000"},{"imprint_cost_recommended_selling_price":"0.35","imprint_cost_recommended_selling_quantity":"2500"},{"imprint_cost_recommended_selling_price":"0.34","imprint_cost_recommended_selling_quantity":"5000"},{"imprint_cost_recommended_selling_price":"0.32","imprint_cost_recommended_selling_quantity":"10000"}],"product_quantity_price_range_buying":false,"imprint_cost_setup_costs":"52.31","imprint_cost_handling_costs":"0.2"},{"imprint_cost_key":"8b39fb6c8d17ffabced8c492d5e1a6fd86fd1847","product_quantity_price_range":[{"imprint_cost_recommended_selling_price":"11.6","imprint_cost_recommended_selling_quantity":"1"},{"imprint_cost_recommended_selling_price":"5.83","imprint_cost_recommended_selling_quantity":"25"},{"imprint_cost_recommended_selling_price":"2.92","imprint_cost_recommended_selling_quantity":"50"},{"imprint_cost_recommended_selling_price":"1.35","imprint_cost_recommended_selling_quantity":"100"},{"imprint_cost_recommended_selling_price":"1.07","imprint_cost_recommended_selling_quantity":"250"},{"imprint_cost_recommended_selling_price":"0.85","imprint_cost_recommended_selling_quantity":"500"},{"imprint_cost_recommended_selling_price":"0.78","imprint_cost_recommended_selling_quantity":"1000"},{"imprint_cost_recommended_selling_price":"0.69","imprint_cost_recommended_selling_quantity":"2500"},{"imprint_cost_recommended_selling_price":"0.66","imprint_cost_recommended_selling_quantity":"5000"},{"imprint_cost_recommended_selling_price":"0.63","imprint_cost_recommended_selling_quantity":"10000"}],"product_quantity_price_range_buying":false,"imprint_cost_setup_costs":"104.62","imprint_cost_handling_costs":"0.2"},{"imprint_cost_key":"8d131175a589c5b60d7bb328ab7dfd3fcee03f6b","product_quantity_price_range":[{"imprint_cost_recommended_selling_price":"17.29","imprint_cost_recommended_selling_quantity":"1"},{"imprint_cost_recommended_selling_price":"8.69","imprint_cost_recommended_selling_quantity":"25"},{"imprint_cost_recommended_selling_price":"4.35","imprint_cost_recommended_selling_quantity":"50"},{"imprint_cost_recommended_selling_price":"2.01","imprint_cost_recommended_selling_quantity":"100"},{"imprint_cost_recommended_selling_price":"1.59","imprint_cost_recommended_selling_quantity":"250"},{"imprint_cost_recommended_selling_price":"1.27","imprint_cost_recommended_selling_quantity":"500"},{"imprint_cost_recommended_selling_price":"1.16","imprint_cost_recommended_selling_quantity":"1000"},{"imprint_cost_recommended_selling_price":"1.03","imprint_cost_recommended_selling_quantity":"2500"},{"imprint_cost_recommended_selling_price":"0.98","imprint_cost_recommended_selling_quantity":"5000"},{"imprint_cost_recommended_selling_price":"0.94","imprint_cost_recommended_selling_quantity":"10000"}],"product_quantity_price_range_buying":false,"imprint_cost_setup_costs":"156.93","imprint_cost_handling_costs":"0.2"},{"imprint_cost_key":"856f4558e0f07df784dd0ea635f91d8479801347","product_quantity_price_range":[{"imprint_cost_recommended_selling_price":"22.98","imprint_cost_recommended_selling_quantity":"1"},{"imprint_cost_recommended_selling_price":"11.55","imprint_cost_recommended_selling_quantity":"25"},{"imprint_cost_recommended_selling_price":"5.78","imprint_cost_recommended_selling_quantity":"50"},{"imprint_cost_recommended_selling_price":"2.67","imprint_cost_recommended_selling_quantity":"100"},{"imprint_cost_recommended_selling_price":"2.11","imprint_cost_recommended_selling_quantity":"250"},{"imprint_cost_recommended_selling_price":"1.69","imprint_cost_recommended_selling_quantity":"500"},{"imprint_cost_recommended_selling_price":"1.54","imprint_cost_recommended_selling_quantity":"1000"},{"imprint_cost_recommended_selling_price":"1.37","imprint_cost_recommended_selling_quantity":"2500"},{"imprint_cost_recommended_selling_price":"1.3","imprint_cost_recommended_selling_quantity":"5000"},{"imprint_cost_recommended_selling_price":"1.25","imprint_cost_recommended_selling_quantity":"10000"}],"product_quantity_price_range_buying":false,"imprint_cost_setup_costs":"209.24","imprint_cost_handling_costs":"0.2"},{"imprint_cost_key":"2b4fd836ff2ad8b78ae72c73a9c1945bf4bd4257","product_quantity_price_range":[{"imprint_cost_recommended_selling_price":"28.67","imprint_cost_recommended_selling_quantity":"1"},{"imprint_cost_recommended_selling_price":"14.41","imprint_cost_recommended_selling_quantity":"25"},{"imprint_cost_recommended_selling_price":"7.21","imprint_cost_recommended_selling_quantity":"50"},{"imprint_cost_recommended_selling_price":"3.33","imprint_cost_recommended_selling_quantity":"100"},{"imprint_cost_recommended_selling_price":"2.63","imprint_cost_recommended_selling_quantity":"250"},{"imprint_cost_recommended_selling_price":"2.11","imprint_cost_recommended_selling_quantity":"500"},{"imprint_cost_recommended_selling_price":"1.92","imprint_cost_recommended_selling_quantity":"1000"},{"imprint_cost_recommended_selling_price":"1.71","imprint_cost_recommended_selling_quantity":"2500"},{"imprint_cost_recommended_selling_price":"1.62","imprint_cost_recommended_selling_quantity":"5000"},{"imprint_cost_recommended_selling_price":"1.56","imprint_cost_recommended_selling_quantity":"10000"}],"product_quantity_price_range_buying":false,"imprint_cost_setup_costs":"261.55","imprint_cost_handling_costs":"0.2"},{"imprint_cost_key":"969d69876e6f4c772ab0f5bdb64ab0fd766816cd","product_quantity_price_range":[{"imprint_cost_recommended_selling_price":"4.03","imprint_cost_recommended_selling_quantity":"1"},{"imprint_cost_recommended_selling_price":"2.78","imprint_cost_recommended_selling_quantity":"25"},{"imprint_cost_recommended_selling_price":"1.63","imprint_cost_recommended_selling_quantity":"50"},{"imprint_cost_recommended_selling_price":"1.34","imprint_cost_recommended_selling_quantity":"100"},{"imprint_cost_recommended_selling_price":"1.05","imprint_cost_recommended_selling_quantity":"250"},{"imprint_cost_recommended_selling_price":"0.91","imprint_cost_recommended_selling_quantity":"500"},{"imprint_cost_recommended_selling_price":"0.8","imprint_cost_recommended_selling_quantity":"1000"},{"imprint_cost_recommended_selling_price":"0.68","imprint_cost_recommended_selling_quantity":"2500"}],"product_quantity_price_range_buying":false,"imprint_cost_setup_costs":"30.77","imprint_cost_handling_costs":"0.2"}]},"aioseo_notices":[],"aioseo_head":"\n\t\t<!-- All in One SEO Pro 4.9.6.1 - aioseo.com -->\n\t<meta name=\"description\" content=\"Mit diesem stilvollen 250-ml-Becher kannst du dein Logo individuell gestalten und so bei Veranstaltungen oder im B\u00fcro einen bleibenden Eindruck hinterlassen. Die hochwertige Edelstahlverarbeitung gew\u00e4hrleistet Langlebigkeit und sorgt f\u00fcr ein modernes, elegantes Design.\" \/>\n\t<meta name=\"robots\" content=\"max-image-preview:large\" \/>\n\t<meta name=\"google-site-verification\" content=\"BBMiYHShnVBoc8v9xoHf0FXMC27otVB0wiWxw_hFRrM\" \/>\n\t<link rel=\"canonical\" href=\"https:\/\/bidonsenshakers.nl\/de\/wp-json\/wp\/v2\/product\/6826\" \/>\n\t<meta name=\"generator\" content=\"All in One SEO Pro (AIOSEO) 4.9.6.1\" \/>\n\t\t<meta property=\"og:locale\" content=\"de_DE\" \/>\n\t\t<meta property=\"og:site_name\" content=\"Trinkflaschen &amp; Shakers - Trinkflaschen &amp; Shakers\" \/>\n\t\t<meta property=\"og:type\" content=\"article\" \/>\n\t\t<meta property=\"og:title\" content=\"Edelstahlbecher bedrucken 250 ml robust mit Gravur\" \/>\n\t\t<meta property=\"og:description\" content=\"Mit diesem stilvollen 250-ml-Becher kannst du dein Logo individuell gestalten und so bei Veranstaltungen oder im B\u00fcro einen bleibenden Eindruck hinterlassen. Die hochwertige Edelstahlverarbeitung gew\u00e4hrleistet Langlebigkeit und sorgt f\u00fcr ein modernes, elegantes Design.\" \/>\n\t\t<meta property=\"og:url\" content=\"https:\/\/bidonsenshakers.nl\/de\/wp-json\/wp\/v2\/product\/6826\" \/>\n\t\t<meta property=\"og:image\" content=\"https:\/\/shop.hidalgo.nl\/wp-content\/uploads\/2026\/01\/cropped-Logo.png\" \/>\n\t\t<meta property=\"og:image:secure_url\" content=\"https:\/\/shop.hidalgo.nl\/wp-content\/uploads\/2026\/01\/cropped-Logo.png\" \/>\n\t\t<meta property=\"article:published_time\" content=\"2026-01-26T10:56:34+00:00\" \/>\n\t\t<meta property=\"article:modified_time\" content=\"2026-02-17T11:56:10+00:00\" \/>\n\t\t<meta property=\"article:publisher\" content=\"https:\/\/www.facebook.com\/hidalgobagsandmore\/\" \/>\n\t\t<meta name=\"twitter:card\" content=\"summary_large_image\" \/>\n\t\t<meta name=\"twitter:site\" content=\"@Hidalgo_BV\" \/>\n\t\t<meta name=\"twitter:title\" content=\"Edelstahlbecher bedrucken 250 ml robust mit Gravur\" \/>\n\t\t<meta name=\"twitter:description\" content=\"Mit diesem stilvollen 250-ml-Becher kannst du dein Logo individuell gestalten und so bei Veranstaltungen oder im B\u00fcro einen bleibenden Eindruck hinterlassen. Die hochwertige Edelstahlverarbeitung gew\u00e4hrleistet Langlebigkeit und sorgt f\u00fcr ein modernes, elegantes Design.\" \/>\n\t\t<meta name=\"twitter:image\" content=\"https:\/\/shop.hidalgo.nl\/wp-content\/uploads\/2026\/01\/cropped-Logo.png\" \/>\n\t\t<script type=\"application\/ld+json\" class=\"aioseo-schema\">\n\t\t\t{\"@context\":\"https:\\\/\\\/schema.org\",\"@graph\":[{\"@type\":\"BreadcrumbList\",\"@id\":\"https:\\\/\\\/bidonsenshakers.nl\\\/de\\\/product\\\/6826\\\/edelstahlbecher-bedrucken-250-ml-robust-mit-gravur\\\/#breadcrumblist\",\"itemListElement\":[{\"@type\":\"ListItem\",\"@id\":\"https:\\\/\\\/bidonsenshakers.nl\\\/de\\\/#listItem\",\"position\":1,\"name\":\"Home\",\"item\":\"https:\\\/\\\/bidonsenshakers.nl\\\/de\\\/\",\"nextItem\":{\"@type\":\"ListItem\",\"@id\":\"https:\\\/\\\/bidonsenshakers.nl\\\/shop\\\/#listItem\",\"name\":\"Shop\"}},{\"@type\":\"ListItem\",\"@id\":\"https:\\\/\\\/bidonsenshakers.nl\\\/shop\\\/#listItem\",\"position\":2,\"name\":\"Shop\",\"item\":\"https:\\\/\\\/bidonsenshakers.nl\\\/shop\\\/\",\"nextItem\":{\"@type\":\"ListItem\",\"@id\":\"https:\\\/\\\/bidonsenshakers.nl\\\/de\\\/product-supplier\\\/a58\\\/#listItem\",\"name\":\"A58\"},\"previousItem\":{\"@type\":\"ListItem\",\"@id\":\"https:\\\/\\\/bidonsenshakers.nl\\\/de\\\/#listItem\",\"name\":\"Home\"}},{\"@type\":\"ListItem\",\"@id\":\"https:\\\/\\\/bidonsenshakers.nl\\\/de\\\/product-supplier\\\/a58\\\/#listItem\",\"position\":3,\"name\":\"A58\",\"item\":\"https:\\\/\\\/bidonsenshakers.nl\\\/de\\\/product-supplier\\\/a58\\\/\",\"nextItem\":{\"@type\":\"ListItem\",\"@id\":\"https:\\\/\\\/bidonsenshakers.nl\\\/de\\\/product\\\/6826\\\/edelstahlbecher-bedrucken-250-ml-robust-mit-gravur\\\/#listItem\",\"name\":\"RVS mok (250 ml) Braylen\"},\"previousItem\":{\"@type\":\"ListItem\",\"@id\":\"https:\\\/\\\/bidonsenshakers.nl\\\/shop\\\/#listItem\",\"name\":\"Shop\"}},{\"@type\":\"ListItem\",\"@id\":\"https:\\\/\\\/bidonsenshakers.nl\\\/de\\\/product\\\/6826\\\/edelstahlbecher-bedrucken-250-ml-robust-mit-gravur\\\/#listItem\",\"position\":4,\"name\":\"RVS mok (250 ml) Braylen\",\"previousItem\":{\"@type\":\"ListItem\",\"@id\":\"https:\\\/\\\/bidonsenshakers.nl\\\/de\\\/product-supplier\\\/a58\\\/#listItem\",\"name\":\"A58\"}}]},{\"@type\":\"Organization\",\"@id\":\"https:\\\/\\\/bidonsenshakers.nl\\\/de\\\/#organization\",\"name\":\"Trinkflaschen & Shakers\",\"description\":\"Trinkflaschen & Shakers\",\"url\":\"https:\\\/\\\/bidonsenshakers.nl\\\/de\\\/\",\"telephone\":\"+31793310133\",\"logo\":{\"@type\":\"ImageObject\",\"url\":\"https:\\\/\\\/shop.hidalgo.nl\\\/wp-content\\\/uploads\\\/2026\\\/01\\\/cropped-Logo.png\",\"@id\":\"https:\\\/\\\/bidonsenshakers.nl\\\/de\\\/product\\\/6826\\\/edelstahlbecher-bedrucken-250-ml-robust-mit-gravur\\\/#organizationLogo\",\"width\":600,\"height\":243},\"image\":{\"@id\":\"https:\\\/\\\/bidonsenshakers.nl\\\/de\\\/product\\\/6826\\\/edelstahlbecher-bedrucken-250-ml-robust-mit-gravur\\\/#organizationLogo\"},\"sameAs\":[\"https:\\\/\\\/www.facebook.com\\\/hidalgobagsandmore\\\/\",\"https:\\\/\\\/x.com\\\/Hidalgo_BV\\\/status\\\/74021585866067968\",\"https:\\\/\\\/www.instagram.com\\\/hidalgobagsandmore\\\/#\",\"https:\\\/\\\/www.youtube.com\\\/@hidalgobagsandmore\",\"https:\\\/\\\/www.linkedin.com\\\/in\\\/rutgerblommers\\\/\"]},{\"@type\":\"WebPage\",\"@id\":\"https:\\\/\\\/bidonsenshakers.nl\\\/de\\\/product\\\/6826\\\/edelstahlbecher-bedrucken-250-ml-robust-mit-gravur\\\/#webpage\",\"url\":\"https:\\\/\\\/bidonsenshakers.nl\\\/de\\\/product\\\/6826\\\/edelstahlbecher-bedrucken-250-ml-robust-mit-gravur\\\/\",\"name\":\"Edelstahlbecher bedrucken 250 ml robust mit Gravur\",\"description\":\"Mit diesem stilvollen 250-ml-Becher kannst du dein Logo individuell gestalten und so bei Veranstaltungen oder im B\\u00fcro einen bleibenden Eindruck hinterlassen. Die hochwertige Edelstahlverarbeitung gew\\u00e4hrleistet Langlebigkeit und sorgt f\\u00fcr ein modernes, elegantes Design.\",\"inLanguage\":\"de-DE\",\"isPartOf\":{\"@id\":\"https:\\\/\\\/bidonsenshakers.nl\\\/de\\\/#website\"},\"breadcrumb\":{\"@id\":\"https:\\\/\\\/bidonsenshakers.nl\\\/de\\\/product\\\/6826\\\/edelstahlbecher-bedrucken-250-ml-robust-mit-gravur\\\/#breadcrumblist\"},\"image\":{\"@type\":\"ImageObject\",\"url\":\"https:\\\/\\\/shop.hidalgo.nl\\\/wp-content\\\/uploads\\\/2025\\\/04\\\/61a55054f18560571dc773bfa1d411d210a0d74443af8e8e2b9b5fc06e7c4e5d.jpg\",\"@id\":\"https:\\\/\\\/bidonsenshakers.nl\\\/de\\\/product\\\/6826\\\/edelstahlbecher-bedrucken-250-ml-robust-mit-gravur\\\/#mainImage\"},\"primaryImageOfPage\":{\"@id\":\"https:\\\/\\\/bidonsenshakers.nl\\\/de\\\/product\\\/6826\\\/edelstahlbecher-bedrucken-250-ml-robust-mit-gravur\\\/#mainImage\"},\"datePublished\":\"2026-01-26T10:56:34+00:00\",\"dateModified\":\"2026-02-17T11:56:10+00:00\"},{\"@type\":\"WebSite\",\"@id\":\"https:\\\/\\\/bidonsenshakers.nl\\\/de\\\/#website\",\"url\":\"https:\\\/\\\/bidonsenshakers.nl\\\/de\\\/\",\"name\":\"Trinkflaschen & Shakers\",\"description\":\"Trinkflaschen & Shakers\",\"inLanguage\":\"de-DE\",\"publisher\":{\"@id\":\"https:\\\/\\\/bidonsenshakers.nl\\\/de\\\/#organization\"}}]}\n\t\t<\/script>\n\t\t<!-- All in One SEO Pro -->\r\n\t\t<title>Edelstahlbecher bedrucken 250 ml robust mit Gravur<\/title>\n\n","aioseo_head_json":{"title":"Edelstahlbecher bedrucken 250 ml robust mit Gravur","description":"Mit diesem stilvollen 250-ml-Becher kannst du dein Logo individuell gestalten und so bei Veranstaltungen oder im B\u00fcro einen bleibenden Eindruck hinterlassen. Die hochwertige Edelstahlverarbeitung gew\u00e4hrleistet Langlebigkeit und sorgt f\u00fcr ein modernes, elegantes Design.","canonical_url":"https:\/\/bidonsenshakers.nl\/de\/wp-json\/wp\/v2\/product\/6826","robots":"max-image-preview:large","keywords":"","webmasterTools":{"google-site-verification":"BBMiYHShnVBoc8v9xoHf0FXMC27otVB0wiWxw_hFRrM","miscellaneous":""},"schema":{"@context":"https:\/\/schema.org","@graph":[{"@type":"BreadcrumbList","@id":"https:\/\/bidonsenshakers.nl\/de\/product\/6826\/edelstahlbecher-bedrucken-250-ml-robust-mit-gravur\/#breadcrumblist","itemListElement":[{"@type":"ListItem","@id":"https:\/\/bidonsenshakers.nl\/de\/#listItem","position":1,"name":"Home","item":"https:\/\/bidonsenshakers.nl\/de\/","nextItem":{"@type":"ListItem","@id":"https:\/\/bidonsenshakers.nl\/shop\/#listItem","name":"Shop"}},{"@type":"ListItem","@id":"https:\/\/bidonsenshakers.nl\/shop\/#listItem","position":2,"name":"Shop","item":"https:\/\/bidonsenshakers.nl\/shop\/","nextItem":{"@type":"ListItem","@id":"https:\/\/bidonsenshakers.nl\/de\/product-supplier\/a58\/#listItem","name":"A58"},"previousItem":{"@type":"ListItem","@id":"https:\/\/bidonsenshakers.nl\/de\/#listItem","name":"Home"}},{"@type":"ListItem","@id":"https:\/\/bidonsenshakers.nl\/de\/product-supplier\/a58\/#listItem","position":3,"name":"A58","item":"https:\/\/bidonsenshakers.nl\/de\/product-supplier\/a58\/","nextItem":{"@type":"ListItem","@id":"https:\/\/bidonsenshakers.nl\/de\/product\/6826\/edelstahlbecher-bedrucken-250-ml-robust-mit-gravur\/#listItem","name":"RVS mok (250 ml) Braylen"},"previousItem":{"@type":"ListItem","@id":"https:\/\/bidonsenshakers.nl\/shop\/#listItem","name":"Shop"}},{"@type":"ListItem","@id":"https:\/\/bidonsenshakers.nl\/de\/product\/6826\/edelstahlbecher-bedrucken-250-ml-robust-mit-gravur\/#listItem","position":4,"name":"RVS mok (250 ml) Braylen","previousItem":{"@type":"ListItem","@id":"https:\/\/bidonsenshakers.nl\/de\/product-supplier\/a58\/#listItem","name":"A58"}}]},{"@type":"Organization","@id":"https:\/\/bidonsenshakers.nl\/de\/#organization","name":"Trinkflaschen & Shakers","description":"Trinkflaschen & Shakers","url":"https:\/\/bidonsenshakers.nl\/de\/","telephone":"+31793310133","logo":{"@type":"ImageObject","url":"https:\/\/shop.hidalgo.nl\/wp-content\/uploads\/2026\/01\/cropped-Logo.png","@id":"https:\/\/bidonsenshakers.nl\/de\/product\/6826\/edelstahlbecher-bedrucken-250-ml-robust-mit-gravur\/#organizationLogo","width":600,"height":243},"image":{"@id":"https:\/\/bidonsenshakers.nl\/de\/product\/6826\/edelstahlbecher-bedrucken-250-ml-robust-mit-gravur\/#organizationLogo"},"sameAs":["https:\/\/www.facebook.com\/hidalgobagsandmore\/","https:\/\/x.com\/Hidalgo_BV\/status\/74021585866067968","https:\/\/www.instagram.com\/hidalgobagsandmore\/#","https:\/\/www.youtube.com\/@hidalgobagsandmore","https:\/\/www.linkedin.com\/in\/rutgerblommers\/"]},{"@type":"WebPage","@id":"https:\/\/bidonsenshakers.nl\/de\/product\/6826\/edelstahlbecher-bedrucken-250-ml-robust-mit-gravur\/#webpage","url":"https:\/\/bidonsenshakers.nl\/de\/product\/6826\/edelstahlbecher-bedrucken-250-ml-robust-mit-gravur\/","name":"Edelstahlbecher bedrucken 250 ml robust mit Gravur","description":"Mit diesem stilvollen 250-ml-Becher kannst du dein Logo individuell gestalten und so bei Veranstaltungen oder im B\u00fcro einen bleibenden Eindruck hinterlassen. Die hochwertige Edelstahlverarbeitung gew\u00e4hrleistet Langlebigkeit und sorgt f\u00fcr ein modernes, elegantes Design.","inLanguage":"de-DE","isPartOf":{"@id":"https:\/\/bidonsenshakers.nl\/de\/#website"},"breadcrumb":{"@id":"https:\/\/bidonsenshakers.nl\/de\/product\/6826\/edelstahlbecher-bedrucken-250-ml-robust-mit-gravur\/#breadcrumblist"},"image":{"@type":"ImageObject","url":"https:\/\/shop.hidalgo.nl\/wp-content\/uploads\/2025\/04\/61a55054f18560571dc773bfa1d411d210a0d74443af8e8e2b9b5fc06e7c4e5d.jpg","@id":"https:\/\/bidonsenshakers.nl\/de\/product\/6826\/edelstahlbecher-bedrucken-250-ml-robust-mit-gravur\/#mainImage"},"primaryImageOfPage":{"@id":"https:\/\/bidonsenshakers.nl\/de\/product\/6826\/edelstahlbecher-bedrucken-250-ml-robust-mit-gravur\/#mainImage"},"datePublished":"2026-01-26T10:56:34+00:00","dateModified":"2026-02-17T11:56:10+00:00"},{"@type":"WebSite","@id":"https:\/\/bidonsenshakers.nl\/de\/#website","url":"https:\/\/bidonsenshakers.nl\/de\/","name":"Trinkflaschen & Shakers","description":"Trinkflaschen & Shakers","inLanguage":"de-DE","publisher":{"@id":"https:\/\/bidonsenshakers.nl\/de\/#organization"}}]},"og:locale":"de_DE","og:site_name":"Trinkflaschen &amp; Shakers - Trinkflaschen &amp; Shakers","og:type":"article","og:title":"Edelstahlbecher bedrucken 250 ml robust mit Gravur","og:description":"Mit diesem stilvollen 250-ml-Becher kannst du dein Logo individuell gestalten und so bei Veranstaltungen oder im B\u00fcro einen bleibenden Eindruck hinterlassen. Die hochwertige Edelstahlverarbeitung gew\u00e4hrleistet Langlebigkeit und sorgt f\u00fcr ein modernes, elegantes Design.","og:url":"https:\/\/bidonsenshakers.nl\/de\/wp-json\/wp\/v2\/product\/6826","og:image":"https:\/\/shop.hidalgo.nl\/wp-content\/uploads\/2026\/01\/cropped-Logo.png","og:image:secure_url":"https:\/\/shop.hidalgo.nl\/wp-content\/uploads\/2026\/01\/cropped-Logo.png","article:published_time":"2026-01-26T10:56:34+00:00","article:modified_time":"2026-02-17T11:56:10+00:00","article:publisher":"https:\/\/www.facebook.com\/hidalgobagsandmore\/","twitter:card":"summary_large_image","twitter:site":"@Hidalgo_BV","twitter:title":"Edelstahlbecher bedrucken 250 ml robust mit Gravur","twitter:description":"Mit diesem stilvollen 250-ml-Becher kannst du dein Logo individuell gestalten und so bei Veranstaltungen oder im B\u00fcro einen bleibenden Eindruck hinterlassen. Die hochwertige Edelstahlverarbeitung gew\u00e4hrleistet Langlebigkeit und sorgt f\u00fcr ein modernes, elegantes Design.","twitter:image":"https:\/\/shop.hidalgo.nl\/wp-content\/uploads\/2026\/01\/cropped-Logo.png"},"aioseo_meta_data":{"post_id":"6826","title":null,"description":null,"keywords":null,"keyphrases":null,"canonical_url":null,"og_title":null,"og_description":null,"og_object_type":"default","og_image_type":"default","og_image_custom_url":null,"og_image_custom_fields":null,"og_custom_image_width":null,"og_custom_image_height":null,"og_video":null,"og_custom_url":null,"og_article_section":null,"og_article_tags":null,"twitter_use_og":false,"twitter_card":"default","twitter_image_type":"default","twitter_image_custom_url":null,"twitter_image_custom_fields":null,"twitter_title":null,"twitter_description":null,"schema_type":null,"schema_type_options":null,"pillar_content":false,"robots_default":true,"robots_noindex":false,"robots_noarchive":false,"robots_nosnippet":false,"robots_nofollow":false,"robots_noimageindex":false,"robots_noodp":false,"robots_notranslate":false,"robots_max_snippet":null,"robots_max_videopreview":null,"robots_max_imagepreview":"none","tabs":null,"priority":null,"frequency":null,"local_seo":null,"created":"2026-01-26 11:05:24","updated":"2026-02-18 10:38:33"},"aioseo_breadcrumb":"<div class=\"aioseo-breadcrumbs\"><span class=\"aioseo-breadcrumb\">\n\t<a href=\"https:\/\/bidonsenshakers.nl\/de\/\" title=\"Home\">Home<\/a>\n<\/span><span class=\"aioseo-breadcrumb-separator\">\u00bb<\/span><span class=\"aioseo-breadcrumb\">\n\t<a href=\"https:\/\/bidonsenshakers.nl\/shop\/\" title=\"Shop\">Shop<\/a>\n<\/span><span class=\"aioseo-breadcrumb-separator\">\u00bb<\/span><span class=\"aioseo-breadcrumb\">\n\t<a href=\"https:\/\/bidonsenshakers.nl\/de\/product-supplier\/a58\/\" title=\"A58\">A58<\/a>\n<\/span><span class=\"aioseo-breadcrumb-separator\">\u00bb<\/span><span class=\"aioseo-breadcrumb\">\n\tRVS mok (250 ml) Braylen\n<\/span><\/div>","aioseo_breadcrumb_json":[{"label":"Home","link":"https:\/\/bidonsenshakers.nl\/de\/"},{"label":"Shop","link":"https:\/\/bidonsenshakers.nl\/shop\/"},{"label":"A58","link":"https:\/\/bidonsenshakers.nl\/de\/product-supplier\/a58\/"},{"label":"RVS mok (250 ml) Braylen","link":"https:\/\/bidonsenshakers.nl\/de\/product\/6826\/edelstahlbecher-bedrucken-250-ml-robust-mit-gravur\/"}],"_links":{"self":[{"href":"https:\/\/bidonsenshakers.nl\/de\/wp-json\/wp\/v2\/product\/6826","targetHints":{"allow":["GET"]}}],"collection":[{"href":"https:\/\/bidonsenshakers.nl\/de\/wp-json\/wp\/v2\/product"}],"about":[{"href":"https:\/\/bidonsenshakers.nl\/de\/wp-json\/wp\/v2\/types\/product"}],"wp:featuredmedia":[{"embeddable":true,"href":"https:\/\/bidonsenshakers.nl\/de\/wp-json\/wp\/v2\/media\/6827"}],"wp:attachment":[{"href":"https:\/\/bidonsenshakers.nl\/de\/wp-json\/wp\/v2\/media?parent=6826"}],"wp:term":[{"taxonomy":"product_brand","embeddable":true,"href":"https:\/\/bidonsenshakers.nl\/de\/wp-json\/wp\/v2\/product_brand?post=6826"},{"taxonomy":"product_cat","embeddable":true,"href":"https:\/\/bidonsenshakers.nl\/de\/wp-json\/wp\/v2\/product_cat?post=6826"},{"taxonomy":"product_tag","embeddable":true,"href":"https:\/\/bidonsenshakers.nl\/de\/wp-json\/wp\/v2\/product_tag?post=6826"}],"curies":[{"name":"wp","href":"https:\/\/api.w.org\/{rel}","templated":true}]}}