{"id":7111,"date":"2026-01-26T10:57:08","date_gmt":"2026-01-26T10:57:08","guid":{"rendered":"https:\/\/bidonsenshakers.shop.hidalgo.nl\/product\/emaille-mok-350ml\/"},"modified":"2026-02-17T11:56:09","modified_gmt":"2026-02-17T11:56:09","slug":"emaille-mok-350ml","status":"publish","type":"product","link":"https:\/\/bidonsenshakers.nl\/de\/product\/7111\/emaillebecher-bedrucken-robust-fuer-outdoor-350ml\/","title":{"rendered":"Emaille mok 350ml"},"content":{"rendered":"<p>Deze tijdloze emaille mok straalt avontuur uit, perfect om te genieten van een warm drankje of een bevredigende maaltijd aan het einde van een dag vol wandelen en ontdekken. Verkrijgbaar in stoere, natuurlijke kleuren om de avontuurlijke sfeer compleet te maken.<\/p>\n","protected":false},"excerpt":{"rendered":"<p>Deze tijdloze emaille mok straalt avontuur uit, perfect om te genieten van een warm drankje of een bevredigende maaltijd aan het einde van een dag vol wandelen en ontdekken. Verkrijgbaar in stoere, natuurlijke kleuren om de avontuurlijke sfeer compleet te maken.<\/p>\n","protected":false},"featured_media":7112,"template":"","meta":{"_acf_changed":false,"om_disable_all_campaigns":false,"_monsterinsights_skip_tracking":false,"_monsterinsights_sitenote_active":false,"_monsterinsights_sitenote_note":"","_monsterinsights_sitenote_category":0},"product_brand":[],"product_cat":[363],"product_tag":[],"class_list":{"0":"post-7111","1":"product","2":"type-product","3":"status-publish","4":"has-post-thumbnail","6":"product_supplier-a53","7":"product_cat-mokken","8":"entry","10":"first","11":"instock","12":"taxable","13":"shipping-taxable","14":"purchasable","15":"product-type-variable"},"acf":{"imprint_cost":[{"imprint_cost_key":"b015e33b9fdea694c99c07663891b8520537a506","product_quantity_price_range":[{"imprint_cost_recommended_selling_price":"1.26","imprint_cost_recommended_selling_quantity":"50"},{"imprint_cost_recommended_selling_price":"1.0875","imprint_cost_recommended_selling_quantity":"100"},{"imprint_cost_recommended_selling_price":"0.8475","imprint_cost_recommended_selling_quantity":"250"},{"imprint_cost_recommended_selling_price":"0.7875","imprint_cost_recommended_selling_quantity":"500"},{"imprint_cost_recommended_selling_price":"0.7425","imprint_cost_recommended_selling_quantity":"1000"},{"imprint_cost_recommended_selling_price":"0.7275","imprint_cost_recommended_selling_quantity":"2500"},{"imprint_cost_recommended_selling_price":"0.69","imprint_cost_recommended_selling_quantity":"5000"},{"imprint_cost_recommended_selling_price":"0.675","imprint_cost_recommended_selling_quantity":"10000"}],"product_quantity_price_range_buying":[{"imprint_cost_general_buying_price":"0.84","imprint_cost_general_buying_quantity":"50"},{"imprint_cost_general_buying_price":"0.725","imprint_cost_general_buying_quantity":"100"},{"imprint_cost_general_buying_price":"0.565","imprint_cost_general_buying_quantity":"250"},{"imprint_cost_general_buying_price":"0.525","imprint_cost_general_buying_quantity":"500"},{"imprint_cost_general_buying_price":"0.495","imprint_cost_general_buying_quantity":"1000"},{"imprint_cost_general_buying_price":"0.485","imprint_cost_general_buying_quantity":"2500"},{"imprint_cost_general_buying_price":"0.46","imprint_cost_general_buying_quantity":"5000"},{"imprint_cost_general_buying_price":"0.45","imprint_cost_general_buying_quantity":"10000"}],"imprint_cost_setup_costs":"54","imprint_cost_handling_costs":"0"},{"imprint_cost_key":"e8b38416abb5a6d53bfde782370d44bdd4f61889","product_quantity_price_range":[{"imprint_cost_recommended_selling_price":"1.26","imprint_cost_recommended_selling_quantity":"50"},{"imprint_cost_recommended_selling_price":"1.0875","imprint_cost_recommended_selling_quantity":"100"},{"imprint_cost_recommended_selling_price":"0.8475","imprint_cost_recommended_selling_quantity":"250"},{"imprint_cost_recommended_selling_price":"0.7875","imprint_cost_recommended_selling_quantity":"500"},{"imprint_cost_recommended_selling_price":"0.7425","imprint_cost_recommended_selling_quantity":"1000"},{"imprint_cost_recommended_selling_price":"0.7275","imprint_cost_recommended_selling_quantity":"2500"},{"imprint_cost_recommended_selling_price":"0.69","imprint_cost_recommended_selling_quantity":"5000"},{"imprint_cost_recommended_selling_price":"0.675","imprint_cost_recommended_selling_quantity":"10000"}],"product_quantity_price_range_buying":[{"imprint_cost_general_buying_price":"0.84","imprint_cost_general_buying_quantity":"50"},{"imprint_cost_general_buying_price":"0.725","imprint_cost_general_buying_quantity":"100"},{"imprint_cost_general_buying_price":"0.565","imprint_cost_general_buying_quantity":"250"},{"imprint_cost_general_buying_price":"0.525","imprint_cost_general_buying_quantity":"500"},{"imprint_cost_general_buying_price":"0.495","imprint_cost_general_buying_quantity":"1000"},{"imprint_cost_general_buying_price":"0.485","imprint_cost_general_buying_quantity":"2500"},{"imprint_cost_general_buying_price":"0.46","imprint_cost_general_buying_quantity":"5000"},{"imprint_cost_general_buying_price":"0.45","imprint_cost_general_buying_quantity":"10000"}],"imprint_cost_setup_costs":"54","imprint_cost_handling_costs":"0"}]},"aioseo_notices":[],"aioseo_head":"\n\t\t<!-- All in One SEO Pro 4.9.6.1 - aioseo.com -->\n\t<meta name=\"description\" content=\"Perfekt f\u00fcr Camping oder Outdoor-Events: Dieser emaillierte 350ml Trinkbecher ist in f\u00fcnf trendigen Farben erh\u00e4ltlich und l\u00e4sst sich mit deinem Logo personalisieren. Genie\u00dfe hei\u00dfe und kalte Getr\u00e4nke stilvoll und nachhaltig im Freien.\" \/>\n\t<meta name=\"robots\" content=\"max-image-preview:large\" \/>\n\t<meta name=\"google-site-verification\" content=\"BBMiYHShnVBoc8v9xoHf0FXMC27otVB0wiWxw_hFRrM\" \/>\n\t<link rel=\"canonical\" href=\"https:\/\/bidonsenshakers.nl\/de\/wp-json\/wp\/v2\/product\/7111\" \/>\n\t<meta name=\"generator\" content=\"All in One SEO Pro (AIOSEO) 4.9.6.1\" \/>\n\t\t<meta property=\"og:locale\" content=\"de_DE\" \/>\n\t\t<meta property=\"og:site_name\" content=\"Trinkflaschen &amp; Shakers - Trinkflaschen &amp; Shakers\" \/>\n\t\t<meta property=\"og:type\" content=\"article\" \/>\n\t\t<meta property=\"og:title\" content=\"Emaillebecher bedrucken robust f\u00fcr Outdoor 350ml\" \/>\n\t\t<meta property=\"og:description\" content=\"Perfekt f\u00fcr Camping oder Outdoor-Events: Dieser emaillierte 350ml Trinkbecher ist in f\u00fcnf trendigen Farben erh\u00e4ltlich und l\u00e4sst sich mit deinem Logo personalisieren. Genie\u00dfe hei\u00dfe und kalte Getr\u00e4nke stilvoll und nachhaltig im Freien.\" \/>\n\t\t<meta property=\"og:url\" content=\"https:\/\/bidonsenshakers.nl\/de\/wp-json\/wp\/v2\/product\/7111\" \/>\n\t\t<meta property=\"og:image\" content=\"https:\/\/shop.hidalgo.nl\/wp-content\/uploads\/2026\/01\/cropped-Logo.png\" \/>\n\t\t<meta property=\"og:image:secure_url\" content=\"https:\/\/shop.hidalgo.nl\/wp-content\/uploads\/2026\/01\/cropped-Logo.png\" \/>\n\t\t<meta property=\"article:published_time\" content=\"2026-01-26T10:57:08+00:00\" \/>\n\t\t<meta property=\"article:modified_time\" content=\"2026-02-17T11:56:09+00:00\" \/>\n\t\t<meta property=\"article:publisher\" content=\"https:\/\/www.facebook.com\/hidalgobagsandmore\/\" \/>\n\t\t<meta name=\"twitter:card\" content=\"summary_large_image\" \/>\n\t\t<meta name=\"twitter:site\" content=\"@Hidalgo_BV\" \/>\n\t\t<meta name=\"twitter:title\" content=\"Emaillebecher bedrucken robust f\u00fcr Outdoor 350ml\" \/>\n\t\t<meta name=\"twitter:description\" content=\"Perfekt f\u00fcr Camping oder Outdoor-Events: Dieser emaillierte 350ml Trinkbecher ist in f\u00fcnf trendigen Farben erh\u00e4ltlich und l\u00e4sst sich mit deinem Logo personalisieren. Genie\u00dfe hei\u00dfe und kalte Getr\u00e4nke stilvoll und nachhaltig im Freien.\" \/>\n\t\t<meta name=\"twitter:image\" content=\"https:\/\/shop.hidalgo.nl\/wp-content\/uploads\/2026\/01\/cropped-Logo.png\" \/>\n\t\t<script type=\"application\/ld+json\" class=\"aioseo-schema\">\n\t\t\t{\"@context\":\"https:\\\/\\\/schema.org\",\"@graph\":[{\"@type\":\"BreadcrumbList\",\"@id\":\"https:\\\/\\\/bidonsenshakers.nl\\\/de\\\/product\\\/7111\\\/emaillebecher-bedrucken-robust-fuer-outdoor-350ml\\\/#breadcrumblist\",\"itemListElement\":[{\"@type\":\"ListItem\",\"@id\":\"https:\\\/\\\/bidonsenshakers.nl\\\/de\\\/#listItem\",\"position\":1,\"name\":\"Home\",\"item\":\"https:\\\/\\\/bidonsenshakers.nl\\\/de\\\/\",\"nextItem\":{\"@type\":\"ListItem\",\"@id\":\"https:\\\/\\\/bidonsenshakers.nl\\\/shop\\\/#listItem\",\"name\":\"Shop\"}},{\"@type\":\"ListItem\",\"@id\":\"https:\\\/\\\/bidonsenshakers.nl\\\/shop\\\/#listItem\",\"position\":2,\"name\":\"Shop\",\"item\":\"https:\\\/\\\/bidonsenshakers.nl\\\/shop\\\/\",\"nextItem\":{\"@type\":\"ListItem\",\"@id\":\"https:\\\/\\\/bidonsenshakers.nl\\\/de\\\/product-supplier\\\/a53\\\/#listItem\",\"name\":\"A53\"},\"previousItem\":{\"@type\":\"ListItem\",\"@id\":\"https:\\\/\\\/bidonsenshakers.nl\\\/de\\\/#listItem\",\"name\":\"Home\"}},{\"@type\":\"ListItem\",\"@id\":\"https:\\\/\\\/bidonsenshakers.nl\\\/de\\\/product-supplier\\\/a53\\\/#listItem\",\"position\":3,\"name\":\"A53\",\"item\":\"https:\\\/\\\/bidonsenshakers.nl\\\/de\\\/product-supplier\\\/a53\\\/\",\"nextItem\":{\"@type\":\"ListItem\",\"@id\":\"https:\\\/\\\/bidonsenshakers.nl\\\/de\\\/product\\\/7111\\\/emaillebecher-bedrucken-robust-fuer-outdoor-350ml\\\/#listItem\",\"name\":\"Emaille mok 350ml\"},\"previousItem\":{\"@type\":\"ListItem\",\"@id\":\"https:\\\/\\\/bidonsenshakers.nl\\\/shop\\\/#listItem\",\"name\":\"Shop\"}},{\"@type\":\"ListItem\",\"@id\":\"https:\\\/\\\/bidonsenshakers.nl\\\/de\\\/product\\\/7111\\\/emaillebecher-bedrucken-robust-fuer-outdoor-350ml\\\/#listItem\",\"position\":4,\"name\":\"Emaille mok 350ml\",\"previousItem\":{\"@type\":\"ListItem\",\"@id\":\"https:\\\/\\\/bidonsenshakers.nl\\\/de\\\/product-supplier\\\/a53\\\/#listItem\",\"name\":\"A53\"}}]},{\"@type\":\"Organization\",\"@id\":\"https:\\\/\\\/bidonsenshakers.nl\\\/de\\\/#organization\",\"name\":\"Trinkflaschen & Shakers\",\"description\":\"Trinkflaschen & Shakers\",\"url\":\"https:\\\/\\\/bidonsenshakers.nl\\\/de\\\/\",\"telephone\":\"+31793310133\",\"logo\":{\"@type\":\"ImageObject\",\"url\":\"https:\\\/\\\/shop.hidalgo.nl\\\/wp-content\\\/uploads\\\/2026\\\/01\\\/cropped-Logo.png\",\"@id\":\"https:\\\/\\\/bidonsenshakers.nl\\\/de\\\/product\\\/7111\\\/emaillebecher-bedrucken-robust-fuer-outdoor-350ml\\\/#organizationLogo\",\"width\":600,\"height\":243},\"image\":{\"@id\":\"https:\\\/\\\/bidonsenshakers.nl\\\/de\\\/product\\\/7111\\\/emaillebecher-bedrucken-robust-fuer-outdoor-350ml\\\/#organizationLogo\"},\"sameAs\":[\"https:\\\/\\\/www.facebook.com\\\/hidalgobagsandmore\\\/\",\"https:\\\/\\\/x.com\\\/Hidalgo_BV\\\/status\\\/74021585866067968\",\"https:\\\/\\\/www.instagram.com\\\/hidalgobagsandmore\\\/#\",\"https:\\\/\\\/www.youtube.com\\\/@hidalgobagsandmore\",\"https:\\\/\\\/www.linkedin.com\\\/in\\\/rutgerblommers\\\/\"]},{\"@type\":\"WebPage\",\"@id\":\"https:\\\/\\\/bidonsenshakers.nl\\\/de\\\/product\\\/7111\\\/emaillebecher-bedrucken-robust-fuer-outdoor-350ml\\\/#webpage\",\"url\":\"https:\\\/\\\/bidonsenshakers.nl\\\/de\\\/product\\\/7111\\\/emaillebecher-bedrucken-robust-fuer-outdoor-350ml\\\/\",\"name\":\"Emaillebecher bedrucken robust f\\u00fcr Outdoor 350ml\",\"description\":\"Perfekt f\\u00fcr Camping oder Outdoor-Events: Dieser emaillierte 350ml Trinkbecher ist in f\\u00fcnf trendigen Farben erh\\u00e4ltlich und l\\u00e4sst sich mit deinem Logo personalisieren. Genie\\u00dfe hei\\u00dfe und kalte Getr\\u00e4nke stilvoll und nachhaltig im Freien.\",\"inLanguage\":\"de-DE\",\"isPartOf\":{\"@id\":\"https:\\\/\\\/bidonsenshakers.nl\\\/de\\\/#website\"},\"breadcrumb\":{\"@id\":\"https:\\\/\\\/bidonsenshakers.nl\\\/de\\\/product\\\/7111\\\/emaillebecher-bedrucken-robust-fuer-outdoor-350ml\\\/#breadcrumblist\"},\"image\":{\"@type\":\"ImageObject\",\"url\":\"https:\\\/\\\/shop.hidalgo.nl\\\/wp-content\\\/uploads\\\/2025\\\/04\\\/d6953368586b8dd3d69dbe98aef6b16e0b80afd480e48491e3d1084fa7caf0f7.jpg\",\"@id\":\"https:\\\/\\\/bidonsenshakers.nl\\\/de\\\/product\\\/7111\\\/emaillebecher-bedrucken-robust-fuer-outdoor-350ml\\\/#mainImage\"},\"primaryImageOfPage\":{\"@id\":\"https:\\\/\\\/bidonsenshakers.nl\\\/de\\\/product\\\/7111\\\/emaillebecher-bedrucken-robust-fuer-outdoor-350ml\\\/#mainImage\"},\"datePublished\":\"2026-01-26T10:57:08+00:00\",\"dateModified\":\"2026-02-17T11:56:09+00:00\"},{\"@type\":\"WebSite\",\"@id\":\"https:\\\/\\\/bidonsenshakers.nl\\\/de\\\/#website\",\"url\":\"https:\\\/\\\/bidonsenshakers.nl\\\/de\\\/\",\"name\":\"Trinkflaschen & Shakers\",\"description\":\"Trinkflaschen & Shakers\",\"inLanguage\":\"de-DE\",\"publisher\":{\"@id\":\"https:\\\/\\\/bidonsenshakers.nl\\\/de\\\/#organization\"}}]}\n\t\t<\/script>\n\t\t<!-- All in One SEO Pro -->\r\n\t\t<title>Emaillebecher bedrucken robust f\u00fcr Outdoor 350ml<\/title>\n\n","aioseo_head_json":{"title":"Emaillebecher bedrucken robust f\u00fcr Outdoor 350ml","description":"Perfekt f\u00fcr Camping oder Outdoor-Events: Dieser emaillierte 350ml Trinkbecher ist in f\u00fcnf trendigen Farben erh\u00e4ltlich und l\u00e4sst sich mit deinem Logo personalisieren. Genie\u00dfe hei\u00dfe und kalte Getr\u00e4nke stilvoll und nachhaltig im Freien.","canonical_url":"https:\/\/bidonsenshakers.nl\/de\/wp-json\/wp\/v2\/product\/7111","robots":"max-image-preview:large","keywords":"","webmasterTools":{"google-site-verification":"BBMiYHShnVBoc8v9xoHf0FXMC27otVB0wiWxw_hFRrM","miscellaneous":""},"schema":{"@context":"https:\/\/schema.org","@graph":[{"@type":"BreadcrumbList","@id":"https:\/\/bidonsenshakers.nl\/de\/product\/7111\/emaillebecher-bedrucken-robust-fuer-outdoor-350ml\/#breadcrumblist","itemListElement":[{"@type":"ListItem","@id":"https:\/\/bidonsenshakers.nl\/de\/#listItem","position":1,"name":"Home","item":"https:\/\/bidonsenshakers.nl\/de\/","nextItem":{"@type":"ListItem","@id":"https:\/\/bidonsenshakers.nl\/shop\/#listItem","name":"Shop"}},{"@type":"ListItem","@id":"https:\/\/bidonsenshakers.nl\/shop\/#listItem","position":2,"name":"Shop","item":"https:\/\/bidonsenshakers.nl\/shop\/","nextItem":{"@type":"ListItem","@id":"https:\/\/bidonsenshakers.nl\/de\/product-supplier\/a53\/#listItem","name":"A53"},"previousItem":{"@type":"ListItem","@id":"https:\/\/bidonsenshakers.nl\/de\/#listItem","name":"Home"}},{"@type":"ListItem","@id":"https:\/\/bidonsenshakers.nl\/de\/product-supplier\/a53\/#listItem","position":3,"name":"A53","item":"https:\/\/bidonsenshakers.nl\/de\/product-supplier\/a53\/","nextItem":{"@type":"ListItem","@id":"https:\/\/bidonsenshakers.nl\/de\/product\/7111\/emaillebecher-bedrucken-robust-fuer-outdoor-350ml\/#listItem","name":"Emaille mok 350ml"},"previousItem":{"@type":"ListItem","@id":"https:\/\/bidonsenshakers.nl\/shop\/#listItem","name":"Shop"}},{"@type":"ListItem","@id":"https:\/\/bidonsenshakers.nl\/de\/product\/7111\/emaillebecher-bedrucken-robust-fuer-outdoor-350ml\/#listItem","position":4,"name":"Emaille mok 350ml","previousItem":{"@type":"ListItem","@id":"https:\/\/bidonsenshakers.nl\/de\/product-supplier\/a53\/#listItem","name":"A53"}}]},{"@type":"Organization","@id":"https:\/\/bidonsenshakers.nl\/de\/#organization","name":"Trinkflaschen & Shakers","description":"Trinkflaschen & Shakers","url":"https:\/\/bidonsenshakers.nl\/de\/","telephone":"+31793310133","logo":{"@type":"ImageObject","url":"https:\/\/shop.hidalgo.nl\/wp-content\/uploads\/2026\/01\/cropped-Logo.png","@id":"https:\/\/bidonsenshakers.nl\/de\/product\/7111\/emaillebecher-bedrucken-robust-fuer-outdoor-350ml\/#organizationLogo","width":600,"height":243},"image":{"@id":"https:\/\/bidonsenshakers.nl\/de\/product\/7111\/emaillebecher-bedrucken-robust-fuer-outdoor-350ml\/#organizationLogo"},"sameAs":["https:\/\/www.facebook.com\/hidalgobagsandmore\/","https:\/\/x.com\/Hidalgo_BV\/status\/74021585866067968","https:\/\/www.instagram.com\/hidalgobagsandmore\/#","https:\/\/www.youtube.com\/@hidalgobagsandmore","https:\/\/www.linkedin.com\/in\/rutgerblommers\/"]},{"@type":"WebPage","@id":"https:\/\/bidonsenshakers.nl\/de\/product\/7111\/emaillebecher-bedrucken-robust-fuer-outdoor-350ml\/#webpage","url":"https:\/\/bidonsenshakers.nl\/de\/product\/7111\/emaillebecher-bedrucken-robust-fuer-outdoor-350ml\/","name":"Emaillebecher bedrucken robust f\u00fcr Outdoor 350ml","description":"Perfekt f\u00fcr Camping oder Outdoor-Events: Dieser emaillierte 350ml Trinkbecher ist in f\u00fcnf trendigen Farben erh\u00e4ltlich und l\u00e4sst sich mit deinem Logo personalisieren. Genie\u00dfe hei\u00dfe und kalte Getr\u00e4nke stilvoll und nachhaltig im Freien.","inLanguage":"de-DE","isPartOf":{"@id":"https:\/\/bidonsenshakers.nl\/de\/#website"},"breadcrumb":{"@id":"https:\/\/bidonsenshakers.nl\/de\/product\/7111\/emaillebecher-bedrucken-robust-fuer-outdoor-350ml\/#breadcrumblist"},"image":{"@type":"ImageObject","url":"https:\/\/shop.hidalgo.nl\/wp-content\/uploads\/2025\/04\/d6953368586b8dd3d69dbe98aef6b16e0b80afd480e48491e3d1084fa7caf0f7.jpg","@id":"https:\/\/bidonsenshakers.nl\/de\/product\/7111\/emaillebecher-bedrucken-robust-fuer-outdoor-350ml\/#mainImage"},"primaryImageOfPage":{"@id":"https:\/\/bidonsenshakers.nl\/de\/product\/7111\/emaillebecher-bedrucken-robust-fuer-outdoor-350ml\/#mainImage"},"datePublished":"2026-01-26T10:57:08+00:00","dateModified":"2026-02-17T11:56:09+00:00"},{"@type":"WebSite","@id":"https:\/\/bidonsenshakers.nl\/de\/#website","url":"https:\/\/bidonsenshakers.nl\/de\/","name":"Trinkflaschen & Shakers","description":"Trinkflaschen & Shakers","inLanguage":"de-DE","publisher":{"@id":"https:\/\/bidonsenshakers.nl\/de\/#organization"}}]},"og:locale":"de_DE","og:site_name":"Trinkflaschen &amp; Shakers - Trinkflaschen &amp; Shakers","og:type":"article","og:title":"Emaillebecher bedrucken robust f\u00fcr Outdoor 350ml","og:description":"Perfekt f\u00fcr Camping oder Outdoor-Events: Dieser emaillierte 350ml Trinkbecher ist in f\u00fcnf trendigen Farben erh\u00e4ltlich und l\u00e4sst sich mit deinem Logo personalisieren. Genie\u00dfe hei\u00dfe und kalte Getr\u00e4nke stilvoll und nachhaltig im Freien.","og:url":"https:\/\/bidonsenshakers.nl\/de\/wp-json\/wp\/v2\/product\/7111","og:image":"https:\/\/shop.hidalgo.nl\/wp-content\/uploads\/2026\/01\/cropped-Logo.png","og:image:secure_url":"https:\/\/shop.hidalgo.nl\/wp-content\/uploads\/2026\/01\/cropped-Logo.png","article:published_time":"2026-01-26T10:57:08+00:00","article:modified_time":"2026-02-17T11:56:09+00:00","article:publisher":"https:\/\/www.facebook.com\/hidalgobagsandmore\/","twitter:card":"summary_large_image","twitter:site":"@Hidalgo_BV","twitter:title":"Emaillebecher bedrucken robust f\u00fcr Outdoor 350ml","twitter:description":"Perfekt f\u00fcr Camping oder Outdoor-Events: Dieser emaillierte 350ml Trinkbecher ist in f\u00fcnf trendigen Farben erh\u00e4ltlich und l\u00e4sst sich mit deinem Logo personalisieren. Genie\u00dfe hei\u00dfe und kalte Getr\u00e4nke stilvoll und nachhaltig im Freien.","twitter:image":"https:\/\/shop.hidalgo.nl\/wp-content\/uploads\/2026\/01\/cropped-Logo.png"},"aioseo_meta_data":{"post_id":"7111","title":null,"description":null,"keywords":null,"keyphrases":null,"canonical_url":null,"og_title":null,"og_description":null,"og_object_type":"default","og_image_type":"default","og_image_custom_url":null,"og_image_custom_fields":null,"og_custom_image_width":null,"og_custom_image_height":null,"og_video":null,"og_custom_url":null,"og_article_section":null,"og_article_tags":null,"twitter_use_og":false,"twitter_card":"default","twitter_image_type":"default","twitter_image_custom_url":null,"twitter_image_custom_fields":null,"twitter_title":null,"twitter_description":null,"schema_type":null,"schema_type_options":null,"pillar_content":false,"robots_default":true,"robots_noindex":false,"robots_noarchive":false,"robots_nosnippet":false,"robots_nofollow":false,"robots_noimageindex":false,"robots_noodp":false,"robots_notranslate":false,"robots_max_snippet":null,"robots_max_videopreview":null,"robots_max_imagepreview":"none","tabs":null,"priority":null,"frequency":null,"local_seo":null,"created":"2026-01-26 11:05:24","updated":"2026-02-18 10:40:34"},"aioseo_breadcrumb":"<div class=\"aioseo-breadcrumbs\"><span class=\"aioseo-breadcrumb\">\n\t<a href=\"https:\/\/bidonsenshakers.nl\/de\/\" title=\"Home\">Home<\/a>\n<\/span><span class=\"aioseo-breadcrumb-separator\">\u00bb<\/span><span class=\"aioseo-breadcrumb\">\n\t<a href=\"https:\/\/bidonsenshakers.nl\/shop\/\" title=\"Shop\">Shop<\/a>\n<\/span><span class=\"aioseo-breadcrumb-separator\">\u00bb<\/span><span class=\"aioseo-breadcrumb\">\n\t<a href=\"https:\/\/bidonsenshakers.nl\/de\/product-supplier\/a53\/\" title=\"A53\">A53<\/a>\n<\/span><span class=\"aioseo-breadcrumb-separator\">\u00bb<\/span><span class=\"aioseo-breadcrumb\">\n\tEmaille mok 350ml\n<\/span><\/div>","aioseo_breadcrumb_json":[{"label":"Home","link":"https:\/\/bidonsenshakers.nl\/de\/"},{"label":"Shop","link":"https:\/\/bidonsenshakers.nl\/shop\/"},{"label":"A53","link":"https:\/\/bidonsenshakers.nl\/de\/product-supplier\/a53\/"},{"label":"Emaille mok 350ml","link":"https:\/\/bidonsenshakers.nl\/de\/product\/7111\/emaillebecher-bedrucken-robust-fuer-outdoor-350ml\/"}],"_links":{"self":[{"href":"https:\/\/bidonsenshakers.nl\/de\/wp-json\/wp\/v2\/product\/7111","targetHints":{"allow":["GET"]}}],"collection":[{"href":"https:\/\/bidonsenshakers.nl\/de\/wp-json\/wp\/v2\/product"}],"about":[{"href":"https:\/\/bidonsenshakers.nl\/de\/wp-json\/wp\/v2\/types\/product"}],"wp:featuredmedia":[{"embeddable":true,"href":"https:\/\/bidonsenshakers.nl\/de\/wp-json\/wp\/v2\/media\/7112"}],"wp:attachment":[{"href":"https:\/\/bidonsenshakers.nl\/de\/wp-json\/wp\/v2\/media?parent=7111"}],"wp:term":[{"taxonomy":"product_brand","embeddable":true,"href":"https:\/\/bidonsenshakers.nl\/de\/wp-json\/wp\/v2\/product_brand?post=7111"},{"taxonomy":"product_cat","embeddable":true,"href":"https:\/\/bidonsenshakers.nl\/de\/wp-json\/wp\/v2\/product_cat?post=7111"},{"taxonomy":"product_tag","embeddable":true,"href":"https:\/\/bidonsenshakers.nl\/de\/wp-json\/wp\/v2\/product_tag?post=7111"}],"curies":[{"name":"wp","href":"https:\/\/api.w.org\/{rel}","templated":true}]}}