{"id":718,"date":"2026-01-26T08:39:22","date_gmt":"2026-01-26T08:39:22","guid":{"rendered":"https:\/\/bidonsenshakers.shop.hidalgo.nl\/product\/eco-sportbidon-daiya-o2-550ml\/"},"modified":"2026-02-17T11:56:42","modified_gmt":"2026-02-17T11:56:42","slug":"eco-sportbidon-daiya-o2-550ml","status":"publish","type":"product","link":"https:\/\/bidonsenshakers.nl\/de\/product\/718\/trinkflasche-mit-logo-bedrucken-auslaufsicher-bio-550ml\/","title":{"rendered":"Eco Sportbidon Daiya O2 550ml"},"content":{"rendered":"<p>De nieuwe Daiya-fles<br \/>met een stoere uitstraling!<br \/>De duurzame, schokbestendige Daiya-bidon combineert modern design met praktische<br \/>eigenschappen, zoals een diamantvormige, lekvrije dop en een zachte drinktuit voor<br \/>snelle hydratatie. De extra grote vulopening maakt bijvullen en schoonmaken<br \/>gemakkelijk, terwijl de 360\u00b0-full-color bedrukking ervoor zorgt dat uw logo opvalt.<br \/>Perfect voor een actieve, milieubewuste levensstijl. Verkrijgbaar in 550 ml.<\/p>\n","protected":false},"excerpt":{"rendered":"<p>De nieuwe Daiya-flesmet een stoere uitstraling!De duurzame, schokbestendige Daiya-bidon combineert modern design met praktischeeigenschappen, zoals een diamantvormige, lekvrije dop en een zachte drinktuit voorsnelle hydratatie. De extra grote vulopening maakt bijvullen en schoonmakengemakkelijk, terwijl de 360\u00b0-full-color bedrukking ervoor zorgt dat uw logo opvalt.Perfect voor een actieve, milieubewuste levensstijl. Verkrijgbaar in 550 ml.<\/p>\n","protected":false},"featured_media":719,"template":"","meta":{"_acf_changed":false,"om_disable_all_campaigns":false,"_monsterinsights_skip_tracking":false,"_monsterinsights_sitenote_active":false,"_monsterinsights_sitenote_note":"","_monsterinsights_sitenote_category":0},"product_brand":[45],"product_cat":[360,39],"product_tag":[],"class_list":{"0":"post-718","1":"product","2":"type-product","3":"status-publish","4":"has-post-thumbnail","6":"product_supplier-a594","7":"product_material-biobased","8":"product_material-pe","9":"product_brand-tacx","10":"product_cat-bio","11":"product_cat-tacx-bidons","12":"entry","14":"first","15":"instock","16":"taxable","17":"shipping-taxable","18":"purchasable","19":"product-type-variable"},"acf":{"imprint_cost":[{"imprint_cost_key":"d61cad395a8c91e63b5f7b80fe19478a15704538","product_quantity_price_range":[{"imprint_cost_recommended_selling_price":"0.945","imprint_cost_recommended_selling_quantity":"100"},{"imprint_cost_recommended_selling_price":"0.495","imprint_cost_recommended_selling_quantity":"200"},{"imprint_cost_recommended_selling_price":"0.342","imprint_cost_recommended_selling_quantity":"300"},{"imprint_cost_recommended_selling_price":"0.072","imprint_cost_recommended_selling_quantity":"500"},{"imprint_cost_recommended_selling_price":"0.072","imprint_cost_recommended_selling_quantity":"1000"},{"imprint_cost_recommended_selling_price":"0.072","imprint_cost_recommended_selling_quantity":"2000"}],"product_quantity_price_range_buying":[{"imprint_cost_general_buying_price":"0.99","imprint_cost_general_buying_quantity":"100"},{"imprint_cost_general_buying_price":"0.49","imprint_cost_general_buying_quantity":"200"},{"imprint_cost_general_buying_price":"0.31","imprint_cost_general_buying_quantity":"300"},{"imprint_cost_general_buying_price":"0.05","imprint_cost_general_buying_quantity":"500"},{"imprint_cost_general_buying_price":"0.05","imprint_cost_general_buying_quantity":"1000"},{"imprint_cost_general_buying_price":"0.05","imprint_cost_general_buying_quantity":"2000"}],"imprint_cost_setup_costs":"54","imprint_cost_handling_costs":"0"},{"imprint_cost_key":"402083190fc06ad7289b0f4900c6cc0a2aa93f6d","product_quantity_price_range":[{"imprint_cost_recommended_selling_price":"0.99","imprint_cost_recommended_selling_quantity":"100"},{"imprint_cost_recommended_selling_price":"0.54","imprint_cost_recommended_selling_quantity":"200"},{"imprint_cost_recommended_selling_price":"0.387","imprint_cost_recommended_selling_quantity":"300"},{"imprint_cost_recommended_selling_price":"0.135","imprint_cost_recommended_selling_quantity":"500"},{"imprint_cost_recommended_selling_price":"0.117","imprint_cost_recommended_selling_quantity":"1000"},{"imprint_cost_recommended_selling_price":"0.117","imprint_cost_recommended_selling_quantity":"2000"}],"product_quantity_price_range_buying":[{"imprint_cost_general_buying_price":"1.04","imprint_cost_general_buying_quantity":"100"},{"imprint_cost_general_buying_price":"0.54","imprint_cost_general_buying_quantity":"200"},{"imprint_cost_general_buying_price":"0.36","imprint_cost_general_buying_quantity":"300"},{"imprint_cost_general_buying_price":"0.12","imprint_cost_general_buying_quantity":"500"},{"imprint_cost_general_buying_price":"0.1","imprint_cost_general_buying_quantity":"1000"},{"imprint_cost_general_buying_price":"0.1","imprint_cost_general_buying_quantity":"2000"}],"imprint_cost_setup_costs":"54","imprint_cost_handling_costs":"0"},{"imprint_cost_key":"76c87dd1c40054897ba2b85995891f3a647d0f6b","product_quantity_price_range":[{"imprint_cost_recommended_selling_price":"1.035","imprint_cost_recommended_selling_quantity":"100"},{"imprint_cost_recommended_selling_price":"0.585","imprint_cost_recommended_selling_quantity":"200"},{"imprint_cost_recommended_selling_price":"0.432","imprint_cost_recommended_selling_quantity":"300"},{"imprint_cost_recommended_selling_price":"0.198","imprint_cost_recommended_selling_quantity":"500"},{"imprint_cost_recommended_selling_price":"0.162","imprint_cost_recommended_selling_quantity":"1000"},{"imprint_cost_recommended_selling_price":"0.162","imprint_cost_recommended_selling_quantity":"2000"}],"product_quantity_price_range_buying":[{"imprint_cost_general_buying_price":"1.09","imprint_cost_general_buying_quantity":"100"},{"imprint_cost_general_buying_price":"0.59","imprint_cost_general_buying_quantity":"200"},{"imprint_cost_general_buying_price":"0.41","imprint_cost_general_buying_quantity":"300"},{"imprint_cost_general_buying_price":"0.19","imprint_cost_general_buying_quantity":"500"},{"imprint_cost_general_buying_price":"0.15","imprint_cost_general_buying_quantity":"1000"},{"imprint_cost_general_buying_price":"0.15","imprint_cost_general_buying_quantity":"2000"}],"imprint_cost_setup_costs":"54","imprint_cost_handling_costs":"0"},{"imprint_cost_key":"741246cbe67a4e97224f90264d40a63a712082e6","product_quantity_price_range":[{"imprint_cost_recommended_selling_price":"1.08","imprint_cost_recommended_selling_quantity":"100"},{"imprint_cost_recommended_selling_price":"0.63","imprint_cost_recommended_selling_quantity":"200"},{"imprint_cost_recommended_selling_price":"0.477","imprint_cost_recommended_selling_quantity":"300"},{"imprint_cost_recommended_selling_price":"0.261","imprint_cost_recommended_selling_quantity":"500"},{"imprint_cost_recommended_selling_price":"0.207","imprint_cost_recommended_selling_quantity":"1000"},{"imprint_cost_recommended_selling_price":"0.207","imprint_cost_recommended_selling_quantity":"2000"}],"product_quantity_price_range_buying":[{"imprint_cost_general_buying_price":"1.14","imprint_cost_general_buying_quantity":"100"},{"imprint_cost_general_buying_price":"0.64","imprint_cost_general_buying_quantity":"200"},{"imprint_cost_general_buying_price":"0.46","imprint_cost_general_buying_quantity":"300"},{"imprint_cost_general_buying_price":"0.26","imprint_cost_general_buying_quantity":"500"},{"imprint_cost_general_buying_price":"0.2","imprint_cost_general_buying_quantity":"1000"},{"imprint_cost_general_buying_price":"0.2","imprint_cost_general_buying_quantity":"2000"}],"imprint_cost_setup_costs":"54","imprint_cost_handling_costs":"0"},{"imprint_cost_key":"d240f7e1e4498dc0a23e9445a8f53f0bd0f69f1d","product_quantity_price_range":[{"imprint_cost_recommended_selling_price":"1.125","imprint_cost_recommended_selling_quantity":"100"},{"imprint_cost_recommended_selling_price":"0.675","imprint_cost_recommended_selling_quantity":"200"},{"imprint_cost_recommended_selling_price":"0.522","imprint_cost_recommended_selling_quantity":"300"},{"imprint_cost_recommended_selling_price":"0.324","imprint_cost_recommended_selling_quantity":"500"},{"imprint_cost_recommended_selling_price":"0.252","imprint_cost_recommended_selling_quantity":"1000"},{"imprint_cost_recommended_selling_price":"0.252","imprint_cost_recommended_selling_quantity":"2000"}],"product_quantity_price_range_buying":[{"imprint_cost_general_buying_price":"1.19","imprint_cost_general_buying_quantity":"100"},{"imprint_cost_general_buying_price":"0.69","imprint_cost_general_buying_quantity":"200"},{"imprint_cost_general_buying_price":"0.51","imprint_cost_general_buying_quantity":"300"},{"imprint_cost_general_buying_price":"0.33","imprint_cost_general_buying_quantity":"500"},{"imprint_cost_general_buying_price":"0.25","imprint_cost_general_buying_quantity":"1000"},{"imprint_cost_general_buying_price":"0.25","imprint_cost_general_buying_quantity":"2000"}],"imprint_cost_setup_costs":"54","imprint_cost_handling_costs":"0"},{"imprint_cost_key":"504aa94c64c1eda2920053f53f6f491c751352eb","product_quantity_price_range":[{"imprint_cost_recommended_selling_price":"1.17","imprint_cost_recommended_selling_quantity":"100"},{"imprint_cost_recommended_selling_price":"0.72","imprint_cost_recommended_selling_quantity":"200"},{"imprint_cost_recommended_selling_price":"0.567","imprint_cost_recommended_selling_quantity":"300"},{"imprint_cost_recommended_selling_price":"0.387","imprint_cost_recommended_selling_quantity":"500"},{"imprint_cost_recommended_selling_price":"0.297","imprint_cost_recommended_selling_quantity":"1000"},{"imprint_cost_recommended_selling_price":"0.297","imprint_cost_recommended_selling_quantity":"2000"}],"product_quantity_price_range_buying":[{"imprint_cost_general_buying_price":"1.24","imprint_cost_general_buying_quantity":"100"},{"imprint_cost_general_buying_price":"0.74","imprint_cost_general_buying_quantity":"200"},{"imprint_cost_general_buying_price":"0.56","imprint_cost_general_buying_quantity":"300"},{"imprint_cost_general_buying_price":"0.4","imprint_cost_general_buying_quantity":"500"},{"imprint_cost_general_buying_price":"0.3","imprint_cost_general_buying_quantity":"1000"},{"imprint_cost_general_buying_price":"0.3","imprint_cost_general_buying_quantity":"2000"}],"imprint_cost_setup_costs":"54","imprint_cost_handling_costs":"0"}]},"aioseo_notices":[],"aioseo_head":"\n\t\t<!-- All in One SEO Pro 4.9.6.1 - aioseo.com -->\n\t<meta name=\"description\" content=\"Diese nachhaltige Trinkflasche bietet dir nicht nur ein robustes Design, sondern auch die M\u00f6glichkeit zur personalisierten Logobedruckung. Ideal f\u00fcr Veranstaltungen und sportliche Aktivit\u00e4ten, passt sie perfekt zu deinem aktiven Lebensstil und sorgt f\u00fcr klare Markenpr\u00e4senz.\" \/>\n\t<meta name=\"robots\" content=\"max-image-preview:large\" \/>\n\t<meta name=\"google-site-verification\" content=\"BBMiYHShnVBoc8v9xoHf0FXMC27otVB0wiWxw_hFRrM\" \/>\n\t<link rel=\"canonical\" href=\"https:\/\/bidonsenshakers.nl\/de\/wp-json\/wp\/v2\/product\/718\" \/>\n\t<meta name=\"generator\" content=\"All in One SEO Pro (AIOSEO) 4.9.6.1\" \/>\n\t\t<meta property=\"og:locale\" content=\"de_DE\" \/>\n\t\t<meta property=\"og:site_name\" content=\"Trinkflaschen &amp; Shakers - Trinkflaschen &amp; Shakers\" \/>\n\t\t<meta property=\"og:type\" content=\"article\" \/>\n\t\t<meta property=\"og:title\" content=\"Trinkflasche mit Logo bedrucken auslaufsicher Bio 550ml\" \/>\n\t\t<meta property=\"og:description\" content=\"Diese nachhaltige Trinkflasche bietet dir nicht nur ein robustes Design, sondern auch die M\u00f6glichkeit zur personalisierten Logobedruckung. Ideal f\u00fcr Veranstaltungen und sportliche Aktivit\u00e4ten, passt sie perfekt zu deinem aktiven Lebensstil und sorgt f\u00fcr klare Markenpr\u00e4senz.\" \/>\n\t\t<meta property=\"og:url\" content=\"https:\/\/bidonsenshakers.nl\/de\/wp-json\/wp\/v2\/product\/718\" \/>\n\t\t<meta property=\"og:image\" content=\"https:\/\/shop.hidalgo.nl\/wp-content\/uploads\/2026\/01\/cropped-Logo.png\" \/>\n\t\t<meta property=\"og:image:secure_url\" content=\"https:\/\/shop.hidalgo.nl\/wp-content\/uploads\/2026\/01\/cropped-Logo.png\" \/>\n\t\t<meta property=\"article:published_time\" content=\"2026-01-26T08:39:22+00:00\" \/>\n\t\t<meta property=\"article:modified_time\" content=\"2026-02-17T11:56:42+00:00\" \/>\n\t\t<meta property=\"article:publisher\" content=\"https:\/\/www.facebook.com\/hidalgobagsandmore\/\" \/>\n\t\t<meta name=\"twitter:card\" content=\"summary_large_image\" \/>\n\t\t<meta name=\"twitter:site\" content=\"@Hidalgo_BV\" \/>\n\t\t<meta name=\"twitter:title\" content=\"Trinkflasche mit Logo bedrucken auslaufsicher Bio 550ml\" \/>\n\t\t<meta name=\"twitter:description\" content=\"Diese nachhaltige Trinkflasche bietet dir nicht nur ein robustes Design, sondern auch die M\u00f6glichkeit zur personalisierten Logobedruckung. Ideal f\u00fcr Veranstaltungen und sportliche Aktivit\u00e4ten, passt sie perfekt zu deinem aktiven Lebensstil und sorgt f\u00fcr klare Markenpr\u00e4senz.\" \/>\n\t\t<meta name=\"twitter:image\" content=\"https:\/\/shop.hidalgo.nl\/wp-content\/uploads\/2026\/01\/cropped-Logo.png\" \/>\n\t\t<script type=\"application\/ld+json\" class=\"aioseo-schema\">\n\t\t\t{\"@context\":\"https:\\\/\\\/schema.org\",\"@graph\":[{\"@type\":\"BreadcrumbList\",\"@id\":\"https:\\\/\\\/bidonsenshakers.nl\\\/de\\\/product\\\/718\\\/trinkflasche-mit-logo-bedrucken-auslaufsicher-bio-550ml\\\/#breadcrumblist\",\"itemListElement\":[{\"@type\":\"ListItem\",\"@id\":\"https:\\\/\\\/bidonsenshakers.nl\\\/de\\\/#listItem\",\"position\":1,\"name\":\"Home\",\"item\":\"https:\\\/\\\/bidonsenshakers.nl\\\/de\\\/\",\"nextItem\":{\"@type\":\"ListItem\",\"@id\":\"https:\\\/\\\/bidonsenshakers.nl\\\/shop\\\/#listItem\",\"name\":\"Shop\"}},{\"@type\":\"ListItem\",\"@id\":\"https:\\\/\\\/bidonsenshakers.nl\\\/shop\\\/#listItem\",\"position\":2,\"name\":\"Shop\",\"item\":\"https:\\\/\\\/bidonsenshakers.nl\\\/shop\\\/\",\"nextItem\":{\"@type\":\"ListItem\",\"@id\":\"https:\\\/\\\/bidonsenshakers.nl\\\/de\\\/product-supplier\\\/a594\\\/#listItem\",\"name\":\"A594\"},\"previousItem\":{\"@type\":\"ListItem\",\"@id\":\"https:\\\/\\\/bidonsenshakers.nl\\\/de\\\/#listItem\",\"name\":\"Home\"}},{\"@type\":\"ListItem\",\"@id\":\"https:\\\/\\\/bidonsenshakers.nl\\\/de\\\/product-supplier\\\/a594\\\/#listItem\",\"position\":3,\"name\":\"A594\",\"item\":\"https:\\\/\\\/bidonsenshakers.nl\\\/de\\\/product-supplier\\\/a594\\\/\",\"nextItem\":{\"@type\":\"ListItem\",\"@id\":\"https:\\\/\\\/bidonsenshakers.nl\\\/de\\\/product\\\/718\\\/trinkflasche-mit-logo-bedrucken-auslaufsicher-bio-550ml\\\/#listItem\",\"name\":\"Eco Sportbidon Daiya O2 550ml\"},\"previousItem\":{\"@type\":\"ListItem\",\"@id\":\"https:\\\/\\\/bidonsenshakers.nl\\\/shop\\\/#listItem\",\"name\":\"Shop\"}},{\"@type\":\"ListItem\",\"@id\":\"https:\\\/\\\/bidonsenshakers.nl\\\/de\\\/product\\\/718\\\/trinkflasche-mit-logo-bedrucken-auslaufsicher-bio-550ml\\\/#listItem\",\"position\":4,\"name\":\"Eco Sportbidon Daiya O2 550ml\",\"previousItem\":{\"@type\":\"ListItem\",\"@id\":\"https:\\\/\\\/bidonsenshakers.nl\\\/de\\\/product-supplier\\\/a594\\\/#listItem\",\"name\":\"A594\"}}]},{\"@type\":\"Organization\",\"@id\":\"https:\\\/\\\/bidonsenshakers.nl\\\/de\\\/#organization\",\"name\":\"Trinkflaschen & Shakers\",\"description\":\"Trinkflaschen & Shakers\",\"url\":\"https:\\\/\\\/bidonsenshakers.nl\\\/de\\\/\",\"telephone\":\"+31793310133\",\"logo\":{\"@type\":\"ImageObject\",\"url\":\"https:\\\/\\\/shop.hidalgo.nl\\\/wp-content\\\/uploads\\\/2026\\\/01\\\/cropped-Logo.png\",\"@id\":\"https:\\\/\\\/bidonsenshakers.nl\\\/de\\\/product\\\/718\\\/trinkflasche-mit-logo-bedrucken-auslaufsicher-bio-550ml\\\/#organizationLogo\",\"width\":600,\"height\":243},\"image\":{\"@id\":\"https:\\\/\\\/bidonsenshakers.nl\\\/de\\\/product\\\/718\\\/trinkflasche-mit-logo-bedrucken-auslaufsicher-bio-550ml\\\/#organizationLogo\"},\"sameAs\":[\"https:\\\/\\\/www.facebook.com\\\/hidalgobagsandmore\\\/\",\"https:\\\/\\\/x.com\\\/Hidalgo_BV\\\/status\\\/74021585866067968\",\"https:\\\/\\\/www.instagram.com\\\/hidalgobagsandmore\\\/#\",\"https:\\\/\\\/www.youtube.com\\\/@hidalgobagsandmore\",\"https:\\\/\\\/www.linkedin.com\\\/in\\\/rutgerblommers\\\/\"]},{\"@type\":\"WebPage\",\"@id\":\"https:\\\/\\\/bidonsenshakers.nl\\\/de\\\/product\\\/718\\\/trinkflasche-mit-logo-bedrucken-auslaufsicher-bio-550ml\\\/#webpage\",\"url\":\"https:\\\/\\\/bidonsenshakers.nl\\\/de\\\/product\\\/718\\\/trinkflasche-mit-logo-bedrucken-auslaufsicher-bio-550ml\\\/\",\"name\":\"Trinkflasche mit Logo bedrucken auslaufsicher Bio 550ml\",\"description\":\"Diese nachhaltige Trinkflasche bietet dir nicht nur ein robustes Design, sondern auch die M\\u00f6glichkeit zur personalisierten Logobedruckung. Ideal f\\u00fcr Veranstaltungen und sportliche Aktivit\\u00e4ten, passt sie perfekt zu deinem aktiven Lebensstil und sorgt f\\u00fcr klare Markenpr\\u00e4senz.\",\"inLanguage\":\"de-DE\",\"isPartOf\":{\"@id\":\"https:\\\/\\\/bidonsenshakers.nl\\\/de\\\/#website\"},\"breadcrumb\":{\"@id\":\"https:\\\/\\\/bidonsenshakers.nl\\\/de\\\/product\\\/718\\\/trinkflasche-mit-logo-bedrucken-auslaufsicher-bio-550ml\\\/#breadcrumblist\"},\"image\":{\"@type\":\"ImageObject\",\"url\":\"https:\\\/\\\/shop.hidalgo.nl\\\/wp-content\\\/uploads\\\/2025\\\/03\\\/452a454c42de0f22c28be7a1e2bb14949ef5db8bb9a36850531d6498dc5628ff.jpg\",\"@id\":\"https:\\\/\\\/bidonsenshakers.nl\\\/de\\\/product\\\/718\\\/trinkflasche-mit-logo-bedrucken-auslaufsicher-bio-550ml\\\/#mainImage\"},\"primaryImageOfPage\":{\"@id\":\"https:\\\/\\\/bidonsenshakers.nl\\\/de\\\/product\\\/718\\\/trinkflasche-mit-logo-bedrucken-auslaufsicher-bio-550ml\\\/#mainImage\"},\"datePublished\":\"2026-01-26T08:39:22+00:00\",\"dateModified\":\"2026-02-17T11:56:42+00:00\"},{\"@type\":\"WebSite\",\"@id\":\"https:\\\/\\\/bidonsenshakers.nl\\\/de\\\/#website\",\"url\":\"https:\\\/\\\/bidonsenshakers.nl\\\/de\\\/\",\"name\":\"Trinkflaschen & Shakers\",\"description\":\"Trinkflaschen & Shakers\",\"inLanguage\":\"de-DE\",\"publisher\":{\"@id\":\"https:\\\/\\\/bidonsenshakers.nl\\\/de\\\/#organization\"}}]}\n\t\t<\/script>\n\t\t<!-- All in One SEO Pro -->\r\n\t\t<title>Trinkflasche mit Logo bedrucken auslaufsicher Bio 550ml<\/title>\n\n","aioseo_head_json":{"title":"Trinkflasche mit Logo bedrucken auslaufsicher Bio 550ml","description":"Diese nachhaltige Trinkflasche bietet dir nicht nur ein robustes Design, sondern auch die M\u00f6glichkeit zur personalisierten Logobedruckung. Ideal f\u00fcr Veranstaltungen und sportliche Aktivit\u00e4ten, passt sie perfekt zu deinem aktiven Lebensstil und sorgt f\u00fcr klare Markenpr\u00e4senz.","canonical_url":"https:\/\/bidonsenshakers.nl\/de\/wp-json\/wp\/v2\/product\/718","robots":"max-image-preview:large","keywords":"","webmasterTools":{"google-site-verification":"BBMiYHShnVBoc8v9xoHf0FXMC27otVB0wiWxw_hFRrM","miscellaneous":""},"schema":{"@context":"https:\/\/schema.org","@graph":[{"@type":"BreadcrumbList","@id":"https:\/\/bidonsenshakers.nl\/de\/product\/718\/trinkflasche-mit-logo-bedrucken-auslaufsicher-bio-550ml\/#breadcrumblist","itemListElement":[{"@type":"ListItem","@id":"https:\/\/bidonsenshakers.nl\/de\/#listItem","position":1,"name":"Home","item":"https:\/\/bidonsenshakers.nl\/de\/","nextItem":{"@type":"ListItem","@id":"https:\/\/bidonsenshakers.nl\/shop\/#listItem","name":"Shop"}},{"@type":"ListItem","@id":"https:\/\/bidonsenshakers.nl\/shop\/#listItem","position":2,"name":"Shop","item":"https:\/\/bidonsenshakers.nl\/shop\/","nextItem":{"@type":"ListItem","@id":"https:\/\/bidonsenshakers.nl\/de\/product-supplier\/a594\/#listItem","name":"A594"},"previousItem":{"@type":"ListItem","@id":"https:\/\/bidonsenshakers.nl\/de\/#listItem","name":"Home"}},{"@type":"ListItem","@id":"https:\/\/bidonsenshakers.nl\/de\/product-supplier\/a594\/#listItem","position":3,"name":"A594","item":"https:\/\/bidonsenshakers.nl\/de\/product-supplier\/a594\/","nextItem":{"@type":"ListItem","@id":"https:\/\/bidonsenshakers.nl\/de\/product\/718\/trinkflasche-mit-logo-bedrucken-auslaufsicher-bio-550ml\/#listItem","name":"Eco Sportbidon Daiya O2 550ml"},"previousItem":{"@type":"ListItem","@id":"https:\/\/bidonsenshakers.nl\/shop\/#listItem","name":"Shop"}},{"@type":"ListItem","@id":"https:\/\/bidonsenshakers.nl\/de\/product\/718\/trinkflasche-mit-logo-bedrucken-auslaufsicher-bio-550ml\/#listItem","position":4,"name":"Eco Sportbidon Daiya O2 550ml","previousItem":{"@type":"ListItem","@id":"https:\/\/bidonsenshakers.nl\/de\/product-supplier\/a594\/#listItem","name":"A594"}}]},{"@type":"Organization","@id":"https:\/\/bidonsenshakers.nl\/de\/#organization","name":"Trinkflaschen & Shakers","description":"Trinkflaschen & Shakers","url":"https:\/\/bidonsenshakers.nl\/de\/","telephone":"+31793310133","logo":{"@type":"ImageObject","url":"https:\/\/shop.hidalgo.nl\/wp-content\/uploads\/2026\/01\/cropped-Logo.png","@id":"https:\/\/bidonsenshakers.nl\/de\/product\/718\/trinkflasche-mit-logo-bedrucken-auslaufsicher-bio-550ml\/#organizationLogo","width":600,"height":243},"image":{"@id":"https:\/\/bidonsenshakers.nl\/de\/product\/718\/trinkflasche-mit-logo-bedrucken-auslaufsicher-bio-550ml\/#organizationLogo"},"sameAs":["https:\/\/www.facebook.com\/hidalgobagsandmore\/","https:\/\/x.com\/Hidalgo_BV\/status\/74021585866067968","https:\/\/www.instagram.com\/hidalgobagsandmore\/#","https:\/\/www.youtube.com\/@hidalgobagsandmore","https:\/\/www.linkedin.com\/in\/rutgerblommers\/"]},{"@type":"WebPage","@id":"https:\/\/bidonsenshakers.nl\/de\/product\/718\/trinkflasche-mit-logo-bedrucken-auslaufsicher-bio-550ml\/#webpage","url":"https:\/\/bidonsenshakers.nl\/de\/product\/718\/trinkflasche-mit-logo-bedrucken-auslaufsicher-bio-550ml\/","name":"Trinkflasche mit Logo bedrucken auslaufsicher Bio 550ml","description":"Diese nachhaltige Trinkflasche bietet dir nicht nur ein robustes Design, sondern auch die M\u00f6glichkeit zur personalisierten Logobedruckung. Ideal f\u00fcr Veranstaltungen und sportliche Aktivit\u00e4ten, passt sie perfekt zu deinem aktiven Lebensstil und sorgt f\u00fcr klare Markenpr\u00e4senz.","inLanguage":"de-DE","isPartOf":{"@id":"https:\/\/bidonsenshakers.nl\/de\/#website"},"breadcrumb":{"@id":"https:\/\/bidonsenshakers.nl\/de\/product\/718\/trinkflasche-mit-logo-bedrucken-auslaufsicher-bio-550ml\/#breadcrumblist"},"image":{"@type":"ImageObject","url":"https:\/\/shop.hidalgo.nl\/wp-content\/uploads\/2025\/03\/452a454c42de0f22c28be7a1e2bb14949ef5db8bb9a36850531d6498dc5628ff.jpg","@id":"https:\/\/bidonsenshakers.nl\/de\/product\/718\/trinkflasche-mit-logo-bedrucken-auslaufsicher-bio-550ml\/#mainImage"},"primaryImageOfPage":{"@id":"https:\/\/bidonsenshakers.nl\/de\/product\/718\/trinkflasche-mit-logo-bedrucken-auslaufsicher-bio-550ml\/#mainImage"},"datePublished":"2026-01-26T08:39:22+00:00","dateModified":"2026-02-17T11:56:42+00:00"},{"@type":"WebSite","@id":"https:\/\/bidonsenshakers.nl\/de\/#website","url":"https:\/\/bidonsenshakers.nl\/de\/","name":"Trinkflaschen & Shakers","description":"Trinkflaschen & Shakers","inLanguage":"de-DE","publisher":{"@id":"https:\/\/bidonsenshakers.nl\/de\/#organization"}}]},"og:locale":"de_DE","og:site_name":"Trinkflaschen &amp; Shakers - Trinkflaschen &amp; Shakers","og:type":"article","og:title":"Trinkflasche mit Logo bedrucken auslaufsicher Bio 550ml","og:description":"Diese nachhaltige Trinkflasche bietet dir nicht nur ein robustes Design, sondern auch die M\u00f6glichkeit zur personalisierten Logobedruckung. Ideal f\u00fcr Veranstaltungen und sportliche Aktivit\u00e4ten, passt sie perfekt zu deinem aktiven Lebensstil und sorgt f\u00fcr klare Markenpr\u00e4senz.","og:url":"https:\/\/bidonsenshakers.nl\/de\/wp-json\/wp\/v2\/product\/718","og:image":"https:\/\/shop.hidalgo.nl\/wp-content\/uploads\/2026\/01\/cropped-Logo.png","og:image:secure_url":"https:\/\/shop.hidalgo.nl\/wp-content\/uploads\/2026\/01\/cropped-Logo.png","article:published_time":"2026-01-26T08:39:22+00:00","article:modified_time":"2026-02-17T11:56:42+00:00","article:publisher":"https:\/\/www.facebook.com\/hidalgobagsandmore\/","twitter:card":"summary_large_image","twitter:site":"@Hidalgo_BV","twitter:title":"Trinkflasche mit Logo bedrucken auslaufsicher Bio 550ml","twitter:description":"Diese nachhaltige Trinkflasche bietet dir nicht nur ein robustes Design, sondern auch die M\u00f6glichkeit zur personalisierten Logobedruckung. Ideal f\u00fcr Veranstaltungen und sportliche Aktivit\u00e4ten, passt sie perfekt zu deinem aktiven Lebensstil und sorgt f\u00fcr klare Markenpr\u00e4senz.","twitter:image":"https:\/\/shop.hidalgo.nl\/wp-content\/uploads\/2026\/01\/cropped-Logo.png"},"aioseo_meta_data":{"post_id":"718","title":null,"description":null,"keywords":null,"keyphrases":null,"canonical_url":null,"og_title":null,"og_description":null,"og_object_type":"default","og_image_type":"default","og_image_custom_url":null,"og_image_custom_fields":null,"og_custom_image_width":null,"og_custom_image_height":null,"og_video":null,"og_custom_url":null,"og_article_section":null,"og_article_tags":null,"twitter_use_og":false,"twitter_card":"default","twitter_image_type":"default","twitter_image_custom_url":null,"twitter_image_custom_fields":null,"twitter_title":null,"twitter_description":null,"schema_type":null,"schema_type_options":null,"pillar_content":false,"robots_default":true,"robots_noindex":false,"robots_noarchive":false,"robots_nosnippet":false,"robots_nofollow":false,"robots_noimageindex":false,"robots_noodp":false,"robots_notranslate":false,"robots_max_snippet":null,"robots_max_videopreview":null,"robots_max_imagepreview":"none","tabs":null,"priority":null,"frequency":null,"local_seo":null,"created":"2026-01-26 08:40:14","updated":"2026-02-17 12:53:48"},"aioseo_breadcrumb":"<div class=\"aioseo-breadcrumbs\"><span class=\"aioseo-breadcrumb\">\n\t<a href=\"https:\/\/bidonsenshakers.nl\/de\/\" title=\"Home\">Home<\/a>\n<\/span><span class=\"aioseo-breadcrumb-separator\">\u00bb<\/span><span class=\"aioseo-breadcrumb\">\n\t<a href=\"https:\/\/bidonsenshakers.nl\/shop\/\" title=\"Shop\">Shop<\/a>\n<\/span><span class=\"aioseo-breadcrumb-separator\">\u00bb<\/span><span class=\"aioseo-breadcrumb\">\n\t<a href=\"https:\/\/bidonsenshakers.nl\/de\/product-supplier\/a594\/\" title=\"A594\">A594<\/a>\n<\/span><span class=\"aioseo-breadcrumb-separator\">\u00bb<\/span><span class=\"aioseo-breadcrumb\">\n\tEco Sportbidon Daiya O2 550ml\n<\/span><\/div>","aioseo_breadcrumb_json":[{"label":"Home","link":"https:\/\/bidonsenshakers.nl\/de\/"},{"label":"Shop","link":"https:\/\/bidonsenshakers.nl\/shop\/"},{"label":"A594","link":"https:\/\/bidonsenshakers.nl\/de\/product-supplier\/a594\/"},{"label":"Eco Sportbidon Daiya O2 550ml","link":"https:\/\/bidonsenshakers.nl\/de\/product\/718\/trinkflasche-mit-logo-bedrucken-auslaufsicher-bio-550ml\/"}],"_links":{"self":[{"href":"https:\/\/bidonsenshakers.nl\/de\/wp-json\/wp\/v2\/product\/718","targetHints":{"allow":["GET"]}}],"collection":[{"href":"https:\/\/bidonsenshakers.nl\/de\/wp-json\/wp\/v2\/product"}],"about":[{"href":"https:\/\/bidonsenshakers.nl\/de\/wp-json\/wp\/v2\/types\/product"}],"wp:featuredmedia":[{"embeddable":true,"href":"https:\/\/bidonsenshakers.nl\/de\/wp-json\/wp\/v2\/media\/719"}],"wp:attachment":[{"href":"https:\/\/bidonsenshakers.nl\/de\/wp-json\/wp\/v2\/media?parent=718"}],"wp:term":[{"taxonomy":"product_brand","embeddable":true,"href":"https:\/\/bidonsenshakers.nl\/de\/wp-json\/wp\/v2\/product_brand?post=718"},{"taxonomy":"product_cat","embeddable":true,"href":"https:\/\/bidonsenshakers.nl\/de\/wp-json\/wp\/v2\/product_cat?post=718"},{"taxonomy":"product_tag","embeddable":true,"href":"https:\/\/bidonsenshakers.nl\/de\/wp-json\/wp\/v2\/product_tag?post=718"}],"curies":[{"name":"wp","href":"https:\/\/api.w.org\/{rel}","templated":true}]}}