{"id":7460,"date":"2026-01-26T10:59:38","date_gmt":"2026-01-26T10:59:38","guid":{"rendered":"https:\/\/bidonsenshakers.shop.hidalgo.nl\/product\/picasso-midi-260-ml-mok\/"},"modified":"2026-02-17T11:56:06","modified_gmt":"2026-02-17T11:56:06","slug":"picasso-midi-260-ml-mok","status":"publish","type":"product","link":"https:\/\/bidonsenshakers.nl\/de\/product\/7460\/kaffeebecher-bedrucken-picasso-midi-260ml-spuelfest-keramik\/","title":{"rendered":"Picasso Midi 260 ml mok"},"content":{"rendered":"<p>Mok van hoogwaardig keramiek. Past onder nagenoeg elk koffieapparaat. De perfecte mok voor alle full colour bedrukkingen, waaronder foto\u2019s. Vaatwasserbestendig. Inhoud 260 ml.<\/p>\n","protected":false},"excerpt":{"rendered":"<p>Mok van hoogwaardig keramiek. Past onder nagenoeg elk koffieapparaat. De perfecte mok voor alle full colour bedrukkingen, waaronder foto\u2019s. Vaatwasserbestendig. Inhoud 260 ml.<\/p>\n","protected":false},"featured_media":7461,"template":"","meta":{"_acf_changed":false,"om_disable_all_campaigns":false,"_monsterinsights_skip_tracking":false,"_monsterinsights_sitenote_active":false,"_monsterinsights_sitenote_note":"","_monsterinsights_sitenote_category":0},"product_brand":[],"product_cat":[363],"product_tag":[],"class_list":{"0":"post-7460","1":"product","2":"type-product","3":"status-publish","4":"has-post-thumbnail","6":"product_supplier-a24","7":"product_material-keramiek","8":"product_cat-mokken","9":"entry","11":"first","12":"instock","13":"taxable","14":"shipping-taxable","15":"purchasable","16":"product-type-variable"},"acf":{"imprint_cost":[{"imprint_cost_key":"9ddc775ea01b5965d8d44cc7fb32e6f8d84d11bc","product_quantity_price_range":[{"imprint_cost_recommended_selling_price":"3.735","imprint_cost_recommended_selling_quantity":"1"},{"imprint_cost_recommended_selling_price":"2.235","imprint_cost_recommended_selling_quantity":"25"},{"imprint_cost_recommended_selling_price":"1.8","imprint_cost_recommended_selling_quantity":"50"},{"imprint_cost_recommended_selling_price":"1.695","imprint_cost_recommended_selling_quantity":"100"},{"imprint_cost_recommended_selling_price":"1.62","imprint_cost_recommended_selling_quantity":"250"},{"imprint_cost_recommended_selling_price":"1.515","imprint_cost_recommended_selling_quantity":"500"},{"imprint_cost_recommended_selling_price":"1.455","imprint_cost_recommended_selling_quantity":"1000"},{"imprint_cost_recommended_selling_price":"1.395","imprint_cost_recommended_selling_quantity":"2500"},{"imprint_cost_recommended_selling_price":"1.38","imprint_cost_recommended_selling_quantity":"5000"}],"product_quantity_price_range_buying":[{"imprint_cost_general_buying_price":"2.49","imprint_cost_general_buying_quantity":"1"},{"imprint_cost_general_buying_price":"1.49","imprint_cost_general_buying_quantity":"25"},{"imprint_cost_general_buying_price":"1.2","imprint_cost_general_buying_quantity":"50"},{"imprint_cost_general_buying_price":"1.13","imprint_cost_general_buying_quantity":"100"},{"imprint_cost_general_buying_price":"1.08","imprint_cost_general_buying_quantity":"250"},{"imprint_cost_general_buying_price":"1.01","imprint_cost_general_buying_quantity":"500"},{"imprint_cost_general_buying_price":"0.97","imprint_cost_general_buying_quantity":"1000"},{"imprint_cost_general_buying_price":"0.93","imprint_cost_general_buying_quantity":"2500"},{"imprint_cost_general_buying_price":"0.92","imprint_cost_general_buying_quantity":"5000"}],"imprint_cost_setup_costs":"52.5","imprint_cost_handling_costs":"0.09"},{"imprint_cost_key":"82537269d567efe4ad7803028585831b3dd3abc9","product_quantity_price_range":[{"imprint_cost_recommended_selling_price":"3.435","imprint_cost_recommended_selling_quantity":"1"},{"imprint_cost_recommended_selling_price":"1.935","imprint_cost_recommended_selling_quantity":"25"},{"imprint_cost_recommended_selling_price":"1.5","imprint_cost_recommended_selling_quantity":"50"},{"imprint_cost_recommended_selling_price":"1.395","imprint_cost_recommended_selling_quantity":"100"},{"imprint_cost_recommended_selling_price":"1.32","imprint_cost_recommended_selling_quantity":"250"},{"imprint_cost_recommended_selling_price":"1.215","imprint_cost_recommended_selling_quantity":"500"},{"imprint_cost_recommended_selling_price":"1.155","imprint_cost_recommended_selling_quantity":"1000"},{"imprint_cost_recommended_selling_price":"1.095","imprint_cost_recommended_selling_quantity":"2500"},{"imprint_cost_recommended_selling_price":"1.08","imprint_cost_recommended_selling_quantity":"5000"}],"product_quantity_price_range_buying":[{"imprint_cost_general_buying_price":"2.29","imprint_cost_general_buying_quantity":"1"},{"imprint_cost_general_buying_price":"1.29","imprint_cost_general_buying_quantity":"25"},{"imprint_cost_general_buying_price":"1","imprint_cost_general_buying_quantity":"50"},{"imprint_cost_general_buying_price":"0.93","imprint_cost_general_buying_quantity":"100"},{"imprint_cost_general_buying_price":"0.88","imprint_cost_general_buying_quantity":"250"},{"imprint_cost_general_buying_price":"0.81","imprint_cost_general_buying_quantity":"500"},{"imprint_cost_general_buying_price":"0.77","imprint_cost_general_buying_quantity":"1000"},{"imprint_cost_general_buying_price":"0.73","imprint_cost_general_buying_quantity":"2500"},{"imprint_cost_general_buying_price":"0.72","imprint_cost_general_buying_quantity":"5000"}],"imprint_cost_setup_costs":"52.5","imprint_cost_handling_costs":"0.09"}]},"aioseo_notices":[],"aioseo_head":"\n\t\t<!-- All in One SEO Pro 4.9.6.1 - aioseo.com -->\n\t<meta name=\"description\" content=\"Entdecke die Vielseitigkeit des Picasso Midi, eines eleganten Keramik-Trinkbechers, perfekt f\u00fcr deine Lieblingshei\u00dfgetr\u00e4nke. Seine sp\u00fclmaschinenfeste Oberfl\u00e4che macht ihn ideal f\u00fcr den Alltag. Personalisiere ihn mit deinem Logo und hebe dich bei Events und im B\u00fcro hervor.\" \/>\n\t<meta name=\"robots\" content=\"max-image-preview:large\" \/>\n\t<meta name=\"google-site-verification\" content=\"BBMiYHShnVBoc8v9xoHf0FXMC27otVB0wiWxw_hFRrM\" \/>\n\t<link rel=\"canonical\" href=\"https:\/\/bidonsenshakers.nl\/de\/wp-json\/wp\/v2\/product\/7460\" \/>\n\t<meta name=\"generator\" content=\"All in One SEO Pro (AIOSEO) 4.9.6.1\" \/>\n\t\t<meta property=\"og:locale\" content=\"de_DE\" \/>\n\t\t<meta property=\"og:site_name\" content=\"Trinkflaschen &amp; Shakers - Trinkflaschen &amp; Shakers\" \/>\n\t\t<meta property=\"og:type\" content=\"article\" \/>\n\t\t<meta property=\"og:title\" content=\"Kaffeebecher bedrucken Picasso Midi 260ml sp\u00fclfest Keramik\" \/>\n\t\t<meta property=\"og:description\" content=\"Entdecke die Vielseitigkeit des Picasso Midi, eines eleganten Keramik-Trinkbechers, perfekt f\u00fcr deine Lieblingshei\u00dfgetr\u00e4nke. Seine sp\u00fclmaschinenfeste Oberfl\u00e4che macht ihn ideal f\u00fcr den Alltag. Personalisiere ihn mit deinem Logo und hebe dich bei Events und im B\u00fcro hervor.\" \/>\n\t\t<meta property=\"og:url\" content=\"https:\/\/bidonsenshakers.nl\/de\/wp-json\/wp\/v2\/product\/7460\" \/>\n\t\t<meta property=\"og:image\" content=\"https:\/\/shop.hidalgo.nl\/wp-content\/uploads\/2026\/01\/cropped-Logo.png\" \/>\n\t\t<meta property=\"og:image:secure_url\" content=\"https:\/\/shop.hidalgo.nl\/wp-content\/uploads\/2026\/01\/cropped-Logo.png\" \/>\n\t\t<meta property=\"article:published_time\" content=\"2026-01-26T10:59:38+00:00\" \/>\n\t\t<meta property=\"article:modified_time\" content=\"2026-02-17T11:56:06+00:00\" \/>\n\t\t<meta property=\"article:publisher\" content=\"https:\/\/www.facebook.com\/hidalgobagsandmore\/\" \/>\n\t\t<meta name=\"twitter:card\" content=\"summary_large_image\" \/>\n\t\t<meta name=\"twitter:site\" content=\"@Hidalgo_BV\" \/>\n\t\t<meta name=\"twitter:title\" content=\"Kaffeebecher bedrucken Picasso Midi 260ml sp\u00fclfest Keramik\" \/>\n\t\t<meta name=\"twitter:description\" content=\"Entdecke die Vielseitigkeit des Picasso Midi, eines eleganten Keramik-Trinkbechers, perfekt f\u00fcr deine Lieblingshei\u00dfgetr\u00e4nke. Seine sp\u00fclmaschinenfeste Oberfl\u00e4che macht ihn ideal f\u00fcr den Alltag. Personalisiere ihn mit deinem Logo und hebe dich bei Events und im B\u00fcro hervor.\" \/>\n\t\t<meta name=\"twitter:image\" content=\"https:\/\/shop.hidalgo.nl\/wp-content\/uploads\/2026\/01\/cropped-Logo.png\" \/>\n\t\t<script type=\"application\/ld+json\" class=\"aioseo-schema\">\n\t\t\t{\"@context\":\"https:\\\/\\\/schema.org\",\"@graph\":[{\"@type\":\"BreadcrumbList\",\"@id\":\"https:\\\/\\\/bidonsenshakers.nl\\\/de\\\/product\\\/7460\\\/kaffeebecher-bedrucken-picasso-midi-260ml-spuelfest-keramik\\\/#breadcrumblist\",\"itemListElement\":[{\"@type\":\"ListItem\",\"@id\":\"https:\\\/\\\/bidonsenshakers.nl\\\/de\\\/#listItem\",\"position\":1,\"name\":\"Home\",\"item\":\"https:\\\/\\\/bidonsenshakers.nl\\\/de\\\/\",\"nextItem\":{\"@type\":\"ListItem\",\"@id\":\"https:\\\/\\\/bidonsenshakers.nl\\\/shop\\\/#listItem\",\"name\":\"Shop\"}},{\"@type\":\"ListItem\",\"@id\":\"https:\\\/\\\/bidonsenshakers.nl\\\/shop\\\/#listItem\",\"position\":2,\"name\":\"Shop\",\"item\":\"https:\\\/\\\/bidonsenshakers.nl\\\/shop\\\/\",\"nextItem\":{\"@type\":\"ListItem\",\"@id\":\"https:\\\/\\\/bidonsenshakers.nl\\\/de\\\/product-supplier\\\/a24\\\/#listItem\",\"name\":\"A24\"},\"previousItem\":{\"@type\":\"ListItem\",\"@id\":\"https:\\\/\\\/bidonsenshakers.nl\\\/de\\\/#listItem\",\"name\":\"Home\"}},{\"@type\":\"ListItem\",\"@id\":\"https:\\\/\\\/bidonsenshakers.nl\\\/de\\\/product-supplier\\\/a24\\\/#listItem\",\"position\":3,\"name\":\"A24\",\"item\":\"https:\\\/\\\/bidonsenshakers.nl\\\/de\\\/product-supplier\\\/a24\\\/\",\"nextItem\":{\"@type\":\"ListItem\",\"@id\":\"https:\\\/\\\/bidonsenshakers.nl\\\/de\\\/product\\\/7460\\\/kaffeebecher-bedrucken-picasso-midi-260ml-spuelfest-keramik\\\/#listItem\",\"name\":\"Picasso Midi 260 ml mok\"},\"previousItem\":{\"@type\":\"ListItem\",\"@id\":\"https:\\\/\\\/bidonsenshakers.nl\\\/shop\\\/#listItem\",\"name\":\"Shop\"}},{\"@type\":\"ListItem\",\"@id\":\"https:\\\/\\\/bidonsenshakers.nl\\\/de\\\/product\\\/7460\\\/kaffeebecher-bedrucken-picasso-midi-260ml-spuelfest-keramik\\\/#listItem\",\"position\":4,\"name\":\"Picasso Midi 260 ml mok\",\"previousItem\":{\"@type\":\"ListItem\",\"@id\":\"https:\\\/\\\/bidonsenshakers.nl\\\/de\\\/product-supplier\\\/a24\\\/#listItem\",\"name\":\"A24\"}}]},{\"@type\":\"Organization\",\"@id\":\"https:\\\/\\\/bidonsenshakers.nl\\\/de\\\/#organization\",\"name\":\"Trinkflaschen & Shakers\",\"description\":\"Trinkflaschen & Shakers\",\"url\":\"https:\\\/\\\/bidonsenshakers.nl\\\/de\\\/\",\"telephone\":\"+31793310133\",\"logo\":{\"@type\":\"ImageObject\",\"url\":\"https:\\\/\\\/shop.hidalgo.nl\\\/wp-content\\\/uploads\\\/2026\\\/01\\\/cropped-Logo.png\",\"@id\":\"https:\\\/\\\/bidonsenshakers.nl\\\/de\\\/product\\\/7460\\\/kaffeebecher-bedrucken-picasso-midi-260ml-spuelfest-keramik\\\/#organizationLogo\",\"width\":600,\"height\":243},\"image\":{\"@id\":\"https:\\\/\\\/bidonsenshakers.nl\\\/de\\\/product\\\/7460\\\/kaffeebecher-bedrucken-picasso-midi-260ml-spuelfest-keramik\\\/#organizationLogo\"},\"sameAs\":[\"https:\\\/\\\/www.facebook.com\\\/hidalgobagsandmore\\\/\",\"https:\\\/\\\/x.com\\\/Hidalgo_BV\\\/status\\\/74021585866067968\",\"https:\\\/\\\/www.instagram.com\\\/hidalgobagsandmore\\\/#\",\"https:\\\/\\\/www.youtube.com\\\/@hidalgobagsandmore\",\"https:\\\/\\\/www.linkedin.com\\\/in\\\/rutgerblommers\\\/\"]},{\"@type\":\"WebPage\",\"@id\":\"https:\\\/\\\/bidonsenshakers.nl\\\/de\\\/product\\\/7460\\\/kaffeebecher-bedrucken-picasso-midi-260ml-spuelfest-keramik\\\/#webpage\",\"url\":\"https:\\\/\\\/bidonsenshakers.nl\\\/de\\\/product\\\/7460\\\/kaffeebecher-bedrucken-picasso-midi-260ml-spuelfest-keramik\\\/\",\"name\":\"Kaffeebecher bedrucken Picasso Midi 260ml sp\\u00fclfest Keramik\",\"description\":\"Entdecke die Vielseitigkeit des Picasso Midi, eines eleganten Keramik-Trinkbechers, perfekt f\\u00fcr deine Lieblingshei\\u00dfgetr\\u00e4nke. Seine sp\\u00fclmaschinenfeste Oberfl\\u00e4che macht ihn ideal f\\u00fcr den Alltag. Personalisiere ihn mit deinem Logo und hebe dich bei Events und im B\\u00fcro hervor.\",\"inLanguage\":\"de-DE\",\"isPartOf\":{\"@id\":\"https:\\\/\\\/bidonsenshakers.nl\\\/de\\\/#website\"},\"breadcrumb\":{\"@id\":\"https:\\\/\\\/bidonsenshakers.nl\\\/de\\\/product\\\/7460\\\/kaffeebecher-bedrucken-picasso-midi-260ml-spuelfest-keramik\\\/#breadcrumblist\"},\"image\":{\"@type\":\"ImageObject\",\"url\":\"https:\\\/\\\/shop.hidalgo.nl\\\/wp-content\\\/uploads\\\/2025\\\/03\\\/61211584d411a381595d0c48e6137056211fc8ca1a809242ef3f041eded14152.jpg\",\"@id\":\"https:\\\/\\\/bidonsenshakers.nl\\\/de\\\/product\\\/7460\\\/kaffeebecher-bedrucken-picasso-midi-260ml-spuelfest-keramik\\\/#mainImage\"},\"primaryImageOfPage\":{\"@id\":\"https:\\\/\\\/bidonsenshakers.nl\\\/de\\\/product\\\/7460\\\/kaffeebecher-bedrucken-picasso-midi-260ml-spuelfest-keramik\\\/#mainImage\"},\"datePublished\":\"2026-01-26T10:59:38+00:00\",\"dateModified\":\"2026-02-17T11:56:06+00:00\"},{\"@type\":\"WebSite\",\"@id\":\"https:\\\/\\\/bidonsenshakers.nl\\\/de\\\/#website\",\"url\":\"https:\\\/\\\/bidonsenshakers.nl\\\/de\\\/\",\"name\":\"Trinkflaschen & Shakers\",\"description\":\"Trinkflaschen & Shakers\",\"inLanguage\":\"de-DE\",\"publisher\":{\"@id\":\"https:\\\/\\\/bidonsenshakers.nl\\\/de\\\/#organization\"}}]}\n\t\t<\/script>\n\t\t<!-- All in One SEO Pro -->\r\n\t\t<title>Kaffeebecher bedrucken Picasso Midi 260ml sp\u00fclfest Keramik<\/title>\n\n","aioseo_head_json":{"title":"Kaffeebecher bedrucken Picasso Midi 260ml sp\u00fclfest Keramik","description":"Entdecke die Vielseitigkeit des Picasso Midi, eines eleganten Keramik-Trinkbechers, perfekt f\u00fcr deine Lieblingshei\u00dfgetr\u00e4nke. Seine sp\u00fclmaschinenfeste Oberfl\u00e4che macht ihn ideal f\u00fcr den Alltag. Personalisiere ihn mit deinem Logo und hebe dich bei Events und im B\u00fcro hervor.","canonical_url":"https:\/\/bidonsenshakers.nl\/de\/wp-json\/wp\/v2\/product\/7460","robots":"max-image-preview:large","keywords":"","webmasterTools":{"google-site-verification":"BBMiYHShnVBoc8v9xoHf0FXMC27otVB0wiWxw_hFRrM","miscellaneous":""},"schema":{"@context":"https:\/\/schema.org","@graph":[{"@type":"BreadcrumbList","@id":"https:\/\/bidonsenshakers.nl\/de\/product\/7460\/kaffeebecher-bedrucken-picasso-midi-260ml-spuelfest-keramik\/#breadcrumblist","itemListElement":[{"@type":"ListItem","@id":"https:\/\/bidonsenshakers.nl\/de\/#listItem","position":1,"name":"Home","item":"https:\/\/bidonsenshakers.nl\/de\/","nextItem":{"@type":"ListItem","@id":"https:\/\/bidonsenshakers.nl\/shop\/#listItem","name":"Shop"}},{"@type":"ListItem","@id":"https:\/\/bidonsenshakers.nl\/shop\/#listItem","position":2,"name":"Shop","item":"https:\/\/bidonsenshakers.nl\/shop\/","nextItem":{"@type":"ListItem","@id":"https:\/\/bidonsenshakers.nl\/de\/product-supplier\/a24\/#listItem","name":"A24"},"previousItem":{"@type":"ListItem","@id":"https:\/\/bidonsenshakers.nl\/de\/#listItem","name":"Home"}},{"@type":"ListItem","@id":"https:\/\/bidonsenshakers.nl\/de\/product-supplier\/a24\/#listItem","position":3,"name":"A24","item":"https:\/\/bidonsenshakers.nl\/de\/product-supplier\/a24\/","nextItem":{"@type":"ListItem","@id":"https:\/\/bidonsenshakers.nl\/de\/product\/7460\/kaffeebecher-bedrucken-picasso-midi-260ml-spuelfest-keramik\/#listItem","name":"Picasso Midi 260 ml mok"},"previousItem":{"@type":"ListItem","@id":"https:\/\/bidonsenshakers.nl\/shop\/#listItem","name":"Shop"}},{"@type":"ListItem","@id":"https:\/\/bidonsenshakers.nl\/de\/product\/7460\/kaffeebecher-bedrucken-picasso-midi-260ml-spuelfest-keramik\/#listItem","position":4,"name":"Picasso Midi 260 ml mok","previousItem":{"@type":"ListItem","@id":"https:\/\/bidonsenshakers.nl\/de\/product-supplier\/a24\/#listItem","name":"A24"}}]},{"@type":"Organization","@id":"https:\/\/bidonsenshakers.nl\/de\/#organization","name":"Trinkflaschen & Shakers","description":"Trinkflaschen & Shakers","url":"https:\/\/bidonsenshakers.nl\/de\/","telephone":"+31793310133","logo":{"@type":"ImageObject","url":"https:\/\/shop.hidalgo.nl\/wp-content\/uploads\/2026\/01\/cropped-Logo.png","@id":"https:\/\/bidonsenshakers.nl\/de\/product\/7460\/kaffeebecher-bedrucken-picasso-midi-260ml-spuelfest-keramik\/#organizationLogo","width":600,"height":243},"image":{"@id":"https:\/\/bidonsenshakers.nl\/de\/product\/7460\/kaffeebecher-bedrucken-picasso-midi-260ml-spuelfest-keramik\/#organizationLogo"},"sameAs":["https:\/\/www.facebook.com\/hidalgobagsandmore\/","https:\/\/x.com\/Hidalgo_BV\/status\/74021585866067968","https:\/\/www.instagram.com\/hidalgobagsandmore\/#","https:\/\/www.youtube.com\/@hidalgobagsandmore","https:\/\/www.linkedin.com\/in\/rutgerblommers\/"]},{"@type":"WebPage","@id":"https:\/\/bidonsenshakers.nl\/de\/product\/7460\/kaffeebecher-bedrucken-picasso-midi-260ml-spuelfest-keramik\/#webpage","url":"https:\/\/bidonsenshakers.nl\/de\/product\/7460\/kaffeebecher-bedrucken-picasso-midi-260ml-spuelfest-keramik\/","name":"Kaffeebecher bedrucken Picasso Midi 260ml sp\u00fclfest Keramik","description":"Entdecke die Vielseitigkeit des Picasso Midi, eines eleganten Keramik-Trinkbechers, perfekt f\u00fcr deine Lieblingshei\u00dfgetr\u00e4nke. Seine sp\u00fclmaschinenfeste Oberfl\u00e4che macht ihn ideal f\u00fcr den Alltag. Personalisiere ihn mit deinem Logo und hebe dich bei Events und im B\u00fcro hervor.","inLanguage":"de-DE","isPartOf":{"@id":"https:\/\/bidonsenshakers.nl\/de\/#website"},"breadcrumb":{"@id":"https:\/\/bidonsenshakers.nl\/de\/product\/7460\/kaffeebecher-bedrucken-picasso-midi-260ml-spuelfest-keramik\/#breadcrumblist"},"image":{"@type":"ImageObject","url":"https:\/\/shop.hidalgo.nl\/wp-content\/uploads\/2025\/03\/61211584d411a381595d0c48e6137056211fc8ca1a809242ef3f041eded14152.jpg","@id":"https:\/\/bidonsenshakers.nl\/de\/product\/7460\/kaffeebecher-bedrucken-picasso-midi-260ml-spuelfest-keramik\/#mainImage"},"primaryImageOfPage":{"@id":"https:\/\/bidonsenshakers.nl\/de\/product\/7460\/kaffeebecher-bedrucken-picasso-midi-260ml-spuelfest-keramik\/#mainImage"},"datePublished":"2026-01-26T10:59:38+00:00","dateModified":"2026-02-17T11:56:06+00:00"},{"@type":"WebSite","@id":"https:\/\/bidonsenshakers.nl\/de\/#website","url":"https:\/\/bidonsenshakers.nl\/de\/","name":"Trinkflaschen & Shakers","description":"Trinkflaschen & Shakers","inLanguage":"de-DE","publisher":{"@id":"https:\/\/bidonsenshakers.nl\/de\/#organization"}}]},"og:locale":"de_DE","og:site_name":"Trinkflaschen &amp; Shakers - Trinkflaschen &amp; Shakers","og:type":"article","og:title":"Kaffeebecher bedrucken Picasso Midi 260ml sp\u00fclfest Keramik","og:description":"Entdecke die Vielseitigkeit des Picasso Midi, eines eleganten Keramik-Trinkbechers, perfekt f\u00fcr deine Lieblingshei\u00dfgetr\u00e4nke. Seine sp\u00fclmaschinenfeste Oberfl\u00e4che macht ihn ideal f\u00fcr den Alltag. Personalisiere ihn mit deinem Logo und hebe dich bei Events und im B\u00fcro hervor.","og:url":"https:\/\/bidonsenshakers.nl\/de\/wp-json\/wp\/v2\/product\/7460","og:image":"https:\/\/shop.hidalgo.nl\/wp-content\/uploads\/2026\/01\/cropped-Logo.png","og:image:secure_url":"https:\/\/shop.hidalgo.nl\/wp-content\/uploads\/2026\/01\/cropped-Logo.png","article:published_time":"2026-01-26T10:59:38+00:00","article:modified_time":"2026-02-17T11:56:06+00:00","article:publisher":"https:\/\/www.facebook.com\/hidalgobagsandmore\/","twitter:card":"summary_large_image","twitter:site":"@Hidalgo_BV","twitter:title":"Kaffeebecher bedrucken Picasso Midi 260ml sp\u00fclfest Keramik","twitter:description":"Entdecke die Vielseitigkeit des Picasso Midi, eines eleganten Keramik-Trinkbechers, perfekt f\u00fcr deine Lieblingshei\u00dfgetr\u00e4nke. Seine sp\u00fclmaschinenfeste Oberfl\u00e4che macht ihn ideal f\u00fcr den Alltag. Personalisiere ihn mit deinem Logo und hebe dich bei Events und im B\u00fcro hervor.","twitter:image":"https:\/\/shop.hidalgo.nl\/wp-content\/uploads\/2026\/01\/cropped-Logo.png"},"aioseo_meta_data":{"post_id":"7460","title":null,"description":null,"keywords":null,"keyphrases":null,"canonical_url":null,"og_title":null,"og_description":null,"og_object_type":"default","og_image_type":"default","og_image_custom_url":null,"og_image_custom_fields":null,"og_custom_image_width":null,"og_custom_image_height":null,"og_video":null,"og_custom_url":null,"og_article_section":null,"og_article_tags":null,"twitter_use_og":false,"twitter_card":"default","twitter_image_type":"default","twitter_image_custom_url":null,"twitter_image_custom_fields":null,"twitter_title":null,"twitter_description":null,"schema_type":null,"schema_type_options":null,"pillar_content":false,"robots_default":true,"robots_noindex":false,"robots_noarchive":false,"robots_nosnippet":false,"robots_nofollow":false,"robots_noimageindex":false,"robots_noodp":false,"robots_notranslate":false,"robots_max_snippet":null,"robots_max_videopreview":null,"robots_max_imagepreview":"none","tabs":null,"priority":null,"frequency":null,"local_seo":null,"created":"2026-01-26 11:05:24","updated":"2026-02-18 10:44:29"},"aioseo_breadcrumb":"<div class=\"aioseo-breadcrumbs\"><span class=\"aioseo-breadcrumb\">\n\t<a href=\"https:\/\/bidonsenshakers.nl\/de\/\" title=\"Home\">Home<\/a>\n<\/span><span class=\"aioseo-breadcrumb-separator\">\u00bb<\/span><span class=\"aioseo-breadcrumb\">\n\t<a href=\"https:\/\/bidonsenshakers.nl\/shop\/\" title=\"Shop\">Shop<\/a>\n<\/span><span class=\"aioseo-breadcrumb-separator\">\u00bb<\/span><span class=\"aioseo-breadcrumb\">\n\t<a href=\"https:\/\/bidonsenshakers.nl\/de\/product-supplier\/a24\/\" title=\"A24\">A24<\/a>\n<\/span><span class=\"aioseo-breadcrumb-separator\">\u00bb<\/span><span class=\"aioseo-breadcrumb\">\n\tPicasso Midi 260 ml mok\n<\/span><\/div>","aioseo_breadcrumb_json":[{"label":"Home","link":"https:\/\/bidonsenshakers.nl\/de\/"},{"label":"Shop","link":"https:\/\/bidonsenshakers.nl\/shop\/"},{"label":"A24","link":"https:\/\/bidonsenshakers.nl\/de\/product-supplier\/a24\/"},{"label":"Picasso Midi 260 ml mok","link":"https:\/\/bidonsenshakers.nl\/de\/product\/7460\/kaffeebecher-bedrucken-picasso-midi-260ml-spuelfest-keramik\/"}],"_links":{"self":[{"href":"https:\/\/bidonsenshakers.nl\/de\/wp-json\/wp\/v2\/product\/7460","targetHints":{"allow":["GET"]}}],"collection":[{"href":"https:\/\/bidonsenshakers.nl\/de\/wp-json\/wp\/v2\/product"}],"about":[{"href":"https:\/\/bidonsenshakers.nl\/de\/wp-json\/wp\/v2\/types\/product"}],"wp:featuredmedia":[{"embeddable":true,"href":"https:\/\/bidonsenshakers.nl\/de\/wp-json\/wp\/v2\/media\/7461"}],"wp:attachment":[{"href":"https:\/\/bidonsenshakers.nl\/de\/wp-json\/wp\/v2\/media?parent=7460"}],"wp:term":[{"taxonomy":"product_brand","embeddable":true,"href":"https:\/\/bidonsenshakers.nl\/de\/wp-json\/wp\/v2\/product_brand?post=7460"},{"taxonomy":"product_cat","embeddable":true,"href":"https:\/\/bidonsenshakers.nl\/de\/wp-json\/wp\/v2\/product_cat?post=7460"},{"taxonomy":"product_tag","embeddable":true,"href":"https:\/\/bidonsenshakers.nl\/de\/wp-json\/wp\/v2\/product_tag?post=7460"}],"curies":[{"name":"wp","href":"https:\/\/api.w.org\/{rel}","templated":true}]}}