{"id":7583,"date":"2026-01-26T11:28:42","date_gmt":"2026-01-26T11:28:42","guid":{"rendered":"https:\/\/bidonsenshakers.shop.hidalgo.nl\/product\/keramische-mok-claude\/"},"modified":"2026-02-17T11:56:06","modified_gmt":"2026-02-17T11:56:06","slug":"keramische-mok-claude","status":"publish","type":"product","link":"https:\/\/bidonsenshakers.nl\/de\/product\/7583\/keramikbecher-bedrucken-mit-logo-beschreibbar-300-ml\/","title":{"rendered":"Keramische mok Claude"},"content":{"rendered":"<p>Keramieken mok (300 ml), met krijt. Prijs per stuk, afname per 36 stuks.<\/p>\n","protected":false},"excerpt":{"rendered":"<p>Keramieken mok (300 ml), met krijt. Prijs per stuk, afname per 36 stuks.<\/p>\n","protected":false},"featured_media":7584,"template":"","meta":{"_acf_changed":false,"om_disable_all_campaigns":false,"_monsterinsights_skip_tracking":false,"_monsterinsights_sitenote_active":false,"_monsterinsights_sitenote_note":"","_monsterinsights_sitenote_category":0},"product_brand":[133],"product_cat":[363],"product_tag":[],"class_list":{"0":"post-7583","1":"product","2":"type-product","3":"status-publish","4":"has-post-thumbnail","6":"product_supplier-a58","7":"product_material-keramiek","8":"product_brand-impression","9":"product_cat-mokken","10":"entry","12":"first","13":"instock","14":"taxable","15":"shipping-taxable","16":"purchasable","17":"product-type-variable"},"acf":{"imprint_cost":[{"imprint_cost_key":"b95fb626ad85a2a3bc67f227374c0df749c0a0de","product_quantity_price_range":[{"imprint_cost_recommended_selling_price":"6.31","imprint_cost_recommended_selling_quantity":"1"},{"imprint_cost_recommended_selling_price":"5.25","imprint_cost_recommended_selling_quantity":"25"},{"imprint_cost_recommended_selling_price":"4.18","imprint_cost_recommended_selling_quantity":"50"},{"imprint_cost_recommended_selling_price":"3.77","imprint_cost_recommended_selling_quantity":"100"},{"imprint_cost_recommended_selling_price":"3.34","imprint_cost_recommended_selling_quantity":"250"},{"imprint_cost_recommended_selling_price":"2.92","imprint_cost_recommended_selling_quantity":"500"},{"imprint_cost_recommended_selling_price":"2.49","imprint_cost_recommended_selling_quantity":"1000"},{"imprint_cost_recommended_selling_price":"2.29","imprint_cost_recommended_selling_quantity":"2500"}],"product_quantity_price_range_buying":false,"imprint_cost_setup_costs":"134.62","imprint_cost_handling_costs":"0.26"},{"imprint_cost_key":"7e0d5332dc720f29c0de36f6d8c217222af8d1f2","product_quantity_price_range":[{"imprint_cost_recommended_selling_price":"7.88","imprint_cost_recommended_selling_quantity":"1"},{"imprint_cost_recommended_selling_price":"6.62","imprint_cost_recommended_selling_quantity":"25"},{"imprint_cost_recommended_selling_price":"5.23","imprint_cost_recommended_selling_quantity":"50"},{"imprint_cost_recommended_selling_price":"4.71","imprint_cost_recommended_selling_quantity":"100"},{"imprint_cost_recommended_selling_price":"4.2","imprint_cost_recommended_selling_quantity":"250"},{"imprint_cost_recommended_selling_price":"3.41","imprint_cost_recommended_selling_quantity":"500"},{"imprint_cost_recommended_selling_price":"2.97","imprint_cost_recommended_selling_quantity":"1000"},{"imprint_cost_recommended_selling_price":"2.72","imprint_cost_recommended_selling_quantity":"2500"}],"product_quantity_price_range_buying":false,"imprint_cost_setup_costs":"269.24","imprint_cost_handling_costs":"0.26"},{"imprint_cost_key":"6a1fbc44b7e2b726c359eff4312a0f06f214a5b4","product_quantity_price_range":[{"imprint_cost_recommended_selling_price":"9.45","imprint_cost_recommended_selling_quantity":"1"},{"imprint_cost_recommended_selling_price":"7.99","imprint_cost_recommended_selling_quantity":"25"},{"imprint_cost_recommended_selling_price":"6.28","imprint_cost_recommended_selling_quantity":"50"},{"imprint_cost_recommended_selling_price":"5.65","imprint_cost_recommended_selling_quantity":"100"},{"imprint_cost_recommended_selling_price":"5.06","imprint_cost_recommended_selling_quantity":"250"},{"imprint_cost_recommended_selling_price":"3.9","imprint_cost_recommended_selling_quantity":"500"},{"imprint_cost_recommended_selling_price":"3.45","imprint_cost_recommended_selling_quantity":"1000"},{"imprint_cost_recommended_selling_price":"3.15","imprint_cost_recommended_selling_quantity":"2500"}],"product_quantity_price_range_buying":false,"imprint_cost_setup_costs":"403.86","imprint_cost_handling_costs":"0.26"},{"imprint_cost_key":"5537ecae540982c806c28f459186a24a5317bc73","product_quantity_price_range":[{"imprint_cost_recommended_selling_price":"11.02","imprint_cost_recommended_selling_quantity":"1"},{"imprint_cost_recommended_selling_price":"9.36","imprint_cost_recommended_selling_quantity":"25"},{"imprint_cost_recommended_selling_price":"7.33","imprint_cost_recommended_selling_quantity":"50"},{"imprint_cost_recommended_selling_price":"6.59","imprint_cost_recommended_selling_quantity":"100"},{"imprint_cost_recommended_selling_price":"5.92","imprint_cost_recommended_selling_quantity":"250"},{"imprint_cost_recommended_selling_price":"4.39","imprint_cost_recommended_selling_quantity":"500"},{"imprint_cost_recommended_selling_price":"3.93","imprint_cost_recommended_selling_quantity":"1000"},{"imprint_cost_recommended_selling_price":"3.58","imprint_cost_recommended_selling_quantity":"2500"}],"product_quantity_price_range_buying":false,"imprint_cost_setup_costs":"538.48","imprint_cost_handling_costs":"0.26"},{"imprint_cost_key":"2f950083bed6072a1aa74fd1aa627605099ead0c","product_quantity_price_range":[{"imprint_cost_recommended_selling_price":"12.59","imprint_cost_recommended_selling_quantity":"1"},{"imprint_cost_recommended_selling_price":"10.73","imprint_cost_recommended_selling_quantity":"25"},{"imprint_cost_recommended_selling_price":"8.38","imprint_cost_recommended_selling_quantity":"50"},{"imprint_cost_recommended_selling_price":"7.53","imprint_cost_recommended_selling_quantity":"100"},{"imprint_cost_recommended_selling_price":"6.78","imprint_cost_recommended_selling_quantity":"250"},{"imprint_cost_recommended_selling_price":"4.88","imprint_cost_recommended_selling_quantity":"500"},{"imprint_cost_recommended_selling_price":"4.41","imprint_cost_recommended_selling_quantity":"1000"},{"imprint_cost_recommended_selling_price":"4.01","imprint_cost_recommended_selling_quantity":"2500"}],"product_quantity_price_range_buying":false,"imprint_cost_setup_costs":"673.1","imprint_cost_handling_costs":"0.26"},{"imprint_cost_key":"88b24e476cc0116f6f9b87992c414986c2448b36","product_quantity_price_range":[{"imprint_cost_recommended_selling_price":"2.8","imprint_cost_recommended_selling_quantity":"1"},{"imprint_cost_recommended_selling_price":"2.15","imprint_cost_recommended_selling_quantity":"25"},{"imprint_cost_recommended_selling_price":"1.46","imprint_cost_recommended_selling_quantity":"50"},{"imprint_cost_recommended_selling_price":"1.15","imprint_cost_recommended_selling_quantity":"100"},{"imprint_cost_recommended_selling_price":"1.02","imprint_cost_recommended_selling_quantity":"250"},{"imprint_cost_recommended_selling_price":"0.98","imprint_cost_recommended_selling_quantity":"500"}],"product_quantity_price_range_buying":false,"imprint_cost_setup_costs":"30.77","imprint_cost_handling_costs":"0.2"},{"imprint_cost_key":"cfec96c135718ab9bd43d210bb9b679696c52404","product_quantity_price_range":[{"imprint_cost_recommended_selling_price":"3.11","imprint_cost_recommended_selling_quantity":"1"},{"imprint_cost_recommended_selling_price":"2.38","imprint_cost_recommended_selling_quantity":"25"},{"imprint_cost_recommended_selling_price":"1.83","imprint_cost_recommended_selling_quantity":"50"},{"imprint_cost_recommended_selling_price":"1.38","imprint_cost_recommended_selling_quantity":"100"},{"imprint_cost_recommended_selling_price":"1.17","imprint_cost_recommended_selling_quantity":"250"},{"imprint_cost_recommended_selling_price":"1.05","imprint_cost_recommended_selling_quantity":"500"}],"product_quantity_price_range_buying":false,"imprint_cost_setup_costs":"30.77","imprint_cost_handling_costs":"0.2"},{"imprint_cost_key":"1d4a98d9205e358928e61062cd05366fab2c8cce","product_quantity_price_range":[{"imprint_cost_recommended_selling_price":"4.98","imprint_cost_recommended_selling_quantity":"1"},{"imprint_cost_recommended_selling_price":"3.83","imprint_cost_recommended_selling_quantity":"25"},{"imprint_cost_recommended_selling_price":"2.95","imprint_cost_recommended_selling_quantity":"50"},{"imprint_cost_recommended_selling_price":"2.18","imprint_cost_recommended_selling_quantity":"100"},{"imprint_cost_recommended_selling_price":"2.08","imprint_cost_recommended_selling_quantity":"250"},{"imprint_cost_recommended_selling_price":"1.97","imprint_cost_recommended_selling_quantity":"500"},{"imprint_cost_recommended_selling_price":"1.85","imprint_cost_recommended_selling_quantity":"1000"},{"imprint_cost_recommended_selling_price":"1.74","imprint_cost_recommended_selling_quantity":"2500"},{"imprint_cost_recommended_selling_price":"1.65","imprint_cost_recommended_selling_quantity":"25000"}],"product_quantity_price_range_buying":false,"imprint_cost_setup_costs":"30.77","imprint_cost_handling_costs":"0.2"}]},"aioseo_notices":[],"aioseo_head":"\n\t\t<!-- All in One SEO Pro 4.9.6.1 - aioseo.com -->\n\t<meta name=\"description\" content=\"Diese stilvolle kobaltblaue Tasse bietet nicht nur Platz f\u00fcr dein Lieblingsgetr\u00e4nk, sondern kann auch individuell mit deinem Logo bedruckt werden. Perfekt f\u00fcr Promotionen und Events, ideal f\u00fcr junge Erwachsene zwischen 20 und 40 Jahren. Bestell jetzt und setze ein Statement!\" \/>\n\t<meta name=\"robots\" content=\"max-image-preview:large\" \/>\n\t<meta name=\"google-site-verification\" content=\"BBMiYHShnVBoc8v9xoHf0FXMC27otVB0wiWxw_hFRrM\" \/>\n\t<link rel=\"canonical\" href=\"https:\/\/bidonsenshakers.nl\/de\/wp-json\/wp\/v2\/product\/7583\" \/>\n\t<meta name=\"generator\" content=\"All in One SEO Pro (AIOSEO) 4.9.6.1\" \/>\n\t\t<meta property=\"og:locale\" content=\"de_DE\" \/>\n\t\t<meta property=\"og:site_name\" content=\"Trinkflaschen &amp; Shakers - Trinkflaschen &amp; Shakers\" \/>\n\t\t<meta property=\"og:type\" content=\"article\" \/>\n\t\t<meta property=\"og:title\" content=\"Keramikbecher bedrucken mit Logo beschreibbar 300 ml\" \/>\n\t\t<meta property=\"og:description\" content=\"Diese stilvolle kobaltblaue Tasse bietet nicht nur Platz f\u00fcr dein Lieblingsgetr\u00e4nk, sondern kann auch individuell mit deinem Logo bedruckt werden. Perfekt f\u00fcr Promotionen und Events, ideal f\u00fcr junge Erwachsene zwischen 20 und 40 Jahren. Bestell jetzt und setze ein Statement!\" \/>\n\t\t<meta property=\"og:url\" content=\"https:\/\/bidonsenshakers.nl\/de\/wp-json\/wp\/v2\/product\/7583\" \/>\n\t\t<meta property=\"og:image\" content=\"https:\/\/shop.hidalgo.nl\/wp-content\/uploads\/2026\/01\/cropped-Logo.png\" \/>\n\t\t<meta property=\"og:image:secure_url\" content=\"https:\/\/shop.hidalgo.nl\/wp-content\/uploads\/2026\/01\/cropped-Logo.png\" \/>\n\t\t<meta property=\"article:published_time\" content=\"2026-01-26T11:28:42+00:00\" \/>\n\t\t<meta property=\"article:modified_time\" content=\"2026-02-17T11:56:06+00:00\" \/>\n\t\t<meta property=\"article:publisher\" content=\"https:\/\/www.facebook.com\/hidalgobagsandmore\/\" \/>\n\t\t<meta name=\"twitter:card\" content=\"summary_large_image\" \/>\n\t\t<meta name=\"twitter:site\" content=\"@Hidalgo_BV\" \/>\n\t\t<meta name=\"twitter:title\" content=\"Keramikbecher bedrucken mit Logo beschreibbar 300 ml\" \/>\n\t\t<meta name=\"twitter:description\" content=\"Diese stilvolle kobaltblaue Tasse bietet nicht nur Platz f\u00fcr dein Lieblingsgetr\u00e4nk, sondern kann auch individuell mit deinem Logo bedruckt werden. Perfekt f\u00fcr Promotionen und Events, ideal f\u00fcr junge Erwachsene zwischen 20 und 40 Jahren. Bestell jetzt und setze ein Statement!\" \/>\n\t\t<meta name=\"twitter:image\" content=\"https:\/\/shop.hidalgo.nl\/wp-content\/uploads\/2026\/01\/cropped-Logo.png\" \/>\n\t\t<script type=\"application\/ld+json\" class=\"aioseo-schema\">\n\t\t\t{\"@context\":\"https:\\\/\\\/schema.org\",\"@graph\":[{\"@type\":\"BreadcrumbList\",\"@id\":\"https:\\\/\\\/bidonsenshakers.nl\\\/de\\\/product\\\/7583\\\/keramikbecher-bedrucken-mit-logo-beschreibbar-300-ml\\\/#breadcrumblist\",\"itemListElement\":[{\"@type\":\"ListItem\",\"@id\":\"https:\\\/\\\/bidonsenshakers.nl\\\/de\\\/#listItem\",\"position\":1,\"name\":\"Home\",\"item\":\"https:\\\/\\\/bidonsenshakers.nl\\\/de\\\/\",\"nextItem\":{\"@type\":\"ListItem\",\"@id\":\"https:\\\/\\\/bidonsenshakers.nl\\\/shop\\\/#listItem\",\"name\":\"Shop\"}},{\"@type\":\"ListItem\",\"@id\":\"https:\\\/\\\/bidonsenshakers.nl\\\/shop\\\/#listItem\",\"position\":2,\"name\":\"Shop\",\"item\":\"https:\\\/\\\/bidonsenshakers.nl\\\/shop\\\/\",\"nextItem\":{\"@type\":\"ListItem\",\"@id\":\"https:\\\/\\\/bidonsenshakers.nl\\\/de\\\/product-supplier\\\/a58\\\/#listItem\",\"name\":\"A58\"},\"previousItem\":{\"@type\":\"ListItem\",\"@id\":\"https:\\\/\\\/bidonsenshakers.nl\\\/de\\\/#listItem\",\"name\":\"Home\"}},{\"@type\":\"ListItem\",\"@id\":\"https:\\\/\\\/bidonsenshakers.nl\\\/de\\\/product-supplier\\\/a58\\\/#listItem\",\"position\":3,\"name\":\"A58\",\"item\":\"https:\\\/\\\/bidonsenshakers.nl\\\/de\\\/product-supplier\\\/a58\\\/\",\"nextItem\":{\"@type\":\"ListItem\",\"@id\":\"https:\\\/\\\/bidonsenshakers.nl\\\/de\\\/product\\\/7583\\\/keramikbecher-bedrucken-mit-logo-beschreibbar-300-ml\\\/#listItem\",\"name\":\"Keramische mok Claude\"},\"previousItem\":{\"@type\":\"ListItem\",\"@id\":\"https:\\\/\\\/bidonsenshakers.nl\\\/shop\\\/#listItem\",\"name\":\"Shop\"}},{\"@type\":\"ListItem\",\"@id\":\"https:\\\/\\\/bidonsenshakers.nl\\\/de\\\/product\\\/7583\\\/keramikbecher-bedrucken-mit-logo-beschreibbar-300-ml\\\/#listItem\",\"position\":4,\"name\":\"Keramische mok Claude\",\"previousItem\":{\"@type\":\"ListItem\",\"@id\":\"https:\\\/\\\/bidonsenshakers.nl\\\/de\\\/product-supplier\\\/a58\\\/#listItem\",\"name\":\"A58\"}}]},{\"@type\":\"Organization\",\"@id\":\"https:\\\/\\\/bidonsenshakers.nl\\\/de\\\/#organization\",\"name\":\"Trinkflaschen & Shakers\",\"description\":\"Trinkflaschen & Shakers\",\"url\":\"https:\\\/\\\/bidonsenshakers.nl\\\/de\\\/\",\"telephone\":\"+31793310133\",\"logo\":{\"@type\":\"ImageObject\",\"url\":\"https:\\\/\\\/shop.hidalgo.nl\\\/wp-content\\\/uploads\\\/2026\\\/01\\\/cropped-Logo.png\",\"@id\":\"https:\\\/\\\/bidonsenshakers.nl\\\/de\\\/product\\\/7583\\\/keramikbecher-bedrucken-mit-logo-beschreibbar-300-ml\\\/#organizationLogo\",\"width\":600,\"height\":243},\"image\":{\"@id\":\"https:\\\/\\\/bidonsenshakers.nl\\\/de\\\/product\\\/7583\\\/keramikbecher-bedrucken-mit-logo-beschreibbar-300-ml\\\/#organizationLogo\"},\"sameAs\":[\"https:\\\/\\\/www.facebook.com\\\/hidalgobagsandmore\\\/\",\"https:\\\/\\\/x.com\\\/Hidalgo_BV\\\/status\\\/74021585866067968\",\"https:\\\/\\\/www.instagram.com\\\/hidalgobagsandmore\\\/#\",\"https:\\\/\\\/www.youtube.com\\\/@hidalgobagsandmore\",\"https:\\\/\\\/www.linkedin.com\\\/in\\\/rutgerblommers\\\/\"]},{\"@type\":\"WebPage\",\"@id\":\"https:\\\/\\\/bidonsenshakers.nl\\\/de\\\/product\\\/7583\\\/keramikbecher-bedrucken-mit-logo-beschreibbar-300-ml\\\/#webpage\",\"url\":\"https:\\\/\\\/bidonsenshakers.nl\\\/de\\\/product\\\/7583\\\/keramikbecher-bedrucken-mit-logo-beschreibbar-300-ml\\\/\",\"name\":\"Keramikbecher bedrucken mit Logo beschreibbar 300 ml\",\"description\":\"Diese stilvolle kobaltblaue Tasse bietet nicht nur Platz f\\u00fcr dein Lieblingsgetr\\u00e4nk, sondern kann auch individuell mit deinem Logo bedruckt werden. Perfekt f\\u00fcr Promotionen und Events, ideal f\\u00fcr junge Erwachsene zwischen 20 und 40 Jahren. Bestell jetzt und setze ein Statement!\",\"inLanguage\":\"de-DE\",\"isPartOf\":{\"@id\":\"https:\\\/\\\/bidonsenshakers.nl\\\/de\\\/#website\"},\"breadcrumb\":{\"@id\":\"https:\\\/\\\/bidonsenshakers.nl\\\/de\\\/product\\\/7583\\\/keramikbecher-bedrucken-mit-logo-beschreibbar-300-ml\\\/#breadcrumblist\"},\"image\":{\"@type\":\"ImageObject\",\"url\":\"https:\\\/\\\/shop.hidalgo.nl\\\/wp-content\\\/uploads\\\/2025\\\/04\\\/a15475cd7a31553fe882ac49a18725b1d624765fb1715301b981a401ce2c45eb.jpg\",\"@id\":\"https:\\\/\\\/bidonsenshakers.nl\\\/de\\\/product\\\/7583\\\/keramikbecher-bedrucken-mit-logo-beschreibbar-300-ml\\\/#mainImage\"},\"primaryImageOfPage\":{\"@id\":\"https:\\\/\\\/bidonsenshakers.nl\\\/de\\\/product\\\/7583\\\/keramikbecher-bedrucken-mit-logo-beschreibbar-300-ml\\\/#mainImage\"},\"datePublished\":\"2026-01-26T11:28:42+00:00\",\"dateModified\":\"2026-02-17T11:56:06+00:00\"},{\"@type\":\"WebSite\",\"@id\":\"https:\\\/\\\/bidonsenshakers.nl\\\/de\\\/#website\",\"url\":\"https:\\\/\\\/bidonsenshakers.nl\\\/de\\\/\",\"name\":\"Trinkflaschen & Shakers\",\"description\":\"Trinkflaschen & Shakers\",\"inLanguage\":\"de-DE\",\"publisher\":{\"@id\":\"https:\\\/\\\/bidonsenshakers.nl\\\/de\\\/#organization\"}}]}\n\t\t<\/script>\n\t\t<!-- All in One SEO Pro -->\r\n\t\t<title>Keramikbecher bedrucken mit Logo beschreibbar 300 ml<\/title>\n\n","aioseo_head_json":{"title":"Keramikbecher bedrucken mit Logo beschreibbar 300 ml","description":"Diese stilvolle kobaltblaue Tasse bietet nicht nur Platz f\u00fcr dein Lieblingsgetr\u00e4nk, sondern kann auch individuell mit deinem Logo bedruckt werden. Perfekt f\u00fcr Promotionen und Events, ideal f\u00fcr junge Erwachsene zwischen 20 und 40 Jahren. Bestell jetzt und setze ein Statement!","canonical_url":"https:\/\/bidonsenshakers.nl\/de\/wp-json\/wp\/v2\/product\/7583","robots":"max-image-preview:large","keywords":"","webmasterTools":{"google-site-verification":"BBMiYHShnVBoc8v9xoHf0FXMC27otVB0wiWxw_hFRrM","miscellaneous":""},"schema":{"@context":"https:\/\/schema.org","@graph":[{"@type":"BreadcrumbList","@id":"https:\/\/bidonsenshakers.nl\/de\/product\/7583\/keramikbecher-bedrucken-mit-logo-beschreibbar-300-ml\/#breadcrumblist","itemListElement":[{"@type":"ListItem","@id":"https:\/\/bidonsenshakers.nl\/de\/#listItem","position":1,"name":"Home","item":"https:\/\/bidonsenshakers.nl\/de\/","nextItem":{"@type":"ListItem","@id":"https:\/\/bidonsenshakers.nl\/shop\/#listItem","name":"Shop"}},{"@type":"ListItem","@id":"https:\/\/bidonsenshakers.nl\/shop\/#listItem","position":2,"name":"Shop","item":"https:\/\/bidonsenshakers.nl\/shop\/","nextItem":{"@type":"ListItem","@id":"https:\/\/bidonsenshakers.nl\/de\/product-supplier\/a58\/#listItem","name":"A58"},"previousItem":{"@type":"ListItem","@id":"https:\/\/bidonsenshakers.nl\/de\/#listItem","name":"Home"}},{"@type":"ListItem","@id":"https:\/\/bidonsenshakers.nl\/de\/product-supplier\/a58\/#listItem","position":3,"name":"A58","item":"https:\/\/bidonsenshakers.nl\/de\/product-supplier\/a58\/","nextItem":{"@type":"ListItem","@id":"https:\/\/bidonsenshakers.nl\/de\/product\/7583\/keramikbecher-bedrucken-mit-logo-beschreibbar-300-ml\/#listItem","name":"Keramische mok Claude"},"previousItem":{"@type":"ListItem","@id":"https:\/\/bidonsenshakers.nl\/shop\/#listItem","name":"Shop"}},{"@type":"ListItem","@id":"https:\/\/bidonsenshakers.nl\/de\/product\/7583\/keramikbecher-bedrucken-mit-logo-beschreibbar-300-ml\/#listItem","position":4,"name":"Keramische mok Claude","previousItem":{"@type":"ListItem","@id":"https:\/\/bidonsenshakers.nl\/de\/product-supplier\/a58\/#listItem","name":"A58"}}]},{"@type":"Organization","@id":"https:\/\/bidonsenshakers.nl\/de\/#organization","name":"Trinkflaschen & Shakers","description":"Trinkflaschen & Shakers","url":"https:\/\/bidonsenshakers.nl\/de\/","telephone":"+31793310133","logo":{"@type":"ImageObject","url":"https:\/\/shop.hidalgo.nl\/wp-content\/uploads\/2026\/01\/cropped-Logo.png","@id":"https:\/\/bidonsenshakers.nl\/de\/product\/7583\/keramikbecher-bedrucken-mit-logo-beschreibbar-300-ml\/#organizationLogo","width":600,"height":243},"image":{"@id":"https:\/\/bidonsenshakers.nl\/de\/product\/7583\/keramikbecher-bedrucken-mit-logo-beschreibbar-300-ml\/#organizationLogo"},"sameAs":["https:\/\/www.facebook.com\/hidalgobagsandmore\/","https:\/\/x.com\/Hidalgo_BV\/status\/74021585866067968","https:\/\/www.instagram.com\/hidalgobagsandmore\/#","https:\/\/www.youtube.com\/@hidalgobagsandmore","https:\/\/www.linkedin.com\/in\/rutgerblommers\/"]},{"@type":"WebPage","@id":"https:\/\/bidonsenshakers.nl\/de\/product\/7583\/keramikbecher-bedrucken-mit-logo-beschreibbar-300-ml\/#webpage","url":"https:\/\/bidonsenshakers.nl\/de\/product\/7583\/keramikbecher-bedrucken-mit-logo-beschreibbar-300-ml\/","name":"Keramikbecher bedrucken mit Logo beschreibbar 300 ml","description":"Diese stilvolle kobaltblaue Tasse bietet nicht nur Platz f\u00fcr dein Lieblingsgetr\u00e4nk, sondern kann auch individuell mit deinem Logo bedruckt werden. Perfekt f\u00fcr Promotionen und Events, ideal f\u00fcr junge Erwachsene zwischen 20 und 40 Jahren. Bestell jetzt und setze ein Statement!","inLanguage":"de-DE","isPartOf":{"@id":"https:\/\/bidonsenshakers.nl\/de\/#website"},"breadcrumb":{"@id":"https:\/\/bidonsenshakers.nl\/de\/product\/7583\/keramikbecher-bedrucken-mit-logo-beschreibbar-300-ml\/#breadcrumblist"},"image":{"@type":"ImageObject","url":"https:\/\/shop.hidalgo.nl\/wp-content\/uploads\/2025\/04\/a15475cd7a31553fe882ac49a18725b1d624765fb1715301b981a401ce2c45eb.jpg","@id":"https:\/\/bidonsenshakers.nl\/de\/product\/7583\/keramikbecher-bedrucken-mit-logo-beschreibbar-300-ml\/#mainImage"},"primaryImageOfPage":{"@id":"https:\/\/bidonsenshakers.nl\/de\/product\/7583\/keramikbecher-bedrucken-mit-logo-beschreibbar-300-ml\/#mainImage"},"datePublished":"2026-01-26T11:28:42+00:00","dateModified":"2026-02-17T11:56:06+00:00"},{"@type":"WebSite","@id":"https:\/\/bidonsenshakers.nl\/de\/#website","url":"https:\/\/bidonsenshakers.nl\/de\/","name":"Trinkflaschen & Shakers","description":"Trinkflaschen & Shakers","inLanguage":"de-DE","publisher":{"@id":"https:\/\/bidonsenshakers.nl\/de\/#organization"}}]},"og:locale":"de_DE","og:site_name":"Trinkflaschen &amp; Shakers - Trinkflaschen &amp; Shakers","og:type":"article","og:title":"Keramikbecher bedrucken mit Logo beschreibbar 300 ml","og:description":"Diese stilvolle kobaltblaue Tasse bietet nicht nur Platz f\u00fcr dein Lieblingsgetr\u00e4nk, sondern kann auch individuell mit deinem Logo bedruckt werden. Perfekt f\u00fcr Promotionen und Events, ideal f\u00fcr junge Erwachsene zwischen 20 und 40 Jahren. Bestell jetzt und setze ein Statement!","og:url":"https:\/\/bidonsenshakers.nl\/de\/wp-json\/wp\/v2\/product\/7583","og:image":"https:\/\/shop.hidalgo.nl\/wp-content\/uploads\/2026\/01\/cropped-Logo.png","og:image:secure_url":"https:\/\/shop.hidalgo.nl\/wp-content\/uploads\/2026\/01\/cropped-Logo.png","article:published_time":"2026-01-26T11:28:42+00:00","article:modified_time":"2026-02-17T11:56:06+00:00","article:publisher":"https:\/\/www.facebook.com\/hidalgobagsandmore\/","twitter:card":"summary_large_image","twitter:site":"@Hidalgo_BV","twitter:title":"Keramikbecher bedrucken mit Logo beschreibbar 300 ml","twitter:description":"Diese stilvolle kobaltblaue Tasse bietet nicht nur Platz f\u00fcr dein Lieblingsgetr\u00e4nk, sondern kann auch individuell mit deinem Logo bedruckt werden. Perfekt f\u00fcr Promotionen und Events, ideal f\u00fcr junge Erwachsene zwischen 20 und 40 Jahren. Bestell jetzt und setze ein Statement!","twitter:image":"https:\/\/shop.hidalgo.nl\/wp-content\/uploads\/2026\/01\/cropped-Logo.png"},"aioseo_meta_data":{"post_id":"7583","title":null,"description":null,"keywords":null,"keyphrases":null,"canonical_url":null,"og_title":null,"og_description":null,"og_object_type":"default","og_image_type":"default","og_image_custom_url":null,"og_image_custom_fields":null,"og_custom_image_width":null,"og_custom_image_height":null,"og_video":null,"og_custom_url":null,"og_article_section":null,"og_article_tags":null,"twitter_use_og":false,"twitter_card":"default","twitter_image_type":"default","twitter_image_custom_url":null,"twitter_image_custom_fields":null,"twitter_title":null,"twitter_description":null,"schema_type":null,"schema_type_options":null,"pillar_content":false,"robots_default":true,"robots_noindex":false,"robots_noarchive":false,"robots_nosnippet":false,"robots_nofollow":false,"robots_noimageindex":false,"robots_noodp":false,"robots_notranslate":false,"robots_max_snippet":null,"robots_max_videopreview":null,"robots_max_imagepreview":"none","tabs":null,"priority":null,"frequency":null,"local_seo":null,"created":"2026-01-26 12:12:51","updated":"2026-02-18 10:44:36"},"aioseo_breadcrumb":"<div class=\"aioseo-breadcrumbs\"><span class=\"aioseo-breadcrumb\">\n\t<a href=\"https:\/\/bidonsenshakers.nl\/de\/\" title=\"Home\">Home<\/a>\n<\/span><span class=\"aioseo-breadcrumb-separator\">\u00bb<\/span><span class=\"aioseo-breadcrumb\">\n\t<a href=\"https:\/\/bidonsenshakers.nl\/shop\/\" title=\"Shop\">Shop<\/a>\n<\/span><span class=\"aioseo-breadcrumb-separator\">\u00bb<\/span><span class=\"aioseo-breadcrumb\">\n\t<a href=\"https:\/\/bidonsenshakers.nl\/de\/product-supplier\/a58\/\" title=\"A58\">A58<\/a>\n<\/span><span class=\"aioseo-breadcrumb-separator\">\u00bb<\/span><span class=\"aioseo-breadcrumb\">\n\tKeramische mok Claude\n<\/span><\/div>","aioseo_breadcrumb_json":[{"label":"Home","link":"https:\/\/bidonsenshakers.nl\/de\/"},{"label":"Shop","link":"https:\/\/bidonsenshakers.nl\/shop\/"},{"label":"A58","link":"https:\/\/bidonsenshakers.nl\/de\/product-supplier\/a58\/"},{"label":"Keramische mok Claude","link":"https:\/\/bidonsenshakers.nl\/de\/product\/7583\/keramikbecher-bedrucken-mit-logo-beschreibbar-300-ml\/"}],"_links":{"self":[{"href":"https:\/\/bidonsenshakers.nl\/de\/wp-json\/wp\/v2\/product\/7583","targetHints":{"allow":["GET"]}}],"collection":[{"href":"https:\/\/bidonsenshakers.nl\/de\/wp-json\/wp\/v2\/product"}],"about":[{"href":"https:\/\/bidonsenshakers.nl\/de\/wp-json\/wp\/v2\/types\/product"}],"wp:featuredmedia":[{"embeddable":true,"href":"https:\/\/bidonsenshakers.nl\/de\/wp-json\/wp\/v2\/media\/7584"}],"wp:attachment":[{"href":"https:\/\/bidonsenshakers.nl\/de\/wp-json\/wp\/v2\/media?parent=7583"}],"wp:term":[{"taxonomy":"product_brand","embeddable":true,"href":"https:\/\/bidonsenshakers.nl\/de\/wp-json\/wp\/v2\/product_brand?post=7583"},{"taxonomy":"product_cat","embeddable":true,"href":"https:\/\/bidonsenshakers.nl\/de\/wp-json\/wp\/v2\/product_cat?post=7583"},{"taxonomy":"product_tag","embeddable":true,"href":"https:\/\/bidonsenshakers.nl\/de\/wp-json\/wp\/v2\/product_tag?post=7583"}],"curies":[{"name":"wp","href":"https:\/\/api.w.org\/{rel}","templated":true}]}}