{"id":8252,"date":"2026-01-26T12:23:20","date_gmt":"2026-01-26T12:23:20","guid":{"rendered":"https:\/\/bidonsenshakers.shop.hidalgo.nl\/product\/lord-nelson-waterfles-met-rietje-700ml\/"},"modified":"2026-02-20T05:43:02","modified_gmt":"2026-02-20T05:43:02","slug":"lord-nelson-waterfles-met-rietje-700ml","status":"publish","type":"product","link":"https:\/\/bidonsenshakers.nl\/de\/product\/8252\/trinkflasche-bedrucken-700ml-tritan-mit-strohhalm-bpa-frei\/","title":{"rendered":"Lord Nelson waterfles met rietje 700ml"},"content":{"rendered":"<p>Waterfles gemaakt van BPA-vrij TRITAN plastic en voorzien van een rietje. Deze fles is niet geschikt voor koolzuurhoudende dranken en heeft een inhoud van 700ml.<\/p>\n","protected":false},"excerpt":{"rendered":"<p>Waterfles gemaakt van BPA-vrij TRITAN plastic en voorzien van een rietje. Deze fles is niet geschikt voor koolzuurhoudende dranken en heeft een inhoud van 700ml.<\/p>\n","protected":false},"featured_media":8253,"template":"","meta":{"_acf_changed":false,"om_disable_all_campaigns":false,"_monsterinsights_skip_tracking":false,"_monsterinsights_sitenote_active":false,"_monsterinsights_sitenote_note":"","_monsterinsights_sitenote_category":0},"product_brand":[504],"product_cat":[286],"product_tag":[],"class_list":{"0":"post-8252","1":"product","2":"type-product","3":"status-publish","4":"has-post-thumbnail","6":"product_supplier-a53","7":"product_brand-hidalgo","8":"product_cat-drinkflessen","9":"entry","11":"first","12":"instock","13":"taxable","14":"shipping-taxable","15":"purchasable","16":"product-type-variable"},"acf":{"imprint_cost":[{"imprint_cost_key":"1eb79a0693498ec2a0a9bff3c95e78652a04aed5","product_quantity_price_range":[{"imprint_cost_recommended_selling_price":"2.4825","imprint_cost_recommended_selling_quantity":"1"},{"imprint_cost_recommended_selling_price":"2.3175","imprint_cost_recommended_selling_quantity":"10"},{"imprint_cost_recommended_selling_price":"2.1525","imprint_cost_recommended_selling_quantity":"25"},{"imprint_cost_recommended_selling_price":"1.9875","imprint_cost_recommended_selling_quantity":"50"},{"imprint_cost_recommended_selling_price":"1.8225","imprint_cost_recommended_selling_quantity":"100"},{"imprint_cost_recommended_selling_price":"1.6575","imprint_cost_recommended_selling_quantity":"250"},{"imprint_cost_recommended_selling_price":"1.485","imprint_cost_recommended_selling_quantity":"500"},{"imprint_cost_recommended_selling_price":"1.41","imprint_cost_recommended_selling_quantity":"1000"},{"imprint_cost_recommended_selling_price":"1.32","imprint_cost_recommended_selling_quantity":"2500"},{"imprint_cost_recommended_selling_price":"1.245","imprint_cost_recommended_selling_quantity":"5000"},{"imprint_cost_recommended_selling_price":"1.2075","imprint_cost_recommended_selling_quantity":"10000"}],"product_quantity_price_range_buying":[{"imprint_cost_general_buying_price":"1.655","imprint_cost_general_buying_quantity":"1"},{"imprint_cost_general_buying_price":"1.545","imprint_cost_general_buying_quantity":"10"},{"imprint_cost_general_buying_price":"1.435","imprint_cost_general_buying_quantity":"25"},{"imprint_cost_general_buying_price":"1.325","imprint_cost_general_buying_quantity":"50"},{"imprint_cost_general_buying_price":"1.215","imprint_cost_general_buying_quantity":"100"},{"imprint_cost_general_buying_price":"1.105","imprint_cost_general_buying_quantity":"250"},{"imprint_cost_general_buying_price":"0.99","imprint_cost_general_buying_quantity":"500"},{"imprint_cost_general_buying_price":"0.94","imprint_cost_general_buying_quantity":"1000"},{"imprint_cost_general_buying_price":"0.88","imprint_cost_general_buying_quantity":"2500"},{"imprint_cost_general_buying_price":"0.83","imprint_cost_general_buying_quantity":"5000"},{"imprint_cost_general_buying_price":"0.805","imprint_cost_general_buying_quantity":"10000"}],"imprint_cost_setup_costs":"54","imprint_cost_handling_costs":"0.36"}]},"aioseo_notices":[],"aioseo_head":"\n\t\t<!-- All in One SEO Pro 4.9.6.1 - aioseo.com -->\n\t<meta name=\"description\" content=\"Entdecke die Vielseitigkeit dieser leichten Flasche mit integriertem Strohhalm f\u00fcr dein t\u00e4gliches Getr\u00e4nk. Perfekt f\u00fcr jeden Anlass und personalisierbar mit deinem Logo, bietet sie eine praktische L\u00f6sung f\u00fcr unterwegs. Genie\u00dfe frisches Wasser aus dieser stilvollen Wasserflasche.\" \/>\n\t<meta name=\"robots\" content=\"max-image-preview:large\" \/>\n\t<meta name=\"google-site-verification\" content=\"BBMiYHShnVBoc8v9xoHf0FXMC27otVB0wiWxw_hFRrM\" \/>\n\t<link rel=\"canonical\" href=\"https:\/\/bidonsenshakers.nl\/de\/wp-json\/wp\/v2\/product\/8252\" \/>\n\t<meta name=\"generator\" content=\"All in One SEO Pro (AIOSEO) 4.9.6.1\" \/>\n\t\t<meta property=\"og:locale\" content=\"de_DE\" \/>\n\t\t<meta property=\"og:site_name\" content=\"Trinkflaschen &amp; Shakers - Trinkflaschen &amp; Shakers\" \/>\n\t\t<meta property=\"og:type\" content=\"article\" \/>\n\t\t<meta property=\"og:title\" content=\"Trinkflasche Bedrucken 700ml Tritan mit Strohhalm BPA-frei\" \/>\n\t\t<meta property=\"og:description\" content=\"Entdecke die Vielseitigkeit dieser leichten Flasche mit integriertem Strohhalm f\u00fcr dein t\u00e4gliches Getr\u00e4nk. Perfekt f\u00fcr jeden Anlass und personalisierbar mit deinem Logo, bietet sie eine praktische L\u00f6sung f\u00fcr unterwegs. Genie\u00dfe frisches Wasser aus dieser stilvollen Wasserflasche.\" \/>\n\t\t<meta property=\"og:url\" content=\"https:\/\/bidonsenshakers.nl\/de\/wp-json\/wp\/v2\/product\/8252\" \/>\n\t\t<meta property=\"og:image\" content=\"https:\/\/shop.hidalgo.nl\/wp-content\/uploads\/2026\/01\/cropped-Logo.png\" \/>\n\t\t<meta property=\"og:image:secure_url\" content=\"https:\/\/shop.hidalgo.nl\/wp-content\/uploads\/2026\/01\/cropped-Logo.png\" \/>\n\t\t<meta property=\"article:published_time\" content=\"2026-01-26T12:23:20+00:00\" \/>\n\t\t<meta property=\"article:modified_time\" content=\"2026-02-20T05:43:02+00:00\" \/>\n\t\t<meta property=\"article:publisher\" content=\"https:\/\/www.facebook.com\/hidalgobagsandmore\/\" \/>\n\t\t<meta name=\"twitter:card\" content=\"summary_large_image\" \/>\n\t\t<meta name=\"twitter:site\" content=\"@Hidalgo_BV\" \/>\n\t\t<meta name=\"twitter:title\" content=\"Trinkflasche Bedrucken 700ml Tritan mit Strohhalm BPA-frei\" \/>\n\t\t<meta name=\"twitter:description\" content=\"Entdecke die Vielseitigkeit dieser leichten Flasche mit integriertem Strohhalm f\u00fcr dein t\u00e4gliches Getr\u00e4nk. Perfekt f\u00fcr jeden Anlass und personalisierbar mit deinem Logo, bietet sie eine praktische L\u00f6sung f\u00fcr unterwegs. Genie\u00dfe frisches Wasser aus dieser stilvollen Wasserflasche.\" \/>\n\t\t<meta name=\"twitter:image\" content=\"https:\/\/shop.hidalgo.nl\/wp-content\/uploads\/2026\/01\/cropped-Logo.png\" \/>\n\t\t<script type=\"application\/ld+json\" class=\"aioseo-schema\">\n\t\t\t{\"@context\":\"https:\\\/\\\/schema.org\",\"@graph\":[{\"@type\":\"BreadcrumbList\",\"@id\":\"https:\\\/\\\/bidonsenshakers.nl\\\/de\\\/product\\\/8252\\\/trinkflasche-bedrucken-700ml-tritan-mit-strohhalm-bpa-frei\\\/#breadcrumblist\",\"itemListElement\":[{\"@type\":\"ListItem\",\"@id\":\"https:\\\/\\\/bidonsenshakers.nl\\\/de\\\/#listItem\",\"position\":1,\"name\":\"Home\",\"item\":\"https:\\\/\\\/bidonsenshakers.nl\\\/de\\\/\",\"nextItem\":{\"@type\":\"ListItem\",\"@id\":\"https:\\\/\\\/bidonsenshakers.nl\\\/shop\\\/#listItem\",\"name\":\"Shop\"}},{\"@type\":\"ListItem\",\"@id\":\"https:\\\/\\\/bidonsenshakers.nl\\\/shop\\\/#listItem\",\"position\":2,\"name\":\"Shop\",\"item\":\"https:\\\/\\\/bidonsenshakers.nl\\\/shop\\\/\",\"nextItem\":{\"@type\":\"ListItem\",\"@id\":\"https:\\\/\\\/bidonsenshakers.nl\\\/de\\\/product-supplier\\\/a53\\\/#listItem\",\"name\":\"A53\"},\"previousItem\":{\"@type\":\"ListItem\",\"@id\":\"https:\\\/\\\/bidonsenshakers.nl\\\/de\\\/#listItem\",\"name\":\"Home\"}},{\"@type\":\"ListItem\",\"@id\":\"https:\\\/\\\/bidonsenshakers.nl\\\/de\\\/product-supplier\\\/a53\\\/#listItem\",\"position\":3,\"name\":\"A53\",\"item\":\"https:\\\/\\\/bidonsenshakers.nl\\\/de\\\/product-supplier\\\/a53\\\/\",\"nextItem\":{\"@type\":\"ListItem\",\"@id\":\"https:\\\/\\\/bidonsenshakers.nl\\\/de\\\/product\\\/8252\\\/trinkflasche-bedrucken-700ml-tritan-mit-strohhalm-bpa-frei\\\/#listItem\",\"name\":\"Lord Nelson waterfles met rietje 700ml\"},\"previousItem\":{\"@type\":\"ListItem\",\"@id\":\"https:\\\/\\\/bidonsenshakers.nl\\\/shop\\\/#listItem\",\"name\":\"Shop\"}},{\"@type\":\"ListItem\",\"@id\":\"https:\\\/\\\/bidonsenshakers.nl\\\/de\\\/product\\\/8252\\\/trinkflasche-bedrucken-700ml-tritan-mit-strohhalm-bpa-frei\\\/#listItem\",\"position\":4,\"name\":\"Lord Nelson waterfles met rietje 700ml\",\"previousItem\":{\"@type\":\"ListItem\",\"@id\":\"https:\\\/\\\/bidonsenshakers.nl\\\/de\\\/product-supplier\\\/a53\\\/#listItem\",\"name\":\"A53\"}}]},{\"@type\":\"Organization\",\"@id\":\"https:\\\/\\\/bidonsenshakers.nl\\\/de\\\/#organization\",\"name\":\"Trinkflaschen & Shakers\",\"description\":\"Trinkflaschen & Shakers\",\"url\":\"https:\\\/\\\/bidonsenshakers.nl\\\/de\\\/\",\"telephone\":\"+31793310133\",\"logo\":{\"@type\":\"ImageObject\",\"url\":\"https:\\\/\\\/shop.hidalgo.nl\\\/wp-content\\\/uploads\\\/2026\\\/01\\\/cropped-Logo.png\",\"@id\":\"https:\\\/\\\/bidonsenshakers.nl\\\/de\\\/product\\\/8252\\\/trinkflasche-bedrucken-700ml-tritan-mit-strohhalm-bpa-frei\\\/#organizationLogo\",\"width\":600,\"height\":243},\"image\":{\"@id\":\"https:\\\/\\\/bidonsenshakers.nl\\\/de\\\/product\\\/8252\\\/trinkflasche-bedrucken-700ml-tritan-mit-strohhalm-bpa-frei\\\/#organizationLogo\"},\"sameAs\":[\"https:\\\/\\\/www.facebook.com\\\/hidalgobagsandmore\\\/\",\"https:\\\/\\\/x.com\\\/Hidalgo_BV\\\/status\\\/74021585866067968\",\"https:\\\/\\\/www.instagram.com\\\/hidalgobagsandmore\\\/#\",\"https:\\\/\\\/www.youtube.com\\\/@hidalgobagsandmore\",\"https:\\\/\\\/www.linkedin.com\\\/in\\\/rutgerblommers\\\/\"]},{\"@type\":\"WebPage\",\"@id\":\"https:\\\/\\\/bidonsenshakers.nl\\\/de\\\/product\\\/8252\\\/trinkflasche-bedrucken-700ml-tritan-mit-strohhalm-bpa-frei\\\/#webpage\",\"url\":\"https:\\\/\\\/bidonsenshakers.nl\\\/de\\\/product\\\/8252\\\/trinkflasche-bedrucken-700ml-tritan-mit-strohhalm-bpa-frei\\\/\",\"name\":\"Trinkflasche Bedrucken 700ml Tritan mit Strohhalm BPA-frei\",\"description\":\"Entdecke die Vielseitigkeit dieser leichten Flasche mit integriertem Strohhalm f\\u00fcr dein t\\u00e4gliches Getr\\u00e4nk. Perfekt f\\u00fcr jeden Anlass und personalisierbar mit deinem Logo, bietet sie eine praktische L\\u00f6sung f\\u00fcr unterwegs. Genie\\u00dfe frisches Wasser aus dieser stilvollen Wasserflasche.\",\"inLanguage\":\"de-DE\",\"isPartOf\":{\"@id\":\"https:\\\/\\\/bidonsenshakers.nl\\\/de\\\/#website\"},\"breadcrumb\":{\"@id\":\"https:\\\/\\\/bidonsenshakers.nl\\\/de\\\/product\\\/8252\\\/trinkflasche-bedrucken-700ml-tritan-mit-strohhalm-bpa-frei\\\/#breadcrumblist\"},\"image\":{\"@type\":\"ImageObject\",\"url\":\"https:\\\/\\\/shop.hidalgo.nl\\\/wp-content\\\/uploads\\\/2025\\\/04\\\/38e5e77a60ce23d0d5efd3090953dc077f789766db2beeb71676979c51f45262.jpg\",\"@id\":\"https:\\\/\\\/bidonsenshakers.nl\\\/de\\\/product\\\/8252\\\/trinkflasche-bedrucken-700ml-tritan-mit-strohhalm-bpa-frei\\\/#mainImage\"},\"primaryImageOfPage\":{\"@id\":\"https:\\\/\\\/bidonsenshakers.nl\\\/de\\\/product\\\/8252\\\/trinkflasche-bedrucken-700ml-tritan-mit-strohhalm-bpa-frei\\\/#mainImage\"},\"datePublished\":\"2026-01-26T12:23:20+00:00\",\"dateModified\":\"2026-02-20T05:43:02+00:00\"},{\"@type\":\"WebSite\",\"@id\":\"https:\\\/\\\/bidonsenshakers.nl\\\/de\\\/#website\",\"url\":\"https:\\\/\\\/bidonsenshakers.nl\\\/de\\\/\",\"name\":\"Trinkflaschen & Shakers\",\"description\":\"Trinkflaschen & Shakers\",\"inLanguage\":\"de-DE\",\"publisher\":{\"@id\":\"https:\\\/\\\/bidonsenshakers.nl\\\/de\\\/#organization\"}}]}\n\t\t<\/script>\n\t\t<!-- All in One SEO Pro -->\r\n\t\t<title>Trinkflasche Bedrucken 700ml Tritan mit Strohhalm BPA-frei<\/title>\n\n","aioseo_head_json":{"title":"Trinkflasche Bedrucken 700ml Tritan mit Strohhalm BPA-frei","description":"Entdecke die Vielseitigkeit dieser leichten Flasche mit integriertem Strohhalm f\u00fcr dein t\u00e4gliches Getr\u00e4nk. Perfekt f\u00fcr jeden Anlass und personalisierbar mit deinem Logo, bietet sie eine praktische L\u00f6sung f\u00fcr unterwegs. Genie\u00dfe frisches Wasser aus dieser stilvollen Wasserflasche.","canonical_url":"https:\/\/bidonsenshakers.nl\/de\/wp-json\/wp\/v2\/product\/8252","robots":"max-image-preview:large","keywords":"","webmasterTools":{"google-site-verification":"BBMiYHShnVBoc8v9xoHf0FXMC27otVB0wiWxw_hFRrM","miscellaneous":""},"schema":{"@context":"https:\/\/schema.org","@graph":[{"@type":"BreadcrumbList","@id":"https:\/\/bidonsenshakers.nl\/de\/product\/8252\/trinkflasche-bedrucken-700ml-tritan-mit-strohhalm-bpa-frei\/#breadcrumblist","itemListElement":[{"@type":"ListItem","@id":"https:\/\/bidonsenshakers.nl\/de\/#listItem","position":1,"name":"Home","item":"https:\/\/bidonsenshakers.nl\/de\/","nextItem":{"@type":"ListItem","@id":"https:\/\/bidonsenshakers.nl\/shop\/#listItem","name":"Shop"}},{"@type":"ListItem","@id":"https:\/\/bidonsenshakers.nl\/shop\/#listItem","position":2,"name":"Shop","item":"https:\/\/bidonsenshakers.nl\/shop\/","nextItem":{"@type":"ListItem","@id":"https:\/\/bidonsenshakers.nl\/de\/product-supplier\/a53\/#listItem","name":"A53"},"previousItem":{"@type":"ListItem","@id":"https:\/\/bidonsenshakers.nl\/de\/#listItem","name":"Home"}},{"@type":"ListItem","@id":"https:\/\/bidonsenshakers.nl\/de\/product-supplier\/a53\/#listItem","position":3,"name":"A53","item":"https:\/\/bidonsenshakers.nl\/de\/product-supplier\/a53\/","nextItem":{"@type":"ListItem","@id":"https:\/\/bidonsenshakers.nl\/de\/product\/8252\/trinkflasche-bedrucken-700ml-tritan-mit-strohhalm-bpa-frei\/#listItem","name":"Lord Nelson waterfles met rietje 700ml"},"previousItem":{"@type":"ListItem","@id":"https:\/\/bidonsenshakers.nl\/shop\/#listItem","name":"Shop"}},{"@type":"ListItem","@id":"https:\/\/bidonsenshakers.nl\/de\/product\/8252\/trinkflasche-bedrucken-700ml-tritan-mit-strohhalm-bpa-frei\/#listItem","position":4,"name":"Lord Nelson waterfles met rietje 700ml","previousItem":{"@type":"ListItem","@id":"https:\/\/bidonsenshakers.nl\/de\/product-supplier\/a53\/#listItem","name":"A53"}}]},{"@type":"Organization","@id":"https:\/\/bidonsenshakers.nl\/de\/#organization","name":"Trinkflaschen & Shakers","description":"Trinkflaschen & Shakers","url":"https:\/\/bidonsenshakers.nl\/de\/","telephone":"+31793310133","logo":{"@type":"ImageObject","url":"https:\/\/shop.hidalgo.nl\/wp-content\/uploads\/2026\/01\/cropped-Logo.png","@id":"https:\/\/bidonsenshakers.nl\/de\/product\/8252\/trinkflasche-bedrucken-700ml-tritan-mit-strohhalm-bpa-frei\/#organizationLogo","width":600,"height":243},"image":{"@id":"https:\/\/bidonsenshakers.nl\/de\/product\/8252\/trinkflasche-bedrucken-700ml-tritan-mit-strohhalm-bpa-frei\/#organizationLogo"},"sameAs":["https:\/\/www.facebook.com\/hidalgobagsandmore\/","https:\/\/x.com\/Hidalgo_BV\/status\/74021585866067968","https:\/\/www.instagram.com\/hidalgobagsandmore\/#","https:\/\/www.youtube.com\/@hidalgobagsandmore","https:\/\/www.linkedin.com\/in\/rutgerblommers\/"]},{"@type":"WebPage","@id":"https:\/\/bidonsenshakers.nl\/de\/product\/8252\/trinkflasche-bedrucken-700ml-tritan-mit-strohhalm-bpa-frei\/#webpage","url":"https:\/\/bidonsenshakers.nl\/de\/product\/8252\/trinkflasche-bedrucken-700ml-tritan-mit-strohhalm-bpa-frei\/","name":"Trinkflasche Bedrucken 700ml Tritan mit Strohhalm BPA-frei","description":"Entdecke die Vielseitigkeit dieser leichten Flasche mit integriertem Strohhalm f\u00fcr dein t\u00e4gliches Getr\u00e4nk. Perfekt f\u00fcr jeden Anlass und personalisierbar mit deinem Logo, bietet sie eine praktische L\u00f6sung f\u00fcr unterwegs. Genie\u00dfe frisches Wasser aus dieser stilvollen Wasserflasche.","inLanguage":"de-DE","isPartOf":{"@id":"https:\/\/bidonsenshakers.nl\/de\/#website"},"breadcrumb":{"@id":"https:\/\/bidonsenshakers.nl\/de\/product\/8252\/trinkflasche-bedrucken-700ml-tritan-mit-strohhalm-bpa-frei\/#breadcrumblist"},"image":{"@type":"ImageObject","url":"https:\/\/shop.hidalgo.nl\/wp-content\/uploads\/2025\/04\/38e5e77a60ce23d0d5efd3090953dc077f789766db2beeb71676979c51f45262.jpg","@id":"https:\/\/bidonsenshakers.nl\/de\/product\/8252\/trinkflasche-bedrucken-700ml-tritan-mit-strohhalm-bpa-frei\/#mainImage"},"primaryImageOfPage":{"@id":"https:\/\/bidonsenshakers.nl\/de\/product\/8252\/trinkflasche-bedrucken-700ml-tritan-mit-strohhalm-bpa-frei\/#mainImage"},"datePublished":"2026-01-26T12:23:20+00:00","dateModified":"2026-02-20T05:43:02+00:00"},{"@type":"WebSite","@id":"https:\/\/bidonsenshakers.nl\/de\/#website","url":"https:\/\/bidonsenshakers.nl\/de\/","name":"Trinkflaschen & Shakers","description":"Trinkflaschen & Shakers","inLanguage":"de-DE","publisher":{"@id":"https:\/\/bidonsenshakers.nl\/de\/#organization"}}]},"og:locale":"de_DE","og:site_name":"Trinkflaschen &amp; Shakers - Trinkflaschen &amp; Shakers","og:type":"article","og:title":"Trinkflasche Bedrucken 700ml Tritan mit Strohhalm BPA-frei","og:description":"Entdecke die Vielseitigkeit dieser leichten Flasche mit integriertem Strohhalm f\u00fcr dein t\u00e4gliches Getr\u00e4nk. Perfekt f\u00fcr jeden Anlass und personalisierbar mit deinem Logo, bietet sie eine praktische L\u00f6sung f\u00fcr unterwegs. Genie\u00dfe frisches Wasser aus dieser stilvollen Wasserflasche.","og:url":"https:\/\/bidonsenshakers.nl\/de\/wp-json\/wp\/v2\/product\/8252","og:image":"https:\/\/shop.hidalgo.nl\/wp-content\/uploads\/2026\/01\/cropped-Logo.png","og:image:secure_url":"https:\/\/shop.hidalgo.nl\/wp-content\/uploads\/2026\/01\/cropped-Logo.png","article:published_time":"2026-01-26T12:23:20+00:00","article:modified_time":"2026-02-20T05:43:02+00:00","article:publisher":"https:\/\/www.facebook.com\/hidalgobagsandmore\/","twitter:card":"summary_large_image","twitter:site":"@Hidalgo_BV","twitter:title":"Trinkflasche Bedrucken 700ml Tritan mit Strohhalm BPA-frei","twitter:description":"Entdecke die Vielseitigkeit dieser leichten Flasche mit integriertem Strohhalm f\u00fcr dein t\u00e4gliches Getr\u00e4nk. Perfekt f\u00fcr jeden Anlass und personalisierbar mit deinem Logo, bietet sie eine praktische L\u00f6sung f\u00fcr unterwegs. Genie\u00dfe frisches Wasser aus dieser stilvollen Wasserflasche.","twitter:image":"https:\/\/shop.hidalgo.nl\/wp-content\/uploads\/2026\/01\/cropped-Logo.png"},"aioseo_meta_data":{"post_id":"8252","title":null,"description":null,"keywords":null,"keyphrases":null,"canonical_url":null,"og_title":null,"og_description":null,"og_object_type":"default","og_image_type":"default","og_image_custom_url":null,"og_image_custom_fields":null,"og_custom_image_width":null,"og_custom_image_height":null,"og_video":null,"og_custom_url":null,"og_article_section":null,"og_article_tags":null,"twitter_use_og":false,"twitter_card":"default","twitter_image_type":"default","twitter_image_custom_url":null,"twitter_image_custom_fields":null,"twitter_title":null,"twitter_description":null,"schema_type":null,"schema_type_options":null,"pillar_content":false,"robots_default":true,"robots_noindex":false,"robots_noarchive":false,"robots_nosnippet":false,"robots_nofollow":false,"robots_noimageindex":false,"robots_noodp":false,"robots_notranslate":false,"robots_max_snippet":null,"robots_max_videopreview":null,"robots_max_imagepreview":"none","tabs":null,"priority":null,"frequency":null,"local_seo":null,"created":"2026-01-26 12:24:24","updated":"2026-02-20 06:42:42"},"aioseo_breadcrumb":"<div class=\"aioseo-breadcrumbs\"><span class=\"aioseo-breadcrumb\">\n\t<a href=\"https:\/\/bidonsenshakers.nl\/de\/\" title=\"Home\">Home<\/a>\n<\/span><span class=\"aioseo-breadcrumb-separator\">\u00bb<\/span><span class=\"aioseo-breadcrumb\">\n\t<a href=\"https:\/\/bidonsenshakers.nl\/shop\/\" title=\"Shop\">Shop<\/a>\n<\/span><span class=\"aioseo-breadcrumb-separator\">\u00bb<\/span><span class=\"aioseo-breadcrumb\">\n\t<a href=\"https:\/\/bidonsenshakers.nl\/de\/product-supplier\/a53\/\" title=\"A53\">A53<\/a>\n<\/span><span class=\"aioseo-breadcrumb-separator\">\u00bb<\/span><span class=\"aioseo-breadcrumb\">\n\tLord Nelson waterfles met rietje 700ml\n<\/span><\/div>","aioseo_breadcrumb_json":[{"label":"Home","link":"https:\/\/bidonsenshakers.nl\/de\/"},{"label":"Shop","link":"https:\/\/bidonsenshakers.nl\/shop\/"},{"label":"A53","link":"https:\/\/bidonsenshakers.nl\/de\/product-supplier\/a53\/"},{"label":"Lord Nelson waterfles met rietje 700ml","link":"https:\/\/bidonsenshakers.nl\/de\/product\/8252\/trinkflasche-bedrucken-700ml-tritan-mit-strohhalm-bpa-frei\/"}],"_links":{"self":[{"href":"https:\/\/bidonsenshakers.nl\/de\/wp-json\/wp\/v2\/product\/8252","targetHints":{"allow":["GET"]}}],"collection":[{"href":"https:\/\/bidonsenshakers.nl\/de\/wp-json\/wp\/v2\/product"}],"about":[{"href":"https:\/\/bidonsenshakers.nl\/de\/wp-json\/wp\/v2\/types\/product"}],"wp:featuredmedia":[{"embeddable":true,"href":"https:\/\/bidonsenshakers.nl\/de\/wp-json\/wp\/v2\/media\/8253"}],"wp:attachment":[{"href":"https:\/\/bidonsenshakers.nl\/de\/wp-json\/wp\/v2\/media?parent=8252"}],"wp:term":[{"taxonomy":"product_brand","embeddable":true,"href":"https:\/\/bidonsenshakers.nl\/de\/wp-json\/wp\/v2\/product_brand?post=8252"},{"taxonomy":"product_cat","embeddable":true,"href":"https:\/\/bidonsenshakers.nl\/de\/wp-json\/wp\/v2\/product_cat?post=8252"},{"taxonomy":"product_tag","embeddable":true,"href":"https:\/\/bidonsenshakers.nl\/de\/wp-json\/wp\/v2\/product_tag?post=8252"}],"curies":[{"name":"wp","href":"https:\/\/api.w.org\/{rel}","templated":true}]}}