{"id":8369,"date":"2026-01-26T12:30:52","date_gmt":"2026-01-26T12:30:52","guid":{"rendered":"https:\/\/bidonsenshakers.shop.hidalgo.nl\/product\/sagaform-nils-stalen-fles-rubber-500ml\/"},"modified":"2026-02-20T05:52:13","modified_gmt":"2026-02-20T05:52:13","slug":"sagaform-nils-stalen-fles-rubber-500ml","status":"publish","type":"product","link":"https:\/\/bidonsenshakers.nl\/de\/product\/8369\/edelstahl-trinkflasche-bedrucken-nils-isoliert-500ml\/","title":{"rendered":"Sagaform Nils stalen fles Rubber 500ml"},"content":{"rendered":"<p>Sagaform&#8217;s meest stijlvolle fles in matte uitvoering. De geavanceerde vacu\u00fcmconstructie heeft twee stalen wanden en een koperen coating om superieure isolatie te bieden zonder dat er condensatie plaatsvindt. De fles kan dranken tot 24 uur ijskoud of tot 12 uur warm houden.<\/p>\n","protected":false},"excerpt":{"rendered":"<p>Sagaform&#8217;s meest stijlvolle fles in matte uitvoering. De geavanceerde vacu\u00fcmconstructie heeft twee stalen wanden en een koperen coating om superieure isolatie te bieden zonder dat er condensatie plaatsvindt. De fles kan dranken tot 24 uur ijskoud of tot 12 uur warm houden.<\/p>\n","protected":false},"featured_media":8370,"template":"","meta":{"_acf_changed":false,"om_disable_all_campaigns":false,"_monsterinsights_skip_tracking":false,"_monsterinsights_sitenote_active":false,"_monsterinsights_sitenote_note":"","_monsterinsights_sitenote_category":0},"product_brand":[504],"product_cat":[286],"product_tag":[],"class_list":{"0":"post-8369","1":"product","2":"type-product","3":"status-publish","4":"has-post-thumbnail","6":"product_supplier-a53","7":"product_brand-hidalgo","8":"product_cat-drinkflessen","9":"entry","11":"first","12":"instock","13":"taxable","14":"shipping-taxable","15":"purchasable","16":"product-type-variable"},"acf":{"imprint_cost":[{"imprint_cost_key":"28aebfb7fb151c3ee9d52928f2d340298ae13fd3","product_quantity_price_range":[{"imprint_cost_recommended_selling_price":"1.7625","imprint_cost_recommended_selling_quantity":"1"},{"imprint_cost_recommended_selling_price":"1.5","imprint_cost_recommended_selling_quantity":"10"},{"imprint_cost_recommended_selling_price":"1.3425","imprint_cost_recommended_selling_quantity":"25"},{"imprint_cost_recommended_selling_price":"1.1625","imprint_cost_recommended_selling_quantity":"50"},{"imprint_cost_recommended_selling_price":"1.0875","imprint_cost_recommended_selling_quantity":"100"},{"imprint_cost_recommended_selling_price":"1.0425","imprint_cost_recommended_selling_quantity":"250"},{"imprint_cost_recommended_selling_price":"1.005","imprint_cost_recommended_selling_quantity":"500"},{"imprint_cost_recommended_selling_price":"0.96","imprint_cost_recommended_selling_quantity":"1000"},{"imprint_cost_recommended_selling_price":"0.915","imprint_cost_recommended_selling_quantity":"2500"},{"imprint_cost_recommended_selling_price":"0.87","imprint_cost_recommended_selling_quantity":"5000"},{"imprint_cost_recommended_selling_price":"0.8175","imprint_cost_recommended_selling_quantity":"10000"}],"product_quantity_price_range_buying":[{"imprint_cost_general_buying_price":"1.175","imprint_cost_general_buying_quantity":"1"},{"imprint_cost_general_buying_price":"1","imprint_cost_general_buying_quantity":"10"},{"imprint_cost_general_buying_price":"0.895","imprint_cost_general_buying_quantity":"25"},{"imprint_cost_general_buying_price":"0.775","imprint_cost_general_buying_quantity":"50"},{"imprint_cost_general_buying_price":"0.725","imprint_cost_general_buying_quantity":"100"},{"imprint_cost_general_buying_price":"0.695","imprint_cost_general_buying_quantity":"250"},{"imprint_cost_general_buying_price":"0.67","imprint_cost_general_buying_quantity":"500"},{"imprint_cost_general_buying_price":"0.64","imprint_cost_general_buying_quantity":"1000"},{"imprint_cost_general_buying_price":"0.61","imprint_cost_general_buying_quantity":"2500"},{"imprint_cost_general_buying_price":"0.58","imprint_cost_general_buying_quantity":"5000"},{"imprint_cost_general_buying_price":"0.545","imprint_cost_general_buying_quantity":"10000"}],"imprint_cost_setup_costs":"54","imprint_cost_handling_costs":"0.36"}]},"aioseo_notices":[],"aioseo_head":"\n\t\t<!-- All in One SEO Pro 4.9.6.1 - aioseo.com -->\n\t<meta name=\"description\" content=\"Erlebe effiziente Fl\u00fcssigkeitslagerung mit der vakuumisolierten InSideOut-Stahlflasche von Sagaform. Sie h\u00e4lt deine Getr\u00e4nke im 500ml-Beh\u00e4lter lang k\u00fchl oder warm und bietet ein individuelles Design durch Logo-Druck. Perfekt f\u00fcr unterwegs, im B\u00fcro oder im Freien.\" \/>\n\t<meta name=\"robots\" content=\"max-image-preview:large\" \/>\n\t<meta name=\"google-site-verification\" content=\"BBMiYHShnVBoc8v9xoHf0FXMC27otVB0wiWxw_hFRrM\" \/>\n\t<link rel=\"canonical\" href=\"https:\/\/bidonsenshakers.nl\/de\/wp-json\/wp\/v2\/product\/8369\" \/>\n\t<meta name=\"generator\" content=\"All in One SEO Pro (AIOSEO) 4.9.6.1\" \/>\n\t\t<meta property=\"og:locale\" content=\"de_DE\" \/>\n\t\t<meta property=\"og:site_name\" content=\"Trinkflaschen &amp; Shakers - Trinkflaschen &amp; Shakers\" \/>\n\t\t<meta property=\"og:type\" content=\"article\" \/>\n\t\t<meta property=\"og:title\" content=\"Edelstahl Trinkflasche bedrucken Nils isoliert 500ml\" \/>\n\t\t<meta property=\"og:description\" content=\"Erlebe effiziente Fl\u00fcssigkeitslagerung mit der vakuumisolierten InSideOut-Stahlflasche von Sagaform. Sie h\u00e4lt deine Getr\u00e4nke im 500ml-Beh\u00e4lter lang k\u00fchl oder warm und bietet ein individuelles Design durch Logo-Druck. Perfekt f\u00fcr unterwegs, im B\u00fcro oder im Freien.\" \/>\n\t\t<meta property=\"og:url\" content=\"https:\/\/bidonsenshakers.nl\/de\/wp-json\/wp\/v2\/product\/8369\" \/>\n\t\t<meta property=\"og:image\" content=\"https:\/\/shop.hidalgo.nl\/wp-content\/uploads\/2026\/01\/cropped-Logo.png\" \/>\n\t\t<meta property=\"og:image:secure_url\" content=\"https:\/\/shop.hidalgo.nl\/wp-content\/uploads\/2026\/01\/cropped-Logo.png\" \/>\n\t\t<meta property=\"article:published_time\" content=\"2026-01-26T12:30:52+00:00\" \/>\n\t\t<meta property=\"article:modified_time\" content=\"2026-02-20T05:52:13+00:00\" \/>\n\t\t<meta property=\"article:publisher\" content=\"https:\/\/www.facebook.com\/hidalgobagsandmore\/\" \/>\n\t\t<meta name=\"twitter:card\" content=\"summary_large_image\" \/>\n\t\t<meta name=\"twitter:site\" content=\"@Hidalgo_BV\" \/>\n\t\t<meta name=\"twitter:title\" content=\"Edelstahl Trinkflasche bedrucken Nils isoliert 500ml\" \/>\n\t\t<meta name=\"twitter:description\" content=\"Erlebe effiziente Fl\u00fcssigkeitslagerung mit der vakuumisolierten InSideOut-Stahlflasche von Sagaform. Sie h\u00e4lt deine Getr\u00e4nke im 500ml-Beh\u00e4lter lang k\u00fchl oder warm und bietet ein individuelles Design durch Logo-Druck. Perfekt f\u00fcr unterwegs, im B\u00fcro oder im Freien.\" \/>\n\t\t<meta name=\"twitter:image\" content=\"https:\/\/shop.hidalgo.nl\/wp-content\/uploads\/2026\/01\/cropped-Logo.png\" \/>\n\t\t<script type=\"application\/ld+json\" class=\"aioseo-schema\">\n\t\t\t{\"@context\":\"https:\\\/\\\/schema.org\",\"@graph\":[{\"@type\":\"BreadcrumbList\",\"@id\":\"https:\\\/\\\/bidonsenshakers.nl\\\/de\\\/product\\\/8369\\\/edelstahl-trinkflasche-bedrucken-nils-isoliert-500ml\\\/#breadcrumblist\",\"itemListElement\":[{\"@type\":\"ListItem\",\"@id\":\"https:\\\/\\\/bidonsenshakers.nl\\\/de\\\/#listItem\",\"position\":1,\"name\":\"Home\",\"item\":\"https:\\\/\\\/bidonsenshakers.nl\\\/de\\\/\",\"nextItem\":{\"@type\":\"ListItem\",\"@id\":\"https:\\\/\\\/bidonsenshakers.nl\\\/shop\\\/#listItem\",\"name\":\"Shop\"}},{\"@type\":\"ListItem\",\"@id\":\"https:\\\/\\\/bidonsenshakers.nl\\\/shop\\\/#listItem\",\"position\":2,\"name\":\"Shop\",\"item\":\"https:\\\/\\\/bidonsenshakers.nl\\\/shop\\\/\",\"nextItem\":{\"@type\":\"ListItem\",\"@id\":\"https:\\\/\\\/bidonsenshakers.nl\\\/de\\\/product-supplier\\\/a53\\\/#listItem\",\"name\":\"A53\"},\"previousItem\":{\"@type\":\"ListItem\",\"@id\":\"https:\\\/\\\/bidonsenshakers.nl\\\/de\\\/#listItem\",\"name\":\"Home\"}},{\"@type\":\"ListItem\",\"@id\":\"https:\\\/\\\/bidonsenshakers.nl\\\/de\\\/product-supplier\\\/a53\\\/#listItem\",\"position\":3,\"name\":\"A53\",\"item\":\"https:\\\/\\\/bidonsenshakers.nl\\\/de\\\/product-supplier\\\/a53\\\/\",\"nextItem\":{\"@type\":\"ListItem\",\"@id\":\"https:\\\/\\\/bidonsenshakers.nl\\\/de\\\/product\\\/8369\\\/edelstahl-trinkflasche-bedrucken-nils-isoliert-500ml\\\/#listItem\",\"name\":\"Sagaform Nils stalen fles Rubber 500ml\"},\"previousItem\":{\"@type\":\"ListItem\",\"@id\":\"https:\\\/\\\/bidonsenshakers.nl\\\/shop\\\/#listItem\",\"name\":\"Shop\"}},{\"@type\":\"ListItem\",\"@id\":\"https:\\\/\\\/bidonsenshakers.nl\\\/de\\\/product\\\/8369\\\/edelstahl-trinkflasche-bedrucken-nils-isoliert-500ml\\\/#listItem\",\"position\":4,\"name\":\"Sagaform Nils stalen fles Rubber 500ml\",\"previousItem\":{\"@type\":\"ListItem\",\"@id\":\"https:\\\/\\\/bidonsenshakers.nl\\\/de\\\/product-supplier\\\/a53\\\/#listItem\",\"name\":\"A53\"}}]},{\"@type\":\"Organization\",\"@id\":\"https:\\\/\\\/bidonsenshakers.nl\\\/de\\\/#organization\",\"name\":\"Trinkflaschen & Shakers\",\"description\":\"Trinkflaschen & Shakers\",\"url\":\"https:\\\/\\\/bidonsenshakers.nl\\\/de\\\/\",\"telephone\":\"+31793310133\",\"logo\":{\"@type\":\"ImageObject\",\"url\":\"https:\\\/\\\/shop.hidalgo.nl\\\/wp-content\\\/uploads\\\/2026\\\/01\\\/cropped-Logo.png\",\"@id\":\"https:\\\/\\\/bidonsenshakers.nl\\\/de\\\/product\\\/8369\\\/edelstahl-trinkflasche-bedrucken-nils-isoliert-500ml\\\/#organizationLogo\",\"width\":600,\"height\":243},\"image\":{\"@id\":\"https:\\\/\\\/bidonsenshakers.nl\\\/de\\\/product\\\/8369\\\/edelstahl-trinkflasche-bedrucken-nils-isoliert-500ml\\\/#organizationLogo\"},\"sameAs\":[\"https:\\\/\\\/www.facebook.com\\\/hidalgobagsandmore\\\/\",\"https:\\\/\\\/x.com\\\/Hidalgo_BV\\\/status\\\/74021585866067968\",\"https:\\\/\\\/www.instagram.com\\\/hidalgobagsandmore\\\/#\",\"https:\\\/\\\/www.youtube.com\\\/@hidalgobagsandmore\",\"https:\\\/\\\/www.linkedin.com\\\/in\\\/rutgerblommers\\\/\"]},{\"@type\":\"WebPage\",\"@id\":\"https:\\\/\\\/bidonsenshakers.nl\\\/de\\\/product\\\/8369\\\/edelstahl-trinkflasche-bedrucken-nils-isoliert-500ml\\\/#webpage\",\"url\":\"https:\\\/\\\/bidonsenshakers.nl\\\/de\\\/product\\\/8369\\\/edelstahl-trinkflasche-bedrucken-nils-isoliert-500ml\\\/\",\"name\":\"Edelstahl Trinkflasche bedrucken Nils isoliert 500ml\",\"description\":\"Erlebe effiziente Fl\\u00fcssigkeitslagerung mit der vakuumisolierten InSideOut-Stahlflasche von Sagaform. Sie h\\u00e4lt deine Getr\\u00e4nke im 500ml-Beh\\u00e4lter lang k\\u00fchl oder warm und bietet ein individuelles Design durch Logo-Druck. Perfekt f\\u00fcr unterwegs, im B\\u00fcro oder im Freien.\",\"inLanguage\":\"de-DE\",\"isPartOf\":{\"@id\":\"https:\\\/\\\/bidonsenshakers.nl\\\/de\\\/#website\"},\"breadcrumb\":{\"@id\":\"https:\\\/\\\/bidonsenshakers.nl\\\/de\\\/product\\\/8369\\\/edelstahl-trinkflasche-bedrucken-nils-isoliert-500ml\\\/#breadcrumblist\"},\"image\":{\"@type\":\"ImageObject\",\"url\":\"https:\\\/\\\/shop.hidalgo.nl\\\/wp-content\\\/uploads\\\/2025\\\/04\\\/6069ef466a4033f8df8c2c3946f5ba3e534969879df39682d3a2769877b6efca.jpg\",\"@id\":\"https:\\\/\\\/bidonsenshakers.nl\\\/de\\\/product\\\/8369\\\/edelstahl-trinkflasche-bedrucken-nils-isoliert-500ml\\\/#mainImage\"},\"primaryImageOfPage\":{\"@id\":\"https:\\\/\\\/bidonsenshakers.nl\\\/de\\\/product\\\/8369\\\/edelstahl-trinkflasche-bedrucken-nils-isoliert-500ml\\\/#mainImage\"},\"datePublished\":\"2026-01-26T12:30:52+00:00\",\"dateModified\":\"2026-02-20T05:52:13+00:00\"},{\"@type\":\"WebSite\",\"@id\":\"https:\\\/\\\/bidonsenshakers.nl\\\/de\\\/#website\",\"url\":\"https:\\\/\\\/bidonsenshakers.nl\\\/de\\\/\",\"name\":\"Trinkflaschen & Shakers\",\"description\":\"Trinkflaschen & Shakers\",\"inLanguage\":\"de-DE\",\"publisher\":{\"@id\":\"https:\\\/\\\/bidonsenshakers.nl\\\/de\\\/#organization\"}}]}\n\t\t<\/script>\n\t\t<!-- All in One SEO Pro -->\r\n\t\t<title>Edelstahl Trinkflasche bedrucken Nils isoliert 500ml<\/title>\n\n","aioseo_head_json":{"title":"Edelstahl Trinkflasche bedrucken Nils isoliert 500ml","description":"Erlebe effiziente Fl\u00fcssigkeitslagerung mit der vakuumisolierten InSideOut-Stahlflasche von Sagaform. Sie h\u00e4lt deine Getr\u00e4nke im 500ml-Beh\u00e4lter lang k\u00fchl oder warm und bietet ein individuelles Design durch Logo-Druck. Perfekt f\u00fcr unterwegs, im B\u00fcro oder im Freien.","canonical_url":"https:\/\/bidonsenshakers.nl\/de\/wp-json\/wp\/v2\/product\/8369","robots":"max-image-preview:large","keywords":"","webmasterTools":{"google-site-verification":"BBMiYHShnVBoc8v9xoHf0FXMC27otVB0wiWxw_hFRrM","miscellaneous":""},"schema":{"@context":"https:\/\/schema.org","@graph":[{"@type":"BreadcrumbList","@id":"https:\/\/bidonsenshakers.nl\/de\/product\/8369\/edelstahl-trinkflasche-bedrucken-nils-isoliert-500ml\/#breadcrumblist","itemListElement":[{"@type":"ListItem","@id":"https:\/\/bidonsenshakers.nl\/de\/#listItem","position":1,"name":"Home","item":"https:\/\/bidonsenshakers.nl\/de\/","nextItem":{"@type":"ListItem","@id":"https:\/\/bidonsenshakers.nl\/shop\/#listItem","name":"Shop"}},{"@type":"ListItem","@id":"https:\/\/bidonsenshakers.nl\/shop\/#listItem","position":2,"name":"Shop","item":"https:\/\/bidonsenshakers.nl\/shop\/","nextItem":{"@type":"ListItem","@id":"https:\/\/bidonsenshakers.nl\/de\/product-supplier\/a53\/#listItem","name":"A53"},"previousItem":{"@type":"ListItem","@id":"https:\/\/bidonsenshakers.nl\/de\/#listItem","name":"Home"}},{"@type":"ListItem","@id":"https:\/\/bidonsenshakers.nl\/de\/product-supplier\/a53\/#listItem","position":3,"name":"A53","item":"https:\/\/bidonsenshakers.nl\/de\/product-supplier\/a53\/","nextItem":{"@type":"ListItem","@id":"https:\/\/bidonsenshakers.nl\/de\/product\/8369\/edelstahl-trinkflasche-bedrucken-nils-isoliert-500ml\/#listItem","name":"Sagaform Nils stalen fles Rubber 500ml"},"previousItem":{"@type":"ListItem","@id":"https:\/\/bidonsenshakers.nl\/shop\/#listItem","name":"Shop"}},{"@type":"ListItem","@id":"https:\/\/bidonsenshakers.nl\/de\/product\/8369\/edelstahl-trinkflasche-bedrucken-nils-isoliert-500ml\/#listItem","position":4,"name":"Sagaform Nils stalen fles Rubber 500ml","previousItem":{"@type":"ListItem","@id":"https:\/\/bidonsenshakers.nl\/de\/product-supplier\/a53\/#listItem","name":"A53"}}]},{"@type":"Organization","@id":"https:\/\/bidonsenshakers.nl\/de\/#organization","name":"Trinkflaschen & Shakers","description":"Trinkflaschen & Shakers","url":"https:\/\/bidonsenshakers.nl\/de\/","telephone":"+31793310133","logo":{"@type":"ImageObject","url":"https:\/\/shop.hidalgo.nl\/wp-content\/uploads\/2026\/01\/cropped-Logo.png","@id":"https:\/\/bidonsenshakers.nl\/de\/product\/8369\/edelstahl-trinkflasche-bedrucken-nils-isoliert-500ml\/#organizationLogo","width":600,"height":243},"image":{"@id":"https:\/\/bidonsenshakers.nl\/de\/product\/8369\/edelstahl-trinkflasche-bedrucken-nils-isoliert-500ml\/#organizationLogo"},"sameAs":["https:\/\/www.facebook.com\/hidalgobagsandmore\/","https:\/\/x.com\/Hidalgo_BV\/status\/74021585866067968","https:\/\/www.instagram.com\/hidalgobagsandmore\/#","https:\/\/www.youtube.com\/@hidalgobagsandmore","https:\/\/www.linkedin.com\/in\/rutgerblommers\/"]},{"@type":"WebPage","@id":"https:\/\/bidonsenshakers.nl\/de\/product\/8369\/edelstahl-trinkflasche-bedrucken-nils-isoliert-500ml\/#webpage","url":"https:\/\/bidonsenshakers.nl\/de\/product\/8369\/edelstahl-trinkflasche-bedrucken-nils-isoliert-500ml\/","name":"Edelstahl Trinkflasche bedrucken Nils isoliert 500ml","description":"Erlebe effiziente Fl\u00fcssigkeitslagerung mit der vakuumisolierten InSideOut-Stahlflasche von Sagaform. Sie h\u00e4lt deine Getr\u00e4nke im 500ml-Beh\u00e4lter lang k\u00fchl oder warm und bietet ein individuelles Design durch Logo-Druck. Perfekt f\u00fcr unterwegs, im B\u00fcro oder im Freien.","inLanguage":"de-DE","isPartOf":{"@id":"https:\/\/bidonsenshakers.nl\/de\/#website"},"breadcrumb":{"@id":"https:\/\/bidonsenshakers.nl\/de\/product\/8369\/edelstahl-trinkflasche-bedrucken-nils-isoliert-500ml\/#breadcrumblist"},"image":{"@type":"ImageObject","url":"https:\/\/shop.hidalgo.nl\/wp-content\/uploads\/2025\/04\/6069ef466a4033f8df8c2c3946f5ba3e534969879df39682d3a2769877b6efca.jpg","@id":"https:\/\/bidonsenshakers.nl\/de\/product\/8369\/edelstahl-trinkflasche-bedrucken-nils-isoliert-500ml\/#mainImage"},"primaryImageOfPage":{"@id":"https:\/\/bidonsenshakers.nl\/de\/product\/8369\/edelstahl-trinkflasche-bedrucken-nils-isoliert-500ml\/#mainImage"},"datePublished":"2026-01-26T12:30:52+00:00","dateModified":"2026-02-20T05:52:13+00:00"},{"@type":"WebSite","@id":"https:\/\/bidonsenshakers.nl\/de\/#website","url":"https:\/\/bidonsenshakers.nl\/de\/","name":"Trinkflaschen & Shakers","description":"Trinkflaschen & Shakers","inLanguage":"de-DE","publisher":{"@id":"https:\/\/bidonsenshakers.nl\/de\/#organization"}}]},"og:locale":"de_DE","og:site_name":"Trinkflaschen &amp; Shakers - Trinkflaschen &amp; Shakers","og:type":"article","og:title":"Edelstahl Trinkflasche bedrucken Nils isoliert 500ml","og:description":"Erlebe effiziente Fl\u00fcssigkeitslagerung mit der vakuumisolierten InSideOut-Stahlflasche von Sagaform. Sie h\u00e4lt deine Getr\u00e4nke im 500ml-Beh\u00e4lter lang k\u00fchl oder warm und bietet ein individuelles Design durch Logo-Druck. Perfekt f\u00fcr unterwegs, im B\u00fcro oder im Freien.","og:url":"https:\/\/bidonsenshakers.nl\/de\/wp-json\/wp\/v2\/product\/8369","og:image":"https:\/\/shop.hidalgo.nl\/wp-content\/uploads\/2026\/01\/cropped-Logo.png","og:image:secure_url":"https:\/\/shop.hidalgo.nl\/wp-content\/uploads\/2026\/01\/cropped-Logo.png","article:published_time":"2026-01-26T12:30:52+00:00","article:modified_time":"2026-02-20T05:52:13+00:00","article:publisher":"https:\/\/www.facebook.com\/hidalgobagsandmore\/","twitter:card":"summary_large_image","twitter:site":"@Hidalgo_BV","twitter:title":"Edelstahl Trinkflasche bedrucken Nils isoliert 500ml","twitter:description":"Erlebe effiziente Fl\u00fcssigkeitslagerung mit der vakuumisolierten InSideOut-Stahlflasche von Sagaform. Sie h\u00e4lt deine Getr\u00e4nke im 500ml-Beh\u00e4lter lang k\u00fchl oder warm und bietet ein individuelles Design durch Logo-Druck. Perfekt f\u00fcr unterwegs, im B\u00fcro oder im Freien.","twitter:image":"https:\/\/shop.hidalgo.nl\/wp-content\/uploads\/2026\/01\/cropped-Logo.png"},"aioseo_meta_data":{"post_id":"8369","title":null,"description":null,"keywords":null,"keyphrases":null,"canonical_url":null,"og_title":null,"og_description":null,"og_object_type":"default","og_image_type":"default","og_image_custom_url":null,"og_image_custom_fields":null,"og_custom_image_width":null,"og_custom_image_height":null,"og_video":null,"og_custom_url":null,"og_article_section":null,"og_article_tags":null,"twitter_use_og":false,"twitter_card":"default","twitter_image_type":"default","twitter_image_custom_url":null,"twitter_image_custom_fields":null,"twitter_title":null,"twitter_description":null,"schema_type":null,"schema_type_options":null,"pillar_content":false,"robots_default":true,"robots_noindex":false,"robots_noarchive":false,"robots_nosnippet":false,"robots_nofollow":false,"robots_noimageindex":false,"robots_noodp":false,"robots_notranslate":false,"robots_max_snippet":null,"robots_max_videopreview":null,"robots_max_imagepreview":"none","tabs":null,"priority":null,"frequency":null,"local_seo":null,"created":"2026-01-26 12:32:04","updated":"2026-02-20 06:44:34"},"aioseo_breadcrumb":"<div class=\"aioseo-breadcrumbs\"><span class=\"aioseo-breadcrumb\">\n\t<a href=\"https:\/\/bidonsenshakers.nl\/de\/\" title=\"Home\">Home<\/a>\n<\/span><span class=\"aioseo-breadcrumb-separator\">\u00bb<\/span><span class=\"aioseo-breadcrumb\">\n\t<a href=\"https:\/\/bidonsenshakers.nl\/shop\/\" title=\"Shop\">Shop<\/a>\n<\/span><span class=\"aioseo-breadcrumb-separator\">\u00bb<\/span><span class=\"aioseo-breadcrumb\">\n\t<a href=\"https:\/\/bidonsenshakers.nl\/de\/product-supplier\/a53\/\" title=\"A53\">A53<\/a>\n<\/span><span class=\"aioseo-breadcrumb-separator\">\u00bb<\/span><span class=\"aioseo-breadcrumb\">\n\tSagaform Nils stalen fles Rubber 500ml\n<\/span><\/div>","aioseo_breadcrumb_json":[{"label":"Home","link":"https:\/\/bidonsenshakers.nl\/de\/"},{"label":"Shop","link":"https:\/\/bidonsenshakers.nl\/shop\/"},{"label":"A53","link":"https:\/\/bidonsenshakers.nl\/de\/product-supplier\/a53\/"},{"label":"Sagaform Nils stalen fles Rubber 500ml","link":"https:\/\/bidonsenshakers.nl\/de\/product\/8369\/edelstahl-trinkflasche-bedrucken-nils-isoliert-500ml\/"}],"_links":{"self":[{"href":"https:\/\/bidonsenshakers.nl\/de\/wp-json\/wp\/v2\/product\/8369","targetHints":{"allow":["GET"]}}],"collection":[{"href":"https:\/\/bidonsenshakers.nl\/de\/wp-json\/wp\/v2\/product"}],"about":[{"href":"https:\/\/bidonsenshakers.nl\/de\/wp-json\/wp\/v2\/types\/product"}],"wp:featuredmedia":[{"embeddable":true,"href":"https:\/\/bidonsenshakers.nl\/de\/wp-json\/wp\/v2\/media\/8370"}],"wp:attachment":[{"href":"https:\/\/bidonsenshakers.nl\/de\/wp-json\/wp\/v2\/media?parent=8369"}],"wp:term":[{"taxonomy":"product_brand","embeddable":true,"href":"https:\/\/bidonsenshakers.nl\/de\/wp-json\/wp\/v2\/product_brand?post=8369"},{"taxonomy":"product_cat","embeddable":true,"href":"https:\/\/bidonsenshakers.nl\/de\/wp-json\/wp\/v2\/product_cat?post=8369"},{"taxonomy":"product_tag","embeddable":true,"href":"https:\/\/bidonsenshakers.nl\/de\/wp-json\/wp\/v2\/product_tag?post=8369"}],"curies":[{"name":"wp","href":"https:\/\/api.w.org\/{rel}","templated":true}]}}