{"id":8457,"date":"2026-01-26T12:34:44","date_gmt":"2026-01-26T12:34:44","guid":{"rendered":"https:\/\/bidonsenshakers.shop.hidalgo.nl\/product\/gerecycled-roestvrijstalen-dubbelwandige-drinkbeker-180-ml-lilia\/"},"modified":"2026-02-17T11:56:01","modified_gmt":"2026-02-17T11:56:01","slug":"gerecycled-roestvrijstalen-dubbelwandige-drinkbeker-180-ml-lilia","status":"publish","type":"product","link":"https:\/\/bidonsenshakers.nl\/de\/product\/8457\/edelstahl-thermobecher-mit-logo-bedrucken-recycelt-180-ml\/","title":{"rendered":"Gerecycled roestvrijstalen dubbelwandige drinkbeker (180 ml) Lilia"},"content":{"rendered":"<p>Gerecyclede roestvrijstalen beker (180?ml) met dubbelwandige constructie. De binnenkant is van roestvrij staal 304 en de buitenkant van roestvrij staal 201, met aan de binnenzijde een keramische coating voor verbeterde hygi\u00ebne en minder smaak- of geuroverdracht. Voorzien van een handvat en een gelaserd logo van gerecycled roestvrij staal aan de voorkant. Individueel verpakt in een bruine kartonnen doos.<\/p>\n","protected":false},"excerpt":{"rendered":"<p>Gerecyclede roestvrijstalen beker (180?ml) met dubbelwandige constructie. De binnenkant is van roestvrij staal 304 en de buitenkant van roestvrij staal 201, met aan de binnenzijde een keramische coating voor verbeterde hygi\u00ebne en minder smaak- of geuroverdracht. Voorzien van een handvat en een gelaserd logo van gerecycled roestvrij staal aan de voorkant. Individueel verpakt in een&hellip; <a class=\"more-link\" href=\"https:\/\/bidonsenshakers.nl\/de\/product\/8457\/edelstahl-thermobecher-mit-logo-bedrucken-recycelt-180-ml\/\"><span class=\"screen-reader-text\">Gerecycled roestvrijstalen dubbelwandige drinkbeker (180 ml) Lilia<\/span> weiterlesen<\/a><\/p>\n","protected":false},"featured_media":8458,"template":"","meta":{"_acf_changed":false,"om_disable_all_campaigns":false,"_monsterinsights_skip_tracking":false,"_monsterinsights_sitenote_active":false,"_monsterinsights_sitenote_note":"","_monsterinsights_sitenote_category":0},"product_brand":[133],"product_cat":[360,202],"product_tag":[],"class_list":{"0":"post-8457","1":"product","2":"type-product","3":"status-publish","4":"has-post-thumbnail","6":"product_supplier-a58","7":"product_material-keramiek","8":"product_material-rvs-201","9":"product_material-rvs-304","10":"product_brand-impression","11":"product_cat-bio","12":"product_cat-thermosflessen","13":"entry","15":"first","16":"instock","17":"taxable","18":"shipping-taxable","19":"purchasable","20":"product-type-variable"},"acf":{"imprint_cost":[{"imprint_cost_key":"ecd435b8811ed728ce8bc627a913ce43e5c1cd44","product_quantity_price_range":[{"imprint_cost_recommended_selling_price":"5.91","imprint_cost_recommended_selling_quantity":"1"},{"imprint_cost_recommended_selling_price":"2.97","imprint_cost_recommended_selling_quantity":"25"},{"imprint_cost_recommended_selling_price":"1.49","imprint_cost_recommended_selling_quantity":"50"},{"imprint_cost_recommended_selling_price":"0.69","imprint_cost_recommended_selling_quantity":"100"},{"imprint_cost_recommended_selling_price":"0.55","imprint_cost_recommended_selling_quantity":"250"},{"imprint_cost_recommended_selling_price":"0.43","imprint_cost_recommended_selling_quantity":"500"},{"imprint_cost_recommended_selling_price":"0.4","imprint_cost_recommended_selling_quantity":"1000"},{"imprint_cost_recommended_selling_price":"0.35","imprint_cost_recommended_selling_quantity":"2500"},{"imprint_cost_recommended_selling_price":"0.34","imprint_cost_recommended_selling_quantity":"5000"},{"imprint_cost_recommended_selling_price":"0.32","imprint_cost_recommended_selling_quantity":"10000"}],"product_quantity_price_range_buying":false,"imprint_cost_setup_costs":"52.31","imprint_cost_handling_costs":"0.2"},{"imprint_cost_key":"30fe9134ebaa7512e59d16086c395df3c40bd478","product_quantity_price_range":[{"imprint_cost_recommended_selling_price":"11.6","imprint_cost_recommended_selling_quantity":"1"},{"imprint_cost_recommended_selling_price":"5.83","imprint_cost_recommended_selling_quantity":"25"},{"imprint_cost_recommended_selling_price":"2.92","imprint_cost_recommended_selling_quantity":"50"},{"imprint_cost_recommended_selling_price":"1.35","imprint_cost_recommended_selling_quantity":"100"},{"imprint_cost_recommended_selling_price":"1.07","imprint_cost_recommended_selling_quantity":"250"},{"imprint_cost_recommended_selling_price":"0.85","imprint_cost_recommended_selling_quantity":"500"},{"imprint_cost_recommended_selling_price":"0.78","imprint_cost_recommended_selling_quantity":"1000"},{"imprint_cost_recommended_selling_price":"0.69","imprint_cost_recommended_selling_quantity":"2500"},{"imprint_cost_recommended_selling_price":"0.66","imprint_cost_recommended_selling_quantity":"5000"},{"imprint_cost_recommended_selling_price":"0.63","imprint_cost_recommended_selling_quantity":"10000"}],"product_quantity_price_range_buying":false,"imprint_cost_setup_costs":"104.62","imprint_cost_handling_costs":"0.2"},{"imprint_cost_key":"a48f73d0580d6433c724ed9c3233b72f6558af7b","product_quantity_price_range":[{"imprint_cost_recommended_selling_price":"17.29","imprint_cost_recommended_selling_quantity":"1"},{"imprint_cost_recommended_selling_price":"8.69","imprint_cost_recommended_selling_quantity":"25"},{"imprint_cost_recommended_selling_price":"4.35","imprint_cost_recommended_selling_quantity":"50"},{"imprint_cost_recommended_selling_price":"2.01","imprint_cost_recommended_selling_quantity":"100"},{"imprint_cost_recommended_selling_price":"1.59","imprint_cost_recommended_selling_quantity":"250"},{"imprint_cost_recommended_selling_price":"1.27","imprint_cost_recommended_selling_quantity":"500"},{"imprint_cost_recommended_selling_price":"1.16","imprint_cost_recommended_selling_quantity":"1000"},{"imprint_cost_recommended_selling_price":"1.03","imprint_cost_recommended_selling_quantity":"2500"},{"imprint_cost_recommended_selling_price":"0.98","imprint_cost_recommended_selling_quantity":"5000"},{"imprint_cost_recommended_selling_price":"0.94","imprint_cost_recommended_selling_quantity":"10000"}],"product_quantity_price_range_buying":false,"imprint_cost_setup_costs":"156.93","imprint_cost_handling_costs":"0.2"},{"imprint_cost_key":"de18172f500d4340e6eecb314487c904b66891e8","product_quantity_price_range":[{"imprint_cost_recommended_selling_price":"22.98","imprint_cost_recommended_selling_quantity":"1"},{"imprint_cost_recommended_selling_price":"11.55","imprint_cost_recommended_selling_quantity":"25"},{"imprint_cost_recommended_selling_price":"5.78","imprint_cost_recommended_selling_quantity":"50"},{"imprint_cost_recommended_selling_price":"2.67","imprint_cost_recommended_selling_quantity":"100"},{"imprint_cost_recommended_selling_price":"2.11","imprint_cost_recommended_selling_quantity":"250"},{"imprint_cost_recommended_selling_price":"1.69","imprint_cost_recommended_selling_quantity":"500"},{"imprint_cost_recommended_selling_price":"1.54","imprint_cost_recommended_selling_quantity":"1000"},{"imprint_cost_recommended_selling_price":"1.37","imprint_cost_recommended_selling_quantity":"2500"},{"imprint_cost_recommended_selling_price":"1.3","imprint_cost_recommended_selling_quantity":"5000"},{"imprint_cost_recommended_selling_price":"1.25","imprint_cost_recommended_selling_quantity":"10000"}],"product_quantity_price_range_buying":false,"imprint_cost_setup_costs":"209.24","imprint_cost_handling_costs":"0.2"},{"imprint_cost_key":"3f3e2d6e336549a82b8884d92bd70eb0b92040dc","product_quantity_price_range":[{"imprint_cost_recommended_selling_price":"28.67","imprint_cost_recommended_selling_quantity":"1"},{"imprint_cost_recommended_selling_price":"14.41","imprint_cost_recommended_selling_quantity":"25"},{"imprint_cost_recommended_selling_price":"7.21","imprint_cost_recommended_selling_quantity":"50"},{"imprint_cost_recommended_selling_price":"3.33","imprint_cost_recommended_selling_quantity":"100"},{"imprint_cost_recommended_selling_price":"2.63","imprint_cost_recommended_selling_quantity":"250"},{"imprint_cost_recommended_selling_price":"2.11","imprint_cost_recommended_selling_quantity":"500"},{"imprint_cost_recommended_selling_price":"1.92","imprint_cost_recommended_selling_quantity":"1000"},{"imprint_cost_recommended_selling_price":"1.71","imprint_cost_recommended_selling_quantity":"2500"},{"imprint_cost_recommended_selling_price":"1.62","imprint_cost_recommended_selling_quantity":"5000"},{"imprint_cost_recommended_selling_price":"1.56","imprint_cost_recommended_selling_quantity":"10000"}],"product_quantity_price_range_buying":false,"imprint_cost_setup_costs":"261.55","imprint_cost_handling_costs":"0.2"}]},"aioseo_notices":[],"aioseo_head":"\n\t\t<!-- All in One SEO Pro 4.9.6.2 - aioseo.com -->\n\t<meta name=\"description\" content=\"Dieser kompakte Trinkbecher aus recyceltem Edelstahl h\u00e4lt deine Getr\u00e4nke dank der doppelten Wand l\u00e4nger warm oder kalt. Perfekt f\u00fcr alle, die unterwegs sind oder ihr Hei\u00dfgetr\u00e4nk im B\u00fcro genie\u00dfen m\u00f6chten. Personalisiere ihn mit deinem eigenen Logo f\u00fcr einen individuellen Touch.\" \/>\n\t<meta name=\"robots\" content=\"max-image-preview:large\" \/>\n\t<meta name=\"google-site-verification\" content=\"BBMiYHShnVBoc8v9xoHf0FXMC27otVB0wiWxw_hFRrM\" \/>\n\t<link rel=\"canonical\" href=\"https:\/\/bidonsenshakers.nl\/de\/wp-json\/wp\/v2\/product\/8457\" \/>\n\t<meta name=\"generator\" content=\"All in One SEO Pro (AIOSEO) 4.9.6.2\" \/>\n\t\t<meta property=\"og:locale\" content=\"de_DE\" \/>\n\t\t<meta property=\"og:site_name\" content=\"Trinkflaschen &amp; Shakers - Trinkflaschen &amp; Shakers\" \/>\n\t\t<meta property=\"og:type\" content=\"article\" \/>\n\t\t<meta property=\"og:title\" content=\"Edelstahl Thermobecher mit Logo bedrucken recycelt 180 ml\" \/>\n\t\t<meta property=\"og:description\" content=\"Dieser kompakte Trinkbecher aus recyceltem Edelstahl h\u00e4lt deine Getr\u00e4nke dank der doppelten Wand l\u00e4nger warm oder kalt. Perfekt f\u00fcr alle, die unterwegs sind oder ihr Hei\u00dfgetr\u00e4nk im B\u00fcro genie\u00dfen m\u00f6chten. Personalisiere ihn mit deinem eigenen Logo f\u00fcr einen individuellen Touch.\" \/>\n\t\t<meta property=\"og:url\" content=\"https:\/\/bidonsenshakers.nl\/de\/wp-json\/wp\/v2\/product\/8457\" \/>\n\t\t<meta property=\"og:image\" content=\"https:\/\/shop.hidalgo.nl\/wp-content\/uploads\/2026\/01\/cropped-Logo.png\" \/>\n\t\t<meta property=\"og:image:secure_url\" content=\"https:\/\/shop.hidalgo.nl\/wp-content\/uploads\/2026\/01\/cropped-Logo.png\" \/>\n\t\t<meta property=\"article:published_time\" content=\"2026-01-26T12:34:44+00:00\" \/>\n\t\t<meta property=\"article:modified_time\" content=\"2026-02-17T11:56:01+00:00\" \/>\n\t\t<meta property=\"article:publisher\" content=\"https:\/\/www.facebook.com\/hidalgobagsandmore\/\" \/>\n\t\t<meta name=\"twitter:card\" content=\"summary_large_image\" \/>\n\t\t<meta name=\"twitter:site\" content=\"@Hidalgo_BV\" \/>\n\t\t<meta name=\"twitter:title\" content=\"Edelstahl Thermobecher mit Logo bedrucken recycelt 180 ml\" \/>\n\t\t<meta name=\"twitter:description\" content=\"Dieser kompakte Trinkbecher aus recyceltem Edelstahl h\u00e4lt deine Getr\u00e4nke dank der doppelten Wand l\u00e4nger warm oder kalt. Perfekt f\u00fcr alle, die unterwegs sind oder ihr Hei\u00dfgetr\u00e4nk im B\u00fcro genie\u00dfen m\u00f6chten. Personalisiere ihn mit deinem eigenen Logo f\u00fcr einen individuellen Touch.\" \/>\n\t\t<meta name=\"twitter:image\" content=\"https:\/\/shop.hidalgo.nl\/wp-content\/uploads\/2026\/01\/cropped-Logo.png\" \/>\n\t\t<script type=\"application\/ld+json\" class=\"aioseo-schema\">\n\t\t\t{\"@context\":\"https:\\\/\\\/schema.org\",\"@graph\":[{\"@type\":\"BreadcrumbList\",\"@id\":\"https:\\\/\\\/bidonsenshakers.nl\\\/de\\\/product\\\/8457\\\/edelstahl-thermobecher-mit-logo-bedrucken-recycelt-180-ml\\\/#breadcrumblist\",\"itemListElement\":[{\"@type\":\"ListItem\",\"@id\":\"https:\\\/\\\/bidonsenshakers.nl\\\/de\\\/#listItem\",\"position\":1,\"name\":\"Home\",\"item\":\"https:\\\/\\\/bidonsenshakers.nl\\\/de\\\/\",\"nextItem\":{\"@type\":\"ListItem\",\"@id\":\"https:\\\/\\\/bidonsenshakers.nl\\\/shop\\\/#listItem\",\"name\":\"Shop\"}},{\"@type\":\"ListItem\",\"@id\":\"https:\\\/\\\/bidonsenshakers.nl\\\/shop\\\/#listItem\",\"position\":2,\"name\":\"Shop\",\"item\":\"https:\\\/\\\/bidonsenshakers.nl\\\/shop\\\/\",\"nextItem\":{\"@type\":\"ListItem\",\"@id\":\"https:\\\/\\\/bidonsenshakers.nl\\\/de\\\/product-supplier\\\/a58\\\/#listItem\",\"name\":\"A58\"},\"previousItem\":{\"@type\":\"ListItem\",\"@id\":\"https:\\\/\\\/bidonsenshakers.nl\\\/de\\\/#listItem\",\"name\":\"Home\"}},{\"@type\":\"ListItem\",\"@id\":\"https:\\\/\\\/bidonsenshakers.nl\\\/de\\\/product-supplier\\\/a58\\\/#listItem\",\"position\":3,\"name\":\"A58\",\"item\":\"https:\\\/\\\/bidonsenshakers.nl\\\/de\\\/product-supplier\\\/a58\\\/\",\"nextItem\":{\"@type\":\"ListItem\",\"@id\":\"https:\\\/\\\/bidonsenshakers.nl\\\/de\\\/product\\\/8457\\\/edelstahl-thermobecher-mit-logo-bedrucken-recycelt-180-ml\\\/#listItem\",\"name\":\"Gerecycled roestvrijstalen dubbelwandige drinkbeker (180 ml) Lilia\"},\"previousItem\":{\"@type\":\"ListItem\",\"@id\":\"https:\\\/\\\/bidonsenshakers.nl\\\/shop\\\/#listItem\",\"name\":\"Shop\"}},{\"@type\":\"ListItem\",\"@id\":\"https:\\\/\\\/bidonsenshakers.nl\\\/de\\\/product\\\/8457\\\/edelstahl-thermobecher-mit-logo-bedrucken-recycelt-180-ml\\\/#listItem\",\"position\":4,\"name\":\"Gerecycled roestvrijstalen dubbelwandige drinkbeker (180 ml) Lilia\",\"previousItem\":{\"@type\":\"ListItem\",\"@id\":\"https:\\\/\\\/bidonsenshakers.nl\\\/de\\\/product-supplier\\\/a58\\\/#listItem\",\"name\":\"A58\"}}]},{\"@type\":\"Organization\",\"@id\":\"https:\\\/\\\/bidonsenshakers.nl\\\/de\\\/#organization\",\"name\":\"Trinkflaschen & Shakers\",\"description\":\"Trinkflaschen & Shakers\",\"url\":\"https:\\\/\\\/bidonsenshakers.nl\\\/de\\\/\",\"telephone\":\"+31793310133\",\"logo\":{\"@type\":\"ImageObject\",\"url\":\"https:\\\/\\\/shop.hidalgo.nl\\\/wp-content\\\/uploads\\\/2026\\\/01\\\/cropped-Logo.png\",\"@id\":\"https:\\\/\\\/bidonsenshakers.nl\\\/de\\\/product\\\/8457\\\/edelstahl-thermobecher-mit-logo-bedrucken-recycelt-180-ml\\\/#organizationLogo\",\"width\":600,\"height\":243},\"image\":{\"@id\":\"https:\\\/\\\/bidonsenshakers.nl\\\/de\\\/product\\\/8457\\\/edelstahl-thermobecher-mit-logo-bedrucken-recycelt-180-ml\\\/#organizationLogo\"},\"sameAs\":[\"https:\\\/\\\/www.facebook.com\\\/hidalgobagsandmore\\\/\",\"https:\\\/\\\/x.com\\\/Hidalgo_BV\\\/status\\\/74021585866067968\",\"https:\\\/\\\/www.instagram.com\\\/hidalgobagsandmore\\\/#\",\"https:\\\/\\\/www.youtube.com\\\/@hidalgobagsandmore\",\"https:\\\/\\\/www.linkedin.com\\\/in\\\/rutgerblommers\\\/\"]},{\"@type\":\"WebPage\",\"@id\":\"https:\\\/\\\/bidonsenshakers.nl\\\/de\\\/product\\\/8457\\\/edelstahl-thermobecher-mit-logo-bedrucken-recycelt-180-ml\\\/#webpage\",\"url\":\"https:\\\/\\\/bidonsenshakers.nl\\\/de\\\/product\\\/8457\\\/edelstahl-thermobecher-mit-logo-bedrucken-recycelt-180-ml\\\/\",\"name\":\"Edelstahl Thermobecher mit Logo bedrucken recycelt 180 ml\",\"description\":\"Dieser kompakte Trinkbecher aus recyceltem Edelstahl h\\u00e4lt deine Getr\\u00e4nke dank der doppelten Wand l\\u00e4nger warm oder kalt. Perfekt f\\u00fcr alle, die unterwegs sind oder ihr Hei\\u00dfgetr\\u00e4nk im B\\u00fcro genie\\u00dfen m\\u00f6chten. Personalisiere ihn mit deinem eigenen Logo f\\u00fcr einen individuellen Touch.\",\"inLanguage\":\"de-DE\",\"isPartOf\":{\"@id\":\"https:\\\/\\\/bidonsenshakers.nl\\\/de\\\/#website\"},\"breadcrumb\":{\"@id\":\"https:\\\/\\\/bidonsenshakers.nl\\\/de\\\/product\\\/8457\\\/edelstahl-thermobecher-mit-logo-bedrucken-recycelt-180-ml\\\/#breadcrumblist\"},\"image\":{\"@type\":\"ImageObject\",\"url\":\"https:\\\/\\\/shop.hidalgo.nl\\\/wp-content\\\/uploads\\\/2026\\\/01\\\/8630f34344b68a0111d484df3c86ab3940bf1dfefbe1c5668a1d559f5ba336ae.jpg\",\"@id\":\"https:\\\/\\\/bidonsenshakers.nl\\\/de\\\/product\\\/8457\\\/edelstahl-thermobecher-mit-logo-bedrucken-recycelt-180-ml\\\/#mainImage\"},\"primaryImageOfPage\":{\"@id\":\"https:\\\/\\\/bidonsenshakers.nl\\\/de\\\/product\\\/8457\\\/edelstahl-thermobecher-mit-logo-bedrucken-recycelt-180-ml\\\/#mainImage\"},\"datePublished\":\"2026-01-26T12:34:44+00:00\",\"dateModified\":\"2026-02-17T11:56:01+00:00\"},{\"@type\":\"WebSite\",\"@id\":\"https:\\\/\\\/bidonsenshakers.nl\\\/de\\\/#website\",\"url\":\"https:\\\/\\\/bidonsenshakers.nl\\\/de\\\/\",\"name\":\"Trinkflaschen & Shakers\",\"description\":\"Trinkflaschen & Shakers\",\"inLanguage\":\"de-DE\",\"publisher\":{\"@id\":\"https:\\\/\\\/bidonsenshakers.nl\\\/de\\\/#organization\"}}]}\n\t\t<\/script>\n\t\t<!-- All in One SEO Pro -->\r\n\t\t<title>Edelstahl Thermobecher mit Logo bedrucken recycelt 180 ml<\/title>\n\n","aioseo_head_json":{"title":"Edelstahl Thermobecher mit Logo bedrucken recycelt 180 ml","description":"Dieser kompakte Trinkbecher aus recyceltem Edelstahl h\u00e4lt deine Getr\u00e4nke dank der doppelten Wand l\u00e4nger warm oder kalt. Perfekt f\u00fcr alle, die unterwegs sind oder ihr Hei\u00dfgetr\u00e4nk im B\u00fcro genie\u00dfen m\u00f6chten. Personalisiere ihn mit deinem eigenen Logo f\u00fcr einen individuellen Touch.","canonical_url":"https:\/\/bidonsenshakers.nl\/de\/wp-json\/wp\/v2\/product\/8457","robots":"max-image-preview:large","keywords":"","webmasterTools":{"google-site-verification":"BBMiYHShnVBoc8v9xoHf0FXMC27otVB0wiWxw_hFRrM","miscellaneous":""},"schema":{"@context":"https:\/\/schema.org","@graph":[{"@type":"BreadcrumbList","@id":"https:\/\/bidonsenshakers.nl\/de\/product\/8457\/edelstahl-thermobecher-mit-logo-bedrucken-recycelt-180-ml\/#breadcrumblist","itemListElement":[{"@type":"ListItem","@id":"https:\/\/bidonsenshakers.nl\/de\/#listItem","position":1,"name":"Home","item":"https:\/\/bidonsenshakers.nl\/de\/","nextItem":{"@type":"ListItem","@id":"https:\/\/bidonsenshakers.nl\/shop\/#listItem","name":"Shop"}},{"@type":"ListItem","@id":"https:\/\/bidonsenshakers.nl\/shop\/#listItem","position":2,"name":"Shop","item":"https:\/\/bidonsenshakers.nl\/shop\/","nextItem":{"@type":"ListItem","@id":"https:\/\/bidonsenshakers.nl\/de\/product-supplier\/a58\/#listItem","name":"A58"},"previousItem":{"@type":"ListItem","@id":"https:\/\/bidonsenshakers.nl\/de\/#listItem","name":"Home"}},{"@type":"ListItem","@id":"https:\/\/bidonsenshakers.nl\/de\/product-supplier\/a58\/#listItem","position":3,"name":"A58","item":"https:\/\/bidonsenshakers.nl\/de\/product-supplier\/a58\/","nextItem":{"@type":"ListItem","@id":"https:\/\/bidonsenshakers.nl\/de\/product\/8457\/edelstahl-thermobecher-mit-logo-bedrucken-recycelt-180-ml\/#listItem","name":"Gerecycled roestvrijstalen dubbelwandige drinkbeker (180 ml) Lilia"},"previousItem":{"@type":"ListItem","@id":"https:\/\/bidonsenshakers.nl\/shop\/#listItem","name":"Shop"}},{"@type":"ListItem","@id":"https:\/\/bidonsenshakers.nl\/de\/product\/8457\/edelstahl-thermobecher-mit-logo-bedrucken-recycelt-180-ml\/#listItem","position":4,"name":"Gerecycled roestvrijstalen dubbelwandige drinkbeker (180 ml) Lilia","previousItem":{"@type":"ListItem","@id":"https:\/\/bidonsenshakers.nl\/de\/product-supplier\/a58\/#listItem","name":"A58"}}]},{"@type":"Organization","@id":"https:\/\/bidonsenshakers.nl\/de\/#organization","name":"Trinkflaschen & Shakers","description":"Trinkflaschen & Shakers","url":"https:\/\/bidonsenshakers.nl\/de\/","telephone":"+31793310133","logo":{"@type":"ImageObject","url":"https:\/\/shop.hidalgo.nl\/wp-content\/uploads\/2026\/01\/cropped-Logo.png","@id":"https:\/\/bidonsenshakers.nl\/de\/product\/8457\/edelstahl-thermobecher-mit-logo-bedrucken-recycelt-180-ml\/#organizationLogo","width":600,"height":243},"image":{"@id":"https:\/\/bidonsenshakers.nl\/de\/product\/8457\/edelstahl-thermobecher-mit-logo-bedrucken-recycelt-180-ml\/#organizationLogo"},"sameAs":["https:\/\/www.facebook.com\/hidalgobagsandmore\/","https:\/\/x.com\/Hidalgo_BV\/status\/74021585866067968","https:\/\/www.instagram.com\/hidalgobagsandmore\/#","https:\/\/www.youtube.com\/@hidalgobagsandmore","https:\/\/www.linkedin.com\/in\/rutgerblommers\/"]},{"@type":"WebPage","@id":"https:\/\/bidonsenshakers.nl\/de\/product\/8457\/edelstahl-thermobecher-mit-logo-bedrucken-recycelt-180-ml\/#webpage","url":"https:\/\/bidonsenshakers.nl\/de\/product\/8457\/edelstahl-thermobecher-mit-logo-bedrucken-recycelt-180-ml\/","name":"Edelstahl Thermobecher mit Logo bedrucken recycelt 180 ml","description":"Dieser kompakte Trinkbecher aus recyceltem Edelstahl h\u00e4lt deine Getr\u00e4nke dank der doppelten Wand l\u00e4nger warm oder kalt. Perfekt f\u00fcr alle, die unterwegs sind oder ihr Hei\u00dfgetr\u00e4nk im B\u00fcro genie\u00dfen m\u00f6chten. Personalisiere ihn mit deinem eigenen Logo f\u00fcr einen individuellen Touch.","inLanguage":"de-DE","isPartOf":{"@id":"https:\/\/bidonsenshakers.nl\/de\/#website"},"breadcrumb":{"@id":"https:\/\/bidonsenshakers.nl\/de\/product\/8457\/edelstahl-thermobecher-mit-logo-bedrucken-recycelt-180-ml\/#breadcrumblist"},"image":{"@type":"ImageObject","url":"https:\/\/shop.hidalgo.nl\/wp-content\/uploads\/2026\/01\/8630f34344b68a0111d484df3c86ab3940bf1dfefbe1c5668a1d559f5ba336ae.jpg","@id":"https:\/\/bidonsenshakers.nl\/de\/product\/8457\/edelstahl-thermobecher-mit-logo-bedrucken-recycelt-180-ml\/#mainImage"},"primaryImageOfPage":{"@id":"https:\/\/bidonsenshakers.nl\/de\/product\/8457\/edelstahl-thermobecher-mit-logo-bedrucken-recycelt-180-ml\/#mainImage"},"datePublished":"2026-01-26T12:34:44+00:00","dateModified":"2026-02-17T11:56:01+00:00"},{"@type":"WebSite","@id":"https:\/\/bidonsenshakers.nl\/de\/#website","url":"https:\/\/bidonsenshakers.nl\/de\/","name":"Trinkflaschen & Shakers","description":"Trinkflaschen & Shakers","inLanguage":"de-DE","publisher":{"@id":"https:\/\/bidonsenshakers.nl\/de\/#organization"}}]},"og:locale":"de_DE","og:site_name":"Trinkflaschen &amp; Shakers - Trinkflaschen &amp; Shakers","og:type":"article","og:title":"Edelstahl Thermobecher mit Logo bedrucken recycelt 180 ml","og:description":"Dieser kompakte Trinkbecher aus recyceltem Edelstahl h\u00e4lt deine Getr\u00e4nke dank der doppelten Wand l\u00e4nger warm oder kalt. Perfekt f\u00fcr alle, die unterwegs sind oder ihr Hei\u00dfgetr\u00e4nk im B\u00fcro genie\u00dfen m\u00f6chten. Personalisiere ihn mit deinem eigenen Logo f\u00fcr einen individuellen Touch.","og:url":"https:\/\/bidonsenshakers.nl\/de\/wp-json\/wp\/v2\/product\/8457","og:image":"https:\/\/shop.hidalgo.nl\/wp-content\/uploads\/2026\/01\/cropped-Logo.png","og:image:secure_url":"https:\/\/shop.hidalgo.nl\/wp-content\/uploads\/2026\/01\/cropped-Logo.png","article:published_time":"2026-01-26T12:34:44+00:00","article:modified_time":"2026-02-17T11:56:01+00:00","article:publisher":"https:\/\/www.facebook.com\/hidalgobagsandmore\/","twitter:card":"summary_large_image","twitter:site":"@Hidalgo_BV","twitter:title":"Edelstahl Thermobecher mit Logo bedrucken recycelt 180 ml","twitter:description":"Dieser kompakte Trinkbecher aus recyceltem Edelstahl h\u00e4lt deine Getr\u00e4nke dank der doppelten Wand l\u00e4nger warm oder kalt. Perfekt f\u00fcr alle, die unterwegs sind oder ihr Hei\u00dfgetr\u00e4nk im B\u00fcro genie\u00dfen m\u00f6chten. Personalisiere ihn mit deinem eigenen Logo f\u00fcr einen individuellen Touch.","twitter:image":"https:\/\/shop.hidalgo.nl\/wp-content\/uploads\/2026\/01\/cropped-Logo.png"},"aioseo_meta_data":{"post_id":"8457","title":null,"description":null,"keywords":null,"keyphrases":null,"canonical_url":null,"og_title":null,"og_description":null,"og_object_type":"default","og_image_type":"default","og_image_custom_url":null,"og_image_custom_fields":null,"og_custom_image_width":null,"og_custom_image_height":null,"og_video":null,"og_custom_url":null,"og_article_section":null,"og_article_tags":null,"twitter_use_og":false,"twitter_card":"default","twitter_image_type":"default","twitter_image_custom_url":null,"twitter_image_custom_fields":null,"twitter_title":null,"twitter_description":null,"schema_type":null,"schema_type_options":null,"pillar_content":false,"robots_default":true,"robots_noindex":false,"robots_noarchive":false,"robots_nosnippet":false,"robots_nofollow":false,"robots_noimageindex":false,"robots_noodp":false,"robots_notranslate":false,"robots_max_snippet":null,"robots_max_videopreview":null,"robots_max_imagepreview":"none","tabs":null,"priority":null,"frequency":null,"local_seo":null,"created":"2026-01-26 12:42:59","updated":"2026-02-18 14:37:07"},"aioseo_breadcrumb":"<div class=\"aioseo-breadcrumbs\"><span class=\"aioseo-breadcrumb\">\n\t<a href=\"https:\/\/bidonsenshakers.nl\/de\/\" title=\"Home\">Home<\/a>\n<\/span><span class=\"aioseo-breadcrumb-separator\">\u00bb<\/span><span class=\"aioseo-breadcrumb\">\n\t<a href=\"https:\/\/bidonsenshakers.nl\/shop\/\" title=\"Shop\">Shop<\/a>\n<\/span><span class=\"aioseo-breadcrumb-separator\">\u00bb<\/span><span class=\"aioseo-breadcrumb\">\n\t<a href=\"https:\/\/bidonsenshakers.nl\/de\/product-supplier\/a58\/\" title=\"A58\">A58<\/a>\n<\/span><span class=\"aioseo-breadcrumb-separator\">\u00bb<\/span><span class=\"aioseo-breadcrumb\">\n\tGerecycled roestvrijstalen dubbelwandige drinkbeker (180 ml) Lilia\n<\/span><\/div>","aioseo_breadcrumb_json":[{"label":"Home","link":"https:\/\/bidonsenshakers.nl\/de\/"},{"label":"Shop","link":"https:\/\/bidonsenshakers.nl\/shop\/"},{"label":"A58","link":"https:\/\/bidonsenshakers.nl\/de\/product-supplier\/a58\/"},{"label":"Gerecycled roestvrijstalen dubbelwandige drinkbeker (180 ml) Lilia","link":"https:\/\/bidonsenshakers.nl\/de\/product\/8457\/edelstahl-thermobecher-mit-logo-bedrucken-recycelt-180-ml\/"}],"_links":{"self":[{"href":"https:\/\/bidonsenshakers.nl\/de\/wp-json\/wp\/v2\/product\/8457","targetHints":{"allow":["GET"]}}],"collection":[{"href":"https:\/\/bidonsenshakers.nl\/de\/wp-json\/wp\/v2\/product"}],"about":[{"href":"https:\/\/bidonsenshakers.nl\/de\/wp-json\/wp\/v2\/types\/product"}],"wp:featuredmedia":[{"embeddable":true,"href":"https:\/\/bidonsenshakers.nl\/de\/wp-json\/wp\/v2\/media\/8458"}],"wp:attachment":[{"href":"https:\/\/bidonsenshakers.nl\/de\/wp-json\/wp\/v2\/media?parent=8457"}],"wp:term":[{"taxonomy":"product_brand","embeddable":true,"href":"https:\/\/bidonsenshakers.nl\/de\/wp-json\/wp\/v2\/product_brand?post=8457"},{"taxonomy":"product_cat","embeddable":true,"href":"https:\/\/bidonsenshakers.nl\/de\/wp-json\/wp\/v2\/product_cat?post=8457"},{"taxonomy":"product_tag","embeddable":true,"href":"https:\/\/bidonsenshakers.nl\/de\/wp-json\/wp\/v2\/product_tag?post=8457"}],"curies":[{"name":"wp","href":"https:\/\/api.w.org\/{rel}","templated":true}]}}