{"id":8586,"date":"2026-01-26T13:27:27","date_gmt":"2026-01-26T13:27:27","guid":{"rendered":"https:\/\/bidonsenshakers.shop.hidalgo.nl\/product\/circularco-returnable-cup-lid-340-ml-koffiebeker\/"},"modified":"2026-02-17T11:56:01","modified_gmt":"2026-02-17T11:56:01","slug":"circularco-returnable-cup-lid-340-ml-koffiebeker","status":"publish","type":"product","link":"https:\/\/bidonsenshakers.nl\/de\/product\/8586\/mehrweg-kaffeebecher-mit-deckel-bedrucken-stapelbar-340-ml\/","title":{"rendered":"Circular&amp;Co Returnable Cup Lid 340 ml koffiebeker"},"content":{"rendered":"<p>Herbruikbare koffie-to-go beker met deksel van het merk Circular&amp;Co. Gemaakt van 100% recyclebaar, stevig PP. Deze stapelbare beker oogt niet alleen aantrekkelijk, het design legt ook de focus op functionaliteit. De ribbels verspreiden de warmte van de drank en zorgen voor een comfortabele grip. Daarnaast heeft de beker een quick-dry onderzijde. Het deksel met drinkopening voorkomt morsen. Past in de standaard drinkhouder van auto&#8217;s, dus perfect voor onderweg, maar ook als beker bij de koffiemachine. H\u00e9t perfecte alternatief voor de wegwerpkoffiebeker. Deze beker gaat meer dan 500 wasbeurten mee en is tot 6 keer recyclebaar. Na slechts 2 keer gebruiken is de CO2-uitstoot van de koffie-to-go beker gecompenseerd ten opzichte van een alternatief voor eenmalig gebruik. Dit betekent dat enorme hoeveelheden CO2 onze atmosfeer nooit bereiken. Door over te stappen op een herbruikbare beker komen er miljarden bekers minder bij het afval terecht. Vaatwasserbestendig, alleen voor het bovenrek van de vaatwasser. Inhoud 340 ml.<\/p>\n","protected":false},"excerpt":{"rendered":"<p>Herbruikbare koffie-to-go beker met deksel van het merk Circular&amp;Co. Gemaakt van 100% recyclebaar, stevig PP. Deze stapelbare beker oogt niet alleen aantrekkelijk, het design legt ook de focus op functionaliteit. De ribbels verspreiden de warmte van de drank en zorgen voor een comfortabele grip. Daarnaast heeft de beker een quick-dry onderzijde. Het deksel met drinkopening&hellip; <a class=\"more-link\" href=\"https:\/\/bidonsenshakers.nl\/de\/product\/8586\/mehrweg-kaffeebecher-mit-deckel-bedrucken-stapelbar-340-ml\/\"><span class=\"screen-reader-text\">Circular&amp;Co Returnable Cup Lid 340 ml koffiebeker<\/span> weiterlesen<\/a><\/p>\n","protected":false},"featured_media":8587,"template":"","meta":{"_acf_changed":false,"om_disable_all_campaigns":false,"_monsterinsights_skip_tracking":false,"_monsterinsights_sitenote_active":false,"_monsterinsights_sitenote_note":"","_monsterinsights_sitenote_category":0},"product_brand":[218],"product_cat":[393,360],"product_tag":[],"class_list":{"0":"post-8586","1":"product","2":"type-product","3":"status-publish","4":"has-post-thumbnail","6":"product_supplier-a508","7":"product_material-pp-plastic","8":"product_brand-circular-and-co","9":"product_cat-bekers","10":"product_cat-bio","11":"entry","13":"first","14":"instock","15":"taxable","16":"shipping-taxable","17":"purchasable","18":"product-type-variable"},"acf":{"imprint_cost":[{"imprint_cost_key":"a7c722eeaf6df071153a3c25c2be6c59f71e8b12","product_quantity_price_range":[{"imprint_cost_recommended_selling_price":"0","imprint_cost_recommended_selling_quantity":"1"},{"imprint_cost_recommended_selling_price":"0","imprint_cost_recommended_selling_quantity":"25"},{"imprint_cost_recommended_selling_price":"0","imprint_cost_recommended_selling_quantity":"50"},{"imprint_cost_recommended_selling_price":"0","imprint_cost_recommended_selling_quantity":"100"},{"imprint_cost_recommended_selling_price":"0","imprint_cost_recommended_selling_quantity":"250"},{"imprint_cost_recommended_selling_price":"0","imprint_cost_recommended_selling_quantity":"500"},{"imprint_cost_recommended_selling_price":"0","imprint_cost_recommended_selling_quantity":"1000"},{"imprint_cost_recommended_selling_price":"0","imprint_cost_recommended_selling_quantity":"2500"},{"imprint_cost_recommended_selling_price":"0","imprint_cost_recommended_selling_quantity":"5000"}],"product_quantity_price_range_buying":[{"imprint_cost_general_buying_price":"0","imprint_cost_general_buying_quantity":"1"},{"imprint_cost_general_buying_price":"0","imprint_cost_general_buying_quantity":"25"},{"imprint_cost_general_buying_price":"0","imprint_cost_general_buying_quantity":"50"},{"imprint_cost_general_buying_price":"0","imprint_cost_general_buying_quantity":"100"},{"imprint_cost_general_buying_price":"0","imprint_cost_general_buying_quantity":"250"},{"imprint_cost_general_buying_price":"0","imprint_cost_general_buying_quantity":"500"},{"imprint_cost_general_buying_price":"0","imprint_cost_general_buying_quantity":"1000"},{"imprint_cost_general_buying_price":"0","imprint_cost_general_buying_quantity":"2500"},{"imprint_cost_general_buying_price":"0","imprint_cost_general_buying_quantity":"5000"}],"imprint_cost_setup_costs":"26.25","imprint_cost_handling_costs":"0"},{"imprint_cost_key":"a08f4f5f797009772e67220d9b0b4d7db58e0385","product_quantity_price_range":[{"imprint_cost_recommended_selling_price":"0","imprint_cost_recommended_selling_quantity":"1"},{"imprint_cost_recommended_selling_price":"0","imprint_cost_recommended_selling_quantity":"25"},{"imprint_cost_recommended_selling_price":"0","imprint_cost_recommended_selling_quantity":"50"},{"imprint_cost_recommended_selling_price":"0","imprint_cost_recommended_selling_quantity":"100"},{"imprint_cost_recommended_selling_price":"0","imprint_cost_recommended_selling_quantity":"250"},{"imprint_cost_recommended_selling_price":"0","imprint_cost_recommended_selling_quantity":"500"},{"imprint_cost_recommended_selling_price":"0","imprint_cost_recommended_selling_quantity":"1000"},{"imprint_cost_recommended_selling_price":"0","imprint_cost_recommended_selling_quantity":"2500"},{"imprint_cost_recommended_selling_price":"0","imprint_cost_recommended_selling_quantity":"5000"}],"product_quantity_price_range_buying":[{"imprint_cost_general_buying_price":"0","imprint_cost_general_buying_quantity":"1"},{"imprint_cost_general_buying_price":"0","imprint_cost_general_buying_quantity":"25"},{"imprint_cost_general_buying_price":"0","imprint_cost_general_buying_quantity":"50"},{"imprint_cost_general_buying_price":"0","imprint_cost_general_buying_quantity":"100"},{"imprint_cost_general_buying_price":"0","imprint_cost_general_buying_quantity":"250"},{"imprint_cost_general_buying_price":"0","imprint_cost_general_buying_quantity":"500"},{"imprint_cost_general_buying_price":"0","imprint_cost_general_buying_quantity":"1000"},{"imprint_cost_general_buying_price":"0","imprint_cost_general_buying_quantity":"2500"},{"imprint_cost_general_buying_price":"0","imprint_cost_general_buying_quantity":"5000"}],"imprint_cost_setup_costs":"26.25","imprint_cost_handling_costs":"0"},{"imprint_cost_key":"1f9c51fcd2145f9bc6869b90233562e92db894d9","product_quantity_price_range":[{"imprint_cost_recommended_selling_price":"0","imprint_cost_recommended_selling_quantity":"1"},{"imprint_cost_recommended_selling_price":"0","imprint_cost_recommended_selling_quantity":"25"},{"imprint_cost_recommended_selling_price":"0","imprint_cost_recommended_selling_quantity":"50"},{"imprint_cost_recommended_selling_price":"0","imprint_cost_recommended_selling_quantity":"100"},{"imprint_cost_recommended_selling_price":"0","imprint_cost_recommended_selling_quantity":"250"},{"imprint_cost_recommended_selling_price":"0","imprint_cost_recommended_selling_quantity":"500"},{"imprint_cost_recommended_selling_price":"0","imprint_cost_recommended_selling_quantity":"1000"},{"imprint_cost_recommended_selling_price":"0","imprint_cost_recommended_selling_quantity":"2500"},{"imprint_cost_recommended_selling_price":"0","imprint_cost_recommended_selling_quantity":"5000"}],"product_quantity_price_range_buying":[{"imprint_cost_general_buying_price":"0","imprint_cost_general_buying_quantity":"1"},{"imprint_cost_general_buying_price":"0","imprint_cost_general_buying_quantity":"25"},{"imprint_cost_general_buying_price":"0","imprint_cost_general_buying_quantity":"50"},{"imprint_cost_general_buying_price":"0","imprint_cost_general_buying_quantity":"100"},{"imprint_cost_general_buying_price":"0","imprint_cost_general_buying_quantity":"250"},{"imprint_cost_general_buying_price":"0","imprint_cost_general_buying_quantity":"500"},{"imprint_cost_general_buying_price":"0","imprint_cost_general_buying_quantity":"1000"},{"imprint_cost_general_buying_price":"0","imprint_cost_general_buying_quantity":"2500"},{"imprint_cost_general_buying_price":"0","imprint_cost_general_buying_quantity":"5000"}],"imprint_cost_setup_costs":"26.25","imprint_cost_handling_costs":"0"}]},"aioseo_notices":[],"aioseo_head":"\n\t\t<!-- All in One SEO Pro 4.9.6.1 - aioseo.com -->\n\t<meta name=\"description\" content=\"Erlebe die perfekte Verbindung von Nachhaltigkeit und Funktionalit\u00e4t mit diesem wiederverwendbaren Trinkbecher. Der Becher ist ideal f\u00fcr deinen Kaffee to go und robust genug f\u00fcr den Alltag. Personalisierbar mit deinem Logo und passend f\u00fcr Autobecherhalter.\" \/>\n\t<meta name=\"robots\" content=\"max-image-preview:large\" \/>\n\t<meta name=\"google-site-verification\" content=\"BBMiYHShnVBoc8v9xoHf0FXMC27otVB0wiWxw_hFRrM\" \/>\n\t<link rel=\"canonical\" href=\"https:\/\/bidonsenshakers.nl\/de\/wp-json\/wp\/v2\/product\/8586\" \/>\n\t<meta name=\"generator\" content=\"All in One SEO Pro (AIOSEO) 4.9.6.1\" \/>\n\t\t<meta property=\"og:locale\" content=\"de_DE\" \/>\n\t\t<meta property=\"og:site_name\" content=\"Trinkflaschen &amp; Shakers - Trinkflaschen &amp; Shakers\" \/>\n\t\t<meta property=\"og:type\" content=\"article\" \/>\n\t\t<meta property=\"og:title\" content=\"Mehrweg Kaffeebecher mit Deckel bedrucken, stapelbar, 340 ml\" \/>\n\t\t<meta property=\"og:description\" content=\"Erlebe die perfekte Verbindung von Nachhaltigkeit und Funktionalit\u00e4t mit diesem wiederverwendbaren Trinkbecher. Der Becher ist ideal f\u00fcr deinen Kaffee to go und robust genug f\u00fcr den Alltag. Personalisierbar mit deinem Logo und passend f\u00fcr Autobecherhalter.\" \/>\n\t\t<meta property=\"og:url\" content=\"https:\/\/bidonsenshakers.nl\/de\/wp-json\/wp\/v2\/product\/8586\" \/>\n\t\t<meta property=\"og:image\" content=\"https:\/\/shop.hidalgo.nl\/wp-content\/uploads\/2026\/01\/cropped-Logo.png\" \/>\n\t\t<meta property=\"og:image:secure_url\" content=\"https:\/\/shop.hidalgo.nl\/wp-content\/uploads\/2026\/01\/cropped-Logo.png\" \/>\n\t\t<meta property=\"article:published_time\" content=\"2026-01-26T13:27:27+00:00\" \/>\n\t\t<meta property=\"article:modified_time\" content=\"2026-02-17T11:56:01+00:00\" \/>\n\t\t<meta property=\"article:publisher\" content=\"https:\/\/www.facebook.com\/hidalgobagsandmore\/\" \/>\n\t\t<meta name=\"twitter:card\" content=\"summary_large_image\" \/>\n\t\t<meta name=\"twitter:site\" content=\"@Hidalgo_BV\" \/>\n\t\t<meta name=\"twitter:title\" content=\"Mehrweg Kaffeebecher mit Deckel bedrucken, stapelbar, 340 ml\" \/>\n\t\t<meta name=\"twitter:description\" content=\"Erlebe die perfekte Verbindung von Nachhaltigkeit und Funktionalit\u00e4t mit diesem wiederverwendbaren Trinkbecher. Der Becher ist ideal f\u00fcr deinen Kaffee to go und robust genug f\u00fcr den Alltag. Personalisierbar mit deinem Logo und passend f\u00fcr Autobecherhalter.\" \/>\n\t\t<meta name=\"twitter:image\" content=\"https:\/\/shop.hidalgo.nl\/wp-content\/uploads\/2026\/01\/cropped-Logo.png\" \/>\n\t\t<script type=\"application\/ld+json\" class=\"aioseo-schema\">\n\t\t\t{\"@context\":\"https:\\\/\\\/schema.org\",\"@graph\":[{\"@type\":\"BreadcrumbList\",\"@id\":\"https:\\\/\\\/bidonsenshakers.nl\\\/de\\\/product\\\/8586\\\/mehrweg-kaffeebecher-mit-deckel-bedrucken-stapelbar-340-ml\\\/#breadcrumblist\",\"itemListElement\":[{\"@type\":\"ListItem\",\"@id\":\"https:\\\/\\\/bidonsenshakers.nl\\\/de\\\/#listItem\",\"position\":1,\"name\":\"Home\",\"item\":\"https:\\\/\\\/bidonsenshakers.nl\\\/de\\\/\",\"nextItem\":{\"@type\":\"ListItem\",\"@id\":\"https:\\\/\\\/bidonsenshakers.nl\\\/shop\\\/#listItem\",\"name\":\"Shop\"}},{\"@type\":\"ListItem\",\"@id\":\"https:\\\/\\\/bidonsenshakers.nl\\\/shop\\\/#listItem\",\"position\":2,\"name\":\"Shop\",\"item\":\"https:\\\/\\\/bidonsenshakers.nl\\\/shop\\\/\",\"nextItem\":{\"@type\":\"ListItem\",\"@id\":\"https:\\\/\\\/bidonsenshakers.nl\\\/de\\\/product-supplier\\\/a508\\\/#listItem\",\"name\":\"A508\"},\"previousItem\":{\"@type\":\"ListItem\",\"@id\":\"https:\\\/\\\/bidonsenshakers.nl\\\/de\\\/#listItem\",\"name\":\"Home\"}},{\"@type\":\"ListItem\",\"@id\":\"https:\\\/\\\/bidonsenshakers.nl\\\/de\\\/product-supplier\\\/a508\\\/#listItem\",\"position\":3,\"name\":\"A508\",\"item\":\"https:\\\/\\\/bidonsenshakers.nl\\\/de\\\/product-supplier\\\/a508\\\/\",\"nextItem\":{\"@type\":\"ListItem\",\"@id\":\"https:\\\/\\\/bidonsenshakers.nl\\\/de\\\/product\\\/8586\\\/mehrweg-kaffeebecher-mit-deckel-bedrucken-stapelbar-340-ml\\\/#listItem\",\"name\":\"Circular&amp;Co Returnable Cup Lid 340 ml koffiebeker\"},\"previousItem\":{\"@type\":\"ListItem\",\"@id\":\"https:\\\/\\\/bidonsenshakers.nl\\\/shop\\\/#listItem\",\"name\":\"Shop\"}},{\"@type\":\"ListItem\",\"@id\":\"https:\\\/\\\/bidonsenshakers.nl\\\/de\\\/product\\\/8586\\\/mehrweg-kaffeebecher-mit-deckel-bedrucken-stapelbar-340-ml\\\/#listItem\",\"position\":4,\"name\":\"Circular&amp;Co Returnable Cup Lid 340 ml koffiebeker\",\"previousItem\":{\"@type\":\"ListItem\",\"@id\":\"https:\\\/\\\/bidonsenshakers.nl\\\/de\\\/product-supplier\\\/a508\\\/#listItem\",\"name\":\"A508\"}}]},{\"@type\":\"Organization\",\"@id\":\"https:\\\/\\\/bidonsenshakers.nl\\\/de\\\/#organization\",\"name\":\"Trinkflaschen & Shakers\",\"description\":\"Trinkflaschen & Shakers\",\"url\":\"https:\\\/\\\/bidonsenshakers.nl\\\/de\\\/\",\"telephone\":\"+31793310133\",\"logo\":{\"@type\":\"ImageObject\",\"url\":\"https:\\\/\\\/shop.hidalgo.nl\\\/wp-content\\\/uploads\\\/2026\\\/01\\\/cropped-Logo.png\",\"@id\":\"https:\\\/\\\/bidonsenshakers.nl\\\/de\\\/product\\\/8586\\\/mehrweg-kaffeebecher-mit-deckel-bedrucken-stapelbar-340-ml\\\/#organizationLogo\",\"width\":600,\"height\":243},\"image\":{\"@id\":\"https:\\\/\\\/bidonsenshakers.nl\\\/de\\\/product\\\/8586\\\/mehrweg-kaffeebecher-mit-deckel-bedrucken-stapelbar-340-ml\\\/#organizationLogo\"},\"sameAs\":[\"https:\\\/\\\/www.facebook.com\\\/hidalgobagsandmore\\\/\",\"https:\\\/\\\/x.com\\\/Hidalgo_BV\\\/status\\\/74021585866067968\",\"https:\\\/\\\/www.instagram.com\\\/hidalgobagsandmore\\\/#\",\"https:\\\/\\\/www.youtube.com\\\/@hidalgobagsandmore\",\"https:\\\/\\\/www.linkedin.com\\\/in\\\/rutgerblommers\\\/\"]},{\"@type\":\"WebPage\",\"@id\":\"https:\\\/\\\/bidonsenshakers.nl\\\/de\\\/product\\\/8586\\\/mehrweg-kaffeebecher-mit-deckel-bedrucken-stapelbar-340-ml\\\/#webpage\",\"url\":\"https:\\\/\\\/bidonsenshakers.nl\\\/de\\\/product\\\/8586\\\/mehrweg-kaffeebecher-mit-deckel-bedrucken-stapelbar-340-ml\\\/\",\"name\":\"Mehrweg Kaffeebecher mit Deckel bedrucken, stapelbar, 340 ml\",\"description\":\"Erlebe die perfekte Verbindung von Nachhaltigkeit und Funktionalit\\u00e4t mit diesem wiederverwendbaren Trinkbecher. Der Becher ist ideal f\\u00fcr deinen Kaffee to go und robust genug f\\u00fcr den Alltag. Personalisierbar mit deinem Logo und passend f\\u00fcr Autobecherhalter.\",\"inLanguage\":\"de-DE\",\"isPartOf\":{\"@id\":\"https:\\\/\\\/bidonsenshakers.nl\\\/de\\\/#website\"},\"breadcrumb\":{\"@id\":\"https:\\\/\\\/bidonsenshakers.nl\\\/de\\\/product\\\/8586\\\/mehrweg-kaffeebecher-mit-deckel-bedrucken-stapelbar-340-ml\\\/#breadcrumblist\"},\"image\":{\"@type\":\"ImageObject\",\"url\":\"https:\\\/\\\/shop.hidalgo.nl\\\/wp-content\\\/uploads\\\/2025\\\/04\\\/565d91d788cc3b0fa606c13de62f51087efd86f84fccf78b1785abbccdd44952.jpg\",\"@id\":\"https:\\\/\\\/bidonsenshakers.nl\\\/de\\\/product\\\/8586\\\/mehrweg-kaffeebecher-mit-deckel-bedrucken-stapelbar-340-ml\\\/#mainImage\"},\"primaryImageOfPage\":{\"@id\":\"https:\\\/\\\/bidonsenshakers.nl\\\/de\\\/product\\\/8586\\\/mehrweg-kaffeebecher-mit-deckel-bedrucken-stapelbar-340-ml\\\/#mainImage\"},\"datePublished\":\"2026-01-26T13:27:27+00:00\",\"dateModified\":\"2026-02-17T11:56:01+00:00\"},{\"@type\":\"WebSite\",\"@id\":\"https:\\\/\\\/bidonsenshakers.nl\\\/de\\\/#website\",\"url\":\"https:\\\/\\\/bidonsenshakers.nl\\\/de\\\/\",\"name\":\"Trinkflaschen & Shakers\",\"description\":\"Trinkflaschen & Shakers\",\"inLanguage\":\"de-DE\",\"publisher\":{\"@id\":\"https:\\\/\\\/bidonsenshakers.nl\\\/de\\\/#organization\"}}]}\n\t\t<\/script>\n\t\t<!-- All in One SEO Pro -->\r\n\t\t<title>Mehrweg Kaffeebecher mit Deckel bedrucken, stapelbar, 340 ml<\/title>\n\n","aioseo_head_json":{"title":"Mehrweg Kaffeebecher mit Deckel bedrucken, stapelbar, 340 ml","description":"Erlebe die perfekte Verbindung von Nachhaltigkeit und Funktionalit\u00e4t mit diesem wiederverwendbaren Trinkbecher. Der Becher ist ideal f\u00fcr deinen Kaffee to go und robust genug f\u00fcr den Alltag. Personalisierbar mit deinem Logo und passend f\u00fcr Autobecherhalter.","canonical_url":"https:\/\/bidonsenshakers.nl\/de\/wp-json\/wp\/v2\/product\/8586","robots":"max-image-preview:large","keywords":"","webmasterTools":{"google-site-verification":"BBMiYHShnVBoc8v9xoHf0FXMC27otVB0wiWxw_hFRrM","miscellaneous":""},"schema":{"@context":"https:\/\/schema.org","@graph":[{"@type":"BreadcrumbList","@id":"https:\/\/bidonsenshakers.nl\/de\/product\/8586\/mehrweg-kaffeebecher-mit-deckel-bedrucken-stapelbar-340-ml\/#breadcrumblist","itemListElement":[{"@type":"ListItem","@id":"https:\/\/bidonsenshakers.nl\/de\/#listItem","position":1,"name":"Home","item":"https:\/\/bidonsenshakers.nl\/de\/","nextItem":{"@type":"ListItem","@id":"https:\/\/bidonsenshakers.nl\/shop\/#listItem","name":"Shop"}},{"@type":"ListItem","@id":"https:\/\/bidonsenshakers.nl\/shop\/#listItem","position":2,"name":"Shop","item":"https:\/\/bidonsenshakers.nl\/shop\/","nextItem":{"@type":"ListItem","@id":"https:\/\/bidonsenshakers.nl\/de\/product-supplier\/a508\/#listItem","name":"A508"},"previousItem":{"@type":"ListItem","@id":"https:\/\/bidonsenshakers.nl\/de\/#listItem","name":"Home"}},{"@type":"ListItem","@id":"https:\/\/bidonsenshakers.nl\/de\/product-supplier\/a508\/#listItem","position":3,"name":"A508","item":"https:\/\/bidonsenshakers.nl\/de\/product-supplier\/a508\/","nextItem":{"@type":"ListItem","@id":"https:\/\/bidonsenshakers.nl\/de\/product\/8586\/mehrweg-kaffeebecher-mit-deckel-bedrucken-stapelbar-340-ml\/#listItem","name":"Circular&amp;Co Returnable Cup Lid 340 ml koffiebeker"},"previousItem":{"@type":"ListItem","@id":"https:\/\/bidonsenshakers.nl\/shop\/#listItem","name":"Shop"}},{"@type":"ListItem","@id":"https:\/\/bidonsenshakers.nl\/de\/product\/8586\/mehrweg-kaffeebecher-mit-deckel-bedrucken-stapelbar-340-ml\/#listItem","position":4,"name":"Circular&amp;Co Returnable Cup Lid 340 ml koffiebeker","previousItem":{"@type":"ListItem","@id":"https:\/\/bidonsenshakers.nl\/de\/product-supplier\/a508\/#listItem","name":"A508"}}]},{"@type":"Organization","@id":"https:\/\/bidonsenshakers.nl\/de\/#organization","name":"Trinkflaschen & Shakers","description":"Trinkflaschen & Shakers","url":"https:\/\/bidonsenshakers.nl\/de\/","telephone":"+31793310133","logo":{"@type":"ImageObject","url":"https:\/\/shop.hidalgo.nl\/wp-content\/uploads\/2026\/01\/cropped-Logo.png","@id":"https:\/\/bidonsenshakers.nl\/de\/product\/8586\/mehrweg-kaffeebecher-mit-deckel-bedrucken-stapelbar-340-ml\/#organizationLogo","width":600,"height":243},"image":{"@id":"https:\/\/bidonsenshakers.nl\/de\/product\/8586\/mehrweg-kaffeebecher-mit-deckel-bedrucken-stapelbar-340-ml\/#organizationLogo"},"sameAs":["https:\/\/www.facebook.com\/hidalgobagsandmore\/","https:\/\/x.com\/Hidalgo_BV\/status\/74021585866067968","https:\/\/www.instagram.com\/hidalgobagsandmore\/#","https:\/\/www.youtube.com\/@hidalgobagsandmore","https:\/\/www.linkedin.com\/in\/rutgerblommers\/"]},{"@type":"WebPage","@id":"https:\/\/bidonsenshakers.nl\/de\/product\/8586\/mehrweg-kaffeebecher-mit-deckel-bedrucken-stapelbar-340-ml\/#webpage","url":"https:\/\/bidonsenshakers.nl\/de\/product\/8586\/mehrweg-kaffeebecher-mit-deckel-bedrucken-stapelbar-340-ml\/","name":"Mehrweg Kaffeebecher mit Deckel bedrucken, stapelbar, 340 ml","description":"Erlebe die perfekte Verbindung von Nachhaltigkeit und Funktionalit\u00e4t mit diesem wiederverwendbaren Trinkbecher. Der Becher ist ideal f\u00fcr deinen Kaffee to go und robust genug f\u00fcr den Alltag. Personalisierbar mit deinem Logo und passend f\u00fcr Autobecherhalter.","inLanguage":"de-DE","isPartOf":{"@id":"https:\/\/bidonsenshakers.nl\/de\/#website"},"breadcrumb":{"@id":"https:\/\/bidonsenshakers.nl\/de\/product\/8586\/mehrweg-kaffeebecher-mit-deckel-bedrucken-stapelbar-340-ml\/#breadcrumblist"},"image":{"@type":"ImageObject","url":"https:\/\/shop.hidalgo.nl\/wp-content\/uploads\/2025\/04\/565d91d788cc3b0fa606c13de62f51087efd86f84fccf78b1785abbccdd44952.jpg","@id":"https:\/\/bidonsenshakers.nl\/de\/product\/8586\/mehrweg-kaffeebecher-mit-deckel-bedrucken-stapelbar-340-ml\/#mainImage"},"primaryImageOfPage":{"@id":"https:\/\/bidonsenshakers.nl\/de\/product\/8586\/mehrweg-kaffeebecher-mit-deckel-bedrucken-stapelbar-340-ml\/#mainImage"},"datePublished":"2026-01-26T13:27:27+00:00","dateModified":"2026-02-17T11:56:01+00:00"},{"@type":"WebSite","@id":"https:\/\/bidonsenshakers.nl\/de\/#website","url":"https:\/\/bidonsenshakers.nl\/de\/","name":"Trinkflaschen & Shakers","description":"Trinkflaschen & Shakers","inLanguage":"de-DE","publisher":{"@id":"https:\/\/bidonsenshakers.nl\/de\/#organization"}}]},"og:locale":"de_DE","og:site_name":"Trinkflaschen &amp; Shakers - Trinkflaschen &amp; Shakers","og:type":"article","og:title":"Mehrweg Kaffeebecher mit Deckel bedrucken, stapelbar, 340 ml","og:description":"Erlebe die perfekte Verbindung von Nachhaltigkeit und Funktionalit\u00e4t mit diesem wiederverwendbaren Trinkbecher. Der Becher ist ideal f\u00fcr deinen Kaffee to go und robust genug f\u00fcr den Alltag. Personalisierbar mit deinem Logo und passend f\u00fcr Autobecherhalter.","og:url":"https:\/\/bidonsenshakers.nl\/de\/wp-json\/wp\/v2\/product\/8586","og:image":"https:\/\/shop.hidalgo.nl\/wp-content\/uploads\/2026\/01\/cropped-Logo.png","og:image:secure_url":"https:\/\/shop.hidalgo.nl\/wp-content\/uploads\/2026\/01\/cropped-Logo.png","article:published_time":"2026-01-26T13:27:27+00:00","article:modified_time":"2026-02-17T11:56:01+00:00","article:publisher":"https:\/\/www.facebook.com\/hidalgobagsandmore\/","twitter:card":"summary_large_image","twitter:site":"@Hidalgo_BV","twitter:title":"Mehrweg Kaffeebecher mit Deckel bedrucken, stapelbar, 340 ml","twitter:description":"Erlebe die perfekte Verbindung von Nachhaltigkeit und Funktionalit\u00e4t mit diesem wiederverwendbaren Trinkbecher. Der Becher ist ideal f\u00fcr deinen Kaffee to go und robust genug f\u00fcr den Alltag. Personalisierbar mit deinem Logo und passend f\u00fcr Autobecherhalter.","twitter:image":"https:\/\/shop.hidalgo.nl\/wp-content\/uploads\/2026\/01\/cropped-Logo.png"},"aioseo_meta_data":{"post_id":"8586","title":null,"description":null,"keywords":null,"keyphrases":null,"canonical_url":null,"og_title":null,"og_description":null,"og_object_type":"default","og_image_type":"default","og_image_custom_url":null,"og_image_custom_fields":null,"og_custom_image_width":null,"og_custom_image_height":null,"og_video":null,"og_custom_url":null,"og_article_section":null,"og_article_tags":null,"twitter_use_og":false,"twitter_card":"default","twitter_image_type":"default","twitter_image_custom_url":null,"twitter_image_custom_fields":null,"twitter_title":null,"twitter_description":null,"schema_type":null,"schema_type_options":null,"pillar_content":false,"robots_default":true,"robots_noindex":false,"robots_noarchive":false,"robots_nosnippet":false,"robots_nofollow":false,"robots_noimageindex":false,"robots_noodp":false,"robots_notranslate":false,"robots_max_snippet":null,"robots_max_videopreview":null,"robots_max_imagepreview":"none","tabs":null,"priority":null,"frequency":null,"local_seo":null,"created":"2026-01-26 13:35:08","updated":"2026-02-18 14:38:03"},"aioseo_breadcrumb":"<div class=\"aioseo-breadcrumbs\"><span class=\"aioseo-breadcrumb\">\n\t<a href=\"https:\/\/bidonsenshakers.nl\/de\/\" title=\"Home\">Home<\/a>\n<\/span><span class=\"aioseo-breadcrumb-separator\">\u00bb<\/span><span class=\"aioseo-breadcrumb\">\n\t<a href=\"https:\/\/bidonsenshakers.nl\/shop\/\" title=\"Shop\">Shop<\/a>\n<\/span><span class=\"aioseo-breadcrumb-separator\">\u00bb<\/span><span class=\"aioseo-breadcrumb\">\n\t<a href=\"https:\/\/bidonsenshakers.nl\/de\/product-supplier\/a508\/\" title=\"A508\">A508<\/a>\n<\/span><span class=\"aioseo-breadcrumb-separator\">\u00bb<\/span><span class=\"aioseo-breadcrumb\">\n\tCircular&amp;Co Returnable Cup Lid 340 ml koffiebeker\n<\/span><\/div>","aioseo_breadcrumb_json":[{"label":"Home","link":"https:\/\/bidonsenshakers.nl\/de\/"},{"label":"Shop","link":"https:\/\/bidonsenshakers.nl\/shop\/"},{"label":"A508","link":"https:\/\/bidonsenshakers.nl\/de\/product-supplier\/a508\/"},{"label":"Circular&amp;Co Returnable Cup Lid 340 ml koffiebeker","link":"https:\/\/bidonsenshakers.nl\/de\/product\/8586\/mehrweg-kaffeebecher-mit-deckel-bedrucken-stapelbar-340-ml\/"}],"_links":{"self":[{"href":"https:\/\/bidonsenshakers.nl\/de\/wp-json\/wp\/v2\/product\/8586","targetHints":{"allow":["GET"]}}],"collection":[{"href":"https:\/\/bidonsenshakers.nl\/de\/wp-json\/wp\/v2\/product"}],"about":[{"href":"https:\/\/bidonsenshakers.nl\/de\/wp-json\/wp\/v2\/types\/product"}],"wp:featuredmedia":[{"embeddable":true,"href":"https:\/\/bidonsenshakers.nl\/de\/wp-json\/wp\/v2\/media\/8587"}],"wp:attachment":[{"href":"https:\/\/bidonsenshakers.nl\/de\/wp-json\/wp\/v2\/media?parent=8586"}],"wp:term":[{"taxonomy":"product_brand","embeddable":true,"href":"https:\/\/bidonsenshakers.nl\/de\/wp-json\/wp\/v2\/product_brand?post=8586"},{"taxonomy":"product_cat","embeddable":true,"href":"https:\/\/bidonsenshakers.nl\/de\/wp-json\/wp\/v2\/product_cat?post=8586"},{"taxonomy":"product_tag","embeddable":true,"href":"https:\/\/bidonsenshakers.nl\/de\/wp-json\/wp\/v2\/product_tag?post=8586"}],"curies":[{"name":"wp","href":"https:\/\/api.w.org\/{rel}","templated":true}]}}