{"id":8728,"date":"2026-01-26T13:27:58","date_gmt":"2026-01-26T13:27:58","guid":{"rendered":"https:\/\/bidonsenshakers.shop.hidalgo.nl\/product\/mepal-automatenbeker-165-ml\/"},"modified":"2026-02-17T11:56:00","modified_gmt":"2026-02-17T11:56:00","slug":"mepal-automatenbeker-165-ml","status":"publish","type":"product","link":"https:\/\/bidonsenshakers.nl\/de\/product\/8728\/automatenbecher-mepal-bedrucken-165-ml-pp-spuelfest\/","title":{"rendered":"Mepal Automatenbeker 165 ml"},"content":{"rendered":"<p>Herbruikbare (koffie)beker van het merk Mepal. Gemaakt van 100% recyclebaar, stevig PP. Stapelbaar en vaatwasserbestendig. Uitstekend te gebruiken als standaard herbruikbare beker bij de koffiemachine. H\u00e9t perfecte alternatief voor de wegwerpkoffiebeker. Made in Holland. Inhoud 165 ml.    VOORRAAD INFORMATIE: Tot 1.000 stuks beschikbaar binnen 10 werkdagen. Uitzonderingen voorbehouden.<\/p>\n","protected":false},"excerpt":{"rendered":"<p>Herbruikbare (koffie)beker van het merk Mepal. Gemaakt van 100% recyclebaar, stevig PP. Stapelbaar en vaatwasserbestendig. Uitstekend te gebruiken als standaard herbruikbare beker bij de koffiemachine. H\u00e9t perfecte alternatief voor de wegwerpkoffiebeker. Made in Holland. Inhoud 165 ml. VOORRAAD INFORMATIE: Tot 1.000 stuks beschikbaar binnen 10 werkdagen. Uitzonderingen voorbehouden.<\/p>\n","protected":false},"featured_media":8729,"template":"","meta":{"_acf_changed":false,"om_disable_all_campaigns":false,"_monsterinsights_skip_tracking":false,"_monsterinsights_sitenote_active":false,"_monsterinsights_sitenote_note":"","_monsterinsights_sitenote_category":0},"product_brand":[121],"product_cat":[393],"product_tag":[],"class_list":{"0":"post-8728","1":"product","2":"type-product","3":"status-publish","4":"has-post-thumbnail","6":"product_supplier-a508","7":"product_material-pp-plastic","8":"product_brand-mepal","9":"product_cat-bekers","10":"entry","12":"first","13":"instock","14":"taxable","15":"shipping-taxable","16":"purchasable","17":"product-type-variable"},"acf":{"imprint_cost":[{"imprint_cost_key":"f0cd47a0e96dad77c0860aca7bc682b6d31505ae","product_quantity_price_range":[{"imprint_cost_recommended_selling_price":"2.535","imprint_cost_recommended_selling_quantity":"1"},{"imprint_cost_recommended_selling_price":"1.425","imprint_cost_recommended_selling_quantity":"25"},{"imprint_cost_recommended_selling_price":"0.96","imprint_cost_recommended_selling_quantity":"50"},{"imprint_cost_recommended_selling_price":"0.66","imprint_cost_recommended_selling_quantity":"100"},{"imprint_cost_recommended_selling_price":"0.57","imprint_cost_recommended_selling_quantity":"250"},{"imprint_cost_recommended_selling_price":"0.51","imprint_cost_recommended_selling_quantity":"500"},{"imprint_cost_recommended_selling_price":"0.45","imprint_cost_recommended_selling_quantity":"1000"},{"imprint_cost_recommended_selling_price":"0.405","imprint_cost_recommended_selling_quantity":"2500"},{"imprint_cost_recommended_selling_price":"0.375","imprint_cost_recommended_selling_quantity":"5000"}],"product_quantity_price_range_buying":[{"imprint_cost_general_buying_price":"1.69","imprint_cost_general_buying_quantity":"1"},{"imprint_cost_general_buying_price":"0.95","imprint_cost_general_buying_quantity":"25"},{"imprint_cost_general_buying_price":"0.64","imprint_cost_general_buying_quantity":"50"},{"imprint_cost_general_buying_price":"0.44","imprint_cost_general_buying_quantity":"100"},{"imprint_cost_general_buying_price":"0.38","imprint_cost_general_buying_quantity":"250"},{"imprint_cost_general_buying_price":"0.34","imprint_cost_general_buying_quantity":"500"},{"imprint_cost_general_buying_price":"0.3","imprint_cost_general_buying_quantity":"1000"},{"imprint_cost_general_buying_price":"0.27","imprint_cost_general_buying_quantity":"2500"},{"imprint_cost_general_buying_price":"0.25","imprint_cost_general_buying_quantity":"5000"}],"imprint_cost_setup_costs":"26.25","imprint_cost_handling_costs":"0.03"},{"imprint_cost_key":"89fd8cb3e5aab544c21fce240ad304237fcfc2f8","product_quantity_price_range":[{"imprint_cost_recommended_selling_price":"2.835","imprint_cost_recommended_selling_quantity":"1"},{"imprint_cost_recommended_selling_price":"1.725","imprint_cost_recommended_selling_quantity":"25"},{"imprint_cost_recommended_selling_price":"1.26","imprint_cost_recommended_selling_quantity":"50"},{"imprint_cost_recommended_selling_price":"0.96","imprint_cost_recommended_selling_quantity":"100"},{"imprint_cost_recommended_selling_price":"0.87","imprint_cost_recommended_selling_quantity":"250"},{"imprint_cost_recommended_selling_price":"0.81","imprint_cost_recommended_selling_quantity":"500"},{"imprint_cost_recommended_selling_price":"0.75","imprint_cost_recommended_selling_quantity":"1000"},{"imprint_cost_recommended_selling_price":"0.705","imprint_cost_recommended_selling_quantity":"2500"},{"imprint_cost_recommended_selling_price":"0.675","imprint_cost_recommended_selling_quantity":"5000"}],"product_quantity_price_range_buying":[{"imprint_cost_general_buying_price":"1.89","imprint_cost_general_buying_quantity":"1"},{"imprint_cost_general_buying_price":"1.15","imprint_cost_general_buying_quantity":"25"},{"imprint_cost_general_buying_price":"0.84","imprint_cost_general_buying_quantity":"50"},{"imprint_cost_general_buying_price":"0.64","imprint_cost_general_buying_quantity":"100"},{"imprint_cost_general_buying_price":"0.58","imprint_cost_general_buying_quantity":"250"},{"imprint_cost_general_buying_price":"0.54","imprint_cost_general_buying_quantity":"500"},{"imprint_cost_general_buying_price":"0.5","imprint_cost_general_buying_quantity":"1000"},{"imprint_cost_general_buying_price":"0.47","imprint_cost_general_buying_quantity":"2500"},{"imprint_cost_general_buying_price":"0.45","imprint_cost_general_buying_quantity":"5000"}],"imprint_cost_setup_costs":"26.25","imprint_cost_handling_costs":"0.03"},{"imprint_cost_key":"a6f20ae1607c8c7bc84bf0ef8bfefa7dbc9fd416","product_quantity_price_range":[{"imprint_cost_recommended_selling_price":"2.535","imprint_cost_recommended_selling_quantity":"1"},{"imprint_cost_recommended_selling_price":"1.425","imprint_cost_recommended_selling_quantity":"25"},{"imprint_cost_recommended_selling_price":"0.96","imprint_cost_recommended_selling_quantity":"50"},{"imprint_cost_recommended_selling_price":"0.66","imprint_cost_recommended_selling_quantity":"100"},{"imprint_cost_recommended_selling_price":"0.57","imprint_cost_recommended_selling_quantity":"250"},{"imprint_cost_recommended_selling_price":"0.51","imprint_cost_recommended_selling_quantity":"500"},{"imprint_cost_recommended_selling_price":"0.45","imprint_cost_recommended_selling_quantity":"1000"},{"imprint_cost_recommended_selling_price":"0.405","imprint_cost_recommended_selling_quantity":"2500"},{"imprint_cost_recommended_selling_price":"0.375","imprint_cost_recommended_selling_quantity":"5000"}],"product_quantity_price_range_buying":[{"imprint_cost_general_buying_price":"1.69","imprint_cost_general_buying_quantity":"1"},{"imprint_cost_general_buying_price":"0.95","imprint_cost_general_buying_quantity":"25"},{"imprint_cost_general_buying_price":"0.64","imprint_cost_general_buying_quantity":"50"},{"imprint_cost_general_buying_price":"0.44","imprint_cost_general_buying_quantity":"100"},{"imprint_cost_general_buying_price":"0.38","imprint_cost_general_buying_quantity":"250"},{"imprint_cost_general_buying_price":"0.34","imprint_cost_general_buying_quantity":"500"},{"imprint_cost_general_buying_price":"0.3","imprint_cost_general_buying_quantity":"1000"},{"imprint_cost_general_buying_price":"0.27","imprint_cost_general_buying_quantity":"2500"},{"imprint_cost_general_buying_price":"0.25","imprint_cost_general_buying_quantity":"5000"}],"imprint_cost_setup_costs":"26.25","imprint_cost_handling_costs":"0.03"},{"imprint_cost_key":"ef2d00aa3d0f611fcaedce2eec24e052faf05f77","product_quantity_price_range":[{"imprint_cost_recommended_selling_price":"2.835","imprint_cost_recommended_selling_quantity":"1"},{"imprint_cost_recommended_selling_price":"1.725","imprint_cost_recommended_selling_quantity":"25"},{"imprint_cost_recommended_selling_price":"1.26","imprint_cost_recommended_selling_quantity":"50"},{"imprint_cost_recommended_selling_price":"0.96","imprint_cost_recommended_selling_quantity":"100"},{"imprint_cost_recommended_selling_price":"0.87","imprint_cost_recommended_selling_quantity":"250"},{"imprint_cost_recommended_selling_price":"0.81","imprint_cost_recommended_selling_quantity":"500"},{"imprint_cost_recommended_selling_price":"0.75","imprint_cost_recommended_selling_quantity":"1000"},{"imprint_cost_recommended_selling_price":"0.705","imprint_cost_recommended_selling_quantity":"2500"},{"imprint_cost_recommended_selling_price":"0.675","imprint_cost_recommended_selling_quantity":"5000"}],"product_quantity_price_range_buying":[{"imprint_cost_general_buying_price":"1.89","imprint_cost_general_buying_quantity":"1"},{"imprint_cost_general_buying_price":"1.15","imprint_cost_general_buying_quantity":"25"},{"imprint_cost_general_buying_price":"0.84","imprint_cost_general_buying_quantity":"50"},{"imprint_cost_general_buying_price":"0.64","imprint_cost_general_buying_quantity":"100"},{"imprint_cost_general_buying_price":"0.58","imprint_cost_general_buying_quantity":"250"},{"imprint_cost_general_buying_price":"0.54","imprint_cost_general_buying_quantity":"500"},{"imprint_cost_general_buying_price":"0.5","imprint_cost_general_buying_quantity":"1000"},{"imprint_cost_general_buying_price":"0.47","imprint_cost_general_buying_quantity":"2500"},{"imprint_cost_general_buying_price":"0.45","imprint_cost_general_buying_quantity":"5000"}],"imprint_cost_setup_costs":"26.25","imprint_cost_handling_costs":"0.03"}]},"aioseo_notices":[],"aioseo_head":"\n\t\t<!-- All in One SEO Pro 4.9.6.1 - aioseo.com -->\n\t<meta name=\"description\" content=\"Entdecke den idealen wiederverwendbaren Becher f\u00fcr deinen Kaffeeautomaten. Robust und stapelbar, eignet er sich perfekt f\u00fcr hei\u00dfe &amp; kalte Getr\u00e4nke. Personalisiere ihn mit deinem Logo f\u00fcr ein einzigartiges Markenerlebnis auf Messen oder im B\u00fcro.\" \/>\n\t<meta name=\"robots\" content=\"max-image-preview:large\" \/>\n\t<meta name=\"google-site-verification\" content=\"BBMiYHShnVBoc8v9xoHf0FXMC27otVB0wiWxw_hFRrM\" \/>\n\t<link rel=\"canonical\" href=\"https:\/\/bidonsenshakers.nl\/de\/wp-json\/wp\/v2\/product\/8728\" \/>\n\t<meta name=\"generator\" content=\"All in One SEO Pro (AIOSEO) 4.9.6.1\" \/>\n\t\t<meta property=\"og:locale\" content=\"de_DE\" \/>\n\t\t<meta property=\"og:site_name\" content=\"Trinkflaschen &amp; Shakers - Trinkflaschen &amp; Shakers\" \/>\n\t\t<meta property=\"og:type\" content=\"article\" \/>\n\t\t<meta property=\"og:title\" content=\"Automatenbecher Mepal bedrucken 165 ml PP sp\u00fclfest\" \/>\n\t\t<meta property=\"og:description\" content=\"Entdecke den idealen wiederverwendbaren Becher f\u00fcr deinen Kaffeeautomaten. Robust und stapelbar, eignet er sich perfekt f\u00fcr hei\u00dfe &amp; kalte Getr\u00e4nke. Personalisiere ihn mit deinem Logo f\u00fcr ein einzigartiges Markenerlebnis auf Messen oder im B\u00fcro.\" \/>\n\t\t<meta property=\"og:url\" content=\"https:\/\/bidonsenshakers.nl\/de\/wp-json\/wp\/v2\/product\/8728\" \/>\n\t\t<meta property=\"og:image\" content=\"https:\/\/shop.hidalgo.nl\/wp-content\/uploads\/2026\/01\/cropped-Logo.png\" \/>\n\t\t<meta property=\"og:image:secure_url\" content=\"https:\/\/shop.hidalgo.nl\/wp-content\/uploads\/2026\/01\/cropped-Logo.png\" \/>\n\t\t<meta property=\"article:published_time\" content=\"2026-01-26T13:27:58+00:00\" \/>\n\t\t<meta property=\"article:modified_time\" content=\"2026-02-17T11:56:00+00:00\" \/>\n\t\t<meta property=\"article:publisher\" content=\"https:\/\/www.facebook.com\/hidalgobagsandmore\/\" \/>\n\t\t<meta name=\"twitter:card\" content=\"summary_large_image\" \/>\n\t\t<meta name=\"twitter:site\" content=\"@Hidalgo_BV\" \/>\n\t\t<meta name=\"twitter:title\" content=\"Automatenbecher Mepal bedrucken 165 ml PP sp\u00fclfest\" \/>\n\t\t<meta name=\"twitter:description\" content=\"Entdecke den idealen wiederverwendbaren Becher f\u00fcr deinen Kaffeeautomaten. Robust und stapelbar, eignet er sich perfekt f\u00fcr hei\u00dfe &amp; kalte Getr\u00e4nke. Personalisiere ihn mit deinem Logo f\u00fcr ein einzigartiges Markenerlebnis auf Messen oder im B\u00fcro.\" \/>\n\t\t<meta name=\"twitter:image\" content=\"https:\/\/shop.hidalgo.nl\/wp-content\/uploads\/2026\/01\/cropped-Logo.png\" \/>\n\t\t<script type=\"application\/ld+json\" class=\"aioseo-schema\">\n\t\t\t{\"@context\":\"https:\\\/\\\/schema.org\",\"@graph\":[{\"@type\":\"BreadcrumbList\",\"@id\":\"https:\\\/\\\/bidonsenshakers.nl\\\/de\\\/product\\\/8728\\\/automatenbecher-mepal-bedrucken-165-ml-pp-spuelfest\\\/#breadcrumblist\",\"itemListElement\":[{\"@type\":\"ListItem\",\"@id\":\"https:\\\/\\\/bidonsenshakers.nl\\\/de\\\/#listItem\",\"position\":1,\"name\":\"Home\",\"item\":\"https:\\\/\\\/bidonsenshakers.nl\\\/de\\\/\",\"nextItem\":{\"@type\":\"ListItem\",\"@id\":\"https:\\\/\\\/bidonsenshakers.nl\\\/shop\\\/#listItem\",\"name\":\"Shop\"}},{\"@type\":\"ListItem\",\"@id\":\"https:\\\/\\\/bidonsenshakers.nl\\\/shop\\\/#listItem\",\"position\":2,\"name\":\"Shop\",\"item\":\"https:\\\/\\\/bidonsenshakers.nl\\\/shop\\\/\",\"nextItem\":{\"@type\":\"ListItem\",\"@id\":\"https:\\\/\\\/bidonsenshakers.nl\\\/de\\\/product-supplier\\\/a508\\\/#listItem\",\"name\":\"A508\"},\"previousItem\":{\"@type\":\"ListItem\",\"@id\":\"https:\\\/\\\/bidonsenshakers.nl\\\/de\\\/#listItem\",\"name\":\"Home\"}},{\"@type\":\"ListItem\",\"@id\":\"https:\\\/\\\/bidonsenshakers.nl\\\/de\\\/product-supplier\\\/a508\\\/#listItem\",\"position\":3,\"name\":\"A508\",\"item\":\"https:\\\/\\\/bidonsenshakers.nl\\\/de\\\/product-supplier\\\/a508\\\/\",\"nextItem\":{\"@type\":\"ListItem\",\"@id\":\"https:\\\/\\\/bidonsenshakers.nl\\\/de\\\/product\\\/8728\\\/automatenbecher-mepal-bedrucken-165-ml-pp-spuelfest\\\/#listItem\",\"name\":\"Mepal Automatenbeker 165 ml\"},\"previousItem\":{\"@type\":\"ListItem\",\"@id\":\"https:\\\/\\\/bidonsenshakers.nl\\\/shop\\\/#listItem\",\"name\":\"Shop\"}},{\"@type\":\"ListItem\",\"@id\":\"https:\\\/\\\/bidonsenshakers.nl\\\/de\\\/product\\\/8728\\\/automatenbecher-mepal-bedrucken-165-ml-pp-spuelfest\\\/#listItem\",\"position\":4,\"name\":\"Mepal Automatenbeker 165 ml\",\"previousItem\":{\"@type\":\"ListItem\",\"@id\":\"https:\\\/\\\/bidonsenshakers.nl\\\/de\\\/product-supplier\\\/a508\\\/#listItem\",\"name\":\"A508\"}}]},{\"@type\":\"Organization\",\"@id\":\"https:\\\/\\\/bidonsenshakers.nl\\\/de\\\/#organization\",\"name\":\"Trinkflaschen & Shakers\",\"description\":\"Trinkflaschen & Shakers\",\"url\":\"https:\\\/\\\/bidonsenshakers.nl\\\/de\\\/\",\"telephone\":\"+31793310133\",\"logo\":{\"@type\":\"ImageObject\",\"url\":\"https:\\\/\\\/shop.hidalgo.nl\\\/wp-content\\\/uploads\\\/2026\\\/01\\\/cropped-Logo.png\",\"@id\":\"https:\\\/\\\/bidonsenshakers.nl\\\/de\\\/product\\\/8728\\\/automatenbecher-mepal-bedrucken-165-ml-pp-spuelfest\\\/#organizationLogo\",\"width\":600,\"height\":243},\"image\":{\"@id\":\"https:\\\/\\\/bidonsenshakers.nl\\\/de\\\/product\\\/8728\\\/automatenbecher-mepal-bedrucken-165-ml-pp-spuelfest\\\/#organizationLogo\"},\"sameAs\":[\"https:\\\/\\\/www.facebook.com\\\/hidalgobagsandmore\\\/\",\"https:\\\/\\\/x.com\\\/Hidalgo_BV\\\/status\\\/74021585866067968\",\"https:\\\/\\\/www.instagram.com\\\/hidalgobagsandmore\\\/#\",\"https:\\\/\\\/www.youtube.com\\\/@hidalgobagsandmore\",\"https:\\\/\\\/www.linkedin.com\\\/in\\\/rutgerblommers\\\/\"]},{\"@type\":\"WebPage\",\"@id\":\"https:\\\/\\\/bidonsenshakers.nl\\\/de\\\/product\\\/8728\\\/automatenbecher-mepal-bedrucken-165-ml-pp-spuelfest\\\/#webpage\",\"url\":\"https:\\\/\\\/bidonsenshakers.nl\\\/de\\\/product\\\/8728\\\/automatenbecher-mepal-bedrucken-165-ml-pp-spuelfest\\\/\",\"name\":\"Automatenbecher Mepal bedrucken 165 ml PP sp\\u00fclfest\",\"description\":\"Entdecke den idealen wiederverwendbaren Becher f\\u00fcr deinen Kaffeeautomaten. Robust und stapelbar, eignet er sich perfekt f\\u00fcr hei\\u00dfe & kalte Getr\\u00e4nke. Personalisiere ihn mit deinem Logo f\\u00fcr ein einzigartiges Markenerlebnis auf Messen oder im B\\u00fcro.\",\"inLanguage\":\"de-DE\",\"isPartOf\":{\"@id\":\"https:\\\/\\\/bidonsenshakers.nl\\\/de\\\/#website\"},\"breadcrumb\":{\"@id\":\"https:\\\/\\\/bidonsenshakers.nl\\\/de\\\/product\\\/8728\\\/automatenbecher-mepal-bedrucken-165-ml-pp-spuelfest\\\/#breadcrumblist\"},\"image\":{\"@type\":\"ImageObject\",\"url\":\"https:\\\/\\\/shop.hidalgo.nl\\\/wp-content\\\/uploads\\\/2025\\\/04\\\/d7aa5aa07d6d610705b4b67d0c6e843814576a7974e2b21e790b9890f2403de0.jpg\",\"@id\":\"https:\\\/\\\/bidonsenshakers.nl\\\/de\\\/product\\\/8728\\\/automatenbecher-mepal-bedrucken-165-ml-pp-spuelfest\\\/#mainImage\"},\"primaryImageOfPage\":{\"@id\":\"https:\\\/\\\/bidonsenshakers.nl\\\/de\\\/product\\\/8728\\\/automatenbecher-mepal-bedrucken-165-ml-pp-spuelfest\\\/#mainImage\"},\"datePublished\":\"2026-01-26T13:27:58+00:00\",\"dateModified\":\"2026-02-17T11:56:00+00:00\"},{\"@type\":\"WebSite\",\"@id\":\"https:\\\/\\\/bidonsenshakers.nl\\\/de\\\/#website\",\"url\":\"https:\\\/\\\/bidonsenshakers.nl\\\/de\\\/\",\"name\":\"Trinkflaschen & Shakers\",\"description\":\"Trinkflaschen & Shakers\",\"inLanguage\":\"de-DE\",\"publisher\":{\"@id\":\"https:\\\/\\\/bidonsenshakers.nl\\\/de\\\/#organization\"}}]}\n\t\t<\/script>\n\t\t<!-- All in One SEO Pro -->\r\n\t\t<title>Automatenbecher Mepal bedrucken 165 ml PP sp\u00fclfest<\/title>\n\n","aioseo_head_json":{"title":"Automatenbecher Mepal bedrucken 165 ml PP sp\u00fclfest","description":"Entdecke den idealen wiederverwendbaren Becher f\u00fcr deinen Kaffeeautomaten. Robust und stapelbar, eignet er sich perfekt f\u00fcr hei\u00dfe & kalte Getr\u00e4nke. Personalisiere ihn mit deinem Logo f\u00fcr ein einzigartiges Markenerlebnis auf Messen oder im B\u00fcro.","canonical_url":"https:\/\/bidonsenshakers.nl\/de\/wp-json\/wp\/v2\/product\/8728","robots":"max-image-preview:large","keywords":"","webmasterTools":{"google-site-verification":"BBMiYHShnVBoc8v9xoHf0FXMC27otVB0wiWxw_hFRrM","miscellaneous":""},"schema":{"@context":"https:\/\/schema.org","@graph":[{"@type":"BreadcrumbList","@id":"https:\/\/bidonsenshakers.nl\/de\/product\/8728\/automatenbecher-mepal-bedrucken-165-ml-pp-spuelfest\/#breadcrumblist","itemListElement":[{"@type":"ListItem","@id":"https:\/\/bidonsenshakers.nl\/de\/#listItem","position":1,"name":"Home","item":"https:\/\/bidonsenshakers.nl\/de\/","nextItem":{"@type":"ListItem","@id":"https:\/\/bidonsenshakers.nl\/shop\/#listItem","name":"Shop"}},{"@type":"ListItem","@id":"https:\/\/bidonsenshakers.nl\/shop\/#listItem","position":2,"name":"Shop","item":"https:\/\/bidonsenshakers.nl\/shop\/","nextItem":{"@type":"ListItem","@id":"https:\/\/bidonsenshakers.nl\/de\/product-supplier\/a508\/#listItem","name":"A508"},"previousItem":{"@type":"ListItem","@id":"https:\/\/bidonsenshakers.nl\/de\/#listItem","name":"Home"}},{"@type":"ListItem","@id":"https:\/\/bidonsenshakers.nl\/de\/product-supplier\/a508\/#listItem","position":3,"name":"A508","item":"https:\/\/bidonsenshakers.nl\/de\/product-supplier\/a508\/","nextItem":{"@type":"ListItem","@id":"https:\/\/bidonsenshakers.nl\/de\/product\/8728\/automatenbecher-mepal-bedrucken-165-ml-pp-spuelfest\/#listItem","name":"Mepal Automatenbeker 165 ml"},"previousItem":{"@type":"ListItem","@id":"https:\/\/bidonsenshakers.nl\/shop\/#listItem","name":"Shop"}},{"@type":"ListItem","@id":"https:\/\/bidonsenshakers.nl\/de\/product\/8728\/automatenbecher-mepal-bedrucken-165-ml-pp-spuelfest\/#listItem","position":4,"name":"Mepal Automatenbeker 165 ml","previousItem":{"@type":"ListItem","@id":"https:\/\/bidonsenshakers.nl\/de\/product-supplier\/a508\/#listItem","name":"A508"}}]},{"@type":"Organization","@id":"https:\/\/bidonsenshakers.nl\/de\/#organization","name":"Trinkflaschen & Shakers","description":"Trinkflaschen & Shakers","url":"https:\/\/bidonsenshakers.nl\/de\/","telephone":"+31793310133","logo":{"@type":"ImageObject","url":"https:\/\/shop.hidalgo.nl\/wp-content\/uploads\/2026\/01\/cropped-Logo.png","@id":"https:\/\/bidonsenshakers.nl\/de\/product\/8728\/automatenbecher-mepal-bedrucken-165-ml-pp-spuelfest\/#organizationLogo","width":600,"height":243},"image":{"@id":"https:\/\/bidonsenshakers.nl\/de\/product\/8728\/automatenbecher-mepal-bedrucken-165-ml-pp-spuelfest\/#organizationLogo"},"sameAs":["https:\/\/www.facebook.com\/hidalgobagsandmore\/","https:\/\/x.com\/Hidalgo_BV\/status\/74021585866067968","https:\/\/www.instagram.com\/hidalgobagsandmore\/#","https:\/\/www.youtube.com\/@hidalgobagsandmore","https:\/\/www.linkedin.com\/in\/rutgerblommers\/"]},{"@type":"WebPage","@id":"https:\/\/bidonsenshakers.nl\/de\/product\/8728\/automatenbecher-mepal-bedrucken-165-ml-pp-spuelfest\/#webpage","url":"https:\/\/bidonsenshakers.nl\/de\/product\/8728\/automatenbecher-mepal-bedrucken-165-ml-pp-spuelfest\/","name":"Automatenbecher Mepal bedrucken 165 ml PP sp\u00fclfest","description":"Entdecke den idealen wiederverwendbaren Becher f\u00fcr deinen Kaffeeautomaten. Robust und stapelbar, eignet er sich perfekt f\u00fcr hei\u00dfe & kalte Getr\u00e4nke. Personalisiere ihn mit deinem Logo f\u00fcr ein einzigartiges Markenerlebnis auf Messen oder im B\u00fcro.","inLanguage":"de-DE","isPartOf":{"@id":"https:\/\/bidonsenshakers.nl\/de\/#website"},"breadcrumb":{"@id":"https:\/\/bidonsenshakers.nl\/de\/product\/8728\/automatenbecher-mepal-bedrucken-165-ml-pp-spuelfest\/#breadcrumblist"},"image":{"@type":"ImageObject","url":"https:\/\/shop.hidalgo.nl\/wp-content\/uploads\/2025\/04\/d7aa5aa07d6d610705b4b67d0c6e843814576a7974e2b21e790b9890f2403de0.jpg","@id":"https:\/\/bidonsenshakers.nl\/de\/product\/8728\/automatenbecher-mepal-bedrucken-165-ml-pp-spuelfest\/#mainImage"},"primaryImageOfPage":{"@id":"https:\/\/bidonsenshakers.nl\/de\/product\/8728\/automatenbecher-mepal-bedrucken-165-ml-pp-spuelfest\/#mainImage"},"datePublished":"2026-01-26T13:27:58+00:00","dateModified":"2026-02-17T11:56:00+00:00"},{"@type":"WebSite","@id":"https:\/\/bidonsenshakers.nl\/de\/#website","url":"https:\/\/bidonsenshakers.nl\/de\/","name":"Trinkflaschen & Shakers","description":"Trinkflaschen & Shakers","inLanguage":"de-DE","publisher":{"@id":"https:\/\/bidonsenshakers.nl\/de\/#organization"}}]},"og:locale":"de_DE","og:site_name":"Trinkflaschen &amp; Shakers - Trinkflaschen &amp; Shakers","og:type":"article","og:title":"Automatenbecher Mepal bedrucken 165 ml PP sp\u00fclfest","og:description":"Entdecke den idealen wiederverwendbaren Becher f\u00fcr deinen Kaffeeautomaten. Robust und stapelbar, eignet er sich perfekt f\u00fcr hei\u00dfe &amp; kalte Getr\u00e4nke. Personalisiere ihn mit deinem Logo f\u00fcr ein einzigartiges Markenerlebnis auf Messen oder im B\u00fcro.","og:url":"https:\/\/bidonsenshakers.nl\/de\/wp-json\/wp\/v2\/product\/8728","og:image":"https:\/\/shop.hidalgo.nl\/wp-content\/uploads\/2026\/01\/cropped-Logo.png","og:image:secure_url":"https:\/\/shop.hidalgo.nl\/wp-content\/uploads\/2026\/01\/cropped-Logo.png","article:published_time":"2026-01-26T13:27:58+00:00","article:modified_time":"2026-02-17T11:56:00+00:00","article:publisher":"https:\/\/www.facebook.com\/hidalgobagsandmore\/","twitter:card":"summary_large_image","twitter:site":"@Hidalgo_BV","twitter:title":"Automatenbecher Mepal bedrucken 165 ml PP sp\u00fclfest","twitter:description":"Entdecke den idealen wiederverwendbaren Becher f\u00fcr deinen Kaffeeautomaten. Robust und stapelbar, eignet er sich perfekt f\u00fcr hei\u00dfe &amp; kalte Getr\u00e4nke. Personalisiere ihn mit deinem Logo f\u00fcr ein einzigartiges Markenerlebnis auf Messen oder im B\u00fcro.","twitter:image":"https:\/\/shop.hidalgo.nl\/wp-content\/uploads\/2026\/01\/cropped-Logo.png"},"aioseo_meta_data":{"post_id":"8728","title":null,"description":null,"keywords":null,"keyphrases":null,"canonical_url":null,"og_title":null,"og_description":null,"og_object_type":"default","og_image_type":"default","og_image_custom_url":null,"og_image_custom_fields":null,"og_custom_image_width":null,"og_custom_image_height":null,"og_video":null,"og_custom_url":null,"og_article_section":null,"og_article_tags":null,"twitter_use_og":false,"twitter_card":"default","twitter_image_type":"default","twitter_image_custom_url":null,"twitter_image_custom_fields":null,"twitter_title":null,"twitter_description":null,"schema_type":null,"schema_type_options":null,"pillar_content":false,"robots_default":true,"robots_noindex":false,"robots_noarchive":false,"robots_nosnippet":false,"robots_nofollow":false,"robots_noimageindex":false,"robots_noodp":false,"robots_notranslate":false,"robots_max_snippet":null,"robots_max_videopreview":null,"robots_max_imagepreview":"none","tabs":null,"priority":null,"frequency":null,"local_seo":null,"created":"2026-01-26 13:35:08","updated":"2026-02-18 14:38:08"},"aioseo_breadcrumb":"<div class=\"aioseo-breadcrumbs\"><span class=\"aioseo-breadcrumb\">\n\t<a href=\"https:\/\/bidonsenshakers.nl\/de\/\" title=\"Home\">Home<\/a>\n<\/span><span class=\"aioseo-breadcrumb-separator\">\u00bb<\/span><span class=\"aioseo-breadcrumb\">\n\t<a href=\"https:\/\/bidonsenshakers.nl\/shop\/\" title=\"Shop\">Shop<\/a>\n<\/span><span class=\"aioseo-breadcrumb-separator\">\u00bb<\/span><span class=\"aioseo-breadcrumb\">\n\t<a href=\"https:\/\/bidonsenshakers.nl\/de\/product-supplier\/a508\/\" title=\"A508\">A508<\/a>\n<\/span><span class=\"aioseo-breadcrumb-separator\">\u00bb<\/span><span class=\"aioseo-breadcrumb\">\n\tMepal Automatenbeker 165 ml\n<\/span><\/div>","aioseo_breadcrumb_json":[{"label":"Home","link":"https:\/\/bidonsenshakers.nl\/de\/"},{"label":"Shop","link":"https:\/\/bidonsenshakers.nl\/shop\/"},{"label":"A508","link":"https:\/\/bidonsenshakers.nl\/de\/product-supplier\/a508\/"},{"label":"Mepal Automatenbeker 165 ml","link":"https:\/\/bidonsenshakers.nl\/de\/product\/8728\/automatenbecher-mepal-bedrucken-165-ml-pp-spuelfest\/"}],"_links":{"self":[{"href":"https:\/\/bidonsenshakers.nl\/de\/wp-json\/wp\/v2\/product\/8728","targetHints":{"allow":["GET"]}}],"collection":[{"href":"https:\/\/bidonsenshakers.nl\/de\/wp-json\/wp\/v2\/product"}],"about":[{"href":"https:\/\/bidonsenshakers.nl\/de\/wp-json\/wp\/v2\/types\/product"}],"wp:featuredmedia":[{"embeddable":true,"href":"https:\/\/bidonsenshakers.nl\/de\/wp-json\/wp\/v2\/media\/8729"}],"wp:attachment":[{"href":"https:\/\/bidonsenshakers.nl\/de\/wp-json\/wp\/v2\/media?parent=8728"}],"wp:term":[{"taxonomy":"product_brand","embeddable":true,"href":"https:\/\/bidonsenshakers.nl\/de\/wp-json\/wp\/v2\/product_brand?post=8728"},{"taxonomy":"product_cat","embeddable":true,"href":"https:\/\/bidonsenshakers.nl\/de\/wp-json\/wp\/v2\/product_cat?post=8728"},{"taxonomy":"product_tag","embeddable":true,"href":"https:\/\/bidonsenshakers.nl\/de\/wp-json\/wp\/v2\/product_tag?post=8728"}],"curies":[{"name":"wp","href":"https:\/\/api.w.org\/{rel}","templated":true}]}}