{"id":8805,"date":"2026-01-26T13:48:21","date_gmt":"2026-01-26T13:48:21","guid":{"rendered":"https:\/\/bidonsenshakers.shop.hidalgo.nl\/product\/roestvrijstalen-borrelglazen-benjamin\/"},"modified":"2026-02-17T11:55:59","modified_gmt":"2026-02-17T11:55:59","slug":"roestvrijstalen-borrelglazen-benjamin","status":"publish","type":"product","link":"https:\/\/bidonsenshakers.nl\/de\/product\/8805\/edelstahl-schnapsglaeser-bedrucken-bruchsicheres-4er-set-30-ml\/","title":{"rendered":"Roestvrijstalen borrelglazen Benjamin"},"content":{"rendered":"<p>Roestvrijstalen borrelglazen, set van 4 stuks (30 ml), in een PU leren etui met ritssluiting. Verpakt in een bruine kartonnen doos.<\/p>\n","protected":false},"excerpt":{"rendered":"<p>Roestvrijstalen borrelglazen, set van 4 stuks (30 ml), in een PU leren etui met ritssluiting. Verpakt in een bruine kartonnen doos.<\/p>\n","protected":false},"featured_media":8806,"template":"","meta":{"_acf_changed":false,"om_disable_all_campaigns":false,"_monsterinsights_skip_tracking":false,"_monsterinsights_sitenote_active":false,"_monsterinsights_sitenote_note":"","_monsterinsights_sitenote_category":0},"product_brand":[133],"product_cat":[393],"product_tag":[],"class_list":{"0":"post-8805","1":"product","2":"type-product","3":"status-publish","4":"has-post-thumbnail","6":"product_supplier-a58","7":"product_material-bamboe","8":"product_material-rvs","9":"product_brand-impression","10":"product_cat-bekers","11":"entry","13":"first","14":"instock","15":"taxable","16":"shipping-taxable","17":"purchasable","18":"product-type-variable"},"acf":{"imprint_cost":[{"imprint_cost_key":"27c9c934d1283b97ee80e1236259933ef2b7b074","product_quantity_price_range":[{"imprint_cost_recommended_selling_price":"2.66","imprint_cost_recommended_selling_quantity":"1"},{"imprint_cost_recommended_selling_price":"1.63","imprint_cost_recommended_selling_quantity":"25"},{"imprint_cost_recommended_selling_price":"1.22","imprint_cost_recommended_selling_quantity":"50"},{"imprint_cost_recommended_selling_price":"0.88","imprint_cost_recommended_selling_quantity":"100"},{"imprint_cost_recommended_selling_price":"0.52","imprint_cost_recommended_selling_quantity":"250"},{"imprint_cost_recommended_selling_price":"0.43","imprint_cost_recommended_selling_quantity":"500"},{"imprint_cost_recommended_selling_price":"0.37","imprint_cost_recommended_selling_quantity":"1000"},{"imprint_cost_recommended_selling_price":"0.29","imprint_cost_recommended_selling_quantity":"2500"}],"product_quantity_price_range_buying":false,"imprint_cost_setup_costs":"30.77","imprint_cost_handling_costs":"0.26"},{"imprint_cost_key":"509a593e72493fef526af942a9e25b31540bd584","product_quantity_price_range":[{"imprint_cost_recommended_selling_price":"1.69","imprint_cost_recommended_selling_quantity":"1"},{"imprint_cost_recommended_selling_price":"1.06","imprint_cost_recommended_selling_quantity":"25"},{"imprint_cost_recommended_selling_price":"0.71","imprint_cost_recommended_selling_quantity":"50"},{"imprint_cost_recommended_selling_price":"0.54","imprint_cost_recommended_selling_quantity":"100"},{"imprint_cost_recommended_selling_price":"0.49","imprint_cost_recommended_selling_quantity":"250"},{"imprint_cost_recommended_selling_price":"0.46","imprint_cost_recommended_selling_quantity":"500"},{"imprint_cost_recommended_selling_price":"0.4","imprint_cost_recommended_selling_quantity":"1000"},{"imprint_cost_recommended_selling_price":"0.38","imprint_cost_recommended_selling_quantity":"2500"},{"imprint_cost_recommended_selling_price":"0.37","imprint_cost_recommended_selling_quantity":"5000"},{"imprint_cost_recommended_selling_price":"0.35","imprint_cost_recommended_selling_quantity":"10000"}],"product_quantity_price_range_buying":false,"imprint_cost_setup_costs":"60.77","imprint_cost_handling_costs":"0.2"}]},"aioseo_notices":[],"aioseo_head":"\n\t\t<!-- All in One SEO Pro 4.9.6.1 - aioseo.com -->\n\t<meta name=\"description\" content=\"Dieses robuste Set aus vier schwarzen Schnapsgl\u00e4sern ist ideal f\u00fcr Events und Promotionen. Du kannst dein individuelles Logo hinzuf\u00fcgen, um es perfekt f\u00fcr dein Unternehmen zu gestalten. Das mitgelieferte Etui sch\u00fctzt die Gl\u00e4ser und erm\u00f6glicht einen unkomplizierten Transport.\" \/>\n\t<meta name=\"robots\" content=\"max-image-preview:large\" \/>\n\t<meta name=\"google-site-verification\" content=\"BBMiYHShnVBoc8v9xoHf0FXMC27otVB0wiWxw_hFRrM\" \/>\n\t<link rel=\"canonical\" href=\"https:\/\/bidonsenshakers.nl\/de\/wp-json\/wp\/v2\/product\/8805\" \/>\n\t<meta name=\"generator\" content=\"All in One SEO Pro (AIOSEO) 4.9.6.1\" \/>\n\t\t<meta property=\"og:locale\" content=\"de_DE\" \/>\n\t\t<meta property=\"og:site_name\" content=\"Trinkflaschen &amp; Shakers - Trinkflaschen &amp; Shakers\" \/>\n\t\t<meta property=\"og:type\" content=\"article\" \/>\n\t\t<meta property=\"og:title\" content=\"Edelstahl Schnapsgl\u00e4ser bedrucken: bruchsicheres 4er Set 30 ml\" \/>\n\t\t<meta property=\"og:description\" content=\"Dieses robuste Set aus vier schwarzen Schnapsgl\u00e4sern ist ideal f\u00fcr Events und Promotionen. Du kannst dein individuelles Logo hinzuf\u00fcgen, um es perfekt f\u00fcr dein Unternehmen zu gestalten. Das mitgelieferte Etui sch\u00fctzt die Gl\u00e4ser und erm\u00f6glicht einen unkomplizierten Transport.\" \/>\n\t\t<meta property=\"og:url\" content=\"https:\/\/bidonsenshakers.nl\/de\/wp-json\/wp\/v2\/product\/8805\" \/>\n\t\t<meta property=\"og:image\" content=\"https:\/\/shop.hidalgo.nl\/wp-content\/uploads\/2026\/01\/cropped-Logo.png\" \/>\n\t\t<meta property=\"og:image:secure_url\" content=\"https:\/\/shop.hidalgo.nl\/wp-content\/uploads\/2026\/01\/cropped-Logo.png\" \/>\n\t\t<meta property=\"article:published_time\" content=\"2026-01-26T13:48:21+00:00\" \/>\n\t\t<meta property=\"article:modified_time\" content=\"2026-02-17T11:55:59+00:00\" \/>\n\t\t<meta property=\"article:publisher\" content=\"https:\/\/www.facebook.com\/hidalgobagsandmore\/\" \/>\n\t\t<meta name=\"twitter:card\" content=\"summary_large_image\" \/>\n\t\t<meta name=\"twitter:site\" content=\"@Hidalgo_BV\" \/>\n\t\t<meta name=\"twitter:title\" content=\"Edelstahl Schnapsgl\u00e4ser bedrucken: bruchsicheres 4er Set 30 ml\" \/>\n\t\t<meta name=\"twitter:description\" content=\"Dieses robuste Set aus vier schwarzen Schnapsgl\u00e4sern ist ideal f\u00fcr Events und Promotionen. Du kannst dein individuelles Logo hinzuf\u00fcgen, um es perfekt f\u00fcr dein Unternehmen zu gestalten. Das mitgelieferte Etui sch\u00fctzt die Gl\u00e4ser und erm\u00f6glicht einen unkomplizierten Transport.\" \/>\n\t\t<meta name=\"twitter:image\" content=\"https:\/\/shop.hidalgo.nl\/wp-content\/uploads\/2026\/01\/cropped-Logo.png\" \/>\n\t\t<script type=\"application\/ld+json\" class=\"aioseo-schema\">\n\t\t\t{\"@context\":\"https:\\\/\\\/schema.org\",\"@graph\":[{\"@type\":\"BreadcrumbList\",\"@id\":\"https:\\\/\\\/bidonsenshakers.nl\\\/de\\\/product\\\/8805\\\/edelstahl-schnapsglaeser-bedrucken-bruchsicheres-4er-set-30-ml\\\/#breadcrumblist\",\"itemListElement\":[{\"@type\":\"ListItem\",\"@id\":\"https:\\\/\\\/bidonsenshakers.nl\\\/de\\\/#listItem\",\"position\":1,\"name\":\"Home\",\"item\":\"https:\\\/\\\/bidonsenshakers.nl\\\/de\\\/\",\"nextItem\":{\"@type\":\"ListItem\",\"@id\":\"https:\\\/\\\/bidonsenshakers.nl\\\/shop\\\/#listItem\",\"name\":\"Shop\"}},{\"@type\":\"ListItem\",\"@id\":\"https:\\\/\\\/bidonsenshakers.nl\\\/shop\\\/#listItem\",\"position\":2,\"name\":\"Shop\",\"item\":\"https:\\\/\\\/bidonsenshakers.nl\\\/shop\\\/\",\"nextItem\":{\"@type\":\"ListItem\",\"@id\":\"https:\\\/\\\/bidonsenshakers.nl\\\/de\\\/product-supplier\\\/a58\\\/#listItem\",\"name\":\"A58\"},\"previousItem\":{\"@type\":\"ListItem\",\"@id\":\"https:\\\/\\\/bidonsenshakers.nl\\\/de\\\/#listItem\",\"name\":\"Home\"}},{\"@type\":\"ListItem\",\"@id\":\"https:\\\/\\\/bidonsenshakers.nl\\\/de\\\/product-supplier\\\/a58\\\/#listItem\",\"position\":3,\"name\":\"A58\",\"item\":\"https:\\\/\\\/bidonsenshakers.nl\\\/de\\\/product-supplier\\\/a58\\\/\",\"nextItem\":{\"@type\":\"ListItem\",\"@id\":\"https:\\\/\\\/bidonsenshakers.nl\\\/de\\\/product\\\/8805\\\/edelstahl-schnapsglaeser-bedrucken-bruchsicheres-4er-set-30-ml\\\/#listItem\",\"name\":\"Roestvrijstalen borrelglazen Benjamin\"},\"previousItem\":{\"@type\":\"ListItem\",\"@id\":\"https:\\\/\\\/bidonsenshakers.nl\\\/shop\\\/#listItem\",\"name\":\"Shop\"}},{\"@type\":\"ListItem\",\"@id\":\"https:\\\/\\\/bidonsenshakers.nl\\\/de\\\/product\\\/8805\\\/edelstahl-schnapsglaeser-bedrucken-bruchsicheres-4er-set-30-ml\\\/#listItem\",\"position\":4,\"name\":\"Roestvrijstalen borrelglazen Benjamin\",\"previousItem\":{\"@type\":\"ListItem\",\"@id\":\"https:\\\/\\\/bidonsenshakers.nl\\\/de\\\/product-supplier\\\/a58\\\/#listItem\",\"name\":\"A58\"}}]},{\"@type\":\"Organization\",\"@id\":\"https:\\\/\\\/bidonsenshakers.nl\\\/de\\\/#organization\",\"name\":\"Trinkflaschen & Shakers\",\"description\":\"Trinkflaschen & Shakers\",\"url\":\"https:\\\/\\\/bidonsenshakers.nl\\\/de\\\/\",\"telephone\":\"+31793310133\",\"logo\":{\"@type\":\"ImageObject\",\"url\":\"https:\\\/\\\/shop.hidalgo.nl\\\/wp-content\\\/uploads\\\/2026\\\/01\\\/cropped-Logo.png\",\"@id\":\"https:\\\/\\\/bidonsenshakers.nl\\\/de\\\/product\\\/8805\\\/edelstahl-schnapsglaeser-bedrucken-bruchsicheres-4er-set-30-ml\\\/#organizationLogo\",\"width\":600,\"height\":243},\"image\":{\"@id\":\"https:\\\/\\\/bidonsenshakers.nl\\\/de\\\/product\\\/8805\\\/edelstahl-schnapsglaeser-bedrucken-bruchsicheres-4er-set-30-ml\\\/#organizationLogo\"},\"sameAs\":[\"https:\\\/\\\/www.facebook.com\\\/hidalgobagsandmore\\\/\",\"https:\\\/\\\/x.com\\\/Hidalgo_BV\\\/status\\\/74021585866067968\",\"https:\\\/\\\/www.instagram.com\\\/hidalgobagsandmore\\\/#\",\"https:\\\/\\\/www.youtube.com\\\/@hidalgobagsandmore\",\"https:\\\/\\\/www.linkedin.com\\\/in\\\/rutgerblommers\\\/\"]},{\"@type\":\"WebPage\",\"@id\":\"https:\\\/\\\/bidonsenshakers.nl\\\/de\\\/product\\\/8805\\\/edelstahl-schnapsglaeser-bedrucken-bruchsicheres-4er-set-30-ml\\\/#webpage\",\"url\":\"https:\\\/\\\/bidonsenshakers.nl\\\/de\\\/product\\\/8805\\\/edelstahl-schnapsglaeser-bedrucken-bruchsicheres-4er-set-30-ml\\\/\",\"name\":\"Edelstahl Schnapsgl\\u00e4ser bedrucken: bruchsicheres 4er Set 30 ml\",\"description\":\"Dieses robuste Set aus vier schwarzen Schnapsgl\\u00e4sern ist ideal f\\u00fcr Events und Promotionen. Du kannst dein individuelles Logo hinzuf\\u00fcgen, um es perfekt f\\u00fcr dein Unternehmen zu gestalten. Das mitgelieferte Etui sch\\u00fctzt die Gl\\u00e4ser und erm\\u00f6glicht einen unkomplizierten Transport.\",\"inLanguage\":\"de-DE\",\"isPartOf\":{\"@id\":\"https:\\\/\\\/bidonsenshakers.nl\\\/de\\\/#website\"},\"breadcrumb\":{\"@id\":\"https:\\\/\\\/bidonsenshakers.nl\\\/de\\\/product\\\/8805\\\/edelstahl-schnapsglaeser-bedrucken-bruchsicheres-4er-set-30-ml\\\/#breadcrumblist\"},\"image\":{\"@type\":\"ImageObject\",\"url\":\"https:\\\/\\\/shop.hidalgo.nl\\\/wp-content\\\/uploads\\\/2025\\\/04\\\/b2f42de28f2740b52dc0e928170a818f15e83e097da81bb07b0ee9d9788f0359.jpg\",\"@id\":\"https:\\\/\\\/bidonsenshakers.nl\\\/de\\\/product\\\/8805\\\/edelstahl-schnapsglaeser-bedrucken-bruchsicheres-4er-set-30-ml\\\/#mainImage\"},\"primaryImageOfPage\":{\"@id\":\"https:\\\/\\\/bidonsenshakers.nl\\\/de\\\/product\\\/8805\\\/edelstahl-schnapsglaeser-bedrucken-bruchsicheres-4er-set-30-ml\\\/#mainImage\"},\"datePublished\":\"2026-01-26T13:48:21+00:00\",\"dateModified\":\"2026-02-17T11:55:59+00:00\"},{\"@type\":\"WebSite\",\"@id\":\"https:\\\/\\\/bidonsenshakers.nl\\\/de\\\/#website\",\"url\":\"https:\\\/\\\/bidonsenshakers.nl\\\/de\\\/\",\"name\":\"Trinkflaschen & Shakers\",\"description\":\"Trinkflaschen & Shakers\",\"inLanguage\":\"de-DE\",\"publisher\":{\"@id\":\"https:\\\/\\\/bidonsenshakers.nl\\\/de\\\/#organization\"}}]}\n\t\t<\/script>\n\t\t<!-- All in One SEO Pro -->\r\n\t\t<title>Edelstahl Schnapsgl\u00e4ser bedrucken: bruchsicheres 4er Set 30 ml<\/title>\n\n","aioseo_head_json":{"title":"Edelstahl Schnapsgl\u00e4ser bedrucken: bruchsicheres 4er Set 30 ml","description":"Dieses robuste Set aus vier schwarzen Schnapsgl\u00e4sern ist ideal f\u00fcr Events und Promotionen. Du kannst dein individuelles Logo hinzuf\u00fcgen, um es perfekt f\u00fcr dein Unternehmen zu gestalten. Das mitgelieferte Etui sch\u00fctzt die Gl\u00e4ser und erm\u00f6glicht einen unkomplizierten Transport.","canonical_url":"https:\/\/bidonsenshakers.nl\/de\/wp-json\/wp\/v2\/product\/8805","robots":"max-image-preview:large","keywords":"","webmasterTools":{"google-site-verification":"BBMiYHShnVBoc8v9xoHf0FXMC27otVB0wiWxw_hFRrM","miscellaneous":""},"schema":{"@context":"https:\/\/schema.org","@graph":[{"@type":"BreadcrumbList","@id":"https:\/\/bidonsenshakers.nl\/de\/product\/8805\/edelstahl-schnapsglaeser-bedrucken-bruchsicheres-4er-set-30-ml\/#breadcrumblist","itemListElement":[{"@type":"ListItem","@id":"https:\/\/bidonsenshakers.nl\/de\/#listItem","position":1,"name":"Home","item":"https:\/\/bidonsenshakers.nl\/de\/","nextItem":{"@type":"ListItem","@id":"https:\/\/bidonsenshakers.nl\/shop\/#listItem","name":"Shop"}},{"@type":"ListItem","@id":"https:\/\/bidonsenshakers.nl\/shop\/#listItem","position":2,"name":"Shop","item":"https:\/\/bidonsenshakers.nl\/shop\/","nextItem":{"@type":"ListItem","@id":"https:\/\/bidonsenshakers.nl\/de\/product-supplier\/a58\/#listItem","name":"A58"},"previousItem":{"@type":"ListItem","@id":"https:\/\/bidonsenshakers.nl\/de\/#listItem","name":"Home"}},{"@type":"ListItem","@id":"https:\/\/bidonsenshakers.nl\/de\/product-supplier\/a58\/#listItem","position":3,"name":"A58","item":"https:\/\/bidonsenshakers.nl\/de\/product-supplier\/a58\/","nextItem":{"@type":"ListItem","@id":"https:\/\/bidonsenshakers.nl\/de\/product\/8805\/edelstahl-schnapsglaeser-bedrucken-bruchsicheres-4er-set-30-ml\/#listItem","name":"Roestvrijstalen borrelglazen Benjamin"},"previousItem":{"@type":"ListItem","@id":"https:\/\/bidonsenshakers.nl\/shop\/#listItem","name":"Shop"}},{"@type":"ListItem","@id":"https:\/\/bidonsenshakers.nl\/de\/product\/8805\/edelstahl-schnapsglaeser-bedrucken-bruchsicheres-4er-set-30-ml\/#listItem","position":4,"name":"Roestvrijstalen borrelglazen Benjamin","previousItem":{"@type":"ListItem","@id":"https:\/\/bidonsenshakers.nl\/de\/product-supplier\/a58\/#listItem","name":"A58"}}]},{"@type":"Organization","@id":"https:\/\/bidonsenshakers.nl\/de\/#organization","name":"Trinkflaschen & Shakers","description":"Trinkflaschen & Shakers","url":"https:\/\/bidonsenshakers.nl\/de\/","telephone":"+31793310133","logo":{"@type":"ImageObject","url":"https:\/\/shop.hidalgo.nl\/wp-content\/uploads\/2026\/01\/cropped-Logo.png","@id":"https:\/\/bidonsenshakers.nl\/de\/product\/8805\/edelstahl-schnapsglaeser-bedrucken-bruchsicheres-4er-set-30-ml\/#organizationLogo","width":600,"height":243},"image":{"@id":"https:\/\/bidonsenshakers.nl\/de\/product\/8805\/edelstahl-schnapsglaeser-bedrucken-bruchsicheres-4er-set-30-ml\/#organizationLogo"},"sameAs":["https:\/\/www.facebook.com\/hidalgobagsandmore\/","https:\/\/x.com\/Hidalgo_BV\/status\/74021585866067968","https:\/\/www.instagram.com\/hidalgobagsandmore\/#","https:\/\/www.youtube.com\/@hidalgobagsandmore","https:\/\/www.linkedin.com\/in\/rutgerblommers\/"]},{"@type":"WebPage","@id":"https:\/\/bidonsenshakers.nl\/de\/product\/8805\/edelstahl-schnapsglaeser-bedrucken-bruchsicheres-4er-set-30-ml\/#webpage","url":"https:\/\/bidonsenshakers.nl\/de\/product\/8805\/edelstahl-schnapsglaeser-bedrucken-bruchsicheres-4er-set-30-ml\/","name":"Edelstahl Schnapsgl\u00e4ser bedrucken: bruchsicheres 4er Set 30 ml","description":"Dieses robuste Set aus vier schwarzen Schnapsgl\u00e4sern ist ideal f\u00fcr Events und Promotionen. Du kannst dein individuelles Logo hinzuf\u00fcgen, um es perfekt f\u00fcr dein Unternehmen zu gestalten. Das mitgelieferte Etui sch\u00fctzt die Gl\u00e4ser und erm\u00f6glicht einen unkomplizierten Transport.","inLanguage":"de-DE","isPartOf":{"@id":"https:\/\/bidonsenshakers.nl\/de\/#website"},"breadcrumb":{"@id":"https:\/\/bidonsenshakers.nl\/de\/product\/8805\/edelstahl-schnapsglaeser-bedrucken-bruchsicheres-4er-set-30-ml\/#breadcrumblist"},"image":{"@type":"ImageObject","url":"https:\/\/shop.hidalgo.nl\/wp-content\/uploads\/2025\/04\/b2f42de28f2740b52dc0e928170a818f15e83e097da81bb07b0ee9d9788f0359.jpg","@id":"https:\/\/bidonsenshakers.nl\/de\/product\/8805\/edelstahl-schnapsglaeser-bedrucken-bruchsicheres-4er-set-30-ml\/#mainImage"},"primaryImageOfPage":{"@id":"https:\/\/bidonsenshakers.nl\/de\/product\/8805\/edelstahl-schnapsglaeser-bedrucken-bruchsicheres-4er-set-30-ml\/#mainImage"},"datePublished":"2026-01-26T13:48:21+00:00","dateModified":"2026-02-17T11:55:59+00:00"},{"@type":"WebSite","@id":"https:\/\/bidonsenshakers.nl\/de\/#website","url":"https:\/\/bidonsenshakers.nl\/de\/","name":"Trinkflaschen & Shakers","description":"Trinkflaschen & Shakers","inLanguage":"de-DE","publisher":{"@id":"https:\/\/bidonsenshakers.nl\/de\/#organization"}}]},"og:locale":"de_DE","og:site_name":"Trinkflaschen &amp; Shakers - Trinkflaschen &amp; Shakers","og:type":"article","og:title":"Edelstahl Schnapsgl\u00e4ser bedrucken: bruchsicheres 4er Set 30 ml","og:description":"Dieses robuste Set aus vier schwarzen Schnapsgl\u00e4sern ist ideal f\u00fcr Events und Promotionen. Du kannst dein individuelles Logo hinzuf\u00fcgen, um es perfekt f\u00fcr dein Unternehmen zu gestalten. Das mitgelieferte Etui sch\u00fctzt die Gl\u00e4ser und erm\u00f6glicht einen unkomplizierten Transport.","og:url":"https:\/\/bidonsenshakers.nl\/de\/wp-json\/wp\/v2\/product\/8805","og:image":"https:\/\/shop.hidalgo.nl\/wp-content\/uploads\/2026\/01\/cropped-Logo.png","og:image:secure_url":"https:\/\/shop.hidalgo.nl\/wp-content\/uploads\/2026\/01\/cropped-Logo.png","article:published_time":"2026-01-26T13:48:21+00:00","article:modified_time":"2026-02-17T11:55:59+00:00","article:publisher":"https:\/\/www.facebook.com\/hidalgobagsandmore\/","twitter:card":"summary_large_image","twitter:site":"@Hidalgo_BV","twitter:title":"Edelstahl Schnapsgl\u00e4ser bedrucken: bruchsicheres 4er Set 30 ml","twitter:description":"Dieses robuste Set aus vier schwarzen Schnapsgl\u00e4sern ist ideal f\u00fcr Events und Promotionen. Du kannst dein individuelles Logo hinzuf\u00fcgen, um es perfekt f\u00fcr dein Unternehmen zu gestalten. Das mitgelieferte Etui sch\u00fctzt die Gl\u00e4ser und erm\u00f6glicht einen unkomplizierten Transport.","twitter:image":"https:\/\/shop.hidalgo.nl\/wp-content\/uploads\/2026\/01\/cropped-Logo.png"},"aioseo_meta_data":{"post_id":"8805","title":null,"description":null,"keywords":null,"keyphrases":null,"canonical_url":null,"og_title":null,"og_description":null,"og_object_type":"default","og_image_type":"default","og_image_custom_url":null,"og_image_custom_fields":null,"og_custom_image_width":null,"og_custom_image_height":null,"og_video":null,"og_custom_url":null,"og_article_section":null,"og_article_tags":null,"twitter_use_og":false,"twitter_card":"default","twitter_image_type":"default","twitter_image_custom_url":null,"twitter_image_custom_fields":null,"twitter_title":null,"twitter_description":null,"schema_type":null,"schema_type_options":null,"pillar_content":false,"robots_default":true,"robots_noindex":false,"robots_noarchive":false,"robots_nosnippet":false,"robots_nofollow":false,"robots_noimageindex":false,"robots_noodp":false,"robots_notranslate":false,"robots_max_snippet":null,"robots_max_videopreview":null,"robots_max_imagepreview":"none","tabs":null,"priority":null,"frequency":null,"local_seo":null,"created":"2026-01-26 13:49:48","updated":"2026-02-18 14:39:03"},"aioseo_breadcrumb":"<div class=\"aioseo-breadcrumbs\"><span class=\"aioseo-breadcrumb\">\n\t<a href=\"https:\/\/bidonsenshakers.nl\/de\/\" title=\"Home\">Home<\/a>\n<\/span><span class=\"aioseo-breadcrumb-separator\">\u00bb<\/span><span class=\"aioseo-breadcrumb\">\n\t<a href=\"https:\/\/bidonsenshakers.nl\/shop\/\" title=\"Shop\">Shop<\/a>\n<\/span><span class=\"aioseo-breadcrumb-separator\">\u00bb<\/span><span class=\"aioseo-breadcrumb\">\n\t<a href=\"https:\/\/bidonsenshakers.nl\/de\/product-supplier\/a58\/\" title=\"A58\">A58<\/a>\n<\/span><span class=\"aioseo-breadcrumb-separator\">\u00bb<\/span><span class=\"aioseo-breadcrumb\">\n\tRoestvrijstalen borrelglazen Benjamin\n<\/span><\/div>","aioseo_breadcrumb_json":[{"label":"Home","link":"https:\/\/bidonsenshakers.nl\/de\/"},{"label":"Shop","link":"https:\/\/bidonsenshakers.nl\/shop\/"},{"label":"A58","link":"https:\/\/bidonsenshakers.nl\/de\/product-supplier\/a58\/"},{"label":"Roestvrijstalen borrelglazen Benjamin","link":"https:\/\/bidonsenshakers.nl\/de\/product\/8805\/edelstahl-schnapsglaeser-bedrucken-bruchsicheres-4er-set-30-ml\/"}],"_links":{"self":[{"href":"https:\/\/bidonsenshakers.nl\/de\/wp-json\/wp\/v2\/product\/8805","targetHints":{"allow":["GET"]}}],"collection":[{"href":"https:\/\/bidonsenshakers.nl\/de\/wp-json\/wp\/v2\/product"}],"about":[{"href":"https:\/\/bidonsenshakers.nl\/de\/wp-json\/wp\/v2\/types\/product"}],"wp:featuredmedia":[{"embeddable":true,"href":"https:\/\/bidonsenshakers.nl\/de\/wp-json\/wp\/v2\/media\/8806"}],"wp:attachment":[{"href":"https:\/\/bidonsenshakers.nl\/de\/wp-json\/wp\/v2\/media?parent=8805"}],"wp:term":[{"taxonomy":"product_brand","embeddable":true,"href":"https:\/\/bidonsenshakers.nl\/de\/wp-json\/wp\/v2\/product_brand?post=8805"},{"taxonomy":"product_cat","embeddable":true,"href":"https:\/\/bidonsenshakers.nl\/de\/wp-json\/wp\/v2\/product_cat?post=8805"},{"taxonomy":"product_tag","embeddable":true,"href":"https:\/\/bidonsenshakers.nl\/de\/wp-json\/wp\/v2\/product_tag?post=8805"}],"curies":[{"name":"wp","href":"https:\/\/api.w.org\/{rel}","templated":true}]}}