{"id":9145,"date":"2026-01-26T13:56:13","date_gmt":"2026-01-26T13:56:13","guid":{"rendered":"https:\/\/bidonsenshakers.shop.hidalgo.nl\/product\/roestvrijstalen-heupfles-julia\/"},"modified":"2026-02-17T11:55:57","modified_gmt":"2026-02-17T11:55:57","slug":"roestvrijstalen-heupfles-julia","status":"publish","type":"product","link":"https:\/\/bidonsenshakers.nl\/de\/product\/9145\/edelstahl-flachmann-bedrucken-30-ml-julia-kompakt\/","title":{"rendered":"Roestvrijstalen heupfles Julia"},"content":{"rendered":"<p>Roestvrijstalen (s\/s304) heupfles (30 ml) met karabijnhaak sleutelhanger. Verpakt per stuk in een bruine kartonnen doos.<\/p>\n","protected":false},"excerpt":{"rendered":"<p>Roestvrijstalen (s\/s304) heupfles (30 ml) met karabijnhaak sleutelhanger. Verpakt per stuk in een bruine kartonnen doos.<\/p>\n","protected":false},"featured_media":9146,"template":"","meta":{"_acf_changed":false,"om_disable_all_campaigns":false,"_monsterinsights_skip_tracking":false,"_monsterinsights_sitenote_active":false,"_monsterinsights_sitenote_note":"","_monsterinsights_sitenote_category":0},"product_brand":[133],"product_cat":[286],"product_tag":[],"class_list":{"0":"post-9145","1":"product","2":"type-product","3":"status-publish","4":"has-post-thumbnail","6":"product_supplier-a58","7":"product_material-pp","8":"product_material-rvs-201","9":"product_material-rvs-304","10":"product_material-silicone","11":"product_brand-impression","12":"product_cat-drinkflessen","13":"entry","15":"first","16":"instock","17":"taxable","18":"shipping-taxable","19":"purchasable","20":"product-type-variable"},"acf":{"imprint_cost":[{"imprint_cost_key":"a33b02c8b36f75c386694f25e1bc0878bd6d1d82","product_quantity_price_range":[{"imprint_cost_recommended_selling_price":"2.15","imprint_cost_recommended_selling_quantity":"1"},{"imprint_cost_recommended_selling_price":"1.42","imprint_cost_recommended_selling_quantity":"25"},{"imprint_cost_recommended_selling_price":"1.02","imprint_cost_recommended_selling_quantity":"50"},{"imprint_cost_recommended_selling_price":"0.65","imprint_cost_recommended_selling_quantity":"100"},{"imprint_cost_recommended_selling_price":"0.51","imprint_cost_recommended_selling_quantity":"250"},{"imprint_cost_recommended_selling_price":"0.42","imprint_cost_recommended_selling_quantity":"500"},{"imprint_cost_recommended_selling_price":"0.34","imprint_cost_recommended_selling_quantity":"1000"},{"imprint_cost_recommended_selling_price":"0.28","imprint_cost_recommended_selling_quantity":"2500"},{"imprint_cost_recommended_selling_price":"0.25","imprint_cost_recommended_selling_quantity":"5000"},{"imprint_cost_recommended_selling_price":"0.23","imprint_cost_recommended_selling_quantity":"10000"}],"product_quantity_price_range_buying":false,"imprint_cost_setup_costs":"30.77","imprint_cost_handling_costs":"0.2"},{"imprint_cost_key":"fed8ff8a0b70503f68c0d99342ed1ffab1387598","product_quantity_price_range":[{"imprint_cost_recommended_selling_price":"5.43","imprint_cost_recommended_selling_quantity":"1"},{"imprint_cost_recommended_selling_price":"2.83","imprint_cost_recommended_selling_quantity":"25"},{"imprint_cost_recommended_selling_price":"1.29","imprint_cost_recommended_selling_quantity":"50"},{"imprint_cost_recommended_selling_price":"0.49","imprint_cost_recommended_selling_quantity":"100"},{"imprint_cost_recommended_selling_price":"0.35","imprint_cost_recommended_selling_quantity":"250"},{"imprint_cost_recommended_selling_price":"0.28","imprint_cost_recommended_selling_quantity":"500"},{"imprint_cost_recommended_selling_price":"0.2","imprint_cost_recommended_selling_quantity":"1000"},{"imprint_cost_recommended_selling_price":"0.18","imprint_cost_recommended_selling_quantity":"5000"}],"product_quantity_price_range_buying":false,"imprint_cost_setup_costs":"52.31","imprint_cost_handling_costs":"0.2"},{"imprint_cost_key":"a6738bae044d24288c82081abd832f4af053e35a","product_quantity_price_range":[{"imprint_cost_recommended_selling_price":"10.26","imprint_cost_recommended_selling_quantity":"1"},{"imprint_cost_recommended_selling_price":"5.35","imprint_cost_recommended_selling_quantity":"25"},{"imprint_cost_recommended_selling_price":"2.4","imprint_cost_recommended_selling_quantity":"50"},{"imprint_cost_recommended_selling_price":"0.84","imprint_cost_recommended_selling_quantity":"100"},{"imprint_cost_recommended_selling_price":"0.63","imprint_cost_recommended_selling_quantity":"250"},{"imprint_cost_recommended_selling_price":"0.53","imprint_cost_recommended_selling_quantity":"500"},{"imprint_cost_recommended_selling_price":"0.38","imprint_cost_recommended_selling_quantity":"1000"},{"imprint_cost_recommended_selling_price":"0.35","imprint_cost_recommended_selling_quantity":"5000"},{"imprint_cost_recommended_selling_price":"0.32","imprint_cost_recommended_selling_quantity":"10000"}],"product_quantity_price_range_buying":false,"imprint_cost_setup_costs":"104.62","imprint_cost_handling_costs":"0.2"},{"imprint_cost_key":"ef7927681bc0aa11c119f4d8fabb8c5bd1c99d87","product_quantity_price_range":[{"imprint_cost_recommended_selling_price":"15.09","imprint_cost_recommended_selling_quantity":"1"},{"imprint_cost_recommended_selling_price":"7.87","imprint_cost_recommended_selling_quantity":"25"},{"imprint_cost_recommended_selling_price":"3.51","imprint_cost_recommended_selling_quantity":"50"},{"imprint_cost_recommended_selling_price":"1.19","imprint_cost_recommended_selling_quantity":"100"},{"imprint_cost_recommended_selling_price":"0.91","imprint_cost_recommended_selling_quantity":"250"},{"imprint_cost_recommended_selling_price":"0.78","imprint_cost_recommended_selling_quantity":"500"},{"imprint_cost_recommended_selling_price":"0.56","imprint_cost_recommended_selling_quantity":"1000"},{"imprint_cost_recommended_selling_price":"0.52","imprint_cost_recommended_selling_quantity":"5000"},{"imprint_cost_recommended_selling_price":"0.46","imprint_cost_recommended_selling_quantity":"10000"}],"product_quantity_price_range_buying":false,"imprint_cost_setup_costs":"156.93","imprint_cost_handling_costs":"0.2"},{"imprint_cost_key":"d65e1559e73ee67770322b690d06e409394fcf78","product_quantity_price_range":[{"imprint_cost_recommended_selling_price":"19.92","imprint_cost_recommended_selling_quantity":"1"},{"imprint_cost_recommended_selling_price":"10.39","imprint_cost_recommended_selling_quantity":"25"},{"imprint_cost_recommended_selling_price":"4.62","imprint_cost_recommended_selling_quantity":"50"},{"imprint_cost_recommended_selling_price":"1.54","imprint_cost_recommended_selling_quantity":"100"},{"imprint_cost_recommended_selling_price":"1.19","imprint_cost_recommended_selling_quantity":"250"},{"imprint_cost_recommended_selling_price":"1.03","imprint_cost_recommended_selling_quantity":"500"},{"imprint_cost_recommended_selling_price":"0.74","imprint_cost_recommended_selling_quantity":"1000"},{"imprint_cost_recommended_selling_price":"0.69","imprint_cost_recommended_selling_quantity":"5000"},{"imprint_cost_recommended_selling_price":"0.6","imprint_cost_recommended_selling_quantity":"10000"}],"product_quantity_price_range_buying":false,"imprint_cost_setup_costs":"209.24","imprint_cost_handling_costs":"0.2"},{"imprint_cost_key":"28b5b8bb77ea7fc5c5b761053bc52c3d32aa7357","product_quantity_price_range":[{"imprint_cost_recommended_selling_price":"24.75","imprint_cost_recommended_selling_quantity":"1"},{"imprint_cost_recommended_selling_price":"12.91","imprint_cost_recommended_selling_quantity":"25"},{"imprint_cost_recommended_selling_price":"5.73","imprint_cost_recommended_selling_quantity":"50"},{"imprint_cost_recommended_selling_price":"1.89","imprint_cost_recommended_selling_quantity":"100"},{"imprint_cost_recommended_selling_price":"1.47","imprint_cost_recommended_selling_quantity":"250"},{"imprint_cost_recommended_selling_price":"1.28","imprint_cost_recommended_selling_quantity":"500"},{"imprint_cost_recommended_selling_price":"0.92","imprint_cost_recommended_selling_quantity":"1000"},{"imprint_cost_recommended_selling_price":"0.86","imprint_cost_recommended_selling_quantity":"5000"},{"imprint_cost_recommended_selling_price":"0.74","imprint_cost_recommended_selling_quantity":"10000"}],"product_quantity_price_range_buying":false,"imprint_cost_setup_costs":"261.55","imprint_cost_handling_costs":"0.2"},{"imprint_cost_key":"898c1ac6c9a93c763754e0cddc217b9bffaf2326","product_quantity_price_range":[{"imprint_cost_recommended_selling_price":"2.46","imprint_cost_recommended_selling_quantity":"1"},{"imprint_cost_recommended_selling_price":"1.23","imprint_cost_recommended_selling_quantity":"25"},{"imprint_cost_recommended_selling_price":"0.83","imprint_cost_recommended_selling_quantity":"50"},{"imprint_cost_recommended_selling_price":"0.69","imprint_cost_recommended_selling_quantity":"100"},{"imprint_cost_recommended_selling_price":"0.58","imprint_cost_recommended_selling_quantity":"250"},{"imprint_cost_recommended_selling_price":"0.49","imprint_cost_recommended_selling_quantity":"500"},{"imprint_cost_recommended_selling_price":"0.4","imprint_cost_recommended_selling_quantity":"1000"},{"imprint_cost_recommended_selling_price":"0.37","imprint_cost_recommended_selling_quantity":"2500"},{"imprint_cost_recommended_selling_price":"0.32","imprint_cost_recommended_selling_quantity":"5000"},{"imprint_cost_recommended_selling_price":"0.31","imprint_cost_recommended_selling_quantity":"10000"}],"product_quantity_price_range_buying":false,"imprint_cost_setup_costs":"51.54","imprint_cost_handling_costs":"0.2"}]},"aioseo_notices":[],"aioseo_head":"\n\t\t<!-- All in One SEO Pro 4.9.6.2 - aioseo.com -->\n\t<meta name=\"description\" content=\"Entdecke den stilvollen Edelstahl-Flachmann Julia, perfekt f\u00fcr Events oder als einzigartiges Geschenk. Mit der M\u00f6glichkeit, dein Logo zu gravieren, eignet er sich ideal f\u00fcr Promotionen und bietet praktische Verwendung an Schl\u00fcsselbund oder Rucksack. Perfekt f\u00fcr die trendbewusste Zielgruppe zwischen 20 und 40 Jahren.\" \/>\n\t<meta name=\"robots\" content=\"max-image-preview:large\" \/>\n\t<meta name=\"google-site-verification\" content=\"BBMiYHShnVBoc8v9xoHf0FXMC27otVB0wiWxw_hFRrM\" \/>\n\t<link rel=\"canonical\" href=\"https:\/\/bidonsenshakers.nl\/de\/wp-json\/wp\/v2\/product\/9145\" \/>\n\t<meta name=\"generator\" content=\"All in One SEO Pro (AIOSEO) 4.9.6.2\" \/>\n\t\t<meta property=\"og:locale\" content=\"de_DE\" \/>\n\t\t<meta property=\"og:site_name\" content=\"Trinkflaschen &amp; Shakers - Trinkflaschen &amp; Shakers\" \/>\n\t\t<meta property=\"og:type\" content=\"article\" \/>\n\t\t<meta property=\"og:title\" content=\"Edelstahl Flachmann bedrucken: 30 ml Julia, kompakt\" \/>\n\t\t<meta property=\"og:description\" content=\"Entdecke den stilvollen Edelstahl-Flachmann Julia, perfekt f\u00fcr Events oder als einzigartiges Geschenk. Mit der M\u00f6glichkeit, dein Logo zu gravieren, eignet er sich ideal f\u00fcr Promotionen und bietet praktische Verwendung an Schl\u00fcsselbund oder Rucksack. Perfekt f\u00fcr die trendbewusste Zielgruppe zwischen 20 und 40 Jahren.\" \/>\n\t\t<meta property=\"og:url\" content=\"https:\/\/bidonsenshakers.nl\/de\/wp-json\/wp\/v2\/product\/9145\" \/>\n\t\t<meta property=\"og:image\" content=\"https:\/\/shop.hidalgo.nl\/wp-content\/uploads\/2026\/01\/cropped-Logo.png\" \/>\n\t\t<meta property=\"og:image:secure_url\" content=\"https:\/\/shop.hidalgo.nl\/wp-content\/uploads\/2026\/01\/cropped-Logo.png\" \/>\n\t\t<meta property=\"article:published_time\" content=\"2026-01-26T13:56:13+00:00\" \/>\n\t\t<meta property=\"article:modified_time\" content=\"2026-02-17T11:55:57+00:00\" \/>\n\t\t<meta property=\"article:publisher\" content=\"https:\/\/www.facebook.com\/hidalgobagsandmore\/\" \/>\n\t\t<meta name=\"twitter:card\" content=\"summary_large_image\" \/>\n\t\t<meta name=\"twitter:site\" content=\"@Hidalgo_BV\" \/>\n\t\t<meta name=\"twitter:title\" content=\"Edelstahl Flachmann bedrucken: 30 ml Julia, kompakt\" \/>\n\t\t<meta name=\"twitter:description\" content=\"Entdecke den stilvollen Edelstahl-Flachmann Julia, perfekt f\u00fcr Events oder als einzigartiges Geschenk. Mit der M\u00f6glichkeit, dein Logo zu gravieren, eignet er sich ideal f\u00fcr Promotionen und bietet praktische Verwendung an Schl\u00fcsselbund oder Rucksack. Perfekt f\u00fcr die trendbewusste Zielgruppe zwischen 20 und 40 Jahren.\" \/>\n\t\t<meta name=\"twitter:image\" content=\"https:\/\/shop.hidalgo.nl\/wp-content\/uploads\/2026\/01\/cropped-Logo.png\" \/>\n\t\t<script type=\"application\/ld+json\" class=\"aioseo-schema\">\n\t\t\t{\"@context\":\"https:\\\/\\\/schema.org\",\"@graph\":[{\"@type\":\"BreadcrumbList\",\"@id\":\"https:\\\/\\\/bidonsenshakers.nl\\\/de\\\/product\\\/9145\\\/edelstahl-flachmann-bedrucken-30-ml-julia-kompakt\\\/#breadcrumblist\",\"itemListElement\":[{\"@type\":\"ListItem\",\"@id\":\"https:\\\/\\\/bidonsenshakers.nl\\\/de\\\/#listItem\",\"position\":1,\"name\":\"Home\",\"item\":\"https:\\\/\\\/bidonsenshakers.nl\\\/de\\\/\",\"nextItem\":{\"@type\":\"ListItem\",\"@id\":\"https:\\\/\\\/bidonsenshakers.nl\\\/shop\\\/#listItem\",\"name\":\"Shop\"}},{\"@type\":\"ListItem\",\"@id\":\"https:\\\/\\\/bidonsenshakers.nl\\\/shop\\\/#listItem\",\"position\":2,\"name\":\"Shop\",\"item\":\"https:\\\/\\\/bidonsenshakers.nl\\\/shop\\\/\",\"nextItem\":{\"@type\":\"ListItem\",\"@id\":\"https:\\\/\\\/bidonsenshakers.nl\\\/de\\\/product-supplier\\\/a58\\\/#listItem\",\"name\":\"A58\"},\"previousItem\":{\"@type\":\"ListItem\",\"@id\":\"https:\\\/\\\/bidonsenshakers.nl\\\/de\\\/#listItem\",\"name\":\"Home\"}},{\"@type\":\"ListItem\",\"@id\":\"https:\\\/\\\/bidonsenshakers.nl\\\/de\\\/product-supplier\\\/a58\\\/#listItem\",\"position\":3,\"name\":\"A58\",\"item\":\"https:\\\/\\\/bidonsenshakers.nl\\\/de\\\/product-supplier\\\/a58\\\/\",\"nextItem\":{\"@type\":\"ListItem\",\"@id\":\"https:\\\/\\\/bidonsenshakers.nl\\\/de\\\/product\\\/9145\\\/edelstahl-flachmann-bedrucken-30-ml-julia-kompakt\\\/#listItem\",\"name\":\"Roestvrijstalen heupfles Julia\"},\"previousItem\":{\"@type\":\"ListItem\",\"@id\":\"https:\\\/\\\/bidonsenshakers.nl\\\/shop\\\/#listItem\",\"name\":\"Shop\"}},{\"@type\":\"ListItem\",\"@id\":\"https:\\\/\\\/bidonsenshakers.nl\\\/de\\\/product\\\/9145\\\/edelstahl-flachmann-bedrucken-30-ml-julia-kompakt\\\/#listItem\",\"position\":4,\"name\":\"Roestvrijstalen heupfles Julia\",\"previousItem\":{\"@type\":\"ListItem\",\"@id\":\"https:\\\/\\\/bidonsenshakers.nl\\\/de\\\/product-supplier\\\/a58\\\/#listItem\",\"name\":\"A58\"}}]},{\"@type\":\"Organization\",\"@id\":\"https:\\\/\\\/bidonsenshakers.nl\\\/de\\\/#organization\",\"name\":\"Trinkflaschen & Shakers\",\"description\":\"Trinkflaschen & Shakers\",\"url\":\"https:\\\/\\\/bidonsenshakers.nl\\\/de\\\/\",\"telephone\":\"+31793310133\",\"logo\":{\"@type\":\"ImageObject\",\"url\":\"https:\\\/\\\/shop.hidalgo.nl\\\/wp-content\\\/uploads\\\/2026\\\/01\\\/cropped-Logo.png\",\"@id\":\"https:\\\/\\\/bidonsenshakers.nl\\\/de\\\/product\\\/9145\\\/edelstahl-flachmann-bedrucken-30-ml-julia-kompakt\\\/#organizationLogo\",\"width\":600,\"height\":243},\"image\":{\"@id\":\"https:\\\/\\\/bidonsenshakers.nl\\\/de\\\/product\\\/9145\\\/edelstahl-flachmann-bedrucken-30-ml-julia-kompakt\\\/#organizationLogo\"},\"sameAs\":[\"https:\\\/\\\/www.facebook.com\\\/hidalgobagsandmore\\\/\",\"https:\\\/\\\/x.com\\\/Hidalgo_BV\\\/status\\\/74021585866067968\",\"https:\\\/\\\/www.instagram.com\\\/hidalgobagsandmore\\\/#\",\"https:\\\/\\\/www.youtube.com\\\/@hidalgobagsandmore\",\"https:\\\/\\\/www.linkedin.com\\\/in\\\/rutgerblommers\\\/\"]},{\"@type\":\"WebPage\",\"@id\":\"https:\\\/\\\/bidonsenshakers.nl\\\/de\\\/product\\\/9145\\\/edelstahl-flachmann-bedrucken-30-ml-julia-kompakt\\\/#webpage\",\"url\":\"https:\\\/\\\/bidonsenshakers.nl\\\/de\\\/product\\\/9145\\\/edelstahl-flachmann-bedrucken-30-ml-julia-kompakt\\\/\",\"name\":\"Edelstahl Flachmann bedrucken: 30 ml Julia, kompakt\",\"description\":\"Entdecke den stilvollen Edelstahl-Flachmann Julia, perfekt f\\u00fcr Events oder als einzigartiges Geschenk. Mit der M\\u00f6glichkeit, dein Logo zu gravieren, eignet er sich ideal f\\u00fcr Promotionen und bietet praktische Verwendung an Schl\\u00fcsselbund oder Rucksack. Perfekt f\\u00fcr die trendbewusste Zielgruppe zwischen 20 und 40 Jahren.\",\"inLanguage\":\"de-DE\",\"isPartOf\":{\"@id\":\"https:\\\/\\\/bidonsenshakers.nl\\\/de\\\/#website\"},\"breadcrumb\":{\"@id\":\"https:\\\/\\\/bidonsenshakers.nl\\\/de\\\/product\\\/9145\\\/edelstahl-flachmann-bedrucken-30-ml-julia-kompakt\\\/#breadcrumblist\"},\"image\":{\"@type\":\"ImageObject\",\"url\":\"https:\\\/\\\/shop.hidalgo.nl\\\/wp-content\\\/uploads\\\/2025\\\/04\\\/086c964682f15b170cf83f55d6b939e61da44fe1e8e69149dfb84a2e4ba08468.jpg\",\"@id\":\"https:\\\/\\\/bidonsenshakers.nl\\\/de\\\/product\\\/9145\\\/edelstahl-flachmann-bedrucken-30-ml-julia-kompakt\\\/#mainImage\"},\"primaryImageOfPage\":{\"@id\":\"https:\\\/\\\/bidonsenshakers.nl\\\/de\\\/product\\\/9145\\\/edelstahl-flachmann-bedrucken-30-ml-julia-kompakt\\\/#mainImage\"},\"datePublished\":\"2026-01-26T13:56:13+00:00\",\"dateModified\":\"2026-02-17T11:55:57+00:00\"},{\"@type\":\"WebSite\",\"@id\":\"https:\\\/\\\/bidonsenshakers.nl\\\/de\\\/#website\",\"url\":\"https:\\\/\\\/bidonsenshakers.nl\\\/de\\\/\",\"name\":\"Trinkflaschen & Shakers\",\"description\":\"Trinkflaschen & Shakers\",\"inLanguage\":\"de-DE\",\"publisher\":{\"@id\":\"https:\\\/\\\/bidonsenshakers.nl\\\/de\\\/#organization\"}}]}\n\t\t<\/script>\n\t\t<!-- All in One SEO Pro -->\r\n\t\t<title>Edelstahl Flachmann bedrucken: 30 ml Julia, kompakt<\/title>\n\n","aioseo_head_json":{"title":"Edelstahl Flachmann bedrucken: 30 ml Julia, kompakt","description":"Entdecke den stilvollen Edelstahl-Flachmann Julia, perfekt f\u00fcr Events oder als einzigartiges Geschenk. Mit der M\u00f6glichkeit, dein Logo zu gravieren, eignet er sich ideal f\u00fcr Promotionen und bietet praktische Verwendung an Schl\u00fcsselbund oder Rucksack. Perfekt f\u00fcr die trendbewusste Zielgruppe zwischen 20 und 40 Jahren.","canonical_url":"https:\/\/bidonsenshakers.nl\/de\/wp-json\/wp\/v2\/product\/9145","robots":"max-image-preview:large","keywords":"","webmasterTools":{"google-site-verification":"BBMiYHShnVBoc8v9xoHf0FXMC27otVB0wiWxw_hFRrM","miscellaneous":""},"schema":{"@context":"https:\/\/schema.org","@graph":[{"@type":"BreadcrumbList","@id":"https:\/\/bidonsenshakers.nl\/de\/product\/9145\/edelstahl-flachmann-bedrucken-30-ml-julia-kompakt\/#breadcrumblist","itemListElement":[{"@type":"ListItem","@id":"https:\/\/bidonsenshakers.nl\/de\/#listItem","position":1,"name":"Home","item":"https:\/\/bidonsenshakers.nl\/de\/","nextItem":{"@type":"ListItem","@id":"https:\/\/bidonsenshakers.nl\/shop\/#listItem","name":"Shop"}},{"@type":"ListItem","@id":"https:\/\/bidonsenshakers.nl\/shop\/#listItem","position":2,"name":"Shop","item":"https:\/\/bidonsenshakers.nl\/shop\/","nextItem":{"@type":"ListItem","@id":"https:\/\/bidonsenshakers.nl\/de\/product-supplier\/a58\/#listItem","name":"A58"},"previousItem":{"@type":"ListItem","@id":"https:\/\/bidonsenshakers.nl\/de\/#listItem","name":"Home"}},{"@type":"ListItem","@id":"https:\/\/bidonsenshakers.nl\/de\/product-supplier\/a58\/#listItem","position":3,"name":"A58","item":"https:\/\/bidonsenshakers.nl\/de\/product-supplier\/a58\/","nextItem":{"@type":"ListItem","@id":"https:\/\/bidonsenshakers.nl\/de\/product\/9145\/edelstahl-flachmann-bedrucken-30-ml-julia-kompakt\/#listItem","name":"Roestvrijstalen heupfles Julia"},"previousItem":{"@type":"ListItem","@id":"https:\/\/bidonsenshakers.nl\/shop\/#listItem","name":"Shop"}},{"@type":"ListItem","@id":"https:\/\/bidonsenshakers.nl\/de\/product\/9145\/edelstahl-flachmann-bedrucken-30-ml-julia-kompakt\/#listItem","position":4,"name":"Roestvrijstalen heupfles Julia","previousItem":{"@type":"ListItem","@id":"https:\/\/bidonsenshakers.nl\/de\/product-supplier\/a58\/#listItem","name":"A58"}}]},{"@type":"Organization","@id":"https:\/\/bidonsenshakers.nl\/de\/#organization","name":"Trinkflaschen & Shakers","description":"Trinkflaschen & Shakers","url":"https:\/\/bidonsenshakers.nl\/de\/","telephone":"+31793310133","logo":{"@type":"ImageObject","url":"https:\/\/shop.hidalgo.nl\/wp-content\/uploads\/2026\/01\/cropped-Logo.png","@id":"https:\/\/bidonsenshakers.nl\/de\/product\/9145\/edelstahl-flachmann-bedrucken-30-ml-julia-kompakt\/#organizationLogo","width":600,"height":243},"image":{"@id":"https:\/\/bidonsenshakers.nl\/de\/product\/9145\/edelstahl-flachmann-bedrucken-30-ml-julia-kompakt\/#organizationLogo"},"sameAs":["https:\/\/www.facebook.com\/hidalgobagsandmore\/","https:\/\/x.com\/Hidalgo_BV\/status\/74021585866067968","https:\/\/www.instagram.com\/hidalgobagsandmore\/#","https:\/\/www.youtube.com\/@hidalgobagsandmore","https:\/\/www.linkedin.com\/in\/rutgerblommers\/"]},{"@type":"WebPage","@id":"https:\/\/bidonsenshakers.nl\/de\/product\/9145\/edelstahl-flachmann-bedrucken-30-ml-julia-kompakt\/#webpage","url":"https:\/\/bidonsenshakers.nl\/de\/product\/9145\/edelstahl-flachmann-bedrucken-30-ml-julia-kompakt\/","name":"Edelstahl Flachmann bedrucken: 30 ml Julia, kompakt","description":"Entdecke den stilvollen Edelstahl-Flachmann Julia, perfekt f\u00fcr Events oder als einzigartiges Geschenk. Mit der M\u00f6glichkeit, dein Logo zu gravieren, eignet er sich ideal f\u00fcr Promotionen und bietet praktische Verwendung an Schl\u00fcsselbund oder Rucksack. Perfekt f\u00fcr die trendbewusste Zielgruppe zwischen 20 und 40 Jahren.","inLanguage":"de-DE","isPartOf":{"@id":"https:\/\/bidonsenshakers.nl\/de\/#website"},"breadcrumb":{"@id":"https:\/\/bidonsenshakers.nl\/de\/product\/9145\/edelstahl-flachmann-bedrucken-30-ml-julia-kompakt\/#breadcrumblist"},"image":{"@type":"ImageObject","url":"https:\/\/shop.hidalgo.nl\/wp-content\/uploads\/2025\/04\/086c964682f15b170cf83f55d6b939e61da44fe1e8e69149dfb84a2e4ba08468.jpg","@id":"https:\/\/bidonsenshakers.nl\/de\/product\/9145\/edelstahl-flachmann-bedrucken-30-ml-julia-kompakt\/#mainImage"},"primaryImageOfPage":{"@id":"https:\/\/bidonsenshakers.nl\/de\/product\/9145\/edelstahl-flachmann-bedrucken-30-ml-julia-kompakt\/#mainImage"},"datePublished":"2026-01-26T13:56:13+00:00","dateModified":"2026-02-17T11:55:57+00:00"},{"@type":"WebSite","@id":"https:\/\/bidonsenshakers.nl\/de\/#website","url":"https:\/\/bidonsenshakers.nl\/de\/","name":"Trinkflaschen & Shakers","description":"Trinkflaschen & Shakers","inLanguage":"de-DE","publisher":{"@id":"https:\/\/bidonsenshakers.nl\/de\/#organization"}}]},"og:locale":"de_DE","og:site_name":"Trinkflaschen &amp; Shakers - Trinkflaschen &amp; Shakers","og:type":"article","og:title":"Edelstahl Flachmann bedrucken: 30 ml Julia, kompakt","og:description":"Entdecke den stilvollen Edelstahl-Flachmann Julia, perfekt f\u00fcr Events oder als einzigartiges Geschenk. Mit der M\u00f6glichkeit, dein Logo zu gravieren, eignet er sich ideal f\u00fcr Promotionen und bietet praktische Verwendung an Schl\u00fcsselbund oder Rucksack. Perfekt f\u00fcr die trendbewusste Zielgruppe zwischen 20 und 40 Jahren.","og:url":"https:\/\/bidonsenshakers.nl\/de\/wp-json\/wp\/v2\/product\/9145","og:image":"https:\/\/shop.hidalgo.nl\/wp-content\/uploads\/2026\/01\/cropped-Logo.png","og:image:secure_url":"https:\/\/shop.hidalgo.nl\/wp-content\/uploads\/2026\/01\/cropped-Logo.png","article:published_time":"2026-01-26T13:56:13+00:00","article:modified_time":"2026-02-17T11:55:57+00:00","article:publisher":"https:\/\/www.facebook.com\/hidalgobagsandmore\/","twitter:card":"summary_large_image","twitter:site":"@Hidalgo_BV","twitter:title":"Edelstahl Flachmann bedrucken: 30 ml Julia, kompakt","twitter:description":"Entdecke den stilvollen Edelstahl-Flachmann Julia, perfekt f\u00fcr Events oder als einzigartiges Geschenk. Mit der M\u00f6glichkeit, dein Logo zu gravieren, eignet er sich ideal f\u00fcr Promotionen und bietet praktische Verwendung an Schl\u00fcsselbund oder Rucksack. Perfekt f\u00fcr die trendbewusste Zielgruppe zwischen 20 und 40 Jahren.","twitter:image":"https:\/\/shop.hidalgo.nl\/wp-content\/uploads\/2026\/01\/cropped-Logo.png"},"aioseo_meta_data":{"post_id":"9145","title":null,"description":null,"keywords":null,"keyphrases":null,"canonical_url":null,"og_title":null,"og_description":null,"og_object_type":"default","og_image_type":"default","og_image_custom_url":null,"og_image_custom_fields":null,"og_custom_image_width":null,"og_custom_image_height":null,"og_video":null,"og_custom_url":null,"og_article_section":null,"og_article_tags":null,"twitter_use_og":false,"twitter_card":"default","twitter_image_type":"default","twitter_image_custom_url":null,"twitter_image_custom_fields":null,"twitter_title":null,"twitter_description":null,"schema_type":null,"schema_type_options":null,"pillar_content":false,"robots_default":true,"robots_noindex":false,"robots_noarchive":false,"robots_nosnippet":false,"robots_nofollow":false,"robots_noimageindex":false,"robots_noodp":false,"robots_notranslate":false,"robots_max_snippet":null,"robots_max_videopreview":null,"robots_max_imagepreview":"none","tabs":null,"priority":null,"frequency":null,"local_seo":null,"created":"2026-01-26 14:01:40","updated":"2026-02-18 14:41:07"},"aioseo_breadcrumb":"<div class=\"aioseo-breadcrumbs\"><span class=\"aioseo-breadcrumb\">\n\t<a href=\"https:\/\/bidonsenshakers.nl\/de\/\" title=\"Home\">Home<\/a>\n<\/span><span class=\"aioseo-breadcrumb-separator\">\u00bb<\/span><span class=\"aioseo-breadcrumb\">\n\t<a href=\"https:\/\/bidonsenshakers.nl\/shop\/\" title=\"Shop\">Shop<\/a>\n<\/span><span class=\"aioseo-breadcrumb-separator\">\u00bb<\/span><span class=\"aioseo-breadcrumb\">\n\t<a href=\"https:\/\/bidonsenshakers.nl\/de\/product-supplier\/a58\/\" title=\"A58\">A58<\/a>\n<\/span><span class=\"aioseo-breadcrumb-separator\">\u00bb<\/span><span class=\"aioseo-breadcrumb\">\n\tRoestvrijstalen heupfles Julia\n<\/span><\/div>","aioseo_breadcrumb_json":[{"label":"Home","link":"https:\/\/bidonsenshakers.nl\/de\/"},{"label":"Shop","link":"https:\/\/bidonsenshakers.nl\/shop\/"},{"label":"A58","link":"https:\/\/bidonsenshakers.nl\/de\/product-supplier\/a58\/"},{"label":"Roestvrijstalen heupfles Julia","link":"https:\/\/bidonsenshakers.nl\/de\/product\/9145\/edelstahl-flachmann-bedrucken-30-ml-julia-kompakt\/"}],"_links":{"self":[{"href":"https:\/\/bidonsenshakers.nl\/de\/wp-json\/wp\/v2\/product\/9145","targetHints":{"allow":["GET"]}}],"collection":[{"href":"https:\/\/bidonsenshakers.nl\/de\/wp-json\/wp\/v2\/product"}],"about":[{"href":"https:\/\/bidonsenshakers.nl\/de\/wp-json\/wp\/v2\/types\/product"}],"wp:featuredmedia":[{"embeddable":true,"href":"https:\/\/bidonsenshakers.nl\/de\/wp-json\/wp\/v2\/media\/9146"}],"wp:attachment":[{"href":"https:\/\/bidonsenshakers.nl\/de\/wp-json\/wp\/v2\/media?parent=9145"}],"wp:term":[{"taxonomy":"product_brand","embeddable":true,"href":"https:\/\/bidonsenshakers.nl\/de\/wp-json\/wp\/v2\/product_brand?post=9145"},{"taxonomy":"product_cat","embeddable":true,"href":"https:\/\/bidonsenshakers.nl\/de\/wp-json\/wp\/v2\/product_cat?post=9145"},{"taxonomy":"product_tag","embeddable":true,"href":"https:\/\/bidonsenshakers.nl\/de\/wp-json\/wp\/v2\/product_tag?post=9145"}],"curies":[{"name":"wp","href":"https:\/\/api.w.org\/{rel}","templated":true}]}}