{"id":917,"date":"2026-01-26T08:49:49","date_gmt":"2026-01-26T08:49:49","guid":{"rendered":"https:\/\/bidonsenshakers.shop.hidalgo.nl\/product\/brabantia-make-take-bento-lunchbox-large-2-l\/"},"modified":"2026-02-17T11:56:41","modified_gmt":"2026-02-17T11:56:41","slug":"brabantia-make-take-bento-lunchbox-large-2-l","status":"publish","type":"product","link":"https:\/\/bidonsenshakers.nl\/de\/product\/917\/lunchbox-edelstahl-mit-logo-spuelmaschinenfest-2-liter\/","title":{"rendered":"Brabantia Make &amp; Take Bento Lunchbox Large 2 L"},"content":{"rendered":"<p>Lunchbox van het merk Brabantia van hoogwaardig RVS met uitneembare verdeler. Houd je boterhammen, wraps en broodjes netjes gescheiden. De herbruikbare lunchverpakking heeft een veilige klliksluiting en een luchtdichte sluiting, zodat je lunch langer vers blijft. Geschikt voor de oven (zonder deksel), diepvries en vaatwasmachinebestendig. Gemaakt van 55% gerecycled materiaal. 100% recyclebaar. Met 5 jaar fabrieksgarantie. Inhoud 2.000 ml.<\/p>\n","protected":false},"excerpt":{"rendered":"<p>Lunchbox van het merk Brabantia van hoogwaardig RVS met uitneembare verdeler. Houd je boterhammen, wraps en broodjes netjes gescheiden. De herbruikbare lunchverpakking heeft een veilige klliksluiting en een luchtdichte sluiting, zodat je lunch langer vers blijft. Geschikt voor de oven (zonder deksel), diepvries en vaatwasmachinebestendig. Gemaakt van 55% gerecycled materiaal. 100% recyclebaar. Met 5 jaar&hellip; <a class=\"more-link\" href=\"https:\/\/bidonsenshakers.nl\/de\/product\/917\/lunchbox-edelstahl-mit-logo-spuelmaschinenfest-2-liter\/\"><span class=\"screen-reader-text\">Brabantia Make &amp; Take Bento Lunchbox Large 2 L<\/span> weiterlesen<\/a><\/p>\n","protected":false},"featured_media":918,"template":"","meta":{"_acf_changed":false,"om_disable_all_campaigns":false,"_monsterinsights_skip_tracking":false,"_monsterinsights_sitenote_active":false,"_monsterinsights_sitenote_note":"","_monsterinsights_sitenote_category":0},"product_brand":[150],"product_cat":[140],"product_tag":[],"class_list":{"0":"post-917","1":"product","2":"type-product","3":"status-publish","4":"has-post-thumbnail","6":"product_supplier-a508","7":"product_material-rvssiliconen","8":"product_brand-brabantia","9":"product_cat-lunchboxen-lunchpots","10":"entry","12":"first","13":"instock","14":"taxable","15":"shipping-taxable","16":"purchasable","17":"product-type-variable"},"acf":{"imprint_cost":[{"imprint_cost_key":"b3183818529d51bc6bd2b878643f6e868d507578","product_quantity_price_range":[{"imprint_cost_recommended_selling_price":"2.685","imprint_cost_recommended_selling_quantity":"1"},{"imprint_cost_recommended_selling_price":"1.935","imprint_cost_recommended_selling_quantity":"25"},{"imprint_cost_recommended_selling_price":"1.125","imprint_cost_recommended_selling_quantity":"50"},{"imprint_cost_recommended_selling_price":"0.9","imprint_cost_recommended_selling_quantity":"100"},{"imprint_cost_recommended_selling_price":"0.75","imprint_cost_recommended_selling_quantity":"250"},{"imprint_cost_recommended_selling_price":"0.69","imprint_cost_recommended_selling_quantity":"500"},{"imprint_cost_recommended_selling_price":"0.645","imprint_cost_recommended_selling_quantity":"1000"},{"imprint_cost_recommended_selling_price":"0.615","imprint_cost_recommended_selling_quantity":"2500"},{"imprint_cost_recommended_selling_price":"0.585","imprint_cost_recommended_selling_quantity":"5000"}],"product_quantity_price_range_buying":[{"imprint_cost_general_buying_price":"1.79","imprint_cost_general_buying_quantity":"1"},{"imprint_cost_general_buying_price":"1.29","imprint_cost_general_buying_quantity":"25"},{"imprint_cost_general_buying_price":"0.75","imprint_cost_general_buying_quantity":"50"},{"imprint_cost_general_buying_price":"0.6","imprint_cost_general_buying_quantity":"100"},{"imprint_cost_general_buying_price":"0.5","imprint_cost_general_buying_quantity":"250"},{"imprint_cost_general_buying_price":"0.46","imprint_cost_general_buying_quantity":"500"},{"imprint_cost_general_buying_price":"0.43","imprint_cost_general_buying_quantity":"1000"},{"imprint_cost_general_buying_price":"0.41","imprint_cost_general_buying_quantity":"2500"},{"imprint_cost_general_buying_price":"0.39","imprint_cost_general_buying_quantity":"5000"}],"imprint_cost_setup_costs":"26.25","imprint_cost_handling_costs":"0.09"},{"imprint_cost_key":"c69ea8b2863b7dd61628aae73d0fb52ada15d180","product_quantity_price_range":[{"imprint_cost_recommended_selling_price":"2.985","imprint_cost_recommended_selling_quantity":"1"},{"imprint_cost_recommended_selling_price":"2.235","imprint_cost_recommended_selling_quantity":"25"},{"imprint_cost_recommended_selling_price":"1.425","imprint_cost_recommended_selling_quantity":"50"},{"imprint_cost_recommended_selling_price":"1.2","imprint_cost_recommended_selling_quantity":"100"},{"imprint_cost_recommended_selling_price":"1.05","imprint_cost_recommended_selling_quantity":"250"},{"imprint_cost_recommended_selling_price":"0.99","imprint_cost_recommended_selling_quantity":"500"},{"imprint_cost_recommended_selling_price":"0.945","imprint_cost_recommended_selling_quantity":"1000"},{"imprint_cost_recommended_selling_price":"0.915","imprint_cost_recommended_selling_quantity":"2500"},{"imprint_cost_recommended_selling_price":"0.885","imprint_cost_recommended_selling_quantity":"5000"}],"product_quantity_price_range_buying":[{"imprint_cost_general_buying_price":"1.99","imprint_cost_general_buying_quantity":"1"},{"imprint_cost_general_buying_price":"1.49","imprint_cost_general_buying_quantity":"25"},{"imprint_cost_general_buying_price":"0.95","imprint_cost_general_buying_quantity":"50"},{"imprint_cost_general_buying_price":"0.8","imprint_cost_general_buying_quantity":"100"},{"imprint_cost_general_buying_price":"0.7","imprint_cost_general_buying_quantity":"250"},{"imprint_cost_general_buying_price":"0.66","imprint_cost_general_buying_quantity":"500"},{"imprint_cost_general_buying_price":"0.63","imprint_cost_general_buying_quantity":"1000"},{"imprint_cost_general_buying_price":"0.61","imprint_cost_general_buying_quantity":"2500"},{"imprint_cost_general_buying_price":"0.59","imprint_cost_general_buying_quantity":"5000"}],"imprint_cost_setup_costs":"26.25","imprint_cost_handling_costs":"0.09"}]},"aioseo_notices":[],"aioseo_head":"\n\t\t<!-- All in One SEO Pro 4.9.6.1 - aioseo.com -->\n\t<meta name=\"description\" content=\"Entdecke die Vielseitigkeit dieser Edelstahl-Lunchbox, ideal f\u00fcr B\u00fcro &amp; unterwegs. Mit herausnehmbarer Trennwand bleibt alles an seinem Platz, w\u00e4hrend der sichere Klickverschluss alles frisch h\u00e4lt. Perfekt f\u00fcr umweltbewusste Mahlzeiten und personalisierbar mit deinem Logo!\" \/>\n\t<meta name=\"robots\" content=\"max-image-preview:large\" \/>\n\t<meta name=\"google-site-verification\" content=\"BBMiYHShnVBoc8v9xoHf0FXMC27otVB0wiWxw_hFRrM\" \/>\n\t<link rel=\"canonical\" href=\"https:\/\/bidonsenshakers.nl\/de\/wp-json\/wp\/v2\/product\/917\" \/>\n\t<meta name=\"generator\" content=\"All in One SEO Pro (AIOSEO) 4.9.6.1\" \/>\n\t\t<meta property=\"og:locale\" content=\"de_DE\" \/>\n\t\t<meta property=\"og:site_name\" content=\"Trinkflaschen &amp; Shakers - Trinkflaschen &amp; Shakers\" \/>\n\t\t<meta property=\"og:type\" content=\"article\" \/>\n\t\t<meta property=\"og:title\" content=\"Lunchbox Edelstahl mit Logo, sp\u00fclmaschinenfest, 2 Liter\" \/>\n\t\t<meta property=\"og:description\" content=\"Entdecke die Vielseitigkeit dieser Edelstahl-Lunchbox, ideal f\u00fcr B\u00fcro &amp; unterwegs. Mit herausnehmbarer Trennwand bleibt alles an seinem Platz, w\u00e4hrend der sichere Klickverschluss alles frisch h\u00e4lt. Perfekt f\u00fcr umweltbewusste Mahlzeiten und personalisierbar mit deinem Logo!\" \/>\n\t\t<meta property=\"og:url\" content=\"https:\/\/bidonsenshakers.nl\/de\/wp-json\/wp\/v2\/product\/917\" \/>\n\t\t<meta property=\"og:image\" content=\"https:\/\/shop.hidalgo.nl\/wp-content\/uploads\/2026\/01\/cropped-Logo.png\" \/>\n\t\t<meta property=\"og:image:secure_url\" content=\"https:\/\/shop.hidalgo.nl\/wp-content\/uploads\/2026\/01\/cropped-Logo.png\" \/>\n\t\t<meta property=\"article:published_time\" content=\"2026-01-26T08:49:49+00:00\" \/>\n\t\t<meta property=\"article:modified_time\" content=\"2026-02-17T11:56:41+00:00\" \/>\n\t\t<meta property=\"article:publisher\" content=\"https:\/\/www.facebook.com\/hidalgobagsandmore\/\" \/>\n\t\t<meta name=\"twitter:card\" content=\"summary_large_image\" \/>\n\t\t<meta name=\"twitter:site\" content=\"@Hidalgo_BV\" \/>\n\t\t<meta name=\"twitter:title\" content=\"Lunchbox Edelstahl mit Logo, sp\u00fclmaschinenfest, 2 Liter\" \/>\n\t\t<meta name=\"twitter:description\" content=\"Entdecke die Vielseitigkeit dieser Edelstahl-Lunchbox, ideal f\u00fcr B\u00fcro &amp; unterwegs. Mit herausnehmbarer Trennwand bleibt alles an seinem Platz, w\u00e4hrend der sichere Klickverschluss alles frisch h\u00e4lt. Perfekt f\u00fcr umweltbewusste Mahlzeiten und personalisierbar mit deinem Logo!\" \/>\n\t\t<meta name=\"twitter:image\" content=\"https:\/\/shop.hidalgo.nl\/wp-content\/uploads\/2026\/01\/cropped-Logo.png\" \/>\n\t\t<script type=\"application\/ld+json\" class=\"aioseo-schema\">\n\t\t\t{\"@context\":\"https:\\\/\\\/schema.org\",\"@graph\":[{\"@type\":\"BreadcrumbList\",\"@id\":\"https:\\\/\\\/bidonsenshakers.nl\\\/de\\\/product\\\/917\\\/lunchbox-edelstahl-mit-logo-spuelmaschinenfest-2-liter\\\/#breadcrumblist\",\"itemListElement\":[{\"@type\":\"ListItem\",\"@id\":\"https:\\\/\\\/bidonsenshakers.nl\\\/de\\\/#listItem\",\"position\":1,\"name\":\"Home\",\"item\":\"https:\\\/\\\/bidonsenshakers.nl\\\/de\\\/\",\"nextItem\":{\"@type\":\"ListItem\",\"@id\":\"https:\\\/\\\/bidonsenshakers.nl\\\/shop\\\/#listItem\",\"name\":\"Shop\"}},{\"@type\":\"ListItem\",\"@id\":\"https:\\\/\\\/bidonsenshakers.nl\\\/shop\\\/#listItem\",\"position\":2,\"name\":\"Shop\",\"item\":\"https:\\\/\\\/bidonsenshakers.nl\\\/shop\\\/\",\"nextItem\":{\"@type\":\"ListItem\",\"@id\":\"https:\\\/\\\/bidonsenshakers.nl\\\/de\\\/product-supplier\\\/a508\\\/#listItem\",\"name\":\"A508\"},\"previousItem\":{\"@type\":\"ListItem\",\"@id\":\"https:\\\/\\\/bidonsenshakers.nl\\\/de\\\/#listItem\",\"name\":\"Home\"}},{\"@type\":\"ListItem\",\"@id\":\"https:\\\/\\\/bidonsenshakers.nl\\\/de\\\/product-supplier\\\/a508\\\/#listItem\",\"position\":3,\"name\":\"A508\",\"item\":\"https:\\\/\\\/bidonsenshakers.nl\\\/de\\\/product-supplier\\\/a508\\\/\",\"nextItem\":{\"@type\":\"ListItem\",\"@id\":\"https:\\\/\\\/bidonsenshakers.nl\\\/de\\\/product\\\/917\\\/lunchbox-edelstahl-mit-logo-spuelmaschinenfest-2-liter\\\/#listItem\",\"name\":\"Brabantia Make &amp; Take Bento Lunchbox Large 2 L\"},\"previousItem\":{\"@type\":\"ListItem\",\"@id\":\"https:\\\/\\\/bidonsenshakers.nl\\\/shop\\\/#listItem\",\"name\":\"Shop\"}},{\"@type\":\"ListItem\",\"@id\":\"https:\\\/\\\/bidonsenshakers.nl\\\/de\\\/product\\\/917\\\/lunchbox-edelstahl-mit-logo-spuelmaschinenfest-2-liter\\\/#listItem\",\"position\":4,\"name\":\"Brabantia Make &amp; Take Bento Lunchbox Large 2 L\",\"previousItem\":{\"@type\":\"ListItem\",\"@id\":\"https:\\\/\\\/bidonsenshakers.nl\\\/de\\\/product-supplier\\\/a508\\\/#listItem\",\"name\":\"A508\"}}]},{\"@type\":\"Organization\",\"@id\":\"https:\\\/\\\/bidonsenshakers.nl\\\/de\\\/#organization\",\"name\":\"Trinkflaschen & Shakers\",\"description\":\"Trinkflaschen & Shakers\",\"url\":\"https:\\\/\\\/bidonsenshakers.nl\\\/de\\\/\",\"telephone\":\"+31793310133\",\"logo\":{\"@type\":\"ImageObject\",\"url\":\"https:\\\/\\\/shop.hidalgo.nl\\\/wp-content\\\/uploads\\\/2026\\\/01\\\/cropped-Logo.png\",\"@id\":\"https:\\\/\\\/bidonsenshakers.nl\\\/de\\\/product\\\/917\\\/lunchbox-edelstahl-mit-logo-spuelmaschinenfest-2-liter\\\/#organizationLogo\",\"width\":600,\"height\":243},\"image\":{\"@id\":\"https:\\\/\\\/bidonsenshakers.nl\\\/de\\\/product\\\/917\\\/lunchbox-edelstahl-mit-logo-spuelmaschinenfest-2-liter\\\/#organizationLogo\"},\"sameAs\":[\"https:\\\/\\\/www.facebook.com\\\/hidalgobagsandmore\\\/\",\"https:\\\/\\\/x.com\\\/Hidalgo_BV\\\/status\\\/74021585866067968\",\"https:\\\/\\\/www.instagram.com\\\/hidalgobagsandmore\\\/#\",\"https:\\\/\\\/www.youtube.com\\\/@hidalgobagsandmore\",\"https:\\\/\\\/www.linkedin.com\\\/in\\\/rutgerblommers\\\/\"]},{\"@type\":\"WebPage\",\"@id\":\"https:\\\/\\\/bidonsenshakers.nl\\\/de\\\/product\\\/917\\\/lunchbox-edelstahl-mit-logo-spuelmaschinenfest-2-liter\\\/#webpage\",\"url\":\"https:\\\/\\\/bidonsenshakers.nl\\\/de\\\/product\\\/917\\\/lunchbox-edelstahl-mit-logo-spuelmaschinenfest-2-liter\\\/\",\"name\":\"Lunchbox Edelstahl mit Logo, sp\\u00fclmaschinenfest, 2 Liter\",\"description\":\"Entdecke die Vielseitigkeit dieser Edelstahl-Lunchbox, ideal f\\u00fcr B\\u00fcro & unterwegs. Mit herausnehmbarer Trennwand bleibt alles an seinem Platz, w\\u00e4hrend der sichere Klickverschluss alles frisch h\\u00e4lt. Perfekt f\\u00fcr umweltbewusste Mahlzeiten und personalisierbar mit deinem Logo!\",\"inLanguage\":\"de-DE\",\"isPartOf\":{\"@id\":\"https:\\\/\\\/bidonsenshakers.nl\\\/de\\\/#website\"},\"breadcrumb\":{\"@id\":\"https:\\\/\\\/bidonsenshakers.nl\\\/de\\\/product\\\/917\\\/lunchbox-edelstahl-mit-logo-spuelmaschinenfest-2-liter\\\/#breadcrumblist\"},\"image\":{\"@type\":\"ImageObject\",\"url\":\"https:\\\/\\\/shop.hidalgo.nl\\\/wp-content\\\/uploads\\\/2025\\\/06\\\/9ebf1212e2181347d0030820ad8386f22cf7b42eb64db5245bff853897d91c33.jpg\",\"@id\":\"https:\\\/\\\/bidonsenshakers.nl\\\/de\\\/product\\\/917\\\/lunchbox-edelstahl-mit-logo-spuelmaschinenfest-2-liter\\\/#mainImage\"},\"primaryImageOfPage\":{\"@id\":\"https:\\\/\\\/bidonsenshakers.nl\\\/de\\\/product\\\/917\\\/lunchbox-edelstahl-mit-logo-spuelmaschinenfest-2-liter\\\/#mainImage\"},\"datePublished\":\"2026-01-26T08:49:49+00:00\",\"dateModified\":\"2026-02-17T11:56:41+00:00\"},{\"@type\":\"WebSite\",\"@id\":\"https:\\\/\\\/bidonsenshakers.nl\\\/de\\\/#website\",\"url\":\"https:\\\/\\\/bidonsenshakers.nl\\\/de\\\/\",\"name\":\"Trinkflaschen & Shakers\",\"description\":\"Trinkflaschen & Shakers\",\"inLanguage\":\"de-DE\",\"publisher\":{\"@id\":\"https:\\\/\\\/bidonsenshakers.nl\\\/de\\\/#organization\"}}]}\n\t\t<\/script>\n\t\t<!-- All in One SEO Pro -->\r\n\t\t<title>Lunchbox Edelstahl mit Logo, sp\u00fclmaschinenfest, 2 Liter<\/title>\n\n","aioseo_head_json":{"title":"Lunchbox Edelstahl mit Logo, sp\u00fclmaschinenfest, 2 Liter","description":"Entdecke die Vielseitigkeit dieser Edelstahl-Lunchbox, ideal f\u00fcr B\u00fcro & unterwegs. Mit herausnehmbarer Trennwand bleibt alles an seinem Platz, w\u00e4hrend der sichere Klickverschluss alles frisch h\u00e4lt. Perfekt f\u00fcr umweltbewusste Mahlzeiten und personalisierbar mit deinem Logo!","canonical_url":"https:\/\/bidonsenshakers.nl\/de\/wp-json\/wp\/v2\/product\/917","robots":"max-image-preview:large","keywords":"","webmasterTools":{"google-site-verification":"BBMiYHShnVBoc8v9xoHf0FXMC27otVB0wiWxw_hFRrM","miscellaneous":""},"schema":{"@context":"https:\/\/schema.org","@graph":[{"@type":"BreadcrumbList","@id":"https:\/\/bidonsenshakers.nl\/de\/product\/917\/lunchbox-edelstahl-mit-logo-spuelmaschinenfest-2-liter\/#breadcrumblist","itemListElement":[{"@type":"ListItem","@id":"https:\/\/bidonsenshakers.nl\/de\/#listItem","position":1,"name":"Home","item":"https:\/\/bidonsenshakers.nl\/de\/","nextItem":{"@type":"ListItem","@id":"https:\/\/bidonsenshakers.nl\/shop\/#listItem","name":"Shop"}},{"@type":"ListItem","@id":"https:\/\/bidonsenshakers.nl\/shop\/#listItem","position":2,"name":"Shop","item":"https:\/\/bidonsenshakers.nl\/shop\/","nextItem":{"@type":"ListItem","@id":"https:\/\/bidonsenshakers.nl\/de\/product-supplier\/a508\/#listItem","name":"A508"},"previousItem":{"@type":"ListItem","@id":"https:\/\/bidonsenshakers.nl\/de\/#listItem","name":"Home"}},{"@type":"ListItem","@id":"https:\/\/bidonsenshakers.nl\/de\/product-supplier\/a508\/#listItem","position":3,"name":"A508","item":"https:\/\/bidonsenshakers.nl\/de\/product-supplier\/a508\/","nextItem":{"@type":"ListItem","@id":"https:\/\/bidonsenshakers.nl\/de\/product\/917\/lunchbox-edelstahl-mit-logo-spuelmaschinenfest-2-liter\/#listItem","name":"Brabantia Make &amp; Take Bento Lunchbox Large 2 L"},"previousItem":{"@type":"ListItem","@id":"https:\/\/bidonsenshakers.nl\/shop\/#listItem","name":"Shop"}},{"@type":"ListItem","@id":"https:\/\/bidonsenshakers.nl\/de\/product\/917\/lunchbox-edelstahl-mit-logo-spuelmaschinenfest-2-liter\/#listItem","position":4,"name":"Brabantia Make &amp; Take Bento Lunchbox Large 2 L","previousItem":{"@type":"ListItem","@id":"https:\/\/bidonsenshakers.nl\/de\/product-supplier\/a508\/#listItem","name":"A508"}}]},{"@type":"Organization","@id":"https:\/\/bidonsenshakers.nl\/de\/#organization","name":"Trinkflaschen & Shakers","description":"Trinkflaschen & Shakers","url":"https:\/\/bidonsenshakers.nl\/de\/","telephone":"+31793310133","logo":{"@type":"ImageObject","url":"https:\/\/shop.hidalgo.nl\/wp-content\/uploads\/2026\/01\/cropped-Logo.png","@id":"https:\/\/bidonsenshakers.nl\/de\/product\/917\/lunchbox-edelstahl-mit-logo-spuelmaschinenfest-2-liter\/#organizationLogo","width":600,"height":243},"image":{"@id":"https:\/\/bidonsenshakers.nl\/de\/product\/917\/lunchbox-edelstahl-mit-logo-spuelmaschinenfest-2-liter\/#organizationLogo"},"sameAs":["https:\/\/www.facebook.com\/hidalgobagsandmore\/","https:\/\/x.com\/Hidalgo_BV\/status\/74021585866067968","https:\/\/www.instagram.com\/hidalgobagsandmore\/#","https:\/\/www.youtube.com\/@hidalgobagsandmore","https:\/\/www.linkedin.com\/in\/rutgerblommers\/"]},{"@type":"WebPage","@id":"https:\/\/bidonsenshakers.nl\/de\/product\/917\/lunchbox-edelstahl-mit-logo-spuelmaschinenfest-2-liter\/#webpage","url":"https:\/\/bidonsenshakers.nl\/de\/product\/917\/lunchbox-edelstahl-mit-logo-spuelmaschinenfest-2-liter\/","name":"Lunchbox Edelstahl mit Logo, sp\u00fclmaschinenfest, 2 Liter","description":"Entdecke die Vielseitigkeit dieser Edelstahl-Lunchbox, ideal f\u00fcr B\u00fcro & unterwegs. Mit herausnehmbarer Trennwand bleibt alles an seinem Platz, w\u00e4hrend der sichere Klickverschluss alles frisch h\u00e4lt. Perfekt f\u00fcr umweltbewusste Mahlzeiten und personalisierbar mit deinem Logo!","inLanguage":"de-DE","isPartOf":{"@id":"https:\/\/bidonsenshakers.nl\/de\/#website"},"breadcrumb":{"@id":"https:\/\/bidonsenshakers.nl\/de\/product\/917\/lunchbox-edelstahl-mit-logo-spuelmaschinenfest-2-liter\/#breadcrumblist"},"image":{"@type":"ImageObject","url":"https:\/\/shop.hidalgo.nl\/wp-content\/uploads\/2025\/06\/9ebf1212e2181347d0030820ad8386f22cf7b42eb64db5245bff853897d91c33.jpg","@id":"https:\/\/bidonsenshakers.nl\/de\/product\/917\/lunchbox-edelstahl-mit-logo-spuelmaschinenfest-2-liter\/#mainImage"},"primaryImageOfPage":{"@id":"https:\/\/bidonsenshakers.nl\/de\/product\/917\/lunchbox-edelstahl-mit-logo-spuelmaschinenfest-2-liter\/#mainImage"},"datePublished":"2026-01-26T08:49:49+00:00","dateModified":"2026-02-17T11:56:41+00:00"},{"@type":"WebSite","@id":"https:\/\/bidonsenshakers.nl\/de\/#website","url":"https:\/\/bidonsenshakers.nl\/de\/","name":"Trinkflaschen & Shakers","description":"Trinkflaschen & Shakers","inLanguage":"de-DE","publisher":{"@id":"https:\/\/bidonsenshakers.nl\/de\/#organization"}}]},"og:locale":"de_DE","og:site_name":"Trinkflaschen &amp; Shakers - Trinkflaschen &amp; Shakers","og:type":"article","og:title":"Lunchbox Edelstahl mit Logo, sp\u00fclmaschinenfest, 2 Liter","og:description":"Entdecke die Vielseitigkeit dieser Edelstahl-Lunchbox, ideal f\u00fcr B\u00fcro &amp; unterwegs. Mit herausnehmbarer Trennwand bleibt alles an seinem Platz, w\u00e4hrend der sichere Klickverschluss alles frisch h\u00e4lt. Perfekt f\u00fcr umweltbewusste Mahlzeiten und personalisierbar mit deinem Logo!","og:url":"https:\/\/bidonsenshakers.nl\/de\/wp-json\/wp\/v2\/product\/917","og:image":"https:\/\/shop.hidalgo.nl\/wp-content\/uploads\/2026\/01\/cropped-Logo.png","og:image:secure_url":"https:\/\/shop.hidalgo.nl\/wp-content\/uploads\/2026\/01\/cropped-Logo.png","article:published_time":"2026-01-26T08:49:49+00:00","article:modified_time":"2026-02-17T11:56:41+00:00","article:publisher":"https:\/\/www.facebook.com\/hidalgobagsandmore\/","twitter:card":"summary_large_image","twitter:site":"@Hidalgo_BV","twitter:title":"Lunchbox Edelstahl mit Logo, sp\u00fclmaschinenfest, 2 Liter","twitter:description":"Entdecke die Vielseitigkeit dieser Edelstahl-Lunchbox, ideal f\u00fcr B\u00fcro &amp; unterwegs. Mit herausnehmbarer Trennwand bleibt alles an seinem Platz, w\u00e4hrend der sichere Klickverschluss alles frisch h\u00e4lt. Perfekt f\u00fcr umweltbewusste Mahlzeiten und personalisierbar mit deinem Logo!","twitter:image":"https:\/\/shop.hidalgo.nl\/wp-content\/uploads\/2026\/01\/cropped-Logo.png"},"aioseo_meta_data":{"post_id":"917","title":null,"description":null,"keywords":null,"keyphrases":null,"canonical_url":null,"og_title":null,"og_description":null,"og_object_type":"default","og_image_type":"default","og_image_custom_url":null,"og_image_custom_fields":null,"og_custom_image_width":null,"og_custom_image_height":null,"og_video":null,"og_custom_url":null,"og_article_section":null,"og_article_tags":null,"twitter_use_og":false,"twitter_card":"default","twitter_image_type":"default","twitter_image_custom_url":null,"twitter_image_custom_fields":null,"twitter_title":null,"twitter_description":null,"schema_type":null,"schema_type_options":null,"pillar_content":false,"robots_default":true,"robots_noindex":false,"robots_noarchive":false,"robots_nosnippet":false,"robots_nofollow":false,"robots_noimageindex":false,"robots_noodp":false,"robots_notranslate":false,"robots_max_snippet":null,"robots_max_videopreview":null,"robots_max_imagepreview":"none","tabs":null,"priority":null,"frequency":null,"local_seo":null,"created":"2026-01-26 09:25:41","updated":"2026-02-17 12:53:48"},"aioseo_breadcrumb":"<div class=\"aioseo-breadcrumbs\"><span class=\"aioseo-breadcrumb\">\n\t<a href=\"https:\/\/bidonsenshakers.nl\/de\/\" title=\"Home\">Home<\/a>\n<\/span><span class=\"aioseo-breadcrumb-separator\">\u00bb<\/span><span class=\"aioseo-breadcrumb\">\n\t<a href=\"https:\/\/bidonsenshakers.nl\/shop\/\" title=\"Shop\">Shop<\/a>\n<\/span><span class=\"aioseo-breadcrumb-separator\">\u00bb<\/span><span class=\"aioseo-breadcrumb\">\n\t<a href=\"https:\/\/bidonsenshakers.nl\/de\/product-supplier\/a508\/\" title=\"A508\">A508<\/a>\n<\/span><span class=\"aioseo-breadcrumb-separator\">\u00bb<\/span><span class=\"aioseo-breadcrumb\">\n\tBrabantia Make &amp; Take Bento Lunchbox Large 2 L\n<\/span><\/div>","aioseo_breadcrumb_json":[{"label":"Home","link":"https:\/\/bidonsenshakers.nl\/de\/"},{"label":"Shop","link":"https:\/\/bidonsenshakers.nl\/shop\/"},{"label":"A508","link":"https:\/\/bidonsenshakers.nl\/de\/product-supplier\/a508\/"},{"label":"Brabantia Make &amp; Take Bento Lunchbox Large 2 L","link":"https:\/\/bidonsenshakers.nl\/de\/product\/917\/lunchbox-edelstahl-mit-logo-spuelmaschinenfest-2-liter\/"}],"_links":{"self":[{"href":"https:\/\/bidonsenshakers.nl\/de\/wp-json\/wp\/v2\/product\/917","targetHints":{"allow":["GET"]}}],"collection":[{"href":"https:\/\/bidonsenshakers.nl\/de\/wp-json\/wp\/v2\/product"}],"about":[{"href":"https:\/\/bidonsenshakers.nl\/de\/wp-json\/wp\/v2\/types\/product"}],"wp:featuredmedia":[{"embeddable":true,"href":"https:\/\/bidonsenshakers.nl\/de\/wp-json\/wp\/v2\/media\/918"}],"wp:attachment":[{"href":"https:\/\/bidonsenshakers.nl\/de\/wp-json\/wp\/v2\/media?parent=917"}],"wp:term":[{"taxonomy":"product_brand","embeddable":true,"href":"https:\/\/bidonsenshakers.nl\/de\/wp-json\/wp\/v2\/product_brand?post=917"},{"taxonomy":"product_cat","embeddable":true,"href":"https:\/\/bidonsenshakers.nl\/de\/wp-json\/wp\/v2\/product_cat?post=917"},{"taxonomy":"product_tag","embeddable":true,"href":"https:\/\/bidonsenshakers.nl\/de\/wp-json\/wp\/v2\/product_tag?post=917"}],"curies":[{"name":"wp","href":"https:\/\/api.w.org\/{rel}","templated":true}]}}