{"id":9300,"date":"2026-01-26T14:06:04","date_gmt":"2026-01-26T14:06:04","guid":{"rendered":"https:\/\/bidonsenshakers.shop.hidalgo.nl\/product\/sagaform-ted-isolatie-mok-280ml-lekvrij-en-vaatwasserbestendig\/"},"modified":"2026-02-20T05:48:28","modified_gmt":"2026-02-20T05:48:28","slug":"sagaform-ted-isolatie-mok-280ml-lekvrij-en-vaatwasserbestendig","status":"publish","type":"product","link":"https:\/\/bidonsenshakers.nl\/de\/product\/9300\/thermobecher-bedrucken-sagaform-ted-spuelmaschinenfest-280ml\/","title":{"rendered":"Sagaform Ted isolatie mok, 280ml lekvrij en vaatwasserbestendig"},"content":{"rendered":"<p>Mok Ted van Sagaform is een stijlvolle en functionele reisbeker, ideaal voor iedereen die altijd een warm of koud drankje bij de hand wil hebben. Gemaakt van gerecycled roestvrij staal, is deze mok leverbaar in trendy kleuren en opvallende kleurcombinaties, waaronder goud en zilver. Het dubbelwandige, vacu\u00fcmge\u00efsoleerde ontwerp met een dunne koperlaag zorgt ervoor dat je drank 4 uur warm of 8 uur koud blijft. Met een praktisch oor, een slimme drukknop op het deksel, en 360\u00b0 drinkervaring voelt het alsof je uit een gewone mok drinkt. Vaatwasserbestendig en geleverd in een stijlvolle geschenkdoos, is Ted zowel duurzaam als elegant, perfect voor onderweg. Ontworpen door Studio Sagaform.<\/p>\n","protected":false},"excerpt":{"rendered":"<p>Mok Ted van Sagaform is een stijlvolle en functionele reisbeker, ideaal voor iedereen die altijd een warm of koud drankje bij de hand wil hebben. Gemaakt van gerecycled roestvrij staal, is deze mok leverbaar in trendy kleuren en opvallende kleurcombinaties, waaronder goud en zilver. Het dubbelwandige, vacu\u00fcmge\u00efsoleerde ontwerp met een dunne koperlaag zorgt ervoor dat&hellip; <a class=\"more-link\" href=\"https:\/\/bidonsenshakers.nl\/de\/product\/9300\/thermobecher-bedrucken-sagaform-ted-spuelmaschinenfest-280ml\/\"><span class=\"screen-reader-text\">Sagaform Ted isolatie mok, 280ml lekvrij en vaatwasserbestendig<\/span> weiterlesen<\/a><\/p>\n","protected":false},"featured_media":9301,"template":"","meta":{"_acf_changed":false,"om_disable_all_campaigns":false,"_monsterinsights_skip_tracking":false,"_monsterinsights_sitenote_active":false,"_monsterinsights_sitenote_note":"","_monsterinsights_sitenote_category":0},"product_brand":[504],"product_cat":[202],"product_tag":[],"class_list":{"0":"post-9300","1":"product","2":"type-product","3":"status-publish","4":"has-post-thumbnail","6":"product_supplier-a53","7":"product_brand-hidalgo","8":"product_cat-thermosflessen","9":"entry","11":"first","12":"instock","13":"taxable","14":"shipping-taxable","15":"purchasable","16":"product-type-variable"},"acf":{"imprint_cost":[{"imprint_cost_key":"5b5780747b2cf17740b9161d805bb5c701072663","product_quantity_price_range":[{"imprint_cost_recommended_selling_price":"1.7625","imprint_cost_recommended_selling_quantity":"1"},{"imprint_cost_recommended_selling_price":"1.5","imprint_cost_recommended_selling_quantity":"10"},{"imprint_cost_recommended_selling_price":"1.3425","imprint_cost_recommended_selling_quantity":"25"},{"imprint_cost_recommended_selling_price":"1.1625","imprint_cost_recommended_selling_quantity":"50"},{"imprint_cost_recommended_selling_price":"1.0875","imprint_cost_recommended_selling_quantity":"100"},{"imprint_cost_recommended_selling_price":"1.0425","imprint_cost_recommended_selling_quantity":"250"},{"imprint_cost_recommended_selling_price":"1.005","imprint_cost_recommended_selling_quantity":"500"},{"imprint_cost_recommended_selling_price":"0.96","imprint_cost_recommended_selling_quantity":"1000"},{"imprint_cost_recommended_selling_price":"0.915","imprint_cost_recommended_selling_quantity":"2500"},{"imprint_cost_recommended_selling_price":"0.87","imprint_cost_recommended_selling_quantity":"5000"},{"imprint_cost_recommended_selling_price":"0.8175","imprint_cost_recommended_selling_quantity":"10000"}],"product_quantity_price_range_buying":[{"imprint_cost_general_buying_price":"1.175","imprint_cost_general_buying_quantity":"1"},{"imprint_cost_general_buying_price":"1","imprint_cost_general_buying_quantity":"10"},{"imprint_cost_general_buying_price":"0.895","imprint_cost_general_buying_quantity":"25"},{"imprint_cost_general_buying_price":"0.775","imprint_cost_general_buying_quantity":"50"},{"imprint_cost_general_buying_price":"0.725","imprint_cost_general_buying_quantity":"100"},{"imprint_cost_general_buying_price":"0.695","imprint_cost_general_buying_quantity":"250"},{"imprint_cost_general_buying_price":"0.67","imprint_cost_general_buying_quantity":"500"},{"imprint_cost_general_buying_price":"0.64","imprint_cost_general_buying_quantity":"1000"},{"imprint_cost_general_buying_price":"0.61","imprint_cost_general_buying_quantity":"2500"},{"imprint_cost_general_buying_price":"0.58","imprint_cost_general_buying_quantity":"5000"},{"imprint_cost_general_buying_price":"0.545","imprint_cost_general_buying_quantity":"10000"}],"imprint_cost_setup_costs":"54","imprint_cost_handling_costs":"0.36"},{"imprint_cost_key":"dfa1c85ae110363ef151fffbe65c3374b4935b7d","product_quantity_price_range":[{"imprint_cost_recommended_selling_price":"3.525","imprint_cost_recommended_selling_quantity":"1"},{"imprint_cost_recommended_selling_price":"2.9925","imprint_cost_recommended_selling_quantity":"10"},{"imprint_cost_recommended_selling_price":"2.6775","imprint_cost_recommended_selling_quantity":"25"},{"imprint_cost_recommended_selling_price":"2.3325","imprint_cost_recommended_selling_quantity":"50"},{"imprint_cost_recommended_selling_price":"2.175","imprint_cost_recommended_selling_quantity":"100"},{"imprint_cost_recommended_selling_price":"2.0775","imprint_cost_recommended_selling_quantity":"250"},{"imprint_cost_recommended_selling_price":"2.0175","imprint_cost_recommended_selling_quantity":"500"},{"imprint_cost_recommended_selling_price":"1.92","imprint_cost_recommended_selling_quantity":"1000"},{"imprint_cost_recommended_selling_price":"1.83","imprint_cost_recommended_selling_quantity":"2500"},{"imprint_cost_recommended_selling_price":"1.7325","imprint_cost_recommended_selling_quantity":"5000"},{"imprint_cost_recommended_selling_price":"1.635","imprint_cost_recommended_selling_quantity":"10000"}],"product_quantity_price_range_buying":[{"imprint_cost_general_buying_price":"2.35","imprint_cost_general_buying_quantity":"1"},{"imprint_cost_general_buying_price":"1.995","imprint_cost_general_buying_quantity":"10"},{"imprint_cost_general_buying_price":"1.785","imprint_cost_general_buying_quantity":"25"},{"imprint_cost_general_buying_price":"1.555","imprint_cost_general_buying_quantity":"50"},{"imprint_cost_general_buying_price":"1.45","imprint_cost_general_buying_quantity":"100"},{"imprint_cost_general_buying_price":"1.385","imprint_cost_general_buying_quantity":"250"},{"imprint_cost_general_buying_price":"1.345","imprint_cost_general_buying_quantity":"500"},{"imprint_cost_general_buying_price":"1.28","imprint_cost_general_buying_quantity":"1000"},{"imprint_cost_general_buying_price":"1.22","imprint_cost_general_buying_quantity":"2500"},{"imprint_cost_general_buying_price":"1.155","imprint_cost_general_buying_quantity":"5000"},{"imprint_cost_general_buying_price":"1.09","imprint_cost_general_buying_quantity":"10000"}],"imprint_cost_setup_costs":"54","imprint_cost_handling_costs":"0.36"}]},"aioseo_notices":[],"aioseo_head":"\n\t\t<!-- All in One SEO Pro 4.9.5.2 - aioseo.com -->\n\t<meta name=\"description\" content=\"Entdecke die ideale L\u00f6sung f\u00fcr deinen Kaffeegenuss unterwegs. Diese vakuumisolierte Tasse h\u00e4lt deine Getr\u00e4nke bis zu 8 Stunden kalt und 4 Stunden warm. Perfekt f\u00fcr den Arbeitsweg oder das Homeoffice, mit einer Personalisierungsoption f\u00fcr dein Logo.\" \/>\n\t<meta name=\"robots\" content=\"max-image-preview:large\" \/>\n\t<meta name=\"google-site-verification\" content=\"BBMiYHShnVBoc8v9xoHf0FXMC27otVB0wiWxw_hFRrM\" \/>\n\t<link rel=\"canonical\" href=\"https:\/\/bidonsenshakers.nl\/de\/wp-json\/wp\/v2\/product\/9300\" \/>\n\t<meta name=\"generator\" content=\"All in One SEO Pro (AIOSEO) 4.9.5.2\" \/>\n\t\t<meta property=\"og:locale\" content=\"de_DE\" \/>\n\t\t<meta property=\"og:site_name\" content=\"Trinkflaschen &amp; Shakers - Trinkflaschen &amp; Shakers\" \/>\n\t\t<meta property=\"og:type\" content=\"article\" \/>\n\t\t<meta property=\"og:title\" content=\"Thermobecher bedrucken Sagaform Ted sp\u00fclmaschinenfest 280ml\" \/>\n\t\t<meta property=\"og:description\" content=\"Entdecke die ideale L\u00f6sung f\u00fcr deinen Kaffeegenuss unterwegs. Diese vakuumisolierte Tasse h\u00e4lt deine Getr\u00e4nke bis zu 8 Stunden kalt und 4 Stunden warm. Perfekt f\u00fcr den Arbeitsweg oder das Homeoffice, mit einer Personalisierungsoption f\u00fcr dein Logo.\" \/>\n\t\t<meta property=\"og:url\" content=\"https:\/\/bidonsenshakers.nl\/de\/wp-json\/wp\/v2\/product\/9300\" \/>\n\t\t<meta property=\"og:image\" content=\"https:\/\/shop.hidalgo.nl\/wp-content\/uploads\/2026\/01\/cropped-Logo.png\" \/>\n\t\t<meta property=\"og:image:secure_url\" content=\"https:\/\/shop.hidalgo.nl\/wp-content\/uploads\/2026\/01\/cropped-Logo.png\" \/>\n\t\t<meta property=\"article:published_time\" content=\"2026-01-26T14:06:04+00:00\" \/>\n\t\t<meta property=\"article:modified_time\" content=\"2026-02-20T05:48:28+00:00\" \/>\n\t\t<meta property=\"article:publisher\" content=\"https:\/\/www.facebook.com\/hidalgobagsandmore\/\" \/>\n\t\t<meta name=\"twitter:card\" content=\"summary_large_image\" \/>\n\t\t<meta name=\"twitter:site\" content=\"@Hidalgo_BV\" \/>\n\t\t<meta name=\"twitter:title\" content=\"Thermobecher bedrucken Sagaform Ted sp\u00fclmaschinenfest 280ml\" \/>\n\t\t<meta name=\"twitter:description\" content=\"Entdecke die ideale L\u00f6sung f\u00fcr deinen Kaffeegenuss unterwegs. Diese vakuumisolierte Tasse h\u00e4lt deine Getr\u00e4nke bis zu 8 Stunden kalt und 4 Stunden warm. Perfekt f\u00fcr den Arbeitsweg oder das Homeoffice, mit einer Personalisierungsoption f\u00fcr dein Logo.\" \/>\n\t\t<meta name=\"twitter:image\" content=\"https:\/\/shop.hidalgo.nl\/wp-content\/uploads\/2026\/01\/cropped-Logo.png\" \/>\n\t\t<script type=\"application\/ld+json\" class=\"aioseo-schema\">\n\t\t\t{\"@context\":\"https:\\\/\\\/schema.org\",\"@graph\":[{\"@type\":\"BreadcrumbList\",\"@id\":\"https:\\\/\\\/bidonsenshakers.nl\\\/de\\\/product\\\/9300\\\/thermobecher-bedrucken-sagaform-ted-spuelmaschinenfest-280ml\\\/#breadcrumblist\",\"itemListElement\":[{\"@type\":\"ListItem\",\"@id\":\"https:\\\/\\\/bidonsenshakers.nl\\\/de\\\/#listItem\",\"position\":1,\"name\":\"Home\",\"item\":\"https:\\\/\\\/bidonsenshakers.nl\\\/de\\\/\",\"nextItem\":{\"@type\":\"ListItem\",\"@id\":\"https:\\\/\\\/bidonsenshakers.nl\\\/shop\\\/#listItem\",\"name\":\"Shop\"}},{\"@type\":\"ListItem\",\"@id\":\"https:\\\/\\\/bidonsenshakers.nl\\\/shop\\\/#listItem\",\"position\":2,\"name\":\"Shop\",\"item\":\"https:\\\/\\\/bidonsenshakers.nl\\\/shop\\\/\",\"nextItem\":{\"@type\":\"ListItem\",\"@id\":\"https:\\\/\\\/bidonsenshakers.nl\\\/de\\\/product-supplier\\\/a53\\\/#listItem\",\"name\":\"A53\"},\"previousItem\":{\"@type\":\"ListItem\",\"@id\":\"https:\\\/\\\/bidonsenshakers.nl\\\/de\\\/#listItem\",\"name\":\"Home\"}},{\"@type\":\"ListItem\",\"@id\":\"https:\\\/\\\/bidonsenshakers.nl\\\/de\\\/product-supplier\\\/a53\\\/#listItem\",\"position\":3,\"name\":\"A53\",\"item\":\"https:\\\/\\\/bidonsenshakers.nl\\\/de\\\/product-supplier\\\/a53\\\/\",\"nextItem\":{\"@type\":\"ListItem\",\"@id\":\"https:\\\/\\\/bidonsenshakers.nl\\\/de\\\/product\\\/9300\\\/thermobecher-bedrucken-sagaform-ted-spuelmaschinenfest-280ml\\\/#listItem\",\"name\":\"Sagaform Ted isolatie mok, 280ml lekvrij en vaatwasserbestendig\"},\"previousItem\":{\"@type\":\"ListItem\",\"@id\":\"https:\\\/\\\/bidonsenshakers.nl\\\/shop\\\/#listItem\",\"name\":\"Shop\"}},{\"@type\":\"ListItem\",\"@id\":\"https:\\\/\\\/bidonsenshakers.nl\\\/de\\\/product\\\/9300\\\/thermobecher-bedrucken-sagaform-ted-spuelmaschinenfest-280ml\\\/#listItem\",\"position\":4,\"name\":\"Sagaform Ted isolatie mok, 280ml lekvrij en vaatwasserbestendig\",\"previousItem\":{\"@type\":\"ListItem\",\"@id\":\"https:\\\/\\\/bidonsenshakers.nl\\\/de\\\/product-supplier\\\/a53\\\/#listItem\",\"name\":\"A53\"}}]},{\"@type\":\"Organization\",\"@id\":\"https:\\\/\\\/bidonsenshakers.nl\\\/de\\\/#organization\",\"name\":\"Trinkflaschen & Shakers\",\"description\":\"Trinkflaschen & Shakers\",\"url\":\"https:\\\/\\\/bidonsenshakers.nl\\\/de\\\/\",\"telephone\":\"+31793310133\",\"logo\":{\"@type\":\"ImageObject\",\"url\":\"https:\\\/\\\/shop.hidalgo.nl\\\/wp-content\\\/uploads\\\/2026\\\/01\\\/cropped-Logo.png\",\"@id\":\"https:\\\/\\\/bidonsenshakers.nl\\\/de\\\/product\\\/9300\\\/thermobecher-bedrucken-sagaform-ted-spuelmaschinenfest-280ml\\\/#organizationLogo\",\"width\":600,\"height\":243},\"image\":{\"@id\":\"https:\\\/\\\/bidonsenshakers.nl\\\/de\\\/product\\\/9300\\\/thermobecher-bedrucken-sagaform-ted-spuelmaschinenfest-280ml\\\/#organizationLogo\"},\"sameAs\":[\"https:\\\/\\\/www.facebook.com\\\/hidalgobagsandmore\\\/\",\"https:\\\/\\\/x.com\\\/Hidalgo_BV\\\/status\\\/74021585866067968\",\"https:\\\/\\\/www.instagram.com\\\/hidalgobagsandmore\\\/#\",\"https:\\\/\\\/www.youtube.com\\\/@hidalgobagsandmore\",\"https:\\\/\\\/www.linkedin.com\\\/in\\\/rutgerblommers\\\/\"]},{\"@type\":\"WebPage\",\"@id\":\"https:\\\/\\\/bidonsenshakers.nl\\\/de\\\/product\\\/9300\\\/thermobecher-bedrucken-sagaform-ted-spuelmaschinenfest-280ml\\\/#webpage\",\"url\":\"https:\\\/\\\/bidonsenshakers.nl\\\/de\\\/product\\\/9300\\\/thermobecher-bedrucken-sagaform-ted-spuelmaschinenfest-280ml\\\/\",\"name\":\"Thermobecher bedrucken Sagaform Ted sp\\u00fclmaschinenfest 280ml\",\"description\":\"Entdecke die ideale L\\u00f6sung f\\u00fcr deinen Kaffeegenuss unterwegs. Diese vakuumisolierte Tasse h\\u00e4lt deine Getr\\u00e4nke bis zu 8 Stunden kalt und 4 Stunden warm. Perfekt f\\u00fcr den Arbeitsweg oder das Homeoffice, mit einer Personalisierungsoption f\\u00fcr dein Logo.\",\"inLanguage\":\"de-DE\",\"isPartOf\":{\"@id\":\"https:\\\/\\\/bidonsenshakers.nl\\\/de\\\/#website\"},\"breadcrumb\":{\"@id\":\"https:\\\/\\\/bidonsenshakers.nl\\\/de\\\/product\\\/9300\\\/thermobecher-bedrucken-sagaform-ted-spuelmaschinenfest-280ml\\\/#breadcrumblist\"},\"image\":{\"@type\":\"ImageObject\",\"url\":\"https:\\\/\\\/shop.hidalgo.nl\\\/wp-content\\\/uploads\\\/2025\\\/04\\\/a79923b792c4723e62323b275bdd2f2bcc6f45ea2f06a176c41c65bd43f7032a.jpg\",\"@id\":\"https:\\\/\\\/bidonsenshakers.nl\\\/de\\\/product\\\/9300\\\/thermobecher-bedrucken-sagaform-ted-spuelmaschinenfest-280ml\\\/#mainImage\"},\"primaryImageOfPage\":{\"@id\":\"https:\\\/\\\/bidonsenshakers.nl\\\/de\\\/product\\\/9300\\\/thermobecher-bedrucken-sagaform-ted-spuelmaschinenfest-280ml\\\/#mainImage\"},\"datePublished\":\"2026-01-26T14:06:04+00:00\",\"dateModified\":\"2026-02-20T05:48:28+00:00\"},{\"@type\":\"WebSite\",\"@id\":\"https:\\\/\\\/bidonsenshakers.nl\\\/de\\\/#website\",\"url\":\"https:\\\/\\\/bidonsenshakers.nl\\\/de\\\/\",\"name\":\"Trinkflaschen & Shakers\",\"description\":\"Trinkflaschen & Shakers\",\"inLanguage\":\"de-DE\",\"publisher\":{\"@id\":\"https:\\\/\\\/bidonsenshakers.nl\\\/de\\\/#organization\"}}]}\n\t\t<\/script>\n\t\t<!-- All in One SEO Pro -->\r\n\t\t<title>Thermobecher bedrucken Sagaform Ted sp\u00fclmaschinenfest 280ml<\/title>\n\n","aioseo_head_json":{"title":"Thermobecher bedrucken Sagaform Ted sp\u00fclmaschinenfest 280ml","description":"Entdecke die ideale L\u00f6sung f\u00fcr deinen Kaffeegenuss unterwegs. Diese vakuumisolierte Tasse h\u00e4lt deine Getr\u00e4nke bis zu 8 Stunden kalt und 4 Stunden warm. Perfekt f\u00fcr den Arbeitsweg oder das Homeoffice, mit einer Personalisierungsoption f\u00fcr dein Logo.","canonical_url":"https:\/\/bidonsenshakers.nl\/de\/wp-json\/wp\/v2\/product\/9300","robots":"max-image-preview:large","keywords":"","webmasterTools":{"google-site-verification":"BBMiYHShnVBoc8v9xoHf0FXMC27otVB0wiWxw_hFRrM","miscellaneous":""},"schema":{"@context":"https:\/\/schema.org","@graph":[{"@type":"BreadcrumbList","@id":"https:\/\/bidonsenshakers.nl\/de\/product\/9300\/thermobecher-bedrucken-sagaform-ted-spuelmaschinenfest-280ml\/#breadcrumblist","itemListElement":[{"@type":"ListItem","@id":"https:\/\/bidonsenshakers.nl\/de\/#listItem","position":1,"name":"Home","item":"https:\/\/bidonsenshakers.nl\/de\/","nextItem":{"@type":"ListItem","@id":"https:\/\/bidonsenshakers.nl\/shop\/#listItem","name":"Shop"}},{"@type":"ListItem","@id":"https:\/\/bidonsenshakers.nl\/shop\/#listItem","position":2,"name":"Shop","item":"https:\/\/bidonsenshakers.nl\/shop\/","nextItem":{"@type":"ListItem","@id":"https:\/\/bidonsenshakers.nl\/de\/product-supplier\/a53\/#listItem","name":"A53"},"previousItem":{"@type":"ListItem","@id":"https:\/\/bidonsenshakers.nl\/de\/#listItem","name":"Home"}},{"@type":"ListItem","@id":"https:\/\/bidonsenshakers.nl\/de\/product-supplier\/a53\/#listItem","position":3,"name":"A53","item":"https:\/\/bidonsenshakers.nl\/de\/product-supplier\/a53\/","nextItem":{"@type":"ListItem","@id":"https:\/\/bidonsenshakers.nl\/de\/product\/9300\/thermobecher-bedrucken-sagaform-ted-spuelmaschinenfest-280ml\/#listItem","name":"Sagaform Ted isolatie mok, 280ml lekvrij en vaatwasserbestendig"},"previousItem":{"@type":"ListItem","@id":"https:\/\/bidonsenshakers.nl\/shop\/#listItem","name":"Shop"}},{"@type":"ListItem","@id":"https:\/\/bidonsenshakers.nl\/de\/product\/9300\/thermobecher-bedrucken-sagaform-ted-spuelmaschinenfest-280ml\/#listItem","position":4,"name":"Sagaform Ted isolatie mok, 280ml lekvrij en vaatwasserbestendig","previousItem":{"@type":"ListItem","@id":"https:\/\/bidonsenshakers.nl\/de\/product-supplier\/a53\/#listItem","name":"A53"}}]},{"@type":"Organization","@id":"https:\/\/bidonsenshakers.nl\/de\/#organization","name":"Trinkflaschen & Shakers","description":"Trinkflaschen & Shakers","url":"https:\/\/bidonsenshakers.nl\/de\/","telephone":"+31793310133","logo":{"@type":"ImageObject","url":"https:\/\/shop.hidalgo.nl\/wp-content\/uploads\/2026\/01\/cropped-Logo.png","@id":"https:\/\/bidonsenshakers.nl\/de\/product\/9300\/thermobecher-bedrucken-sagaform-ted-spuelmaschinenfest-280ml\/#organizationLogo","width":600,"height":243},"image":{"@id":"https:\/\/bidonsenshakers.nl\/de\/product\/9300\/thermobecher-bedrucken-sagaform-ted-spuelmaschinenfest-280ml\/#organizationLogo"},"sameAs":["https:\/\/www.facebook.com\/hidalgobagsandmore\/","https:\/\/x.com\/Hidalgo_BV\/status\/74021585866067968","https:\/\/www.instagram.com\/hidalgobagsandmore\/#","https:\/\/www.youtube.com\/@hidalgobagsandmore","https:\/\/www.linkedin.com\/in\/rutgerblommers\/"]},{"@type":"WebPage","@id":"https:\/\/bidonsenshakers.nl\/de\/product\/9300\/thermobecher-bedrucken-sagaform-ted-spuelmaschinenfest-280ml\/#webpage","url":"https:\/\/bidonsenshakers.nl\/de\/product\/9300\/thermobecher-bedrucken-sagaform-ted-spuelmaschinenfest-280ml\/","name":"Thermobecher bedrucken Sagaform Ted sp\u00fclmaschinenfest 280ml","description":"Entdecke die ideale L\u00f6sung f\u00fcr deinen Kaffeegenuss unterwegs. Diese vakuumisolierte Tasse h\u00e4lt deine Getr\u00e4nke bis zu 8 Stunden kalt und 4 Stunden warm. Perfekt f\u00fcr den Arbeitsweg oder das Homeoffice, mit einer Personalisierungsoption f\u00fcr dein Logo.","inLanguage":"de-DE","isPartOf":{"@id":"https:\/\/bidonsenshakers.nl\/de\/#website"},"breadcrumb":{"@id":"https:\/\/bidonsenshakers.nl\/de\/product\/9300\/thermobecher-bedrucken-sagaform-ted-spuelmaschinenfest-280ml\/#breadcrumblist"},"image":{"@type":"ImageObject","url":"https:\/\/shop.hidalgo.nl\/wp-content\/uploads\/2025\/04\/a79923b792c4723e62323b275bdd2f2bcc6f45ea2f06a176c41c65bd43f7032a.jpg","@id":"https:\/\/bidonsenshakers.nl\/de\/product\/9300\/thermobecher-bedrucken-sagaform-ted-spuelmaschinenfest-280ml\/#mainImage"},"primaryImageOfPage":{"@id":"https:\/\/bidonsenshakers.nl\/de\/product\/9300\/thermobecher-bedrucken-sagaform-ted-spuelmaschinenfest-280ml\/#mainImage"},"datePublished":"2026-01-26T14:06:04+00:00","dateModified":"2026-02-20T05:48:28+00:00"},{"@type":"WebSite","@id":"https:\/\/bidonsenshakers.nl\/de\/#website","url":"https:\/\/bidonsenshakers.nl\/de\/","name":"Trinkflaschen & Shakers","description":"Trinkflaschen & Shakers","inLanguage":"de-DE","publisher":{"@id":"https:\/\/bidonsenshakers.nl\/de\/#organization"}}]},"og:locale":"de_DE","og:site_name":"Trinkflaschen &amp; Shakers - Trinkflaschen &amp; Shakers","og:type":"article","og:title":"Thermobecher bedrucken Sagaform Ted sp\u00fclmaschinenfest 280ml","og:description":"Entdecke die ideale L\u00f6sung f\u00fcr deinen Kaffeegenuss unterwegs. Diese vakuumisolierte Tasse h\u00e4lt deine Getr\u00e4nke bis zu 8 Stunden kalt und 4 Stunden warm. Perfekt f\u00fcr den Arbeitsweg oder das Homeoffice, mit einer Personalisierungsoption f\u00fcr dein Logo.","og:url":"https:\/\/bidonsenshakers.nl\/de\/wp-json\/wp\/v2\/product\/9300","og:image":"https:\/\/shop.hidalgo.nl\/wp-content\/uploads\/2026\/01\/cropped-Logo.png","og:image:secure_url":"https:\/\/shop.hidalgo.nl\/wp-content\/uploads\/2026\/01\/cropped-Logo.png","article:published_time":"2026-01-26T14:06:04+00:00","article:modified_time":"2026-02-20T05:48:28+00:00","article:publisher":"https:\/\/www.facebook.com\/hidalgobagsandmore\/","twitter:card":"summary_large_image","twitter:site":"@Hidalgo_BV","twitter:title":"Thermobecher bedrucken Sagaform Ted sp\u00fclmaschinenfest 280ml","twitter:description":"Entdecke die ideale L\u00f6sung f\u00fcr deinen Kaffeegenuss unterwegs. Diese vakuumisolierte Tasse h\u00e4lt deine Getr\u00e4nke bis zu 8 Stunden kalt und 4 Stunden warm. Perfekt f\u00fcr den Arbeitsweg oder das Homeoffice, mit einer Personalisierungsoption f\u00fcr dein Logo.","twitter:image":"https:\/\/shop.hidalgo.nl\/wp-content\/uploads\/2026\/01\/cropped-Logo.png"},"aioseo_meta_data":{"post_id":"9300","title":null,"description":null,"keywords":null,"keyphrases":null,"canonical_url":null,"og_title":null,"og_description":null,"og_object_type":"default","og_image_type":"default","og_image_custom_url":null,"og_image_custom_fields":null,"og_custom_image_width":null,"og_custom_image_height":null,"og_video":null,"og_custom_url":null,"og_article_section":null,"og_article_tags":null,"twitter_use_og":false,"twitter_card":"default","twitter_image_type":"default","twitter_image_custom_url":null,"twitter_image_custom_fields":null,"twitter_title":null,"twitter_description":null,"schema_type":null,"schema_type_options":null,"pillar_content":false,"robots_default":true,"robots_noindex":false,"robots_noarchive":false,"robots_nosnippet":false,"robots_nofollow":false,"robots_noimageindex":false,"robots_noodp":false,"robots_notranslate":false,"robots_max_snippet":null,"robots_max_videopreview":null,"robots_max_imagepreview":"none","tabs":null,"priority":null,"frequency":null,"local_seo":null,"created":"2026-01-26 14:08:44","updated":"2026-02-20 06:44:37"},"aioseo_breadcrumb":"<div class=\"aioseo-breadcrumbs\"><span class=\"aioseo-breadcrumb\">\n\t<a href=\"https:\/\/bidonsenshakers.nl\/de\/\" title=\"Home\">Home<\/a>\n<\/span><span class=\"aioseo-breadcrumb-separator\">\u00bb<\/span><span class=\"aioseo-breadcrumb\">\n\t<a href=\"https:\/\/bidonsenshakers.nl\/shop\/\" title=\"Shop\">Shop<\/a>\n<\/span><span class=\"aioseo-breadcrumb-separator\">\u00bb<\/span><span class=\"aioseo-breadcrumb\">\n\t<a href=\"https:\/\/bidonsenshakers.nl\/de\/product-supplier\/a53\/\" title=\"A53\">A53<\/a>\n<\/span><span class=\"aioseo-breadcrumb-separator\">\u00bb<\/span><span class=\"aioseo-breadcrumb\">\n\tSagaform Ted isolatie mok, 280ml lekvrij en vaatwasserbestendig\n<\/span><\/div>","aioseo_breadcrumb_json":[{"label":"Home","link":"https:\/\/bidonsenshakers.nl\/de\/"},{"label":"Shop","link":"https:\/\/bidonsenshakers.nl\/shop\/"},{"label":"A53","link":"https:\/\/bidonsenshakers.nl\/de\/product-supplier\/a53\/"},{"label":"Sagaform Ted isolatie mok, 280ml lekvrij en vaatwasserbestendig","link":"https:\/\/bidonsenshakers.nl\/de\/product\/9300\/thermobecher-bedrucken-sagaform-ted-spuelmaschinenfest-280ml\/"}],"_links":{"self":[{"href":"https:\/\/bidonsenshakers.nl\/de\/wp-json\/wp\/v2\/product\/9300","targetHints":{"allow":["GET"]}}],"collection":[{"href":"https:\/\/bidonsenshakers.nl\/de\/wp-json\/wp\/v2\/product"}],"about":[{"href":"https:\/\/bidonsenshakers.nl\/de\/wp-json\/wp\/v2\/types\/product"}],"wp:featuredmedia":[{"embeddable":true,"href":"https:\/\/bidonsenshakers.nl\/de\/wp-json\/wp\/v2\/media\/9301"}],"wp:attachment":[{"href":"https:\/\/bidonsenshakers.nl\/de\/wp-json\/wp\/v2\/media?parent=9300"}],"wp:term":[{"taxonomy":"product_brand","embeddable":true,"href":"https:\/\/bidonsenshakers.nl\/de\/wp-json\/wp\/v2\/product_brand?post=9300"},{"taxonomy":"product_cat","embeddable":true,"href":"https:\/\/bidonsenshakers.nl\/de\/wp-json\/wp\/v2\/product_cat?post=9300"},{"taxonomy":"product_tag","embeddable":true,"href":"https:\/\/bidonsenshakers.nl\/de\/wp-json\/wp\/v2\/product_tag?post=9300"}],"curies":[{"name":"wp","href":"https:\/\/api.w.org\/{rel}","templated":true}]}}