{"id":9499,"date":"2026-01-26T14:10:31","date_gmt":"2026-01-26T14:10:31","guid":{"rendered":"https:\/\/bidonsenshakers.shop.hidalgo.nl\/product\/circulcup-lid-200-ml\/"},"modified":"2026-02-17T11:55:56","modified_gmt":"2026-02-17T11:55:56","slug":"circulcup-lid-200-ml","status":"publish","type":"product","link":"https:\/\/bidonsenshakers.nl\/de\/product\/9499\/mehrwegbecher-mit-logo-200-ml-stapelbar-circulcup-drucken\/","title":{"rendered":"CirculCup Lid 200 ml"},"content":{"rendered":"<p>Herbruikbare, stapelbare beker met deksel van het merk Circulware. Deze beker is gemaakt van hoogwaardig kunststof en kan tot wel 500 keer gebruikt worden. Het stapelbare deksel is gemaakt van 100% recyclebaar plastic en sluit perfect af. Daarmee is dit een ideale on-the-go beker. Geschikt voor een warme koffie of een verfrissend drankje. Een prima alternatief voor de wegwerpkoffiebeker. De beker is licht in gewicht, gemakkelijk te reinigen en stapelbaar, dus ruimtebesparend. Food Approved. Vaatwasserbestendig en magnetronbestendig. 100% recyclebaar. Hiermee draagt deze beker bij aan een circulaire economie. Dutch Design. Made in Holland. Inhoud 200 ml.<\/p>\n","protected":false},"excerpt":{"rendered":"<p>Herbruikbare, stapelbare beker met deksel van het merk Circulware. Deze beker is gemaakt van hoogwaardig kunststof en kan tot wel 500 keer gebruikt worden. Het stapelbare deksel is gemaakt van 100% recyclebaar plastic en sluit perfect af. Daarmee is dit een ideale on-the-go beker. Geschikt voor een warme koffie of een verfrissend drankje. Een prima&hellip; <a class=\"more-link\" href=\"https:\/\/bidonsenshakers.nl\/de\/product\/9499\/mehrwegbecher-mit-logo-200-ml-stapelbar-circulcup-drucken\/\"><span class=\"screen-reader-text\">CirculCup Lid 200 ml<\/span> weiterlesen<\/a><\/p>\n","protected":false},"featured_media":9500,"template":"","meta":{"_acf_changed":false,"om_disable_all_campaigns":false,"_monsterinsights_skip_tracking":false,"_monsterinsights_sitenote_active":false,"_monsterinsights_sitenote_note":"","_monsterinsights_sitenote_category":0},"product_brand":[160],"product_cat":[393,360],"product_tag":[],"class_list":{"0":"post-9499","1":"product","2":"type-product","3":"status-publish","4":"has-post-thumbnail","6":"product_supplier-a24","7":"product_material-pp-plastic","8":"product_brand-circulware","9":"product_cat-bekers","10":"product_cat-bio","11":"entry","13":"first","14":"instock","15":"taxable","16":"shipping-taxable","17":"purchasable","18":"product-type-variable"},"acf":{"imprint_cost":[{"imprint_cost_key":"df5c2cc481705512049ce4169c78d11fcbde05b4","product_quantity_price_range":[{"imprint_cost_recommended_selling_price":"2.385","imprint_cost_recommended_selling_quantity":"1"},{"imprint_cost_recommended_selling_price":"1.275","imprint_cost_recommended_selling_quantity":"25"},{"imprint_cost_recommended_selling_price":"0.81","imprint_cost_recommended_selling_quantity":"50"},{"imprint_cost_recommended_selling_price":"0.51","imprint_cost_recommended_selling_quantity":"100"},{"imprint_cost_recommended_selling_price":"0.42","imprint_cost_recommended_selling_quantity":"250"},{"imprint_cost_recommended_selling_price":"0.36","imprint_cost_recommended_selling_quantity":"500"},{"imprint_cost_recommended_selling_price":"0.3","imprint_cost_recommended_selling_quantity":"1000"},{"imprint_cost_recommended_selling_price":"0.255","imprint_cost_recommended_selling_quantity":"2500"},{"imprint_cost_recommended_selling_price":"0.225","imprint_cost_recommended_selling_quantity":"5000"}],"product_quantity_price_range_buying":[{"imprint_cost_general_buying_price":"1.59","imprint_cost_general_buying_quantity":"1"},{"imprint_cost_general_buying_price":"0.85","imprint_cost_general_buying_quantity":"25"},{"imprint_cost_general_buying_price":"0.54","imprint_cost_general_buying_quantity":"50"},{"imprint_cost_general_buying_price":"0.34","imprint_cost_general_buying_quantity":"100"},{"imprint_cost_general_buying_price":"0.28","imprint_cost_general_buying_quantity":"250"},{"imprint_cost_general_buying_price":"0.24","imprint_cost_general_buying_quantity":"500"},{"imprint_cost_general_buying_price":"0.2","imprint_cost_general_buying_quantity":"1000"},{"imprint_cost_general_buying_price":"0.17","imprint_cost_general_buying_quantity":"2500"},{"imprint_cost_general_buying_price":"0.15","imprint_cost_general_buying_quantity":"5000"}],"imprint_cost_setup_costs":"26.25","imprint_cost_handling_costs":"0"}]},"aioseo_notices":[],"aioseo_head":"\n\t\t<!-- All in One SEO Pro 4.9.6.2 - aioseo.com -->\n\t<meta name=\"description\" content=\"Erlebe nachhaltigen Genuss mit diesem umweltfreundlichen Trinkbecher, ideal f\u00fcr hei\u00dfe &amp; kalte Getr\u00e4nke. Perfekt f\u00fcr den modernen Coffee-to-go-Enthusiasten, kannst du ihn mit deinem eigenen Logo personalisieren. Langlebig, vielseitig und einfach tragbar - die optimale Wahl f\u00fcr unterwegs.\" \/>\n\t<meta name=\"robots\" content=\"max-image-preview:large\" \/>\n\t<meta name=\"google-site-verification\" content=\"BBMiYHShnVBoc8v9xoHf0FXMC27otVB0wiWxw_hFRrM\" \/>\n\t<link rel=\"canonical\" href=\"https:\/\/bidonsenshakers.nl\/de\/wp-json\/wp\/v2\/product\/9499\" \/>\n\t<meta name=\"generator\" content=\"All in One SEO Pro (AIOSEO) 4.9.6.2\" \/>\n\t\t<meta property=\"og:locale\" content=\"de_DE\" \/>\n\t\t<meta property=\"og:site_name\" content=\"Trinkflaschen &amp; Shakers - Trinkflaschen &amp; Shakers\" \/>\n\t\t<meta property=\"og:type\" content=\"article\" \/>\n\t\t<meta property=\"og:title\" content=\"Mehrwegbecher mit Logo 200 ml stapelbar CirculCup drucken\" \/>\n\t\t<meta property=\"og:description\" content=\"Erlebe nachhaltigen Genuss mit diesem umweltfreundlichen Trinkbecher, ideal f\u00fcr hei\u00dfe &amp; kalte Getr\u00e4nke. Perfekt f\u00fcr den modernen Coffee-to-go-Enthusiasten, kannst du ihn mit deinem eigenen Logo personalisieren. Langlebig, vielseitig und einfach tragbar - die optimale Wahl f\u00fcr unterwegs.\" \/>\n\t\t<meta property=\"og:url\" content=\"https:\/\/bidonsenshakers.nl\/de\/wp-json\/wp\/v2\/product\/9499\" \/>\n\t\t<meta property=\"og:image\" content=\"https:\/\/shop.hidalgo.nl\/wp-content\/uploads\/2026\/01\/cropped-Logo.png\" \/>\n\t\t<meta property=\"og:image:secure_url\" content=\"https:\/\/shop.hidalgo.nl\/wp-content\/uploads\/2026\/01\/cropped-Logo.png\" \/>\n\t\t<meta property=\"article:published_time\" content=\"2026-01-26T14:10:31+00:00\" \/>\n\t\t<meta property=\"article:modified_time\" content=\"2026-02-17T11:55:56+00:00\" \/>\n\t\t<meta property=\"article:publisher\" content=\"https:\/\/www.facebook.com\/hidalgobagsandmore\/\" \/>\n\t\t<meta name=\"twitter:card\" content=\"summary_large_image\" \/>\n\t\t<meta name=\"twitter:site\" content=\"@Hidalgo_BV\" \/>\n\t\t<meta name=\"twitter:title\" content=\"Mehrwegbecher mit Logo 200 ml stapelbar CirculCup drucken\" \/>\n\t\t<meta name=\"twitter:description\" content=\"Erlebe nachhaltigen Genuss mit diesem umweltfreundlichen Trinkbecher, ideal f\u00fcr hei\u00dfe &amp; kalte Getr\u00e4nke. Perfekt f\u00fcr den modernen Coffee-to-go-Enthusiasten, kannst du ihn mit deinem eigenen Logo personalisieren. Langlebig, vielseitig und einfach tragbar - die optimale Wahl f\u00fcr unterwegs.\" \/>\n\t\t<meta name=\"twitter:image\" content=\"https:\/\/shop.hidalgo.nl\/wp-content\/uploads\/2026\/01\/cropped-Logo.png\" \/>\n\t\t<script type=\"application\/ld+json\" class=\"aioseo-schema\">\n\t\t\t{\"@context\":\"https:\\\/\\\/schema.org\",\"@graph\":[{\"@type\":\"BreadcrumbList\",\"@id\":\"https:\\\/\\\/bidonsenshakers.nl\\\/de\\\/product\\\/9499\\\/mehrwegbecher-mit-logo-200-ml-stapelbar-circulcup-drucken\\\/#breadcrumblist\",\"itemListElement\":[{\"@type\":\"ListItem\",\"@id\":\"https:\\\/\\\/bidonsenshakers.nl\\\/de\\\/#listItem\",\"position\":1,\"name\":\"Home\",\"item\":\"https:\\\/\\\/bidonsenshakers.nl\\\/de\\\/\",\"nextItem\":{\"@type\":\"ListItem\",\"@id\":\"https:\\\/\\\/bidonsenshakers.nl\\\/shop\\\/#listItem\",\"name\":\"Shop\"}},{\"@type\":\"ListItem\",\"@id\":\"https:\\\/\\\/bidonsenshakers.nl\\\/shop\\\/#listItem\",\"position\":2,\"name\":\"Shop\",\"item\":\"https:\\\/\\\/bidonsenshakers.nl\\\/shop\\\/\",\"nextItem\":{\"@type\":\"ListItem\",\"@id\":\"https:\\\/\\\/bidonsenshakers.nl\\\/de\\\/product-supplier\\\/a24\\\/#listItem\",\"name\":\"A24\"},\"previousItem\":{\"@type\":\"ListItem\",\"@id\":\"https:\\\/\\\/bidonsenshakers.nl\\\/de\\\/#listItem\",\"name\":\"Home\"}},{\"@type\":\"ListItem\",\"@id\":\"https:\\\/\\\/bidonsenshakers.nl\\\/de\\\/product-supplier\\\/a24\\\/#listItem\",\"position\":3,\"name\":\"A24\",\"item\":\"https:\\\/\\\/bidonsenshakers.nl\\\/de\\\/product-supplier\\\/a24\\\/\",\"nextItem\":{\"@type\":\"ListItem\",\"@id\":\"https:\\\/\\\/bidonsenshakers.nl\\\/de\\\/product\\\/9499\\\/mehrwegbecher-mit-logo-200-ml-stapelbar-circulcup-drucken\\\/#listItem\",\"name\":\"CirculCup Lid 200 ml\"},\"previousItem\":{\"@type\":\"ListItem\",\"@id\":\"https:\\\/\\\/bidonsenshakers.nl\\\/shop\\\/#listItem\",\"name\":\"Shop\"}},{\"@type\":\"ListItem\",\"@id\":\"https:\\\/\\\/bidonsenshakers.nl\\\/de\\\/product\\\/9499\\\/mehrwegbecher-mit-logo-200-ml-stapelbar-circulcup-drucken\\\/#listItem\",\"position\":4,\"name\":\"CirculCup Lid 200 ml\",\"previousItem\":{\"@type\":\"ListItem\",\"@id\":\"https:\\\/\\\/bidonsenshakers.nl\\\/de\\\/product-supplier\\\/a24\\\/#listItem\",\"name\":\"A24\"}}]},{\"@type\":\"Organization\",\"@id\":\"https:\\\/\\\/bidonsenshakers.nl\\\/de\\\/#organization\",\"name\":\"Trinkflaschen & Shakers\",\"description\":\"Trinkflaschen & Shakers\",\"url\":\"https:\\\/\\\/bidonsenshakers.nl\\\/de\\\/\",\"telephone\":\"+31793310133\",\"logo\":{\"@type\":\"ImageObject\",\"url\":\"https:\\\/\\\/shop.hidalgo.nl\\\/wp-content\\\/uploads\\\/2026\\\/01\\\/cropped-Logo.png\",\"@id\":\"https:\\\/\\\/bidonsenshakers.nl\\\/de\\\/product\\\/9499\\\/mehrwegbecher-mit-logo-200-ml-stapelbar-circulcup-drucken\\\/#organizationLogo\",\"width\":600,\"height\":243},\"image\":{\"@id\":\"https:\\\/\\\/bidonsenshakers.nl\\\/de\\\/product\\\/9499\\\/mehrwegbecher-mit-logo-200-ml-stapelbar-circulcup-drucken\\\/#organizationLogo\"},\"sameAs\":[\"https:\\\/\\\/www.facebook.com\\\/hidalgobagsandmore\\\/\",\"https:\\\/\\\/x.com\\\/Hidalgo_BV\\\/status\\\/74021585866067968\",\"https:\\\/\\\/www.instagram.com\\\/hidalgobagsandmore\\\/#\",\"https:\\\/\\\/www.youtube.com\\\/@hidalgobagsandmore\",\"https:\\\/\\\/www.linkedin.com\\\/in\\\/rutgerblommers\\\/\"]},{\"@type\":\"WebPage\",\"@id\":\"https:\\\/\\\/bidonsenshakers.nl\\\/de\\\/product\\\/9499\\\/mehrwegbecher-mit-logo-200-ml-stapelbar-circulcup-drucken\\\/#webpage\",\"url\":\"https:\\\/\\\/bidonsenshakers.nl\\\/de\\\/product\\\/9499\\\/mehrwegbecher-mit-logo-200-ml-stapelbar-circulcup-drucken\\\/\",\"name\":\"Mehrwegbecher mit Logo 200 ml stapelbar CirculCup drucken\",\"description\":\"Erlebe nachhaltigen Genuss mit diesem umweltfreundlichen Trinkbecher, ideal f\\u00fcr hei\\u00dfe & kalte Getr\\u00e4nke. Perfekt f\\u00fcr den modernen Coffee-to-go-Enthusiasten, kannst du ihn mit deinem eigenen Logo personalisieren. Langlebig, vielseitig und einfach tragbar - die optimale Wahl f\\u00fcr unterwegs.\",\"inLanguage\":\"de-DE\",\"isPartOf\":{\"@id\":\"https:\\\/\\\/bidonsenshakers.nl\\\/de\\\/#website\"},\"breadcrumb\":{\"@id\":\"https:\\\/\\\/bidonsenshakers.nl\\\/de\\\/product\\\/9499\\\/mehrwegbecher-mit-logo-200-ml-stapelbar-circulcup-drucken\\\/#breadcrumblist\"},\"image\":{\"@type\":\"ImageObject\",\"url\":\"https:\\\/\\\/shop.hidalgo.nl\\\/wp-content\\\/uploads\\\/2025\\\/03\\\/e60626c9085d1116b6081f59166806425f83d62d70c0e0a6d792cd6da209fee8.jpg\",\"@id\":\"https:\\\/\\\/bidonsenshakers.nl\\\/de\\\/product\\\/9499\\\/mehrwegbecher-mit-logo-200-ml-stapelbar-circulcup-drucken\\\/#mainImage\"},\"primaryImageOfPage\":{\"@id\":\"https:\\\/\\\/bidonsenshakers.nl\\\/de\\\/product\\\/9499\\\/mehrwegbecher-mit-logo-200-ml-stapelbar-circulcup-drucken\\\/#mainImage\"},\"datePublished\":\"2026-01-26T14:10:31+00:00\",\"dateModified\":\"2026-02-17T11:55:56+00:00\"},{\"@type\":\"WebSite\",\"@id\":\"https:\\\/\\\/bidonsenshakers.nl\\\/de\\\/#website\",\"url\":\"https:\\\/\\\/bidonsenshakers.nl\\\/de\\\/\",\"name\":\"Trinkflaschen & Shakers\",\"description\":\"Trinkflaschen & Shakers\",\"inLanguage\":\"de-DE\",\"publisher\":{\"@id\":\"https:\\\/\\\/bidonsenshakers.nl\\\/de\\\/#organization\"}}]}\n\t\t<\/script>\n\t\t<!-- All in One SEO Pro -->\r\n\t\t<title>Mehrwegbecher mit Logo 200 ml stapelbar CirculCup drucken<\/title>\n\n","aioseo_head_json":{"title":"Mehrwegbecher mit Logo 200 ml stapelbar CirculCup drucken","description":"Erlebe nachhaltigen Genuss mit diesem umweltfreundlichen Trinkbecher, ideal f\u00fcr hei\u00dfe & kalte Getr\u00e4nke. Perfekt f\u00fcr den modernen Coffee-to-go-Enthusiasten, kannst du ihn mit deinem eigenen Logo personalisieren. Langlebig, vielseitig und einfach tragbar - die optimale Wahl f\u00fcr unterwegs.","canonical_url":"https:\/\/bidonsenshakers.nl\/de\/wp-json\/wp\/v2\/product\/9499","robots":"max-image-preview:large","keywords":"","webmasterTools":{"google-site-verification":"BBMiYHShnVBoc8v9xoHf0FXMC27otVB0wiWxw_hFRrM","miscellaneous":""},"schema":{"@context":"https:\/\/schema.org","@graph":[{"@type":"BreadcrumbList","@id":"https:\/\/bidonsenshakers.nl\/de\/product\/9499\/mehrwegbecher-mit-logo-200-ml-stapelbar-circulcup-drucken\/#breadcrumblist","itemListElement":[{"@type":"ListItem","@id":"https:\/\/bidonsenshakers.nl\/de\/#listItem","position":1,"name":"Home","item":"https:\/\/bidonsenshakers.nl\/de\/","nextItem":{"@type":"ListItem","@id":"https:\/\/bidonsenshakers.nl\/shop\/#listItem","name":"Shop"}},{"@type":"ListItem","@id":"https:\/\/bidonsenshakers.nl\/shop\/#listItem","position":2,"name":"Shop","item":"https:\/\/bidonsenshakers.nl\/shop\/","nextItem":{"@type":"ListItem","@id":"https:\/\/bidonsenshakers.nl\/de\/product-supplier\/a24\/#listItem","name":"A24"},"previousItem":{"@type":"ListItem","@id":"https:\/\/bidonsenshakers.nl\/de\/#listItem","name":"Home"}},{"@type":"ListItem","@id":"https:\/\/bidonsenshakers.nl\/de\/product-supplier\/a24\/#listItem","position":3,"name":"A24","item":"https:\/\/bidonsenshakers.nl\/de\/product-supplier\/a24\/","nextItem":{"@type":"ListItem","@id":"https:\/\/bidonsenshakers.nl\/de\/product\/9499\/mehrwegbecher-mit-logo-200-ml-stapelbar-circulcup-drucken\/#listItem","name":"CirculCup Lid 200 ml"},"previousItem":{"@type":"ListItem","@id":"https:\/\/bidonsenshakers.nl\/shop\/#listItem","name":"Shop"}},{"@type":"ListItem","@id":"https:\/\/bidonsenshakers.nl\/de\/product\/9499\/mehrwegbecher-mit-logo-200-ml-stapelbar-circulcup-drucken\/#listItem","position":4,"name":"CirculCup Lid 200 ml","previousItem":{"@type":"ListItem","@id":"https:\/\/bidonsenshakers.nl\/de\/product-supplier\/a24\/#listItem","name":"A24"}}]},{"@type":"Organization","@id":"https:\/\/bidonsenshakers.nl\/de\/#organization","name":"Trinkflaschen & Shakers","description":"Trinkflaschen & Shakers","url":"https:\/\/bidonsenshakers.nl\/de\/","telephone":"+31793310133","logo":{"@type":"ImageObject","url":"https:\/\/shop.hidalgo.nl\/wp-content\/uploads\/2026\/01\/cropped-Logo.png","@id":"https:\/\/bidonsenshakers.nl\/de\/product\/9499\/mehrwegbecher-mit-logo-200-ml-stapelbar-circulcup-drucken\/#organizationLogo","width":600,"height":243},"image":{"@id":"https:\/\/bidonsenshakers.nl\/de\/product\/9499\/mehrwegbecher-mit-logo-200-ml-stapelbar-circulcup-drucken\/#organizationLogo"},"sameAs":["https:\/\/www.facebook.com\/hidalgobagsandmore\/","https:\/\/x.com\/Hidalgo_BV\/status\/74021585866067968","https:\/\/www.instagram.com\/hidalgobagsandmore\/#","https:\/\/www.youtube.com\/@hidalgobagsandmore","https:\/\/www.linkedin.com\/in\/rutgerblommers\/"]},{"@type":"WebPage","@id":"https:\/\/bidonsenshakers.nl\/de\/product\/9499\/mehrwegbecher-mit-logo-200-ml-stapelbar-circulcup-drucken\/#webpage","url":"https:\/\/bidonsenshakers.nl\/de\/product\/9499\/mehrwegbecher-mit-logo-200-ml-stapelbar-circulcup-drucken\/","name":"Mehrwegbecher mit Logo 200 ml stapelbar CirculCup drucken","description":"Erlebe nachhaltigen Genuss mit diesem umweltfreundlichen Trinkbecher, ideal f\u00fcr hei\u00dfe & kalte Getr\u00e4nke. Perfekt f\u00fcr den modernen Coffee-to-go-Enthusiasten, kannst du ihn mit deinem eigenen Logo personalisieren. Langlebig, vielseitig und einfach tragbar - die optimale Wahl f\u00fcr unterwegs.","inLanguage":"de-DE","isPartOf":{"@id":"https:\/\/bidonsenshakers.nl\/de\/#website"},"breadcrumb":{"@id":"https:\/\/bidonsenshakers.nl\/de\/product\/9499\/mehrwegbecher-mit-logo-200-ml-stapelbar-circulcup-drucken\/#breadcrumblist"},"image":{"@type":"ImageObject","url":"https:\/\/shop.hidalgo.nl\/wp-content\/uploads\/2025\/03\/e60626c9085d1116b6081f59166806425f83d62d70c0e0a6d792cd6da209fee8.jpg","@id":"https:\/\/bidonsenshakers.nl\/de\/product\/9499\/mehrwegbecher-mit-logo-200-ml-stapelbar-circulcup-drucken\/#mainImage"},"primaryImageOfPage":{"@id":"https:\/\/bidonsenshakers.nl\/de\/product\/9499\/mehrwegbecher-mit-logo-200-ml-stapelbar-circulcup-drucken\/#mainImage"},"datePublished":"2026-01-26T14:10:31+00:00","dateModified":"2026-02-17T11:55:56+00:00"},{"@type":"WebSite","@id":"https:\/\/bidonsenshakers.nl\/de\/#website","url":"https:\/\/bidonsenshakers.nl\/de\/","name":"Trinkflaschen & Shakers","description":"Trinkflaschen & Shakers","inLanguage":"de-DE","publisher":{"@id":"https:\/\/bidonsenshakers.nl\/de\/#organization"}}]},"og:locale":"de_DE","og:site_name":"Trinkflaschen &amp; Shakers - Trinkflaschen &amp; Shakers","og:type":"article","og:title":"Mehrwegbecher mit Logo 200 ml stapelbar CirculCup drucken","og:description":"Erlebe nachhaltigen Genuss mit diesem umweltfreundlichen Trinkbecher, ideal f\u00fcr hei\u00dfe &amp; kalte Getr\u00e4nke. Perfekt f\u00fcr den modernen Coffee-to-go-Enthusiasten, kannst du ihn mit deinem eigenen Logo personalisieren. Langlebig, vielseitig und einfach tragbar - die optimale Wahl f\u00fcr unterwegs.","og:url":"https:\/\/bidonsenshakers.nl\/de\/wp-json\/wp\/v2\/product\/9499","og:image":"https:\/\/shop.hidalgo.nl\/wp-content\/uploads\/2026\/01\/cropped-Logo.png","og:image:secure_url":"https:\/\/shop.hidalgo.nl\/wp-content\/uploads\/2026\/01\/cropped-Logo.png","article:published_time":"2026-01-26T14:10:31+00:00","article:modified_time":"2026-02-17T11:55:56+00:00","article:publisher":"https:\/\/www.facebook.com\/hidalgobagsandmore\/","twitter:card":"summary_large_image","twitter:site":"@Hidalgo_BV","twitter:title":"Mehrwegbecher mit Logo 200 ml stapelbar CirculCup drucken","twitter:description":"Erlebe nachhaltigen Genuss mit diesem umweltfreundlichen Trinkbecher, ideal f\u00fcr hei\u00dfe &amp; kalte Getr\u00e4nke. Perfekt f\u00fcr den modernen Coffee-to-go-Enthusiasten, kannst du ihn mit deinem eigenen Logo personalisieren. Langlebig, vielseitig und einfach tragbar - die optimale Wahl f\u00fcr unterwegs.","twitter:image":"https:\/\/shop.hidalgo.nl\/wp-content\/uploads\/2026\/01\/cropped-Logo.png"},"aioseo_meta_data":{"post_id":"9499","title":null,"description":null,"keywords":null,"keyphrases":null,"canonical_url":null,"og_title":null,"og_description":null,"og_object_type":"default","og_image_type":"default","og_image_custom_url":null,"og_image_custom_fields":null,"og_custom_image_width":null,"og_custom_image_height":null,"og_video":null,"og_custom_url":null,"og_article_section":null,"og_article_tags":null,"twitter_use_og":false,"twitter_card":"default","twitter_image_type":"default","twitter_image_custom_url":null,"twitter_image_custom_fields":null,"twitter_title":null,"twitter_description":null,"schema_type":null,"schema_type_options":null,"pillar_content":false,"robots_default":true,"robots_noindex":false,"robots_noarchive":false,"robots_nosnippet":false,"robots_nofollow":false,"robots_noimageindex":false,"robots_noodp":false,"robots_notranslate":false,"robots_max_snippet":null,"robots_max_videopreview":null,"robots_max_imagepreview":"none","tabs":null,"priority":null,"frequency":null,"local_seo":null,"created":"2026-01-26 14:12:46","updated":"2026-02-18 14:42:12"},"aioseo_breadcrumb":"<div class=\"aioseo-breadcrumbs\"><span class=\"aioseo-breadcrumb\">\n\t<a href=\"https:\/\/bidonsenshakers.nl\/de\/\" title=\"Home\">Home<\/a>\n<\/span><span class=\"aioseo-breadcrumb-separator\">\u00bb<\/span><span class=\"aioseo-breadcrumb\">\n\t<a href=\"https:\/\/bidonsenshakers.nl\/shop\/\" title=\"Shop\">Shop<\/a>\n<\/span><span class=\"aioseo-breadcrumb-separator\">\u00bb<\/span><span class=\"aioseo-breadcrumb\">\n\t<a href=\"https:\/\/bidonsenshakers.nl\/de\/product-supplier\/a24\/\" title=\"A24\">A24<\/a>\n<\/span><span class=\"aioseo-breadcrumb-separator\">\u00bb<\/span><span class=\"aioseo-breadcrumb\">\n\tCirculCup Lid 200 ml\n<\/span><\/div>","aioseo_breadcrumb_json":[{"label":"Home","link":"https:\/\/bidonsenshakers.nl\/de\/"},{"label":"Shop","link":"https:\/\/bidonsenshakers.nl\/shop\/"},{"label":"A24","link":"https:\/\/bidonsenshakers.nl\/de\/product-supplier\/a24\/"},{"label":"CirculCup Lid 200 ml","link":"https:\/\/bidonsenshakers.nl\/de\/product\/9499\/mehrwegbecher-mit-logo-200-ml-stapelbar-circulcup-drucken\/"}],"_links":{"self":[{"href":"https:\/\/bidonsenshakers.nl\/de\/wp-json\/wp\/v2\/product\/9499","targetHints":{"allow":["GET"]}}],"collection":[{"href":"https:\/\/bidonsenshakers.nl\/de\/wp-json\/wp\/v2\/product"}],"about":[{"href":"https:\/\/bidonsenshakers.nl\/de\/wp-json\/wp\/v2\/types\/product"}],"wp:featuredmedia":[{"embeddable":true,"href":"https:\/\/bidonsenshakers.nl\/de\/wp-json\/wp\/v2\/media\/9500"}],"wp:attachment":[{"href":"https:\/\/bidonsenshakers.nl\/de\/wp-json\/wp\/v2\/media?parent=9499"}],"wp:term":[{"taxonomy":"product_brand","embeddable":true,"href":"https:\/\/bidonsenshakers.nl\/de\/wp-json\/wp\/v2\/product_brand?post=9499"},{"taxonomy":"product_cat","embeddable":true,"href":"https:\/\/bidonsenshakers.nl\/de\/wp-json\/wp\/v2\/product_cat?post=9499"},{"taxonomy":"product_tag","embeddable":true,"href":"https:\/\/bidonsenshakers.nl\/de\/wp-json\/wp\/v2\/product_tag?post=9499"}],"curies":[{"name":"wp","href":"https:\/\/api.w.org\/{rel}","templated":true}]}}